{"id":10426,"date":"2024-01-25T15:58:25","date_gmt":"2024-01-25T14:58:25","guid":{"rendered":"https:\/\/mirabel-renaudiere.com\/?page_id=10426"},"modified":"2026-02-09T14:42:39","modified_gmt":"2026-02-09T13:42:39","slug":"wochenende-zu-zweit-in-pornic","status":"publish","type":"page","link":"https:\/\/mirabel-renaudiere.com\/de\/les-experiences\/week-end-en-amoureux-a-pornic","title":{"rendered":"Ein romantisches Wochenende am Meer"},"content":{"rendered":"<h1 class=\"wp-block-heading\">Ein romantisches Wochenende am Meer<\/h1>\n\n\n\n<h2 class=\"wp-block-heading\">Tr\u00e4umen Sie von einem Ausflug zu zweit in die Loire Atlantique in Meern\u00e4he? <\/h2>\n\n\n\n<p>G\u00f6nnen Sie sich einen romantischen Aufenthalt in La Plaine-sur-Mer, auf der Spitze Saint-Gildas gelegen, mit \u00fcber 10 Str\u00e4nden und einigen geheimen Buchten. Dies ist die Gelegenheit f\u00fcr ein Wochenende zu zweit, nur wenige Minuten von den Str\u00e4nden und Pornic entfernt.<\/p>\n\n\n\n<div class=\"wp-block-media-text has-media-on-the-right is-stacked-on-mobile\"><div class=\"wp-block-media-text__content\">\n<h2 class=\"wp-block-heading\"><strong>Romantisches Wochenende in Pornic<\/strong><\/h2>\n\n\n\n<p>Pornic, <strong>Juwel der Jadek\u00fcste<\/strong>, ist ein ideales Reiseziel f\u00fcr Paare, die auf der Suche nach einer Auszeit und Romantik sind. Mit seinen kleinen <strong>unauff\u00e4llige Buchten und seine wildromantischen Str\u00e4nde<\/strong>, bietet die Stadt eine perfekte Kulisse f\u00fcr Momente zu zweit, fernab des t\u00e4glichen Trubels.<\/p>\n\n\n\n<p>F\u00fcr Spazierg\u00e4nger ist der Zollwanderweg ein Muss. Er erstreckt sich vom Porteau-Strand bis zum Portmain-Strand und enth\u00fcllt auf Schritt und Tritt geheime Buchten, die zum Entspannen oder zu einem <strong>Romantisches Picknick<\/strong>. Der Weg schl\u00e4ngelt sich durch unber\u00fchrte Natur und bietet atemberaubende Ausblicke auf den Ozean. Nur Sie, das Meer und das Rauschen der Wellen begleiten Sie auf Ihrem Spaziergang.<\/p>\n\n\n\n<p>Fragen Sie Ma\u00ebliss an der Rezeption nach den Wegbeschreibungen.<\/p>\n\n\n\n<h3 class=\"wp-block-heading texte-rond has-large-font-size\">Pornic: Ein romantisches Kleinod <br>zwischen Str\u00e4nden und geheimen Buchten.<\/h3>\n<\/div><figure class=\"wp-block-media-text__media\"><img loading=\"lazy\" decoding=\"async\" width=\"600\" height=\"400\" src=\"https:\/\/mirabel-renaudiere.com\/wp-content\/uploads\/2024\/01\/couple-promenade-plage-coucher-soleil-pexel.jpg\" alt=\"Wochenend-Paar am Meer\" class=\"wp-image-10415 size-full\" srcset=\"https:\/\/mirabel-renaudiere.com\/wp-content\/uploads\/2024\/01\/couple-promenade-plage-coucher-soleil-pexel.jpg 600w, https:\/\/mirabel-renaudiere.com\/wp-content\/uploads\/2024\/01\/couple-promenade-plage-coucher-soleil-pexel-300x200.jpg 300w\" sizes=\"auto, (max-width: 600px) 100vw, 600px\" \/><\/figure><\/div>\n\n\n\n<figure class=\"wp-block-gallery has-nested-images columns-default is-cropped wp-block-gallery-1 is-layout-flex wp-block-gallery-is-layout-flex\">\n<figure class=\"wp-block-image size-large\"><img loading=\"lazy\" decoding=\"async\" width=\"1024\" height=\"683\" data-id=\"11169\" src=\"https:\/\/mirabel-renaudiere.com\/wp-content\/uploads\/2024\/04\/plage-etang-pornic3-1024x683.jpg\" alt=\"Plage de l&#039;\u00c9tang in Pornic, romantischer Aufenthalt in Loire-Atlantique\" class=\"wp-image-11169\" srcset=\"https:\/\/mirabel-renaudiere.com\/wp-content\/uploads\/2024\/04\/plage-etang-pornic3-1024x683.jpg 1024w, https:\/\/mirabel-renaudiere.com\/wp-content\/uploads\/2024\/04\/plage-etang-pornic3-300x200.jpg 300w, https:\/\/mirabel-renaudiere.com\/wp-content\/uploads\/2024\/04\/plage-etang-pornic3-768x512.jpg 768w, https:\/\/mirabel-renaudiere.com\/wp-content\/uploads\/2024\/04\/plage-etang-pornic3.jpg 1200w\" sizes=\"auto, (max-width: 1024px) 100vw, 1024px\" \/><\/figure>\n\n\n\n<figure class=\"wp-block-image size-large\"><img loading=\"lazy\" decoding=\"async\" width=\"700\" height=\"467\" data-id=\"8680\" src=\"https:\/\/mirabel-renaudiere.com\/wp-content\/uploads\/2023\/05\/sejour-camping-avec-piscine-la-plaine-sur-mer.jpg\" alt=\"Z\u00f6llnerpfad von Pornic nach Saint-Michel-Chef-Chef, romantischer Aufenthalt auf dem 4-Sterne-Campingplatz\" class=\"wp-image-8680\" srcset=\"https:\/\/mirabel-renaudiere.com\/wp-content\/uploads\/2023\/05\/sejour-camping-avec-piscine-la-plaine-sur-mer.jpg 700w, https:\/\/mirabel-renaudiere.com\/wp-content\/uploads\/2023\/05\/sejour-camping-avec-piscine-la-plaine-sur-mer-300x200.jpg 300w\" sizes=\"auto, (max-width: 700px) 100vw, 700px\" \/><\/figure>\n\n\n\n<figure class=\"wp-block-image size-large\"><img loading=\"lazy\" decoding=\"async\" width=\"700\" height=\"467\" data-id=\"9618\" src=\"https:\/\/mirabel-renaudiere.com\/wp-content\/uploads\/2023\/09\/location-camping-avec-toboggan-la-plaine-sur-mer.jpg\" alt=\"Romantische Radtour an der K\u00fcste von Pornic, Pays de Retz in Loire Atlantique\" class=\"wp-image-9618\" srcset=\"https:\/\/mirabel-renaudiere.com\/wp-content\/uploads\/2023\/09\/location-camping-avec-toboggan-la-plaine-sur-mer.jpg 700w, https:\/\/mirabel-renaudiere.com\/wp-content\/uploads\/2023\/09\/location-camping-avec-toboggan-la-plaine-sur-mer-300x200.jpg 300w\" sizes=\"auto, (max-width: 700px) 100vw, 700px\" \/><\/figure>\n<\/figure>\n\n\n\n<div class=\"wp-block-media-text is-stacked-on-mobile animate front-page-section grey\"><figure class=\"wp-block-media-text__media\"><img loading=\"lazy\" decoding=\"async\" width=\"600\" height=\"400\" src=\"https:\/\/mirabel-renaudiere.com\/wp-content\/uploads\/2024\/01\/couple-balade-kayak-sport.jpg\" alt=\"Bootsfahrt im Kajak f\u00fcr verliebte Paare\" class=\"wp-image-10419 size-full\" srcset=\"https:\/\/mirabel-renaudiere.com\/wp-content\/uploads\/2024\/01\/couple-balade-kayak-sport.jpg 600w, https:\/\/mirabel-renaudiere.com\/wp-content\/uploads\/2024\/01\/couple-balade-kayak-sport-300x200.jpg 300w\" sizes=\"auto, (max-width: 600px) 100vw, 600px\" \/><\/figure><div class=\"wp-block-media-text__content\">\n<h2 class=\"wp-block-heading\"><strong>Was tun Sie 2 Tage lang als Paar in Pornic?<\/strong><\/h2>\n\n\n\n<p>Wenn Ihnen Ihr\/e Liebste\/r ein Geschenk gemacht hat <strong>Wochenende f\u00fcr 2 N\u00e4chte<\/strong> (ou + ) auf unserem Campingplatz in La Plaine sur Mer f\u00fcr <strong>der Valentinstag<\/strong>, das ist, weil er oder sie Geschmack hat \ud83d\ude42 ! Wir empfehlen Ihnen eher die Nebensaison, von April bis Juni oder aber im September, um wieder zu Kr\u00e4ften zu kommen und sich von... <strong>Ruhe des Campingplatzes<\/strong> zu dieser Zeit. Was Aktivit\u00e4ten betrifft, hier sind einige Vorschl\u00e4ge f\u00fcr ein <strong>idyllischer Aufenthalt f\u00fcr 2 Personen<\/strong><\/p>\n\n\n\n<ul class=\"wp-block-list\">\n<li>Eine <strong>Spaziergang am Hafen entlang<\/strong> de Pornic, mit einer kleinen Pause auf der Terrasse eines Restaurants, um regionale Produkte zu genie\u00dfen<\/li>\n\n\n\n<li>Ein sonniger Nachmittag und Entspannung am Strand <strong>versteckte Str\u00e4nde<\/strong> zwischen La Plaine sur Mer und Pornic. Sie werden die Farbe des Wassers und das Gef\u00fchl, allein auf der Welt zu sein, lieben.<\/li>\n\n\n\n<li>F\u00fcr Sportler, <strong>Mieten Sie ein Kajak<\/strong> Sie Paddel bei <a href=\"https:\/\/mirabel-renaudiere.com\/de\/dienstleistungen-vermietung-von-fahrradern\/\" target=\"_blank\" rel=\"noreferrer noopener\">unser Partner Yakav\u00e9lo<\/a> und fahrt hinaus auf offene See!<\/li>\n\n\n\n<li>Eine <strong>Meeresausflug<\/strong> f\u00fcr einen Tages- oder Halbtagesausflug an die C\u00f4te de Jade oder auf die Insel Noirmoutier<\/li>\n<\/ul>\n\n\n\n<p><strong>F\u00fcr weitere Ideen<\/strong>, z\u00f6gern Sie nicht, sich auf die <a href=\"https:\/\/www.pornic.com\/\" target=\"_blank\" rel=\"noreferrer noopener\">Website des Tourismusb\u00fcros<\/a>.<\/p>\n\n\n\n<p><\/p>\n<\/div><\/div>\n\n\n\n<p><\/p>\n\n\n\n<div class=\"wp-block-media-text has-media-on-the-right is-stacked-on-mobile animate right\"><div class=\"wp-block-media-text__content\">\n<h2 class=\"wp-block-heading\"><strong>Unterkunft in Pornic f\u00fcr 2 Personen <\/strong><\/h2>\n\n\n\n<p>F\u00fcr ein <strong>Wochenende oder ein paar Tage zu zweit<\/strong>, wir empfehlen Ihnen zu mieten <strong>Mobilheim 1 Schlafzimmer <\/strong>f\u00fcr mehr Privatsph\u00e4re. Diese Unterk\u00fcnfte sind <strong>voll ausgestattet<\/strong> f\u00fcr Ihren Komfort, mit allem, was Sie f\u00fcr einen erfolgreichen Aufenthalt ben\u00f6tigen. Dort finden Sie ein Schlafzimmer mit einem <strong>doppelt lit<\/strong>, eine Garderobe und Schr\u00e4nke. Im Badezimmer gibt es eine Dusche mit Waschbecken und eine separate Toilette. Der funktionale und angenehme Wohnbereich besteht aus <strong>von einer Wohnzimmerecke mit Sofa<\/strong>, einem Couchtisch und einem Fernseher, und einer <strong>ausgestattete K\u00fcche<\/strong> mit Kochplatten, K\u00fchlschrank, Geschirr, Kaffeemaschine und Toaster. Wenn die Sonne scheint, machen Sie es sich bequem <strong>auf der Terrasse<\/strong> und tanken Sie Vitamine! <strong><em>Mindestaufenthalt 2 N\u00e4chte <a href=\"https:\/\/mirabel-renaudiere.com\/de\/unterkunft\/preise-mobilheim-komfortplus-1-zimmer-31\/\" target=\"_blank\" rel=\"noreferrer noopener\">ab 98\u20ac. <\/a>Denken Sie dar\u00fcber nach, Bettw\u00e4sche zu mieten, um leichter zu reisen.<\/em><\/strong><\/p>\n\n\n\n<p><\/p>\n\n\n\n<h6 class=\"wp-block-heading\">\u2013<em>Foto unverbindlich<\/em>\u2013<\/h6>\n<\/div><figure class=\"wp-block-media-text__media\"><img loading=\"lazy\" decoding=\"async\" width=\"900\" height=\"600\" src=\"https:\/\/mirabel-renaudiere.com\/wp-content\/uploads\/2022\/01\/3A6A15830.jpg\" alt=\"Mobilheim mit 1 Schlafzimmer f\u00fcr Paare im Urlaub rund um Pornic\" class=\"wp-image-8546 size-full\" srcset=\"https:\/\/mirabel-renaudiere.com\/wp-content\/uploads\/2022\/01\/3A6A15830.jpg 900w, https:\/\/mirabel-renaudiere.com\/wp-content\/uploads\/2022\/01\/3A6A15830-300x200.jpg 300w, https:\/\/mirabel-renaudiere.com\/wp-content\/uploads\/2022\/01\/3A6A15830-768x512.jpg 768w\" sizes=\"auto, (max-width: 900px) 100vw, 900px\" \/><\/figure><\/div>\n\n\n\n<h3 class=\"wp-block-heading\"><\/h3>\n\n\n\n<div class=\"wp-block-media-text is-stacked-on-mobile\"><figure class=\"wp-block-media-text__media\"><img loading=\"lazy\" decoding=\"async\" width=\"600\" height=\"400\" src=\"https:\/\/mirabel-renaudiere.com\/wp-content\/uploads\/2025\/01\/BON-CADEAU-AMOUREUX.png\" alt=\"\" class=\"wp-image-12096 size-full\" srcset=\"https:\/\/mirabel-renaudiere.com\/wp-content\/uploads\/2025\/01\/BON-CADEAU-AMOUREUX.png 600w, https:\/\/mirabel-renaudiere.com\/wp-content\/uploads\/2025\/01\/BON-CADEAU-AMOUREUX-300x200.png 300w\" sizes=\"auto, (max-width: 600px) 100vw, 600px\" \/><\/figure><div class=\"wp-block-media-text__content\">\n<h3 class=\"wp-block-heading\"><strong>Lust, Ihrem Schatz ein romantisches Geschenk zu machen?<\/strong><\/h3>\n\n\n\n<p>Kommen Sie und entdecken Sie die wilde Sch\u00f6nheit der C\u00f4te de Jade, von unserem Campingplatz aus. Machen Sie eine Pause von <strong>2 N\u00e4chte f\u00fcr Paare in der N\u00e4he von Pornic<\/strong> auf unserem 4-Sterne-Campingplatz La Renaudi\u00e8re. Gelegen an der Weggabelung von Pointe Saint-Gildas, Pr\u00e9failles und Port Giraud, befinden Sie sich zwischen Land und Meer. Sie werden die gro\u00dfen Freifl\u00e4chen unseres Campingplatzes zu sch\u00e4tzen wissen,<strong><a href=\"https:\/\/mirabel-renaudiere.com\/de\/wasserpark\/\" target=\"_blank\" rel=\"noreferrer noopener\"> ihr Hallenbad <\/a>und beheizt und sein Wellnessbereich<\/strong> F\u00fcr echte Entspannungsmomente zu zweit. <\/p>\n\n\n\n<p>Wir k\u00f6nnen Ihnen einen Mirabel-Geschenkgutschein f\u00fcr einen Aufenthalt zu den von Ihnen gew\u00e4hlten Daten zusenden. Zum Verschenken f\u00fcr <strong>der Valentinstag<\/strong>, oder zu jedem anderen Anlass, Ihr Paar zu feiern. Dies wird eine Gelegenheit sein, etwas Zeit zu verbringen <strong>romantischer Abend in einem Restaurant in Pornic<\/strong> oder in den Whirlpools des Pools zu entspannen.<\/p>\n<\/div><\/div>","protected":false},"excerpt":{"rendered":"<p>Week-end en amoureux au bord de la mer Vous r\u00eavez d\u2019une escapade \u00e0 2 en Loire Atlantique proche de la [&hellip;]<\/p>\n","protected":false},"author":2,"featured_media":0,"parent":272,"menu_order":0,"comment_status":"closed","ping_status":"closed","template":"","meta":{"_seopress_robots_primary_cat":"","_seopress_titles_title":"Week-end en amoureux pr\u00e8s de Pornic - La Renaudi\u00e8re 4*","_seopress_titles_desc":"Offrez-vous un s\u00e9jour romantique sur la C\u00f4te de Jade, avec ses petites criques discr\u00e8tes et ses plages aux allures sauvages.","_seopress_robots_index":"","footnotes":""},"class_list":["post-10426","page","type-page","status-publish","hentry"],"_links":{"self":[{"href":"https:\/\/mirabel-renaudiere.com\/de\/wp-json\/wp\/v2\/pages\/10426","targetHints":{"allow":["GET"]}}],"collection":[{"href":"https:\/\/mirabel-renaudiere.com\/de\/wp-json\/wp\/v2\/pages"}],"about":[{"href":"https:\/\/mirabel-renaudiere.com\/de\/wp-json\/wp\/v2\/types\/page"}],"author":[{"embeddable":true,"href":"https:\/\/mirabel-renaudiere.com\/de\/wp-json\/wp\/v2\/users\/2"}],"replies":[{"embeddable":true,"href":"https:\/\/mirabel-renaudiere.com\/de\/wp-json\/wp\/v2\/comments?post=10426"}],"version-history":[{"count":25,"href":"https:\/\/mirabel-renaudiere.com\/de\/wp-json\/wp\/v2\/pages\/10426\/revisions"}],"predecessor-version":[{"id":13444,"href":"https:\/\/mirabel-renaudiere.com\/de\/wp-json\/wp\/v2\/pages\/10426\/revisions\/13444"}],"up":[{"embeddable":true,"href":"https:\/\/mirabel-renaudiere.com\/de\/wp-json\/wp\/v2\/pages\/272"}],"wp:attachment":[{"href":"https:\/\/mirabel-renaudiere.com\/de\/wp-json\/wp\/v2\/media?parent=10426"}],"curies":[{"name":"wp","href":"https:\/\/api.w.org\/{rel}","templated":true}]}}