{"id":12169,"date":"2025-01-21T15:18:18","date_gmt":"2025-01-21T14:18:18","guid":{"rendered":"https:\/\/mirabel-renaudiere.com\/?page_id=12169"},"modified":"2025-11-12T12:42:36","modified_gmt":"2025-11-12T11:42:36","slug":"camping-am-meer-in-der-nahe-von-pornic","status":"publish","type":"page","link":"https:\/\/mirabel-renaudiere.com\/de\/camping-bord-de-mer-proche-de-pornic","title":{"rendered":"Campingplatz am Meer in der N\u00e4he von Pornic"},"content":{"rendered":"<h1 class=\"wp-block-heading\">Campingplatz am Meer in der N\u00e4he von Pornic<\/h1>\n\n\n\n<p class=\"has-turquoise-color has-text-color has-link-color wp-elements-17e2fbb1ef99d0c5a59d9b333fcdc593\">Wenn Sie auf der Suche nach einem <strong>zelten am meer<\/strong> f\u00fcr Ihren Urlaub das <strong>Campingplatz Mirabel La Renaudi\u00e8re<\/strong> hei\u00dft Sie in La Plaine-sur-Mer willkommen. Wenn Sie bei uns wohnen, sind Sie nur wenige Minuten von den sch\u00f6nsten Str\u00e4nden der Region um Pornic entfernt, die alle leicht erreichbar sind, um die Wohltaten des Ozeans zu genie\u00dfen. Der n\u00e4chstgelegene ist nur 1800 Meter entfernt. Damit Sie Ihren Aufenthalt in vollen Z\u00fcgen genie\u00dfen und Ecken entdecken k\u00f6nnen, die Sie nicht verpassen sollten, haben wir eine kleine Liste von <strong>beste Str\u00e4nde <\/strong>um den <a href=\"https:\/\/mirabel-renaudiere.com\/de\/camping-pornic\/\">Camping in der N\u00e4he von Pornic<\/a><strong>.<\/strong><\/p>\n\n\n\n<p><\/p>\n\n\n\n<h2 class=\"wp-block-heading\">Entdecken Sie die besten Str\u00e4nde in der N\u00e4he von Pornic<\/h2>\n\n\n\n<p>Der Vorteil eines Campingplatzes, der im Zentrum einer Halbinsel liegt, ist die gro\u00dfe Anzahl an Str\u00e4nden aller Art, denn es gibt nicht weniger als 20 Str\u00e4nde in der N\u00e4he.<\/p>\n\n\n\n<div class=\"wp-block-media-text is-stacked-on-mobile\"><figure class=\"wp-block-media-text__media\"><img loading=\"lazy\" decoding=\"async\" width=\"1024\" height=\"683\" src=\"https:\/\/mirabel-renaudiere.com\/wp-content\/uploads\/2025\/01\/plage-de-la-source-2.jpg\" alt=\"plage de la source pornic baden\" class=\"wp-image-12193 size-full\" srcset=\"https:\/\/mirabel-renaudiere.com\/wp-content\/uploads\/2025\/01\/plage-de-la-source-2.jpg 1024w, https:\/\/mirabel-renaudiere.com\/wp-content\/uploads\/2025\/01\/plage-de-la-source-2-300x200.jpg 300w, https:\/\/mirabel-renaudiere.com\/wp-content\/uploads\/2025\/01\/plage-de-la-source-2-768x512.jpg 768w\" sizes=\"auto, (max-width: 1024px) 100vw, 1024px\" \/><\/figure><div class=\"wp-block-media-text__content\">\n<h3 class=\"wp-block-heading\"><strong>La Plage de La Source: die historische Bucht von Pornic<\/strong><\/h3>\n\n\n\n<p>Nur 15 Minuten mit dem Auto von Ihrem <strong>zelten am meer<\/strong>, Der Strand von La Source ist eine Bucht mit goldenem Sand und Felsen, die direkt neben dem Strand von La Source liegt. <strong>Thalasso in Pornic<\/strong>. Ein Muss in der Nebensaison f\u00fcr alle, die die Sch\u00f6nheit der Natur und die Ruhe suchen. Seine <strong>Blick auf den Atlantischen Ozean<\/strong> und sein feiner Sand machen ihn zu einem perfekten Ort, um sich nach einem sonnigen Tag zu entspannen. Au\u00dferdem sind <strong>Restaurants und Caf\u00e9s<\/strong> sind in der N\u00e4he und laden zu einer wohlverdienten Pause ein. <\/p>\n\n\n\n<p><br><strong>Praxis<\/strong> : Der Plage de la Source ist mit dem G\u00fctesiegel Blaue Flagge* ausgezeichnet und rauchfrei. Au\u00dferdem ist die <strong>Baden wird \u00fcberwacht<\/strong> im Juli und August. Der Strand ist <strong>f\u00fcr Hunde erlaubt<\/strong> von Oktober bis M\u00e4rz.<\/p>\n\n\n\n<p>Im Sommer wird das Parken ein wenig Geduld erfordern, da dieser sch\u00f6ne Strand sehr beliebt ist. Die gute Nachricht ist, dass er auch zu Fu\u00df \u00fcber den Z\u00f6llnerpfad am Meer entlang erreichbar ist!<\/p>\n\n\n\n<p><strong>M\u00f6gliche Aktivit\u00e4ten :<\/strong> Baden, Faulenzen, Paddeln, Segeln, Spaziergang auf dem Wanderweg.<\/p>\n<\/div><\/div>\n\n\n\n<p><\/p>\n\n\n\n<div class=\"wp-block-media-text has-media-on-the-right is-stacked-on-mobile front-page-section grey\"><div class=\"wp-block-media-text__content\">\n<h3 class=\"wp-block-heading\"><strong>Strand von La No\u00ebveillard (Pornic) : <strong>gro\u00dfer, belebter Strand<\/strong> in der N\u00e4he Ihres Campingplatzes La Renaudi\u00e8re<\/strong><\/h3>\n\n\n\n<p>Er liegt 15 Minuten vom Campingplatz entfernt und ist der gr\u00f6\u00dfte Strand von Pornic. <strong>Sehr lebhaft<\/strong>, Sie ist perfekt f\u00fcr eine <strong>Familientag<\/strong>. Seine angenehme Umgebung und das klare Wasser machen ihn zu einem beliebten Ort f\u00fcr Wassersportaktivit\u00e4ten. Wenn Ihnen die Vorstellung gef\u00e4llt, in der N\u00e4he eines <strong>camping am meer,<\/strong> Dieser Strand ist einer der zug\u00e4nglichsten in der Region. Er ist auch einer der wenigen, an denen man bei Ebbe baden kann. Er ist bei Jugendlichen und Sportlern sehr beliebt. <\/p>\n\n\n\n<p><strong>Praktisch : <\/strong>mit dem G\u00fctesiegel \"Pavillon Bleu\" ausgezeichnet, Wassersportclub, Kabinen, Beachvolleyballnetz, Strandclub und beaufsichtigtes Baden im Sommer, zug\u00e4nglicher Strand f\u00fcr Personen mit eingeschr\u00e4nkter Mobilit\u00e4t. Hunde von Oktober bis M\u00e4rz erlaubt.<\/p>\n\n\n\n<p><strong>M\u00f6gliche Aktivit\u00e4ten :<\/strong> Schwimmen, Kanu, Segeln, Kitesurfen.<\/p>\n<\/div><figure class=\"wp-block-media-text__media\"><img loading=\"lazy\" decoding=\"async\" width=\"600\" height=\"400\" src=\"https:\/\/mirabel-renaudiere.com\/wp-content\/uploads\/2025\/01\/plage-de-la-noeveillard-a-pornic-melanie-chaigneau-2118-1.jpg\" alt=\"strand von noeveillard in pornic baden mit der familie\" class=\"wp-image-12358 size-full\" srcset=\"https:\/\/mirabel-renaudiere.com\/wp-content\/uploads\/2025\/01\/plage-de-la-noeveillard-a-pornic-melanie-chaigneau-2118-1.jpg 600w, https:\/\/mirabel-renaudiere.com\/wp-content\/uploads\/2025\/01\/plage-de-la-noeveillard-a-pornic-melanie-chaigneau-2118-1-300x200.jpg 300w\" sizes=\"auto, (max-width: 600px) 100vw, 600px\" \/><\/figure><\/div>\n\n\n\n<p><\/p>\n\n\n\n<div class=\"wp-block-media-text is-stacked-on-mobile is-style-default animate left\"><figure class=\"wp-block-media-text__media\"><img loading=\"lazy\" decoding=\"async\" width=\"1024\" height=\"683\" src=\"https:\/\/mirabel-renaudiere.com\/wp-content\/uploads\/2024\/04\/plage-etang-pornic3-1024x683.jpg\" alt=\"plage de l&#039;etang pornic camping bord de mer\" class=\"wp-image-11169 size-full\" srcset=\"https:\/\/mirabel-renaudiere.com\/wp-content\/uploads\/2024\/04\/plage-etang-pornic3-1024x683.jpg 1024w, https:\/\/mirabel-renaudiere.com\/wp-content\/uploads\/2024\/04\/plage-etang-pornic3-300x200.jpg 300w, https:\/\/mirabel-renaudiere.com\/wp-content\/uploads\/2024\/04\/plage-etang-pornic3-768x512.jpg 768w, https:\/\/mirabel-renaudiere.com\/wp-content\/uploads\/2024\/04\/plage-etang-pornic3.jpg 1200w\" sizes=\"auto, (max-width: 1024px) 100vw, 1024px\" \/><\/figure><div class=\"wp-block-media-text__content\">\n<h3 class=\"wp-block-heading\"><strong>La Plage de l'\u00c9tang (Pornic): ein St\u00fcck vom Paradies<\/strong><\/h3>\n\n\n\n<p>Der Strand Plage de l'\u00c9tang ist eine wahre Oase der Ruhe in einer au\u00dfergew\u00f6hnlichen nat\u00fcrlichen Umgebung. Ideal f\u00fcr diejenigen, die eine mehr <strong>ruhig und intim<\/strong>, Dieser Strand ist in mehrere kleine Buchten mit orangefarbenem Sand unterteilt, was ihm ein au\u00dfergew\u00f6hnliches Flair verleiht und Ihnen ein angenehmes Schwimmen in ruhigem, klarem Wasser erm\u00f6glicht. Der Plage de l'\u00c9tang ist au\u00dferdem mit der Blauen Flagge ausgezeichnet.<\/p>\n\n\n\n<p><strong>Praktisch : <\/strong>der Strand verf\u00fcgt \u00fcber einen kleinen Badebereich, der im Sommer \u00fcberwacht wird. Er ist vom Campingplatz La Renaudi\u00e8re aus in wenigen Minuten mit dem Fahrrad erreichbar. Ein Parkplatz befindet sich nur 5 Minuten zu Fu\u00df vom Strand entfernt. Hunde sind von Oktober bis M\u00e4rz erlaubt.<\/p>\n\n\n\n<p><strong>M\u00f6gliche Aktivit\u00e4ten<\/strong>&nbsp;: Schwimmen, Strandspiele, Faulenzen.<\/p>\n\n\n\n<p><\/p>\n<\/div><\/div>\n\n\n\n<p><\/p>\n\n\n\n<div class=\"wp-block-media-text has-media-on-the-right is-stacked-on-mobile front-page-section grey\"><div class=\"wp-block-media-text__content\">\n<h3 class=\"wp-block-heading\"><strong>La Grande Plage de Tharon: eine dynamische Atmosph\u00e4re nur wenige Schritte von Ihrem Campingplatz entfernt<\/strong><\/h3>\n\n\n\n<p>Die <a href=\"https:\/\/www.pornic.com\/grande-plage-de-tharon.html\">Strand von Tharon<\/a> ist einer der gr\u00f6\u00dften Str\u00e4nde der Region mit mehr als\u2019<strong>1 Kilometer feiner Sand<\/strong> entlang der D\u00fcnen. Er ist auch der belebteste, vor allem im Sommer. Mit zahlreichen Sportaktivit\u00e4ten, Strandspielen und einer <strong>freundliche Atmosph\u00e4re, <\/strong>sie zieht <strong>Familien und Jugendliche <\/strong>auf der Suche nach Unterhaltung. Sei es, um zu \u00fcben <strong>Wassersport<\/strong> (auf dem reservierten Nordteil), in der Sonne entspannen oder die \u00f6rtlichen Unterhaltungsangebote nutzen - dieser Strand wird oft f\u00fcr einen Tag voller Energie gew\u00e4hlt, w\u00e4hrend man <strong>in der N\u00e4he Ihrer Unterkunft.<\/strong> Sie erreichen es in nur 10 Minuten mit dem Auto.<\/p>\n\n\n\n<p><strong>Praktisch : <\/strong>bewachte Badestelle im Sommer, Strandbar, Behindertengerechter Zugang, ganzj\u00e4hrig kostenloser Parkplatz, Haustiere erlaubt von Mitte September bis Mitte Mai<\/p>\n\n\n\n<p><strong>M\u00f6gliche Aktivit\u00e4ten <\/strong>: Baden, Sportspiele, Familienspiele, Faulenzen, Wassersport, Karussell f\u00fcr die Kleinen, Konzerte auf der Grand Escalier in der Saison.<\/p>\n<\/div><figure class=\"wp-block-media-text__media\"><img loading=\"lazy\" decoding=\"async\" width=\"1024\" height=\"683\" src=\"https:\/\/mirabel-renaudiere.com\/wp-content\/uploads\/2021\/12\/plage-tharon-pornic-1024x683.jpg\" alt=\"Der Strand von Tharon neben dem Campingplatz in Pornic\" class=\"wp-image-727 size-full\" srcset=\"https:\/\/mirabel-renaudiere.com\/wp-content\/uploads\/2021\/12\/plage-tharon-pornic-1024x683.jpg 1024w, https:\/\/mirabel-renaudiere.com\/wp-content\/uploads\/2021\/12\/plage-tharon-pornic-300x200.jpg 300w, https:\/\/mirabel-renaudiere.com\/wp-content\/uploads\/2021\/12\/plage-tharon-pornic-768x512.jpg 768w, https:\/\/mirabel-renaudiere.com\/wp-content\/uploads\/2021\/12\/plage-tharon-pornic.jpg 1500w\" sizes=\"auto, (max-width: 1024px) 100vw, 1024px\" \/><\/figure><\/div>\n\n\n\n<div class=\"wp-block-media-text is-stacked-on-mobile\"><figure class=\"wp-block-media-text__media\"><img loading=\"lazy\" decoding=\"async\" width=\"600\" height=\"400\" src=\"https:\/\/mirabel-renaudiere.com\/wp-content\/uploads\/2025\/01\/plage-du-cormier-a-la-plaine-sur-mer-melanie-chaigneau-2132.jpg\" alt=\"plage du cormier la plaine sur mer Wassersportaktivit\u00e4ten und Baden\" class=\"wp-image-12347 size-full\" srcset=\"https:\/\/mirabel-renaudiere.com\/wp-content\/uploads\/2025\/01\/plage-du-cormier-a-la-plaine-sur-mer-melanie-chaigneau-2132.jpg 600w, https:\/\/mirabel-renaudiere.com\/wp-content\/uploads\/2025\/01\/plage-du-cormier-a-la-plaine-sur-mer-melanie-chaigneau-2132-300x200.jpg 300w\" sizes=\"auto, (max-width: 600px) 100vw, 600px\" \/><\/figure><div class=\"wp-block-media-text__content\">\n<h3 class=\"wp-block-heading\"><strong>Plage du Cormier (La Plaine-sur-Mer): Der beliebteste Strand f\u00fcr Familien.<\/strong><\/h3>\n\n\n\n<p>7 Minuten mit dem Auto oder 25 Minuten mit dem Fahrrad entfernt, wenn Sie nehmen <a href=\"https:\/\/mirabel-renaudiere.com\/de\/die-erfahrungen\/jadekuste-mit-dem-rad\/?_gl=1*1htti5p*_ga*Mjk4NDEyNDc0LjE3MjgzMDg0MTM.*_ga_HFNNQDYS9E*MTczNzU0MjEzNi43MS4xLjE3Mzc1NDIxMzkuNTcuMC4w*_ga_81L5MS3GEK*MTczNzU0MjEzNi43Mi4xLjE3Mzc1NDIxMzkuNTcuMC4w&amp;_ga=2.261488653.1286283666.1737387323-298412474.1728308413\" target=\"_blank\" rel=\"noreferrer noopener\">die Velodyss\u00e9e durch die K\u00fcste<\/a>, Die Plage du Cormier in La Plaine sur Mer ist ein beliebter Ort f\u00fcr Familien, die auf der Suche nach Aktivit\u00e4ten f\u00fcr alle sind. Sein feiner Sand macht ihn zu einem <strong>nat\u00fcrlicher und angenehmer Spot.<\/strong> Hier k\u00f6nnen Sie sich in Ruhe auf Ihrem Handtuch ausruhen oder \u00fcben <strong>eine sportliche Aktivit\u00e4t<\/strong> Ihrer Wahl zur Verf\u00fcgung stellen. Im Sommer k\u00f6nnen Sie sich die n\u00f6tige Ausr\u00fcstung f\u00fcr eine Partie Beachvolleyball oder Tischtennis ausleihen. In der N\u00e4he befinden sich Restaurants und Bars f\u00fcr einen kleinen <strong>Schlemmerpause<\/strong> mit Blick auf das Meer.<\/p>\n\n\n\n<p><strong>Praktisch :<\/strong> beaufsichtigtes Baden im Sommer, Hunde von Oktober bis Mai erlaubt, Behindertengerechter Zugang mit Tiralo, Sprungbrett<\/p>\n\n\n\n<p><strong>Aktivit\u00e4ten : <\/strong>Segeln, Kitsurf und Paddle, Schwimmen, Faulenzen, Sport, Angeln<\/p>\n<\/div><\/div>\n\n\n\n<div class=\"wp-block-media-text has-media-on-the-right is-stacked-on-mobile front-page-section grey is-style-default animate right\"><div class=\"wp-block-media-text__content\">\n<h3 class=\"wp-block-heading\"><strong>La Grande Plage de Pr\u00e9failles: das Meer im Stadtzentrum nicht weit vom Campingplatz entfernt<\/strong><\/h3>\n\n\n\n<p>Dieser Strand ist der n\u00e4chstgelegene Badestrand des Campingplatzes Mirabel La Renaudi\u00e8re. Sie k\u00f6nnen ihn zu Fu\u00df erreichen, denn der GR8 f\u00fchrt an ihm entlang und bietet einen sch\u00f6nen Spaziergang. Bei Ebbe k\u00f6nnen Sie Ihre Kinder zu einem kleinen Spiel mitnehmen. <strong>Angeln <\/strong>auf Entdeckungsreise zu den Muscheln der Region oder st\u00fcrzen Sie sich in einen Sandburg-Wettbewerb! Wenn Sie vorhaben, den ganzen Tag dort zu verbringen, werden Tische f\u00fcr ein Picknick am Wasser aufgestellt. Im Sommer ist die <strong>Strand wird \u00fcberwacht<\/strong> und die Kinder k\u00f6nnen in aller Sicherheit baden. Um noch mehr von diesem Familienspot zu profitieren, ist der Marktflecken Pr\u00e9failles nur wenige Meter entfernt. Dort finden Sie ein Restaurant, eine Bar und Gesch\u00e4fte. Wenn Sie in Ihrem <strong>zelten am meer<\/strong>, In der N\u00e4he der Schule k\u00f6nnen Sie diesen wundersch\u00f6nen Strand zu jeder Jahreszeit genie\u00dfen.<\/p>\n\n\n\n<p><strong>Praktisch : <\/strong>Blaue Flagge, Hunde von Oktober bis Mai erlaubt, PMR-Zugang, in der N\u00e4he des Stadtzentrums.<\/p>\n\n\n\n<p><strong>M\u00f6gliche Aktivit\u00e4ten :<\/strong> Schwimmen, Strandspiele, Angeln, Wandern, Wassersport.<\/p>\n<\/div><figure class=\"wp-block-media-text__media\"><img loading=\"lazy\" decoding=\"async\" width=\"600\" height=\"400\" src=\"https:\/\/mirabel-renaudiere.com\/wp-content\/uploads\/2025\/01\/grande-plage-prefailles.jpg\" alt=\"gro\u00dfer strand von pr\u00e9failles baden zelten am meer\" class=\"wp-image-12313 size-full\" srcset=\"https:\/\/mirabel-renaudiere.com\/wp-content\/uploads\/2025\/01\/grande-plage-prefailles.jpg 600w, https:\/\/mirabel-renaudiere.com\/wp-content\/uploads\/2025\/01\/grande-plage-prefailles-300x200.jpg 300w\" sizes=\"auto, (max-width: 600px) 100vw, 600px\" \/><\/figure><\/div>\n\n\n\n<p><\/p>\n\n\n\n<p><em><strong>*Blauer Pavillon <\/strong>: Wird an Gemeinden und Str\u00e4nde vergeben, die zur nachhaltigen Tourismusentwicklung und insbesondere zur Wasserqualit\u00e4t beitragen.<\/em><\/p>\n\n\n\n<p><\/p>\n\n\n\n<p class=\"has-medium-font-size\"><strong>Karte der Str\u00e4nde in der N\u00e4he des Campingplatzes<\/strong><\/p>\n\n\n\n<figure class=\"wp-block-image size-full\"><img loading=\"lazy\" decoding=\"async\" width=\"1600\" height=\"667\" src=\"https:\/\/mirabel-renaudiere.com\/wp-content\/uploads\/2023\/04\/carte-camping-proche-plages-Pornic.jpg\" alt=\"\" class=\"wp-image-12526\" srcset=\"https:\/\/mirabel-renaudiere.com\/wp-content\/uploads\/2023\/04\/carte-camping-proche-plages-Pornic.jpg 1600w, https:\/\/mirabel-renaudiere.com\/wp-content\/uploads\/2023\/04\/carte-camping-proche-plages-Pornic-300x125.jpg 300w, https:\/\/mirabel-renaudiere.com\/wp-content\/uploads\/2023\/04\/carte-camping-proche-plages-Pornic-1024x427.jpg 1024w, https:\/\/mirabel-renaudiere.com\/wp-content\/uploads\/2023\/04\/carte-camping-proche-plages-Pornic-768x320.jpg 768w, https:\/\/mirabel-renaudiere.com\/wp-content\/uploads\/2023\/04\/carte-camping-proche-plages-Pornic-1536x640.jpg 1536w\" sizes=\"auto, (max-width: 1600px) 100vw, 1600px\" \/><\/figure>\n\n\n\n<p>Die Region um Pornic umfasst mehr als 45 km K\u00fcstenlinie: <a href=\"https:\/\/www.pornic.com\/plages.html\">https:\/\/www.pornic.com\/plages.html<\/a><\/p>\n\n\n\n<p><\/p>\n\n\n\n<div style=\"height:74px\" aria-hidden=\"true\" class=\"wp-block-spacer\"><\/div>\n\n\n\n<div class=\"wp-block-group is-layout-constrained wp-block-group-is-layout-constrained\">\n<div class=\"wp-block-group border border-info card is-layout-constrained wp-container-core-group-is-layout-8dd13e6d wp-block-group-is-layout-constrained\" style=\"padding-right:var(--wp--preset--spacing--60);padding-left:var(--wp--preset--spacing--60)\">\n<p><\/p>\n\n\n\n<h2 class=\"wp-block-heading has-text-align-center\"><strong>Warum Campingplatz bord de me?<\/strong>r<strong> La Renaudi\u00e8re f\u00fcr Ihren Urlaub?<\/strong><\/h2>\n\n\n\n<p><\/p>\n\n\n\n<p class=\"has-text-align-center\" style=\"margin-top:0;margin-bottom:0;padding-top:0;padding-right:0;padding-bottom:0;padding-left:0\">Das Hotel liegt in La Plaine-sur-Mer, in unmittelbarer N\u00e4he der Str\u00e4nde von <strong>Pornic<\/strong> und der Region, dem <strong>Campingplatz Mirabel La Renaudi\u00e8re<\/strong> ist ein <strong>zelten am meer<\/strong> ideal f\u00fcr einen unvergesslichen Urlaub. Unser 4-Sterne-Campingplatz bietet Ihnen allen Komfort, den Sie f\u00fcr einen angenehmen Aufenthalt mit der Familie oder mit Freunden ben\u00f6tigen.<\/p>\n\n\n\n<p class=\"has-text-align-center\">Wir stellen Ihnen <strong>moderne Mobilheime<\/strong> und ger\u00e4umige, abgegrenzte Stellpl\u00e4tze f\u00fcr Zelte und Wohnwagen sowie ein <strong>Wasserraum<\/strong> beheiztes Schwimmbad f\u00fcr die ganze Familie. Eine der Hauptattraktionen ist unser <strong>Au\u00dfenpool<\/strong> und seinen Wasserrutschen, ideal zum Entspannen nach einem Tag, an dem Sie im Meer baden oder die Str\u00e4nde der Region erkunden.<\/p>\n\n\n\n<p class=\"has-text-align-center\">Unsere Dienstleistungen umfassen auch <strong>t\u00e4gliche Animationen<\/strong> im Juli und August. Ein Kinderclub f\u00fcr 6- bis 12-J\u00e4hrige, Sportaktivit\u00e4ten f\u00fcr \u00e4ltere Kinder und <strong>Outdoor-Aktivit\u00e4ten<\/strong> f\u00fcr alle. Am Abend trifft man sich in der gro\u00dfen Mehrzweckhalle zu <strong>Animationen f\u00fcr die ganze Familie<\/strong>. Um Ihren Aufenthalt noch angenehmer zu gestalten, bieten wir auch eine <strong>Lebensmittelgesch\u00e4ft<\/strong> gut versorgt, von <strong>Kinderspielpl\u00e4tze<\/strong>,<strong> eine Snackbar <\/strong>von Mai bis September ge\u00f6ffnet und die Boulodrome f\u00fcr das traditionelle <strong>Boulespiel mit Freunden.<\/strong><\/p>\n\n\n\n<p class=\"has-text-align-center\">Durch die Wahl unseres <strong>zelten am meer<\/strong> <strong>La Renaudi\u00e8re<\/strong>, In der N\u00e4he der Stadt, in der Sie wohnen, k\u00f6nnen Sie von einer au\u00dfergew\u00f6hnlichen nat\u00fcrlichen Umgebung profitieren, w\u00e4hrend Sie gleichzeitig Zugang zu einer modernen Infrastruktur und einem hochwertigen Service haben. Ob Sie nun auf der Suche nach Entspannung, Wassersportaktivit\u00e4ten oder Entdeckungen sind, hier finden Sie alles, was Sie brauchen, um Ihren Aufenthalt in vollen Z\u00fcgen zu genie\u00dfen.<\/p>\n\n\n\n<div class=\"wp-block-columns is-layout-flex wp-container-core-columns-is-layout-28f84493 wp-block-columns-is-layout-flex\">\n<div class=\"wp-block-column is-layout-flow wp-block-column-is-layout-flow\">\n<div class=\"wp-block-buttons alignwide is-content-justification-center is-layout-flex wp-container-core-buttons-is-layout-a89b3969 wp-block-buttons-is-layout-flex\">\n<div class=\"wp-block-button\"><a class=\"wp-block-button__link has-orange-background-color has-background wp-element-button\" href=\"https:\/\/mirabel-renaudiere.com\/de\/tarife-fur-die-vermietung-von-mobilheimen\/\" target=\"_blank\" rel=\"noreferrer noopener\"><strong>Ein Mobilheim mieten<\/strong><\/a><\/div>\n<\/div>\n\n\n\n<figure class=\"wp-block-image size-full\"><a href=\"https:\/\/mirabel-renaudiere.com\/de\/tarife-fur-die-vermietung-von-mobilheimen\/\" target=\"_blank\" rel=\" noreferrer noopener\"><img loading=\"lazy\" decoding=\"async\" width=\"900\" height=\"600\" src=\"https:\/\/mirabel-renaudiere.com\/wp-content\/uploads\/2022\/01\/3A6A1146.jpg\" alt=\"mobilheim 2 zimmer 4\/5 personen 4 sterne campingplatz loire atlantique\" class=\"wp-image-8550\" srcset=\"https:\/\/mirabel-renaudiere.com\/wp-content\/uploads\/2022\/01\/3A6A1146.jpg 900w, https:\/\/mirabel-renaudiere.com\/wp-content\/uploads\/2022\/01\/3A6A1146-300x200.jpg 300w, https:\/\/mirabel-renaudiere.com\/wp-content\/uploads\/2022\/01\/3A6A1146-768x512.jpg 768w\" sizes=\"auto, (max-width: 900px) 100vw, 900px\" \/><\/a><\/figure>\n<\/div>\n\n\n\n<div class=\"wp-block-column is-layout-flow wp-block-column-is-layout-flow\">\n<div class=\"wp-block-buttons alignwide is-content-justification-center is-layout-flex wp-container-core-buttons-is-layout-a89b3969 wp-block-buttons-is-layout-flex\">\n<div class=\"wp-block-button\"><a class=\"wp-block-button__link has-orange-background-color has-background has-text-align-center wp-element-button\" href=\"https:\/\/mirabel-renaudiere.com\/de\/tarife-fur-wohnwagen\/\" target=\"_blank\" rel=\"noreferrer noopener\"><strong>Einen Stellplatz mieten<\/strong><\/a><\/div>\n<\/div>\n\n\n\n<figure class=\"wp-block-image size-full\"><a href=\"https:\/\/mirabel-renaudiere.com\/de\/tarife-fur-wohnwagen\/\" target=\"_blank\" rel=\" noreferrer noopener\"><img loading=\"lazy\" decoding=\"async\" width=\"700\" height=\"470\" src=\"https:\/\/mirabel-renaudiere.com\/wp-content\/uploads\/2023\/09\/location-emplacement-camping-car-proche-pornic.jpg\" alt=\"Vermietung Stellplatz Wohnmobil N\u00e4he Pornic\" class=\"wp-image-9592\" srcset=\"https:\/\/mirabel-renaudiere.com\/wp-content\/uploads\/2023\/09\/location-emplacement-camping-car-proche-pornic.jpg 700w, https:\/\/mirabel-renaudiere.com\/wp-content\/uploads\/2023\/09\/location-emplacement-camping-car-proche-pornic-300x201.jpg 300w\" sizes=\"auto, (max-width: 700px) 100vw, 700px\" \/><\/a><\/figure>\n<\/div>\n\n\n\n<div class=\"wp-block-column is-layout-flow wp-block-column-is-layout-flow\">\n<div class=\"wp-block-buttons alignwide is-content-justification-center is-layout-flex wp-container-core-buttons-is-layout-a89b3969 wp-block-buttons-is-layout-flex\">\n<div class=\"wp-block-button\"><a class=\"wp-block-button__link has-orange-background-color has-background has-text-align-center wp-element-button\" href=\"https:\/\/mirabel-renaudiere.com\/de\/zweitwohnsitz-pornic\/\" target=\"_blank\" rel=\"noreferrer noopener\"><strong>Ein Mobilheim kaufen<\/strong><\/a><\/div>\n<\/div>\n\n\n\n<figure class=\"wp-block-image size-full is-resized\"><img loading=\"lazy\" decoding=\"async\" width=\"533\" height=\"400\" src=\"https:\/\/mirabel-renaudiere.com\/wp-content\/uploads\/2025\/10\/IMG_5810.jpg\" alt=\"gebrauchtes Mobilheim zum Verkauf in der N\u00e4he von Pornic auf dem Campingplatz La Renaudi\u00e8re\" class=\"wp-image-13140\" style=\"aspect-ratio:4\/3;object-fit:contain;width:259px;height:auto\" srcset=\"https:\/\/mirabel-renaudiere.com\/wp-content\/uploads\/2025\/10\/IMG_5810.jpg 533w, https:\/\/mirabel-renaudiere.com\/wp-content\/uploads\/2025\/10\/IMG_5810-300x225.jpg 300w\" sizes=\"auto, (max-width: 533px) 100vw, 533px\" \/><\/figure>\n<\/div>\n<\/div>\n<\/div>\n<\/div>\n\n\n\n<p><\/p>","protected":false},"excerpt":{"rendered":"<p>Camping bord de mer proche de Pornic Si vous \u00eates \u00e0 la recherche d\u2019un camping bord de mer pour vos [&hellip;]<\/p>\n","protected":false},"author":2,"featured_media":0,"parent":0,"menu_order":0,"comment_status":"closed","ping_status":"closed","template":"","meta":{"_seopress_robots_primary_cat":"","_seopress_titles_title":"Camping Bord de Mer pr\u00e8s de Pornic - La Renaudi\u00e8re","_seopress_titles_desc":"S\u00e9journez dans notre camping 4 \u00e9toiles en bord de mer avec piscine & animations. Camping familial \u00e0 deux pas des plages de Pornic, Loire Atlantique.","_seopress_robots_index":"","footnotes":""},"class_list":["post-12169","page","type-page","status-publish","hentry"],"_links":{"self":[{"href":"https:\/\/mirabel-renaudiere.com\/de\/wp-json\/wp\/v2\/pages\/12169","targetHints":{"allow":["GET"]}}],"collection":[{"href":"https:\/\/mirabel-renaudiere.com\/de\/wp-json\/wp\/v2\/pages"}],"about":[{"href":"https:\/\/mirabel-renaudiere.com\/de\/wp-json\/wp\/v2\/types\/page"}],"author":[{"embeddable":true,"href":"https:\/\/mirabel-renaudiere.com\/de\/wp-json\/wp\/v2\/users\/2"}],"replies":[{"embeddable":true,"href":"https:\/\/mirabel-renaudiere.com\/de\/wp-json\/wp\/v2\/comments?post=12169"}],"version-history":[{"count":56,"href":"https:\/\/mirabel-renaudiere.com\/de\/wp-json\/wp\/v2\/pages\/12169\/revisions"}],"predecessor-version":[{"id":13156,"href":"https:\/\/mirabel-renaudiere.com\/de\/wp-json\/wp\/v2\/pages\/12169\/revisions\/13156"}],"wp:attachment":[{"href":"https:\/\/mirabel-renaudiere.com\/de\/wp-json\/wp\/v2\/media?parent=12169"}],"curies":[{"name":"wp","href":"https:\/\/api.w.org\/{rel}","templated":true}]}}