{"id":12373,"date":"2025-02-04T09:55:28","date_gmt":"2025-02-04T08:55:28","guid":{"rendered":"https:\/\/mirabel-renaudiere.com\/?page_id=12373"},"modified":"2025-11-12T13:12:39","modified_gmt":"2025-11-12T12:12:39","slug":"was-kann-man-in-pornic-wahrend-der-ferien-unternehmen","status":"publish","type":"page","link":"https:\/\/mirabel-renaudiere.com\/de\/que-faire-a-pornic-pendant-les-vacances","title":{"rendered":"Was kann man in Pornic w\u00e4hrend der Ferien unternehmen?"},"content":{"rendered":"<h1 class=\"wp-block-heading\">Was kann man in Pornic w\u00e4hrend der Ferien unternehmen?<\/h1>\n\n\n\n<h2 class=\"wp-block-heading\">Aktivit\u00e4ten und Freizeitangebote in der N\u00e4he von Pornic<\/h2>\n\n\n\n<p>Sie machen Urlaub auf unserem Campingplatz Mirabel La Renaudi\u00e8re in La Plaine-sur-Mer und suchen nach Ideen f\u00fcr Freizeitaktivit\u00e4ten in Pornic? Ob allein, zu zweit, mit der Familie oder mit Freunden, im Freien oder gut gesch\u00fctzt f\u00fcr Regentage - in der N\u00e4he Ihres 4-Sterne-Campingplatzes gibt es jede Menge zu tun und zu sehen.<\/p>\n\n\n\n<h3 class=\"wp-block-heading has-text-align-center texte-rond has-orange-color has-text-color has-link-color has-large-font-size wp-elements-4e88a1a0fa59d6ca4ee570fefb0728a9\">Outdoor-Ausfl\u00fcge mit der Familie in Pornic<\/h3>\n\n\n\n<div class=\"wp-block-media-text is-stacked-on-mobile\"><figure class=\"wp-block-media-text__media\"><img loading=\"lazy\" decoding=\"async\" width=\"1024\" height=\"683\" src=\"https:\/\/mirabel-renaudiere.com\/wp-content\/uploads\/2022\/01\/zoo-animaux-girafe-1024x683.jpg\" alt=\"die Aktivit\u00e4ten auf dem Campingplatz Loire-atlantique\" class=\"wp-image-2914 size-full\" srcset=\"https:\/\/mirabel-renaudiere.com\/wp-content\/uploads\/2022\/01\/zoo-animaux-girafe-1024x683.jpg 1024w, https:\/\/mirabel-renaudiere.com\/wp-content\/uploads\/2022\/01\/zoo-animaux-girafe-300x200.jpg 300w, https:\/\/mirabel-renaudiere.com\/wp-content\/uploads\/2022\/01\/zoo-animaux-girafe-768x512.jpg 768w, https:\/\/mirabel-renaudiere.com\/wp-content\/uploads\/2022\/01\/zoo-animaux-girafe-1536x1025.jpg 1536w, https:\/\/mirabel-renaudiere.com\/wp-content\/uploads\/2022\/01\/zoo-animaux-girafe.jpg 1920w\" sizes=\"auto, (max-width: 1024px) 100vw, 1024px\" \/><\/figure><div class=\"wp-block-media-text__content\">\n<h4 class=\"wp-block-heading\">Aktivit\u00e4ten rund um Tiere<\/h4>\n\n\n\n<p>Nur 30 Minuten von Ihrer Unterkunft entfernt stehen Ihnen zwei M\u00f6glichkeiten zur Verf\u00fcgung:<\/p>\n\n\n\n<p>&nbsp;\u2022 <strong>Wilder Planet&nbsp;<\/strong>: die gr\u00f6\u00dfte Safari in Frankreich! Erkunden Sie tags\u00fcber die 6 Welten dieses wundersch\u00f6nen Zoos, um immer mehr \u00fcber Ihre Lieblingstiere zu erfahren. Der Park z\u00e4hlt nicht weniger als 1000 Tiere und 110 verschiedene Arten. In jeder Schulferienwoche werden thematische Animationen angeboten, um <strong>die ganze Familie.<\/strong><br><strong><em>Ge\u00f6ffnet von Februar bis November<\/em><\/strong><\/p>\n\n\n\n<p>\u2022 <strong>L\u00e9gendia Parc :<\/strong> Auf einer Fl\u00e4che von fast 33 Hektar erwarten Sie 400 Tiere, die Ihnen \u00fcberraschende und m\u00e4rchenhafte Geschichten erz\u00e4hlen. T\u00e4glich finden Veranstaltungen, Shows und andere Animationen statt, die sowohl den Kindern als auch den Erwachsenen gefallen werden. <strong>an die Kleinen wie an die Gro\u00dfen.<\/strong><br><strong><em>Ge\u00f6ffnet von Februar bis Mitte November<\/em><\/strong><\/p>\n\n\n\n<p>Etwas weiter entfernt, 50 Minuten vom <strong>Campingplatz Mirabel La Renaudi\u00e8re<\/strong>, Entdecken Sie das Oc\u00e9arium du Croisic. Der Park l\u00e4dt Sie ein, in die Welt von \u00fcber 4000 Meerestieren in 56 Aquarien einzutauchen.<br><strong><em>Ge\u00f6ffnet von Februar bis Dezember<\/em><\/strong> \u2013 (<strong><em>Ja, wir wissen, es ist drinnen, aber es geh\u00f6rt zu den Tieren \ud83d\ude42. <\/em><\/strong>)<\/p>\n<\/div><\/div>\n\n\n\n<div class=\"wp-block-media-text has-media-on-the-right is-stacked-on-mobile front-page-section grey\"><div class=\"wp-block-media-text__content\">\n<h4 class=\"wp-block-heading\"><strong>Spaziergang in der Natur oder kultureller Spaziergang<\/strong><\/h4>\n\n\n\n<p>Die <strong><a href=\"https:\/\/mirabel-renaudiere.com\/de\/region-zielort-pornic\/\" target=\"_blank\" rel=\"noreferrer noopener\">Region Pornic<\/a><\/strong> bietet wundersch\u00f6ne Landschaften, die es zu erkunden gilt. Genie\u00dfen Sie die <strong>K\u00fcstenpfade<\/strong> f\u00fcr einen Spaziergang entlang der Klippen oder erkunden Sie die wilden Str\u00e4nde und die umliegenden W\u00e4lder. <strong>Die Wanderungen<\/strong> Es gibt zahlreiche Wanderwege, die f\u00fcr alle Niveaus geeignet sind und auf denen Sie die Natur in ihrer ganzen Pracht erleben k\u00f6nnen. <strong>Jadek\u00fcste.<\/strong><\/p>\n\n\n\n<p>Kultur: Der Charme des historischen Zentrums von Pornic ist unbestreitbar. Zwischen dem <strong>mittelalterliche Burg<\/strong> und den f\u00fcr die Region typischen bunten H\u00e4usern ist diese kleine Stadt ein wahres Juwel, das es zu Fu\u00df zu entdecken gilt. Wenn Sie Ihre kleine <strong>Besichtigung von Pornic<\/strong>, Von hier aus k\u00f6nnen Sie auch den Place de la Terrasse, Les Halles oder die beiden ungew\u00f6hnlichen und \u00fcberraschenden Treppen mit ihrer Geschichte sehen.<\/p>\n\n\n\n<p><\/p>\n<\/div><figure class=\"wp-block-media-text__media\"><img loading=\"lazy\" decoding=\"async\" width=\"600\" height=\"576\" src=\"https:\/\/mirabel-renaudiere.com\/wp-content\/uploads\/2025\/01\/visite-pornic-culturelle.jpg\" alt=\"besuch von pornic stadtzentrum kultur\" class=\"wp-image-12381 size-full\" srcset=\"https:\/\/mirabel-renaudiere.com\/wp-content\/uploads\/2025\/01\/visite-pornic-culturelle.jpg 600w, https:\/\/mirabel-renaudiere.com\/wp-content\/uploads\/2025\/01\/visite-pornic-culturelle-300x288.jpg 300w\" sizes=\"auto, (max-width: 600px) 100vw, 600px\" \/><\/figure><\/div>\n\n\n\n<p><\/p>\n\n\n\n<div class=\"wp-block-media-text has-media-on-the-right is-stacked-on-mobile\"><div class=\"wp-block-media-text__content\">\n<h4 class=\"wp-block-heading\"><strong>Ein bisschen Sport und Nervenkitzel!<\/strong><\/h4>\n\n\n\n<p>Wer Adrenalin mag, sollte Pornic Aventure und seine <strong>Hochseilgarten<\/strong> <strong>in Pornic<\/strong>. Klettern Sie von Baum zu Baum, von Seilrutsche zu Seilrutsche, um direkt \u00fcber einem wundersch\u00f6nen Teich an H\u00f6he zu gewinnen! Wenn Sie den ganzen Tag dort verbringen m\u00f6chten, sind Picknicktische aufgestellt.<br><strong><em>Parcours ab 4 Jahren zug\u00e4nglich. <\/em><\/strong> <em><strong>Ge\u00f6ffnet von April bis Oktober.<\/strong><\/em><\/p>\n\n\n\n<p>Wenn Sie Geschwindigkeit bevorzugen, empfehlen wir Ihnen, den <strong>Go-Kart in Pornic<\/strong>. Angesiedelt neben Ihrem <strong>Campingplatz in La Plaine-sur-Mer (10 Minuten mit dem Auto)<\/strong>, Hier kannst du deine Freunde zu einem atemberaubenden Rennen mit Vollgas herausfordern. M\u00f6ge der Beste gewinnen! <br><strong><em>Zug\u00e4nglich ab 3 Jahren, ge\u00f6ffnet von Februar bis Dezember<\/em><\/strong>.<\/p>\n\n\n\n<p>Weitere Ideen f\u00fcr Ausfl\u00fcge finden Sie auf der Website der\u2019<a href=\"https:\/\/www.pornic.com\/\" target=\"_blank\" rel=\"noreferrer noopener\">Office de Tourisme Destination Pornic.<\/a><\/p>\n<\/div><figure class=\"wp-block-media-text__media\"><img loading=\"lazy\" decoding=\"async\" width=\"600\" height=\"398\" src=\"https:\/\/mirabel-renaudiere.com\/wp-content\/uploads\/2025\/01\/karting-pornic-activite-loisirs.jpg\" alt=\"karting pornic sportliche aktivit\u00e4t urlaub\" class=\"wp-image-12385 size-full\" srcset=\"https:\/\/mirabel-renaudiere.com\/wp-content\/uploads\/2025\/01\/karting-pornic-activite-loisirs.jpg 600w, https:\/\/mirabel-renaudiere.com\/wp-content\/uploads\/2025\/01\/karting-pornic-activite-loisirs-300x199.jpg 300w\" sizes=\"auto, (max-width: 600px) 100vw, 600px\" \/><\/figure><\/div>\n\n\n\n<div style=\"height:50px\" aria-hidden=\"true\" class=\"wp-block-spacer\"><\/div>\n\n\n\n<hr class=\"wp-block-separator alignwide has-alpha-channel-opacity is-style-dots\"\/>\n\n\n\n<div style=\"height:50px\" aria-hidden=\"true\" class=\"wp-block-spacer\"><\/div>\n\n\n\n<h3 class=\"wp-block-heading has-text-align-center texte-rond has-orange-color has-text-color has-link-color has-large-font-size wp-elements-ff0a9e18b5cb6b963d1db77aceb9eb3a\">Was Sie bei Regen in Pornic unternehmen k\u00f6nnen<\/h3>\n\n\n\n<div class=\"wp-block-media-text is-stacked-on-mobile front-page-section grey\"><figure class=\"wp-block-media-text__media\"><img loading=\"lazy\" decoding=\"async\" width=\"600\" height=\"450\" src=\"https:\/\/mirabel-renaudiere.com\/wp-content\/uploads\/2025\/01\/galettes-st-michel-gastronomie.jpg\" alt=\"spezialit\u00e4t pornic galettes saint michel\" class=\"wp-image-12389 size-full\" srcset=\"https:\/\/mirabel-renaudiere.com\/wp-content\/uploads\/2025\/01\/galettes-st-michel-gastronomie.jpg 600w, https:\/\/mirabel-renaudiere.com\/wp-content\/uploads\/2025\/01\/galettes-st-michel-gastronomie-300x225.jpg 300w\" sizes=\"auto, (max-width: 600px) 100vw, 600px\" \/><\/figure><div class=\"wp-block-media-text__content\">\n<p><\/p>\n\n\n\n<p>Wie wir wissen, kann es in unserer Region Loire-Atlantique manchmal zu einigen Regentagen kommen. Sie fragen uns oft an der Rezeption des Campingplatzes \u00ab.\u00ab&nbsp;<strong>was tun, wenn es regnet?<\/strong>&nbsp;\u00bbDann finden Sie hier einige Vorschl\u00e4ge f\u00fcr gedeckte Aktivit\u00e4ten in Pornic und Umgebung.<\/p>\n\n\n\n<p><\/p>\n\n\n\n<h4 class=\"wp-block-heading\"><strong>Ausfl\u00fcge rund um die Gastronomie<\/strong><\/h4>\n\n\n\n<p>Es gibt viele <strong>kulinarische Spezialit\u00e4ten<\/strong> <strong>in Loire-Atlantique <\/strong>und rund um Pornic zu probieren, beginnend mit dem <strong>Pfarrer aus Nantes. <\/strong>Es ist ein Weichk\u00e4se aus roher Kuhmilch, den man sowohl kalt als auch warm genie\u00dfen kann. Sie k\u00f6nnen die K\u00e4serei des <strong>Pfarrer Nantais in Pornic gelegen<\/strong>, Sie k\u00f6nnen auch eine kleine Kostprobe nehmen.<\/p>\n\n\n\n<p>Sind Sie eher ein Keks-Typ? \u00d6ffnen Sie die T\u00fcren der D\u00e9lices de Saint-Michel und entdecken Sie die <strong>Herstellungsgeheimnisse <\/strong>dieses kleinen Butterkekses, der Galettes und anderer kleiner Kuchen. Ein Termin, den Sie nicht verpassen sollten, wenn Sie Naschkatzen sind. Sie k\u00f6nnen Ihre Favoriten mit nach Hause nehmen, und die Auswahl ist gro\u00df!<\/p>\n\n\n\n<p><\/p>\n<\/div><\/div>\n\n\n\n<p><\/p>\n\n\n\n<div class=\"wp-block-media-text is-stacked-on-mobile\"><figure class=\"wp-block-media-text__media\"><img loading=\"lazy\" decoding=\"async\" width=\"600\" height=\"400\" src=\"https:\/\/mirabel-renaudiere.com\/wp-content\/uploads\/2025\/01\/pointe-saint-gildas-semaphore-prefailles.jpg\" alt=\"pointe saint gildas semaphor pr\u00e9failles besichtigung\" class=\"wp-image-12393 size-full\" srcset=\"https:\/\/mirabel-renaudiere.com\/wp-content\/uploads\/2025\/01\/pointe-saint-gildas-semaphore-prefailles.jpg 600w, https:\/\/mirabel-renaudiere.com\/wp-content\/uploads\/2025\/01\/pointe-saint-gildas-semaphore-prefailles-300x200.jpg 300w\" sizes=\"auto, (max-width: 600px) 100vw, 600px\" \/><\/figure><div class=\"wp-block-media-text__content\">\n<h4 class=\"wp-block-heading\"><strong>Kulturelle und touristische Besichtigungen in der N\u00e4he von Pornic<\/strong><\/h4>\n\n\n\n<p>Wer hat nicht schon einmal davon getr\u00e4umt, in seinem eigenen Haus zu fr\u00fchst\u00fccken <strong>Sch\u00fcssel Vorname<\/strong>&nbsp;? Sie m\u00fcssen sie irgendwo gesehen haben. Sie sind der unumstrittene Star der Region und werden hier hergestellt. Die <strong>Fa\u00efencerie de Pornic<\/strong> kann besichtigt werden und bietet Ihnen sogar <strong>Dekorationsworkshops<\/strong> um Ihre Namenssch\u00fcssel selbst zu gestalten.<\/p>\n\n\n\n<p>\u00dcber die ber\u00fchmte <strong>Spitze Saint-Gildas<\/strong> befindet sich der Semaphor, der f\u00fcr Besucher ge\u00f6ffnet ist. In einem Museumsbereich lernen Sie die Geschichte der Kommunikation und \u00dcberwachung der K\u00fcsten im 19. und 20. Jahrhundert kennen.<sup>\u00e8me<\/sup> Jahrhundert. <strong>Der Semaphor<\/strong> bel\u00e4uft sich auf <strong>12 Meter hoch<\/strong>, Von der Terrasse im zweiten Stock aus k\u00f6nnen Sie das herrliche Panorama der Bucht von Bourgneuf und der Loire-M\u00fcndung genie\u00dfen.<\/p>\n<\/div><\/div>\n\n\n\n<p><\/p>\n\n\n\n<h3 class=\"wp-block-heading has-text-align-center\">Ihr Campingurlaub in Pornic<\/h3>\n\n\n\n<p class=\"has-text-align-center\">Ob Sie nun auf der Suche nach Entspannung, Abenteuer oder Kultur sind, Pornic wird all Ihre W\u00fcnsche erf\u00fcllen. Mit seinen vielf\u00e4ltigen Aktivit\u00e4ten, von\u2019<strong>Baumklettern am Go-Kart,<\/strong> bis hin zu kulturellen Besichtigungen, finden Sie stets<strong> was man in Pornic mit der Familie unternehmen kann.<\/strong> Warten Sie nicht l\u00e4nger, um Ihren Urlaub zu buchen<strong> <a href=\"https:\/\/mirabel-renaudiere.com\/de\/\" target=\"_blank\" rel=\"noreferrer noopener\">auf dem Campingplatz La Renaudi\u00e8re<\/a><\/strong>, Die Stadt ist der ideale Ausgangspunkt f\u00fcr die Erkundung dieser wundersch\u00f6nen Region. Unter <a href=\"https:\/\/mirabel-renaudiere.com\/de\/tarife-fur-die-vermietung-von-mobilheimen\/\" data-type=\"page\" data-id=\"56\">Mobilheim<\/a>, Zelt, Zeltplane oder Wohnwagen, genie\u00dfen Sie Ihre<strong> Unterkunftsort<\/strong> und seine N\u00e4he zu den zahlreichen Freizeitaktivit\u00e4ten der Region. Z\u00f6gern Sie nicht, sich bei Salom\u00e9 oder Ma\u00ebliss an der Rezeption zu erkundigen.<\/p>\n\n\n\n<p><\/p>","protected":false},"excerpt":{"rendered":"<p>Que faire \u00e0 Pornic&nbsp;pendant les vacances&nbsp;? Activit\u00e9s et loisirs pr\u00e8s de Pornic Vous \u00eates en vacances dans notre Camping Mirabel [&hellip;]<\/p>\n","protected":false},"author":2,"featured_media":0,"parent":0,"menu_order":0,"comment_status":"closed","ping_status":"closed","template":"","meta":{"_seopress_robots_primary_cat":"","_seopress_titles_title":"Que faire \u00e0 Pornic pendant les vacances - La Renaudi\u00e8re","_seopress_titles_desc":"Activit\u00e9s et loisirs pendant vos vacances \u00e0 Pornic. Retrouvez tous les parcs et mus\u00e9es \u00e0 faire autour du camping 4 \u00e9toiles La Renaudi\u00e8re.","_seopress_robots_index":"","footnotes":""},"class_list":["post-12373","page","type-page","status-publish","hentry"],"_links":{"self":[{"href":"https:\/\/mirabel-renaudiere.com\/de\/wp-json\/wp\/v2\/pages\/12373","targetHints":{"allow":["GET"]}}],"collection":[{"href":"https:\/\/mirabel-renaudiere.com\/de\/wp-json\/wp\/v2\/pages"}],"about":[{"href":"https:\/\/mirabel-renaudiere.com\/de\/wp-json\/wp\/v2\/types\/page"}],"author":[{"embeddable":true,"href":"https:\/\/mirabel-renaudiere.com\/de\/wp-json\/wp\/v2\/users\/2"}],"replies":[{"embeddable":true,"href":"https:\/\/mirabel-renaudiere.com\/de\/wp-json\/wp\/v2\/comments?post=12373"}],"version-history":[{"count":26,"href":"https:\/\/mirabel-renaudiere.com\/de\/wp-json\/wp\/v2\/pages\/12373\/revisions"}],"predecessor-version":[{"id":13195,"href":"https:\/\/mirabel-renaudiere.com\/de\/wp-json\/wp\/v2\/pages\/12373\/revisions\/13195"}],"wp:attachment":[{"href":"https:\/\/mirabel-renaudiere.com\/de\/wp-json\/wp\/v2\/media?parent=12373"}],"curies":[{"name":"wp","href":"https:\/\/api.w.org\/{rel}","templated":true}]}}