{"id":267,"date":"2022-02-17T10:04:00","date_gmt":"2022-02-17T09:04:00","guid":{"rendered":"https:\/\/www.campinglarenaudiere.com\/?page_id=267"},"modified":"2025-11-12T12:58:15","modified_gmt":"2025-11-12T11:58:15","slug":"loire-atlantique-bretagne","status":"publish","type":"page","link":"https:\/\/mirabel-renaudiere.com\/de\/loire-atlantique-bretagne","title":{"rendered":"Loire-Atlantique"},"content":{"rendered":"<h1 class=\"wp-block-heading\" id=\"des-vacances-pour-toute-la-famille-en-loire-atlantique\">Urlaub f\u00fcr die ganze Familie in Loire-Atlantique<\/h1>\n\n\n\n<div class=\"wp-block-media-text alignwide is-stacked-on-mobile\"><figure class=\"wp-block-media-text__media\"><img loading=\"lazy\" decoding=\"async\" width=\"1024\" height=\"683\" src=\"https:\/\/www.mirabel-renaudiere.com\/wp-content\/uploads\/2022\/02\/plage-couple-balade-Re\u0301cupe\u0301re\u0301-1024x683.jpg\" alt=\"\" class=\"wp-image-4507 size-full\" srcset=\"https:\/\/mirabel-renaudiere.com\/wp-content\/uploads\/2022\/02\/plage-couple-balade-Re\u0301cupe\u0301re\u0301-1024x683.jpg 1024w, https:\/\/mirabel-renaudiere.com\/wp-content\/uploads\/2022\/02\/plage-couple-balade-Re\u0301cupe\u0301re\u0301-300x200.jpg 300w, https:\/\/mirabel-renaudiere.com\/wp-content\/uploads\/2022\/02\/plage-couple-balade-Re\u0301cupe\u0301re\u0301-768x512.jpg 768w, https:\/\/mirabel-renaudiere.com\/wp-content\/uploads\/2022\/02\/plage-couple-balade-Re\u0301cupe\u0301re\u0301-1536x1024.jpg 1536w, https:\/\/mirabel-renaudiere.com\/wp-content\/uploads\/2022\/02\/plage-couple-balade-Re\u0301cupe\u0301re\u0301-2048x1365.jpg 2048w\" sizes=\"auto, (max-width: 1024px) 100vw, 1024px\" \/><\/figure><div class=\"wp-block-media-text__content\">\n<h2 class=\"wp-block-heading\" id=\"une-diversite-d-activites-pour-tous-les-ages\">Reichhaltige touristische Aktivit\u00e4ten f\u00fcr alle<\/h2>\n\n\n\n<figure class=\"wp-block-image size-full is-style-default\"><img decoding=\"async\" src=\"https:\/\/www.mirabel-renaudiere.com\/wp-content\/uploads\/2022\/01\/barre-bleue.png\" alt=\"\" class=\"wp-image-2382\"\/><\/figure>\n\n\n\n<p>Das Reiseziel <a href=\"https:\/\/tourisme-loireatlantique.com\/\"><strong>Loire Atlantique<\/strong><\/a> f\u00fcr Ihre Ferien, Wochenenden oder Kurzaufenthalte in <strong>Campingplatz Mirabel La Renaudi\u00e8re<\/strong> ist ideal, wenn Sie Zeit mit Ihrer Familie verbringen m\u00f6chten. Sie verf\u00fcgt \u00fcber einen <strong>Landschaft und ein reiches Erbe<\/strong> die jeden, ob gro\u00df oder klein, begeistern wird. In der N\u00e4he von La Plaine sur Mer oder ein paar Kilometer weiter, von <strong>zahlreiche Aktivit\u00e4ten <\/strong>werden angeboten, die Sie allein oder zu mehreren unternehmen k\u00f6nnen! Egal, ob Sie sich eher f\u00fcr das Meer, die Stadt oder das Land entscheiden, Ihre W\u00fcnsche werden schnell erf\u00fcllt und Sie werden sich nur darauf freuen, so schnell wie m\u00f6glich wiederzukommen. <a href=\"https:\/\/reservation.secureholiday.net\/fr\/16565\/\" target=\"_blank\" rel=\"noreferrer noopener\">Ihren zuk\u00fcnftigen Urlaub buchen<\/a> bei uns zu Hause! Ein kleiner \u00dcberblick \u00fcber Sehenswertes und <strong>was Sie in Loire-Atlantique unbedingt tun sollten<\/strong> ! <\/p>\n\n\n\n<figure class=\"wp-block-image alignright size-full is-resized\"><img loading=\"lazy\" decoding=\"async\" width=\"320\" height=\"339\" src=\"https:\/\/www.mirabel-renaudiere.com\/wp-content\/uploads\/2022\/01\/transat.png\" alt=\"\" class=\"wp-image-1719\" style=\"width:80px;height:85px\" srcset=\"https:\/\/mirabel-renaudiere.com\/wp-content\/uploads\/2022\/01\/transat.png 320w, https:\/\/mirabel-renaudiere.com\/wp-content\/uploads\/2022\/01\/transat-283x300.png 283w\" sizes=\"auto, (max-width: 320px) 100vw, 320px\" \/><\/figure>\n<\/div><\/div>\n\n\n\n<p><\/p>\n\n\n\n<div class=\"wp-block-media-text alignwide has-media-on-the-right is-stacked-on-mobile front-page-section grey animate right\"><div class=\"wp-block-media-text__content\">\n<p><\/p>\n\n\n\n<h2 class=\"wp-block-heading\" id=\"de-saint-nazaire-a-guerande-la-bretagne-sud-dans-toute-sa-splendeur\">Von Saint-Nazaire nach Gu\u00e9rande - Die Sch\u00f6nheit der S\u00fcdbretagne!<\/h2>\n\n\n\n<figure class=\"wp-block-image size-full\"><img decoding=\"async\" src=\"https:\/\/www.mirabel-renaudiere.com\/wp-content\/uploads\/2022\/01\/barre-bleue.png\" alt=\"\" class=\"wp-image-2382\"\/><\/figure>\n\n\n\n<p><\/p>\n\n\n\n<p>Auf dem Weg hinauf nach Saint-Nazaire werden Sie die Sch\u00f6nheit und die Entwicklung dieser Stadt entdecken, die heute als die wichtigste Stadt der Welt gilt.<strong>a Tor zum Atlantik<\/strong>. Die Strandpromenade, die Werften, auf denen Sie \u00abMeeresriesen\u00bb ersp\u00e4hen k\u00f6nnen, das <strong>botanischer Garten<\/strong> oder die <strong>Besuch eines Ozeandampfers <\/strong>oder eines U-Boots, das ist es, was Saint-Nazaire zu bieten hat.<\/p>\n\n\n\n<p>Wenn Sie Ihren Weg fortsetzen, sollten Sie sich den l\u00e4ngsten Strand Europas nicht entgehen lassen: La Baule. Ziehen Sie Ihre Schuhe aus, um zu f\u00fchlen <strong>der feine Sand<\/strong> oder fahren Sie die Avenue c\u00f4ti\u00e8re entlang und lassen Sie sich von diesem kleinen, typischen Badeort aus dem 20.<\/p>\n\n\n\n<p>Und schlie\u00dflich, ein absolutes Muss in der Region, gehen Sie nicht, ohne Folgendes besucht zu haben <strong><a href=\"https:\/\/www.ville-guerande.fr\/\">Gu\u00e9rande<\/a>, Die Hauptstadt des Salzes<\/strong>. In der Gegend gibt es zahlreiche Salzg\u00e4rten zu entdecken. Dort k\u00f6nnen Sie die verschiedenen Etappen seiner Verarbeitung kennenlernen. Gu\u00e9rande ist aber auch eine <strong>mittelalterliche Stadt<\/strong> wo die Stadtmauern und der Stadtkern einzigartig sind! Z\u00f6gern Sie nicht, dort w\u00e4hrend Ihres Urlaubs in La Renaudi\u00e8re nach einer kleinen <a href=\"https:\/\/mirabel-renaudiere.com\/de\/aktivitaten-sport-freizeit\/\" target=\"_blank\" rel=\"noreferrer noopener\">Boule-Partie<\/a>, Die Schule liegt weniger als eine Stunde vom Campingplatz entfernt.<\/p>\n\n\n\n<p><\/p>\n<\/div><figure class=\"wp-block-media-text__media\"><img loading=\"lazy\" decoding=\"async\" width=\"1024\" height=\"683\" src=\"https:\/\/www.mirabel-renaudiere.com\/wp-content\/uploads\/2022\/02\/guerande-marais-salant-1024x683.jpg\" alt=\"\" class=\"wp-image-4532 size-full\" srcset=\"https:\/\/mirabel-renaudiere.com\/wp-content\/uploads\/2022\/02\/guerande-marais-salant-1024x683.jpg 1024w, https:\/\/mirabel-renaudiere.com\/wp-content\/uploads\/2022\/02\/guerande-marais-salant-300x200.jpg 300w, https:\/\/mirabel-renaudiere.com\/wp-content\/uploads\/2022\/02\/guerande-marais-salant-768x512.jpg 768w, https:\/\/mirabel-renaudiere.com\/wp-content\/uploads\/2022\/02\/guerande-marais-salant-1536x1024.jpg 1536w, https:\/\/mirabel-renaudiere.com\/wp-content\/uploads\/2022\/02\/guerande-marais-salant-2048x1365.jpg 2048w\" sizes=\"auto, (max-width: 1024px) 100vw, 1024px\" \/><\/figure><\/div>\n\n\n\n<div class=\"wp-block-media-text alignwide is-stacked-on-mobile\"><figure class=\"wp-block-media-text__media\"><img loading=\"lazy\" decoding=\"async\" width=\"1024\" height=\"683\" src=\"https:\/\/www.mirabel-renaudiere.com\/wp-content\/uploads\/2022\/02\/nantes-machines-ile-1-1024x683.jpg\" alt=\"\" class=\"wp-image-4499 size-full\" srcset=\"https:\/\/mirabel-renaudiere.com\/wp-content\/uploads\/2022\/02\/nantes-machines-ile-1-1024x683.jpg 1024w, https:\/\/mirabel-renaudiere.com\/wp-content\/uploads\/2022\/02\/nantes-machines-ile-1-300x200.jpg 300w, https:\/\/mirabel-renaudiere.com\/wp-content\/uploads\/2022\/02\/nantes-machines-ile-1-768x512.jpg 768w, https:\/\/mirabel-renaudiere.com\/wp-content\/uploads\/2022\/02\/nantes-machines-ile-1-1536x1024.jpg 1536w, https:\/\/mirabel-renaudiere.com\/wp-content\/uploads\/2022\/02\/nantes-machines-ile-1-2048x1365.jpg 2048w\" sizes=\"auto, (max-width: 1024px) 100vw, 1024px\" \/><\/figure><div class=\"wp-block-media-text__content\">\n<h2 class=\"wp-block-heading\" id=\"nantes-entre-petits-plaisirs-et-balades-historiques\">Besichtigung von Nantes, seiner Geschichte und Kultur<\/h2>\n\n\n\n<figure class=\"wp-block-image size-full is-style-default\"><img decoding=\"async\" src=\"https:\/\/www.mirabel-renaudiere.com\/wp-content\/uploads\/2022\/01\/barre-bleue.png\" alt=\"\" class=\"wp-image-2382\"\/><\/figure>\n\n\n\n<p>Es ist unm\u00f6glich, in den Ferien in die Region Loire Atlantique zu kommen, ohne die wundersch\u00f6ne <a href=\"https:\/\/www.nantes-tourisme.com\/fr\"><strong>Stadt Nantes<\/strong><\/a>&nbsp;!  F\u00fcr die <strong>Geschichtsinteressierte<\/strong>, Halten Sie an der <a href=\"https:\/\/www.chateaunantes.fr\/\"><strong>Schloss der Herz\u00f6ge der Bretagne<\/strong><\/a> im Herzen der Stadt und durchstreifen Sie die Stadtmauern und den Innenhof. F\u00fcr diejenigen, die den Besuch verl\u00e4ngern m\u00f6chten, ist das Museum \u00fcber die Geschichte von Nantes im Schloss selbst das ganze Jahr \u00fcber ge\u00f6ffnet.<\/p>\n\n\n\n<p>Entdecken Sie auch \u00ab&nbsp;<strong>Die Reise nach Nantes<\/strong>&nbsp;\u00bb: \u00dcber 20 km Strecke auf der Suche nach den unumg\u00e4nglichen Sehensw\u00fcrdigkeiten des Reiseziels und den bemerkenswerten Elementen. Folgen Sie der auf dem Boden markierten gr\u00fcnen Linie und lassen Sie sich f\u00fchren!<\/p>\n\n\n\n<p>Lust, durch die Gesch\u00e4fte zu schlendern und etwas zu trinken? Das <strong>Stadtteil Bouffay <\/strong>ist voll von kleinen Gesch\u00e4ften, Restaurants und Bars, ganz nach Ihren W\u00fcnschen. Um Ihren Besuch fortzusetzen, gehen Sie weiter bis zur Passage Pommeraye, die in ihren Schaufenstern Gesch\u00e4fte mit pr\u00e4chtigen Ornamenten, Statuen und Skulpturen beherbergt!<\/p>\n\n\n\n<p>Und f\u00fcr diejenigen, die von den gro\u00dfen Dingen tr\u00e4umen: Gehen Sie nicht, ohne vorher auf dem\u2019<strong>\u00cele de Nantes und ihre Maschinen.<\/strong> Dort k\u00f6nnen Sie an Bord des Riesenelefanten oder des Karussells der Meereswelten klettern, um ganz neue Erfahrungen zu machen.<\/p>\n<\/div><\/div>\n\n\n\n<p class=\"has-text-align-center texte-rond mt-5 has-large-font-size\">Was es auf dem Campingplatz zu entdecken gibt<\/p>\n\n\n\n<div class=\"wp-block-columns are-vertically-aligned-center h-20 front-page-section grey is-layout-flex wp-container-core-columns-is-layout-28f84493 wp-block-columns-is-layout-flex\">\n<div class=\"wp-block-column is-layout-flow wp-block-column-is-layout-flow\"><\/div>\n\n\n\n<div class=\"wp-block-column is-layout-flow wp-block-column-is-layout-flow\">\n<div class=\"wp-block-create-block-sevgutenberg-navigation\"><aside class=\"encart-sev-navigation small carre\"><a href=\"https:\/\/mirabel-renaudiere.com\/de\/tarife-fur-die-vermietung-von-mobilheimen\/\" class=\"d-flex flex-column align-items-center\"><div class=\"encart-title\"><span>Mobilheime<\/span><\/div><div class=\"vague\"><\/div><img decoding=\"async\" src=\"https:\/\/www.mirabel-renaudiere.com\/wp-content\/uploads\/2023\/04\/mobil-home-location-vacances-plaien-sur-mer.jpg\" alt=\"vermietung von mobilheimen pornic\"\/><div class=\"ligne\"><\/div><div class=\"hover\"><\/div><\/a><\/aside><\/div>\n<\/div>\n\n\n\n<div class=\"wp-block-column is-vertically-aligned-center is-layout-flow wp-block-column-is-layout-flow\">\n<div class=\"wp-block-create-block-sevgutenberg-navigation\"><aside class=\"encart-sev-navigation small carre\"><a href=\"https:\/\/mirabel-renaudiere.com\/de\/wasserpark\/\" class=\"d-flex flex-column align-items-center\"><div class=\"encart-title\"><span>Schwimmb\u00e4der<\/span><\/div><div class=\"vague\"><\/div><img decoding=\"async\" src=\"https:\/\/mirabel-renaudiere.com\/wp-content\/uploads\/2025\/07\/encart-piscine-camping.jpg\" alt=\"schwimmbad la plaine sur mer camping\"\/><div class=\"ligne\"><\/div><div class=\"hover\"><\/div><\/a><\/aside><\/div>\n<\/div>\n\n\n\n<div class=\"wp-block-column is-vertically-aligned-center is-layout-flow wp-block-column-is-layout-flow\">\n<div class=\"wp-block-create-block-sevgutenberg-navigation\"><aside class=\"encart-sev-navigation small carre\"><a href=\"https:\/\/mirabel-renaudiere.com\/de\/tarife-fur-wohnwagen\/\" class=\"d-flex flex-column align-items-center\"><div class=\"encart-title\"><span>Campingpl\u00e4tze<\/span><\/div><div class=\"vague\"><\/div><img decoding=\"async\" src=\"https:\/\/www.mirabel-renaudiere.com\/wp-content\/uploads\/2021\/12\/emplacement-tente-camping.jpg\" alt=\"Zeltplatz des Campingplatzes\"\/><div class=\"ligne\"><\/div><div class=\"hover\"><\/div><\/a><\/aside><\/div>\n<\/div>\n\n\n\n<div class=\"wp-block-column is-layout-flow wp-block-column-is-layout-flow\"><\/div>\n<\/div>","protected":false},"excerpt":{"rendered":"<p>Des vacances pour toute la famille en Loire-Atlantique A d\u00e9couvrir au camping<\/p>","protected":false},"author":1,"featured_media":0,"parent":0,"menu_order":0,"comment_status":"closed","ping_status":"closed","template":"","meta":{"_seopress_robots_primary_cat":"","_seopress_titles_title":"Tourisme \u00e0 visiter Loire Atlantique Bretagne sud Nantes","_seopress_titles_desc":"Pendant votre s\u00e9jour au camping La Renaudi\u00e8re pr\u00e8s de Pornic, quelques exemples de destinations touristiques \u00e0 visiter en Loire-Atlantique","_seopress_robots_index":"","footnotes":""},"class_list":["post-267","page","type-page","status-publish","hentry"],"_links":{"self":[{"href":"https:\/\/mirabel-renaudiere.com\/de\/wp-json\/wp\/v2\/pages\/267","targetHints":{"allow":["GET"]}}],"collection":[{"href":"https:\/\/mirabel-renaudiere.com\/de\/wp-json\/wp\/v2\/pages"}],"about":[{"href":"https:\/\/mirabel-renaudiere.com\/de\/wp-json\/wp\/v2\/types\/page"}],"author":[{"embeddable":true,"href":"https:\/\/mirabel-renaudiere.com\/de\/wp-json\/wp\/v2\/users\/1"}],"replies":[{"embeddable":true,"href":"https:\/\/mirabel-renaudiere.com\/de\/wp-json\/wp\/v2\/comments?post=267"}],"version-history":[{"count":43,"href":"https:\/\/mirabel-renaudiere.com\/de\/wp-json\/wp\/v2\/pages\/267\/revisions"}],"predecessor-version":[{"id":13181,"href":"https:\/\/mirabel-renaudiere.com\/de\/wp-json\/wp\/v2\/pages\/267\/revisions\/13181"}],"wp:attachment":[{"href":"https:\/\/mirabel-renaudiere.com\/de\/wp-json\/wp\/v2\/media?parent=267"}],"curies":[{"name":"wp","href":"https:\/\/api.w.org\/{rel}","templated":true}]}}