{"id":40,"date":"2021-12-10T14:14:32","date_gmt":"2021-12-10T13:14:32","guid":{"rendered":"https:\/\/www.campinglarenaudiere.com\/?page_id=40"},"modified":"2026-02-12T12:48:43","modified_gmt":"2026-02-12T11:48:43","slug":"restaurant-bar-snack","status":"publish","type":"page","link":"https:\/\/mirabel-renaudiere.com\/de\/restaurant-bar-snack","title":{"rendered":"Snack Bar"},"content":{"rendered":"<h1 class=\"wp-block-heading\" id=\"restaurant-snack-bar-a-la-plaine-sur-mer\">Campingplatz mit Snackbar in La Plaine-sur-Mer<\/h1>\n\n\n\n<p class=\"has-text-align-center\">Willkommen im Bistrot du Camping in La Plaine sur Mer, dem <strong>Snackbar auf unserem Campingplatz<\/strong> 4 Sterne La Renaudi\u00e8re. Um auf dem Campingplatz zu essen, bietet das Bistrot eine einfache, aber effektive Speisekarte: Burger, Pizza, Wurst, f\u00fcr einen Moment in der Sonne am Pool!<\/p>\n\n\n\n<figure class=\"wp-block-image aligncenter size-full\"><img decoding=\"async\" src=\"https:\/\/www.mirabel-renaudiere.com\/wp-content\/uploads\/2022\/01\/barre-bleue.png\" alt=\"\" class=\"wp-image-2382\"\/><\/figure>\n\n\n\n<div class=\"wp-block-media-text alignwide has-media-on-the-right is-stacked-on-mobile is-vertically-aligned-center\"><div class=\"wp-block-media-text__content\">\n<h2 class=\"wp-block-heading\">Die Bar des Campingplatzes La Renaudi\u00e8re in der N\u00e4he von Pornic.<\/h2>\n\n\n\n<p>Mit seinem sch\u00f6nen Namen \u00abBistrot du Camping\u00bb ist das <strong>Bar-Snack in La Renaudi\u00e8re<\/strong> ist von Mai bis August ge\u00f6ffnet. <\/p>\n\n\n\n<p>Machen Sie eine kleine Erfrischung auf der Terrasse, nach dem Schwimmen in <a href=\"https:\/\/mirabel-renaudiere.com\/de\/wasserpark\/\" target=\"_blank\" rel=\"noreferrer noopener\">das Schwimmbad des Campingplatzes<\/a>. Erfrischungsgetr\u00e4nke, hei\u00dfe Getr\u00e4nke, Eis, <strong>Waffeln f\u00fcr den Nachmittagssnack<\/strong> der gr\u00f6\u00dften Feinschmecker. Snacks und Brettchen zum Teilen f\u00fcr die herzhafte Seite.<\/p>\n\n\n\n<div class=\"wp-block-group border border-info card is-layout-constrained wp-container-core-group-is-layout-594587f7 wp-block-group-is-layout-constrained\" style=\"padding-top:var(--wp--preset--spacing--20);padding-right:var(--wp--preset--spacing--30);padding-bottom:var(--wp--preset--spacing--20);padding-left:var(--wp--preset--spacing--30)\">\n<div class=\"wp-block-group is-layout-constrained wp-block-group-is-layout-constrained\">\n<p><strong>Praktisch : <\/strong><\/p>\n\n\n\n<ul class=\"wp-block-list\">\n<li><strong>Mai-Juni : <br><\/strong>Fr:18h-22h<br>Sa: 11h-14h \/ 17h-22h<br>So: 11h-14h<\/li>\n\n\n\n<li><strong>Im Juli\/August :<br><\/strong>7 Tage die Woche ge\u00f6ffnet<br>Mo bis Fr: 16h-23h<br>Sa-So: 11h-23h<br><\/li>\n<\/ul>\n\n\n\n<p><em><strong>Besondere \u00d6ffnungszeiten f\u00fcr Br\u00fccken : <\/strong><\/em><br><strong>1. &amp; 8. Mai : <\/strong> Do: 18h-22h \/ Fr-Sa: 11h-14h \/ 17h-22h \/ So: 11h-14h<br><br><strong>Himmelfahrt (14. bis 17. Mai) : <\/strong>Mi: 18h-22h \/ Do-Fr-Sa: 11h-14h \/ 17h-22h \/ So: 11h-14h<br><br><strong>Pfingsten (23.-25. Mai) :<\/strong> Fr: 18h-22h \/ Sa-So: 11h-14h \/ 17h-22h \/ Mo: 11h-14h<\/p>\n<\/div>\n<\/div>\n\n\n\n<p><\/p>\n<\/div><figure class=\"wp-block-media-text__media\"><img loading=\"lazy\" decoding=\"async\" width=\"1024\" height=\"683\" src=\"https:\/\/www.mirabel-renaudiere.com\/wp-content\/uploads\/2023\/04\/camping-terrasse-bar-snack-1024x683.jpg\" alt=\"Die Terrasse der Snackbar La Renaudi\u00e8re\" class=\"wp-image-576 size-full\" srcset=\"https:\/\/mirabel-renaudiere.com\/wp-content\/uploads\/2023\/04\/camping-terrasse-bar-snack-1024x683.jpg 1024w, https:\/\/mirabel-renaudiere.com\/wp-content\/uploads\/2023\/04\/camping-terrasse-bar-snack-300x200.jpg 300w, https:\/\/mirabel-renaudiere.com\/wp-content\/uploads\/2023\/04\/camping-terrasse-bar-snack-768x512.jpg 768w, https:\/\/mirabel-renaudiere.com\/wp-content\/uploads\/2023\/04\/camping-terrasse-bar-snack.jpg 1200w\" sizes=\"auto, (max-width: 1024px) 100vw, 1024px\" \/><\/figure><\/div>\n\n\n\n<div style=\"height:14px\" aria-hidden=\"true\" class=\"wp-block-spacer\"><\/div>\n\n\n\n<div class=\"wp-block-media-text alignwide is-stacked-on-mobile front-page-section grey\"><figure class=\"wp-block-media-text__media\"><img loading=\"lazy\" decoding=\"async\" width=\"600\" height=\"800\" src=\"https:\/\/mirabel-renaudiere.com\/wp-content\/uploads\/2025\/07\/planche-apero-camping-Pornic-bd.jpg\" alt=\"\" class=\"wp-image-13028 size-full\" srcset=\"https:\/\/mirabel-renaudiere.com\/wp-content\/uploads\/2025\/07\/planche-apero-camping-Pornic-bd.jpg 600w, https:\/\/mirabel-renaudiere.com\/wp-content\/uploads\/2025\/07\/planche-apero-camping-Pornic-bd-225x300.jpg 225w\" sizes=\"auto, (max-width: 600px) 100vw, 600px\" \/><\/figure><div class=\"wp-block-media-text__content\">\n<h2 class=\"wp-block-heading\" id=\"le-snack-bar-du-camping-sur-place-ou-a-emporter\">Die Snackbar vor Ort oder zum Mitnehmen auf dem Campingplatz.<\/h2>\n\n\n\n<figure class=\"wp-block-image size-full\"><img decoding=\"async\" src=\"https:\/\/www.mirabel-renaudiere.com\/wp-content\/uploads\/2022\/01\/barre-bleue.png\" alt=\"\" class=\"wp-image-2382\"\/><\/figure>\n\n\n\n<p>Um einen geselligen Moment mit Ihren Lieben zu teilen, kommen Sie <strong>einen Drink zu sich nehmen<\/strong> in der Snackbar des Campingplatzes. Unsere Teams bereiten Ihnen kleine Cocktails zu, f\u00fcr die sie ein Geheimnis haben.<\/p>\n\n\n\n<p>Widerstehen Sie auch nicht unseren Brettern, die Sie mit Tapas und Pommes frites teilen k\u00f6nnen, einer kleinen Wurst oder einer Schale Pommes frites, je nachdem, worauf Sie gerade Lust haben.<\/p>\n\n\n\n<p>Im Juli\/August: Die Karte des <strong>Snackbar auf dem Campingplatz in La Plaine-sur-Mer<\/strong> wird f\u00fcr Ihre Sommerabende erweitert: Burger, Pizzas und Paninis stehen auf der Speisekarte.<\/p>\n\n\n\n<p>Wenn Sie m\u00f6chten, k\u00f6nnen Sie auch <strong>zum Mitnehmen bestellen<\/strong> unsere Snackprodukte. Genie\u00dfen Sie <strong>Ihre Ferienunterkunft <\/strong>oder Standort f\u00fcr <strong>unsere Produkte probieren <\/strong>mit deinen Freunden!<\/p>\n\n\n\n<hr class=\"wp-block-separator has-alpha-channel-opacity\"\/>\n\n\n\n<p><\/p>\n\n\n\n<p><strong>Gut zu wissen: <\/strong><\/p>\n\n\n\n<p>Sie k\u00f6nnen auch bei unseren Partner-Foodtrucks bestellen, um die verschiedenen angebotenen Gerichte zu probieren.<\/p>\n<\/div><\/div>\n\n\n\n<div class=\"wp-block-media-text alignwide has-media-on-the-right is-stacked-on-mobile animate right\"><div class=\"wp-block-media-text__content\">\n<p class=\"texte-rond has-orange-color has-text-color has-large-font-size\">Ihr Fr\u00fchst\u00fcck wie zu Hause!&nbsp;<\/p>\n\n\n\n<h2 class=\"wp-block-heading\"><strong>Brot- und Geb\u00e4ckverkauf im Sommer<\/strong><\/h2>\n\n\n\n<p>Von April bis Ende September an der Rezeption, der Campingplatz macht <strong>Brot- und Geb\u00e4ckdepot<\/strong> f\u00fcr Ihr Fr\u00fchst\u00fcck. Bestellen Sie am Vortag und tanken Sie Energie direkt in <a href=\"https:\/\/mirabel-renaudiere.com\/de\/tarife-fur-die-vermietung-von-mobilheimen\/\" data-type=\"page\" data-id=\"56\">Ihr Mobilheim<\/a> oder auf <a href=\"https:\/\/mirabel-renaudiere.com\/de\/tarife-fur-wohnwagen\/\" data-type=\"page\" data-id=\"60\">Ihr Standort<\/a>.<\/p>\n\n\n\n<p>Aufsteigend, <strong>Schokoladenbrot<\/strong>, Das ist ein guter Start in den Urlaubstag, bevor Sie Ihr Programm in Angriff nehmen. <\/p>\n\n\n\n<p><\/p>\n\n\n\n<div class=\"wp-block-buttons is-layout-flex wp-block-buttons-is-layout-flex\">\n<div class=\"wp-block-button\"><a class=\"wp-block-button__link has-turquoise-background-color has-background wp-element-button\" href=\"https:\/\/www.mirabel-renaudiere.com\/wp-content\/uploads\/2023\/04\/Menu-Bistro-REN.pdf\" target=\"_blank\" rel=\"noreferrer noopener\"><strong>Die Karte des Bistrot du Camping herunterladen<\/strong><\/a><\/div>\n<\/div>\n<\/div><figure class=\"wp-block-media-text__media\"><img loading=\"lazy\" decoding=\"async\" width=\"1024\" height=\"682\" src=\"https:\/\/mirabel-renaudiere.com\/wp-content\/uploads\/2024\/01\/petit-dejeuner-croissant-1024x682.jpg\" alt=\"Fr\u00fchst\u00fcck Camping Croissant\" class=\"wp-image-10284 size-full\" srcset=\"https:\/\/mirabel-renaudiere.com\/wp-content\/uploads\/2024\/01\/petit-dejeuner-croissant-1024x682.jpg 1024w, https:\/\/mirabel-renaudiere.com\/wp-content\/uploads\/2024\/01\/petit-dejeuner-croissant-300x200.jpg 300w, https:\/\/mirabel-renaudiere.com\/wp-content\/uploads\/2024\/01\/petit-dejeuner-croissant-768x512.jpg 768w, https:\/\/mirabel-renaudiere.com\/wp-content\/uploads\/2024\/01\/petit-dejeuner-croissant.jpg 1280w\" sizes=\"auto, (max-width: 1024px) 100vw, 1024px\" \/><\/figure><\/div>\n\n\n\n<p class=\"has-text-align-center texte-rond mt-5 has-large-font-size\">Was es auf dem Campingplatz zu entdecken gibt<\/p>\n\n\n\n<div class=\"wp-block-columns h-20 front-page-section grey is-layout-flex wp-container-core-columns-is-layout-28f84493 wp-block-columns-is-layout-flex\">\n<div class=\"wp-block-column is-layout-flow wp-block-column-is-layout-flow\" style=\"flex-basis:20%\"><\/div>\n\n\n\n<div class=\"wp-block-column is-layout-flow wp-block-column-is-layout-flow\">\n<div class=\"wp-block-create-block-sevgutenberg-navigation\"><aside class=\"encart-sev-navigation small carre\"><a href=\"https:\/\/mirabel-renaudiere.com\/de\/wasserpark\/\" class=\"d-flex flex-column align-items-center\"><div class=\"encart-title\"><span>Wasserpark<\/span><\/div><div class=\"vague\"><\/div><img decoding=\"async\" src=\"https:\/\/mirabel-renaudiere.com\/wp-content\/uploads\/2021\/12\/piscine-toboggan-camping.jpg\" alt=\"campingplatz mit schwimmbad und wasserrutschen\"\/><div class=\"ligne\"><\/div><div class=\"hover\"><\/div><\/a><\/aside><\/div>\n<\/div>\n\n\n\n<div class=\"wp-block-column is-layout-flow wp-block-column-is-layout-flow\">\n<div class=\"wp-block-create-block-sevgutenberg-navigation\"><aside class=\"encart-sev-navigation small carre\"><a href=\"https:\/\/mirabel-renaudiere.com\/de\/region-zielort-pornic\/\" class=\"d-flex flex-column align-items-center\"><div class=\"encart-title\"><span>Pornic<\/span><\/div><div class=\"vague\"><\/div><img decoding=\"async\" src=\"https:\/\/mirabel-renaudiere.com\/wp-content\/uploads\/2021\/12\/glaces_fraiseraie_pornic.jpg\" alt=\"Glaces la Fraiseraie in Pornic\"\/><div class=\"ligne\"><\/div><div class=\"hover\"><\/div><\/a><\/aside><\/div>\n<\/div>\n\n\n\n<div class=\"wp-block-column is-layout-flow wp-block-column-is-layout-flow\">\n<div class=\"wp-block-create-block-sevgutenberg-navigation\"><aside class=\"encart-sev-navigation small carre\"><a href=\"https:\/\/mirabel-renaudiere.com\/de\/aktivitaten-animationen-partys\/\" class=\"d-flex flex-column align-items-center\"><div class=\"encart-title\"><span>Aktivit\u00e4ten <\/span><\/div><div class=\"vague\"><\/div><img decoding=\"async\" src=\"https:\/\/mirabel-renaudiere.com\/wp-content\/uploads\/2021\/12\/club-enfant-camping-1.jpg\" alt=\"Kinderclub des Campingplatzes\"\/><div class=\"ligne\"><\/div><div class=\"hover\"><\/div><\/a><\/aside><\/div>\n<\/div>\n\n\n\n<div class=\"wp-block-column is-layout-flow wp-block-column-is-layout-flow\" style=\"flex-basis:20%\"><\/div>\n<\/div>\n\n\n\n<figure class=\"wp-block-image aligncenter size-large is-resized mt-5\"><img decoding=\"async\" src=\"https:\/\/www.mirabel-renaudiere.com\/wp-content\/uploads\/2022\/01\/photo-1024x84.png\" alt=\"Fotogalerie\" class=\"wp-image-2371\" style=\"width:768px;height:63px\"\/><\/figure>\n\n\n\t\t\t<div id=\"sevgallery-1658475438\" class=\"sev-diaporama sev-diaporama-portfolio\">\r\n\t\t\t\t<div class=\"row\">\r\n\r\n\t\t\t\t\t\r\n\t\t\t\t\t\t\r\n\t\t\t\t\t\t<div class=\"sev-diaporama-portfolio-item    col-12 col-md  col-grow\">\r\n\t\t\t\t\t\t\t<a href=\"https:\/\/mirabel-renaudiere.com\/wp-content\/uploads\/2024\/01\/cafe-petit-dejeuner-camping.jpg\" data-lightbox=\"sevgallery-1658475438\" style=\"background-image: url(https:\/\/mirabel-renaudiere.com\/wp-content\/uploads\/2024\/01\/cafe-petit-dejeuner-camping.jpg)\">\r\n\t\t\t\t\t\t\t\t<img decoding=\"async\" src=\"https:\/\/mirabel-renaudiere.com\/wp-content\/uploads\/2024\/01\/cafe-petit-dejeuner-camping.jpg\" alt=\"cafe restaurant bistrot camping\" loading=\"lazy\">\r\n\t\t\t\t\t\t\t\t\t\t\t\t\t\t\t<\/a>\r\n\t\t\t\t\t\t<\/div>\r\n\r\n\t\t\t\t\t\t\r\n\t\t\t\t\t\t\t\t\t\t\t\t\t\t\t\t\t\r\n\t\t\t\t\t\t\r\n\t\t\t\t\t\t<div class=\"sev-diaporama-portfolio-item    col-12 col-md  col-shrink\">\r\n\t\t\t\t\t\t\t<a href=\"https:\/\/mirabel-renaudiere.com\/wp-content\/uploads\/2024\/01\/bistrot-camping-bar-terrasse.jpg\" data-lightbox=\"sevgallery-1658475438\" style=\"background-image: url(https:\/\/mirabel-renaudiere.com\/wp-content\/uploads\/2024\/01\/bistrot-camping-bar-terrasse.jpg)\">\r\n\t\t\t\t\t\t\t\t<img decoding=\"async\" src=\"https:\/\/mirabel-renaudiere.com\/wp-content\/uploads\/2024\/01\/bistrot-camping-bar-terrasse.jpg\" alt=\"Terrassenglas\" loading=\"lazy\">\r\n\t\t\t\t\t\t\t\t\t\t\t\t\t\t\t<\/a>\r\n\t\t\t\t\t\t<\/div>\r\n\r\n\t\t\t\t\t\t\r\n\t\t\t\t\t\t\t\t\t\t\t\t\t\t\t\t\t\r\n\t\t\t\t\t\t\r\n\t\t\t\t\t\t<div class=\"sev-diaporama-portfolio-item    col-12 col-md\">\r\n\t\t\t\t\t\t\t<a href=\"https:\/\/mirabel-renaudiere.com\/wp-content\/uploads\/2024\/01\/bistrot-snack-bar-terrasse.jpg\" data-lightbox=\"sevgallery-1658475438\" style=\"background-image: url(https:\/\/mirabel-renaudiere.com\/wp-content\/uploads\/2024\/01\/bistrot-snack-bar-terrasse.jpg)\">\r\n\t\t\t\t\t\t\t\t<img decoding=\"async\" src=\"https:\/\/mirabel-renaudiere.com\/wp-content\/uploads\/2024\/01\/bistrot-snack-bar-terrasse.jpg\" alt=\"Apero-Terrasse mit Freunden Camping\" loading=\"lazy\">\r\n\t\t\t\t\t\t\t\t\t\t\t\t\t\t\t<\/a>\r\n\t\t\t\t\t\t<\/div>\r\n\r\n\t\t\t\t\t\t\r\n\t\t\t\t\t\t\t\t\t\t\t\t\t\t\t\t\t\r\n\t\t\t\t\t\t\r\n\t\t\t\t\t\t<div class=\"sev-diaporama-portfolio-item    col-12 col-md  col-grow\">\r\n\t\t\t\t\t\t\t<a href=\"https:\/\/mirabel-renaudiere.com\/wp-content\/uploads\/2021\/12\/moules-frites-camping-768x1024.jpg\" data-lightbox=\"sevgallery-1658475438\" style=\"background-image: url(https:\/\/mirabel-renaudiere.com\/wp-content\/uploads\/2021\/12\/moules-frites-camping-768x1024.jpg)\">\r\n\t\t\t\t\t\t\t\t<img decoding=\"async\" src=\"https:\/\/mirabel-renaudiere.com\/wp-content\/uploads\/2021\/12\/moules-frites-camping-768x1024.jpg\" alt=\"Abend mit Miesmuscheln und Pommes frites des Campingplatzes\" loading=\"lazy\">\r\n\t\t\t\t\t\t\t\t\t\t\t\t\t\t\t<\/a>\r\n\t\t\t\t\t\t<\/div>\r\n\r\n\t\t\t\t\t\t\t\t\t\t\t\t\t<div class=\"w-100\"><\/div>\r\n\t\t\t\t\t\t\t\t\t\t\t\t\t\r\n\t\t\t\t\t\t\t\t\t\t\t\t\t\t\t\t\t\r\n\t\t\t\t\t\t\r\n\t\t\t\t\t\t<div class=\"sev-diaporama-portfolio-item    col-12 col-md  col-shrink\">\r\n\t\t\t\t\t\t\t<a href=\"https:\/\/mirabel-renaudiere.com\/wp-content\/uploads\/2023\/04\/header-snack-bar-camping-1-1024x411.jpg\" data-lightbox=\"sevgallery-1658475438\" style=\"background-image: url(https:\/\/mirabel-renaudiere.com\/wp-content\/uploads\/2023\/04\/header-snack-bar-camping-1-1024x411.jpg)\">\r\n\t\t\t\t\t\t\t\t<img decoding=\"async\" src=\"https:\/\/mirabel-renaudiere.com\/wp-content\/uploads\/2023\/04\/header-snack-bar-camping-1-1024x411.jpg\" alt=\"header snack bar terrasse bistro\" loading=\"lazy\">\r\n\t\t\t\t\t\t\t\t\t\t\t\t\t\t\t<\/a>\r\n\t\t\t\t\t\t<\/div>\r\n\r\n\t\t\t\t\t\t\r\n\t\t\t\t\t\t\t\t\t\t\t\t\t\t\t\t\t\r\n\t\t\t\t\t\t\r\n\t\t\t\t\t\t<div class=\"sev-diaporama-portfolio-item    col-12 col-md\">\r\n\t\t\t\t\t\t\t<a href=\"https:\/\/mirabel-renaudiere.com\/wp-content\/uploads\/2024\/01\/camping-bistrot-pizza-maison-1024x683.jpg\" data-lightbox=\"sevgallery-1658475438\" style=\"background-image: url(https:\/\/mirabel-renaudiere.com\/wp-content\/uploads\/2024\/01\/camping-bistrot-pizza-maison-1024x683.jpg)\">\r\n\t\t\t\t\t\t\t\t<img decoding=\"async\" src=\"https:\/\/mirabel-renaudiere.com\/wp-content\/uploads\/2024\/01\/camping-bistrot-pizza-maison-1024x683.jpg\" alt=\"bistrot des campingplatzes hausgemachte pizza\" loading=\"lazy\">\r\n\t\t\t\t\t\t\t\t\t\t\t\t\t\t\t<\/a>\r\n\t\t\t\t\t\t<\/div>\r\n\r\n\t\t\t\t\t\t\r\n\t\t\t\t\t\t\t\t\t\t\t\t\t\t\t\t\t\r\n\t\t\t\t\t\t\r\n\t\t\t\t\t\t<div class=\"sev-diaporama-portfolio-item    col-12 col-md\">\r\n\t\t\t\t\t\t\t<a href=\"https:\/\/mirabel-renaudiere.com\/wp-content\/uploads\/2024\/01\/mojito-bar-camping.jpg\" data-lightbox=\"sevgallery-1658475438\" style=\"background-image: url(https:\/\/mirabel-renaudiere.com\/wp-content\/uploads\/2024\/01\/mojito-bar-camping.jpg)\">\r\n\t\t\t\t\t\t\t\t<img decoding=\"async\" src=\"https:\/\/mirabel-renaudiere.com\/wp-content\/uploads\/2024\/01\/mojito-bar-camping.jpg\" alt=\"cocktail getr\u00e4nk bar des campingplatzes\" loading=\"lazy\">\r\n\t\t\t\t\t\t\t\t\t\t\t\t\t\t\t<\/a>\r\n\t\t\t\t\t\t<\/div>\r\n\r\n\t\t\t\t\t\t\r\n\t\t\t\t\t\t\t\t\t\t\t\t\t\t\t\t\t\r\n\t\t\t\t\t\t\r\n\t\t\t\t\t\t<div class=\"sev-diaporama-portfolio-item  limitsm  col-12 col-md  last-visible\">\r\n\t\t\t\t\t\t\t<a href=\"https:\/\/mirabel-renaudiere.com\/de\/photos-camping-renaudiere\"  style=\"background-image: url(https:\/\/mirabel-renaudiere.com\/wp-content\/uploads\/2022\/01\/galerie-photo.png)\">\r\n\t\t\t\t\t\t\t\t<img decoding=\"async\" src=\"https:\/\/mirabel-renaudiere.com\/wp-content\/uploads\/2022\/01\/galerie-photo.png\" alt=\"Fotogalerie\" loading=\"lazy\">\r\n\t\t\t\t\t\t\t\t\t\t\t\t\t\t\t\t\t<img decoding=\"async\" src=\"https:\/\/mirabel-renaudiere.com\/wp-content\/themes\/renaudiere\/assets\/img\/voir-photos.png\" alt=\"\" \/>\r\n\t\t\t\t\t\t\t\t\t<span>Alle Fotos anzeigen<\/span>\r\n\t\t\t\t\t\t\t\t\t\t\t\t\t\t\t<\/a>\r\n\t\t\t\t\t\t<\/div>\r\n\r\n\t\t\t\t\t\t\t\t\t\t\t\t\t<div class=\"w-100\"><\/div>\r\n\t\t\t\t\t\t\t\t\t\t\t\t\t\r\n\t\t\t\t\t\t\t\t\t\t\t\t\t\t\t\t\t\t\t\t\t<\/div>\r\n\t\t\t<\/div>\r\n\r\n\t\t\t<script>\r\n\t\t\tjQuery(function($) {\r\n\r\n\t\t\t\tvar marginPortfolio = function() {\r\n\r\n\t\t\t\t\tvar $diapo          = $('#sevgallery-1658475438');\r\n\t\t\t\t\tvar container_width = $diapo.parent().outerWidth();\r\n\t\t\t\t\tvar side            = ( $(window).innerWidth() - container_width ) \/ 2;\r\n\r\n\t\t\t\t\t$diapo.css( {\r\n\t\t\t\t\t\t'margin-left': '-' + side + 'px',\r\n\t\t\t\t\t\t'margin-right': '-' + side + 'px',\r\n\t\t\t\t\t} );\r\n\t\t\t\t};\r\n\r\n\t\t\t\t$( window ).resize( function() {\r\n\t\t\t\t\tmarginPortfolio();\r\n\t\t\t\t} );\r\n\t\t\t\tmarginPortfolio();\r\n\t\t\t});\r\n\t\t\t<\/script>","protected":false},"excerpt":{"rendered":"<p>Camping avec Snack Bar \u00e0 la Plaine-sur-Mer Bienvenue au Bistrot du Camping \u00e0 La Plaine sur Mer, le Snack Bar [&hellip;]<\/p>\n","protected":false},"author":1,"featured_media":0,"parent":0,"menu_order":0,"comment_status":"closed","ping_status":"closed","template":"","meta":{"_seopress_robots_primary_cat":"","_seopress_titles_title":"Camping avec snack-bar pr\u00e8s de Pornic","_seopress_titles_desc":"Ouvert de Mai \u00e0 Ao\u00fbt, le snack-bar du Camping La Renaudi\u00e8re pr\u00e8s de Pornic vous propose du sucr\u00e9 et du sal\u00e9 pour vos pauses gourmandes.","_seopress_robots_index":"","footnotes":""},"class_list":["post-40","page","type-page","status-publish","hentry"],"_links":{"self":[{"href":"https:\/\/mirabel-renaudiere.com\/de\/wp-json\/wp\/v2\/pages\/40","targetHints":{"allow":["GET"]}}],"collection":[{"href":"https:\/\/mirabel-renaudiere.com\/de\/wp-json\/wp\/v2\/pages"}],"about":[{"href":"https:\/\/mirabel-renaudiere.com\/de\/wp-json\/wp\/v2\/types\/page"}],"author":[{"embeddable":true,"href":"https:\/\/mirabel-renaudiere.com\/de\/wp-json\/wp\/v2\/users\/1"}],"replies":[{"embeddable":true,"href":"https:\/\/mirabel-renaudiere.com\/de\/wp-json\/wp\/v2\/comments?post=40"}],"version-history":[{"count":174,"href":"https:\/\/mirabel-renaudiere.com\/de\/wp-json\/wp\/v2\/pages\/40\/revisions"}],"predecessor-version":[{"id":13463,"href":"https:\/\/mirabel-renaudiere.com\/de\/wp-json\/wp\/v2\/pages\/40\/revisions\/13463"}],"wp:attachment":[{"href":"https:\/\/mirabel-renaudiere.com\/de\/wp-json\/wp\/v2\/media?parent=40"}],"curies":[{"name":"wp","href":"https:\/\/api.w.org\/{rel}","templated":true}]}}