{"id":46,"date":"2021-12-10T14:16:06","date_gmt":"2021-12-10T13:16:06","guid":{"rendered":"https:\/\/www.campinglarenaudiere.com\/?page_id=46"},"modified":"2026-03-03T16:06:21","modified_gmt":"2026-03-03T15:06:21","slug":"aktivitaten-animationen-partys","status":"publish","type":"page","link":"https:\/\/mirabel-renaudiere.com\/de\/activites-animations-soirees","title":{"rendered":"Animationen"},"content":{"rendered":"<h1 class=\"wp-block-heading\" id=\"camping-4-etoiles-avec-animations-et-club-enfants-en-juillet-aout\">4-Sterne-Campingplatz mit Animationen und Kinderclub im Juli und August<\/h1>\n\n\n\n<p class=\"has-text-align-center\">Auf dem Campingplatz Mirabel La Renaudi\u00e8re gibt es jede Menge Animationen f\u00fcr Ihre <a href=\"https:\/\/mirabel-renaudiere.com\/de\/loire-atlantique-bretagne\/\" data-type=\"page\" data-id=\"267\">Urlaub in Loire Atlantique<\/a> ! <br>Im Sommer bietet das Animationsteam tags\u00fcber und abends Aktivit\u00e4ten f\u00fcr alle an, f\u00fcr gesellige Momente mit der Familie oder mit Freunden.<\/p>\n\n\n\n<figure class=\"wp-block-image aligncenter size-full\"><img decoding=\"async\" src=\"https:\/\/www.mirabel-renaudiere.com\/wp-content\/uploads\/2022\/01\/barre-bleue.png\" alt=\"\" class=\"wp-image-2382\"\/><\/figure>\n\n\n\n<div class=\"wp-block-media-text alignwide has-media-on-the-right is-stacked-on-mobile\"><div class=\"wp-block-media-text__content\">\n<h2 class=\"wp-block-heading\" id=\"le-club-enfants-pour-les-6-12-ans-a-cote-de-pornic\"><strong>Der Kinderclub f\u00fcr Kinder von 6-12 Jahren<\/strong><\/h2>\n\n\n\n<figure class=\"wp-block-image size-full\"><img decoding=\"async\" src=\"https:\/\/www.mirabel-renaudiere.com\/wp-content\/uploads\/2022\/01\/barre-bleue.png\" alt=\"\" class=\"wp-image-2382\"\/><\/figure>\n\n\n\n<figure class=\"wp-block-image alignleft size-full is-resized\"><img loading=\"lazy\" decoding=\"async\" width=\"320\" height=\"306\" src=\"https:\/\/www.mirabel-renaudiere.com\/wp-content\/uploads\/2022\/01\/Coquillage.png\" alt=\"\" class=\"wp-image-2175\" style=\"width:80px;height:77px\" srcset=\"https:\/\/mirabel-renaudiere.com\/wp-content\/uploads\/2022\/01\/Coquillage.png 320w, https:\/\/mirabel-renaudiere.com\/wp-content\/uploads\/2022\/01\/Coquillage-300x287.png 300w\" sizes=\"auto, (max-width: 320px) 100vw, 320px\" \/><\/figure>\n\n\n\n<p>Im Juli und im August, <strong>der Kinderclub des Campingplatzes <\/strong>zum Leben erwacht. <strong>Jeden Morgen<\/strong>, In der Schule werden sportliche, spielerische und handwerkliche Aktivit\u00e4ten angeboten, <strong>die von einem Animator betreut werden. <\/strong><\/p>\n\n\n\n<p class=\"texte-rond has-orange-color has-text-color has-large-font-size\">Unser Team wartet auf Sie!<\/p>\n\n\n\n<p><strong>Schatzsuche,<\/strong> Riesige polizeiliche Ermittlungen, Fu\u00dfballturnier, Basketballspiel, kreative Aktivit\u00e4ten, Malwettbewerb: Ihre Kinder haben die Wahl und jede Menge Spa\u00df. <\/p>\n\n\n\n<p>Unser <strong>Kinderclub<\/strong> ist der perfekte Ort f\u00fcr <strong>Freunde finden<\/strong> Ferien und schaffen die ersten Sommererinnerungen!<\/p>\n<\/div><figure class=\"wp-block-media-text__media\"><img loading=\"lazy\" decoding=\"async\" width=\"1024\" height=\"683\" src=\"https:\/\/www.mirabel-renaudiere.com\/wp-content\/uploads\/2023\/04\/club-enfant-animations-1024x683.jpg\" alt=\"Animateur des Kinderclubs\" class=\"wp-image-646 size-full\" srcset=\"https:\/\/mirabel-renaudiere.com\/wp-content\/uploads\/2023\/04\/club-enfant-animations-1024x683.jpg 1024w, https:\/\/mirabel-renaudiere.com\/wp-content\/uploads\/2023\/04\/club-enfant-animations-300x200.jpg 300w, https:\/\/mirabel-renaudiere.com\/wp-content\/uploads\/2023\/04\/club-enfant-animations-768x512.jpg 768w, https:\/\/mirabel-renaudiere.com\/wp-content\/uploads\/2023\/04\/club-enfant-animations.jpg 1200w\" sizes=\"auto, (max-width: 1024px) 100vw, 1024px\" \/><\/figure><\/div>\n\n\n\n<p><\/p>\n\n\n\n<div class=\"wp-block-media-text alignwide is-stacked-on-mobile front-page-section grey\"><figure class=\"wp-block-media-text__media\"><img loading=\"lazy\" decoding=\"async\" width=\"1024\" height=\"683\" src=\"https:\/\/www.mirabel-renaudiere.com\/wp-content\/uploads\/2023\/04\/sport-animations-adultes-1024x683.jpg\" alt=\"Step auf dem Campingplatz\" class=\"wp-image-650 size-full\" srcset=\"https:\/\/mirabel-renaudiere.com\/wp-content\/uploads\/2023\/04\/sport-animations-adultes-1024x683.jpg 1024w, https:\/\/mirabel-renaudiere.com\/wp-content\/uploads\/2023\/04\/sport-animations-adultes-300x200.jpg 300w, https:\/\/mirabel-renaudiere.com\/wp-content\/uploads\/2023\/04\/sport-animations-adultes-768x512.jpg 768w, https:\/\/mirabel-renaudiere.com\/wp-content\/uploads\/2023\/04\/sport-animations-adultes.jpg 1200w\" sizes=\"auto, (max-width: 1024px) 100vw, 1024px\" \/><\/figure><div class=\"wp-block-media-text__content\">\n<h2 class=\"wp-block-heading has-turquoise-color has-text-color\" id=\"animations-adultes-sport-et-bien-etre-au-camping\">Erwachsenenanimationen auf dem Campingplatz, um sich in Form zu halten!<\/h2>\n\n\n\n<figure class=\"wp-block-image size-full is-resized\"><img decoding=\"async\" src=\"https:\/\/www.mirabel-renaudiere.com\/wp-content\/uploads\/2022\/01\/barre-bleue.png\" alt=\"\" class=\"wp-image-2382\" style=\"width:50px;height:8px\"\/><\/figure>\n\n\n\n<p>Die Sommerferien sind auch eine gute Gelegenheit, um <strong>sich um seinen K\u00f6rper k\u00fcmmern<\/strong>. Unsere Animateure bereiten Sie vor <strong>jeden Tag<\/strong> reichhaltige und abwechslungsreiche Programme: STEP, <strong>Muskelaufbau<\/strong>, Wandern, <strong>Aquafitness im Schwimmbad<\/strong>, Kardiotraining, ...<\/p>\n\n\n\n<p>So kommen Sie schon am Morgen in Schwung. Am Nachmittag werden <strong>Gruppenanimationen<\/strong> k\u00f6nnen Sie sich mit Ihren Kindern und Verwandten bei einer gro\u00dfen Olympiade vergn\u00fcgen oder <strong>Sportturniere<\/strong>&nbsp;! <\/p>\n\n\n\n<p>In La Renaudi\u00e8re tun wir alles, damit Sie Ihren Urlaub mit der Familie verbringen k\u00f6nnen und <strong>gute Momente teilen&nbsp;<\/strong>!<\/p>\n\n\n\n<div class=\"wp-block-buttons is-layout-flex wp-block-buttons-is-layout-flex\">\n<div class=\"wp-block-button\"><a class=\"wp-block-button__link has-turquoise-background-color has-background wp-element-button\" href=\"https:\/\/notre.guide\/larenaudiere\/?fbclid=IwZXh0bgNhZW0CMTAAAR14HBDFBZyG6yOuJj4TYG1TNXoHgWeQ72KLFRoIyjPzYiCzfl4_luIT6qA_aem_FiGG_q6w39DdicpOlpZq9A#events_onsite\" target=\"_blank\" rel=\"noreferrer noopener\">Pl\u00e4ne der Animationen in unserem Begr\u00fc\u00dfungsheft<\/a><\/div>\n<\/div>\n<\/div><\/div>\n\n\n\n<div class=\"wp-block-media-text alignwide has-media-on-the-right is-stacked-on-mobile is-vertically-aligned-center animate right\"><div class=\"wp-block-media-text__content\">\n<p class=\"texte-rond has-orange-color has-text-color has-large-font-size\">Abends geht es in La Renaudi\u00e8re rund!&nbsp;<\/p>\n\n\n\n<h2 class=\"wp-block-heading\" id=\"des-soirees-d-animations-pour-tous-a-la-plaine-sur-mer\"><strong>Abendliche Animationen f\u00fcr alle in La Plaine-sur-Mer<\/strong><\/h2>\n\n\n\n<figure class=\"wp-block-image size-full is-resized\"><img decoding=\"async\" src=\"https:\/\/www.mirabel-renaudiere.com\/wp-content\/uploads\/2022\/01\/barre-bleue.png\" alt=\"\" class=\"wp-image-2382\" style=\"width:50px;height:8px\"\/><\/figure>\n\n\n\n<p>Nach einem sch\u00f6nen Badetag <a href=\"https:\/\/mirabel-renaudiere.com\/de\/wasserpark\/\"><strong>am Pool<\/strong><\/a> oder Besichtigungen au\u00dferhalb des Campingplatzes, gibt es nichts Besseres, als den Tag fr\u00f6hlich und gut gelaunt ausklingen zu lassen, dank unserer <strong>Abendveranstaltungen.<\/strong><\/p>\n\n\n\n<p>Daf\u00fcr gehen unseren Moderatoren nie die Ideen aus: <strong>Quizabend,<\/strong> blindtest, pool party, aperospiele, <strong>Show<\/strong>, Kabarett, Tanzabende ...<\/p>\n\n\n\n<p>Finden Sie sich wieder <strong>im Festzelt<\/strong> f\u00fcr einen gemeinsamen Moment alle zusammen!<\/p>\n<\/div><figure class=\"wp-block-media-text__media\"><img loading=\"lazy\" decoding=\"async\" width=\"1024\" height=\"683\" src=\"https:\/\/www.mirabel-renaudiere.com\/wp-content\/uploads\/2023\/04\/soiree-animation-camping-1024x683.jpg\" alt=\"Diskoabend des Campingplatzes\" class=\"wp-image-643 size-full\" srcset=\"https:\/\/mirabel-renaudiere.com\/wp-content\/uploads\/2023\/04\/soiree-animation-camping-1024x683.jpg 1024w, https:\/\/mirabel-renaudiere.com\/wp-content\/uploads\/2023\/04\/soiree-animation-camping-300x200.jpg 300w, https:\/\/mirabel-renaudiere.com\/wp-content\/uploads\/2023\/04\/soiree-animation-camping-768x512.jpg 768w, https:\/\/mirabel-renaudiere.com\/wp-content\/uploads\/2023\/04\/soiree-animation-camping.jpg 1199w\" sizes=\"auto, (max-width: 1024px) 100vw, 1024px\" \/><\/figure><\/div>\n\n\n\n<p class=\"has-text-align-center texte-rond mt-5 has-large-font-size\">Was es auf dem Campingplatz zu entdecken gibt<\/p>\n\n\n\n<div class=\"wp-block-columns are-vertically-aligned-center h-20 front-page-section grey is-layout-flex wp-container-core-columns-is-layout-28f84493 wp-block-columns-is-layout-flex\">\n<div class=\"wp-block-column is-layout-flow wp-block-column-is-layout-flow\"><\/div>\n\n\n\n<div class=\"wp-block-column is-layout-flow wp-block-column-is-layout-flow\">\n<div class=\"wp-block-create-block-sevgutenberg-navigation\"><aside class=\"encart-sev-navigation small carre\"><a href=\"https:\/\/mirabel-renaudiere.com\/de\/restaurant-bar-snack\/\" class=\"d-flex flex-column align-items-center\"><div class=\"encart-title\"><span>Die Snackbar<\/span><\/div><div class=\"vague\"><\/div><img decoding=\"async\" src=\"https:\/\/mirabel-renaudiere.com\/wp-content\/uploads\/2022\/01\/snack-bar-camping-Pornic.jpg\" alt=\"camping snack-bar Pornic\"\/><div class=\"ligne\"><\/div><div class=\"hover\"><\/div><\/a><\/aside><\/div>\n<\/div>\n\n\n\n<div class=\"wp-block-column is-vertically-aligned-center is-layout-flow wp-block-column-is-layout-flow\">\n<div class=\"wp-block-create-block-sevgutenberg-navigation\"><aside class=\"encart-sev-navigation small carre\"><a href=\"https:\/\/mirabel-renaudiere.com\/de\/wasserpark\/\" class=\"d-flex flex-column align-items-center\"><div class=\"encart-title\"><span>Wasserpark<\/span><\/div><div class=\"vague\"><\/div><img decoding=\"async\" src=\"https:\/\/mirabel-renaudiere.com\/wp-content\/uploads\/2021\/12\/piscine-chauffee-camping-1.jpg\" alt=\"das beheizte Schwimmbad des Campingplatzes\"\/><div class=\"ligne\"><\/div><div class=\"hover\"><\/div><\/a><\/aside><\/div>\n<\/div>\n\n\n\n<div class=\"wp-block-column is-vertically-aligned-center is-layout-flow wp-block-column-is-layout-flow\">\n<div class=\"wp-block-create-block-sevgutenberg-navigation\"><aside class=\"encart-sev-navigation small carre\"><a href=\"https:\/\/mirabel-renaudiere.com\/de\/zweitwohnsitz-pornic\/\" class=\"d-flex flex-column align-items-center\"><div class=\"encart-title\"><span>Werden Sie Eigent\u00fcmer<\/span><\/div><div class=\"vague\"><\/div><img decoding=\"async\" src=\"https:\/\/mirabel-renaudiere.com\/wp-content\/uploads\/2021\/12\/resident-famille-camping2-2.jpg\" alt=\"Familie von Bewohnern des Campingplatzes\"\/><div class=\"ligne\"><\/div><div class=\"hover\"><\/div><\/a><\/aside><\/div>\n<\/div>\n\n\n\n<div class=\"wp-block-column is-layout-flow wp-block-column-is-layout-flow\"><\/div>\n<\/div>\n\n\n\n<figure class=\"wp-block-image aligncenter size-large is-resized mt-5\"><img decoding=\"async\" src=\"https:\/\/www.mirabel-renaudiere.com\/wp-content\/uploads\/2022\/01\/photo-1024x84.png\" alt=\"Fotogalerie\" class=\"wp-image-2371\" style=\"width:768px;height:63px\"\/><\/figure>\n\n\n\t\t\t<div id=\"sevgallery-1261374896\" class=\"sev-diaporama sev-diaporama-portfolio\">\r\n\t\t\t\t<div class=\"row\">\r\n\r\n\t\t\t\t\t\r\n\t\t\t\t\t\t\r\n\t\t\t\t\t\t<div class=\"sev-diaporama-portfolio-item    col-12 col-md\">\r\n\t\t\t\t\t\t\t<a href=\"https:\/\/mirabel-renaudiere.com\/wp-content\/uploads\/2024\/01\/aquagym-piscine-sport.jpg\" data-lightbox=\"sevgallery-1261374896\" style=\"background-image: url(https:\/\/mirabel-renaudiere.com\/wp-content\/uploads\/2024\/01\/aquagym-piscine-sport.jpg)\">\r\n\t\t\t\t\t\t\t\t<img decoding=\"async\" src=\"https:\/\/mirabel-renaudiere.com\/wp-content\/uploads\/2024\/01\/aquagym-piscine-sport.jpg\" alt=\"aquafitness-animation schwimmbad\" loading=\"lazy\">\r\n\t\t\t\t\t\t\t\t\t\t\t\t\t\t\t<\/a>\r\n\t\t\t\t\t\t<\/div>\r\n\r\n\t\t\t\t\t\t\r\n\t\t\t\t\t\t\t\t\t\t\t\t\t\t\t\t\t\r\n\t\t\t\t\t\t\r\n\t\t\t\t\t\t<div class=\"sev-diaporama-portfolio-item    col-12 col-md\">\r\n\t\t\t\t\t\t\t<a href=\"https:\/\/mirabel-renaudiere.com\/wp-content\/uploads\/2023\/01\/animation-equipe-14juillet-france-camping.jpg\" data-lightbox=\"sevgallery-1261374896\" style=\"background-image: url(https:\/\/mirabel-renaudiere.com\/wp-content\/uploads\/2023\/01\/animation-equipe-14juillet-france-camping.jpg)\">\r\n\t\t\t\t\t\t\t\t<img decoding=\"async\" src=\"https:\/\/mirabel-renaudiere.com\/wp-content\/uploads\/2023\/01\/animation-equipe-14juillet-france-camping.jpg\" alt=\"animation 14. Juli camping blau wei\u00df rot\" loading=\"lazy\">\r\n\t\t\t\t\t\t\t\t\t\t\t\t\t\t\t<\/a>\r\n\t\t\t\t\t\t<\/div>\r\n\r\n\t\t\t\t\t\t\r\n\t\t\t\t\t\t\t\t\t\t\t\t\t\t\t\t\t\r\n\t\t\t\t\t\t\r\n\t\t\t\t\t\t<div class=\"sev-diaporama-portfolio-item    col-12 col-md  col-grow\">\r\n\t\t\t\t\t\t\t<a href=\"https:\/\/mirabel-renaudiere.com\/wp-content\/uploads\/2024\/01\/animation-tournoi-petanque.jpg\" data-lightbox=\"sevgallery-1261374896\" style=\"background-image: url(https:\/\/mirabel-renaudiere.com\/wp-content\/uploads\/2024\/01\/animation-tournoi-petanque.jpg)\">\r\n\t\t\t\t\t\t\t\t<img decoding=\"async\" src=\"https:\/\/mirabel-renaudiere.com\/wp-content\/uploads\/2024\/01\/animation-tournoi-petanque.jpg\" alt=\"Animation Bouleturnier\" loading=\"lazy\">\r\n\t\t\t\t\t\t\t\t\t\t\t\t\t\t\t<\/a>\r\n\t\t\t\t\t\t<\/div>\r\n\r\n\t\t\t\t\t\t\r\n\t\t\t\t\t\t\t\t\t\t\t\t\t\t\t\t\t\r\n\t\t\t\t\t\t\r\n\t\t\t\t\t\t<div class=\"sev-diaporama-portfolio-item    col-12 col-md\">\r\n\t\t\t\t\t\t\t<a href=\"https:\/\/mirabel-renaudiere.com\/wp-content\/uploads\/2023\/01\/animation-piscine-pool-party.jpg\" data-lightbox=\"sevgallery-1261374896\" style=\"background-image: url(https:\/\/mirabel-renaudiere.com\/wp-content\/uploads\/2023\/01\/animation-piscine-pool-party.jpg)\">\r\n\t\t\t\t\t\t\t\t<img decoding=\"async\" src=\"https:\/\/mirabel-renaudiere.com\/wp-content\/uploads\/2023\/01\/animation-piscine-pool-party.jpg\" alt=\"Poolanimation Abend Poolparty\" loading=\"lazy\">\r\n\t\t\t\t\t\t\t\t\t\t\t\t\t\t\t<\/a>\r\n\t\t\t\t\t\t<\/div>\r\n\r\n\t\t\t\t\t\t\t\t\t\t\t\t\t<div class=\"w-100\"><\/div>\r\n\t\t\t\t\t\t\t\t\t\t\t\t\t\r\n\t\t\t\t\t\t\t\t\t\t\t\t\t\t\t\t\t\r\n\t\t\t\t\t\t\r\n\t\t\t\t\t\t<div class=\"sev-diaporama-portfolio-item    col-12 col-md\">\r\n\t\t\t\t\t\t\t<a href=\"https:\/\/mirabel-renaudiere.com\/wp-content\/uploads\/2023\/01\/danse-camping-ete.jpg\" data-lightbox=\"sevgallery-1261374896\" style=\"background-image: url(https:\/\/mirabel-renaudiere.com\/wp-content\/uploads\/2023\/01\/danse-camping-ete.jpg)\">\r\n\t\t\t\t\t\t\t\t<img decoding=\"async\" src=\"https:\/\/mirabel-renaudiere.com\/wp-content\/uploads\/2023\/01\/danse-camping-ete.jpg\" alt=\"tanz des campingplatzes sommer schwimmbad\" loading=\"lazy\">\r\n\t\t\t\t\t\t\t\t\t\t\t\t\t\t\t<\/a>\r\n\t\t\t\t\t\t<\/div>\r\n\r\n\t\t\t\t\t\t\r\n\t\t\t\t\t\t\t\t\t\t\t\t\t\t\t\t\t\r\n\t\t\t\t\t\t\r\n\t\t\t\t\t\t<div class=\"sev-diaporama-portfolio-item    col-12 col-md  col-grow\">\r\n\t\t\t\t\t\t\t<a href=\"https:\/\/mirabel-renaudiere.com\/wp-content\/uploads\/2024\/01\/animation-club-enfants.jpg\" data-lightbox=\"sevgallery-1261374896\" style=\"background-image: url(https:\/\/mirabel-renaudiere.com\/wp-content\/uploads\/2024\/01\/animation-club-enfants.jpg)\">\r\n\t\t\t\t\t\t\t\t<img decoding=\"async\" src=\"https:\/\/mirabel-renaudiere.com\/wp-content\/uploads\/2024\/01\/animation-club-enfants.jpg\" alt=\"animation club kinder show\" loading=\"lazy\">\r\n\t\t\t\t\t\t\t\t\t\t\t\t\t\t\t<\/a>\r\n\t\t\t\t\t\t<\/div>\r\n\r\n\t\t\t\t\t\t\r\n\t\t\t\t\t\t\t\t\t\t\t\t\t\t\t\t\t\r\n\t\t\t\t\t\t\r\n\t\t\t\t\t\t<div class=\"sev-diaporama-portfolio-item    col-12 col-md\">\r\n\t\t\t\t\t\t\t<a href=\"https:\/\/mirabel-renaudiere.com\/wp-content\/uploads\/2024\/01\/animation-journee-deguisee-jeu.jpg\" data-lightbox=\"sevgallery-1261374896\" style=\"background-image: url(https:\/\/mirabel-renaudiere.com\/wp-content\/uploads\/2024\/01\/animation-journee-deguisee-jeu.jpg)\">\r\n\t\t\t\t\t\t\t\t<img decoding=\"async\" src=\"https:\/\/mirabel-renaudiere.com\/wp-content\/uploads\/2024\/01\/animation-journee-deguisee-jeu.jpg\" alt=\"animation tag verkleidet\" loading=\"lazy\">\r\n\t\t\t\t\t\t\t\t\t\t\t\t\t\t\t<\/a>\r\n\t\t\t\t\t\t<\/div>\r\n\r\n\t\t\t\t\t\t\r\n\t\t\t\t\t\t\t\t\t\t\t\t\t\t\t\t\t\r\n\t\t\t\t\t\t\r\n\t\t\t\t\t\t<div class=\"sev-diaporama-portfolio-item  limitsm  col-12 col-md  col-shrink last-visible\">\r\n\t\t\t\t\t\t\t<a href=\"https:\/\/mirabel-renaudiere.com\/de\/photos-camping-renaudiere\"  style=\"background-image: url(https:\/\/mirabel-renaudiere.com\/wp-content\/uploads\/2022\/01\/galerie-photo.png)\">\r\n\t\t\t\t\t\t\t\t<img decoding=\"async\" src=\"https:\/\/mirabel-renaudiere.com\/wp-content\/uploads\/2022\/01\/galerie-photo.png\" alt=\"Fotogalerie\" loading=\"lazy\">\r\n\t\t\t\t\t\t\t\t\t\t\t\t\t\t\t\t\t<img decoding=\"async\" src=\"https:\/\/mirabel-renaudiere.com\/wp-content\/themes\/renaudiere\/assets\/img\/voir-photos.png\" alt=\"\" \/>\r\n\t\t\t\t\t\t\t\t\t<span>Alle Fotos anzeigen<\/span>\r\n\t\t\t\t\t\t\t\t\t\t\t\t\t\t\t<\/a>\r\n\t\t\t\t\t\t<\/div>\r\n\r\n\t\t\t\t\t\t\t\t\t\t\t\t\t<div class=\"w-100\"><\/div>\r\n\t\t\t\t\t\t\t\t\t\t\t\t\t\r\n\t\t\t\t\t\t\t\t\t\t\t\t\t\t\t\t\t\t\t\t\t<\/div>\r\n\t\t\t<\/div>\r\n\r\n\t\t\t<script>\r\n\t\t\tjQuery(function($) {\r\n\r\n\t\t\t\tvar marginPortfolio = function() {\r\n\r\n\t\t\t\t\tvar $diapo          = $('#sevgallery-1261374896');\r\n\t\t\t\t\tvar container_width = $diapo.parent().outerWidth();\r\n\t\t\t\t\tvar side            = ( $(window).innerWidth() - container_width ) \/ 2;\r\n\r\n\t\t\t\t\t$diapo.css( {\r\n\t\t\t\t\t\t'margin-left': '-' + side + 'px',\r\n\t\t\t\t\t\t'margin-right': '-' + side + 'px',\r\n\t\t\t\t\t} );\r\n\t\t\t\t};\r\n\r\n\t\t\t\t$( window ).resize( function() {\r\n\t\t\t\t\tmarginPortfolio();\r\n\t\t\t\t} );\r\n\t\t\t\tmarginPortfolio();\r\n\t\t\t});\r\n\t\t\t<\/script>","protected":false},"excerpt":{"rendered":"<p>Camping 4 \u00e9toiles avec animations et club enfants en juillet ao\u00fbt Au Camping Mirabel La Renaudi\u00e8re, faites le plein d\u2019animations\u00a0pour [&hellip;]<\/p>\n","protected":false},"author":1,"featured_media":0,"parent":0,"menu_order":0,"comment_status":"closed","ping_status":"closed","template":"","meta":{"_seopress_robots_primary_cat":"","_seopress_titles_title":"Camping animations 4 **** - Loire Atlantique","_seopress_titles_desc":"Lors de vos vacances pr\u00e8s de Pornic au camping 4 \u00e9toiles La Renaudi\u00e8re, vous pourrez profiter des nombreuses animations tout l'\u00e9t\u00e9.","_seopress_robots_index":"","footnotes":""},"class_list":["post-46","page","type-page","status-publish","hentry"],"_links":{"self":[{"href":"https:\/\/mirabel-renaudiere.com\/de\/wp-json\/wp\/v2\/pages\/46","targetHints":{"allow":["GET"]}}],"collection":[{"href":"https:\/\/mirabel-renaudiere.com\/de\/wp-json\/wp\/v2\/pages"}],"about":[{"href":"https:\/\/mirabel-renaudiere.com\/de\/wp-json\/wp\/v2\/types\/page"}],"author":[{"embeddable":true,"href":"https:\/\/mirabel-renaudiere.com\/de\/wp-json\/wp\/v2\/users\/1"}],"replies":[{"embeddable":true,"href":"https:\/\/mirabel-renaudiere.com\/de\/wp-json\/wp\/v2\/comments?post=46"}],"version-history":[{"count":81,"href":"https:\/\/mirabel-renaudiere.com\/de\/wp-json\/wp\/v2\/pages\/46\/revisions"}],"predecessor-version":[{"id":13499,"href":"https:\/\/mirabel-renaudiere.com\/de\/wp-json\/wp\/v2\/pages\/46\/revisions\/13499"}],"wp:attachment":[{"href":"https:\/\/mirabel-renaudiere.com\/de\/wp-json\/wp\/v2\/media?parent=46"}],"curies":[{"name":"wp","href":"https:\/\/api.w.org\/{rel}","templated":true}]}}