{"id":48,"date":"2021-12-10T14:16:36","date_gmt":"2021-12-10T13:16:36","guid":{"rendered":"https:\/\/www.campinglarenaudiere.com\/?page_id=48"},"modified":"2026-04-17T16:03:47","modified_gmt":"2026-04-17T14:03:47","slug":"dienstleistungen-vermietung-von-fahrradern","status":"publish","type":"page","link":"https:\/\/mirabel-renaudiere.com\/de\/services-location-velos","title":{"rendered":"Dienste"},"content":{"rendered":"<h1 class=\"wp-block-heading\">Ein Campingplatz in der N\u00e4he von Pornic mit vielen Dienstleistungen vor Ort<\/h1>\n\n\n\n<p class=\"has-text-align-center\">Erleben Sie den guten Geschmack von frischem Brot und Geb\u00e4ck zum Fr\u00fchst\u00fcck oder nehmen Sie auf der Terrasse Platz, um gutes Essen zu genie\u00dfen <strong><a href=\"https:\/\/mirabel-renaudiere.com\/de\/restaurant-bar-snack\/\" data-type=\"page\" data-id=\"40\">Snackbar<\/a><\/strong> des Campingplatzes. <br>M\u00f6gen Sie Grillfleisch? Die <strong>Plancha <\/strong>die Miet-Mobilheime sind bereit f\u00fcr Ihre Spie\u00dfe, W\u00fcrstchen und andere Leckereien\u2026<\/p>\n\n\n\n<figure class=\"wp-block-image aligncenter size-full\"><img decoding=\"async\" src=\"https:\/\/www.mirabel-renaudiere.com\/wp-content\/uploads\/2022\/01\/barre-bleue.png\" alt=\"\" class=\"wp-image-2382\"\/><\/figure>\n\n\n\n<div class=\"wp-block-columns is-layout-flex wp-container-core-columns-is-layout-28f84493 wp-block-columns-is-layout-flex\">\n<div class=\"wp-block-column is-layout-flow wp-block-column-is-layout-flow\" style=\"flex-basis:40%\">\n<div class=\"wp-block-group p-5 is-layout-flow wp-block-group-is-layout-flow\">\n<h2 class=\"wp-block-heading has-text-align-left\">Liste der Dienste<br><\/h2>\n\n\n\n<figure class=\"wp-block-image size-full\"><img decoding=\"async\" src=\"https:\/\/www.mirabel-renaudiere.com\/wp-content\/uploads\/2022\/01\/barre-bleue.png\" alt=\"\" class=\"wp-image-2382\"\/><\/figure>\n\n\n\n<p><i class=\"fa fa-bread-slice\"><\/i> &nbsp; Brotdepot<\/p>\n\n\n\n<p><i class=\"fa fa-hamburger\"><\/i> &nbsp; Restaurant Bar-Snack und Gerichte zum Mitnehmen<\/p>\n\n\n\n<p><i class=\"fa fa-mitten\"><\/i> \u00a0 Gasgrillmiete<\/p>\n\n\n\n<p><i class=\"fas fa-store\"><\/i> &nbsp; Point Corner - Lebensmittelgesch\u00e4ft** <\/p>\n\n\n\n<p><i class=\"fa fa-info-circle\"><\/i> &nbsp; Touristeninformationen und Ticketverkauf <\/p>\n\n\n\n<p><i class=\"fa fa-biking\"><\/i> &nbsp;Verleih von Fahrr\u00e4dern<em> (in Partnerschaft siehe unten<\/em>)<\/p>\n\n\n\n<p><i class=\"fa fa-book\"><\/i> &nbsp; Ausleihe von B\u00fcchern und Spielen<\/p>\n\n\n\n<p><i class=\"fa fa-book\"><\/i> &nbsp; Hinterlegung der lokalen Presse<\/p>\n\n\n\n<p><i class=\"fa fa-tshirt\"><\/i> &nbsp;Waschraum mit Waschmaschinen und Trocknern*.<\/p>\n\n\n\n<p><i class=\"fa fa-baby-carriage\"><\/i> &nbsp; Verleih von Babyausstattung*. <\/p>\n\n\n\n<p><img loading=\"lazy\" decoding=\"async\" width=\"24\" height=\"22\" class=\"wp-image-388\" style=\"width: 24px;\" src=\"https:\/\/www.mirabel-renaudiere.com\/wp-content\/uploads\/2021\/12\/fer-a-repasser.jpg\" alt=\"pret von b\u00fcgeleisen\"> Verleih von B\u00fcgelbrett und B\u00fcgeleisen<\/p>\n\n\n\n<p><i class=\"fa fa-plug\"><\/i>&nbsp; &nbsp; Verleih von europ\u00e4ischen Steckeradaptern<\/p>\n\n\n\n<p> <img loading=\"lazy\" decoding=\"async\" width=\"20\" height=\"19\" class=\"wp-image-389\" style=\"width: 20px;\" src=\"https:\/\/www.mirabel-renaudiere.com\/wp-content\/uploads\/2021\/12\/aspirateur.jpg\" alt=\"Staubsaugerverleih\"> &nbsp;Ausleihen von Staubsaugern <\/p>\n<\/div>\n\n\n\n<p>*Zahler: voi<em>r die Preise f\u00fcr die Optionen auf den Seiten <a href=\"https:\/\/mirabel-renaudiere.com\/de\/tarife-fur-die-vermietung-von-mobilheimen\/#options\" data-type=\"page\">Unterk\u00fcnfte<\/a><\/em><br><em>**Lokale Produkte im Lebensmittelgesch\u00e4ft<\/em><\/p>\n<\/div>\n\n\n\n<div class=\"wp-block-column is-vertically-aligned-center is-layout-flow wp-block-column-is-layout-flow\" style=\"flex-basis:60%\">\n<div class=\"wp-block-group border border-info card p-4 is-layout-flow wp-block-group-is-layout-flow\">\n<p class=\"texte-rond has-orange-color has-text-color has-large-font-size\">Barrierefreie Sanit\u00e4ranlagen f\u00fcr alle &nbsp;<i class=\"fa fa-wheelchair\"><\/i><\/p>\n\n\n\n<p>Duschkabinen, WCs, Waschbecken, Kindersanit\u00e4ranlagen und angepasste Sanit\u00e4ranlagen f\u00fcr Menschen mit eingeschr\u00e4nkter Mobilit\u00e4t.<\/p>\n<\/div>\n\n\n\n<div style=\"height:14px\" aria-hidden=\"true\" class=\"wp-block-spacer\"><\/div>\n\n\n\n<figure class=\"wp-block-image\"><img loading=\"lazy\" decoding=\"async\" width=\"1024\" height=\"683\" src=\"https:\/\/www.mirabel-renaudiere.com\/wp-content\/uploads\/2022\/01\/GALERIE_SERVICES-PMR-1024x683.jpg\" alt=\"sanit\u00e4re Einrichtungen Pmr\" class=\"wp-image-2861\" srcset=\"https:\/\/mirabel-renaudiere.com\/wp-content\/uploads\/2022\/01\/GALERIE_SERVICES-PMR-1024x683.jpg 1024w, https:\/\/mirabel-renaudiere.com\/wp-content\/uploads\/2022\/01\/GALERIE_SERVICES-PMR-300x200.jpg 300w, https:\/\/mirabel-renaudiere.com\/wp-content\/uploads\/2022\/01\/GALERIE_SERVICES-PMR-768x512.jpg 768w, https:\/\/mirabel-renaudiere.com\/wp-content\/uploads\/2022\/01\/GALERIE_SERVICES-PMR.jpg 1200w\" sizes=\"auto, (max-width: 1024px) 100vw, 1024px\" \/><\/figure>\n\n\n\n<div style=\"height:0px\" aria-hidden=\"true\" class=\"wp-block-spacer\"><\/div>\n\n\n\n<h2 class=\"wp-block-heading\">Dienstleistungen in der N\u00e4he <\/h2>\n\n\n\n<figure class=\"wp-block-image size-full\"><img decoding=\"async\" src=\"https:\/\/www.mirabel-renaudiere.com\/wp-content\/uploads\/2022\/01\/barre-bleue.png\" alt=\"\" class=\"wp-image-2382\"\/><\/figure>\n\n\n\n<p>Zum Einkaufen ist das Stadtzentrum von La Plaine-sur-Mer 600 m entfernt.<br>Hier finden Sie alle Gesch\u00e4fte und Dienstleistungen in der N\u00e4he: B\u00e4ckerei, Blumenladen, Tabakladen, Metzgerei, Apotheke, Supermarkt ...<\/p>\n\n\n\n<p>Wir haben auch ein Lebensmittelgesch\u00e4ft, in dem Sie alles Notwendige kaufen k\u00f6nnen.Kommen Sie zu uns, wir zeigen Ihnen den Weg und k\u00f6nnen Ihnen einen Stadtplan geben.<\/p>\n<\/div>\n<\/div>\n\n\n\n<div class=\"wp-block-media-text alignwide is-stacked-on-mobile front-page-section grey\" id=\"yakavelo\"><figure class=\"wp-block-media-text__media\"><img loading=\"lazy\" decoding=\"async\" width=\"595\" height=\"842\" src=\"https:\/\/mirabel-renaudiere.com\/wp-content\/uploads\/2026\/04\/FLYER-YAKAVELO-2026.jpg\" alt=\"Flyer Partenairier Fahrradvermietung Yakav\u00e9lo\" class=\"wp-image-13578 size-full\" srcset=\"https:\/\/mirabel-renaudiere.com\/wp-content\/uploads\/2026\/04\/FLYER-YAKAVELO-2026.jpg 595w, https:\/\/mirabel-renaudiere.com\/wp-content\/uploads\/2026\/04\/FLYER-YAKAVELO-2026-212x300.jpg 212w, https:\/\/mirabel-renaudiere.com\/wp-content\/uploads\/2026\/04\/FLYER-YAKAVELO-2026-8x12.jpg 8w\" sizes=\"auto, (max-width: 595px) 100vw, 595px\" \/><\/figure><div class=\"wp-block-media-text__content\">\n<p class=\"texte-rond has-orange-color has-text-color has-large-font-size\">Verleih von Fahrr\u00e4dern, Kajaks und Paddles<\/p>\n\n\n\n<p>Seit 2023 in La-Plaine-sur-Mer, bietet Sandrine der <strong>Verleih von Elektrofahrr\u00e4dern<\/strong>, traditionelle Fahrr\u00e4der <strong>f\u00fcr Erwachsene und Kinder<\/strong>, Ideal f\u00fcr Ausfl\u00fcge mit der Familie oder mit Freunden.&nbsp;<\/p>\n\n\n\n<p>Sie bevorzugen Wasser: W\u00e4hlen Sie <strong>Kajaks und Paddles<\/strong> ! Verleih stundenweise, halbtags oder ganztags ab dem Hafen von Gravette in La Plaine-sur-Mer: Entdecken Sie diese Wassersportarten (wieder).<\/p>\n\n\n\n<p><strong>PRAXIS :<\/strong> f\u00fcr alle Urlauber und ab einer Mietdauer von 2 Tagen, <a href=\"https:\/\/yakaveloloc.com\/\">Yakav\u00e9lo<\/a> liefert Ihre Fahrr\u00e4der direkt am Campingplatz ab. <\/p>\n\n\n\n<p><\/p>\n\n\n\n<div class=\"wp-block-buttons is-layout-flex wp-block-buttons-is-layout-flex\">\n<div class=\"wp-block-button\"><a class=\"wp-block-button__link has-turquoise-background-color has-background wp-element-button\" href=\"https:\/\/mirabel-renaudiere.com\/wp-content\/uploads\/2023\/04\/GRILLE-TARIFAIRE-YAKAVELO-2026.jpg\" target=\"_blank\" rel=\"noreferrer noopener\">TARIFE<\/a><\/div>\n<\/div>\n\n\n\n<div style=\"height:25px\" aria-hidden=\"true\" class=\"wp-block-spacer\"><\/div>\n\n\n\n<p>\u00d6FFNUNGSZEITEN : <\/p>\n\n\n\n<p><strong>Im Sommer<\/strong><\/p>\n\n\n\n<p>T\u00e4glich von 09:00 bis 19:00 Uhr<\/p>\n\n\n\n<p><strong>Von April bis September<\/strong><\/p>\n\n\n\n<p>Am Wochenende und w\u00e4hrend der Schulferien von 09:00 bis 19:00 Uhr<\/p>\n\n\n\n<p>Au\u00dferhalb der \u00d6ffnungszeiten sind Reservierungen t\u00e4glich m\u00f6glich, telefonisch unter 07 45 01 94 99 oder \u00fcber das <a href=\"https:\/\/yakaveloloc.com\/\" target=\"_blank\" rel=\"noreferrer noopener\">Internetseite<\/a>.<\/p>\n\n\n\n<p class=\"has-text-align-center has-orange-color has-text-color has-link-color wp-elements-99c664553c3bd99f1b1d0838d2232d87\"><strong>Exklusiv 2026<\/strong> : <a href=\"https:\/\/yakaveloloc.com\/lechappee-plainaise-a-velo\/\" target=\"_blank\" rel=\"noreferrer noopener\">Zwischen Land und Meer: die Flucht nach Plaine<\/a><\/p>\n\n\n\n<div class=\"wp-block-group border border-info card is-layout-flow wp-block-group-is-layout-flow\" style=\"padding-top:var(--wp--preset--spacing--20);padding-right:var(--wp--preset--spacing--20);padding-bottom:var(--wp--preset--spacing--20);padding-left:var(--wp--preset--spacing--20)\">\n<div style=\"height:6px\" aria-hidden=\"true\" class=\"wp-block-spacer\"><\/div>\n\n\n\n<p class=\"has-text-align-center\"><em>Eine Einladung, langsamer zu werden und La Plaine-sur-Mer auf eine andere Art zu entdecken (2,5 Stunden Auszeit)<\/em><\/p>\n\n\n\n<p class=\"has-text-align-center\"><strong>All-inclusive Tarif<\/strong>&nbsp;41 \u20ac \/ Person (inkl. klassisches Fahrrad, F\u00fchrung und Verkostung).<\/p>\n\n\n\n<p><strong>Erz\u00e4hlspaziergang<\/strong>&nbsp;Der Weg ist gespickt mit lokalen Anekdoten und kleinen Geschichten.<\/p>\n\n\n\n<p><strong>Beruhigender Rhythmus<\/strong>&nbsp;Wir treten ruhig in die Pedale, um die Ruhe der gesch\u00fctzten Natur zu genie\u00dfen.<\/p>\n\n\n\n<p><strong>Gourmet-Zwischenstopp<\/strong>&nbsp;Eine Verkostungstour in&nbsp;<strong>Die \u00e9picerie 1900<\/strong>&nbsp;um das Beste des lokalen Terroir in diesem authentischen Rahmen zu probieren.<\/p>\n<\/div>\n\n\n\n<div style=\"height:15px\" aria-hidden=\"true\" class=\"wp-block-spacer\"><\/div>\n<\/div><\/div>\n\n\n\n<p class=\"has-text-align-center texte-rond mt-5 has-large-font-size\">Was es auf dem Campingplatz zu entdecken gibt<\/p>\n\n\n\n<div class=\"wp-block-columns h-20 front-page-section grey is-layout-flex wp-container-core-columns-is-layout-28f84493 wp-block-columns-is-layout-flex\">\n<div class=\"wp-block-column is-layout-flow wp-block-column-is-layout-flow\"><\/div>\n\n\n\n<div class=\"wp-block-column is-layout-flow wp-block-column-is-layout-flow\">\n<div class=\"wp-block-create-block-sevgutenberg-navigation\"><aside class=\"encart-sev-navigation small carre\"><a href=\"https:\/\/mirabel-renaudiere.com\/de\/restaurant-bar-snack\/\" class=\"d-flex flex-column align-items-center\"><div class=\"encart-title\"><span>Snackbar<\/span><\/div><div class=\"vague\"><\/div><img decoding=\"async\" src=\"https:\/\/www.mirabel-renaudiere.com\/wp-content\/uploads\/2021\/12\/cafe-bar-camping.jpg\" alt=\"einen Kaffee in der Bar des Campingplatzes\"\/><div class=\"ligne\"><\/div><div class=\"hover\"><\/div><\/a><\/aside><\/div>\n<\/div>\n\n\n\n<div class=\"wp-block-column is-layout-flow wp-block-column-is-layout-flow\">\n<div class=\"wp-block-create-block-sevgutenberg-navigation\"><aside class=\"encart-sev-navigation small carre\"><a href=\"https:\/\/mirabel-renaudiere.com\/de\/tarife-fur-die-vermietung-von-mobilheimen\/\" class=\"d-flex flex-column align-items-center\"><div class=\"encart-title\"><span>Die Unterk\u00fcnfte<\/span><\/div><div class=\"vague\"><\/div><img decoding=\"async\" src=\"https:\/\/www.mirabel-renaudiere.com\/wp-content\/uploads\/2021\/12\/mobilhome-location-camping2.jpg\" alt=\"NEUE PARZELLEN ZUR MIETE\"\/><div class=\"ligne\"><\/div><div class=\"hover\"><\/div><\/a><\/aside><\/div>\n<\/div>\n\n\n\n<div class=\"wp-block-column is-layout-flow wp-block-column-is-layout-flow\">\n<div class=\"wp-block-create-block-sevgutenberg-navigation\"><aside class=\"encart-sev-navigation small carre\"><a href=\"https:\/\/mirabel-renaudiere.com\/de\/aktivitaten-animationen-partys\/\" class=\"d-flex flex-column align-items-center\"><div class=\"encart-title\"><span>Animationen<\/span><\/div><div class=\"vague\"><\/div><img decoding=\"async\" src=\"https:\/\/www.mirabel-renaudiere.com\/wp-content\/uploads\/2022\/01\/animations-camping-Pornic.jpg\" alt=\"Animationen des Campingplatzes in Pornic\"\/><div class=\"ligne\"><\/div><div class=\"hover\"><\/div><\/a><\/aside><\/div>\n<\/div>\n\n\n\n<div class=\"wp-block-column is-layout-flow wp-block-column-is-layout-flow\"><\/div>\n<\/div>\n\n\n\n<figure class=\"wp-block-image aligncenter size-large is-resized mt-5\"><img decoding=\"async\" src=\"https:\/\/www.mirabel-renaudiere.com\/wp-content\/uploads\/2022\/01\/photo-1024x84.png\" alt=\"Fotogalerie\" class=\"wp-image-2371\" style=\"width:768px;height:63px\"\/><\/figure>\n\n\n\t\t\t<div id=\"sevgallery-958484939\" class=\"sev-diaporama sev-diaporama-portfolio\">\r\n\t\t\t\t<div class=\"row\">\r\n\r\n\t\t\t\t\t\r\n\t\t\t\t\t\t\r\n\t\t\t\t\t\t<div class=\"sev-diaporama-portfolio-item    col-12 col-md\">\r\n\t\t\t\t\t\t\t<a href=\"https:\/\/mirabel-renaudiere.com\/wp-content\/uploads\/2024\/01\/epicerie-boutique-accueil-camping.jpg\" data-lightbox=\"sevgallery-958484939\" style=\"background-image: url(https:\/\/mirabel-renaudiere.com\/wp-content\/uploads\/2024\/01\/epicerie-boutique-accueil-camping.jpg)\">\r\n\t\t\t\t\t\t\t\t<img decoding=\"async\" src=\"https:\/\/mirabel-renaudiere.com\/wp-content\/uploads\/2024\/01\/epicerie-boutique-accueil-camping.jpg\" alt=\"Lebensmittelgesch\u00e4ft Campingladen\" loading=\"lazy\">\r\n\t\t\t\t\t\t\t\t\t\t\t\t\t\t\t<\/a>\r\n\t\t\t\t\t\t<\/div>\r\n\r\n\t\t\t\t\t\t\r\n\t\t\t\t\t\t\t\t\t\t\t\t\t\t\t\t\t\r\n\t\t\t\t\t\t\r\n\t\t\t\t\t\t<div class=\"sev-diaporama-portfolio-item    col-12 col-md  col-shrink\">\r\n\t\t\t\t\t\t\t<a href=\"https:\/\/mirabel-renaudiere.com\/wp-content\/uploads\/2024\/01\/boutique-porte-cle-camping.jpg\" data-lightbox=\"sevgallery-958484939\" style=\"background-image: url(https:\/\/mirabel-renaudiere.com\/wp-content\/uploads\/2024\/01\/boutique-porte-cle-camping.jpg)\">\r\n\t\t\t\t\t\t\t\t<img decoding=\"async\" src=\"https:\/\/mirabel-renaudiere.com\/wp-content\/uploads\/2024\/01\/boutique-porte-cle-camping.jpg\" alt=\"schl\u00fcsselanh\u00e4nger camping mirabel\" loading=\"lazy\">\r\n\t\t\t\t\t\t\t\t\t\t\t\t\t\t\t<\/a>\r\n\t\t\t\t\t\t<\/div>\r\n\r\n\t\t\t\t\t\t\r\n\t\t\t\t\t\t\t\t\t\t\t\t\t\t\t\t\t\r\n\t\t\t\t\t\t\r\n\t\t\t\t\t\t<div class=\"sev-diaporama-portfolio-item    col-12 col-md\">\r\n\t\t\t\t\t\t\t<a href=\"https:\/\/mirabel-renaudiere.com\/wp-content\/uploads\/2021\/12\/air-service-camping-car-1024x683.jpg\" data-lightbox=\"sevgallery-958484939\" style=\"background-image: url(https:\/\/mirabel-renaudiere.com\/wp-content\/uploads\/2021\/12\/air-service-camping-car-1024x683.jpg)\">\r\n\t\t\t\t\t\t\t\t<img decoding=\"async\" src=\"https:\/\/mirabel-renaudiere.com\/wp-content\/uploads\/2021\/12\/air-service-camping-car-1024x683.jpg\" alt=\"Servicebereich f\u00fcr Wohnmobile\" loading=\"lazy\">\r\n\t\t\t\t\t\t\t\t\t\t\t\t\t\t\t<\/a>\r\n\t\t\t\t\t\t<\/div>\r\n\r\n\t\t\t\t\t\t\r\n\t\t\t\t\t\t\t\t\t\t\t\t\t\t\t\t\t\r\n\t\t\t\t\t\t\r\n\t\t\t\t\t\t<div class=\"sev-diaporama-portfolio-item    col-12 col-md  col-shrink\">\r\n\t\t\t\t\t\t\t<a href=\"https:\/\/mirabel-renaudiere.com\/wp-content\/uploads\/2024\/01\/accueil-camping-reception.jpg\" data-lightbox=\"sevgallery-958484939\" style=\"background-image: url(https:\/\/mirabel-renaudiere.com\/wp-content\/uploads\/2024\/01\/accueil-camping-reception.jpg)\">\r\n\t\t\t\t\t\t\t\t<img decoding=\"async\" src=\"https:\/\/mirabel-renaudiere.com\/wp-content\/uploads\/2024\/01\/accueil-camping-reception.jpg\" alt=\"Empfang Camping Rezeption\" loading=\"lazy\">\r\n\t\t\t\t\t\t\t\t\t\t\t\t\t\t\t<\/a>\r\n\t\t\t\t\t\t<\/div>\r\n\r\n\t\t\t\t\t\t\t\t\t\t\t\t\t<div class=\"w-100\"><\/div>\r\n\t\t\t\t\t\t\t\t\t\t\t\t\t\r\n\t\t\t\t\t\t\t\t\t\t\t\t\t\t\t\t\t\r\n\t\t\t\t\t\t\r\n\t\t\t\t\t\t<div class=\"sev-diaporama-portfolio-item    col-12 col-md  col-shrink\">\r\n\t\t\t\t\t\t\t<a href=\"https:\/\/mirabel-renaudiere.com\/wp-content\/uploads\/2021\/12\/vaisselle-camiping-683x1024.jpg\" data-lightbox=\"sevgallery-958484939\" style=\"background-image: url(https:\/\/mirabel-renaudiere.com\/wp-content\/uploads\/2021\/12\/vaisselle-camiping-683x1024.jpg)\">\r\n\t\t\t\t\t\t\t\t<img decoding=\"async\" src=\"https:\/\/mirabel-renaudiere.com\/wp-content\/uploads\/2021\/12\/vaisselle-camiping-683x1024.jpg\" alt=\"das Geschirr auf dem Campingplatz\" loading=\"lazy\">\r\n\t\t\t\t\t\t\t\t\t\t\t\t\t\t\t<\/a>\r\n\t\t\t\t\t\t<\/div>\r\n\r\n\t\t\t\t\t\t\r\n\t\t\t\t\t\t\t\t\t\t\t\t\t\t\t\t\t\r\n\t\t\t\t\t\t\r\n\t\t\t\t\t\t<div class=\"sev-diaporama-portfolio-item    col-12 col-md  col-shrink\">\r\n\t\t\t\t\t\t\t<a href=\"https:\/\/mirabel-renaudiere.com\/wp-content\/uploads\/2021\/12\/sanitaires-toilettes-camping-1024x683.jpg\" data-lightbox=\"sevgallery-958484939\" style=\"background-image: url(https:\/\/mirabel-renaudiere.com\/wp-content\/uploads\/2021\/12\/sanitaires-toilettes-camping-1024x683.jpg)\">\r\n\t\t\t\t\t\t\t\t<img decoding=\"async\" src=\"https:\/\/mirabel-renaudiere.com\/wp-content\/uploads\/2021\/12\/sanitaires-toilettes-camping-1024x683.jpg\" alt=\"Sanit\u00e4ranlagen und Toiletten des Campingplatzes\" loading=\"lazy\">\r\n\t\t\t\t\t\t\t\t\t\t\t\t\t\t\t<\/a>\r\n\t\t\t\t\t\t<\/div>\r\n\r\n\t\t\t\t\t\t\r\n\t\t\t\t\t\t\t\t\t\t\t\t\t\t\t\t\t\r\n\t\t\t\t\t\t\r\n\t\t\t\t\t\t<div class=\"sev-diaporama-portfolio-item    col-12 col-md\">\r\n\t\t\t\t\t\t\t<a href=\"https:\/\/mirabel-renaudiere.com\/wp-content\/uploads\/2022\/01\/GALERIE_SERVICES_SANITAIRE_ENFANT-1024x683.jpg\" data-lightbox=\"sevgallery-958484939\" style=\"background-image: url(https:\/\/mirabel-renaudiere.com\/wp-content\/uploads\/2022\/01\/GALERIE_SERVICES_SANITAIRE_ENFANT-1024x683.jpg)\">\r\n\t\t\t\t\t\t\t\t<img decoding=\"async\" src=\"https:\/\/mirabel-renaudiere.com\/wp-content\/uploads\/2022\/01\/GALERIE_SERVICES_SANITAIRE_ENFANT-1024x683.jpg\" alt=\"Sanit\u00e4rbereich Kinder\" loading=\"lazy\">\r\n\t\t\t\t\t\t\t\t\t\t\t\t\t\t\t<\/a>\r\n\t\t\t\t\t\t<\/div>\r\n\r\n\t\t\t\t\t\t\r\n\t\t\t\t\t\t\t\t\t\t\t\t\t\t\t\t\t\r\n\t\t\t\t\t\t\r\n\t\t\t\t\t\t<div class=\"sev-diaporama-portfolio-item  limitsm  col-12 col-md  last-visible\">\r\n\t\t\t\t\t\t\t<a href=\"https:\/\/mirabel-renaudiere.com\/de\/photos-camping-renaudiere\"  style=\"background-image: url(https:\/\/mirabel-renaudiere.com\/wp-content\/uploads\/2022\/01\/galerie-photo.png)\">\r\n\t\t\t\t\t\t\t\t<img decoding=\"async\" src=\"https:\/\/mirabel-renaudiere.com\/wp-content\/uploads\/2022\/01\/galerie-photo.png\" alt=\"Fotogalerie\" loading=\"lazy\">\r\n\t\t\t\t\t\t\t\t\t\t\t\t\t\t\t\t\t<img decoding=\"async\" src=\"https:\/\/mirabel-renaudiere.com\/wp-content\/themes\/renaudiere\/assets\/img\/voir-photos.png\" alt=\"\" \/>\r\n\t\t\t\t\t\t\t\t\t<span>Alle Fotos anzeigen<\/span>\r\n\t\t\t\t\t\t\t\t\t\t\t\t\t\t\t<\/a>\r\n\t\t\t\t\t\t<\/div>\r\n\r\n\t\t\t\t\t\t\t\t\t\t\t\t\t<div class=\"w-100\"><\/div>\r\n\t\t\t\t\t\t\t\t\t\t\t\t\t\r\n\t\t\t\t\t\t\t\t\t\t\t\t\t\t\t\t\t\t\t\t\t<\/div>\r\n\t\t\t<\/div>\r\n\r\n\t\t\t<script>\r\n\t\t\tjQuery(function($) {\r\n\r\n\t\t\t\tvar marginPortfolio = function() {\r\n\r\n\t\t\t\t\tvar $diapo          = $('#sevgallery-958484939');\r\n\t\t\t\t\tvar container_width = $diapo.parent().outerWidth();\r\n\t\t\t\t\tvar side            = ( $(window).innerWidth() - container_width ) \/ 2;\r\n\r\n\t\t\t\t\t$diapo.css( {\r\n\t\t\t\t\t\t'margin-left': '-' + side + 'px',\r\n\t\t\t\t\t\t'margin-right': '-' + side + 'px',\r\n\t\t\t\t\t} );\r\n\t\t\t\t};\r\n\r\n\t\t\t\t$( window ).resize( function() {\r\n\t\t\t\t\tmarginPortfolio();\r\n\t\t\t\t} );\r\n\t\t\t\tmarginPortfolio();\r\n\t\t\t});\r\n\t\t\t<\/script>\r\n\t\t\t\n\n\n\n<p><\/p>","protected":false},"excerpt":{"rendered":"<p>Un camping \u00e0 c\u00f4t\u00e9 de Pornic avec de nombreux services sur place Retrouvez le bon go\u00fbt du pain frais et [&hellip;]<\/p>\n","protected":false},"author":1,"featured_media":0,"parent":0,"menu_order":0,"comment_status":"closed","ping_status":"closed","template":"","meta":{"_seopress_robots_primary_cat":"","_seopress_titles_title":"Camping avec location de v\u00e9los pr\u00e8s de Pornic","_seopress_titles_desc":"Le camping La Renaudi\u00e8re pr\u00e8s de Pornic vous propose de nombreux services pour des vacances r\u00e9ussies : location de v\u00e9lo, point wifi gratuit...","_seopress_robots_index":"","footnotes":""},"class_list":["post-48","page","type-page","status-publish","hentry"],"_links":{"self":[{"href":"https:\/\/mirabel-renaudiere.com\/de\/wp-json\/wp\/v2\/pages\/48","targetHints":{"allow":["GET"]}}],"collection":[{"href":"https:\/\/mirabel-renaudiere.com\/de\/wp-json\/wp\/v2\/pages"}],"about":[{"href":"https:\/\/mirabel-renaudiere.com\/de\/wp-json\/wp\/v2\/types\/page"}],"author":[{"embeddable":true,"href":"https:\/\/mirabel-renaudiere.com\/de\/wp-json\/wp\/v2\/users\/1"}],"replies":[{"embeddable":true,"href":"https:\/\/mirabel-renaudiere.com\/de\/wp-json\/wp\/v2\/comments?post=48"}],"version-history":[{"count":148,"href":"https:\/\/mirabel-renaudiere.com\/de\/wp-json\/wp\/v2\/pages\/48\/revisions"}],"predecessor-version":[{"id":13585,"href":"https:\/\/mirabel-renaudiere.com\/de\/wp-json\/wp\/v2\/pages\/48\/revisions\/13585"}],"wp:attachment":[{"href":"https:\/\/mirabel-renaudiere.com\/de\/wp-json\/wp\/v2\/media?parent=48"}],"curies":[{"name":"wp","href":"https:\/\/api.w.org\/{rel}","templated":true}]}}