{"id":63,"date":"2021-12-10T14:23:37","date_gmt":"2021-12-10T13:23:37","guid":{"rendered":"https:\/\/www.campinglarenaudiere.com\/?page_id=63"},"modified":"2024-01-29T17:03:25","modified_gmt":"2024-01-29T16:03:25","slug":"zweitwohnsitz-pornic","status":"publish","type":"page","link":"https:\/\/mirabel-renaudiere.com\/de\/residence-secondaire-pornic","title":{"rendered":"Ihr Zweitwohnsitz"},"content":{"rendered":"<h1 class=\"wp-block-heading\" id=\"votre-residence-secondaire-a-deux-pas-de-pornic\">Ihr Zweitwohnsitz in unmittelbarer N\u00e4he von Pornic<\/h1>\n\n\n\n<p><\/p>\n\n\n\n<div class=\"wp-block-media-text has-media-on-the-right is-stacked-on-mobile\"><div class=\"wp-block-media-text__content\">\n<h2 class=\"wp-block-heading\" id=\"locations-de-parcelles-a-l-annee-au-camping-la-renaudiere-44\"><strong>Ganzj\u00e4hrige Vermietung von Parzellen auf dem Campingplatz Mirabel La Renaudi\u00e8re<\/strong> in La Plaine-sur-Mer<\/h2>\n\n\n\n<figure class=\"wp-block-image size-full\"><img decoding=\"async\" src=\"https:\/\/www.mirabel-renaudiere.com\/wp-content\/uploads\/2022\/01\/barre-bleue.png\" alt=\"\" class=\"wp-image-2382\"\/><\/figure>\n\n\n\n<p>Mit dem Kauf eines Mobilheims in La Renaudi\u00e8re, das ideal in der N\u00e4he von Pornic und nur wenige Schritte vom Meer entfernt liegt, sichern Sie sich ein Feriendomizil nach Ihrem Geschmack, das Ihnen jederzeit zur Verf\u00fcgung steht, w\u00e4hrend der gesamten \u00d6ffnungszeit des Campingplatzes, d. h. vom 1. Januar bis zum 31. Dezember.<sup>er<\/sup> April bis 31. Oktober.<\/p>\n\n\n\n<div class=\"wp-block-group is-nowrap is-layout-flex wp-container-core-group-is-layout-6c531013 wp-block-group-is-layout-flex\">\n<figure class=\"wp-block-image alignleft size-full is-resized\"><img loading=\"lazy\" decoding=\"async\" width=\"600\" height=\"535\" src=\"https:\/\/www.mirabel-renaudiere.com\/wp-content\/uploads\/2022\/01\/Panneau-vectoriel-original.png\" alt=\"willkommen zuhause!\" class=\"wp-image-1748\" style=\"width:300px;height:268px\" srcset=\"https:\/\/mirabel-renaudiere.com\/wp-content\/uploads\/2022\/01\/Panneau-vectoriel-original.png 600w, https:\/\/mirabel-renaudiere.com\/wp-content\/uploads\/2022\/01\/Panneau-vectoriel-original-300x268.png 300w\" sizes=\"auto, (max-width: 600px) 100vw, 600px\" \/><\/figure>\n\n\n\n<p class=\"has-text-align-left texte-rond has-orange-color has-text-color has-large-font-size\"><br>Werden Sie Eigent\u00fcmer Ihres Mobilheims, damit Ihr Urlaub immer ein Erfolg wird!<\/p>\n<\/div>\n<\/div><figure class=\"wp-block-media-text__media\"><img loading=\"lazy\" decoding=\"async\" width=\"800\" height=\"533\" src=\"https:\/\/www.mirabel-renaudiere.com\/wp-content\/uploads\/2023\/01\/TOSCANE-812-vente-mobilhome-CHB.jpg\" alt=\"Kinderzimmer des neuen Mobilheims Toskana\" class=\"wp-image-6622 size-full\" srcset=\"https:\/\/mirabel-renaudiere.com\/wp-content\/uploads\/2023\/01\/TOSCANE-812-vente-mobilhome-CHB.jpg 800w, https:\/\/mirabel-renaudiere.com\/wp-content\/uploads\/2023\/01\/TOSCANE-812-vente-mobilhome-CHB-300x200.jpg 300w, https:\/\/mirabel-renaudiere.com\/wp-content\/uploads\/2023\/01\/TOSCANE-812-vente-mobilhome-CHB-768x512.jpg 768w\" sizes=\"auto, (max-width: 800px) 100vw, 800px\" \/><\/figure><\/div>\n\n\n\n<div style=\"height:30px\" aria-hidden=\"true\" class=\"wp-block-spacer\"><\/div>\n\n\n\n<div class=\"wp-block-group has-border-color has-orange-border-color is-layout-constrained wp-container-core-group-is-layout-a666d811 wp-block-group-is-layout-constrained\" style=\"border-width:1px;padding-top:var(--wp--preset--spacing--40);padding-right:var(--wp--preset--spacing--40);padding-bottom:var(--wp--preset--spacing--40);padding-left:var(--wp--preset--spacing--40)\">\n<p class=\"has-text-align-center has-medium-font-size\"><strong>F\u00fcr weitere Informationen \u00fcber den Kauf eines Mobilheims kontaktieren Sie uns bitte :<\/strong><\/p>\n\n\n\n<div class=\"wp-block-buttons is-content-justification-center is-layout-flex wp-container-core-buttons-is-layout-a89b3969 wp-block-buttons-is-layout-flex\">\n<div class=\"wp-block-button\"><a class=\"wp-block-button__link has-orange-background-color has-background wp-element-button\" href=\"tel:07 88 74 48 18\"><strong>07 88 74 48 18<\/strong><\/a><\/div>\n<\/div>\n<\/div>\n\n\n\n<div style=\"height:30px\" aria-hidden=\"true\" class=\"wp-block-spacer\"><\/div>\n\n\n\n<div class=\"wp-block-media-text is-stacked-on-mobile\"><figure class=\"wp-block-media-text__media\"><img loading=\"lazy\" decoding=\"async\" width=\"700\" height=\"467\" src=\"https:\/\/www.mirabel-renaudiere.com\/wp-content\/uploads\/2023\/04\/devenir-proprietaire-resident.jpg\" alt=\"kauf mobilheim eigent\u00fcmer\" class=\"wp-image-6839 size-full\" srcset=\"https:\/\/mirabel-renaudiere.com\/wp-content\/uploads\/2023\/04\/devenir-proprietaire-resident.jpg 700w, https:\/\/mirabel-renaudiere.com\/wp-content\/uploads\/2023\/04\/devenir-proprietaire-resident-300x200.jpg 300w\" sizes=\"auto, (max-width: 700px) 100vw, 700px\" \/><\/figure><div class=\"wp-block-media-text__content\">\n<div style=\"height:5px\" aria-hidden=\"true\" class=\"wp-block-spacer\"><\/div>\n\n\n\n<div class=\"wp-block-group card card-body border border-info h-100 has-turquoise-color has-text-color is-layout-flow wp-block-group-is-layout-flow\">\n<p class=\"has-text-align-center\"><strong>W\u00e4hlen Sie Ihren Zweitwohnsitz auf einem Campingplatz, <br>das bedeutet + Dienstleistungen und - Einschr\u00e4nkungen!<\/strong><br> <img decoding=\"async\" class=\"wp-image-2357\" style=\"width: 50px;\" src=\"https:\/\/www.mirabel-renaudiere.com\/wp-content\/uploads\/2022\/01\/barre-orange.png\" alt=\"\"> <\/p>\n\n\n\n<p><strong><span class=\"has-inline-color has-orange-color\">\u2022<\/span><\/strong> 7 Monate im Jahr ein Standbein am Meer haben<\/p>\n\n\n\n<p> <strong><span class=\"has-inline-color has-orange-color\">\u2022<\/span><\/strong> Ein kleines Ferienhaus f\u00fcr ein moderates Budget kaufen (wie ein Zweitwohnsitz, Sie sind zu Hause)<\/p>\n\n\n\n<p> <strong><span class=\"has-inline-color has-orange-color\">\u2022<\/span><\/strong> Nutzen Sie die Bereiche und Dienstleistungen des Campingplatzes: Schwimmb\u00e4der, Sportplatz...<\/p>\n\n\n\n<p> <strong><mark style=\"background-color:rgba(0, 0, 0, 0)\" class=\"has-inline-color has-orange-color\">\u2022<\/mark><\/strong> Eine Freizeitinvestition: Vermieten Sie Ihr Mobilheim, wenn Sie nicht dort sind.<\/p>\n\n\n\n<p> <strong><span class=\"has-inline-color has-orange-color\">\u2022<\/span><\/strong> Keine Immobiliensteuer: weder Wohn- noch Grundsteuer, da das Mobilheim als bewegliches Gut (und nicht als Immobilie) betrachtet wird.<\/p>\n<\/div>\n<\/div><\/div>\n\n\n\n<div style=\"height:15px\" aria-hidden=\"true\" class=\"wp-block-spacer\"><\/div>\n\n\n\n<div class=\"wp-block-media-text alignwide has-media-on-the-right is-stacked-on-mobile front-page-section grey animate\"><div class=\"wp-block-media-text__content\">\n<h2 class=\"wp-block-heading\" id=\"comment-choisir-son-mobil-home\">Wie w\u00e4hlt man ein Mobilheim zum Kauf aus?<\/h2>\n\n\n\n<figure class=\"wp-block-image size-full\"><img decoding=\"async\" src=\"https:\/\/www.mirabel-renaudiere.com\/wp-content\/uploads\/2022\/01\/barre-bleue.png\" alt=\"\" class=\"wp-image-2382\"\/><\/figure>\n\n\n\n<p>Mobilheime sind wie <strong>kleine Ferienh\u00e4user, die nach Ihren W\u00fcnschen angepasst werden k\u00f6nnen<\/strong>. <br>Der Campingplatz bietet Modelle mit einem, zwei oder drei Schlafzimmern, einem oder zwei Badezimmern, einer halboffenen oder \u00fcberdachten Terrasse zum Verkauf an: Alles ist m\u00f6glich! Wir haben zahlreiche Hersteller wie RAPIDHOME, IRM, O'HARA, NAUTILHOME und RIDEAU f\u00fcr hochwertige Unterk\u00fcnfte gelistet! <br>In La Renaudi\u00e8re k\u00f6nnen Sie neue oder gebrauchte Mobilheime kaufen, die auf Parzellen von ca. 140m\u00b2 verkauft werden.<sup>2<\/sup> in 200m<sup>2<\/sup>. <strong>So finden Sie die richtige Vorlage<\/strong>, Wir schlagen Ihnen vor, einige davon zu besuchen, je nach Ihrem Geschmack und Budget. <br>Dann ist es ganz einfach, Sie w\u00e4hlen das Mobilheim und sein Zubeh\u00f6r (Terrasse, \u00dcberdachung,...) und wir k\u00fcmmern uns um den Rest: Bestellung, Lieferung, Verkeilung, Anschluss, Montage,... Das Mobilheim geh\u00f6rt Ihnen, die Miete f\u00fcr den Stellplatz wird alle 2 Jahre verl\u00e4ngert.<\/p>\n<\/div><figure class=\"wp-block-media-text__media\"><img loading=\"lazy\" decoding=\"async\" width=\"800\" height=\"600\" src=\"https:\/\/www.mirabel-renaudiere.com\/wp-content\/uploads\/2023\/01\/galerie-toscane-873.jpeg\" alt=\"verkauf neues mobilheim\" class=\"wp-image-6526 size-full\" srcset=\"https:\/\/mirabel-renaudiere.com\/wp-content\/uploads\/2023\/01\/galerie-toscane-873.jpeg 800w, https:\/\/mirabel-renaudiere.com\/wp-content\/uploads\/2023\/01\/galerie-toscane-873-300x225.jpeg 300w, https:\/\/mirabel-renaudiere.com\/wp-content\/uploads\/2023\/01\/galerie-toscane-873-768x576.jpeg 768w\" sizes=\"auto, (max-width: 800px) 100vw, 800px\" \/><\/figure><\/div>\n\n\n\n<p class=\"has-text-align-center texte-rond has-orange-color has-text-color has-huge-font-size\">  - Kleinanzeigen -  <\/p>\n\n\n\n<div class=\"wp-block-columns alignwide is-layout-flex wp-container-core-columns-is-layout-28f84493 wp-block-columns-is-layout-flex\">\n<div class=\"wp-block-column mt-2 mb-2 ml-md-5 mr-md-5 ml-0 mr-0 is-layout-flow wp-block-column-is-layout-flow\">\n<div class=\"wp-block-group card h-100 is-layout-flow wp-block-group-is-layout-flow\">\n<figure class=\"wp-block-image size-full card-img-top\"><a href=\"https:\/\/mirabel-renaudiere.com\/de\/verkauf-mobilheime\/#neuf\"><img loading=\"lazy\" decoding=\"async\" width=\"800\" height=\"452\" src=\"https:\/\/www.mirabel-renaudiere.com\/wp-content\/uploads\/2022\/01\/Mobil-home-Confort-Plus-1-chambre-lit-dappoint-2.jpg\" alt=\"neues Mobilheim\" class=\"wp-image-2887\" srcset=\"https:\/\/mirabel-renaudiere.com\/wp-content\/uploads\/2022\/01\/Mobil-home-Confort-Plus-1-chambre-lit-dappoint-2.jpg 800w, https:\/\/mirabel-renaudiere.com\/wp-content\/uploads\/2022\/01\/Mobil-home-Confort-Plus-1-chambre-lit-dappoint-2-300x170.jpg 300w, https:\/\/mirabel-renaudiere.com\/wp-content\/uploads\/2022\/01\/Mobil-home-Confort-Plus-1-chambre-lit-dappoint-2-768x434.jpg 768w\" sizes=\"auto, (max-width: 800px) 100vw, 800px\" \/><\/a><\/figure>\n\n\n\n<p class=\"has-text-align-center card-title has-orange-color has-text-color\" style=\"font-size:24px\"><strong>Neue Mobilheime<\/strong><\/p>\n\n\n\n<div class=\"wp-block-buttons is-horizontal is-content-justification-center is-layout-flex wp-container-core-buttons-is-layout-03627597 wp-block-buttons-is-layout-flex\">\n<div class=\"wp-block-button\"><a class=\"wp-block-button__link has-white-color has-orange-background-color has-text-color has-background wp-element-button\" href=\"https:\/\/mirabel-renaudiere.com\/de\/verkauf-mobilheime\/#neuf\" style=\"border-radius:30px\">Mehr erfahren<\/a><\/div>\n<\/div>\n\n\n\n<div style=\"height:10px\" aria-hidden=\"true\" class=\"wp-block-spacer\"><\/div>\n<\/div>\n<\/div>\n\n\n\n<div class=\"wp-block-column mt-2 mb-2 ml-5 mr-md-5 mr-0 is-layout-flow wp-block-column-is-layout-flow\">\n<div class=\"wp-block-group card h-100 is-layout-flow wp-block-group-is-layout-flow\">\n<figure class=\"wp-block-image size-full card-img-top\"><a href=\"https:\/\/mirabel-renaudiere.com\/de\/verkauf-mobilheime\/#occasion\" target=\"_blank\" rel=\"noreferrer noopener\"><img loading=\"lazy\" decoding=\"async\" width=\"800\" height=\"452\" src=\"https:\/\/www.mirabel-renaudiere.com\/wp-content\/uploads\/2023\/04\/encart-vente-mobil-home-occasion.jpg\" alt=\"verkauf neues mobilheim in la plaine sur mer\" class=\"wp-image-8616\" srcset=\"https:\/\/mirabel-renaudiere.com\/wp-content\/uploads\/2023\/04\/encart-vente-mobil-home-occasion.jpg 800w, https:\/\/mirabel-renaudiere.com\/wp-content\/uploads\/2023\/04\/encart-vente-mobil-home-occasion-300x170.jpg 300w, https:\/\/mirabel-renaudiere.com\/wp-content\/uploads\/2023\/04\/encart-vente-mobil-home-occasion-768x434.jpg 768w\" sizes=\"auto, (max-width: 800px) 100vw, 800px\" \/><\/a><\/figure>\n\n\n\n<p class=\"has-text-align-center card-title has-orange-color has-text-color\" style=\"font-size:24px\"><strong>Gebrauchte Mobilheime<\/strong><\/p>\n\n\n\n<div class=\"wp-block-buttons is-horizontal is-content-justification-center is-layout-flex wp-container-core-buttons-is-layout-03627597 wp-block-buttons-is-layout-flex\">\n<div class=\"wp-block-button\"><a class=\"wp-block-button__link has-white-color has-orange-background-color has-text-color has-background wp-element-button\" href=\"https:\/\/mirabel-renaudiere.com\/de\/verkauf-mobilheime\/#occasion\" style=\"border-radius:50px\">Mehr erfahren<\/a><\/div>\n<\/div>\n\n\n\n<div style=\"height:10px\" aria-hidden=\"true\" class=\"wp-block-spacer\"><\/div>\n<\/div>\n<\/div>\n<\/div>\n\n\n\n<div class=\"wp-block-cover alignfull is-light has-parallax h-50\"><span aria-hidden=\"true\" class=\"wp-block-cover__background has-orange-background-color has-background-dim-80 has-background-dim\"><\/span><div role=\"img\" class=\"wp-block-cover__image-background wp-image-2862 has-parallax\" style=\"background-position:50% 50%;background-image:url(https:\/\/www.mirabel-renaudiere.com\/wp-content\/uploads\/2022\/01\/HEADER-page-Mobil-home.jpg)\"><\/div><div class=\"wp-block-cover__inner-container is-layout-flow wp-block-cover-is-layout-flow\">\n<p class=\"has-text-align-center has-white-color has-text-color has-medium-font-size\"><strong> Ma\u00ebliss wird Sie auf einer Entdeckungstour durch den Campingplatz und sein Ausstellungsdorf begleiten.<br>Es liegt an Ihnen, den idealen Standort f\u00fcr Ihr zuk\u00fcnftiges Mobilheim zu w\u00e4hlen! <\/strong><\/p>\n\n\n\n<div class=\"wp-block-buttons is-horizontal is-content-justification-center is-layout-flex wp-container-core-buttons-is-layout-03627597 wp-block-buttons-is-layout-flex\">\n<div class=\"wp-block-button has-custom-font-size aligncenter has-medium-font-size\"><a class=\"wp-block-button__link has-orange-color has-white-background-color has-text-color has-background wp-element-button\"><i class=\"fa fa-phone-alt\"><\/i> 02 40 51 50 03<\/a><\/div>\n<\/div>\n\n\n\n<div style=\"height:53px\" aria-hidden=\"true\" class=\"wp-block-spacer\"><\/div>\n\n\n\n<p class=\"has-text-align-center has-white-color has-text-color has-medium-font-size\"><strong>Delphine begleitet Sie bei Ihrem Vorhaben, ein neues Mobilheim zu kaufen. Vereinbaren Sie einen Termin.<\/strong><\/p>\n\n\n\n<div class=\"wp-block-buttons is-layout-flex wp-block-buttons-is-layout-flex\">\n<div class=\"wp-block-button has-custom-font-size aligncenter has-medium-font-size\"><a class=\"wp-block-button__link has-orange-color has-white-background-color has-text-color has-background wp-element-button\"><i class=\"fa fa-phone-alt\"> <\/i> 07 88 74 48 18<\/a><\/div>\n<\/div>\n\n\n\n<div style=\"height:63px\" aria-hidden=\"true\" class=\"wp-block-spacer\"><\/div>\n\n\n\n<p class=\"has-text-align-center texte-rond has-white-color has-text-color has-huge-font-size\">Kontaktieren Sie uns schnell, um Ihr Projekt zu besprechen und Ihren Traum zu verwirklichen!<\/p>\n\n\n\n<div style=\"height:20px\" aria-hidden=\"true\" class=\"wp-block-spacer\"><\/div>\n<\/div><\/div>\n\n\n\n<div style=\"height:60px\" aria-hidden=\"true\" class=\"wp-block-spacer\"><\/div>\n\n\n\n<div class=\"wp-block-media-text is-stacked-on-mobile is-vertically-aligned-center\"><figure class=\"wp-block-media-text__media\"><img loading=\"lazy\" decoding=\"async\" width=\"1024\" height=\"683\" src=\"https:\/\/mirabel-renaudiere.com\/wp-content\/uploads\/2023\/09\/sentier_douaniers_prefailles.jpg\" alt=\"\" class=\"wp-image-9555 size-full\"\/><\/figure><div class=\"wp-block-media-text__content\">\n<h2 class=\"wp-block-heading\" id=\"partir-en-vacances-toute-l-annee-a-la-plaine-sur-mer-a-quelques-kilometres-de-pornic\">Das ganze Jahr \u00fcber Urlaub machen in La Plaine-sur-Mer, nur wenige Kilometer von Pornic entfernt<\/h2>\n\n\n\n<figure class=\"wp-block-image size-full\"><img decoding=\"async\" src=\"https:\/\/www.mirabel-renaudiere.com\/wp-content\/uploads\/2022\/01\/barre-bleue.png\" alt=\"\" class=\"wp-image-2382\"\/><\/figure>\n\n\n\n<figure class=\"wp-block-image alignleft size-full is-resized\"><img loading=\"lazy\" decoding=\"async\" width=\"320\" height=\"228\" src=\"https:\/\/www.mirabel-renaudiere.com\/wp-content\/uploads\/2022\/01\/tong.png\" alt=\"in den Urlaub fahren\" class=\"wp-image-2087\" style=\"width:80px;height:57px\" srcset=\"https:\/\/mirabel-renaudiere.com\/wp-content\/uploads\/2022\/01\/tong.png 320w, https:\/\/mirabel-renaudiere.com\/wp-content\/uploads\/2022\/01\/tong-300x214.png 300w\" sizes=\"auto, (max-width: 320px) 100vw, 320px\" \/><\/figure>\n\n\n\n<p>Ob am Wochenende, unter der Woche, zu zweit, mit Freunden oder mit den Kindern - wann immer Sie Lust haben, gehen Sie ins <strong>Ihr Wohnsitz am Meer.<\/strong><\/p>\n\n\n\n<p>Jede Jahreszeit hat ihren eigenen Reiz. Kommen Sie und entdecken Sie die verschiedenen Aspekte der Region.<br>Der Fr\u00fchling ist eine gute Gelegenheit, um durch <strong>die Wanderwege<\/strong> die an der K\u00fcste entlanglaufen.<br>Im Sommer genie\u00dfen Sie <strong><a href=\"https:\/\/mirabel-renaudiere.com\/de\/aktivitaten-animationen-partys\/\" target=\"_blank\" rel=\"noreferrer noopener\">lebhaftere Tage<\/a><\/strong> die vom Badeort oder vom Campingplatz angeboten werden.<br>Bestaunen Sie im Herbst die Kraft der Atlantikwellen und finden Sie am Ende des Tages <strong>den Komfort Ihres Mobilheims.<\/strong><\/p>\n\n\n\n<p>F\u00fcr die Zeit, in der Sie Ihr Mobilheim nicht bewohnen, <strong>k\u00f6nnen Sie es mieten <\/strong>um Ihre Jahresmiete zu senken. Z\u00f6gern Sie nicht, sich beim Campingplatz nach den Bedingungen f\u00fcr die Vermietung Ihres Zweitwohnsitzes zu erkundigen.<\/p>\n\n\n\n<p><\/p>\n\n\n\n<p><\/p>\n<\/div><\/div>\n\n\n\n<div style=\"height:60px\" aria-hidden=\"true\" class=\"wp-block-spacer\"><\/div>","protected":false},"excerpt":{"rendered":"<p>Votre r\u00e9sidence secondaire \u00e0 deux pas de Pornic Pour plus de renseignements sur l&rsquo;achat d&rsquo;un mobil home, contactez-nous : \u2014 [&hellip;]<\/p>\n","protected":false},"author":1,"featured_media":0,"parent":0,"menu_order":0,"comment_status":"closed","ping_status":"closed","template":"","meta":{"_seopress_robots_primary_cat":"","_seopress_titles_title":"Locations de parcelles \u00e0 l\u2019ann\u00e9e (44) Pornic","_seopress_titles_desc":"Locations de parcelles \u00e0 l\u2019ann\u00e9e au camping La Renaudi\u00e8re  pour l&#039;achat de votre r\u00e9sidence secondaire pr\u00e8s de Pornic en Loire-Atlantique.","_seopress_robots_index":"","footnotes":""},"class_list":["post-63","page","type-page","status-publish","hentry"],"_links":{"self":[{"href":"https:\/\/mirabel-renaudiere.com\/de\/wp-json\/wp\/v2\/pages\/63","targetHints":{"allow":["GET"]}}],"collection":[{"href":"https:\/\/mirabel-renaudiere.com\/de\/wp-json\/wp\/v2\/pages"}],"about":[{"href":"https:\/\/mirabel-renaudiere.com\/de\/wp-json\/wp\/v2\/types\/page"}],"author":[{"embeddable":true,"href":"https:\/\/mirabel-renaudiere.com\/de\/wp-json\/wp\/v2\/users\/1"}],"replies":[{"embeddable":true,"href":"https:\/\/mirabel-renaudiere.com\/de\/wp-json\/wp\/v2\/comments?post=63"}],"version-history":[{"count":263,"href":"https:\/\/mirabel-renaudiere.com\/de\/wp-json\/wp\/v2\/pages\/63\/revisions"}],"predecessor-version":[{"id":10514,"href":"https:\/\/mirabel-renaudiere.com\/de\/wp-json\/wp\/v2\/pages\/63\/revisions\/10514"}],"wp:attachment":[{"href":"https:\/\/mirabel-renaudiere.com\/de\/wp-json\/wp\/v2\/media?parent=63"}],"curies":[{"name":"wp","href":"https:\/\/api.w.org\/{rel}","templated":true}]}}