{"id":69,"date":"2021-12-10T14:25:41","date_gmt":"2021-12-10T13:25:41","guid":{"rendered":"https:\/\/www.campinglarenaudiere.com\/?page_id=69"},"modified":"2026-03-04T12:29:54","modified_gmt":"2026-03-04T11:29:54","slug":"region-strande-laplainesurmer","status":"publish","type":"page","link":"https:\/\/mirabel-renaudiere.com\/de\/region-plages-laplainesurmer","title":{"rendered":"Plaine-sur-Mer"},"content":{"rendered":"<h1 class=\"wp-block-heading\">La Plaine-sur-Mer: kleines Dorf auf dem Campingplatz Mirabel La Renaudi\u00e8re<\/h1>\n\n\n\n<div class=\"wp-block-media-text alignwide is-stacked-on-mobile is-vertically-aligned-center is-style-default\"><figure class=\"wp-block-media-text__media\"><img loading=\"lazy\" decoding=\"async\" width=\"1024\" height=\"683\" src=\"https:\/\/mirabel-renaudiere.com\/wp-content\/uploads\/2023\/09\/pecheur-huitre-pornic-1024x683-2.jpg\" alt=\"billiger campingplatz in der n\u00e4he der str\u00e4nde von 44\" class=\"wp-image-9563 size-full\" srcset=\"https:\/\/mirabel-renaudiere.com\/wp-content\/uploads\/2023\/09\/pecheur-huitre-pornic-1024x683-2.jpg 1024w, https:\/\/mirabel-renaudiere.com\/wp-content\/uploads\/2023\/09\/pecheur-huitre-pornic-1024x683-2-300x200.jpg 300w, https:\/\/mirabel-renaudiere.com\/wp-content\/uploads\/2023\/09\/pecheur-huitre-pornic-1024x683-2-768x512.jpg 768w\" sizes=\"auto, (max-width: 1024px) 100vw, 1024px\" \/><\/figure><div class=\"wp-block-media-text__content\">\n<h2 class=\"wp-block-heading\">Entdecken Sie La Plaine-sur-Mer und seine Umgebung<\/h2>\n\n\n\n<figure class=\"wp-block-image size-full\"><img decoding=\"async\" src=\"https:\/\/www.mirabel-renaudiere.com\/wp-content\/uploads\/2022\/01\/barre-bleue.png\" alt=\"\" class=\"wp-image-2382\"\/><\/figure>\n\n\n\n<p>An der Jadek\u00fcste gelegen, genie\u00dft diese kleine Gemeinde mit 4000 Einwohnern eine privilegierte Lage <strong>zwischen Pornic und Pointe-Saint-Gildas<\/strong>. Mit seinen 6 Str\u00e4nden, die sich \u00fcber 7 km K\u00fcste erstrecken,\u00a0<strong>la Plaine-sur-Mer<\/strong> ist ein beliebtes Ziel f\u00fcr Angler. Zu Fu\u00df oder auf Stelzen (diese \u00ab\u00a0<strong>Fischereien<\/strong>\u00a0\u00bb, die Sie von den Str\u00e4nden aus bewundern k\u00f6nnen), k\u00f6nnen Sie Schalentiere wie die ber\u00fchmten Moules de Bouchot und andere Muscheln angeln!<\/p>\n\n\n\n<p><a href=\"https:\/\/mirabel-renaudiere.com\/de\/camping-am-meer-in-der-nahe-von-pornic\/\" data-type=\"page\" data-id=\"12169\">Die Str\u00e4nde in der Umgebung<\/a><\/p>\n\n\n\n<figure class=\"wp-block-image aligncenter size-full is-resized\"><img loading=\"lazy\" decoding=\"async\" width=\"490\" height=\"84\" src=\"https:\/\/www.mirabel-renaudiere.com\/wp-content\/uploads\/2022\/01\/Vagues.png\" alt=\"Wellen am Meer\" class=\"wp-image-1794\" style=\"width:245px;height:42px\" srcset=\"https:\/\/mirabel-renaudiere.com\/wp-content\/uploads\/2022\/01\/Vagues.png 490w, https:\/\/mirabel-renaudiere.com\/wp-content\/uploads\/2022\/01\/Vagues-300x51.png 300w\" sizes=\"auto, (max-width: 490px) 100vw, 490px\" \/><\/figure>\n\n\n\n<p>F\u00fcr Liebhaber von Spazierg\u00e4ngen gibt es zahlreiche <strong>Wanderungen<\/strong> gibt es in La Plaine-sur-Mer zu tun. Gehen Sie auf Entdeckungsreise und lernen Sie die Geschichte, das Kulturerbe sowie die Flora und Fauna kennen! Lassen Sie Ihren Tag in einem der zahlreichen Restaurants ausklingen, die direkt am Meer positioniert sind. Genie\u00dfen Sie von dort aus den Sonnenuntergang, der sich auf dem Wasser spiegelt, bevor Sie zur\u00fcck nach <strong><a href=\"https:\/\/mirabel-renaudiere.com\/de\/tarife-fur-die-vermietung-von-mobilheimen\/\" data-type=\"page\" data-id=\"56\">Ihr Mobilheim<\/a> oder unter <a href=\"https:\/\/mirabel-renaudiere.com\/de\/tarife-fur-wohnwagen\/\" data-type=\"page\" data-id=\"60\">deine Zeltplane<\/a> f\u00fcr eine gute Nacht auf dem Campingplatz.<\/strong><\/p>\n<\/div><\/div>\n\n\n\n<div style=\"height:16px\" aria-hidden=\"true\" class=\"wp-block-spacer\"><\/div>\n\n\n\n<div class=\"wp-block-columns are-vertically-aligned-center is-layout-flex wp-container-core-columns-is-layout-28f84493 wp-block-columns-is-layout-flex\">\n<div class=\"wp-block-column is-vertically-aligned-center is-layout-flow wp-block-column-is-layout-flow\">\n<h2 class=\"wp-block-heading\">Ein botanischer Garten mitten im Stadtzentrum<\/h2>\n\n\n\n<figure class=\"wp-block-image size-full\"><img decoding=\"async\" src=\"https:\/\/www.mirabel-renaudiere.com\/wp-content\/uploads\/2022\/01\/barre-bleue.png\" alt=\"\" class=\"wp-image-2382\"\/><\/figure>\n\n\n\n<p>Um spazieren zu gehen, die Kleinsten spielen zu lassen oder eine der vielen Veranstaltungen in La Plaine-sur-Mer zu besuchen, <strong>der Garten der Lakas<\/strong> ist ein Muss f\u00fcr jedes Reiseziel. Die <strong>Kinderspiele<\/strong>, Die vielen kleinen Spielpl\u00e4tze, Picknicktische und Boulepl\u00e4tze ziehen Besucher an, die diese wundersch\u00f6ne Gr\u00fcnfl\u00e4che im Herzen der Stadt genie\u00dfen m\u00f6chten. <strong>Ein Gesundheitsparcours<\/strong> wurde ebenfalls f\u00fcr Sportbegeisterte eingerichtet. Auch Wandertouren starten vom Garten aus.<\/p>\n<\/div>\n\n\n\n<div class=\"wp-block-column is-vertically-aligned-center is-layout-flow wp-block-column-is-layout-flow\">\n<figure class=\"wp-block-image size-full animate right\"><img loading=\"lazy\" decoding=\"async\" width=\"800\" height=\"600\" src=\"https:\/\/www.mirabel-renaudiere.com\/wp-content\/uploads\/2022\/01\/la-plaine-sur-mer_jardin-botanique.jpg\" alt=\"la Plaine sur Mer der Botanische Garten\" class=\"wp-image-2908\" srcset=\"https:\/\/mirabel-renaudiere.com\/wp-content\/uploads\/2022\/01\/la-plaine-sur-mer_jardin-botanique.jpg 800w, https:\/\/mirabel-renaudiere.com\/wp-content\/uploads\/2022\/01\/la-plaine-sur-mer_jardin-botanique-300x225.jpg 300w, https:\/\/mirabel-renaudiere.com\/wp-content\/uploads\/2022\/01\/la-plaine-sur-mer_jardin-botanique-768x576.jpg 768w\" sizes=\"auto, (max-width: 800px) 100vw, 800px\" \/><\/figure>\n<\/div>\n<\/div>\n\n\n\n<div class=\"wp-block-media-text alignwide is-stacked-on-mobile is-vertically-aligned-center animate front-page-section grey\"><figure class=\"wp-block-media-text__media\"><img loading=\"lazy\" decoding=\"async\" width=\"1024\" height=\"683\" src=\"https:\/\/www.mirabel-renaudiere.com\/wp-content\/uploads\/2023\/04\/marche-plaine-sur-mer-1024x683.jpg\" alt=\"Austernfischer in Pornic\" class=\"wp-image-748 size-full\" srcset=\"https:\/\/mirabel-renaudiere.com\/wp-content\/uploads\/2023\/04\/marche-plaine-sur-mer-1024x683.jpg 1024w, https:\/\/mirabel-renaudiere.com\/wp-content\/uploads\/2023\/04\/marche-plaine-sur-mer-300x200.jpg 300w, https:\/\/mirabel-renaudiere.com\/wp-content\/uploads\/2023\/04\/marche-plaine-sur-mer-768x512.jpg 768w, https:\/\/mirabel-renaudiere.com\/wp-content\/uploads\/2023\/04\/marche-plaine-sur-mer.jpg 1200w\" sizes=\"auto, (max-width: 1024px) 100vw, 1024px\" \/><\/figure><div class=\"wp-block-media-text__content\">\n<figure class=\"wp-block-image alignright size-full is-resized\"><img loading=\"lazy\" decoding=\"async\" width=\"320\" height=\"329\" src=\"https:\/\/www.mirabel-renaudiere.com\/wp-content\/uploads\/2022\/01\/etoile.png\" alt=\"Seestern\" class=\"wp-image-2111\" style=\"width:80px;height:82px\" srcset=\"https:\/\/mirabel-renaudiere.com\/wp-content\/uploads\/2022\/01\/etoile.png 320w, https:\/\/mirabel-renaudiere.com\/wp-content\/uploads\/2022\/01\/etoile-292x300.png 292w\" sizes=\"auto, (max-width: 320px) 100vw, 320px\" \/><\/figure>\n\n\n\n<h2 class=\"wp-block-heading\">M\u00e4rkte und Dienstleistungen in La Plaine sur Mer<\/h2>\n\n\n\n<figure class=\"wp-block-image size-full\"><img decoding=\"async\" src=\"https:\/\/www.mirabel-renaudiere.com\/wp-content\/uploads\/2022\/01\/barre-bleue.png\" alt=\"\" class=\"wp-image-2382\"\/><\/figure>\n\n\n\n<p>Die <a href=\"https:\/\/mirabel-renaudiere.com\/de\/\">camping la Renaudi\u00e8re<\/a> ist <strong>ideal gelegen f\u00fcr Ihre Aktivit\u00e4ten<\/strong> in der N\u00e4he zu tun, in <strong>la Plaine-sur-Mer<\/strong>\u00a0! Au\u00dferdem finden Sie hier alle Gesch\u00e4fte und <strong>n\u00fctzliche Dienste<\/strong> zu Ihrem Aufenthalt: B\u00e4ckerei, Supermarkt, Tourismusb\u00fcro, Bibliotheken, ...<\/p>\n\n\n\n<p>Im Sommer, im Juli und August, kannst du auf dem Markt vorbeikommen und frisches Obst und Gem\u00fcse kaufen. Auf der Suche nach neuen Produkten? Entdecken Sie die <strong>lokale Produkte und insbesondere die Spirulina de Retz<\/strong>, (Sie k\u00f6nnen auch direkt zum Produzenten gehen, der Sie durch seinen Betrieb f\u00fchrt und Ihnen vielleicht ein paar Herstellungsgeheimnisse verr\u00e4t).<\/p>\n\n\n\n<p>Praktisch: Markttage im Juli und August<\/p>\n\n\n\n<ul class=\"wp-block-list\">\n<li>Jeden Donnerstag und Sonntag von 9 bis 13 Uhr, Place du Marronnier<\/li>\n<\/ul>\n<\/div><\/div>\n\n\n\n<p><\/p>\n\n\n\n<p class=\"has-text-align-center texte-rond mt-5 has-large-font-size\">Was es auf dem Campingplatz zu entdecken gibt<\/p>\n\n\n\n<div class=\"wp-block-columns are-vertically-aligned-center h-20 front-page-section grey is-layout-flex wp-container-core-columns-is-layout-28f84493 wp-block-columns-is-layout-flex\">\n<div class=\"wp-block-column is-layout-flow wp-block-column-is-layout-flow\"><\/div>\n\n\n\n<div class=\"wp-block-column is-layout-flow wp-block-column-is-layout-flow\">\n<div class=\"wp-block-create-block-sevgutenberg-navigation\"><aside class=\"encart-sev-navigation small carre\"><a href=\"https:\/\/mirabel-renaudiere.com\/de\/tarife-fur-die-vermietung-von-mobilheimen\/\" class=\"d-flex flex-column align-items-center\"><div class=\"encart-title\"><span>Mobilheime<\/span><\/div><div class=\"vague\"><\/div><img decoding=\"async\" src=\"https:\/\/www.mirabel-renaudiere.com\/wp-content\/uploads\/2023\/04\/mobil-home-location-vacances-plaien-sur-mer.jpg\" alt=\"vermietung von mobilheimen pornic\"\/><div class=\"ligne\"><\/div><div class=\"hover\"><\/div><\/a><\/aside><\/div>\n<\/div>\n\n\n\n<div class=\"wp-block-column is-vertically-aligned-center is-layout-flow wp-block-column-is-layout-flow\">\n<div class=\"wp-block-create-block-sevgutenberg-navigation\"><aside class=\"encart-sev-navigation small carre\"><a href=\"https:\/\/mirabel-renaudiere.com\/de\/wasserpark\/\" class=\"d-flex flex-column align-items-center\"><div class=\"encart-title\"><span>Schwimmb\u00e4der<\/span><\/div><div class=\"vague\"><\/div><img decoding=\"async\" src=\"https:\/\/mirabel-renaudiere.com\/wp-content\/uploads\/2025\/07\/encart-piscine-camping.jpg\" alt=\"schwimmbad la plaine sur mer camping\"\/><div class=\"ligne\"><\/div><div class=\"hover\"><\/div><\/a><\/aside><\/div>\n<\/div>\n\n\n\n<div class=\"wp-block-column is-vertically-aligned-center is-layout-flow wp-block-column-is-layout-flow\">\n<div class=\"wp-block-create-block-sevgutenberg-navigation\"><aside class=\"encart-sev-navigation small carre\"><a href=\"https:\/\/mirabel-renaudiere.com\/de\/tarife-fur-wohnwagen\/\" class=\"d-flex flex-column align-items-center\"><div class=\"encart-title\"><span>Campingpl\u00e4tze<\/span><\/div><div class=\"vague\"><\/div><img decoding=\"async\" src=\"https:\/\/www.mirabel-renaudiere.com\/wp-content\/uploads\/2021\/12\/emplacement-tente-camping.jpg\" alt=\"Zeltplatz des Campingplatzes\"\/><div class=\"ligne\"><\/div><div class=\"hover\"><\/div><\/a><\/aside><\/div>\n<\/div>\n\n\n\n<div class=\"wp-block-column is-layout-flow wp-block-column-is-layout-flow\"><\/div>\n<\/div>","protected":false},"excerpt":{"rendered":"<p>La Plaine-sur-Mer&nbsp;: petit village du Camping Mirabel La Renaudi\u00e8re Un jardin botanique en plein centre-ville Pour se promener, laisser jouer [&hellip;]<\/p>\n","protected":false},"author":1,"featured_media":0,"parent":0,"menu_order":0,"comment_status":"closed","ping_status":"closed","template":"","meta":{"_seopress_robots_primary_cat":"","_seopress_titles_title":"Camping proche des plages Bretagne sud - La Plaine sur Mer","_seopress_titles_desc":"Plages et criques de sable fin \u00e0 La Plaine-sur-Mer pr\u00e8s du camping La Renaudi\u00e8re (Pornic, Loire-Atlantique)","_seopress_robots_index":"","footnotes":""},"class_list":["post-69","page","type-page","status-publish","hentry"],"_links":{"self":[{"href":"https:\/\/mirabel-renaudiere.com\/de\/wp-json\/wp\/v2\/pages\/69","targetHints":{"allow":["GET"]}}],"collection":[{"href":"https:\/\/mirabel-renaudiere.com\/de\/wp-json\/wp\/v2\/pages"}],"about":[{"href":"https:\/\/mirabel-renaudiere.com\/de\/wp-json\/wp\/v2\/types\/page"}],"author":[{"embeddable":true,"href":"https:\/\/mirabel-renaudiere.com\/de\/wp-json\/wp\/v2\/users\/1"}],"replies":[{"embeddable":true,"href":"https:\/\/mirabel-renaudiere.com\/de\/wp-json\/wp\/v2\/comments?post=69"}],"version-history":[{"count":31,"href":"https:\/\/mirabel-renaudiere.com\/de\/wp-json\/wp\/v2\/pages\/69\/revisions"}],"predecessor-version":[{"id":13536,"href":"https:\/\/mirabel-renaudiere.com\/de\/wp-json\/wp\/v2\/pages\/69\/revisions\/13536"}],"wp:attachment":[{"href":"https:\/\/mirabel-renaudiere.com\/de\/wp-json\/wp\/v2\/media?parent=69"}],"curies":[{"name":"wp","href":"https:\/\/api.w.org\/{rel}","templated":true}]}}