{"id":77,"date":"2021-12-10T14:28:16","date_gmt":"2021-12-10T13:28:16","guid":{"rendered":"https:\/\/www.campinglarenaudiere.com\/?page_id=77"},"modified":"2026-03-02T15:35:43","modified_gmt":"2026-03-02T14:35:43","slug":"zugang-camping-pornic","status":"publish","type":"page","link":"https:\/\/mirabel-renaudiere.com\/de\/acces-camping-pornic","title":{"rendered":"Zugang"},"content":{"rendered":"<h1 class=\"wp-block-heading\" id=\"comment-venir-au-camping-la-renaudiere\">Wie komme ich zum Campingplatz La Renaudi\u00e8re?<\/h1>\n\n\n\n<div class=\"wp-block-columns is-layout-flex wp-container-core-columns-is-layout-28f84493 wp-block-columns-is-layout-flex\">\n<div class=\"wp-block-column is-vertically-aligned-center border border-info card pt-4 is-layout-flow wp-block-column-is-layout-flow\" style=\"flex-basis:40%\">\n<div class=\"wp-block-group is-layout-flow wp-block-group-is-layout-flow\">\n<p class=\"has-text-align-center\"><strong>Campingplatz la Renaudi\u00e8re<\/strong><\/p>\n\n\n\n<p class=\"has-text-align-center\">****<br>2 route de la Renaudi\u00e8re<br>44 770 La-Plaine-sur-Mer<\/p>\n<\/div>\n\n\n\n<div style=\"height:15px\" aria-hidden=\"true\" class=\"wp-block-spacer\"><\/div>\n\n\n\n<p class=\"has-text-align-center\"><strong>Neben dem Campingplatz :<\/strong><br>La-Plaine-sur-Mer - 600 m <br>Bahnhof Pornic - 10 km<\/p>\n\n\n\n<div style=\"height:13px\" aria-hidden=\"true\" class=\"wp-block-spacer\"><\/div>\n\n\n\n<div class=\"wp-block-buttons is-horizontal is-content-justification-center is-layout-flex wp-container-core-buttons-is-layout-03627597 wp-block-buttons-is-layout-flex\">\n<div class=\"wp-block-button\"><a class=\"wp-block-button__link has-turquoise-background-color has-background wp-element-button\" href=\"https:\/\/mirabel-renaudiere.com\/de\/kontakt-camping-renaudiere\/\" target=\"_blank\" rel=\"noreferrer noopener\">Kontakt<\/a><\/div>\n<\/div>\n\n\n\n<p class=\"has-text-align-center\"><\/p>\n<\/div>\n\n\n\n<div class=\"wp-block-column is-layout-flow wp-block-column-is-layout-flow\" style=\"flex-basis:60%\">\n<iframe src=\"https:\/\/www.google.com\/maps\/embed?pb=!1m18!1m12!1m3!1d173691.51988104434!2d-2.3436376868910376!3d47.13963747915653!2m3!1f0!2f0!3f0!3m2!1i1024!2i768!4f13.1!3m3!1m2!1s0x48056cec06e0b7d3%3A0x526eb13396a14489!2sCamping%20La%20Renaudi%C3%A8re!5e0!3m2!1sfr!2sfr!4v1642093560163!5m2!1sfr!2sfr\" style=\"border:0;\" allowfullscreen=\"\" loading=\"lazy\" width=\"100%\" height=\"370\"><\/iframe>\n<\/div>\n<\/div>\n\n\n\n<figure class=\"wp-block-image alignright size-full is-resized\"><img loading=\"lazy\" decoding=\"async\" width=\"320\" height=\"329\" src=\"https:\/\/www.mirabel-renaudiere.com\/wp-content\/uploads\/2022\/01\/etoile.png\" alt=\"\" class=\"wp-image-2111\" style=\"width:160px;height:165px\" srcset=\"https:\/\/mirabel-renaudiere.com\/wp-content\/uploads\/2022\/01\/etoile.png 320w, https:\/\/mirabel-renaudiere.com\/wp-content\/uploads\/2022\/01\/etoile-292x300.png 292w\" sizes=\"auto, (max-width: 320px) 100vw, 320px\" \/><\/figure>\n\n\n\n<p class=\"texte-rond has-orange-color has-text-color has-large-font-size\">Unsere Routentipps f\u00fcr die Anreise nach La Renaudi\u00e8re<\/p>\n\n\n\n<p>Von Nantes aus :<\/p>\n\n\n\n<ul class=\"wp-block-list\">\n<li>In Nantes folgen Sie der Richtung \u00abNantes-Atlantique\u00bb (das ist der Flughafen von Nantes) und der Richtung \u00abNoirmoutier\u00bb.<\/li>\n\n\n\n<li>Anschlie\u00dfend fahren Sie in Richtung \u00abPornic\u00bb (D751).<\/li>\n\n\n\n<li>Wenn Sie in Pornic ankommen, fahren Sie nicht ins Zentrum, sondern nehmen Sie die Ausfahrt Richtung \u00abSaint-Nazaire \/ Saint-Br\u00e9vin\u00bb (Sie befinden sich auf der Blauen Route).<\/li>\n\n\n\n<li>4 km weiter nehmen Sie die Ausfahrt \u00abLa Plaine-sur-Mer\u00bb.<\/li>\n\n\n\n<li>Sie finden einen ersten Kreisverkehr und fahren unter der Br\u00fccke hindurch.<\/li>\n\n\n\n<li>Am zweiten Kreisverkehr folgen Sie \u00abLa Plaine-sur-Mer\u00bb.<\/li>\n\n\n\n<li>Sie kommen zu einem weiteren Kreisverkehr und nehmen die zweite Abzweigung nach rechts.<\/li>\n\n\n\n<li>Am Kreisverkehr in der Ortschaft La Plaine-sur-Mer fahren Sie in Richtung \u00abLa Pr\u00e9e\u00bb.<\/li>\n\n\n\n<li>Danach folgen Sie der Beschilderung \u00abCamping La Renaudi\u00e8re\u00bb.<\/li>\n<\/ul>\n\n\n\n<h2 class=\"wp-block-heading\" id=\"notre-astuce-pour-economiser-l-autoroute-vers-pornic\">Unser Spartipp f\u00fcr die Autobahn nach Pornic<\/h2>\n\n\n\n<figure class=\"wp-block-image size-full\"><img decoding=\"async\" src=\"https:\/\/www.mirabel-renaudiere.com\/wp-content\/uploads\/2022\/01\/barre-bleue.png\" alt=\"\" class=\"wp-image-2382\"\/><\/figure>\n\n\n\n<p>Wenn Sie aus dem Norden oder aus der N\u00e4he von Paris kommen und in Nantes ankommen, folgen Sie lieber der Richtung Saint-Nazaire (N165). Die Br\u00fccke ist kostenlos und Sie sparen so bis zu 45 Minuten Fahrzeit!<\/p>\n\n\n\n<p><\/p>\n\n\n\n<p class=\"has-text-align-center texte-rond mt-5 has-large-font-size\">Was es auf dem Campingplatz zu entdecken gibt<\/p>\n\n\n\n<div class=\"wp-block-columns are-vertically-aligned-center h-20 front-page-section grey is-layout-flex wp-container-core-columns-is-layout-28f84493 wp-block-columns-is-layout-flex\">\n<div class=\"wp-block-column is-layout-flow wp-block-column-is-layout-flow\"><\/div>\n\n\n\n<div class=\"wp-block-column is-layout-flow wp-block-column-is-layout-flow\">\n<div class=\"wp-block-create-block-sevgutenberg-navigation\"><aside class=\"encart-sev-navigation small carre\"><a href=\"https:\/\/mirabel-renaudiere.com\/de\/kontakt-camping-renaudiere\/\" class=\"d-flex flex-column align-items-center\"><div class=\"encart-title\"><span>Kontakt<\/span><\/div><div class=\"vague\"><\/div><img decoding=\"async\" src=\"https:\/\/www.mirabel-renaudiere.com\/wp-content\/uploads\/2021\/12\/piscine-livre-camping.jpg\" alt=\"faulenzen am Pool\"\/><div class=\"ligne\"><\/div><div class=\"hover\"><\/div><\/a><\/aside><\/div>\n<\/div>\n\n\n\n<div class=\"wp-block-column is-vertically-aligned-center is-layout-flow wp-block-column-is-layout-flow\">\n<div class=\"wp-block-create-block-sevgutenberg-navigation\"><aside class=\"encart-sev-navigation small carre\"><a href=\"https:\/\/mirabel-renaudiere.com\/de\/region-zielort-pornic\/\" class=\"d-flex flex-column align-items-center\"><div class=\"encart-title\"><span>Pornic<\/span><\/div><div class=\"vague\"><\/div><img decoding=\"async\" src=\"https:\/\/www.mirabel-renaudiere.com\/wp-content\/uploads\/2021\/12\/feu_artifice_pornic.jpg\" alt=\"Feuerwerk in Pornic\"\/><div class=\"ligne\"><\/div><div class=\"hover\"><\/div><\/a><\/aside><\/div>\n<\/div>\n\n\n\n<div class=\"wp-block-column is-vertically-aligned-center is-layout-flow wp-block-column-is-layout-flow\">\n<div class=\"wp-block-create-block-sevgutenberg-navigation\"><aside class=\"encart-sev-navigation small carre\"><a href=\"https:\/\/mirabel-renaudiere.com\/de\/die-erfahrungen\/\" class=\"d-flex flex-column align-items-center\"><div class=\"encart-title\"><span>Erfahrungen<\/span><\/div><div class=\"vague\"><\/div><img decoding=\"async\" src=\"https:\/\/www.mirabel-renaudiere.com\/wp-content\/uploads\/2021\/12\/coucher-soleil-pecherie-saintbrevin.jpg\" alt=\"fischerei st brevin\"\/><div class=\"ligne\"><\/div><div class=\"hover\"><\/div><\/a><\/aside><\/div>\n<\/div>\n\n\n\n<div class=\"wp-block-column is-layout-flow wp-block-column-is-layout-flow\"><\/div>\n<\/div>","protected":false},"excerpt":{"rendered":"<p>Comment venir au camping La Renaudi\u00e8re&nbsp;? Camping la Renaudi\u00e8re ****2 route de la Renaudi\u00e8re44 770 La-Plaine-sur-Mer A c\u00f4t\u00e9 du camping\u00a0:La-Plaine-sur-Mer [&hellip;]<\/p>\n","protected":false},"author":1,"featured_media":0,"parent":0,"menu_order":0,"comment_status":"closed","ping_status":"closed","template":"","meta":{"_seopress_robots_primary_cat":"","_seopress_titles_title":"Acc\u00e8s camping 4 \u00e9toiles Pornic 44 - La Renaudi\u00e8re","_seopress_titles_desc":"D\u00e9couvrez comment acc\u00e9der au camping 4 * La Renaudi\u00e8re en Loire Atlantique pour profiter de votre prochain s\u00e9jour avec piscine pr\u00e8s de Pornic.","_seopress_robots_index":"","footnotes":""},"class_list":["post-77","page","type-page","status-publish","hentry"],"_links":{"self":[{"href":"https:\/\/mirabel-renaudiere.com\/de\/wp-json\/wp\/v2\/pages\/77","targetHints":{"allow":["GET"]}}],"collection":[{"href":"https:\/\/mirabel-renaudiere.com\/de\/wp-json\/wp\/v2\/pages"}],"about":[{"href":"https:\/\/mirabel-renaudiere.com\/de\/wp-json\/wp\/v2\/types\/page"}],"author":[{"embeddable":true,"href":"https:\/\/mirabel-renaudiere.com\/de\/wp-json\/wp\/v2\/users\/1"}],"replies":[{"embeddable":true,"href":"https:\/\/mirabel-renaudiere.com\/de\/wp-json\/wp\/v2\/comments?post=77"}],"version-history":[{"count":44,"href":"https:\/\/mirabel-renaudiere.com\/de\/wp-json\/wp\/v2\/pages\/77\/revisions"}],"predecessor-version":[{"id":13487,"href":"https:\/\/mirabel-renaudiere.com\/de\/wp-json\/wp\/v2\/pages\/77\/revisions\/13487"}],"wp:attachment":[{"href":"https:\/\/mirabel-renaudiere.com\/de\/wp-json\/wp\/v2\/media?parent=77"}],"curies":[{"name":"wp","href":"https:\/\/api.w.org\/{rel}","templated":true}]}}