{"id":79,"date":"2021-12-10T14:28:41","date_gmt":"2021-12-10T13:28:41","guid":{"rendered":"https:\/\/www.campinglarenaudiere.com\/?page_id=79"},"modified":"2024-04-08T12:55:36","modified_gmt":"2024-04-08T10:55:36","slug":"kundenmeinungen-renaudiere","status":"publish","type":"page","link":"https:\/\/mirabel-renaudiere.com\/de\/avis-clients-renaudiere","title":{"rendered":"Meinungen"},"content":{"rendered":"<h1 class=\"wp-block-heading\">Kundenmeinungen \u00fcber den Campingplatz La Renaudi\u00e8re<\/h1>\n\n\n\n<h2 class=\"wp-block-heading has-text-align-center texte-rond has-large-font-size\"><img loading=\"lazy\" decoding=\"async\" width=\"100\" height=\"67\" class=\"wp-image-1731\" style=\"width: 100px;\" src=\"https:\/\/www.mirabel-renaudiere.com\/wp-content\/uploads\/2022\/01\/Smile.png\" alt=\"\" srcset=\"https:\/\/mirabel-renaudiere.com\/wp-content\/uploads\/2022\/01\/Smile.png 320w, https:\/\/mirabel-renaudiere.com\/wp-content\/uploads\/2022\/01\/Smile-300x201.png 300w\" sizes=\"auto, (max-width: 100px) 100vw, 100px\" \/>Es sind die Kunden, die am besten \u00fcber ihren Urlaub sprechen!<\/h2>\n\n\n\n<p class=\"has-text-align-center\">Hier finden Sie die Kommentare, die von Urlaubern nach ihrem Aufenthalt auf dem Campingplatz La Renaudi\u00e8re in La Plaine-sur-Mer hinterlassen wurden.<\/p>\n\n\n\n<figure class=\"wp-block-image aligncenter size-full is-resized\"><img decoding=\"async\" src=\"https:\/\/www.mirabel-renaudiere.com\/wp-content\/uploads\/2022\/01\/barre-bleue.png\" alt=\"\" class=\"wp-image-2382\" style=\"width:50px;height:8px\"\/><\/figure>\n\n\n\n<ctv-reviews-list><\/ctv-reviews-list>\n\n\n\n<p class=\"has-text-align-center texte-rond has-large-font-size\">  Was es auf dem Campingplatz zu entdecken gibt <\/p>\n\n\n\n<div class=\"wp-block-columns h-20 front-page-section grey is-layout-flex wp-container-core-columns-is-layout-28f84493 wp-block-columns-is-layout-flex\">\n<div class=\"wp-block-column is-layout-flow wp-block-column-is-layout-flow\"><\/div>\n\n\n\n<div class=\"wp-block-column is-layout-flow wp-block-column-is-layout-flow\">\n<div class=\"wp-block-create-block-sevgutenberg-navigation\"><aside class=\"encart-sev-navigation small carre\"><a href=\"https:\/\/mirabel-renaudiere.com\/de\/kontakt-camping-renaudiere\/\" class=\"d-flex flex-column align-items-center\"><div class=\"encart-title\"><span>Kontakt<\/span><\/div><div class=\"vague\"><\/div><img decoding=\"async\" src=\"https:\/\/www.mirabel-renaudiere.com\/wp-content\/uploads\/2021\/12\/piscine-livre-camping.jpg\" alt=\"faulenzen am Pool\"\/><div class=\"ligne\"><\/div><div class=\"hover\"><\/div><\/a><\/aside><\/div>\n<\/div>\n\n\n\n<div class=\"wp-block-column is-layout-flow wp-block-column-is-layout-flow\">\n<div class=\"wp-block-create-block-sevgutenberg-navigation\"><aside class=\"encart-sev-navigation small carre\"><a href=\"https:\/\/mirabel-renaudiere.com\/de\/region-zielort-pornic\/\" class=\"d-flex flex-column align-items-center\"><div class=\"encart-title\"><span>Pornic<\/span><\/div><div class=\"vague\"><\/div><img decoding=\"async\" src=\"https:\/\/www.mirabel-renaudiere.com\/wp-content\/uploads\/2021\/12\/glaces_fraiseraie_pornic.jpg\" alt=\"Glaces la Fraiseraie in Pornic\"\/><div class=\"ligne\"><\/div><div class=\"hover\"><\/div><\/a><\/aside><\/div>\n<\/div>\n\n\n\n<div class=\"wp-block-column is-layout-flow wp-block-column-is-layout-flow\">\n<div class=\"wp-block-create-block-sevgutenberg-navigation\"><aside class=\"encart-sev-navigation small carre\"><a href=\"https:\/\/mirabel-renaudiere.com\/de\/die-erfahrungen\/\" class=\"d-flex flex-column align-items-center\"><div class=\"encart-title\"><span>Erfahrungen<\/span><\/div><div class=\"vague\"><\/div><img decoding=\"async\" src=\"https:\/\/www.mirabel-renaudiere.com\/wp-content\/uploads\/2021\/12\/pecherie-tharon-plage-1.jpg\" alt=\"Fischerei Tharon Strand\"\/><div class=\"ligne\"><\/div><div class=\"hover\"><\/div><\/a><\/aside><\/div>\n<\/div>\n\n\n\n<div class=\"wp-block-column is-layout-flow wp-block-column-is-layout-flow\"><\/div>\n<\/div>","protected":false},"excerpt":{"rendered":"<p>Avis clients sur le camping La Renaudi\u00e8re Ce sont les clients qui parlent le mieux de leurs vacances&nbsp;! Retrouvez les [&hellip;]<\/p>\n","protected":false},"author":1,"featured_media":0,"parent":0,"menu_order":0,"comment_status":"closed","ping_status":"closed","template":"","meta":{"_seopress_robots_primary_cat":"","_seopress_titles_title":"Avis camping la Renaudi\u00e8re commentaires clients 44","_seopress_titles_desc":"Des clients satisfaits par la qualit\u00e9 du camping et de son accueil : nos h\u00f4tes reviennent au camping La Renaudi\u00e8re","_seopress_robots_index":"","footnotes":""},"class_list":["post-79","page","type-page","status-publish","hentry"],"_links":{"self":[{"href":"https:\/\/mirabel-renaudiere.com\/de\/wp-json\/wp\/v2\/pages\/79","targetHints":{"allow":["GET"]}}],"collection":[{"href":"https:\/\/mirabel-renaudiere.com\/de\/wp-json\/wp\/v2\/pages"}],"about":[{"href":"https:\/\/mirabel-renaudiere.com\/de\/wp-json\/wp\/v2\/types\/page"}],"author":[{"embeddable":true,"href":"https:\/\/mirabel-renaudiere.com\/de\/wp-json\/wp\/v2\/users\/1"}],"replies":[{"embeddable":true,"href":"https:\/\/mirabel-renaudiere.com\/de\/wp-json\/wp\/v2\/comments?post=79"}],"version-history":[{"count":8,"href":"https:\/\/mirabel-renaudiere.com\/de\/wp-json\/wp\/v2\/pages\/79\/revisions"}],"predecessor-version":[{"id":11086,"href":"https:\/\/mirabel-renaudiere.com\/de\/wp-json\/wp\/v2\/pages\/79\/revisions\/11086"}],"wp:attachment":[{"href":"https:\/\/mirabel-renaudiere.com\/de\/wp-json\/wp\/v2\/media?parent=79"}],"curies":[{"name":"wp","href":"https:\/\/api.w.org\/{rel}","templated":true}]}}