{"id":83,"date":"2021-12-10T14:30:08","date_gmt":"2021-12-10T13:30:08","guid":{"rendered":"https:\/\/www.campinglarenaudiere.com\/?page_id=83"},"modified":"2026-04-29T12:11:16","modified_gmt":"2026-04-29T10:11:16","slug":"faq-camping-bretagne","status":"publish","type":"page","link":"https:\/\/mirabel-renaudiere.com\/de\/faq-camping-bretagne","title":{"rendered":"FAQ"},"content":{"rendered":"<h1 class=\"wp-block-heading\" id=\"faq-trouvez-la-reponse-a-vos-questions-sur-vos-vacances-au-camping-la-renaudiere\">FAQ - Finden Sie die Antworten auf Ihre Fragen f\u00fcr Ihren Urlaub auf dem Campingplatz La Renaudi\u00e8re<\/h1>\n\n\n\n<p class=\"has-text-align-center\">Der Campingplatz La Renaudi\u00e8re beantwortet alle Ihre Fragen zu Aufenthalten auf Stellpl\u00e4tzen oder in Mobilheimen. Ein Abschnitt ist auch f\u00fcr Fragen zum Wohnbereich des Campingplatzes reserviert. Bitte lesen Sie diese FAQs regelm\u00e4\u00dfig und z\u00f6gern Sie nicht, uns f\u00fcr weitere Informationen zu kontaktieren.<\/p>\n\n\n\n<figure class=\"wp-block-image aligncenter size-full\"><img decoding=\"async\" src=\"https:\/\/www.mirabel-renaudiere.com\/wp-content\/uploads\/2022\/01\/barre-bleue.png\" alt=\"\" class=\"wp-image-2382\"\/><\/figure>\n\n\n\n<p><em>Aktualisiert am<em>\u00a029\/04\/2026\u00a0<\/em><\/em><\/p>\n\n\n\n<h2 class=\"wp-block-heading\" id=\"votre-reservation\">Ihre Buchung<\/h2>\n\n\n\n<figure class=\"wp-block-image size-full\"><img decoding=\"async\" src=\"https:\/\/www.mirabel-renaudiere.com\/wp-content\/uploads\/2022\/01\/barre-bleue.png\" alt=\"\" class=\"wp-image-2382\"\/><\/figure>\n\n\n\n<div class=\"wp-block-create-block-sev-faq\"><div class=\"card sev-faq\"><a class=\"card-header d-flex\" href=\"#comment-reserver-un-sejour\" data-toggle=\"collapse\" role=\"button\" aria-expanded=\"false\" aria-controls=\"comment-reserver-un-sejour\"><div class=\"faq-question\">Wie buche ich einen Aufenthalt?<\/div><i class=\"fa fa-chevron-down\" aria-hidden=\"true\"><\/i><\/a><div class=\"card-body collapse multi-collapse\" id=\"comment-reserver-un-sejour\"><div class=\"faq-reponse\">- Online: W\u00e4hlen Sie auf unserer Website Ihre Unterkunft und\/oder Ihre Aufenthaltsdaten aus, um die Verf\u00fcgbarkeit zu erfahren.  <strong><mark style=\"background-color:rgba(0, 0, 0, 0)\" class=\"has-inline-color has-turquoise-color\"><a href=\"https:\/\/bookingpremium.secureholiday.net\/FR\/16565\/search\/\" target=\"_blank\" rel=\"noreferrer noopener\">Reservierung<\/a><\/mark><\/strong><br>- Per Telefon, indem Sie die Rezeption unter 02 40 21 50 03 anrufen (sichere Zahlung per Kreditkarte).<br>- Per E-Mail an die Adresse <a href=\"mailto:renaudiere@mirabel-campings.com\">renaudiere@mirabel-campings.com<\/a><br><br>Die Buchung wird nach Erhalt einer Anzahlung von 30% wirksam und verbindlich. Weitere Einzelheiten finden Sie in den&nbsp;<a href=\"https:\/\/mirabel-renaudiere.com\/wp-content\/uploads\/2023\/04\/conditions-location.pdf\" target=\"_blank\" rel=\"noreferrer noopener\">Allgemeine Verkaufsbedingungen<\/a>.<\/div><\/div><\/div><\/div>\n\n\n\n<div class=\"wp-block-create-block-sev-faq\"><div class=\"card sev-faq\"><a class=\"card-header d-flex\" href=\"#comment-obtenir-un-devis-\" data-toggle=\"collapse\" role=\"button\" aria-expanded=\"false\" aria-controls=\"comment-obtenir-un-devis-\"><div class=\"faq-question\">Wie erhalte ich einen Kostenvoranschlag?<\/div><i class=\"fa fa-chevron-down\" aria-hidden=\"true\"><\/i><\/a><div class=\"card-body collapse multi-collapse\" id=\"comment-obtenir-un-devis-\"><div class=\"faq-reponse\">Besuchen Sie unseren <a href=\"https:\/\/bookingpremium.secureholiday.net\/FR\/16565\/search\" target=\"_blank\" rel=\"noreferrer noopener\">Online-Buchung<\/a> oder kontaktieren Sie uns telefonisch, um sich \u00fcber die Verf\u00fcgbarkeit zu informieren und einen Preis f\u00fcr Ihren Aufenthalt zu erhalten.<\/div><\/div><\/div><\/div>\n\n\n\n<div class=\"wp-block-create-block-sev-faq\"><div class=\"card sev-faq\"><a class=\"card-header d-flex\" href=\"#puis-je-choisir-mon-emplacement-\" data-toggle=\"collapse\" role=\"button\" aria-expanded=\"false\" aria-controls=\"puis-je-choisir-mon-emplacement-\"><div class=\"faq-question\">Kann ich meinen Standort selbst w\u00e4hlen?<\/div><i class=\"fa fa-chevron-down\" aria-hidden=\"true\"><\/i><\/a><div class=\"card-body collapse multi-collapse\" id=\"puis-je-choisir-mon-emplacement-\"><div class=\"faq-reponse\">Ja, Sie k\u00f6nnen unter Ber\u00fccksichtigung der Verf\u00fcgbarkeit Ihren Sitzplatz auf dem Plan ausw\u00e4hlen, vorausgesetzt, Sie haben die Option \u00abGarantierte Sitzplatzauswahl\u00bb im Wert von 30,00 \u20ac abgeschlossen.<\/div><\/div><\/div><\/div>\n\n\n\n<div class=\"wp-block-create-block-sev-faq\"><div class=\"card sev-faq\"><a class=\"card-header d-flex\" href=\"#comment-annuler-ou-modifier-ma-reservation-\" data-toggle=\"collapse\" role=\"button\" aria-expanded=\"false\" aria-controls=\"comment-annuler-ou-modifier-ma-reservation-\"><div class=\"faq-question\">Wie kann ich meine Buchung stornieren oder \u00e4ndern?<\/div><i class=\"fa fa-chevron-down\" aria-hidden=\"true\"><\/i><\/a><div class=\"card-body collapse multi-collapse\" id=\"comment-annuler-ou-modifier-ma-reservation-\"><div class=\"faq-reponse\"><strong>\u2022 Haben Sie eine Reiser\u00fccktrittsversicherung abgeschlossen? <\/strong><br>Kontaktieren Sie uns per E-Mail oder Telefon, um Ihre Stornierung anzuk\u00fcndigen, unter 02 40 21 50 03 oder schreiben Sie uns an <a href=\"mailto:renaudiere@mirabel-campings.com\">renaudiere@mirabel-campings.com<\/a>. Bei Ihrer Buchung haben Sie eine E-Mail von campez-couvert erhalten. In dieser E-Mail werden die Schritte erl\u00e4utert, wie Sie die Versicherung \u00fcber Ihre Stornierung informieren und die Erstattung erhalten k\u00f6nnen.<br><strong>\u2022 Sie haben keine Reiser\u00fccktrittsversicherung abgeschlossen?<\/strong><br>Kontaktieren Sie uns per E-Mail oder Telefon, um uns Ihre Stornierung mitzuteilen.<br>\u2013 Mehr als 30 Tage vor Ihrer Ankunft: Es werden nur die Buchungsgeb\u00fchren berechnet.<br>Zwischen 30 und 15 Tagen vor Ihrer Ankunft: 30% des Unterkunftspreises + Bearbeitungsgeb\u00fchr werden berechnet.<br>\u2013 Weniger als 15 Tage: 100% des Aufenthalts werden berechnet.<\/div><\/div><\/div><\/div>\n\n\n\n<div class=\"wp-block-create-block-sev-faq\"><div class=\"card sev-faq\"><a class=\"card-header d-flex\" href=\"#comment-puis-je-regler-mon-sejour-\" data-toggle=\"collapse\" role=\"button\" aria-expanded=\"false\" aria-controls=\"comment-puis-je-regler-mon-sejour-\"><div class=\"faq-question\">Wie kann ich meinen Aufenthalt bezahlen?<\/div><i class=\"fa fa-chevron-down\" aria-hidden=\"true\"><\/i><\/a><div class=\"card-body collapse multi-collapse\" id=\"comment-puis-je-regler-mon-sejour-\"><div class=\"faq-reponse\">Wir akzeptieren folgende Zahlungsarten: CB, Scheck, ANCV-Urlaubsschecks (per Einschreiben versendet), ANCV Connect, Barzahlung und \u00dcberweisung.<\/div><\/div><\/div><\/div>\n\n\n\n<div style=\"height:60px\" aria-hidden=\"true\" class=\"wp-block-spacer\"><\/div>\n\n\n\n<h2 class=\"wp-block-heading\" id=\"votre-residence-secondaire\">Ihr Zweitwohnsitz<\/h2>\n\n\n\n<figure class=\"wp-block-image size-full\"><img decoding=\"async\" src=\"https:\/\/www.mirabel-renaudiere.com\/wp-content\/uploads\/2022\/01\/barre-bleue.png\" alt=\"\" class=\"wp-image-2382\"\/><\/figure>\n\n\n\n<div class=\"wp-block-create-block-sev-faq\"><div class=\"card sev-faq\"><a class=\"card-header d-flex\" href=\"#comment-acheter-un-mobil-home-au-camping-\" data-toggle=\"collapse\" role=\"button\" aria-expanded=\"false\" aria-controls=\"comment-acheter-un-mobil-home-au-camping-\"><div class=\"faq-question\">Wie kaufe ich ein Mobilheim auf dem Campingplatz?<\/div><i class=\"fa fa-chevron-down\" aria-hidden=\"true\"><\/i><\/a><div class=\"card-body collapse multi-collapse\" id=\"comment-acheter-un-mobil-home-au-camping-\"><div class=\"faq-reponse\">Der Campingplatz La Renaudi\u00e8re verf\u00fcgt noch \u00fcber Parzellen, die bereit sind, neue Bewohner aufzunehmen. <br>Kontaktieren Sie uns telefonisch unter 02 40 21 50 03, um mehr zu erfahren und die zum Verkauf stehenden Mobilheime zu entdecken.<\/div><\/div><\/div><\/div>\n\n\n\n<div class=\"wp-block-create-block-sev-faq\"><div class=\"card sev-faq\"><a class=\"card-header d-flex\" href=\"#choisir-son-mobil-home-neuf-ou-occasion-\" data-toggle=\"collapse\" role=\"button\" aria-expanded=\"false\" aria-controls=\"choisir-son-mobil-home-neuf-ou-occasion-\"><div class=\"faq-question\">Die Wahl des Mobilheims: Neu oder gebraucht?<\/div><i class=\"fa fa-chevron-down\" aria-hidden=\"true\"><\/i><\/a><div class=\"card-body collapse multi-collapse\" id=\"choisir-son-mobil-home-neuf-ou-occasion-\"><div class=\"faq-reponse\">Durchsuchen Sie unsere Anzeigen nach <a href=\"https:\/\/mirabel-renaudiere.com\/de\/verkauf-mobilheime\/\" data-type=\"page\" data-id=\"65\">mobilheime zum Verkauf<\/a> auf unserem Campingplatz. Je nach Ihrem Budget k\u00f6nnen Sie sich f\u00fcr einen Neu- oder Gebrauchtkauf entscheiden.<br><a href=\"https:\/\/mirabel-renaudiere.com\/de\/kontakt-camping-renaudiere\/\" data-type=\"page\" data-id=\"75\">Kontaktieren Sie uns f\u00fcr weitere Informationen<\/a>.<\/div><\/div><\/div><\/div>\n\n\n\n<div class=\"wp-block-create-block-sev-faq\"><div class=\"card sev-faq\"><a class=\"card-header d-flex\" href=\"#comment-choisir-sa-parcelle-\" data-toggle=\"collapse\" role=\"button\" aria-expanded=\"false\" aria-controls=\"comment-choisir-sa-parcelle-\"><div class=\"faq-question\">Wie w\u00e4hlt man seine Parzelle aus?<\/div><i class=\"fa fa-chevron-down\" aria-hidden=\"true\"><\/i><\/a><div class=\"card-body collapse multi-collapse\" id=\"comment-choisir-sa-parcelle-\"><div class=\"faq-reponse\">Der Kauf eines gebrauchten Mobilheims erfolgt auf einem Stellplatz, es kann nicht verschoben werden. Wenn Sie ein neues Mobilheim kaufen, wird die Parzelle in Absprache mit unserem Team entsprechend der letzten Verf\u00fcgbarkeiten ausgew\u00e4hlt.<\/div><\/div><\/div><\/div>\n\n\n\n<div class=\"wp-block-create-block-sev-faq\"><div class=\"card sev-faq\"><a class=\"card-header d-flex\" href=\"#puis-je-rester-toute-lannee-au-camping-\" data-toggle=\"collapse\" role=\"button\" aria-expanded=\"false\" aria-controls=\"puis-je-rester-toute-lannee-au-camping-\"><div class=\"faq-question\">Kann ich das ganze Jahr \u00fcber auf dem Campingplatz bleiben?<\/div><i class=\"fa fa-chevron-down\" aria-hidden=\"true\"><\/i><\/a><div class=\"card-body collapse multi-collapse\" id=\"puis-je-rester-toute-lannee-au-camping-\"><div class=\"faq-reponse\">Der Campingplatz la Renaudi\u00e8re**** ist kein Wohnpark (Parc R\u00e9sidentiel de Loisirs, PRL) und daher nicht das ganze Jahr \u00fcber ge\u00f6ffnet. Sie k\u00f6nnen also w\u00e4hrend der gesamten \u00d6ffnungszeiten, d. h. vom 1. April bis zum 31. Oktober, auf dem Campingplatz wohnen.<\/div><\/div><\/div><\/div>\n\n\n\n<div class=\"wp-block-create-block-sev-faq\"><div class=\"card sev-faq\"><a class=\"card-header d-flex\" href=\"#puis-je-louer-mon-mobil-home-sur-certaines-periodes-\" data-toggle=\"collapse\" role=\"button\" aria-expanded=\"false\" aria-controls=\"puis-je-louer-mon-mobil-home-sur-certaines-periodes-\"><div class=\"faq-question\">Kann ich mein Mobilheim zu bestimmten Zeiten vermieten?<\/div><i class=\"fa fa-chevron-down\" aria-hidden=\"true\"><\/i><\/a><div class=\"card-body collapse multi-collapse\" id=\"puis-je-louer-mon-mobil-home-sur-certaines-periodes-\"><div class=\"faq-reponse\">Als Eigent\u00fcmer Ihres Mobilheims haben Sie die M\u00f6glichkeit, dieses w\u00e4hrend der Zeiten zu vermieten, in denen Sie nicht anwesend sind (vorbehaltlich der Genehmigung durch das Campingplatzteam hinsichtlich der M\u00f6glichkeit der Untervermietung der Unterkunft). Die Verwaltung liegt zu 100% in Ihrer Verantwortung.<\/div><\/div><\/div><\/div>\n\n\n\n<div style=\"height:60px\" aria-hidden=\"true\" class=\"wp-block-spacer\"><\/div>\n\n\n\n<h2 class=\"wp-block-heading\" id=\"sur-place\">Vor Ort<\/h2>\n\n\n\n<figure class=\"wp-block-image size-full\"><img decoding=\"async\" src=\"https:\/\/www.mirabel-renaudiere.com\/wp-content\/uploads\/2022\/01\/barre-bleue.png\" alt=\"\" class=\"wp-image-2382\"\/><\/figure>\n\n\n\n<div class=\"wp-block-create-block-sev-faq\"><div class=\"card sev-faq\"><a class=\"card-header d-flex\" href=\"#quelles-sont-les-dates-douverture-du-camping-\" data-toggle=\"collapse\" role=\"button\" aria-expanded=\"false\" aria-controls=\"quelles-sont-les-dates-douverture-du-camping-\"><div class=\"faq-question\">An welchen Tagen ist der Campingplatz ge\u00f6ffnet?<\/div><i class=\"fa fa-chevron-down\" aria-hidden=\"true\"><\/i><\/a><div class=\"card-body collapse multi-collapse\" id=\"quelles-sont-les-dates-douverture-du-camping-\"><div class=\"faq-reponse\">Der Campingplatz la Renaudi\u00e8re**** ist vom 1. April bis zum 31. Oktober ge\u00f6ffnet.<\/div><\/div><\/div><\/div>\n\n\n\n<div class=\"wp-block-create-block-sev-faq\"><div class=\"card sev-faq\"><a class=\"card-header d-flex\" href=\"#quand-la-piscine-est-elle-ouverte-\" data-toggle=\"collapse\" role=\"button\" aria-expanded=\"false\" aria-controls=\"quand-la-piscine-est-elle-ouverte-\"><div class=\"faq-question\">Wann ist der Pool ge\u00f6ffnet?<\/div><i class=\"fa fa-chevron-down\" aria-hidden=\"true\"><\/i><\/a><div class=\"card-body collapse multi-collapse\" id=\"quand-la-piscine-est-elle-ouverte-\"><div class=\"faq-reponse\">Von April bis September k\u00f6nnen Sie das Hallenbad mit Whirlpool und Gegenstromfluss nutzen. <br>Das Au\u00dfenbecken \u00f6ffnet etwas sp\u00e4ter: von Mitte Mai bis Mitte September (je nach Wetterlage). Von 10:00 bis 19:00 Uhr und in der Hochsaison bis 20:00 Uhr.<br><a href=\"https:\/\/mirabel-renaudiere.com\/de\/wasserpark\/\" data-type=\"page\" data-id=\"54\">Entdecken Sie den Wasserbereich<\/a><\/div><\/div><\/div><\/div>\n\n\n\n<div class=\"wp-block-create-block-sev-faq\"><div class=\"card sev-faq\"><a class=\"card-header d-flex\" href=\"#dois-je-apporter-les-draps-\" data-toggle=\"collapse\" role=\"button\" aria-expanded=\"false\" aria-controls=\"dois-je-apporter-les-draps-\"><div class=\"faq-question\">Muss ich die Bettw\u00e4sche mitbringen?<\/div><i class=\"fa fa-chevron-down\" aria-hidden=\"true\"><\/i><\/a><div class=\"card-body collapse multi-collapse\" id=\"dois-je-apporter-les-draps-\"><div class=\"faq-reponse\">Sie k\u00f6nnen Ihre eigene Bettw\u00e4sche mitbringen oder diese bei der Buchung oder bei der Ankunft auf dem Campingplatz mieten.  <a href=\"https:\/\/mirabel-renaudiere.com\/de\/tarife-fur-die-vermietung-von-mobilheimen\/#options\">Siehe Preise<\/a><\/div><\/div><\/div><\/div>\n\n\n\n<div class=\"wp-block-create-block-sev-faq\"><div class=\"card sev-faq\"><a class=\"card-header d-flex\" href=\"#les-animaux-sont-ils-acceptes-au-camping-\" data-toggle=\"collapse\" role=\"button\" aria-expanded=\"false\" aria-controls=\"les-animaux-sont-ils-acceptes-au-camping-\"><div class=\"faq-question\">Sind Tiere auf dem Campingplatz erlaubt? <\/div><i class=\"fa fa-chevron-down\" aria-hidden=\"true\"><\/i><\/a><div class=\"card-body collapse multi-collapse\" id=\"les-animaux-sont-ils-acceptes-au-camping-\"><div class=\"faq-reponse\">Ja, wir wissen nur zu gut, dass es schwer ist, sich von seinen Haustieren zu trennen. Deshalb sind Tiere auf unserem Campingplatz herzlich willkommen: Wir akzeptieren Hunde und Katzen (au\u00dfer 1<sup>\u00e8<\/sup> und 2<sup>\u00e8<\/sup> (Kategorie), m\u00fcssen sie geimpft, einschlie\u00dflich gegen Tollwut, gechippt oder t\u00e4towiert sein. Wir akzeptieren 1 Tier pro Unterkunft und maximal 2 pro Campingplatz.<br><em>Geb\u00fchr: 5\u20ac pro Nacht und Tier.<\/em><\/div><\/div><\/div><\/div>\n\n\n\n<div class=\"wp-block-create-block-sev-faq\"><div class=\"card sev-faq\"><a class=\"card-header d-flex\" href=\"#a-quelle-heure-puis-je-arriver-au-camping-\" data-toggle=\"collapse\" role=\"button\" aria-expanded=\"false\" aria-controls=\"a-quelle-heure-puis-je-arriver-au-camping-\"><div class=\"faq-question\">Um wie viel Uhr kann ich auf dem Campingplatz ankommen?<\/div><i class=\"fa fa-chevron-down\" aria-hidden=\"true\"><\/i><\/a><div class=\"card-body collapse multi-collapse\" id=\"a-quelle-heure-puis-je-arriver-au-camping-\"><div class=\"faq-reponse\">F\u00fcr Stellpl\u00e4tze: Die Ankunft erfolgt ab 14 Uhr, die Abreise bis 12 Uhr. <br>F\u00fcr Mietunterk\u00fcnfte: Ankunft ab 15 Uhr und Abreise vor 10 Uhr.<\/div><\/div><\/div><\/div>\n\n\n\n<div class=\"wp-block-create-block-sev-faq\"><div class=\"card sev-faq\"><a class=\"card-header d-flex\" href=\"#quelles-sont-les-dates-douverture-du-club-enfants-\" data-toggle=\"collapse\" role=\"button\" aria-expanded=\"false\" aria-controls=\"quelles-sont-les-dates-douverture-du-club-enfants-\"><div class=\"faq-question\">An welchen Tagen ist der Kinderclub ge\u00f6ffnet? <\/div><i class=\"fa fa-chevron-down\" aria-hidden=\"true\"><\/i><\/a><div class=\"card-body collapse multi-collapse\" id=\"quelles-sont-les-dates-douverture-du-club-enfants-\"><div class=\"faq-reponse\">Die Betreuer des Kinderclubs sind den ganzen Sommer \u00fcber (Juli-August) f\u00fcr Kinder von 6 bis 12 Jahren da. <\/div><\/div><\/div><\/div>\n\n\n\n<div class=\"wp-block-create-block-sev-faq\"><div class=\"card sev-faq\"><a class=\"card-header d-flex\" href=\"#ou-sortir-pendant-vos-vacances-a-la-plaine-sur-mer-\" data-toggle=\"collapse\" role=\"button\" aria-expanded=\"false\" aria-controls=\"ou-sortir-pendant-vos-vacances-a-la-plaine-sur-mer-\"><div class=\"faq-question\">Wo kann man w\u00e4hrend seines Urlaubs in La-Plaine-sur-Mer ausgehen?<\/div><i class=\"fa fa-chevron-down\" aria-hidden=\"true\"><\/i><\/a><div class=\"card-body collapse multi-collapse\" id=\"ou-sortir-pendant-vos-vacances-a-la-plaine-sur-mer-\"><div class=\"faq-reponse\"><a href=\"https:\/\/mirabel-renaudiere.com\/de\/region-strande-laplainesurmer\/\" data-type=\"page\" data-id=\"69\">Str\u00e4nde<\/a>, <a href=\"https:\/\/mirabel-renaudiere.com\/de\/region-zielort-pornic\/\" data-type=\"page\" data-id=\"67\">Pornic<\/a>, <a href=\"https:\/\/mirabel-renaudiere.com\/de\/aux-alentours\/\" data-type=\"page\" data-id=\"265\">Nantes<\/a>\u2026<\/div><\/div><\/div><\/div>\n\n\n\n<div style=\"height:60px\" aria-hidden=\"true\" class=\"wp-block-spacer\"><\/div>","protected":false},"excerpt":{"rendered":"<p>FAQ &#8211; Trouvez les r\u00e9ponses \u00e0 vos questions pour vos vacances au camping La Renaudi\u00e8re Le camping La Renaudi\u00e8re r\u00e9pond [&hellip;]<\/p>\n","protected":false},"author":1,"featured_media":0,"parent":0,"menu_order":0,"comment_status":"closed","ping_status":"closed","template":"","meta":{"_seopress_robots_primary_cat":"","_seopress_titles_title":"Foire aux questions du camping La Renaudi\u00e8re (44) pr\u00e8s de Pornic","_seopress_titles_desc":"Foire aux questions diverses sur le camping La Renaudi\u00e8re (44) La-Plaine-sur-Mer : ouverture, COVID 19, locations, pass sanitaire...","_seopress_robots_index":"","footnotes":""},"class_list":["post-83","page","type-page","status-publish","hentry"],"_links":{"self":[{"href":"https:\/\/mirabel-renaudiere.com\/de\/wp-json\/wp\/v2\/pages\/83","targetHints":{"allow":["GET"]}}],"collection":[{"href":"https:\/\/mirabel-renaudiere.com\/de\/wp-json\/wp\/v2\/pages"}],"about":[{"href":"https:\/\/mirabel-renaudiere.com\/de\/wp-json\/wp\/v2\/types\/page"}],"author":[{"embeddable":true,"href":"https:\/\/mirabel-renaudiere.com\/de\/wp-json\/wp\/v2\/users\/1"}],"replies":[{"embeddable":true,"href":"https:\/\/mirabel-renaudiere.com\/de\/wp-json\/wp\/v2\/comments?post=83"}],"version-history":[{"count":49,"href":"https:\/\/mirabel-renaudiere.com\/de\/wp-json\/wp\/v2\/pages\/83\/revisions"}],"predecessor-version":[{"id":13634,"href":"https:\/\/mirabel-renaudiere.com\/de\/wp-json\/wp\/v2\/pages\/83\/revisions\/13634"}],"wp:attachment":[{"href":"https:\/\/mirabel-renaudiere.com\/de\/wp-json\/wp\/v2\/media?parent=83"}],"curies":[{"name":"wp","href":"https:\/\/api.w.org\/{rel}","templated":true}]}}