{"id":895,"date":"2021-12-20T11:14:26","date_gmt":"2021-12-20T10:14:26","guid":{"rendered":"https:\/\/www.campinglarenaudiere.com\/?page_id=895"},"modified":"2024-01-30T11:35:46","modified_gmt":"2024-01-30T10:35:46","slug":"jadekuste-mit-dem-rad","status":"publish","type":"page","link":"https:\/\/mirabel-renaudiere.com\/de\/les-experiences\/cote-de-jade-a-velo","title":{"rendered":"C\u00f4te de Jade mit dem Fahrrad"},"content":{"rendered":"<figure class=\"wp-block-image alignright size-full is-resized\"><img loading=\"lazy\" decoding=\"async\" width=\"320\" height=\"292\" src=\"https:\/\/www.mirabel-renaudiere.com\/wp-content\/uploads\/2022\/01\/Soleil.png\" alt=\"Sonne\" class=\"wp-image-1883\" style=\"width:160px;height:146px\" srcset=\"https:\/\/mirabel-renaudiere.com\/wp-content\/uploads\/2022\/01\/Soleil.png 320w, https:\/\/mirabel-renaudiere.com\/wp-content\/uploads\/2022\/01\/Soleil-300x274.png 300w\" sizes=\"auto, (max-width: 320px) 100vw, 320px\" \/><\/figure>\n\n\n\n<h1 class=\"wp-block-heading\" id=\"a-la-decouverte-de-la-cote-de-jade-a-velo\">Mit dem Fahrrad die C\u00f4te de Jade entdecken!<\/h1>\n\n\n\n<h2 class=\"wp-block-heading has-text-align-center\" id=\"quand-on-partait-sur-les-chemins-a-bicyclette\">\u00abAls wir mit dem Fahrrad auf den Wegen unterwegs waren...\u00bb<\/h2>\n\n\n\n<p class=\"has-text-align-center\">Immer mehr von Ihnen wollen im Urlaub das Auto abstellen. <br>Nun, indem Sie nach <a href=\"https:\/\/mirabel-renaudiere.com\/de\/\" data-type=\"page\" data-id=\"9\">la Renaudi\u00e8re<\/a> das ist m\u00f6glich! Lassen Sie Ihr Auto auf dem Campingplatz stehen und machen Sie einen Spaziergang auf den vielen Wanderwegen entlang der K\u00fcste. <br>Wir haben einige f\u00fcr Sie ausgew\u00e4hlt, unabh\u00e4ngig davon, wie viel Sie bereits praktizieren und wie alt Sie sind. <br>(<em>Bitte beachten Sie, dass Sie Ihre Fahrr\u00e4der auch direkt auf dem Campingplatz ausleihen k\u00f6nnen.<\/em>).<\/p>\n\n\n\n<figure class=\"wp-block-image aligncenter size-full\"><img decoding=\"async\" src=\"https:\/\/www.mirabel-renaudiere.com\/wp-content\/uploads\/2022\/01\/barre-bleue.png\" alt=\"\" class=\"wp-image-2382\"\/><\/figure>\n\n\n\n<div class=\"wp-block-media-text alignwide is-stacked-on-mobile\"><figure class=\"wp-block-media-text__media\"><a href=\"https:\/\/www.mirabel-renaudiere.com\/wp-content\/uploads\/2021\/12\/balade-velo-couple.jpg\"><img loading=\"lazy\" decoding=\"async\" width=\"1024\" height=\"683\" src=\"https:\/\/www.mirabel-renaudiere.com\/wp-content\/uploads\/2021\/12\/balade-velo-couple.jpg\" alt=\"Fahrradtour La Plaine sur Mer\" class=\"wp-image-919 size-full\" srcset=\"https:\/\/mirabel-renaudiere.com\/wp-content\/uploads\/2021\/12\/balade-velo-couple.jpg 1024w, https:\/\/mirabel-renaudiere.com\/wp-content\/uploads\/2021\/12\/balade-velo-couple-300x200.jpg 300w, https:\/\/mirabel-renaudiere.com\/wp-content\/uploads\/2021\/12\/balade-velo-couple-768x512.jpg 768w\" sizes=\"auto, (max-width: 1024px) 100vw, 1024px\" \/><\/a><\/figure><div class=\"wp-block-media-text__content\">\n<p class=\"has-medium-font-size\"><strong>Auf dem Weg, um La Plaine-sur-Mer mit dem Fahrrad zu entdecken <\/strong><\/p>\n\n\n\n<figure class=\"wp-block-image size-full\"><img decoding=\"async\" src=\"https:\/\/www.mirabel-renaudiere.com\/wp-content\/uploads\/2022\/01\/barre-bleue.png\" alt=\"\" class=\"wp-image-2382\"\/><\/figure>\n\n\n\n<p><strong>Zwei Rundreisen ab La Plaine-sur-Mer<\/strong> von etwas weniger als 4 km L\u00e4nge f\u00fchren Sie zwischen Meer und Land. <\/p>\n\n\n\n<p>Das erste \u00abStadtzentrum - la Pr\u00e9\u00e9<strong>&nbsp;\u00bb<\/strong> und der zweite \u00abStadtzentrum - Le Cormier\u00bb sind <strong>kleine, leichte Strecken<\/strong> von 3,9 km und 3,5 km L\u00e4nge. Perfekt, um die Ecken des Dorfes zu erkunden, vom Angeln \u00fcber die Pointe de la Pr\u00e9\u00e9 bis hin zur Landschaft etwas weiter im Landesinneren.<\/p>\n\n\n\n<p>Sie werden Ihnen Folgendes zeigen <strong>la Plaine-sur-Mer<\/strong> in Ihrem eigenen Tempo. Diese Touren sind ideal f\u00fcr <strong>Ihre Familienspazierg\u00e4nge<\/strong> mit den Kleinsten und leicht zug\u00e4nglich <strong>vom Campingplatz aus.<\/strong><\/p>\n<\/div><\/div>\n\n\n\n<div class=\"wp-block-media-text alignwide has-media-on-the-right is-stacked-on-mobile front-page-section grey\"><div class=\"wp-block-media-text__content\">\n<h2 class=\"wp-block-heading has-medium-font-size\">Fahrradroute <strong>\u00abV\u00e9locean Abschnitt nach Pr\u00e9failles\u00bb <\/strong><\/h2>\n\n\n\n<figure class=\"wp-block-image size-full\"><img decoding=\"async\" src=\"https:\/\/www.mirabel-renaudiere.com\/wp-content\/uploads\/2022\/01\/barre-bleue.png\" alt=\"\" class=\"wp-image-2382\"\/><\/figure>\n\n\n\n<p> 11,4 km von <a href=\"https:\/\/mirabel-renaudiere.com\/de\/region-strande-laplainesurmer\/\" data-type=\"page\" data-id=\"69\">la Plaine-sur-Mer<\/a><\/p>\n\n\n\n<p><strong>Fahren Sie die ganze K\u00fcste entlang nach Pr\u00e9failles<\/strong>. Mit seinen zahlreichen bemerkenswerten Str\u00e4nden und Buchten ist Pr\u00e9failles zweifellos eine unverzichtbare Etappe f\u00fcr Ihren Aufenthalt in der Region Loire-Atlantique. <\/p>\n\n\n\n<p>W\u00e4hrend Ihres Rundgangs k\u00f6nnen Sie die Farbe des klaren Wassers, die K\u00fcste und besonders <strong>Der durchbohrte Felsen<\/strong> de Pr\u00e9failles, emblematisches Naturerbe des Dorfes, oder auch <strong>die Pointe Sainte Gildas<\/strong> und seinem Semaphor.<\/p>\n<\/div><figure class=\"wp-block-media-text__media\"><a href=\"https:\/\/www.mirabel-renaudiere.com\/wp-content\/uploads\/2021\/12\/balade-velo-famille.jpg\"><img loading=\"lazy\" decoding=\"async\" width=\"1024\" height=\"683\" src=\"https:\/\/www.mirabel-renaudiere.com\/wp-content\/uploads\/2021\/12\/balade-velo-famille.jpg\" alt=\"die Landspitze St. Gildas und ihr Semaphor\" class=\"wp-image-921 size-full\" srcset=\"https:\/\/mirabel-renaudiere.com\/wp-content\/uploads\/2021\/12\/balade-velo-famille.jpg 1024w, https:\/\/mirabel-renaudiere.com\/wp-content\/uploads\/2021\/12\/balade-velo-famille-300x200.jpg 300w, https:\/\/mirabel-renaudiere.com\/wp-content\/uploads\/2021\/12\/balade-velo-famille-768x512.jpg 768w\" sizes=\"auto, (max-width: 1024px) 100vw, 1024px\" \/><\/a><\/figure><\/div>\n\n\n\n<div class=\"wp-block-media-text alignwide is-stacked-on-mobile animate left\"><figure class=\"wp-block-media-text__media\"><a href=\"https:\/\/www.mirabel-renaudiere.com\/wp-content\/uploads\/2021\/12\/balade-velo-famille2.jpg\"><img loading=\"lazy\" decoding=\"async\" width=\"1024\" height=\"683\" src=\"https:\/\/www.mirabel-renaudiere.com\/wp-content\/uploads\/2021\/12\/balade-velo-famille2.jpg\" alt=\"Fahrradtour mit der Familie La v\u00e9lodyss\u00e9e\" class=\"wp-image-900 size-full\" srcset=\"https:\/\/mirabel-renaudiere.com\/wp-content\/uploads\/2021\/12\/balade-velo-famille2.jpg 1024w, https:\/\/mirabel-renaudiere.com\/wp-content\/uploads\/2021\/12\/balade-velo-famille2-300x200.jpg 300w, https:\/\/mirabel-renaudiere.com\/wp-content\/uploads\/2021\/12\/balade-velo-famille2-768x512.jpg 768w\" sizes=\"auto, (max-width: 1024px) 100vw, 1024px\" \/><\/a><\/figure><div class=\"wp-block-media-text__content\">\n<h2 class=\"wp-block-heading has-medium-font-size\">Der Radweg <strong>\u00abLa V\u00e9lodys\u00e9e\u00bb - Auf Entdeckungsreise entlang der Atlantikk\u00fcste <\/strong><\/h2>\n\n\n\n<figure class=\"wp-block-image size-full\"><img decoding=\"async\" src=\"https:\/\/www.mirabel-renaudiere.com\/wp-content\/uploads\/2022\/01\/barre-bleue.png\" alt=\"\" class=\"wp-image-2382\"\/><\/figure>\n\n\n\n<p> Diese Fahrradroute mit einer L\u00e4nge von ca. <strong>1400 km und markiert<\/strong> von Anfang bis Ende, beginnt in der Bretagne und f\u00fchrt \u00fcber den Atlantik bis zur Baskischen K\u00fcste. Pumpen Sie die Reifen Ihrer Fahrr\u00e4der wieder auf und schwingen Sie sich in den Sattel f\u00fcr eine sch\u00f6ne <strong>Familienspaziergang!<\/strong><\/p>\n\n\n\n<p>3\/4 der V\u00e9lodyss\u00e9 verl\u00e4uft auf autofreien Wegen.<\/p>\n\n\n\n<p> Am Anfang des <strong>Campingplatz Mirabel La Renaudi\u00e8re<\/strong>, Sie k\u00f6nnen sich unter anderem an, <a href=\"https:\/\/mirabel-renaudiere.com\/de\/region-zielort-pornic\/\" data-type=\"page\" data-id=\"67\">Pornic<\/a>, Saint-Br\u00e9vin, Les Moutiers-en-Retz. <\/p>\n\n\n\n<p>F\u00fcr die Ge\u00fcbteren: Bereiten Sie das Picknick vor, setzen Sie den Rucksack auf und <strong>gehen Sie einen Tag lang<\/strong> die Regionen entdecken, durch die diese Rundreise f\u00fchrt.<\/p>\n\n\n\n<p><\/p>\n\n\n\n<p>Finden Sie alle Radrouten auf der Website von <a href=\"https:\/\/www.pornic.com\/\" target=\"_blank\" rel=\"noreferrer noopener\">Destination Pornic<\/a> oder z\u00f6gern Sie nicht, sich an die Rezeption des Campingplatzes zu wenden.<\/p>\n<\/div><\/div>\n\n\n\n<p><\/p>","protected":false},"excerpt":{"rendered":"<p>A la d\u00e9couverte de la C\u00f4te de Jade \u00e0 v\u00e9lo ! \u00ab&nbsp;Quand on partait sur les chemins, \u00e0 bicyclette\u2026&nbsp;\u00bb Vous [&hellip;]<\/p>\n","protected":false},"author":1,"featured_media":0,"parent":272,"menu_order":0,"comment_status":"closed","ping_status":"closed","template":"","meta":{"_seopress_robots_primary_cat":"","_seopress_titles_title":"Circuits v\u00e9lo et pistes cyclables pr\u00e8s de Pornic","_seopress_titles_desc":"D\u00e9couvrez les pistes cyclables, la v\u00e9lodyss\u00e9e sur la c\u00f4te de Jade et le secteur de Pornic au d\u00e9part du camping La Renaudi\u00e8re.","_seopress_robots_index":"","footnotes":""},"class_list":["post-895","page","type-page","status-publish","hentry"],"_links":{"self":[{"href":"https:\/\/mirabel-renaudiere.com\/de\/wp-json\/wp\/v2\/pages\/895","targetHints":{"allow":["GET"]}}],"collection":[{"href":"https:\/\/mirabel-renaudiere.com\/de\/wp-json\/wp\/v2\/pages"}],"about":[{"href":"https:\/\/mirabel-renaudiere.com\/de\/wp-json\/wp\/v2\/types\/page"}],"author":[{"embeddable":true,"href":"https:\/\/mirabel-renaudiere.com\/de\/wp-json\/wp\/v2\/users\/1"}],"replies":[{"embeddable":true,"href":"https:\/\/mirabel-renaudiere.com\/de\/wp-json\/wp\/v2\/comments?post=895"}],"version-history":[{"count":19,"href":"https:\/\/mirabel-renaudiere.com\/de\/wp-json\/wp\/v2\/pages\/895\/revisions"}],"predecessor-version":[{"id":10534,"href":"https:\/\/mirabel-renaudiere.com\/de\/wp-json\/wp\/v2\/pages\/895\/revisions\/10534"}],"up":[{"embeddable":true,"href":"https:\/\/mirabel-renaudiere.com\/de\/wp-json\/wp\/v2\/pages\/272"}],"wp:attachment":[{"href":"https:\/\/mirabel-renaudiere.com\/de\/wp-json\/wp\/v2\/media?parent=895"}],"curies":[{"name":"wp","href":"https:\/\/api.w.org\/{rel}","templated":true}]}}