{"id":9791,"date":"2023-10-06T15:11:23","date_gmt":"2023-10-06T13:11:23","guid":{"rendered":"https:\/\/www.campinglarenaudiere.com\/?page_id=9791"},"modified":"2025-09-22T16:18:30","modified_gmt":"2025-09-22T14:18:30","slug":"allsaint-in-camping-in-pornic","status":"publish","type":"page","link":"https:\/\/mirabel-renaudiere.com\/de\/les-experiences\/la-toussaint-en-camping-a-pornic","title":{"rendered":"Allerheiligen auf dem Campingplatz in Pornic"},"content":{"rendered":"<h1 class=\"wp-block-heading\"><strong>Allerheiligen auf dem Campingplatz in Pornic<\/strong><\/h1>\n\n\n\n<h2 class=\"wp-block-heading has-text-align-center\"><strong>Suchen Sie nach einem Ort, an den Sie mit Ihren Kindern an Allerheiligen fahren k\u00f6nnen? <\/strong><\/h2>\n\n\n\n<p class=\"has-text-align-center\"><strong>Unser Campingplatz Mirabel La Renaudi\u00e8re in La Plaine-sur-Mer ist bis Ende Oktober f\u00fcr einen Familienurlaub in der N\u00e4he von Pornic ge\u00f6ffnet. Sie k\u00f6nnen alle Einrichtungen des Campingplatzes und den Komfort unserer Mietunterk\u00fcnfte nutzen.<\/strong><\/p>\n\n\n\n<div class=\"wp-block-media-text is-stacked-on-mobile\"><figure class=\"wp-block-media-text__media\"><img loading=\"lazy\" decoding=\"async\" width=\"1024\" height=\"683\" src=\"https:\/\/www.mirabel-renaudiere.com\/wp-content\/uploads\/2023\/10\/vacances-toussaint-tharon-jeux-famille-1024x683.jpg\" alt=\"Spiele Familie Kind Ferien Allerheiligen pornic\" class=\"wp-image-9805 size-full\" srcset=\"https:\/\/mirabel-renaudiere.com\/wp-content\/uploads\/2023\/10\/vacances-toussaint-tharon-jeux-famille-1024x683.jpg 1024w, https:\/\/mirabel-renaudiere.com\/wp-content\/uploads\/2023\/10\/vacances-toussaint-tharon-jeux-famille-300x200.jpg 300w, https:\/\/mirabel-renaudiere.com\/wp-content\/uploads\/2023\/10\/vacances-toussaint-tharon-jeux-famille-768x512.jpg 768w, https:\/\/mirabel-renaudiere.com\/wp-content\/uploads\/2023\/10\/vacances-toussaint-tharon-jeux-famille.jpg 1200w\" sizes=\"auto, (max-width: 1024px) 100vw, 1024px\" \/><\/figure><div class=\"wp-block-media-text__content\">\n<h3 class=\"wp-block-heading\"><strong>Der Campingplatz ist an Allerheiligen ge\u00f6ffnet<\/strong><\/h3>\n\n\n\n<p>Gute Nachrichten: F\u00fcr Ihren Oktoberurlaub mit Kindern und Enkelkindern ist unser 4-Sterne-Campingplatz La Renaudi\u00e8re ge\u00f6ffnet, <strong>nur 15 Minuten von Pornic entfernt<\/strong>. F\u00fcr einen gelungenen Familienurlaub k\u00f6nnen Sie unseren gro\u00dfen Kinderspielplatz mit Schaukel und Rutschen, die Boulepl\u00e4tze oder an grauen Tagen das Indoor-Spielzimmer mit Billard und Arcade-Spielen nutzen.<\/p>\n<\/div><\/div>\n\n\n\n<div style=\"height:24px\" aria-hidden=\"true\" class=\"wp-block-spacer\"><\/div>\n\n\n\n<div class=\"wp-block-media-text has-media-on-the-right is-stacked-on-mobile\"><div class=\"wp-block-media-text__content\">\n<h3 class=\"wp-block-heading\"><strong>Was kann man an Allerheiligen in Pornic mit den Kindern unternehmen?<\/strong><\/h3>\n\n\n\n<p>Nach dem arbeitsreichen September bieten die Oktoberferien die Gelegenheit, die Batterien wieder aufzuladen und <strong>Zeit mit den Kindern verbringen<\/strong>. Viele von Ihnen suchen die <strong>Aktivit\u00e4ten f\u00fcr die ganze Familie an Allerheiligen<\/strong>. Hier sind einige Ideen :<\/p>\n\n\n\n<ul class=\"wp-block-list\">\n<li>Eine <strong>Fahrradtour<\/strong> entlang der C\u00f4te de Jade dank der zahlreichen Radwege, die vom Campingplatz aus starten. <a href=\"https:\/\/www.pornic.com\/randonnees-a-velo.html\" target=\"_blank\" rel=\"noreferrer noopener\">Entdecken Sie die Routen. <\/a><\/li>\n\n\n\n<li><strong>Angeln<\/strong> zu Schalentieren auf einem der vielen <a rel=\"noreferrer noopener\" href=\"https:\/\/www.pornic.com\/plages-la-plaine-sur-mer-plage-la-plaine-sur-mer.html\" target=\"_blank\">Str\u00e4nde in der N\u00e4he des Campingplatzes<\/a>. Ziehen Sie Ihre Stiefel an, nehmen Sie Ihren Eimer mit und los geht's<\/li>\n\n\n\n<li>Ein Ausflug zu unserem Partner am <a href=\"https:\/\/www.planetesauvage.com\/\" data-type=\"link\" data-id=\"https:\/\/www.planetesauvage.com\/\" target=\"_blank\" rel=\"noreferrer noopener\">Zoo Plan\u00e8te Sauvage<\/a>. Gehen Sie auf Entdeckungsreise und lernen Sie die Tiere kennen, die uns umgeben!<\/li>\n\n\n\n<li>Eine <strong>Spaziergang<\/strong> herbstlich in <strong>volle Natur<\/strong> um Ihre eigene H\u00fctte im Wald zu bauen oder einfach die sch\u00f6nen Farben in den S\u00fcmpfen oder in Strandn\u00e4he zu bewundern.<\/li>\n\n\n\n<li>Ein bisschen Sport in der N\u00e4he des Wassers, indem Sie sich am <strong>Stand Up Paddle<\/strong>, Sie k\u00f6nnen auch surfen oder Strandsegeln. Finden Sie die <strong>Wassersportangebote<\/strong> von <a href=\"https:\/\/www.pornic.com\/nautisme.html\" target=\"_blank\" rel=\"noreferrer noopener\">Destination Pornic genau hier<\/a>.<\/li>\n\n\n\n<li><a href=\"https:\/\/www.pornic.com\/activites-les-pirates-plus-de-12-ans.html\" target=\"_blank\" rel=\"noreferrer noopener\">Aktivit\u00e4ten f\u00fcr Teenager<\/a> (Outdoor und Indoor f\u00fcr die grauen Tage) : <strong>Escape Game<\/strong>, Laser Game, Karting, <strong>Accrobranche<\/strong>, Die Auswahl ist gro\u00df.<\/li>\n<\/ul>\n<\/div><figure class=\"wp-block-media-text__media\"><img loading=\"lazy\" decoding=\"async\" width=\"1024\" height=\"683\" src=\"https:\/\/www.mirabel-renaudiere.com\/wp-content\/uploads\/2023\/10\/peche-pied-plage-enfant-coquillage-1024x683.jpg\" alt=\"Angeln Kinder Strand Oktober\" class=\"wp-image-9809 size-full\" srcset=\"https:\/\/mirabel-renaudiere.com\/wp-content\/uploads\/2023\/10\/peche-pied-plage-enfant-coquillage-1024x683.jpg 1024w, https:\/\/mirabel-renaudiere.com\/wp-content\/uploads\/2023\/10\/peche-pied-plage-enfant-coquillage-300x200.jpg 300w, https:\/\/mirabel-renaudiere.com\/wp-content\/uploads\/2023\/10\/peche-pied-plage-enfant-coquillage-768x512.jpg 768w, https:\/\/mirabel-renaudiere.com\/wp-content\/uploads\/2023\/10\/peche-pied-plage-enfant-coquillage.jpg 1200w\" sizes=\"auto, (max-width: 1024px) 100vw, 1024px\" \/><\/figure><\/div>\n\n\n\n<div style=\"height:24px\" aria-hidden=\"true\" class=\"wp-block-spacer\"><\/div>\n\n\n\n<div class=\"wp-block-group border border-info card pt-2 pl-4 pr-4 is-layout-constrained wp-block-group-is-layout-constrained\">\n<h2 class=\"wp-block-heading has-text-align-center\"><strong>Buchen Sie Ihr Mobilheim f\u00fcr Allerheiligen in La Plaine-sur-Mer<\/strong><\/h2>\n\n\n\n<p>Um Ihren Urlaub in <strong>4-Sterne-Campingplatz in der N\u00e4he von Pornic<\/strong>, Sie haben die Wahl f\u00fcr Ihre Unterkunft:<\/p>\n\n\n\n<ul class=\"wp-block-list\">\n<li>Vermietung von <a rel=\"noreferrer noopener\" href=\"https:\/\/mirabel-renaudiere.com\/de\/tarife-fur-die-vermietung-von-mobilheimen\/\" target=\"_blank\"><strong>Mobilheim<\/strong><\/a> beheizt mit allem Komfort: Von 1 bis 3 Schlafzimmern finden Sie hier ein Wohnzimmer mit Salon, ausgestattete K\u00fcche, Fernseher, Schlafzimmer mit Schrank(en), Badezimmer und eine halb\u00fcberdachte Terrasse, damit Sie auch bei Regen Ihren Au\u00dfenbereich genie\u00dfen k\u00f6nnen. <\/li>\n<\/ul>\n\n\n\n<figure class=\"wp-block-image aligncenter size-full is-resized\"><a href=\"https:\/\/mirabel-renaudiere.com\/de\/tarife-fur-die-vermietung-von-mobilheimen\/\"><img loading=\"lazy\" decoding=\"async\" width=\"700\" height=\"443\" src=\"https:\/\/www.mirabel-renaudiere.com\/wp-content\/uploads\/2023\/06\/location-Camping-bord-de-mer-Pornic.jpg\" alt=\"vermietung Campingplatz am Meer Pornic\" class=\"wp-image-8920\" style=\"width:387px;height:245px\" srcset=\"https:\/\/mirabel-renaudiere.com\/wp-content\/uploads\/2023\/06\/location-Camping-bord-de-mer-Pornic.jpg 700w, https:\/\/mirabel-renaudiere.com\/wp-content\/uploads\/2023\/06\/location-Camping-bord-de-mer-Pornic-300x190.jpg 300w\" sizes=\"auto, (max-width: 700px) 100vw, 700px\" \/><\/a><\/figure>\n\n\n\n<ul class=\"wp-block-list\">\n<li>Vermietung von\u2019<strong><a rel=\"noreferrer noopener\" href=\"https:\/\/mirabel-renaudiere.com\/de\/tarife-fur-wohnwagen\/\" target=\"_blank\">Standort <\/a><\/strong>ger\u00e4umig und abgegrenzt f\u00fcr Ihr Wohnmobil oder Ihren Wohnwagen (oder das Zelt, f\u00fcr die Mutigen!) mit <strong>Strompauschale<\/strong> und den Zugang zu allen Dienstleistungen des Campingplatzes.<\/li>\n<\/ul>\n\n\n\n<figure class=\"wp-block-image aligncenter size-full is-resized\"><a href=\"https:\/\/mirabel-renaudiere.com\/de\/tarife-fur-wohnwagen\/\"><img loading=\"lazy\" decoding=\"async\" width=\"700\" height=\"470\" src=\"https:\/\/www.mirabel-renaudiere.com\/wp-content\/uploads\/2023\/09\/location-emplacement-camping-car-proche-pornic.jpg\" alt=\"Vermietung Stellplatz Wohnmobil N\u00e4he Pornic\" class=\"wp-image-9592\" style=\"width:399px;height:268px\" srcset=\"https:\/\/mirabel-renaudiere.com\/wp-content\/uploads\/2023\/09\/location-emplacement-camping-car-proche-pornic.jpg 700w, https:\/\/mirabel-renaudiere.com\/wp-content\/uploads\/2023\/09\/location-emplacement-camping-car-proche-pornic-300x201.jpg 300w\" sizes=\"auto, (max-width: 700px) 100vw, 700px\" \/><\/a><\/figure>\n<\/div>","protected":false},"excerpt":{"rendered":"<p>La Toussaint en Camping \u00e0 Pornic Vous cherchez o\u00f9 partir \u00e0 la Toussaint avec vos enfants&nbsp;? Notre Camping Mirabel La [&hellip;]<\/p>\n","protected":false},"author":2,"featured_media":0,"parent":272,"menu_order":0,"comment_status":"closed","ping_status":"closed","template":"","meta":{"_seopress_robots_primary_cat":"","_seopress_titles_title":"Camping ouvert \u00e0 la Toussaint avec piscine \u00e0 la Plaine-sur-Mer","_seopress_titles_desc":"Vous cherchez o\u00f9 partir \u00e0 la Toussaint avec vos enfants\u00a0? Notre Camping Mirabel La Renaudi\u00e8re \u00e0 la Plaine-sur-Mer est ouvert jusqu\u2019\u00e0 fin octobre.","_seopress_robots_index":"","footnotes":""},"class_list":["post-9791","page","type-page","status-publish","hentry"],"_links":{"self":[{"href":"https:\/\/mirabel-renaudiere.com\/de\/wp-json\/wp\/v2\/pages\/9791","targetHints":{"allow":["GET"]}}],"collection":[{"href":"https:\/\/mirabel-renaudiere.com\/de\/wp-json\/wp\/v2\/pages"}],"about":[{"href":"https:\/\/mirabel-renaudiere.com\/de\/wp-json\/wp\/v2\/types\/page"}],"author":[{"embeddable":true,"href":"https:\/\/mirabel-renaudiere.com\/de\/wp-json\/wp\/v2\/users\/2"}],"replies":[{"embeddable":true,"href":"https:\/\/mirabel-renaudiere.com\/de\/wp-json\/wp\/v2\/comments?post=9791"}],"version-history":[{"count":10,"href":"https:\/\/mirabel-renaudiere.com\/de\/wp-json\/wp\/v2\/pages\/9791\/revisions"}],"predecessor-version":[{"id":13047,"href":"https:\/\/mirabel-renaudiere.com\/de\/wp-json\/wp\/v2\/pages\/9791\/revisions\/13047"}],"up":[{"embeddable":true,"href":"https:\/\/mirabel-renaudiere.com\/de\/wp-json\/wp\/v2\/pages\/272"}],"wp:attachment":[{"href":"https:\/\/mirabel-renaudiere.com\/de\/wp-json\/wp\/v2\/media?parent=9791"}],"curies":[{"name":"wp","href":"https:\/\/api.w.org\/{rel}","templated":true}]}}