{"id":10426,"date":"2024-01-25T15:58:25","date_gmt":"2024-01-25T14:58:25","guid":{"rendered":"https:\/\/mirabel-renaudiere.com\/?page_id=10426"},"modified":"2026-02-09T14:42:39","modified_gmt":"2026-02-09T13:42:39","slug":"romantic-weekend-in-pornic","status":"publish","type":"page","link":"https:\/\/mirabel-renaudiere.com\/en\/les-experiences\/week-end-en-amoureux-a-pornic","title":{"rendered":"Romantic weekend by the sea"},"content":{"rendered":"<h1 class=\"wp-block-heading\">Romantic weekend by the sea<\/h1>\n\n\n\n<h2 class=\"wp-block-heading\">Are you dreaming of a getaway for 2 in the Loire Atlantique close to the sea? <\/h2>\n\n\n\n<p>Treat yourself to a romantic break in La Plaine-sur-Mer, located on the Pointe Saint-Gildas with over 10 beaches and a few secret coves. This is your chance to spend a romantic weekend just a few minutes from the beaches &amp; of Pornic.<\/p>\n\n\n\n<div class=\"wp-block-media-text has-media-on-the-right is-stacked-on-mobile\"><div class=\"wp-block-media-text__content\">\n<h2 class=\"wp-block-heading\"><strong>A romantic weekend in Pornic<\/strong><\/h2>\n\n\n\n<p>Pornic, <strong>jewel of the Jade Coast<\/strong>, is an ideal destination for couples looking for a romantic getaway. With its small <strong>discreet coves and wild beaches<\/strong>, The city offers the perfect setting for a romantic getaway for two, away from the hustle and bustle of everyday life.<\/p>\n\n\n\n<p>For walkers, the customs path is a must. It stretches from Plage du Porteau to Plage du Portmain, and as you walk along it, you'll discover secret coves where you can relax or take a swim. <strong>romantic picnic<\/strong>. The path winds its way through unspoilt countryside, offering breathtaking views of the ocean. Just you, the sea and the sound of the waves to accompany your walk.<\/p>\n\n\n\n<p>Ask Ma\u00ebliss at reception for directions.<\/p>\n\n\n\n<h3 class=\"wp-block-heading texte-rond has-large-font-size\">Pornic: a romantic setting <br>between beaches and secret coves.<\/h3>\n<\/div><figure class=\"wp-block-media-text__media\"><img loading=\"lazy\" decoding=\"async\" width=\"600\" height=\"400\" src=\"https:\/\/mirabel-renaudiere.com\/wp-content\/uploads\/2024\/01\/couple-promenade-plage-coucher-soleil-pexel.jpg\" alt=\"seaside couple weekend\" class=\"wp-image-10415 size-full\" srcset=\"https:\/\/mirabel-renaudiere.com\/wp-content\/uploads\/2024\/01\/couple-promenade-plage-coucher-soleil-pexel.jpg 600w, https:\/\/mirabel-renaudiere.com\/wp-content\/uploads\/2024\/01\/couple-promenade-plage-coucher-soleil-pexel-300x200.jpg 300w\" sizes=\"auto, (max-width: 600px) 100vw, 600px\" \/><\/figure><\/div>\n\n\n\n<figure class=\"wp-block-gallery has-nested-images columns-default is-cropped wp-block-gallery-1 is-layout-flex wp-block-gallery-is-layout-flex\">\n<figure class=\"wp-block-image size-large\"><img loading=\"lazy\" decoding=\"async\" width=\"1024\" height=\"683\" data-id=\"11169\" src=\"https:\/\/mirabel-renaudiere.com\/wp-content\/uploads\/2024\/04\/plage-etang-pornic3-1024x683.jpg\" alt=\"plage de l&#039;\u00e9tang in Pornic, a romantic break in Loire Atlantique\" class=\"wp-image-11169\" srcset=\"https:\/\/mirabel-renaudiere.com\/wp-content\/uploads\/2024\/04\/plage-etang-pornic3-1024x683.jpg 1024w, https:\/\/mirabel-renaudiere.com\/wp-content\/uploads\/2024\/04\/plage-etang-pornic3-300x200.jpg 300w, https:\/\/mirabel-renaudiere.com\/wp-content\/uploads\/2024\/04\/plage-etang-pornic3-768x512.jpg 768w, https:\/\/mirabel-renaudiere.com\/wp-content\/uploads\/2024\/04\/plage-etang-pornic3.jpg 1200w\" sizes=\"auto, (max-width: 1024px) 100vw, 1024px\" \/><\/figure>\n\n\n\n<figure class=\"wp-block-image size-large\"><img loading=\"lazy\" decoding=\"async\" width=\"700\" height=\"467\" data-id=\"8680\" src=\"https:\/\/mirabel-renaudiere.com\/wp-content\/uploads\/2023\/05\/sejour-camping-avec-piscine-la-plaine-sur-mer.jpg\" alt=\"sentier des douaniers from pornic to saint michel chef chef, a romantic stay at a 4-star campsite\" class=\"wp-image-8680\" srcset=\"https:\/\/mirabel-renaudiere.com\/wp-content\/uploads\/2023\/05\/sejour-camping-avec-piscine-la-plaine-sur-mer.jpg 700w, https:\/\/mirabel-renaudiere.com\/wp-content\/uploads\/2023\/05\/sejour-camping-avec-piscine-la-plaine-sur-mer-300x200.jpg 300w\" sizes=\"auto, (max-width: 700px) 100vw, 700px\" \/><\/figure>\n\n\n\n<figure class=\"wp-block-image size-large\"><img loading=\"lazy\" decoding=\"async\" width=\"700\" height=\"467\" data-id=\"9618\" src=\"https:\/\/mirabel-renaudiere.com\/wp-content\/uploads\/2023\/09\/location-camping-avec-toboggan-la-plaine-sur-mer.jpg\" alt=\"romantic bike ride along the Pornic coastline, Pays de Retz in Loire Atlantique, France\" class=\"wp-image-9618\" srcset=\"https:\/\/mirabel-renaudiere.com\/wp-content\/uploads\/2023\/09\/location-camping-avec-toboggan-la-plaine-sur-mer.jpg 700w, https:\/\/mirabel-renaudiere.com\/wp-content\/uploads\/2023\/09\/location-camping-avec-toboggan-la-plaine-sur-mer-300x200.jpg 300w\" sizes=\"auto, (max-width: 700px) 100vw, 700px\" \/><\/figure>\n<\/figure>\n\n\n\n<div class=\"wp-block-media-text is-stacked-on-mobile animate front-page-section grey\"><figure class=\"wp-block-media-text__media\"><img loading=\"lazy\" decoding=\"async\" width=\"600\" height=\"400\" src=\"https:\/\/mirabel-renaudiere.com\/wp-content\/uploads\/2024\/01\/couple-balade-kayak-sport.jpg\" alt=\"kayak trip for couples in love\" class=\"wp-image-10419 size-full\" srcset=\"https:\/\/mirabel-renaudiere.com\/wp-content\/uploads\/2024\/01\/couple-balade-kayak-sport.jpg 600w, https:\/\/mirabel-renaudiere.com\/wp-content\/uploads\/2024\/01\/couple-balade-kayak-sport-300x200.jpg 300w\" sizes=\"auto, (max-width: 600px) 100vw, 600px\" \/><\/figure><div class=\"wp-block-media-text__content\">\n<h2 class=\"wp-block-heading\"><strong>What can you do in Pornic for 2 days as a couple?<\/strong><\/h2>\n\n\n\n<p>If your boyfriend or girlfriend has given you a <strong>2-night weekend<\/strong> (or + ) in our campsite in La Plaine sur Mer for <strong>Valentine's Day<\/strong>, if he or she has good taste \ud83d\ude42 ! We recommend that you come in the low season, from April to June or in September, to recharge your batteries and let yourself be lulled by the sunshine. <strong>quiet campsite<\/strong> at this time of year. In terms of activities, here are some suggestions for a <strong>idyllic stay for 2 :<\/strong><\/p>\n\n\n\n<ul class=\"wp-block-list\">\n<li>A <strong>stroll along the port<\/strong> Pornic, with a short break on the terrace of a restaurant to sample the local produce<\/li>\n\n\n\n<li>An afternoon of sun and relaxation on one of <strong>secret beaches<\/strong> between La Plaine sur Mer and Pornic. You'll love the colour of the water and the feeling of being alone in the world.<\/li>\n\n\n\n<li>For sports fans, <strong>Hire a Kayak<\/strong> or Paddle at <a href=\"https:\/\/mirabel-renaudiere.com\/en\/bike-hire-services\/\" target=\"_blank\" rel=\"noreferrer noopener\">our partner Yakav\u00e9lo<\/a> and set sail!<\/li>\n\n\n\n<li>A <strong>sea trip<\/strong> a day or half-day exploring the C\u00f4te de Jade or the \u00cele de Noirmoutier<\/li>\n<\/ul>\n\n\n\n<p><strong>For other ideas<\/strong>, For more information, please visit the <a href=\"https:\/\/www.pornic.com\/\" target=\"_blank\" rel=\"noreferrer noopener\">Tourist Office website<\/a>.<\/p>\n\n\n\n<p><\/p>\n<\/div><\/div>\n\n\n\n<p><\/p>\n\n\n\n<div class=\"wp-block-media-text has-media-on-the-right is-stacked-on-mobile animate right\"><div class=\"wp-block-media-text__content\">\n<h2 class=\"wp-block-heading\"><strong>Accommodation in Pornic for 2 people <\/strong><\/h2>\n\n\n\n<p>For a <strong>a weekend or a few days as a couple<\/strong>, We recommend that you hire a <strong>1-bedroom mobile home <\/strong>for added privacy. These accommodations are <strong>fully equipped<\/strong> for your comfort, with everything you need for a successful stay. You will find a room with a <strong>double bed<\/strong>, The bathroom has a shower with washbasin and separate WC. The bathroom has a shower with washbasin and separate WC. The pleasant, functional living area comprises <strong>a living area with sofa<\/strong>, coffee table and television, and a <strong>fitted kitchen<\/strong> with hob, fridge, crockery, coffee maker and toaster. When the sun is out, make yourself comfortable <strong>on the terrace<\/strong> and fill up on vitamins! <strong><em>Minimum 2-night rental <a href=\"https:\/\/mirabel-renaudiere.com\/en\/accommodation\/prices-for-confort-plus-mobile-home-1-bedroom-31\/\" target=\"_blank\" rel=\"noreferrer noopener\">from \u20ac98. <\/a>Think about hiring sheets to travel lighter.<\/em><\/strong><\/p>\n\n\n\n<p><\/p>\n\n\n\n<h6 class=\"wp-block-heading\">\u2013<em>non-contractual photo<\/em>\u2013<\/h6>\n<\/div><figure class=\"wp-block-media-text__media\"><img loading=\"lazy\" decoding=\"async\" width=\"900\" height=\"600\" src=\"https:\/\/mirabel-renaudiere.com\/wp-content\/uploads\/2022\/01\/3A6A15830.jpg\" alt=\"1 bedroom mobile home for a couple on holiday around Pornic\" class=\"wp-image-8546 size-full\" srcset=\"https:\/\/mirabel-renaudiere.com\/wp-content\/uploads\/2022\/01\/3A6A15830.jpg 900w, https:\/\/mirabel-renaudiere.com\/wp-content\/uploads\/2022\/01\/3A6A15830-300x200.jpg 300w, https:\/\/mirabel-renaudiere.com\/wp-content\/uploads\/2022\/01\/3A6A15830-768x512.jpg 768w\" sizes=\"auto, (max-width: 900px) 100vw, 900px\" \/><\/figure><\/div>\n\n\n\n<h3 class=\"wp-block-heading\"><\/h3>\n\n\n\n<div class=\"wp-block-media-text is-stacked-on-mobile\"><figure class=\"wp-block-media-text__media\"><img loading=\"lazy\" decoding=\"async\" width=\"600\" height=\"400\" src=\"https:\/\/mirabel-renaudiere.com\/wp-content\/uploads\/2025\/01\/BON-CADEAU-AMOUREUX.png\" alt=\"\" class=\"wp-image-12096 size-full\" srcset=\"https:\/\/mirabel-renaudiere.com\/wp-content\/uploads\/2025\/01\/BON-CADEAU-AMOUREUX.png 600w, https:\/\/mirabel-renaudiere.com\/wp-content\/uploads\/2025\/01\/BON-CADEAU-AMOUREUX-300x200.png 300w\" sizes=\"auto, (max-width: 600px) 100vw, 600px\" \/><\/figure><div class=\"wp-block-media-text__content\">\n<h3 class=\"wp-block-heading\"><strong>Looking for a romantic gift for your loved one?<\/strong><\/h3>\n\n\n\n<p>Come and discover the wild beauty of the C\u00f4te de Jade, starting from our campsite. Take a break from <strong>2 nights for a couple near Pornic<\/strong> at our 4-star La Renaudi\u00e8re campsite. Situated at the crossroads of Pointe Saint-Gildas, Pr\u00e9failles and Port Giraud, you are between land and sea. You'll love the wide-open spaces of our campsite,<strong><a href=\"https:\/\/mirabel-renaudiere.com\/en\/swimming-pool-aquatic-area\/\" target=\"_blank\" rel=\"noreferrer noopener\"> its indoor swimming pool <\/a>and heated wellness area<\/strong> for real moments of relaxation for two. <\/p>\n\n\n\n<p>We can send you a Mirabel gift voucher for a stay on the dates of your choice. To offer for <strong>Valentine's Day<\/strong>, or any other occasion to celebrate your relationship. It's the perfect opportunity to spend <strong>a romantic evening in a Pornic restaurant<\/strong> or relax in the pool's whirlpools.<\/p>\n<\/div><\/div>","protected":false},"excerpt":{"rendered":"<p>Week-end en amoureux au bord de la mer Vous r\u00eavez d\u2019une escapade \u00e0 2 en Loire Atlantique proche de la [&hellip;]<\/p>\n","protected":false},"author":2,"featured_media":0,"parent":272,"menu_order":0,"comment_status":"closed","ping_status":"closed","template":"","meta":{"_seopress_robots_primary_cat":"","_seopress_titles_title":"Week-end en amoureux pr\u00e8s de Pornic - La Renaudi\u00e8re 4*","_seopress_titles_desc":"Offrez-vous un s\u00e9jour romantique sur la C\u00f4te de Jade, avec ses petites criques discr\u00e8tes et ses plages aux allures sauvages.","_seopress_robots_index":"","footnotes":""},"class_list":["post-10426","page","type-page","status-publish","hentry"],"_links":{"self":[{"href":"https:\/\/mirabel-renaudiere.com\/en\/wp-json\/wp\/v2\/pages\/10426","targetHints":{"allow":["GET"]}}],"collection":[{"href":"https:\/\/mirabel-renaudiere.com\/en\/wp-json\/wp\/v2\/pages"}],"about":[{"href":"https:\/\/mirabel-renaudiere.com\/en\/wp-json\/wp\/v2\/types\/page"}],"author":[{"embeddable":true,"href":"https:\/\/mirabel-renaudiere.com\/en\/wp-json\/wp\/v2\/users\/2"}],"replies":[{"embeddable":true,"href":"https:\/\/mirabel-renaudiere.com\/en\/wp-json\/wp\/v2\/comments?post=10426"}],"version-history":[{"count":25,"href":"https:\/\/mirabel-renaudiere.com\/en\/wp-json\/wp\/v2\/pages\/10426\/revisions"}],"predecessor-version":[{"id":13444,"href":"https:\/\/mirabel-renaudiere.com\/en\/wp-json\/wp\/v2\/pages\/10426\/revisions\/13444"}],"up":[{"embeddable":true,"href":"https:\/\/mirabel-renaudiere.com\/en\/wp-json\/wp\/v2\/pages\/272"}],"wp:attachment":[{"href":"https:\/\/mirabel-renaudiere.com\/en\/wp-json\/wp\/v2\/media?parent=10426"}],"curies":[{"name":"wp","href":"https:\/\/api.w.org\/{rel}","templated":true}]}}