{"id":12169,"date":"2025-01-21T15:18:18","date_gmt":"2025-01-21T14:18:18","guid":{"rendered":"https:\/\/mirabel-renaudiere.com\/?page_id=12169"},"modified":"2025-11-12T12:42:36","modified_gmt":"2025-11-12T11:42:36","slug":"seaside-campsite-near-pornic","status":"publish","type":"page","link":"https:\/\/mirabel-renaudiere.com\/en\/camping-bord-de-mer-proche-de-pornic","title":{"rendered":"Seaside campsite near Pornic"},"content":{"rendered":"<h1 class=\"wp-block-heading\">Seaside campsite near Pornic<\/h1>\n\n\n\n<p class=\"has-turquoise-color has-text-color has-link-color wp-elements-17e2fbb1ef99d0c5a59d9b333fcdc593\">If you're looking for a <strong>seaside campsite<\/strong> for your holidays, the <strong>Campsite Mirabel La Renaudi\u00e8re<\/strong> welcomes you to La Plaine-sur-Mer. When you stay with us, you'll be just a few minutes from the most beautiful beaches in the Pornic region, all within easy reach of the ocean. The nearest is just 1800 metres away. To make the most of your stay and discover some not-to-be-missed spots, we've put together a short list of the best places to stay in the area. <strong>best beaches <\/strong>around the <a href=\"https:\/\/mirabel-renaudiere.com\/en\/camping-pornic\/\">campsite near Pornic<\/a><strong>.<\/strong><\/p>\n\n\n\n<p><\/p>\n\n\n\n<h2 class=\"wp-block-heading\">Discover the best beaches near Pornic<\/h2>\n\n\n\n<p>The advantage of a campsite located in the centre of a peninsula is the number of beaches of all kinds, with no fewer than 20 nearby.<\/p>\n\n\n\n<div class=\"wp-block-media-text is-stacked-on-mobile\"><figure class=\"wp-block-media-text__media\"><img loading=\"lazy\" decoding=\"async\" width=\"1024\" height=\"683\" src=\"https:\/\/mirabel-renaudiere.com\/wp-content\/uploads\/2025\/01\/plage-de-la-source-2.jpg\" alt=\"source beach pornic swimming\" class=\"wp-image-12193 size-full\" srcset=\"https:\/\/mirabel-renaudiere.com\/wp-content\/uploads\/2025\/01\/plage-de-la-source-2.jpg 1024w, https:\/\/mirabel-renaudiere.com\/wp-content\/uploads\/2025\/01\/plage-de-la-source-2-300x200.jpg 300w, https:\/\/mirabel-renaudiere.com\/wp-content\/uploads\/2025\/01\/plage-de-la-source-2-768x512.jpg 768w\" sizes=\"auto, (max-width: 1024px) 100vw, 1024px\" \/><\/figure><div class=\"wp-block-media-text__content\">\n<h3 class=\"wp-block-heading\"><strong>La Plage de La Source: Pornic's historic cove<\/strong><\/h3>\n\n\n\n<p>Just 15 minutes by car from your <strong>seaside campsite<\/strong>, La Source beach is a cove of golden sand surrounded by rocks, just off the coast of the <strong>Thalasso de Pornic<\/strong>. A must-see in low season for those seeking natural beauty and tranquillity. Sa <strong>view of the Atlantic Ocean<\/strong> and its fine sand make it the perfect place to relax after a sunny day. What's more, there are <strong>restaurants and caf\u00e9s<\/strong> for a well-deserved break. <\/p>\n\n\n\n<p><br><strong>Practice<\/strong> The Plage de la Source has been awarded the Blue Flag* and is non-smoking. What's more, the <strong>Swimming is supervised<\/strong> in July and August. The beach is <strong>authorised for dogs<\/strong> from October to March.<\/p>\n\n\n\n<p>In summer, you'll need to be patient when parking, as this pretty beach is very popular. The good news is that it's also accessible on foot via the customs path that runs alongside the sea!<\/p>\n\n\n\n<p><strong>Possible activities:<\/strong> swimming, lounging, paddle-boarding, sailing, walking along the path.<\/p>\n<\/div><\/div>\n\n\n\n<p><\/p>\n\n\n\n<div class=\"wp-block-media-text has-media-on-the-right is-stacked-on-mobile front-page-section grey\"><div class=\"wp-block-media-text__content\">\n<h3 class=\"wp-block-heading\"><strong>Plage de la No\u00ebveillard (Pornic) : <strong>large, lively beach<\/strong> near your Campsite La Renaudi\u00e8re<\/strong><\/h3>\n\n\n\n<p>Located 15 minutes from the campsite, this is Pornic's largest beach. <strong>Very lively<\/strong>, It's perfect for a <strong>family day<\/strong>. Its pleasant setting and clear waters make it a popular spot for water-based activities. If you like the idea of being close to a <strong>seaside campsite,<\/strong> This beach is one of the most accessible in the region. It is also one of the few beaches where you can swim at low tide. Young people and sports enthusiasts love it here. <\/p>\n\n\n\n<p><strong>Practical information : <\/strong>Blue Flag label, yacht club, cabins, beach volleyball net, beach club and supervised swimming in summer, beach accessible for disabled people. Dogs allowed from October to March.<\/p>\n\n\n\n<p><strong>Possible activities:<\/strong> swimming, canoeing, sailing, kite surfing.<\/p>\n<\/div><figure class=\"wp-block-media-text__media\"><img loading=\"lazy\" decoding=\"async\" width=\"600\" height=\"400\" src=\"https:\/\/mirabel-renaudiere.com\/wp-content\/uploads\/2025\/01\/plage-de-la-noeveillard-a-pornic-melanie-chaigneau-2118-1.jpg\" alt=\"noeveillard beach in pornic family swimming\" class=\"wp-image-12358 size-full\" srcset=\"https:\/\/mirabel-renaudiere.com\/wp-content\/uploads\/2025\/01\/plage-de-la-noeveillard-a-pornic-melanie-chaigneau-2118-1.jpg 600w, https:\/\/mirabel-renaudiere.com\/wp-content\/uploads\/2025\/01\/plage-de-la-noeveillard-a-pornic-melanie-chaigneau-2118-1-300x200.jpg 300w\" sizes=\"auto, (max-width: 600px) 100vw, 600px\" \/><\/figure><\/div>\n\n\n\n<p><\/p>\n\n\n\n<div class=\"wp-block-media-text is-stacked-on-mobile is-style-default animate left\"><figure class=\"wp-block-media-text__media\"><img loading=\"lazy\" decoding=\"async\" width=\"1024\" height=\"683\" src=\"https:\/\/mirabel-renaudiere.com\/wp-content\/uploads\/2024\/04\/plage-etang-pornic3-1024x683.jpg\" alt=\"plage de l&#039;etang pornic camping bord de mer\" class=\"wp-image-11169 size-full\" srcset=\"https:\/\/mirabel-renaudiere.com\/wp-content\/uploads\/2024\/04\/plage-etang-pornic3-1024x683.jpg 1024w, https:\/\/mirabel-renaudiere.com\/wp-content\/uploads\/2024\/04\/plage-etang-pornic3-300x200.jpg 300w, https:\/\/mirabel-renaudiere.com\/wp-content\/uploads\/2024\/04\/plage-etang-pornic3-768x512.jpg 768w, https:\/\/mirabel-renaudiere.com\/wp-content\/uploads\/2024\/04\/plage-etang-pornic3.jpg 1200w\" sizes=\"auto, (max-width: 1024px) 100vw, 1024px\" \/><\/figure><div class=\"wp-block-media-text__content\">\n<h3 class=\"wp-block-heading\"><strong>La Plage de l'\u00c9tang (Pornic): a corner of paradise<\/strong><\/h3>\n\n\n\n<p>Plage de l'\u00c9tang is a haven of peace in an exceptional natural setting. Ideal for those looking for a more relaxed atmosphere. <strong>quiet and intimate<\/strong>, The beach is divided into a number of small coves with orange-coloured sand, giving it an exceptional character, where you can enjoy a pleasant swim in calm, clear waters. Plage de l'\u00c9tang is also a Blue Flag beach.<\/p>\n\n\n\n<p><strong>Practical information : <\/strong>The beach has a small bathing area with lifeguards in summer. It can be reached in just a few minutes by bike from La Renaudi\u00e8re campsite. There is a car park just 5 minutes' walk from the beach. Dogs are allowed from October to March.<\/p>\n\n\n\n<p><strong>Possible activities<\/strong>&nbsp;Swimming, beach games and lounging.<\/p>\n\n\n\n<p><\/p>\n<\/div><\/div>\n\n\n\n<p><\/p>\n\n\n\n<div class=\"wp-block-media-text has-media-on-the-right is-stacked-on-mobile front-page-section grey\"><div class=\"wp-block-media-text__content\">\n<h3 class=\"wp-block-heading\"><strong>La Grande Plage de Tharon: a dynamic atmosphere just a stone's throw from your campsite<\/strong><\/h3>\n\n\n\n<p>La <a href=\"https:\/\/www.pornic.com\/grande-plage-de-tharon.html\">Tharon beach<\/a> is one of the largest beaches in the region, with more than\u2019<strong>1 kilometre of fine sand<\/strong> along the dunes. It's also the busiest, especially in summer. With its many sports activities, beach games and a <strong>friendly atmosphere, <\/strong>it attracts <strong>families and young people <\/strong>in search of entertainment. Whether you're looking for <strong>water sports<\/strong> (on the reserved northern part), relax under the sun or enjoy the local entertainment, this beach is often chosen for a day full of energy, while remaining <strong>close to your accommodation.<\/strong> You can get there in just 10 minutes by car.<\/p>\n\n\n\n<p><strong>Practical information : <\/strong>supervised swimming in summer, beach bar, PRM access, free parking all year round, pets welcome from mid-September to mid-May<\/p>\n\n\n\n<p><strong>Possible activities <\/strong>Swimming, sports games, family games, relaxing, water sports, merry-go-round for the little ones, concerts on the Grand Escalier in season.<\/p>\n<\/div><figure class=\"wp-block-media-text__media\"><img loading=\"lazy\" decoding=\"async\" width=\"1024\" height=\"683\" src=\"https:\/\/mirabel-renaudiere.com\/wp-content\/uploads\/2021\/12\/plage-tharon-pornic-1024x683.jpg\" alt=\"Tharon beach next to the Pornic campsite\" class=\"wp-image-727 size-full\" srcset=\"https:\/\/mirabel-renaudiere.com\/wp-content\/uploads\/2021\/12\/plage-tharon-pornic-1024x683.jpg 1024w, https:\/\/mirabel-renaudiere.com\/wp-content\/uploads\/2021\/12\/plage-tharon-pornic-300x200.jpg 300w, https:\/\/mirabel-renaudiere.com\/wp-content\/uploads\/2021\/12\/plage-tharon-pornic-768x512.jpg 768w, https:\/\/mirabel-renaudiere.com\/wp-content\/uploads\/2021\/12\/plage-tharon-pornic.jpg 1500w\" sizes=\"auto, (max-width: 1024px) 100vw, 1024px\" \/><\/figure><\/div>\n\n\n\n<div class=\"wp-block-media-text is-stacked-on-mobile\"><figure class=\"wp-block-media-text__media\"><img loading=\"lazy\" decoding=\"async\" width=\"600\" height=\"400\" src=\"https:\/\/mirabel-renaudiere.com\/wp-content\/uploads\/2025\/01\/plage-du-cormier-a-la-plaine-sur-mer-melanie-chaigneau-2132.jpg\" alt=\"plage du cormier la plaine sur mer water sports and swimming\" class=\"wp-image-12347 size-full\" srcset=\"https:\/\/mirabel-renaudiere.com\/wp-content\/uploads\/2025\/01\/plage-du-cormier-a-la-plaine-sur-mer-melanie-chaigneau-2132.jpg 600w, https:\/\/mirabel-renaudiere.com\/wp-content\/uploads\/2025\/01\/plage-du-cormier-a-la-plaine-sur-mer-melanie-chaigneau-2132-300x200.jpg 300w\" sizes=\"auto, (max-width: 600px) 100vw, 600px\" \/><\/figure><div class=\"wp-block-media-text__content\">\n<h3 class=\"wp-block-heading\"><strong>Plage du Cormier (La Plaine-sur-Mer): a family favourite.<\/strong><\/h3>\n\n\n\n<p>7 minutes by car or 25 minutes by bike taking <a href=\"https:\/\/mirabel-renaudiere.com\/en\/experiences\/jade-coast-by-bike\/?_gl=1*1htti5p*_ga*Mjk4NDEyNDc0LjE3MjgzMDg0MTM.*_ga_HFNNQDYS9E*MTczNzU0MjEzNi43MS4xLjE3Mzc1NDIxMzkuNTcuMC4w*_ga_81L5MS3GEK*MTczNzU0MjEzNi43Mi4xLjE3Mzc1NDIxMzkuNTcuMC4w&amp;_ga=2.261488653.1286283666.1737387323-298412474.1728308413\" target=\"_blank\" rel=\"noreferrer noopener\">la Velodyss\u00e9e by the coast<\/a>, The Plage du Cormier in La Plaine sur Mer is a favourite with families looking for activities for everyone. Its fine sand makes it a <strong>natural and pleasant spot.<\/strong> Here you can relax in peace and quiet, lying on your towel, or practise your favourite sport. <strong>a sporting activity<\/strong> of your choice. In summer, you can borrow the necessary equipment for a game of beach volleyball or table tennis. Restaurants and bars are nearby for a quick bite to eat. <strong>gourmet break<\/strong> with sea views.<\/p>\n\n\n\n<p><strong>Practical information :<\/strong> supervised bathing in summer, dogs allowed from October to May, PRM access with pullover, diving board<\/p>\n\n\n\n<p><strong>Activities : <\/strong>sailing, kitsurfing and paddle, swimming, relaxing, sport, fishing<\/p>\n<\/div><\/div>\n\n\n\n<div class=\"wp-block-media-text has-media-on-the-right is-stacked-on-mobile front-page-section grey is-style-default animate right\"><div class=\"wp-block-media-text__content\">\n<h3 class=\"wp-block-heading\"><strong>La Grande Plage de Pr\u00e9failles: the sea in the town centre not far from the campsite<\/strong><\/h3>\n\n\n\n<p>This is the nearest swimming beach to Camping Mirabel La Renaudi\u00e8re. You can walk to it along the GR8 footpath. When the tide is out, take your children along for a game of tennis. <strong>fishing <\/strong>discover the region's shellfish, or take part in a sandcastle competition! If you're planning to spend the day, there are tables set up for a picnic by the water. In summer, the <strong>beach is supervised<\/strong> and children can swim in complete safety. To make the most of this family-friendly spot, the village of Pr\u00e9failles is just a few metres away, where you'll find a restaurant, bar and shops. Staying in your <strong>seaside campsite<\/strong>, You'll be able to take full advantage of this magnificent beach, whatever the season.<\/p>\n\n\n\n<p><strong>Practical information : <\/strong>Blue flag, dogs allowed from October to May, PRM access, close to town centre.<\/p>\n\n\n\n<p><strong>Possible activities:<\/strong> swimming, beach games, fishing, hiking, water sports.<\/p>\n<\/div><figure class=\"wp-block-media-text__media\"><img loading=\"lazy\" decoding=\"async\" width=\"600\" height=\"400\" src=\"https:\/\/mirabel-renaudiere.com\/wp-content\/uploads\/2025\/01\/grande-plage-prefailles.jpg\" alt=\"grande plage de pr\u00e9failles swimming camping seaside\" class=\"wp-image-12313 size-full\" srcset=\"https:\/\/mirabel-renaudiere.com\/wp-content\/uploads\/2025\/01\/grande-plage-prefailles.jpg 600w, https:\/\/mirabel-renaudiere.com\/wp-content\/uploads\/2025\/01\/grande-plage-prefailles-300x200.jpg 300w\" sizes=\"auto, (max-width: 600px) 100vw, 600px\" \/><\/figure><\/div>\n\n\n\n<p><\/p>\n\n\n\n<p><em><strong>*Blue pavilion <\/strong>Awarded to towns and beaches that contribute to sustainable tourism development, in particular water quality.<\/em><\/p>\n\n\n\n<p><\/p>\n\n\n\n<p class=\"has-medium-font-size\"><strong>Map of beaches near the campsite<\/strong><\/p>\n\n\n\n<figure class=\"wp-block-image size-full\"><img loading=\"lazy\" decoding=\"async\" width=\"1600\" height=\"667\" src=\"https:\/\/mirabel-renaudiere.com\/wp-content\/uploads\/2023\/04\/carte-camping-proche-plages-Pornic.jpg\" alt=\"\" class=\"wp-image-12526\" srcset=\"https:\/\/mirabel-renaudiere.com\/wp-content\/uploads\/2023\/04\/carte-camping-proche-plages-Pornic.jpg 1600w, https:\/\/mirabel-renaudiere.com\/wp-content\/uploads\/2023\/04\/carte-camping-proche-plages-Pornic-300x125.jpg 300w, https:\/\/mirabel-renaudiere.com\/wp-content\/uploads\/2023\/04\/carte-camping-proche-plages-Pornic-1024x427.jpg 1024w, https:\/\/mirabel-renaudiere.com\/wp-content\/uploads\/2023\/04\/carte-camping-proche-plages-Pornic-768x320.jpg 768w, https:\/\/mirabel-renaudiere.com\/wp-content\/uploads\/2023\/04\/carte-camping-proche-plages-Pornic-1536x640.jpg 1536w\" sizes=\"auto, (max-width: 1600px) 100vw, 1600px\" \/><\/figure>\n\n\n\n<p>The Pornic region has more than 45 km of coastline. To find out more about all the beaches, visit the Tourist Office website: <a href=\"https:\/\/www.pornic.com\/plages.html\">https:\/\/www.pornic.com\/plages.html<\/a><\/p>\n\n\n\n<p><\/p>\n\n\n\n<div style=\"height:74px\" aria-hidden=\"true\" class=\"wp-block-spacer\"><\/div>\n\n\n\n<div class=\"wp-block-group is-layout-constrained wp-block-group-is-layout-constrained\">\n<div class=\"wp-block-group border border-info card is-layout-constrained wp-container-core-group-is-layout-8dd13e6d wp-block-group-is-layout-constrained\" style=\"padding-right:var(--wp--preset--spacing--60);padding-left:var(--wp--preset--spacing--60)\">\n<p><\/p>\n\n\n\n<h2 class=\"wp-block-heading has-text-align-center\"><strong>Why camping bord de me?<\/strong>r<strong> La Renaudi\u00e8re for your holidays?<\/strong><\/h2>\n\n\n\n<p><\/p>\n\n\n\n<p class=\"has-text-align-center\" style=\"margin-top:0;margin-bottom:0;padding-top:0;padding-right:0;padding-bottom:0;padding-left:0\">Located in La Plaine-sur-Mer, very close to the beaches of <strong>Pornic<\/strong> and the region, the <strong>Campsite Mirabel La Renaudi\u00e8re<\/strong> is a <strong>seaside campsite<\/strong> ideal for an unforgettable holiday. Our 4-star campsite offers all the comforts you need for a pleasant stay with family or friends.<\/p>\n\n\n\n<p class=\"has-text-align-center\">We can provide you with <strong>modern mobile homes<\/strong> and spacious pitches for tents and caravans, as well as a <strong>aquatic area<\/strong> heated pool for all the family. One of the main attractions is our <strong>outdoor swimming pool<\/strong> with its waterslides, ideal for relaxing after a day's swimming in the sea or exploring the region's beaches.<\/p>\n\n\n\n<p class=\"has-text-align-center\">Our services also include <strong>daily entertainment<\/strong> in July and August. A children's club for 6-12 year olds, sports activities for older children and a variety of activities for adults. <strong>outdoor activities<\/strong> for everyone. In the evenings, we meet in the large multi-purpose hall for <strong>entertainment for all the family<\/strong>. To make your stay even more enjoyable, we also offer a <strong>grocery<\/strong> well-supplied <strong>children's play areas<\/strong>,<strong> a snack bar <\/strong>open from May to September and the boulodromes for the traditional <strong>a game of p\u00e9tanque with friends.<\/strong><\/p>\n\n\n\n<p class=\"has-text-align-center\">By choosing our <strong>seaside campsite<\/strong> <strong>La Renaudi\u00e8re<\/strong>, Here, you can enjoy an exceptional natural setting while benefiting from modern facilities and quality service. Whether you're looking for relaxation, water sports or discovery, you'll find everything you need here to make the most of your stay.<\/p>\n\n\n\n<div class=\"wp-block-columns is-layout-flex wp-container-core-columns-is-layout-28f84493 wp-block-columns-is-layout-flex\">\n<div class=\"wp-block-column is-layout-flow wp-block-column-is-layout-flow\">\n<div class=\"wp-block-buttons alignwide is-content-justification-center is-layout-flex wp-container-core-buttons-is-layout-a89b3969 wp-block-buttons-is-layout-flex\">\n<div class=\"wp-block-button\"><a class=\"wp-block-button__link has-orange-background-color has-background wp-element-button\" href=\"https:\/\/mirabel-renaudiere.com\/en\/mobile-home-rental-rates\/\" target=\"_blank\" rel=\"noreferrer noopener\"><strong>Rent a mobile home<\/strong><\/a><\/div>\n<\/div>\n\n\n\n<figure class=\"wp-block-image size-full\"><a href=\"https:\/\/mirabel-renaudiere.com\/en\/mobile-home-rental-rates\/\" target=\"_blank\" rel=\" noreferrer noopener\"><img loading=\"lazy\" decoding=\"async\" width=\"900\" height=\"600\" src=\"https:\/\/mirabel-renaudiere.com\/wp-content\/uploads\/2022\/01\/3A6A1146.jpg\" alt=\"mobile-home 2 bedrooms 4\/5 persons camping 4 stars loire atlantique\" class=\"wp-image-8550\" srcset=\"https:\/\/mirabel-renaudiere.com\/wp-content\/uploads\/2022\/01\/3A6A1146.jpg 900w, https:\/\/mirabel-renaudiere.com\/wp-content\/uploads\/2022\/01\/3A6A1146-300x200.jpg 300w, https:\/\/mirabel-renaudiere.com\/wp-content\/uploads\/2022\/01\/3A6A1146-768x512.jpg 768w\" sizes=\"auto, (max-width: 900px) 100vw, 900px\" \/><\/a><\/figure>\n<\/div>\n\n\n\n<div class=\"wp-block-column is-layout-flow wp-block-column-is-layout-flow\">\n<div class=\"wp-block-buttons alignwide is-content-justification-center is-layout-flex wp-container-core-buttons-is-layout-a89b3969 wp-block-buttons-is-layout-flex\">\n<div class=\"wp-block-button\"><a class=\"wp-block-button__link has-orange-background-color has-background has-text-align-center wp-element-button\" href=\"https:\/\/mirabel-renaudiere.com\/en\/tariffs-for-caravan-tents\/\" target=\"_blank\" rel=\"noreferrer noopener\"><strong>Renting a pitch<\/strong><\/a><\/div>\n<\/div>\n\n\n\n<figure class=\"wp-block-image size-full\"><a href=\"https:\/\/mirabel-renaudiere.com\/en\/tariffs-for-caravan-tents\/\" target=\"_blank\" rel=\" noreferrer noopener\"><img loading=\"lazy\" decoding=\"async\" width=\"700\" height=\"470\" src=\"https:\/\/mirabel-renaudiere.com\/wp-content\/uploads\/2023\/09\/location-emplacement-camping-car-proche-pornic.jpg\" alt=\"location Emplacement camping-car proche Pornic\" class=\"wp-image-9592\" srcset=\"https:\/\/mirabel-renaudiere.com\/wp-content\/uploads\/2023\/09\/location-emplacement-camping-car-proche-pornic.jpg 700w, https:\/\/mirabel-renaudiere.com\/wp-content\/uploads\/2023\/09\/location-emplacement-camping-car-proche-pornic-300x201.jpg 300w\" sizes=\"auto, (max-width: 700px) 100vw, 700px\" \/><\/a><\/figure>\n<\/div>\n\n\n\n<div class=\"wp-block-column is-layout-flow wp-block-column-is-layout-flow\">\n<div class=\"wp-block-buttons alignwide is-content-justification-center is-layout-flex wp-container-core-buttons-is-layout-a89b3969 wp-block-buttons-is-layout-flex\">\n<div class=\"wp-block-button\"><a class=\"wp-block-button__link has-orange-background-color has-background has-text-align-center wp-element-button\" href=\"https:\/\/mirabel-renaudiere.com\/en\/second-home-pornic\/\" target=\"_blank\" rel=\"noreferrer noopener\"><strong>Buying a mobile home<\/strong><\/a><\/div>\n<\/div>\n\n\n\n<figure class=\"wp-block-image size-full is-resized\"><img loading=\"lazy\" decoding=\"async\" width=\"533\" height=\"400\" src=\"https:\/\/mirabel-renaudiere.com\/wp-content\/uploads\/2025\/10\/IMG_5810.jpg\" alt=\"used mobile home for sale near Pornic at camping La Renaudi\u00e8re\" class=\"wp-image-13140\" style=\"aspect-ratio:4\/3;object-fit:contain;width:259px;height:auto\" srcset=\"https:\/\/mirabel-renaudiere.com\/wp-content\/uploads\/2025\/10\/IMG_5810.jpg 533w, https:\/\/mirabel-renaudiere.com\/wp-content\/uploads\/2025\/10\/IMG_5810-300x225.jpg 300w\" sizes=\"auto, (max-width: 533px) 100vw, 533px\" \/><\/figure>\n<\/div>\n<\/div>\n<\/div>\n<\/div>\n\n\n\n<p><\/p>","protected":false},"excerpt":{"rendered":"<p>Camping bord de mer proche de Pornic Si vous \u00eates \u00e0 la recherche d\u2019un camping bord de mer pour vos [&hellip;]<\/p>\n","protected":false},"author":2,"featured_media":0,"parent":0,"menu_order":0,"comment_status":"closed","ping_status":"closed","template":"","meta":{"_seopress_robots_primary_cat":"","_seopress_titles_title":"Camping Bord de Mer pr\u00e8s de Pornic - La Renaudi\u00e8re","_seopress_titles_desc":"S\u00e9journez dans notre camping 4 \u00e9toiles en bord de mer avec piscine & animations. Camping familial \u00e0 deux pas des plages de Pornic, Loire Atlantique.","_seopress_robots_index":"","footnotes":""},"class_list":["post-12169","page","type-page","status-publish","hentry"],"_links":{"self":[{"href":"https:\/\/mirabel-renaudiere.com\/en\/wp-json\/wp\/v2\/pages\/12169","targetHints":{"allow":["GET"]}}],"collection":[{"href":"https:\/\/mirabel-renaudiere.com\/en\/wp-json\/wp\/v2\/pages"}],"about":[{"href":"https:\/\/mirabel-renaudiere.com\/en\/wp-json\/wp\/v2\/types\/page"}],"author":[{"embeddable":true,"href":"https:\/\/mirabel-renaudiere.com\/en\/wp-json\/wp\/v2\/users\/2"}],"replies":[{"embeddable":true,"href":"https:\/\/mirabel-renaudiere.com\/en\/wp-json\/wp\/v2\/comments?post=12169"}],"version-history":[{"count":56,"href":"https:\/\/mirabel-renaudiere.com\/en\/wp-json\/wp\/v2\/pages\/12169\/revisions"}],"predecessor-version":[{"id":13156,"href":"https:\/\/mirabel-renaudiere.com\/en\/wp-json\/wp\/v2\/pages\/12169\/revisions\/13156"}],"wp:attachment":[{"href":"https:\/\/mirabel-renaudiere.com\/en\/wp-json\/wp\/v2\/media?parent=12169"}],"curies":[{"name":"wp","href":"https:\/\/api.w.org\/{rel}","templated":true}]}}