{"id":267,"date":"2022-02-17T10:04:00","date_gmt":"2022-02-17T09:04:00","guid":{"rendered":"https:\/\/www.campinglarenaudiere.com\/?page_id=267"},"modified":"2025-11-12T12:58:15","modified_gmt":"2025-11-12T11:58:15","slug":"loire-atlantique-bretagne","status":"publish","type":"page","link":"https:\/\/mirabel-renaudiere.com\/en\/loire-atlantique-bretagne","title":{"rendered":"Loire-Atlantique"},"content":{"rendered":"<h1 class=\"wp-block-heading\" id=\"des-vacances-pour-toute-la-famille-en-loire-atlantique\">Holidays for all the family in Loire-Atlantique<\/h1>\n\n\n\n<div class=\"wp-block-media-text alignwide is-stacked-on-mobile\"><figure class=\"wp-block-media-text__media\"><img loading=\"lazy\" decoding=\"async\" width=\"1024\" height=\"683\" src=\"https:\/\/www.mirabel-renaudiere.com\/wp-content\/uploads\/2022\/02\/plage-couple-balade-Re\u0301cupe\u0301re\u0301-1024x683.jpg\" alt=\"\" class=\"wp-image-4507 size-full\" srcset=\"https:\/\/mirabel-renaudiere.com\/wp-content\/uploads\/2022\/02\/plage-couple-balade-Re\u0301cupe\u0301re\u0301-1024x683.jpg 1024w, https:\/\/mirabel-renaudiere.com\/wp-content\/uploads\/2022\/02\/plage-couple-balade-Re\u0301cupe\u0301re\u0301-300x200.jpg 300w, https:\/\/mirabel-renaudiere.com\/wp-content\/uploads\/2022\/02\/plage-couple-balade-Re\u0301cupe\u0301re\u0301-768x512.jpg 768w, https:\/\/mirabel-renaudiere.com\/wp-content\/uploads\/2022\/02\/plage-couple-balade-Re\u0301cupe\u0301re\u0301-1536x1024.jpg 1536w, https:\/\/mirabel-renaudiere.com\/wp-content\/uploads\/2022\/02\/plage-couple-balade-Re\u0301cupe\u0301re\u0301-2048x1365.jpg 2048w\" sizes=\"auto, (max-width: 1024px) 100vw, 1024px\" \/><\/figure><div class=\"wp-block-media-text__content\">\n<h2 class=\"wp-block-heading\" id=\"une-diversite-d-activites-pour-tous-les-ages\">A wealth of tourist activities for everyone<\/h2>\n\n\n\n<figure class=\"wp-block-image size-full is-style-default\"><img decoding=\"async\" src=\"https:\/\/www.mirabel-renaudiere.com\/wp-content\/uploads\/2022\/01\/barre-bleue.png\" alt=\"\" class=\"wp-image-2382\"\/><\/figure>\n\n\n\n<p>The destination <a href=\"https:\/\/tourisme-loireatlantique.com\/\"><strong>Loire Atlantique<\/strong><\/a> for your holidays, weekends or short breaks at <strong>Campsite Mirabel La Renaudi\u00e8re<\/strong> is ideal if you want to spend time with your family. It has a <strong>landscape and a rich heritage<\/strong> that will appeal to young and old alike. Close to La Plaine sur Mer or a few kilometres further, from <strong>numerous activities <\/strong>are on offer, to be enjoyed solo or in a group! Whether you prefer the seaside, a city atmosphere or the countryside, you'll be spoilt for choice in no time, and all you'll want to do is come back as soon as possible, so don't delay! <a href=\"https:\/\/reservation.secureholiday.net\/fr\/16565\/\" target=\"_blank\" rel=\"noreferrer noopener\">book your next holiday<\/a> at home! Here's a brief overview of what's on and what's not. <strong>Things to do in Loire-Atlantique<\/strong> ! <\/p>\n\n\n\n<figure class=\"wp-block-image alignright size-full is-resized\"><img loading=\"lazy\" decoding=\"async\" width=\"320\" height=\"339\" src=\"https:\/\/www.mirabel-renaudiere.com\/wp-content\/uploads\/2022\/01\/transat.png\" alt=\"\" class=\"wp-image-1719\" style=\"width:80px;height:85px\" srcset=\"https:\/\/mirabel-renaudiere.com\/wp-content\/uploads\/2022\/01\/transat.png 320w, https:\/\/mirabel-renaudiere.com\/wp-content\/uploads\/2022\/01\/transat-283x300.png 283w\" sizes=\"auto, (max-width: 320px) 100vw, 320px\" \/><\/figure>\n<\/div><\/div>\n\n\n\n<p><\/p>\n\n\n\n<div class=\"wp-block-media-text alignwide has-media-on-the-right is-stacked-on-mobile front-page-section grey animate right\"><div class=\"wp-block-media-text__content\">\n<p><\/p>\n\n\n\n<h2 class=\"wp-block-heading\" id=\"de-saint-nazaire-a-guerande-la-bretagne-sud-dans-toute-sa-splendeur\">From Saint-Nazaire to Gu\u00e9rande - The beauty of Southern Brittany!<\/h2>\n\n\n\n<figure class=\"wp-block-image size-full\"><img decoding=\"async\" src=\"https:\/\/www.mirabel-renaudiere.com\/wp-content\/uploads\/2022\/01\/barre-bleue.png\" alt=\"\" class=\"wp-image-2382\"\/><\/figure>\n\n\n\n<p><\/p>\n\n\n\n<p>As you make your way up to Saint-Nazaire, you'll discover the beauty and evolution of this town, now considered the world's largest.<strong>he Atlantic Gateway<\/strong>. The seafront, the shipyards where you can spot the \u00abgiants of the seas\u00bb, the <strong>botanical garden<\/strong> or the <strong>visit to an ocean liner <\/strong>or a submarine, that's what Saint-Nazaire has to offer.<\/p>\n\n\n\n<p>As you continue on your way, don't miss the longest beach in Europe: La Baule. Take off your shoes and feel the <strong>fine sand<\/strong> or take the coastal avenue and let yourself be carried away by this small seaside resort typical of the 20th century.<\/p>\n\n\n\n<p>Last but not least, don't leave the region without visiting <strong><a href=\"https:\/\/www.ville-guerande.fr\/\">Gu\u00e9rande<\/a>, the salt capital<\/strong>. There are many salt marshes to discover in the area. You can learn about the different stages in the processing of salt. But Gu\u00e9rande is also a <strong>medieval city<\/strong> where the ramparts and the heart of the town are unique! Don't hesitate to stop off here on your holiday at La Renaudi\u00e8re after a short visit to the town centre. <a href=\"https:\/\/mirabel-renaudiere.com\/en\/sports-and-leisure-activities\/\" target=\"_blank\" rel=\"noreferrer noopener\">game of p\u00e9tanque<\/a>, less than an hour from the campsite.<\/p>\n\n\n\n<p><\/p>\n<\/div><figure class=\"wp-block-media-text__media\"><img loading=\"lazy\" decoding=\"async\" width=\"1024\" height=\"683\" src=\"https:\/\/www.mirabel-renaudiere.com\/wp-content\/uploads\/2022\/02\/guerande-marais-salant-1024x683.jpg\" alt=\"\" class=\"wp-image-4532 size-full\" srcset=\"https:\/\/mirabel-renaudiere.com\/wp-content\/uploads\/2022\/02\/guerande-marais-salant-1024x683.jpg 1024w, https:\/\/mirabel-renaudiere.com\/wp-content\/uploads\/2022\/02\/guerande-marais-salant-300x200.jpg 300w, https:\/\/mirabel-renaudiere.com\/wp-content\/uploads\/2022\/02\/guerande-marais-salant-768x512.jpg 768w, https:\/\/mirabel-renaudiere.com\/wp-content\/uploads\/2022\/02\/guerande-marais-salant-1536x1024.jpg 1536w, https:\/\/mirabel-renaudiere.com\/wp-content\/uploads\/2022\/02\/guerande-marais-salant-2048x1365.jpg 2048w\" sizes=\"auto, (max-width: 1024px) 100vw, 1024px\" \/><\/figure><\/div>\n\n\n\n<div class=\"wp-block-media-text alignwide is-stacked-on-mobile\"><figure class=\"wp-block-media-text__media\"><img loading=\"lazy\" decoding=\"async\" width=\"1024\" height=\"683\" src=\"https:\/\/www.mirabel-renaudiere.com\/wp-content\/uploads\/2022\/02\/nantes-machines-ile-1-1024x683.jpg\" alt=\"\" class=\"wp-image-4499 size-full\" srcset=\"https:\/\/mirabel-renaudiere.com\/wp-content\/uploads\/2022\/02\/nantes-machines-ile-1-1024x683.jpg 1024w, https:\/\/mirabel-renaudiere.com\/wp-content\/uploads\/2022\/02\/nantes-machines-ile-1-300x200.jpg 300w, https:\/\/mirabel-renaudiere.com\/wp-content\/uploads\/2022\/02\/nantes-machines-ile-1-768x512.jpg 768w, https:\/\/mirabel-renaudiere.com\/wp-content\/uploads\/2022\/02\/nantes-machines-ile-1-1536x1024.jpg 1536w, https:\/\/mirabel-renaudiere.com\/wp-content\/uploads\/2022\/02\/nantes-machines-ile-1-2048x1365.jpg 2048w\" sizes=\"auto, (max-width: 1024px) 100vw, 1024px\" \/><\/figure><div class=\"wp-block-media-text__content\">\n<h2 class=\"wp-block-heading\" id=\"nantes-entre-petits-plaisirs-et-balades-historiques\">Visit Nantes, its history and culture<\/h2>\n\n\n\n<figure class=\"wp-block-image size-full is-style-default\"><img decoding=\"async\" src=\"https:\/\/www.mirabel-renaudiere.com\/wp-content\/uploads\/2022\/01\/barre-bleue.png\" alt=\"\" class=\"wp-image-2382\"\/><\/figure>\n\n\n\n<p>It's impossible to come on holiday to the Loire Atlantique without visiting the magnificent <a href=\"https:\/\/www.nantes-tourisme.com\/fr\"><strong>city of Nantes<\/strong><\/a>&nbsp;!  For <strong>history buffs<\/strong>, stop at the <a href=\"https:\/\/www.chateaunantes.fr\/\"><strong>Castle of the Dukes of Brittany<\/strong><\/a> in the heart of the city and explore the ramparts and courtyard. For those who wish to extend their visit, the Museum of the History of Nantes, located within the Ch\u00e2teau, is open all year round.<\/p>\n\n\n\n<p>Discover also \u00ab&nbsp;<strong>The trip to Nantes<\/strong>&nbsp;\u00bbMore than 20km of trails to discover the destination's must-see attractions and remarkable features. Follow the green line on the ground and let yourself be guided!<\/p>\n\n\n\n<p>Fancy browsing the shops and having a drink? Visit <strong>Bouffay district <\/strong>There are plenty of little shops, restaurants and bars to suit all tastes. To continue your visit, continue on to the Passage Pommeraye, where you'll find a number of shops with sumptuous ornaments, statues and sculptures in their windows!<\/p>\n\n\n\n<p>Finally, for those who dream of seeing the big picture: don't leave without visiting the\u2019<strong>\u00cele de Nantes and its Machines.<\/strong> There, you can climb aboard the Giant Elephant or the Carrousel of the Marine Worlds for a unique experience.<\/p>\n<\/div><\/div>\n\n\n\n<p class=\"has-text-align-center texte-rond mt-5 has-large-font-size\">Discover the campsite<\/p>\n\n\n\n<div class=\"wp-block-columns are-vertically-aligned-center h-20 front-page-section grey is-layout-flex wp-container-core-columns-is-layout-28f84493 wp-block-columns-is-layout-flex\">\n<div class=\"wp-block-column is-layout-flow wp-block-column-is-layout-flow\"><\/div>\n\n\n\n<div class=\"wp-block-column is-layout-flow wp-block-column-is-layout-flow\">\n<div class=\"wp-block-create-block-sevgutenberg-navigation\"><aside class=\"encart-sev-navigation small carre\"><a href=\"https:\/\/mirabel-renaudiere.com\/en\/mobile-home-rental-rates\/\" class=\"d-flex flex-column align-items-center\"><div class=\"encart-title\"><span>Mobile homes<\/span><\/div><div class=\"vague\"><\/div><img decoding=\"async\" src=\"https:\/\/www.mirabel-renaudiere.com\/wp-content\/uploads\/2023\/04\/mobil-home-location-vacances-plaien-sur-mer.jpg\" alt=\"mobile home rental pornic\"\/><div class=\"ligne\"><\/div><div class=\"hover\"><\/div><\/a><\/aside><\/div>\n<\/div>\n\n\n\n<div class=\"wp-block-column is-vertically-aligned-center is-layout-flow wp-block-column-is-layout-flow\">\n<div class=\"wp-block-create-block-sevgutenberg-navigation\"><aside class=\"encart-sev-navigation small carre\"><a href=\"https:\/\/mirabel-renaudiere.com\/en\/swimming-pool-aquatic-area\/\" class=\"d-flex flex-column align-items-center\"><div class=\"encart-title\"><span>Swimming pools<\/span><\/div><div class=\"vague\"><\/div><img decoding=\"async\" src=\"https:\/\/mirabel-renaudiere.com\/wp-content\/uploads\/2025\/07\/encart-piscine-camping.jpg\" alt=\"swimming pool la plaine sur mer camping\"\/><div class=\"ligne\"><\/div><div class=\"hover\"><\/div><\/a><\/aside><\/div>\n<\/div>\n\n\n\n<div class=\"wp-block-column is-vertically-aligned-center is-layout-flow wp-block-column-is-layout-flow\">\n<div class=\"wp-block-create-block-sevgutenberg-navigation\"><aside class=\"encart-sev-navigation small carre\"><a href=\"https:\/\/mirabel-renaudiere.com\/en\/tariffs-for-caravan-tents\/\" class=\"d-flex flex-column align-items-center\"><div class=\"encart-title\"><span>Pitches<\/span><\/div><div class=\"vague\"><\/div><img decoding=\"async\" src=\"https:\/\/www.mirabel-renaudiere.com\/wp-content\/uploads\/2021\/12\/emplacement-tente-camping.jpg\" alt=\"camping tent pitch\"\/><div class=\"ligne\"><\/div><div class=\"hover\"><\/div><\/a><\/aside><\/div>\n<\/div>\n\n\n\n<div class=\"wp-block-column is-layout-flow wp-block-column-is-layout-flow\"><\/div>\n<\/div>","protected":false},"excerpt":{"rendered":"<p>Des vacances pour toute la famille en Loire-Atlantique A d\u00e9couvrir au camping<\/p>","protected":false},"author":1,"featured_media":0,"parent":0,"menu_order":0,"comment_status":"closed","ping_status":"closed","template":"","meta":{"_seopress_robots_primary_cat":"","_seopress_titles_title":"Tourisme \u00e0 visiter Loire Atlantique Bretagne sud Nantes","_seopress_titles_desc":"Pendant votre s\u00e9jour au camping La Renaudi\u00e8re pr\u00e8s de Pornic, quelques exemples de destinations touristiques \u00e0 visiter en Loire-Atlantique","_seopress_robots_index":"","footnotes":""},"class_list":["post-267","page","type-page","status-publish","hentry"],"_links":{"self":[{"href":"https:\/\/mirabel-renaudiere.com\/en\/wp-json\/wp\/v2\/pages\/267","targetHints":{"allow":["GET"]}}],"collection":[{"href":"https:\/\/mirabel-renaudiere.com\/en\/wp-json\/wp\/v2\/pages"}],"about":[{"href":"https:\/\/mirabel-renaudiere.com\/en\/wp-json\/wp\/v2\/types\/page"}],"author":[{"embeddable":true,"href":"https:\/\/mirabel-renaudiere.com\/en\/wp-json\/wp\/v2\/users\/1"}],"replies":[{"embeddable":true,"href":"https:\/\/mirabel-renaudiere.com\/en\/wp-json\/wp\/v2\/comments?post=267"}],"version-history":[{"count":43,"href":"https:\/\/mirabel-renaudiere.com\/en\/wp-json\/wp\/v2\/pages\/267\/revisions"}],"predecessor-version":[{"id":13181,"href":"https:\/\/mirabel-renaudiere.com\/en\/wp-json\/wp\/v2\/pages\/267\/revisions\/13181"}],"wp:attachment":[{"href":"https:\/\/mirabel-renaudiere.com\/en\/wp-json\/wp\/v2\/media?parent=267"}],"curies":[{"name":"wp","href":"https:\/\/api.w.org\/{rel}","templated":true}]}}