{"id":43,"date":"2021-12-10T14:15:21","date_gmt":"2021-12-10T13:15:21","guid":{"rendered":"https:\/\/www.campinglarenaudiere.com\/?page_id=43"},"modified":"2024-06-21T10:07:59","modified_gmt":"2024-06-21T08:07:59","slug":"sports-and-leisure-activities","status":"publish","type":"page","link":"https:\/\/mirabel-renaudiere.com\/en\/activites-sports-loisirs","title":{"rendered":"Sports and leisure"},"content":{"rendered":"<h1 class=\"wp-block-heading\" id=\"faites-le-plein-d-activites-au-camping-la-renaudiere\">Sports fields and playgrounds at La Plaine-sur-Mer<\/h1>\n\n\n\n<p class=\"has-text-align-center has-medium-font-size\"><strong>A campsite with special areas for children<\/strong><\/p>\n\n\n\n<p class=\"has-text-align-center\">Our Mirabel La Renaudi\u00e8re campsite, located close to the beaches, has a wide range of facilities so that all members of the family can enjoy their favourite holiday activity.<\/p>\n\n\n\n<figure class=\"wp-block-image aligncenter size-full\"><img decoding=\"async\" src=\"https:\/\/www.mirabel-renaudiere.com\/wp-content\/uploads\/2022\/01\/barre-bleue.png\" alt=\"\" class=\"wp-image-2382\"\/><\/figure>\n\n\n\n<div class=\"wp-block-media-text alignwide has-media-on-the-right is-stacked-on-mobile\" style=\"grid-template-columns:auto 45%\"><div class=\"wp-block-media-text__content\">\n<h2 class=\"wp-block-heading\" id=\"des-activites-de-vacances-en-plein-air\">Outdoor holiday activities at the campsite&nbsp;<\/h2>\n\n\n\n<figure class=\"wp-block-image size-full\"><img decoding=\"async\" src=\"https:\/\/www.mirabel-renaudiere.com\/wp-content\/uploads\/2022\/01\/barre-bleue.png\" alt=\"\" class=\"wp-image-2382\"\/><\/figure>\n\n\n\n<ul class=\"wp-block-list\">\n<li><strong>Play area for children<\/strong> with a tree house, slides, swings, trampoline and bouncy castle for ages 2 to 12.<\/li>\n\n\n\n<li><strong>Multi-sports pitch for teenagers<\/strong>&nbsp;Football, handball, basketball, badminton, tennis and volleyball.<\/li>\n\n\n\n<li><strong>Home-ball pitch<\/strong>&nbsp;Football handball in teams of 3.<\/li>\n\n\n\n<li>From <strong>games to borrow <\/strong>at reception: M\u00f6lkky, table tennis rackets, petanque balls<\/li>\n<\/ul>\n<\/div><figure class=\"wp-block-media-text__media\"><img loading=\"lazy\" decoding=\"async\" width=\"600\" height=\"400\" src=\"https:\/\/www.mirabel-renaudiere.com\/wp-content\/uploads\/2023\/01\/aire-jeux-balancoire-enfants.jpg\" alt=\"children&#039;s play area slides swings\" class=\"wp-image-6742 size-full\" srcset=\"https:\/\/mirabel-renaudiere.com\/wp-content\/uploads\/2023\/01\/aire-jeux-balancoire-enfants.jpg 600w, https:\/\/mirabel-renaudiere.com\/wp-content\/uploads\/2023\/01\/aire-jeux-balancoire-enfants-300x200.jpg 300w\" sizes=\"auto, (max-width: 600px) 100vw, 600px\" \/><\/figure><\/div>\n\n\n\n<div style=\"height:14px\" aria-hidden=\"true\" class=\"wp-block-spacer\"><\/div>\n\n\n\n<div class=\"wp-block-media-text alignwide is-stacked-on-mobile\"><figure class=\"wp-block-media-text__media\"><img loading=\"lazy\" decoding=\"async\" width=\"600\" height=\"450\" src=\"https:\/\/www.mirabel-renaudiere.com\/wp-content\/uploads\/2023\/01\/Petanque-boulodrome-ete.jpg\" alt=\"p\u00e9tanque jeu boulodrome summer holidays\" class=\"wp-image-6746 size-full\" srcset=\"https:\/\/mirabel-renaudiere.com\/wp-content\/uploads\/2023\/01\/Petanque-boulodrome-ete.jpg 600w, https:\/\/mirabel-renaudiere.com\/wp-content\/uploads\/2023\/01\/Petanque-boulodrome-ete-300x225.jpg 300w\" sizes=\"auto, (max-width: 600px) 100vw, 600px\" \/><\/figure><div class=\"wp-block-media-text__content\">\n<h2 class=\"wp-block-heading\">Daily p\u00e9tanque tournaments<\/h2>\n\n\n\n<p>On holiday, your children can have fun and make new friends on the playground and in the play area.<strong> sports ground.<\/strong><br>While some people sit quietly on the edge of the <a href=\"https:\/\/mirabel-renaudiere.com\/en\/swimming-pool-aquatic-area\/\">the pool<\/a>, others can let off steam at the <strong>traditional camping sport<\/strong>\u00a0Petanque, of course. Our 4 courts on the boulodrome are lit until 11pm in summer, so you can enjoy them even in the evening.<\/p>\n\n\n\n<p>If you prefer team sports, come and pick up a <strong>ball on the ground <\/strong>for a game of basketball, volleyball or football.<br>We are also <strong>a wide range of games<\/strong> which you can borrow from reception, so come and see us!<\/p>\n\n\n\n<figure class=\"wp-block-image size-full is-resized has-custom-border\"><img loading=\"lazy\" decoding=\"async\" width=\"163\" height=\"93\" src=\"https:\/\/www.mirabel-renaudiere.com\/wp-content\/uploads\/2022\/01\/tennis.png\" alt=\"sporting activities: p\u00e9tanque\" class=\"wp-image-2323\" style=\"border-style:none;border-width:0px;width:97px;height:55px\"\/><\/figure>\n<\/div><\/div>\n\n\n\n<div class=\"wp-block-media-text alignwide has-media-on-the-right is-stacked-on-mobile front-page-section grey\"><div class=\"wp-block-media-text__content\">\n<p class=\"texte-rond has-orange-color has-text-color\" style=\"font-size:32px\">Indoor games for grey days<\/p>\n\n\n\n<p>Yes, on holiday we like to bask in the sun, but we're well aware that there will (perhaps) be a few days without UV rays. So to share some <strong>family time<\/strong> and<strong> with friends <\/strong>when it rains, we've got just what you need!<\/p>\n\n\n\n<figure class=\"wp-block-image alignright size-full is-resized\"><img loading=\"lazy\" decoding=\"async\" width=\"320\" height=\"281\" src=\"https:\/\/www.mirabel-renaudiere.com\/wp-content\/uploads\/2022\/01\/livre.png\" alt=\"\" class=\"wp-image-1892\" style=\"width:80px;height:70px\" srcset=\"https:\/\/mirabel-renaudiere.com\/wp-content\/uploads\/2022\/01\/livre.png 320w, https:\/\/mirabel-renaudiere.com\/wp-content\/uploads\/2022\/01\/livre-300x263.png 300w\" sizes=\"auto, (max-width: 320px) 100vw, 320px\" \/><\/figure>\n\n\n\n<p><strong>Indoor games room<\/strong> with billiards, table football, arcade games, pinball, shuffleboard and table tennis.<\/p>\n\n\n\n<p>From <strong>games to borrow <\/strong>at the campsite reception: board games, card games, books...<\/p>\n<\/div><figure class=\"wp-block-media-text__media\"><img loading=\"lazy\" decoding=\"async\" width=\"1024\" height=\"683\" src=\"https:\/\/www.mirabel-renaudiere.com\/wp-content\/uploads\/2023\/04\/salle-de-jeux-interieure-1024x683.jpg\" alt=\"table football at the campsite\" class=\"wp-image-635 size-full\" srcset=\"https:\/\/mirabel-renaudiere.com\/wp-content\/uploads\/2023\/04\/salle-de-jeux-interieure-1024x683.jpg 1024w, https:\/\/mirabel-renaudiere.com\/wp-content\/uploads\/2023\/04\/salle-de-jeux-interieure-300x200.jpg 300w, https:\/\/mirabel-renaudiere.com\/wp-content\/uploads\/2023\/04\/salle-de-jeux-interieure-768x512.jpg 768w, https:\/\/mirabel-renaudiere.com\/wp-content\/uploads\/2023\/04\/salle-de-jeux-interieure.jpg 1200w\" sizes=\"auto, (max-width: 1024px) 100vw, 1024px\" \/><\/figure><\/div>\n\n\n\n<p class=\"has-text-align-center texte-rond mt-5 has-large-font-size\">Discover the campsite<\/p>\n\n\n\n<div class=\"wp-block-columns h-20 front-page-section grey is-layout-flex wp-container-core-columns-is-layout-28f84493 wp-block-columns-is-layout-flex\">\n<div class=\"wp-block-column is-layout-flow wp-block-column-is-layout-flow\"><\/div>\n\n\n\n<div class=\"wp-block-column is-layout-flow wp-block-column-is-layout-flow\">\n<div class=\"wp-block-create-block-sevgutenberg-navigation\"><aside class=\"encart-sev-navigation small carre\"><a href=\"https:\/\/mirabel-renaudiere.com\/en\/activities-events-evenings\/\" class=\"d-flex flex-column align-items-center\"><div class=\"encart-title\"><span>Kids Club<\/span><\/div><div class=\"vague\"><\/div><img decoding=\"async\" src=\"https:\/\/mirabel-renaudiere.com\/wp-content\/uploads\/2023\/04\/club-enfant-animations.jpg\" alt=\"Children&#039;s club leader\"\/><div class=\"ligne\"><\/div><div class=\"hover\"><\/div><\/a><\/aside><\/div>\n<\/div>\n\n\n\n<div class=\"wp-block-column is-layout-flow wp-block-column-is-layout-flow\">\n<div class=\"wp-block-create-block-sevgutenberg-navigation\"><aside class=\"encart-sev-navigation small carre\"><a href=\"https:\/\/mirabel-renaudiere.com\/en\/good-addresses-links\/\" class=\"d-flex flex-column align-items-center\"><div class=\"encart-title\"><span>Campsite ticket office<\/span><\/div><div class=\"vague\"><\/div><img decoding=\"async\" src=\"https:\/\/mirabel-renaudiere.com\/wp-content\/uploads\/2021\/12\/zoo-animaux-girafe.jpg\" alt=\"the animals of Plan\u00e8te Sauvage\"\/><div class=\"ligne\"><\/div><div class=\"hover\"><\/div><\/a><\/aside><\/div>\n<\/div>\n\n\n\n<div class=\"wp-block-column is-layout-flow wp-block-column-is-layout-flow\">\n<div class=\"wp-block-create-block-sevgutenberg-navigation\"><aside class=\"encart-sev-navigation small carre\"><a href=\"https:\/\/mirabel-renaudiere.com\/en\/experiences\/\" class=\"d-flex flex-column align-items-center\"><div class=\"encart-title\"><span>Experiences<\/span><\/div><div class=\"vague\"><\/div><img decoding=\"async\" src=\"https:\/\/mirabel-renaudiere.com\/wp-content\/uploads\/2021\/12\/pecherie-tharon-plage-1.jpg\" alt=\"Tharon beach fishery\"\/><div class=\"ligne\"><\/div><div class=\"hover\"><\/div><\/a><\/aside><\/div>\n<\/div>\n\n\n\n<div class=\"wp-block-column is-layout-flow wp-block-column-is-layout-flow\"><\/div>\n<\/div>\n\n\n\n<div class=\"wp-block-group is-layout-flow wp-block-group-is-layout-flow\">\n<figure class=\"wp-block-image aligncenter size-large is-resized mt-5\"><img decoding=\"async\" src=\"https:\/\/www.mirabel-renaudiere.com\/wp-content\/uploads\/2022\/01\/photo-1024x84.png\" alt=\"photo gallery\" class=\"wp-image-2371\" style=\"width:768px;height:63px\"\/><\/figure>\n\n\n\t\t\t<div id=\"sevgallery-407325708\" class=\"sev-diaporama sev-diaporama-portfolio\">\r\n\t\t\t\t<div class=\"row\">\r\n\r\n\t\t\t\t\t\r\n\t\t\t\t\t\t\r\n\t\t\t\t\t\t<div class=\"sev-diaporama-portfolio-item    col-12 col-md\">\r\n\t\t\t\t\t\t\t<a href=\"https:\/\/mirabel-renaudiere.com\/wp-content\/uploads\/2021\/12\/petanque-boulodrome-camping-1024x667.jpg\" data-lightbox=\"sevgallery-407325708\" style=\"background-image: url(https:\/\/mirabel-renaudiere.com\/wp-content\/uploads\/2021\/12\/petanque-boulodrome-camping-1024x667.jpg)\">\r\n\t\t\t\t\t\t\t\t<img decoding=\"async\" src=\"https:\/\/mirabel-renaudiere.com\/wp-content\/uploads\/2021\/12\/petanque-boulodrome-camping-1024x667.jpg\" alt=\"p\u00e9tanque at the campsite\" loading=\"lazy\">\r\n\t\t\t\t\t\t\t\t\t\t\t\t\t\t\t<\/a>\r\n\t\t\t\t\t\t<\/div>\r\n\r\n\t\t\t\t\t\t\r\n\t\t\t\t\t\t\t\t\t\t\t\t\t\t\t\t\t\r\n\t\t\t\t\t\t\r\n\t\t\t\t\t\t<div class=\"sev-diaporama-portfolio-item    col-12 col-md  col-grow\">\r\n\t\t\t\t\t\t\t<a href=\"https:\/\/mirabel-renaudiere.com\/wp-content\/uploads\/2023\/04\/salle-de-jeux-interieure-1024x683.jpg\" data-lightbox=\"sevgallery-407325708\" style=\"background-image: url(https:\/\/mirabel-renaudiere.com\/wp-content\/uploads\/2023\/04\/salle-de-jeux-interieure-1024x683.jpg)\">\r\n\t\t\t\t\t\t\t\t<img decoding=\"async\" src=\"https:\/\/mirabel-renaudiere.com\/wp-content\/uploads\/2023\/04\/salle-de-jeux-interieure-1024x683.jpg\" alt=\"table football at the campsite\" loading=\"lazy\">\r\n\t\t\t\t\t\t\t\t\t\t\t\t\t\t\t<\/a>\r\n\t\t\t\t\t\t<\/div>\r\n\r\n\t\t\t\t\t\t\r\n\t\t\t\t\t\t\t\t\t\t\t\t\t\t\t\t\t\r\n\t\t\t\t\t\t\r\n\t\t\t\t\t\t<div class=\"sev-diaporama-portfolio-item    col-12 col-md  col-shrink\">\r\n\t\t\t\t\t\t\t<a href=\"https:\/\/mirabel-renaudiere.com\/wp-content\/uploads\/2024\/01\/structure-gonflable-jeu-enfant.jpg\" data-lightbox=\"sevgallery-407325708\" style=\"background-image: url(https:\/\/mirabel-renaudiere.com\/wp-content\/uploads\/2024\/01\/structure-gonflable-jeu-enfant.jpg)\">\r\n\t\t\t\t\t\t\t\t<img decoding=\"async\" src=\"https:\/\/mirabel-renaudiere.com\/wp-content\/uploads\/2024\/01\/structure-gonflable-jeu-enfant.jpg\" alt=\"inflatable games for children\" loading=\"lazy\">\r\n\t\t\t\t\t\t\t\t\t\t\t\t\t\t\t<\/a>\r\n\t\t\t\t\t\t<\/div>\r\n\r\n\t\t\t\t\t\t\r\n\t\t\t\t\t\t\t\t\t\t\t\t\t\t\t\t\t\r\n\t\t\t\t\t\t\r\n\t\t\t\t\t\t<div class=\"sev-diaporama-portfolio-item    col-12 col-md\">\r\n\t\t\t\t\t\t\t<a href=\"https:\/\/mirabel-renaudiere.com\/wp-content\/uploads\/2024\/01\/boulodrome-terrain-petanque.jpg\" data-lightbox=\"sevgallery-407325708\" style=\"background-image: url(https:\/\/mirabel-renaudiere.com\/wp-content\/uploads\/2024\/01\/boulodrome-terrain-petanque.jpg)\">\r\n\t\t\t\t\t\t\t\t<img decoding=\"async\" src=\"https:\/\/mirabel-renaudiere.com\/wp-content\/uploads\/2024\/01\/boulodrome-terrain-petanque.jpg\" alt=\"p\u00e9tanque ground boulodrome\" loading=\"lazy\">\r\n\t\t\t\t\t\t\t\t\t\t\t\t\t\t\t<\/a>\r\n\t\t\t\t\t\t<\/div>\r\n\r\n\t\t\t\t\t\t\t\t\t\t\t\t\t<div class=\"w-100\"><\/div>\r\n\t\t\t\t\t\t\t\t\t\t\t\t\t\r\n\t\t\t\t\t\t\t\t\t\t\t\t\t\t\t\t\t\r\n\t\t\t\t\t\t\r\n\t\t\t\t\t\t<div class=\"sev-diaporama-portfolio-item    col-12 col-md  col-shrink\">\r\n\t\t\t\t\t\t\t<a href=\"https:\/\/mirabel-renaudiere.com\/wp-content\/uploads\/2024\/01\/balancoire-jeux-enfants.jpg\" data-lightbox=\"sevgallery-407325708\" style=\"background-image: url(https:\/\/mirabel-renaudiere.com\/wp-content\/uploads\/2024\/01\/balancoire-jeux-enfants.jpg)\">\r\n\t\t\t\t\t\t\t\t<img decoding=\"async\" src=\"https:\/\/mirabel-renaudiere.com\/wp-content\/uploads\/2024\/01\/balancoire-jeux-enfants.jpg\" alt=\"children&#039;s swing camping\" loading=\"lazy\">\r\n\t\t\t\t\t\t\t\t\t\t\t\t\t\t\t<\/a>\r\n\t\t\t\t\t\t<\/div>\r\n\r\n\t\t\t\t\t\t\r\n\t\t\t\t\t\t\t\t\t\t\t\t\t\t\t\t\t\r\n\t\t\t\t\t\t\r\n\t\t\t\t\t\t<div class=\"sev-diaporama-portfolio-item    col-12 col-md  col-shrink\">\r\n\t\t\t\t\t\t\t<a href=\"https:\/\/mirabel-renaudiere.com\/wp-content\/uploads\/2024\/01\/aire-de-jeux-enfants.jpg\" data-lightbox=\"sevgallery-407325708\" style=\"background-image: url(https:\/\/mirabel-renaudiere.com\/wp-content\/uploads\/2024\/01\/aire-de-jeux-enfants.jpg)\">\r\n\t\t\t\t\t\t\t\t<img decoding=\"async\" src=\"https:\/\/mirabel-renaudiere.com\/wp-content\/uploads\/2024\/01\/aire-de-jeux-enfants.jpg\" alt=\"inflatable games for children\" loading=\"lazy\">\r\n\t\t\t\t\t\t\t\t\t\t\t\t\t\t\t<\/a>\r\n\t\t\t\t\t\t<\/div>\r\n\r\n\t\t\t\t\t\t\r\n\t\t\t\t\t\t\t\t\t\t\t\t\t\t\t\t\t\r\n\t\t\t\t\t\t\r\n\t\t\t\t\t\t<div class=\"sev-diaporama-portfolio-item    col-12 col-md  col-grow\">\r\n\t\t\t\t\t\t\t<a href=\"https:\/\/mirabel-renaudiere.com\/wp-content\/uploads\/2024\/01\/aire-de-jeux-enfants-sable.jpg\" data-lightbox=\"sevgallery-407325708\" style=\"background-image: url(https:\/\/mirabel-renaudiere.com\/wp-content\/uploads\/2024\/01\/aire-de-jeux-enfants-sable.jpg)\">\r\n\t\t\t\t\t\t\t\t<img decoding=\"async\" src=\"https:\/\/mirabel-renaudiere.com\/wp-content\/uploads\/2024\/01\/aire-de-jeux-enfants-sable.jpg\" alt=\"children&#039;s sandpit\" loading=\"lazy\">\r\n\t\t\t\t\t\t\t\t\t\t\t\t\t\t\t<\/a>\r\n\t\t\t\t\t\t<\/div>\r\n\r\n\t\t\t\t\t\t\r\n\t\t\t\t\t\t\t\t\t\t\t\t\t\t\t\t\t\r\n\t\t\t\t\t\t\r\n\t\t\t\t\t\t<div class=\"sev-diaporama-portfolio-item  limitsm  col-12 col-md  last-visible\">\r\n\t\t\t\t\t\t\t<a href=\"https:\/\/mirabel-renaudiere.com\/en\/photos-camping-renaudiere\"  style=\"background-image: url(https:\/\/mirabel-renaudiere.com\/wp-content\/uploads\/2022\/01\/galerie-photo.png)\">\r\n\t\t\t\t\t\t\t\t<img decoding=\"async\" src=\"https:\/\/mirabel-renaudiere.com\/wp-content\/uploads\/2022\/01\/galerie-photo.png\" alt=\"photo gallery\" loading=\"lazy\">\r\n\t\t\t\t\t\t\t\t\t\t\t\t\t\t\t\t\t<img decoding=\"async\" src=\"https:\/\/mirabel-renaudiere.com\/wp-content\/themes\/renaudiere\/assets\/img\/voir-photos.png\" alt=\"\" \/>\r\n\t\t\t\t\t\t\t\t\t<span>View all photos<\/span>\r\n\t\t\t\t\t\t\t\t\t\t\t\t\t\t\t<\/a>\r\n\t\t\t\t\t\t<\/div>\r\n\r\n\t\t\t\t\t\t\t\t\t\t\t\t\t<div class=\"w-100\"><\/div>\r\n\t\t\t\t\t\t\t\t\t\t\t\t\t\r\n\t\t\t\t\t\t\t\t\t\t\t\t\t\t\t\t\t\t\t\t\t<\/div>\r\n\t\t\t<\/div>\r\n\r\n\t\t\t<script>\r\n\t\t\tjQuery(function($) {\r\n\r\n\t\t\t\tvar marginPortfolio = function() {\r\n\r\n\t\t\t\t\tvar $diapo          = $('#sevgallery-407325708');\r\n\t\t\t\t\tvar container_width = $diapo.parent().outerWidth();\r\n\t\t\t\t\tvar side            = ( $(window).innerWidth() - container_width ) \/ 2;\r\n\r\n\t\t\t\t\t$diapo.css( {\r\n\t\t\t\t\t\t'margin-left': '-' + side + 'px',\r\n\t\t\t\t\t\t'margin-right': '-' + side + 'px',\r\n\t\t\t\t\t} );\r\n\t\t\t\t};\r\n\r\n\t\t\t\t$( window ).resize( function() {\r\n\t\t\t\t\tmarginPortfolio();\r\n\t\t\t\t} );\r\n\t\t\t\tmarginPortfolio();\r\n\t\t\t});\r\n\t\t\t<\/script>\r\n\t\t\t\n<\/div>","protected":false},"excerpt":{"rendered":"<p>Les terrains de sport et aires de jeux \u00e0 la Plaine-sur-Mer Un camping avec des espaces d\u00e9di\u00e9s aux enfants Notre [&hellip;]<\/p>\n","protected":false},"author":1,"featured_media":0,"parent":0,"menu_order":0,"comment_status":"closed","ping_status":"closed","template":"","meta":{"_seopress_robots_primary_cat":"","_seopress_titles_title":"Camping avec activit\u00e9s 4 \u00e9toiles Pornic La Plaine sur mer","_seopress_titles_desc":"Au camping La Renaudi\u00e8re pr\u00e8s de Pornic, on ne s'ennuie jamais ! Petits et grands pourront y faire du sport ou s'amuser.","_seopress_robots_index":"","footnotes":""},"class_list":["post-43","page","type-page","status-publish","hentry"],"_links":{"self":[{"href":"https:\/\/mirabel-renaudiere.com\/en\/wp-json\/wp\/v2\/pages\/43","targetHints":{"allow":["GET"]}}],"collection":[{"href":"https:\/\/mirabel-renaudiere.com\/en\/wp-json\/wp\/v2\/pages"}],"about":[{"href":"https:\/\/mirabel-renaudiere.com\/en\/wp-json\/wp\/v2\/types\/page"}],"author":[{"embeddable":true,"href":"https:\/\/mirabel-renaudiere.com\/en\/wp-json\/wp\/v2\/users\/1"}],"replies":[{"embeddable":true,"href":"https:\/\/mirabel-renaudiere.com\/en\/wp-json\/wp\/v2\/comments?post=43"}],"version-history":[{"count":59,"href":"https:\/\/mirabel-renaudiere.com\/en\/wp-json\/wp\/v2\/pages\/43\/revisions"}],"predecessor-version":[{"id":11513,"href":"https:\/\/mirabel-renaudiere.com\/en\/wp-json\/wp\/v2\/pages\/43\/revisions\/11513"}],"wp:attachment":[{"href":"https:\/\/mirabel-renaudiere.com\/en\/wp-json\/wp\/v2\/media?parent=43"}],"curies":[{"name":"wp","href":"https:\/\/api.w.org\/{rel}","templated":true}]}}