{"id":48,"date":"2021-12-10T14:16:36","date_gmt":"2021-12-10T13:16:36","guid":{"rendered":"https:\/\/www.campinglarenaudiere.com\/?page_id=48"},"modified":"2026-04-17T16:03:47","modified_gmt":"2026-04-17T14:03:47","slug":"bike-hire-services","status":"publish","type":"page","link":"https:\/\/mirabel-renaudiere.com\/en\/services-location-velos","title":{"rendered":"Services"},"content":{"rendered":"<h1 class=\"wp-block-heading\">A campsite near Pornic with many on-site services<\/h1>\n\n\n\n<p class=\"has-text-align-center\">Rediscover the delicious taste of fresh bread and pastries for your breakfast, or settle down on the terrace to enjoy some hearty dishes. <strong><a href=\"https:\/\/mirabel-renaudiere.com\/en\/restaurant-bar-snack\/\" data-type=\"page\" data-id=\"40\">Snack bar<\/a><\/strong> of the campsite. <br>Do you like barbecues? The <strong>Plancha <\/strong>camping spots (available to rent) are ready to welcome your kebabs, sausages and other treats\u2026<\/p>\n\n\n\n<figure class=\"wp-block-image aligncenter size-full\"><img decoding=\"async\" src=\"https:\/\/www.mirabel-renaudiere.com\/wp-content\/uploads\/2022\/01\/barre-bleue.png\" alt=\"\" class=\"wp-image-2382\"\/><\/figure>\n\n\n\n<div class=\"wp-block-columns is-layout-flex wp-container-core-columns-is-layout-28f84493 wp-block-columns-is-layout-flex\">\n<div class=\"wp-block-column is-layout-flow wp-block-column-is-layout-flow\" style=\"flex-basis:40%\">\n<div class=\"wp-block-group p-5 is-layout-flow wp-block-group-is-layout-flow\">\n<h2 class=\"wp-block-heading has-text-align-left\">List of services<br><\/h2>\n\n\n\n<figure class=\"wp-block-image size-full\"><img decoding=\"async\" src=\"https:\/\/www.mirabel-renaudiere.com\/wp-content\/uploads\/2022\/01\/barre-bleue.png\" alt=\"\" class=\"wp-image-2382\"\/><\/figure>\n\n\n\n<p><i class=\"fa fa-bread-slice\"><\/i> &nbsp; Bread depot<\/p>\n\n\n\n<p><i class=\"fa fa-hamburger\"><\/i> &nbsp; Restaurant Bar-Snack and takeaway<\/p>\n\n\n\n<p><i class=\"fa fa-mitten\"><\/i> \u00a0 Gas griddle hire<\/p>\n\n\n\n<p><i class=\"fas fa-store\"><\/i> &nbsp; Point Corner - Grocery store <\/p>\n\n\n\n<p><i class=\"fa fa-info-circle\"><\/i> &nbsp; Tourist information and ticketing <\/p>\n\n\n\n<p><i class=\"fa fa-biking\"><\/i> &nbsp;Bicycle hire<em> (in partnership, see below<\/em>)<\/p>\n\n\n\n<p><i class=\"fa fa-book\"><\/i> &nbsp; Loan of books and games<\/p>\n\n\n\n<p><i class=\"fa fa-book\"><\/i> &nbsp; Local press depot<\/p>\n\n\n\n<p><i class=\"fa fa-tshirt\"><\/i> &nbsp;Laundry room with washing machines and tumble dryers*.<\/p>\n\n\n\n<p><i class=\"fa fa-baby-carriage\"><\/i> &nbsp; Baby kit hire <\/p>\n\n\n\n<p><img loading=\"lazy\" decoding=\"async\" width=\"24\" height=\"22\" class=\"wp-image-388\" style=\"width: 24px;\" src=\"https:\/\/www.mirabel-renaudiere.com\/wp-content\/uploads\/2021\/12\/fer-a-repasser.jpg\" alt=\"iron loan\"> Loan of iron and ironing board<\/p>\n\n\n\n<p><i class=\"fa fa-plug\"><\/i>&nbsp; &nbsp; Loan of European plug adaptor<\/p>\n\n\n\n<p> <img loading=\"lazy\" decoding=\"async\" width=\"20\" height=\"19\" class=\"wp-image-389\" style=\"width: 20px;\" src=\"https:\/\/www.mirabel-renaudiere.com\/wp-content\/uploads\/2021\/12\/aspirateur.jpg\" alt=\"loan of hoover\"> &nbsp;Loan of hoover <\/p>\n<\/div>\n\n\n\n<p>*Paying: voi<em>r option prices on the <a href=\"https:\/\/mirabel-renaudiere.com\/en\/mobile-home-rental-rates\/#options\" data-type=\"page\">accommodation<\/a><\/em><br><em>**Local products at the grocery shop<\/em><\/p>\n<\/div>\n\n\n\n<div class=\"wp-block-column is-vertically-aligned-center is-layout-flow wp-block-column-is-layout-flow\" style=\"flex-basis:60%\">\n<div class=\"wp-block-group border border-info card p-4 is-layout-flow wp-block-group-is-layout-flow\">\n<p class=\"texte-rond has-orange-color has-text-color has-large-font-size\">Accessible sanitary facilities for all &nbsp;<i class=\"fa fa-wheelchair\"><\/i><\/p>\n\n\n\n<p>Shower cubicles, WCs, washbasins, children's toilets and toilets adapted for people with reduced mobility.<\/p>\n<\/div>\n\n\n\n<div style=\"height:14px\" aria-hidden=\"true\" class=\"wp-block-spacer\"><\/div>\n\n\n\n<figure class=\"wp-block-image\"><img loading=\"lazy\" decoding=\"async\" width=\"1024\" height=\"683\" src=\"https:\/\/www.mirabel-renaudiere.com\/wp-content\/uploads\/2022\/01\/GALERIE_SERVICES-PMR-1024x683.jpg\" alt=\"sanitary Pmr\" class=\"wp-image-2861\" srcset=\"https:\/\/mirabel-renaudiere.com\/wp-content\/uploads\/2022\/01\/GALERIE_SERVICES-PMR-1024x683.jpg 1024w, https:\/\/mirabel-renaudiere.com\/wp-content\/uploads\/2022\/01\/GALERIE_SERVICES-PMR-300x200.jpg 300w, https:\/\/mirabel-renaudiere.com\/wp-content\/uploads\/2022\/01\/GALERIE_SERVICES-PMR-768x512.jpg 768w, https:\/\/mirabel-renaudiere.com\/wp-content\/uploads\/2022\/01\/GALERIE_SERVICES-PMR.jpg 1200w\" sizes=\"auto, (max-width: 1024px) 100vw, 1024px\" \/><\/figure>\n\n\n\n<div style=\"height:0px\" aria-hidden=\"true\" class=\"wp-block-spacer\"><\/div>\n\n\n\n<h2 class=\"wp-block-heading\">Nearby services <\/h2>\n\n\n\n<figure class=\"wp-block-image size-full\"><img decoding=\"async\" src=\"https:\/\/www.mirabel-renaudiere.com\/wp-content\/uploads\/2022\/01\/barre-bleue.png\" alt=\"\" class=\"wp-image-2382\"\/><\/figure>\n\n\n\n<p>The town centre of La Plaine-sur-Mer is just 600 metres away.<br>Here you'll find all the local shops and services you need: bakery, florist, tobacconist, butcher, chemist, supermarket, etc.<\/p>\n\n\n\n<p>We also have a grocery shop with basic necessities at reception, so come and see us, we'll be happy to guide you and provide you with a map of the town.<\/p>\n<\/div>\n<\/div>\n\n\n\n<div class=\"wp-block-media-text alignwide is-stacked-on-mobile front-page-section grey\" id=\"yakavelo\"><figure class=\"wp-block-media-text__media\"><img loading=\"lazy\" decoding=\"async\" width=\"595\" height=\"842\" src=\"https:\/\/mirabel-renaudiere.com\/wp-content\/uploads\/2026\/04\/FLYER-YAKAVELO-2026.jpg\" alt=\"Yakav\u00e9lo Partner Motorcycle Rental Flyer\" class=\"wp-image-13578 size-full\" srcset=\"https:\/\/mirabel-renaudiere.com\/wp-content\/uploads\/2026\/04\/FLYER-YAKAVELO-2026.jpg 595w, https:\/\/mirabel-renaudiere.com\/wp-content\/uploads\/2026\/04\/FLYER-YAKAVELO-2026-212x300.jpg 212w, https:\/\/mirabel-renaudiere.com\/wp-content\/uploads\/2026\/04\/FLYER-YAKAVELO-2026-8x12.jpg 8w\" sizes=\"auto, (max-width: 595px) 100vw, 595px\" \/><\/figure><div class=\"wp-block-media-text__content\">\n<p class=\"texte-rond has-orange-color has-text-color has-large-font-size\">Bicycles, kayaks and paddles for hire<\/p>\n\n\n\n<p>Since 2023 in La-Plaine-sur-Mer, Sandrine has been offering the <strong>electric bike hire<\/strong>, traditional bicycles <strong>for adults and children<\/strong>, Ideal for outings with family or friends.&nbsp;<\/p>\n\n\n\n<p>If you prefer water: choose <strong>kayaks and paddles<\/strong> ! Hire by the hour, half-day or day from the Port de Gravette in La Plaine-sur-Mer: (re)discover these water sports activities.<\/p>\n\n\n\n<p><strong>PRACTICE :<\/strong> for all holidaymakers from 2 days' rental, <a href=\"https:\/\/yakaveloloc.com\/\">Yakav\u00e9lo<\/a> delivers your bikes directly to the campsite. <\/p>\n\n\n\n<p><\/p>\n\n\n\n<div class=\"wp-block-buttons is-layout-flex wp-block-buttons-is-layout-flex\">\n<div class=\"wp-block-button\"><a class=\"wp-block-button__link has-turquoise-background-color has-background wp-element-button\" href=\"https:\/\/mirabel-renaudiere.com\/wp-content\/uploads\/2023\/04\/GRILLE-TARIFAIRE-YAKAVELO-2026.jpg\" target=\"_blank\" rel=\"noreferrer noopener\">RATES<\/a><\/div>\n<\/div>\n\n\n\n<div style=\"height:25px\" aria-hidden=\"true\" class=\"wp-block-spacer\"><\/div>\n\n\n\n<p>OPENING PERIODS : <\/p>\n\n\n\n<p><strong>In summer<\/strong><\/p>\n\n\n\n<p>Every day from 09:00 to 19:00<\/p>\n\n\n\n<p><strong>From April to September<\/strong><\/p>\n\n\n\n<p>Weekends and school holidays from 09:00 to 19:00<\/p>\n\n\n\n<p>Outside opening hours, bookings can be made every day by telephone on 07 45 01 94 99 or by e-mail on <a href=\"https:\/\/yakaveloloc.com\/\" target=\"_blank\" rel=\"noreferrer noopener\">website<\/a>.<\/p>\n\n\n\n<p class=\"has-text-align-center has-orange-color has-text-color has-link-color wp-elements-99c664553c3bd99f1b1d0838d2232d87\"><strong>2026 Exclusive<\/strong> : <a href=\"https:\/\/yakaveloloc.com\/lechappee-plainaise-a-velo\/\" target=\"_blank\" rel=\"noreferrer noopener\">Between Land &amp; Sea: The Plaine Escape<\/a><\/p>\n\n\n\n<div class=\"wp-block-group border border-info card is-layout-flow wp-block-group-is-layout-flow\" style=\"padding-top:var(--wp--preset--spacing--20);padding-right:var(--wp--preset--spacing--20);padding-bottom:var(--wp--preset--spacing--20);padding-left:var(--wp--preset--spacing--20)\">\n<div style=\"height:6px\" aria-hidden=\"true\" class=\"wp-block-spacer\"><\/div>\n\n\n\n<p class=\"has-text-align-center\"><em>An invitation to slow down and discover La Plaine-sur-Mer differently (2.5 hours of disconnection)<\/em><\/p>\n\n\n\n<p class=\"has-text-align-center\"><strong>All-inclusive tariff<\/strong>&nbsp;41 \u20ac \/ person (standard bicycle, guidance and tasting included).<\/p>\n\n\n\n<p><strong>Storytelling walk<\/strong>&nbsp;The route is punctuated by local anecdotes and short stories.<\/p>\n\n\n\n<p><strong>Calm rhythm<\/strong>&nbsp;We pedal along peacefully to savour the calm of unspoilt spaces.<\/p>\n\n\n\n<p><strong>A taste of indulgence<\/strong>&nbsp;A tasting visit to&nbsp;<strong>The 1900 Grocery Shop<\/strong>&nbsp;to taste the best of the local produce in this authentic setting.<\/p>\n<\/div>\n\n\n\n<div style=\"height:15px\" aria-hidden=\"true\" class=\"wp-block-spacer\"><\/div>\n<\/div><\/div>\n\n\n\n<p class=\"has-text-align-center texte-rond mt-5 has-large-font-size\">Discover the campsite<\/p>\n\n\n\n<div class=\"wp-block-columns h-20 front-page-section grey is-layout-flex wp-container-core-columns-is-layout-28f84493 wp-block-columns-is-layout-flex\">\n<div class=\"wp-block-column is-layout-flow wp-block-column-is-layout-flow\"><\/div>\n\n\n\n<div class=\"wp-block-column is-layout-flow wp-block-column-is-layout-flow\">\n<div class=\"wp-block-create-block-sevgutenberg-navigation\"><aside class=\"encart-sev-navigation small carre\"><a href=\"https:\/\/mirabel-renaudiere.com\/en\/restaurant-bar-snack\/\" class=\"d-flex flex-column align-items-center\"><div class=\"encart-title\"><span>Snack bar<\/span><\/div><div class=\"vague\"><\/div><img decoding=\"async\" src=\"https:\/\/www.mirabel-renaudiere.com\/wp-content\/uploads\/2021\/12\/cafe-bar-camping.jpg\" alt=\"a coffee at the campsite bar\"\/><div class=\"ligne\"><\/div><div class=\"hover\"><\/div><\/a><\/aside><\/div>\n<\/div>\n\n\n\n<div class=\"wp-block-column is-layout-flow wp-block-column-is-layout-flow\">\n<div class=\"wp-block-create-block-sevgutenberg-navigation\"><aside class=\"encart-sev-navigation small carre\"><a href=\"https:\/\/mirabel-renaudiere.com\/en\/mobile-home-rental-rates\/\" class=\"d-flex flex-column align-items-center\"><div class=\"encart-title\"><span>Accommodation<\/span><\/div><div class=\"vague\"><\/div><img decoding=\"async\" src=\"https:\/\/www.mirabel-renaudiere.com\/wp-content\/uploads\/2021\/12\/mobilhome-location-camping2.jpg\" alt=\"NEW PLOTS FOR RENT\"\/><div class=\"ligne\"><\/div><div class=\"hover\"><\/div><\/a><\/aside><\/div>\n<\/div>\n\n\n\n<div class=\"wp-block-column is-layout-flow wp-block-column-is-layout-flow\">\n<div class=\"wp-block-create-block-sevgutenberg-navigation\"><aside class=\"encart-sev-navigation small carre\"><a href=\"https:\/\/mirabel-renaudiere.com\/en\/activities-events-evenings\/\" class=\"d-flex flex-column align-items-center\"><div class=\"encart-title\"><span>Entertainment<\/span><\/div><div class=\"vague\"><\/div><img decoding=\"async\" src=\"https:\/\/www.mirabel-renaudiere.com\/wp-content\/uploads\/2022\/01\/animations-camping-Pornic.jpg\" alt=\"Entertainment at the Pornic campsite\"\/><div class=\"ligne\"><\/div><div class=\"hover\"><\/div><\/a><\/aside><\/div>\n<\/div>\n\n\n\n<div class=\"wp-block-column is-layout-flow wp-block-column-is-layout-flow\"><\/div>\n<\/div>\n\n\n\n<figure class=\"wp-block-image aligncenter size-large is-resized mt-5\"><img decoding=\"async\" src=\"https:\/\/www.mirabel-renaudiere.com\/wp-content\/uploads\/2022\/01\/photo-1024x84.png\" alt=\"photo gallery\" class=\"wp-image-2371\" style=\"width:768px;height:63px\"\/><\/figure>\n\n\n\t\t\t<div id=\"sevgallery-637385360\" class=\"sev-diaporama sev-diaporama-portfolio\">\r\n\t\t\t\t<div class=\"row\">\r\n\r\n\t\t\t\t\t\r\n\t\t\t\t\t\t\r\n\t\t\t\t\t\t<div class=\"sev-diaporama-portfolio-item    col-12 col-md\">\r\n\t\t\t\t\t\t\t<a href=\"https:\/\/mirabel-renaudiere.com\/wp-content\/uploads\/2024\/01\/epicerie-boutique-accueil-camping.jpg\" data-lightbox=\"sevgallery-637385360\" style=\"background-image: url(https:\/\/mirabel-renaudiere.com\/wp-content\/uploads\/2024\/01\/epicerie-boutique-accueil-camping.jpg)\">\r\n\t\t\t\t\t\t\t\t<img decoding=\"async\" src=\"https:\/\/mirabel-renaudiere.com\/wp-content\/uploads\/2024\/01\/epicerie-boutique-accueil-camping.jpg\" alt=\"grocery shop camping boutique\" loading=\"lazy\">\r\n\t\t\t\t\t\t\t\t\t\t\t\t\t\t\t<\/a>\r\n\t\t\t\t\t\t<\/div>\r\n\r\n\t\t\t\t\t\t\r\n\t\t\t\t\t\t\t\t\t\t\t\t\t\t\t\t\t\r\n\t\t\t\t\t\t\r\n\t\t\t\t\t\t<div class=\"sev-diaporama-portfolio-item    col-12 col-md\">\r\n\t\t\t\t\t\t\t<a href=\"https:\/\/mirabel-renaudiere.com\/wp-content\/uploads\/2024\/01\/boutique-porte-cle-camping.jpg\" data-lightbox=\"sevgallery-637385360\" style=\"background-image: url(https:\/\/mirabel-renaudiere.com\/wp-content\/uploads\/2024\/01\/boutique-porte-cle-camping.jpg)\">\r\n\t\t\t\t\t\t\t\t<img decoding=\"async\" src=\"https:\/\/mirabel-renaudiere.com\/wp-content\/uploads\/2024\/01\/boutique-porte-cle-camping.jpg\" alt=\"key ring camping mirabel\" loading=\"lazy\">\r\n\t\t\t\t\t\t\t\t\t\t\t\t\t\t\t<\/a>\r\n\t\t\t\t\t\t<\/div>\r\n\r\n\t\t\t\t\t\t\r\n\t\t\t\t\t\t\t\t\t\t\t\t\t\t\t\t\t\r\n\t\t\t\t\t\t\r\n\t\t\t\t\t\t<div class=\"sev-diaporama-portfolio-item    col-12 col-md\">\r\n\t\t\t\t\t\t\t<a href=\"https:\/\/mirabel-renaudiere.com\/wp-content\/uploads\/2021\/12\/air-service-camping-car-1024x683.jpg\" data-lightbox=\"sevgallery-637385360\" style=\"background-image: url(https:\/\/mirabel-renaudiere.com\/wp-content\/uploads\/2021\/12\/air-service-camping-car-1024x683.jpg)\">\r\n\t\t\t\t\t\t\t\t<img decoding=\"async\" src=\"https:\/\/mirabel-renaudiere.com\/wp-content\/uploads\/2021\/12\/air-service-camping-car-1024x683.jpg\" alt=\"motor home service area\" loading=\"lazy\">\r\n\t\t\t\t\t\t\t\t\t\t\t\t\t\t\t<\/a>\r\n\t\t\t\t\t\t<\/div>\r\n\r\n\t\t\t\t\t\t\r\n\t\t\t\t\t\t\t\t\t\t\t\t\t\t\t\t\t\r\n\t\t\t\t\t\t\r\n\t\t\t\t\t\t<div class=\"sev-diaporama-portfolio-item    col-12 col-md  col-grow\">\r\n\t\t\t\t\t\t\t<a href=\"https:\/\/mirabel-renaudiere.com\/wp-content\/uploads\/2024\/01\/accueil-camping-reception.jpg\" data-lightbox=\"sevgallery-637385360\" style=\"background-image: url(https:\/\/mirabel-renaudiere.com\/wp-content\/uploads\/2024\/01\/accueil-camping-reception.jpg)\">\r\n\t\t\t\t\t\t\t\t<img decoding=\"async\" src=\"https:\/\/mirabel-renaudiere.com\/wp-content\/uploads\/2024\/01\/accueil-camping-reception.jpg\" alt=\"reception campsite reception\" loading=\"lazy\">\r\n\t\t\t\t\t\t\t\t\t\t\t\t\t\t\t<\/a>\r\n\t\t\t\t\t\t<\/div>\r\n\r\n\t\t\t\t\t\t\t\t\t\t\t\t\t<div class=\"w-100\"><\/div>\r\n\t\t\t\t\t\t\t\t\t\t\t\t\t\r\n\t\t\t\t\t\t\t\t\t\t\t\t\t\t\t\t\t\r\n\t\t\t\t\t\t\r\n\t\t\t\t\t\t<div class=\"sev-diaporama-portfolio-item    col-12 col-md  col-grow\">\r\n\t\t\t\t\t\t\t<a href=\"https:\/\/mirabel-renaudiere.com\/wp-content\/uploads\/2021\/12\/vaisselle-camiping-683x1024.jpg\" data-lightbox=\"sevgallery-637385360\" style=\"background-image: url(https:\/\/mirabel-renaudiere.com\/wp-content\/uploads\/2021\/12\/vaisselle-camiping-683x1024.jpg)\">\r\n\t\t\t\t\t\t\t\t<img decoding=\"async\" src=\"https:\/\/mirabel-renaudiere.com\/wp-content\/uploads\/2021\/12\/vaisselle-camiping-683x1024.jpg\" alt=\"washing up at the campsite\" loading=\"lazy\">\r\n\t\t\t\t\t\t\t\t\t\t\t\t\t\t\t<\/a>\r\n\t\t\t\t\t\t<\/div>\r\n\r\n\t\t\t\t\t\t\r\n\t\t\t\t\t\t\t\t\t\t\t\t\t\t\t\t\t\r\n\t\t\t\t\t\t\r\n\t\t\t\t\t\t<div class=\"sev-diaporama-portfolio-item    col-12 col-md  col-grow\">\r\n\t\t\t\t\t\t\t<a href=\"https:\/\/mirabel-renaudiere.com\/wp-content\/uploads\/2021\/12\/sanitaires-toilettes-camping-1024x683.jpg\" data-lightbox=\"sevgallery-637385360\" style=\"background-image: url(https:\/\/mirabel-renaudiere.com\/wp-content\/uploads\/2021\/12\/sanitaires-toilettes-camping-1024x683.jpg)\">\r\n\t\t\t\t\t\t\t\t<img decoding=\"async\" src=\"https:\/\/mirabel-renaudiere.com\/wp-content\/uploads\/2021\/12\/sanitaires-toilettes-camping-1024x683.jpg\" alt=\"sanitary facilities and toilets at the campsite\" loading=\"lazy\">\r\n\t\t\t\t\t\t\t\t\t\t\t\t\t\t\t<\/a>\r\n\t\t\t\t\t\t<\/div>\r\n\r\n\t\t\t\t\t\t\r\n\t\t\t\t\t\t\t\t\t\t\t\t\t\t\t\t\t\r\n\t\t\t\t\t\t\r\n\t\t\t\t\t\t<div class=\"sev-diaporama-portfolio-item    col-12 col-md  col-shrink\">\r\n\t\t\t\t\t\t\t<a href=\"https:\/\/mirabel-renaudiere.com\/wp-content\/uploads\/2022\/01\/GALERIE_SERVICES_SANITAIRE_ENFANT-1024x683.jpg\" data-lightbox=\"sevgallery-637385360\" style=\"background-image: url(https:\/\/mirabel-renaudiere.com\/wp-content\/uploads\/2022\/01\/GALERIE_SERVICES_SANITAIRE_ENFANT-1024x683.jpg)\">\r\n\t\t\t\t\t\t\t\t<img decoding=\"async\" src=\"https:\/\/mirabel-renaudiere.com\/wp-content\/uploads\/2022\/01\/GALERIE_SERVICES_SANITAIRE_ENFANT-1024x683.jpg\" alt=\"children&#039;s bathroom\" loading=\"lazy\">\r\n\t\t\t\t\t\t\t\t\t\t\t\t\t\t\t<\/a>\r\n\t\t\t\t\t\t<\/div>\r\n\r\n\t\t\t\t\t\t\r\n\t\t\t\t\t\t\t\t\t\t\t\t\t\t\t\t\t\r\n\t\t\t\t\t\t\r\n\t\t\t\t\t\t<div class=\"sev-diaporama-portfolio-item  limitsm  col-12 col-md  col-grow last-visible\">\r\n\t\t\t\t\t\t\t<a href=\"https:\/\/mirabel-renaudiere.com\/en\/photos-camping-renaudiere\"  style=\"background-image: url(https:\/\/mirabel-renaudiere.com\/wp-content\/uploads\/2022\/01\/galerie-photo.png)\">\r\n\t\t\t\t\t\t\t\t<img decoding=\"async\" src=\"https:\/\/mirabel-renaudiere.com\/wp-content\/uploads\/2022\/01\/galerie-photo.png\" alt=\"photo gallery\" loading=\"lazy\">\r\n\t\t\t\t\t\t\t\t\t\t\t\t\t\t\t\t\t<img decoding=\"async\" src=\"https:\/\/mirabel-renaudiere.com\/wp-content\/themes\/renaudiere\/assets\/img\/voir-photos.png\" alt=\"\" \/>\r\n\t\t\t\t\t\t\t\t\t<span>View all photos<\/span>\r\n\t\t\t\t\t\t\t\t\t\t\t\t\t\t\t<\/a>\r\n\t\t\t\t\t\t<\/div>\r\n\r\n\t\t\t\t\t\t\t\t\t\t\t\t\t<div class=\"w-100\"><\/div>\r\n\t\t\t\t\t\t\t\t\t\t\t\t\t\r\n\t\t\t\t\t\t\t\t\t\t\t\t\t\t\t\t\t\t\t\t\t<\/div>\r\n\t\t\t<\/div>\r\n\r\n\t\t\t<script>\r\n\t\t\tjQuery(function($) {\r\n\r\n\t\t\t\tvar marginPortfolio = function() {\r\n\r\n\t\t\t\t\tvar $diapo          = $('#sevgallery-637385360');\r\n\t\t\t\t\tvar container_width = $diapo.parent().outerWidth();\r\n\t\t\t\t\tvar side            = ( $(window).innerWidth() - container_width ) \/ 2;\r\n\r\n\t\t\t\t\t$diapo.css( {\r\n\t\t\t\t\t\t'margin-left': '-' + side + 'px',\r\n\t\t\t\t\t\t'margin-right': '-' + side + 'px',\r\n\t\t\t\t\t} );\r\n\t\t\t\t};\r\n\r\n\t\t\t\t$( window ).resize( function() {\r\n\t\t\t\t\tmarginPortfolio();\r\n\t\t\t\t} );\r\n\t\t\t\tmarginPortfolio();\r\n\t\t\t});\r\n\t\t\t<\/script>\r\n\t\t\t\n\n\n\n<p><\/p>","protected":false},"excerpt":{"rendered":"<p>Un camping \u00e0 c\u00f4t\u00e9 de Pornic avec de nombreux services sur place Retrouvez le bon go\u00fbt du pain frais et [&hellip;]<\/p>\n","protected":false},"author":1,"featured_media":0,"parent":0,"menu_order":0,"comment_status":"closed","ping_status":"closed","template":"","meta":{"_seopress_robots_primary_cat":"","_seopress_titles_title":"Camping avec location de v\u00e9los pr\u00e8s de Pornic","_seopress_titles_desc":"Le camping La Renaudi\u00e8re pr\u00e8s de Pornic vous propose de nombreux services pour des vacances r\u00e9ussies : location de v\u00e9lo, point wifi gratuit...","_seopress_robots_index":"","footnotes":""},"class_list":["post-48","page","type-page","status-publish","hentry"],"_links":{"self":[{"href":"https:\/\/mirabel-renaudiere.com\/en\/wp-json\/wp\/v2\/pages\/48","targetHints":{"allow":["GET"]}}],"collection":[{"href":"https:\/\/mirabel-renaudiere.com\/en\/wp-json\/wp\/v2\/pages"}],"about":[{"href":"https:\/\/mirabel-renaudiere.com\/en\/wp-json\/wp\/v2\/types\/page"}],"author":[{"embeddable":true,"href":"https:\/\/mirabel-renaudiere.com\/en\/wp-json\/wp\/v2\/users\/1"}],"replies":[{"embeddable":true,"href":"https:\/\/mirabel-renaudiere.com\/en\/wp-json\/wp\/v2\/comments?post=48"}],"version-history":[{"count":148,"href":"https:\/\/mirabel-renaudiere.com\/en\/wp-json\/wp\/v2\/pages\/48\/revisions"}],"predecessor-version":[{"id":13585,"href":"https:\/\/mirabel-renaudiere.com\/en\/wp-json\/wp\/v2\/pages\/48\/revisions\/13585"}],"wp:attachment":[{"href":"https:\/\/mirabel-renaudiere.com\/en\/wp-json\/wp\/v2\/media?parent=48"}],"curies":[{"name":"wp","href":"https:\/\/api.w.org\/{rel}","templated":true}]}}