{"id":54,"date":"2021-12-10T14:20:25","date_gmt":"2021-12-10T13:20:25","guid":{"rendered":"https:\/\/www.campinglarenaudiere.com\/?page_id=54"},"modified":"2024-10-10T16:38:47","modified_gmt":"2024-10-10T14:38:47","slug":"swimming-pool-aquatic-area","status":"publish","type":"page","link":"https:\/\/mirabel-renaudiere.com\/en\/piscine-espace-aquatique","title":{"rendered":"Aquatic area"},"content":{"rendered":"<h1 class=\"wp-block-heading\" id=\"un-camping-4-etoiles-avec-piscine-pres-de-pornic\">Campsite with indoor swimming pool near Pornic<\/h1>\n\n\n\n<div class=\"wp-block-group is-layout-flow wp-block-group-is-layout-flow\">\n<h2 class=\"wp-block-heading has-text-align-center\">At Camping Mirabel La Renaudi\u00e8re in La Plaine-sur-Mer, you'll find a family pool area with an indoor pool and an outdoor pool, both heated, as well as slides and a jacuzzi.<\/h2>\n\n\n\n<figure class=\"wp-block-image aligncenter size-full is-resized\"><img decoding=\"async\" src=\"https:\/\/www.mirabel-renaudiere.com\/wp-content\/uploads\/2022\/01\/barre-bleue.png\" alt=\"\" class=\"wp-image-2382\" style=\"width:50px;height:8px\"\/><\/figure>\n<\/div>\n\n\n\n<div class=\"wp-block-media-text alignwide has-media-on-the-right is-stacked-on-mobile\"><div class=\"wp-block-media-text__content\">\n<h2 class=\"wp-block-heading\">Our heated outdoor swimming pool near Pornic<\/h2>\n\n\n\n<p>Make the most of the campsite's aquatic area, whatever the season, with a <strong>water heated to 28\u00b0 C<\/strong> (depending on weather conditions). The pool is divided into several areas for everyone to enjoy! 4 slides for fun <strong>hydromassage benches<\/strong> for a moment of zen, a deeper pool for swimming and the paddling pool. You can relax on the <strong>our deckchairs <\/strong>or read your favourite novel. In summer, the\u2019<a href=\"https:\/\/mirabel-renaudiere.com\/en\/activities-events-evenings\/\" data-type=\"page\" data-id=\"46\">entertainment team<\/a> invites you to the <strong>camping dance<\/strong> every day and for many <strong>aquatic activities<\/strong> including the not-to-be-missed Pool Party!<\/p>\n\n\n\n<div class=\"wp-block-columns is-layout-flex wp-container-core-columns-is-layout-28f84493 wp-block-columns-is-layout-flex\">\n<div class=\"wp-block-column ml-auto mr-auto is-layout-flow wp-block-column-is-layout-flow\" style=\"flex-basis:80%\">\n<div class=\"wp-block-group border border-info card is-layout-flow wp-block-group-is-layout-flow\">\n<div style=\"height:18px\" aria-hidden=\"true\" class=\"wp-block-spacer\"><\/div>\n\n\n\n<p class=\"has-text-align-center\"><strong>Pool opening&nbsp;<\/strong>(<em>weather permitting<\/em>)<br><img decoding=\"async\" class=\"wp-image-2357\" style=\"width: 50px;\" src=\"https:\/\/www.mirabel-renaudiere.com\/wp-content\/uploads\/2022\/01\/barre-orange.png\" alt=\"\"><\/p>\n\n\n\n<p class=\"has-text-align-center\">Indoor pool: April to end September<br>Outdoor pool: mid-May to mid-September<\/p>\n\n\n\n<p class=\"has-text-align-center\">10am - 7pm in Low Season<br>10am - 8pm in High Season<\/p>\n\n\n\n<p><\/p>\n<\/div>\n<\/div>\n<\/div>\n\n\n\n<div style=\"height:50px\" aria-hidden=\"true\" class=\"wp-block-spacer\"><\/div>\n<\/div><figure class=\"wp-block-media-text__media\"><img loading=\"lazy\" decoding=\"async\" width=\"600\" height=\"400\" src=\"https:\/\/mirabel-renaudiere.com\/wp-content\/uploads\/2024\/10\/espace-aquatique-chauffee-plaine-sur-mer.jpg\" alt=\"heated outdoor swimming pool at la plaine sur mer campsite\" class=\"wp-image-11838 size-full\" srcset=\"https:\/\/mirabel-renaudiere.com\/wp-content\/uploads\/2024\/10\/espace-aquatique-chauffee-plaine-sur-mer.jpg 600w, https:\/\/mirabel-renaudiere.com\/wp-content\/uploads\/2024\/10\/espace-aquatique-chauffee-plaine-sur-mer-300x200.jpg 300w\" sizes=\"auto, (max-width: 600px) 100vw, 600px\" \/><\/figure><\/div>\n\n\n\n<div class=\"wp-block-media-text is-stacked-on-mobile\"><figure class=\"wp-block-media-text__media\"><img loading=\"lazy\" decoding=\"async\" width=\"600\" height=\"400\" src=\"https:\/\/mirabel-renaudiere.com\/wp-content\/uploads\/2024\/10\/piscine-exterieure-chauffee-camping-pornic.jpg\" alt=\"paddling pool for children at la Renaudi\u00e8re campsite in la plaine sur mer\" class=\"wp-image-11826 size-full\" srcset=\"https:\/\/mirabel-renaudiere.com\/wp-content\/uploads\/2024\/10\/piscine-exterieure-chauffee-camping-pornic.jpg 600w, https:\/\/mirabel-renaudiere.com\/wp-content\/uploads\/2024\/10\/piscine-exterieure-chauffee-camping-pornic-300x200.jpg 300w\" sizes=\"auto, (max-width: 600px) 100vw, 600px\" \/><\/figure><div class=\"wp-block-media-text__content\">\n<h3 class=\"wp-block-heading\">Enjoy the campsite's waterslides<\/h3>\n\n\n\n<p>For the bravest children and parents, the <strong>pool slides<\/strong> are sure to amuse you! Who's going to get in the water first? Take to one of our 3 pentagliss slides or the large whirlpool and race your friends. After climbing the steps and braving the cold, you'll love being propelled into the water.\u2019<strong>warm water in the pool.<\/strong><\/p>\n\n\n\n<h3 class=\"wp-block-heading\">A safe paddling pool for children<\/h3>\n\n\n\n<p>Visit <strong>camping holidays <\/strong>with your children or grandchildren?  The water temperature is ideal for the very young, and the safety barriers mean that children can't get in or out of the pool. <strong>swimming in complete safety<\/strong> in the aquatic area dedicated to them.  Parents can keep an eye on the water with their feet in the water, while also taking advantage of the <strong>28\u00b0 of water <\/strong>the pool. After swimming, children are always hungry! Now's the time to pop in for a <a href=\"https:\/\/mirabel-renaudiere.com\/en\/restaurant-bar-snack\/\" data-type=\"page\" data-id=\"40\">snack in the bistro<\/a> and even end the day at the\u2019<a href=\"https:\/\/mirabel-renaudiere.com\/en\/sports-and-leisure-activities\/\" data-type=\"page\" data-id=\"43\">play area<\/a>.<\/p>\n<\/div><\/div>\n\n\n\n<p><\/p>\n\n\n\n<p><\/p>\n\n\n\n<div class=\"wp-block-columns is-layout-flex wp-container-core-columns-is-layout-7848aa1a wp-block-columns-is-layout-flex\" style=\"padding-bottom:var(--wp--preset--spacing--40)\">\n<div class=\"wp-block-column is-layout-flow wp-block-column-is-layout-flow\">\n<figure class=\"wp-block-gallery has-nested-images columns-default is-cropped wp-block-gallery-1 is-layout-flex wp-block-gallery-is-layout-flex\">\n<figure class=\"wp-block-image size-large\"><img loading=\"lazy\" decoding=\"async\" width=\"600\" height=\"400\" data-id=\"11830\" src=\"https:\/\/mirabel-renaudiere.com\/wp-content\/uploads\/2024\/10\/piscine-exterieure-toboggans-aquatiques.jpg\" alt=\"water slides camping pornic\" class=\"wp-image-11830\" srcset=\"https:\/\/mirabel-renaudiere.com\/wp-content\/uploads\/2024\/10\/piscine-exterieure-toboggans-aquatiques.jpg 600w, https:\/\/mirabel-renaudiere.com\/wp-content\/uploads\/2024\/10\/piscine-exterieure-toboggans-aquatiques-300x200.jpg 300w\" sizes=\"auto, (max-width: 600px) 100vw, 600px\" \/><\/figure>\n<\/figure>\n\n\n\n<h4 class=\"wp-block-heading has-text-align-center has-small-font-size\"><strong>Water park with slides<\/strong><\/h4>\n<\/div>\n\n\n\n<div class=\"wp-block-column is-layout-flow wp-block-column-is-layout-flow\">\n<figure class=\"wp-block-gallery has-nested-images columns-default is-cropped wp-block-gallery-2 is-layout-flex wp-block-gallery-is-layout-flex\">\n<figure class=\"wp-block-image size-full\"><img loading=\"lazy\" decoding=\"async\" width=\"600\" height=\"400\" data-id=\"11846\" src=\"https:\/\/mirabel-renaudiere.com\/wp-content\/uploads\/2024\/10\/toboggan-aquatique-piscine-pornic.jpg\" alt=\"campsite with slide, swimming pool Pornic\" class=\"wp-image-11846\" srcset=\"https:\/\/mirabel-renaudiere.com\/wp-content\/uploads\/2024\/10\/toboggan-aquatique-piscine-pornic.jpg 600w, https:\/\/mirabel-renaudiere.com\/wp-content\/uploads\/2024\/10\/toboggan-aquatique-piscine-pornic-300x200.jpg 300w\" sizes=\"auto, (max-width: 600px) 100vw, 600px\" \/><\/figure>\n<\/figure>\n\n\n\n<h4 class=\"wp-block-heading has-text-align-center has-small-font-size\"><strong>Large whirlpool in the outdoor pool<\/strong><\/h4>\n<\/div>\n\n\n\n<div class=\"wp-block-column is-layout-flow wp-block-column-is-layout-flow\">\n<figure class=\"wp-block-gallery has-nested-images columns-default is-cropped wp-block-gallery-3 is-layout-flex wp-block-gallery-is-layout-flex\">\n<figure class=\"wp-block-image size-full\"><img loading=\"lazy\" decoding=\"async\" width=\"600\" height=\"400\" data-id=\"11842\" src=\"https:\/\/mirabel-renaudiere.com\/wp-content\/uploads\/2024\/10\/piscine-toboggans-camping-renaudiere.jpg\" alt=\"heated swimming pool with waterslides in la plaine sur mer, loire atlantique\" class=\"wp-image-11842\" srcset=\"https:\/\/mirabel-renaudiere.com\/wp-content\/uploads\/2024\/10\/piscine-toboggans-camping-renaudiere.jpg 600w, https:\/\/mirabel-renaudiere.com\/wp-content\/uploads\/2024\/10\/piscine-toboggans-camping-renaudiere-300x200.jpg 300w\" sizes=\"auto, (max-width: 600px) 100vw, 600px\" \/><\/figure>\n<\/figure>\n\n\n\n<h4 class=\"wp-block-heading has-text-align-center has-small-font-size\"><strong>Children have fun on the pool slides<\/strong><\/h4>\n<\/div>\n<\/div>\n\n\n\n<div style=\"height:19px\" aria-hidden=\"true\" class=\"wp-block-spacer\"><\/div>\n\n\n\n<div class=\"wp-block-media-text is-stacked-on-mobile is-vertically-aligned-center front-page-section grey\"><figure class=\"wp-block-media-text__media\"><img loading=\"lazy\" decoding=\"async\" width=\"1024\" height=\"683\" src=\"https:\/\/www.mirabel-renaudiere.com\/wp-content\/uploads\/2023\/04\/piscine-couverte-jacuzzi-1024x683.jpg\" alt=\"campsite with indoor swimming pool loire atlantique\" class=\"wp-image-3067 size-full\" srcset=\"https:\/\/mirabel-renaudiere.com\/wp-content\/uploads\/2023\/04\/piscine-couverte-jacuzzi-1024x683.jpg 1024w, https:\/\/mirabel-renaudiere.com\/wp-content\/uploads\/2023\/04\/piscine-couverte-jacuzzi-300x200.jpg 300w, https:\/\/mirabel-renaudiere.com\/wp-content\/uploads\/2023\/04\/piscine-couverte-jacuzzi-768x512.jpg 768w, https:\/\/mirabel-renaudiere.com\/wp-content\/uploads\/2023\/04\/piscine-couverte-jacuzzi.jpg 1185w\" sizes=\"auto, (max-width: 1024px) 100vw, 1024px\" \/><\/figure><div class=\"wp-block-media-text__content\">\n<figure class=\"wp-block-image aligncenter size-full is-resized\"><img loading=\"lazy\" decoding=\"async\" width=\"320\" height=\"216\" src=\"https:\/\/www.mirabel-renaudiere.com\/wp-content\/uploads\/2022\/01\/eclaboussure.png\" alt=\"aquatic\" class=\"wp-image-1715\" style=\"width:80px;height:54px\" srcset=\"https:\/\/mirabel-renaudiere.com\/wp-content\/uploads\/2022\/01\/eclaboussure.png 320w, https:\/\/mirabel-renaudiere.com\/wp-content\/uploads\/2022\/01\/eclaboussure-300x203.png 300w\" sizes=\"auto, (max-width: 320px) 100vw, 320px\" \/><\/figure>\n\n\n\n<h2 class=\"wp-block-heading\" id=\"piscine-couverte-se-detendre-et-profiter-en-loire-atlantique\">The indoor swimming pool at the campsite near Pornic<\/h2>\n\n\n\n<figure class=\"wp-block-image size-full\"><img decoding=\"async\" src=\"https:\/\/www.mirabel-renaudiere.com\/wp-content\/uploads\/2022\/01\/barre-bleue.png\" alt=\"\" class=\"wp-image-2382\"\/><\/figure>\n\n\n\n<p>Are you looking for a <strong>campsite with swimming pool<\/strong> where you can swim in any weather?<\/p>\n\n\n\n<p>The transparent structure and the\u2019<strong>heated water <\/strong>the covered pool will offer you the best swimming conditions at La Plaine-sur-Mer . And if you're looking for something to do when it rains <a href=\"https:\/\/mirabel-renaudiere.com\/en\/destination-region-pornic\/\">in Pornic<\/a>, then the <strong>indoor swimming pool<\/strong> will be your favourite place. Both young and old love swimming here.<\/p>\n\n\n\n<h3 class=\"wp-block-heading\">A wellness area to relax in<\/h3>\n\n\n\n<p>If you've come to camping Mirabel La Renaudi\u00e8re for a relaxing weekend, you'll love our <strong>spa area in the indoor pool<\/strong>. You can choose from a range of options, including a jacuzzi with <strong>whirlpool baths<\/strong> for lounging, the <strong>water cannons and geysers <\/strong>for a <strong>small massage<\/strong> back in hot water. Try it for a while and you'll never want to get out!<\/p>\n<\/div><\/div>\n\n\n\n<div class=\"wp-block-media-text alignwide has-media-on-the-right is-stacked-on-mobile is-vertically-aligned-center is-style-default\"><div class=\"wp-block-media-text__content\">\n<h2 class=\"wp-block-heading has-text-align-left pt-4\" id=\"bassin-exterieur-chauffe-baignade-farniente-et-glissades\">Water park for all the family at the La Plaine sur Mer campsite<\/h2>\n\n\n\n<figure class=\"wp-block-image size-full\"><img decoding=\"async\" src=\"https:\/\/www.mirabel-renaudiere.com\/wp-content\/uploads\/2022\/01\/barre-bleue.png\" alt=\"\" class=\"wp-image-2382\"\/><\/figure>\n\n\n\n<figure class=\"wp-block-image alignleft size-full is-resized\"><img loading=\"lazy\" decoding=\"async\" width=\"320\" height=\"214\" src=\"https:\/\/www.mirabel-renaudiere.com\/wp-content\/uploads\/2022\/01\/Smile.png\" alt=\"happiness by the pool\" class=\"wp-image-1731\" style=\"width:80px;height:54px\" srcset=\"https:\/\/mirabel-renaudiere.com\/wp-content\/uploads\/2022\/01\/Smile.png 320w, https:\/\/mirabel-renaudiere.com\/wp-content\/uploads\/2022\/01\/Smile-300x201.png 300w\" sizes=\"auto, (max-width: 320px) 100vw, 320px\" \/><\/figure>\n\n\n\n<p>The water park at our 4-star La Renaudi\u00e8re campsite is very well designed. <strong>near Pornic<\/strong> is sure to become your and your children's favourite place. <\/p>\n\n\n\n<p>There's something for everyone, from the indoor pool where you can relax as a couple or on your own, to the outdoor pool for the little ones and summer water games. What's more, from Monday to Friday in July and August, you can also join our entertainers for aquatic muscle-building sessions set to music! A great way to start the day after breakfast on the pool deck! <a href=\"https:\/\/mirabel-renaudiere.com\/en\/mobile-home-rental-rates\/\" target=\"_blank\" rel=\"noreferrer noopener\">terrace of your mobile home<\/a>.<\/p>\n\n\n\n<div style=\"height:1px\" aria-hidden=\"true\" class=\"wp-block-spacer\"><\/div>\n\n\n\n<p>After a day full of <a href=\"https:\/\/mirabel-renaudiere.com\/en\/good-addresses-links\/\" data-type=\"page\" data-id=\"73\"><strong>visits or activities<\/strong><\/a>, There's nothing better than jumping into your swimming costume and forgetting your everyday worries by taking advantage of the swimming pool at <strong>your 4-star campsite in Loire Atlantique!<\/strong><\/p>\n<\/div><figure class=\"wp-block-media-text__media\"><img loading=\"lazy\" decoding=\"async\" width=\"600\" height=\"400\" src=\"https:\/\/mirabel-renaudiere.com\/wp-content\/uploads\/2024\/10\/piscine-chauffee-camping-pornic.jpg\" alt=\"family campsite with water park\" class=\"wp-image-11852 size-full\" srcset=\"https:\/\/mirabel-renaudiere.com\/wp-content\/uploads\/2024\/10\/piscine-chauffee-camping-pornic.jpg 600w, https:\/\/mirabel-renaudiere.com\/wp-content\/uploads\/2024\/10\/piscine-chauffee-camping-pornic-300x200.jpg 300w\" sizes=\"auto, (max-width: 600px) 100vw, 600px\" \/><\/figure><\/div>\n\n\n\n<p class=\"has-text-align-center texte-rond mt-5 has-large-font-size\">Discover the campsite<\/p>\n\n\n\n<div class=\"wp-block-columns front-page-section grey is-layout-flex wp-container-core-columns-is-layout-28f84493 wp-block-columns-is-layout-flex\">\n<div class=\"wp-block-column is-layout-flow wp-block-column-is-layout-flow\"><\/div>\n\n\n\n<div class=\"wp-block-column is-layout-flow wp-block-column-is-layout-flow\">\n<div class=\"wp-block-create-block-sevgutenberg-navigation\"><aside class=\"encart-sev-navigation small carre\"><a href=\"https:\/\/mirabel-renaudiere.com\/en\/restaurant-bar-snack\/\" class=\"d-flex flex-column align-items-center\"><div class=\"encart-title\"><span>Snack Bar<\/span><\/div><div class=\"vague\"><\/div><img decoding=\"async\" src=\"https:\/\/www.mirabel-renaudiere.com\/wp-content\/uploads\/2022\/01\/snack-bar-camping-Pornic.jpg\" alt=\"camping snack bar Pornic\"\/><div class=\"ligne\"><\/div><div class=\"hover\"><\/div><\/a><\/aside><\/div>\n<\/div>\n\n\n\n<div class=\"wp-block-column is-vertically-aligned-center is-layout-flow wp-block-column-is-layout-flow\">\n<div class=\"wp-block-create-block-sevgutenberg-navigation\"><aside class=\"encart-sev-navigation small carre\"><a href=\"https:\/\/mirabel-renaudiere.com\/en\/activities-events-evenings\/\" class=\"d-flex flex-column align-items-center\"><div class=\"encart-title\"><span>Entertainment<\/span><\/div><div class=\"vague\"><\/div><img decoding=\"async\" src=\"https:\/\/www.mirabel-renaudiere.com\/wp-content\/uploads\/2023\/01\/animation-equipe-14juillet-france-camping.jpg\" alt=\"entertainment 14 july camping bleu blanc rouge\"\/><div class=\"ligne\"><\/div><div class=\"hover\"><\/div><\/a><\/aside><\/div>\n<\/div>\n\n\n\n<div class=\"wp-block-column is-layout-flow wp-block-column-is-layout-flow\">\n<div class=\"wp-block-create-block-sevgutenberg-navigation\"><aside class=\"encart-sev-navigation small carre\"><a href=\"https:\/\/mirabel-renaudiere.com\/en\/bike-hire-services\/\" class=\"d-flex flex-column align-items-center\"><div class=\"encart-title\"><span>Our services<\/span><\/div><div class=\"vague\"><\/div><img decoding=\"async\" src=\"https:\/\/www.mirabel-renaudiere.com\/wp-content\/uploads\/2021\/12\/reception-accueil-camping3.jpg\" alt=\"reception at the campsite near Pornic\"\/><div class=\"ligne\"><\/div><div class=\"hover\"><\/div><\/a><\/aside><\/div>\n<\/div>\n\n\n\n<div class=\"wp-block-column is-layout-flow wp-block-column-is-layout-flow\"><\/div>\n<\/div>\n\n\n\n<figure class=\"wp-block-image aligncenter size-large is-resized mt-5\"><img decoding=\"async\" src=\"https:\/\/www.mirabel-renaudiere.com\/wp-content\/uploads\/2022\/01\/photo-1024x84.png\" alt=\"photo gallery\" class=\"wp-image-2371\" style=\"width:768px;height:63px\"\/><\/figure>\n\n\n\t\t\t<div id=\"sevgallery-133322705\" class=\"sev-diaporama sev-diaporama-portfolio\">\r\n\t\t\t\t<div class=\"row\">\r\n\r\n\t\t\t\t\t\r\n\t\t\t\t\t\t\r\n\t\t\t\t\t\t<div class=\"sev-diaporama-portfolio-item    col-12 col-md\">\r\n\t\t\t\t\t\t\t<a href=\"https:\/\/mirabel-renaudiere.com\/wp-content\/uploads\/2024\/01\/piscine-couverte-baignade.jpg\" data-lightbox=\"sevgallery-133322705\" style=\"background-image: url(https:\/\/mirabel-renaudiere.com\/wp-content\/uploads\/2024\/01\/piscine-couverte-baignade.jpg)\">\r\n\t\t\t\t\t\t\t\t<img decoding=\"async\" src=\"https:\/\/mirabel-renaudiere.com\/wp-content\/uploads\/2024\/01\/piscine-couverte-baignade.jpg\" alt=\"heated indoor swimming pool\" loading=\"lazy\">\r\n\t\t\t\t\t\t\t\t\t\t\t\t\t\t\t<\/a>\r\n\t\t\t\t\t\t<\/div>\r\n\r\n\t\t\t\t\t\t\r\n\t\t\t\t\t\t\t\t\t\t\t\t\t\t\t\t\t\r\n\t\t\t\t\t\t\r\n\t\t\t\t\t\t<div class=\"sev-diaporama-portfolio-item    col-12 col-md\">\r\n\t\t\t\t\t\t\t<a href=\"https:\/\/mirabel-renaudiere.com\/wp-content\/uploads\/2024\/01\/piscine-couverte-soleil.jpg\" data-lightbox=\"sevgallery-133322705\" style=\"background-image: url(https:\/\/mirabel-renaudiere.com\/wp-content\/uploads\/2024\/01\/piscine-couverte-soleil.jpg)\">\r\n\t\t\t\t\t\t\t\t<img decoding=\"async\" src=\"https:\/\/mirabel-renaudiere.com\/wp-content\/uploads\/2024\/01\/piscine-couverte-soleil.jpg\" alt=\"covered swimming pool open to the sun\" loading=\"lazy\">\r\n\t\t\t\t\t\t\t\t\t\t\t\t\t\t\t<\/a>\r\n\t\t\t\t\t\t<\/div>\r\n\r\n\t\t\t\t\t\t\r\n\t\t\t\t\t\t\t\t\t\t\t\t\t\t\t\t\t\r\n\t\t\t\t\t\t\r\n\t\t\t\t\t\t<div class=\"sev-diaporama-portfolio-item    col-12 col-md  col-grow\">\r\n\t\t\t\t\t\t\t<a href=\"https:\/\/mirabel-renaudiere.com\/wp-content\/uploads\/2024\/01\/piscine-toboggans-enfants.jpg\" data-lightbox=\"sevgallery-133322705\" style=\"background-image: url(https:\/\/mirabel-renaudiere.com\/wp-content\/uploads\/2024\/01\/piscine-toboggans-enfants.jpg)\">\r\n\t\t\t\t\t\t\t\t<img decoding=\"async\" src=\"https:\/\/mirabel-renaudiere.com\/wp-content\/uploads\/2024\/01\/piscine-toboggans-enfants.jpg\" alt=\"children&#039;s slide\" loading=\"lazy\">\r\n\t\t\t\t\t\t\t\t\t\t\t\t\t\t\t<\/a>\r\n\t\t\t\t\t\t<\/div>\r\n\r\n\t\t\t\t\t\t\r\n\t\t\t\t\t\t\t\t\t\t\t\t\t\t\t\t\t\r\n\t\t\t\t\t\t\r\n\t\t\t\t\t\t<div class=\"sev-diaporama-portfolio-item    col-12 col-md  col-grow\">\r\n\t\t\t\t\t\t\t<a href=\"https:\/\/mirabel-renaudiere.com\/wp-content\/uploads\/2023\/01\/piscine-plage-transt-bronzage.jpg\" data-lightbox=\"sevgallery-133322705\" style=\"background-image: url(https:\/\/mirabel-renaudiere.com\/wp-content\/uploads\/2023\/01\/piscine-plage-transt-bronzage.jpg)\">\r\n\t\t\t\t\t\t\t\t<img decoding=\"async\" src=\"https:\/\/mirabel-renaudiere.com\/wp-content\/uploads\/2023\/01\/piscine-plage-transt-bronzage.jpg\" alt=\"swimming pool beach deckchair rest sunbathing\" loading=\"lazy\">\r\n\t\t\t\t\t\t\t\t\t\t\t\t\t\t\t<\/a>\r\n\t\t\t\t\t\t<\/div>\r\n\r\n\t\t\t\t\t\t\t\t\t\t\t\t\t<div class=\"w-100\"><\/div>\r\n\t\t\t\t\t\t\t\t\t\t\t\t\t\r\n\t\t\t\t\t\t\t\t\t\t\t\t\t\t\t\t\t\r\n\t\t\t\t\t\t\r\n\t\t\t\t\t\t<div class=\"sev-diaporama-portfolio-item    col-12 col-md\">\r\n\t\t\t\t\t\t\t<a href=\"https:\/\/mirabel-renaudiere.com\/wp-content\/uploads\/2021\/12\/piscine-couverte-pornic-1-1024x683.jpg\" data-lightbox=\"sevgallery-133322705\" style=\"background-image: url(https:\/\/mirabel-renaudiere.com\/wp-content\/uploads\/2021\/12\/piscine-couverte-pornic-1-1024x683.jpg)\">\r\n\t\t\t\t\t\t\t\t<img decoding=\"async\" src=\"https:\/\/mirabel-renaudiere.com\/wp-content\/uploads\/2021\/12\/piscine-couverte-pornic-1-1024x683.jpg\" alt=\"Campsite with indoor swimming pool near Pornic\" loading=\"lazy\">\r\n\t\t\t\t\t\t\t\t\t\t\t\t\t\t\t<\/a>\r\n\t\t\t\t\t\t<\/div>\r\n\r\n\t\t\t\t\t\t\r\n\t\t\t\t\t\t\t\t\t\t\t\t\t\t\t\t\t\r\n\t\t\t\t\t\t\r\n\t\t\t\t\t\t<div class=\"sev-diaporama-portfolio-item    col-12 col-md\">\r\n\t\t\t\t\t\t\t<a href=\"https:\/\/mirabel-renaudiere.com\/wp-content\/uploads\/2023\/01\/piscine-toboggan-glissade.jpg\" data-lightbox=\"sevgallery-133322705\" style=\"background-image: url(https:\/\/mirabel-renaudiere.com\/wp-content\/uploads\/2023\/01\/piscine-toboggan-glissade.jpg)\">\r\n\t\t\t\t\t\t\t\t<img decoding=\"async\" src=\"https:\/\/mirabel-renaudiere.com\/wp-content\/uploads\/2023\/01\/piscine-toboggan-glissade.jpg\" alt=\"swimming pool slides\" loading=\"lazy\">\r\n\t\t\t\t\t\t\t\t\t\t\t\t\t\t\t<\/a>\r\n\t\t\t\t\t\t<\/div>\r\n\r\n\t\t\t\t\t\t\r\n\t\t\t\t\t\t\t\t\t\t\t\t\t\t\t\t\t\r\n\t\t\t\t\t\t\r\n\t\t\t\t\t\t<div class=\"sev-diaporama-portfolio-item    col-12 col-md\">\r\n\t\t\t\t\t\t\t<a href=\"https:\/\/mirabel-renaudiere.com\/wp-content\/uploads\/2024\/01\/piscine-exterieure-terrasse.jpg\" data-lightbox=\"sevgallery-133322705\" style=\"background-image: url(https:\/\/mirabel-renaudiere.com\/wp-content\/uploads\/2024\/01\/piscine-exterieure-terrasse.jpg)\">\r\n\t\t\t\t\t\t\t\t<img decoding=\"async\" src=\"https:\/\/mirabel-renaudiere.com\/wp-content\/uploads\/2024\/01\/piscine-exterieure-terrasse.jpg\" alt=\"terrace heated pool area\" loading=\"lazy\">\r\n\t\t\t\t\t\t\t\t\t\t\t\t\t\t\t<\/a>\r\n\t\t\t\t\t\t<\/div>\r\n\r\n\t\t\t\t\t\t\r\n\t\t\t\t\t\t\t\t\t\t\t\t\t\t\t\t\t\r\n\t\t\t\t\t\t\r\n\t\t\t\t\t\t<div class=\"sev-diaporama-portfolio-item  limitsm  col-12 col-md  col-grow last-visible\">\r\n\t\t\t\t\t\t\t<a href=\"https:\/\/mirabel-renaudiere.com\/en\/photos-camping-renaudiere\"  style=\"background-image: url(https:\/\/mirabel-renaudiere.com\/wp-content\/uploads\/2022\/01\/galerie-photo.png)\">\r\n\t\t\t\t\t\t\t\t<img decoding=\"async\" src=\"https:\/\/mirabel-renaudiere.com\/wp-content\/uploads\/2022\/01\/galerie-photo.png\" alt=\"photo gallery\" loading=\"lazy\">\r\n\t\t\t\t\t\t\t\t\t\t\t\t\t\t\t\t\t<img decoding=\"async\" src=\"https:\/\/mirabel-renaudiere.com\/wp-content\/themes\/renaudiere\/assets\/img\/voir-photos.png\" alt=\"\" \/>\r\n\t\t\t\t\t\t\t\t\t<span>View all photos<\/span>\r\n\t\t\t\t\t\t\t\t\t\t\t\t\t\t\t<\/a>\r\n\t\t\t\t\t\t<\/div>\r\n\r\n\t\t\t\t\t\t\t\t\t\t\t\t\t<div class=\"w-100\"><\/div>\r\n\t\t\t\t\t\t\t\t\t\t\t\t\t\r\n\t\t\t\t\t\t\t\t\t\t\t\t\t\t\t\t\t\t\t\t\t<\/div>\r\n\t\t\t<\/div>\r\n\r\n\t\t\t<script>\r\n\t\t\tjQuery(function($) {\r\n\r\n\t\t\t\tvar marginPortfolio = function() {\r\n\r\n\t\t\t\t\tvar $diapo          = $('#sevgallery-133322705');\r\n\t\t\t\t\tvar container_width = $diapo.parent().outerWidth();\r\n\t\t\t\t\tvar side            = ( $(window).innerWidth() - container_width ) \/ 2;\r\n\r\n\t\t\t\t\t$diapo.css( {\r\n\t\t\t\t\t\t'margin-left': '-' + side + 'px',\r\n\t\t\t\t\t\t'margin-right': '-' + side + 'px',\r\n\t\t\t\t\t} );\r\n\t\t\t\t};\r\n\r\n\t\t\t\t$( window ).resize( function() {\r\n\t\t\t\t\tmarginPortfolio();\r\n\t\t\t\t} );\r\n\t\t\t\tmarginPortfolio();\r\n\t\t\t});\r\n\t\t\t<\/script>\r\n\t\t\t\n\n\n\n<p><\/p>","protected":false},"excerpt":{"rendered":"<p>Camping avec piscine couverte pr\u00e8s de Pornic Au Camping Mirabel La Renaudi\u00e8re \u00e0 la Plaine-sur-Mer, retrouvez l\u2019espace aquatique familial avec [&hellip;]<\/p>\n","protected":false},"author":1,"featured_media":0,"parent":0,"menu_order":0,"comment_status":"closed","ping_status":"closed","template":"","meta":{"_seopress_robots_primary_cat":"","_seopress_titles_title":"Camping avec piscine couverte et toboggans pr\u00e8s de Pornic","_seopress_titles_desc":"4 toboggans aquatiques, piscine int\u00e9rieure et ext\u00e9rieure avec jacuzzi et espace bien-\u00eatre pour toute la famille au camping \u00e0 10 minutes des plages de Pornic.","_seopress_robots_index":"","footnotes":""},"class_list":["post-54","page","type-page","status-publish","hentry"],"_links":{"self":[{"href":"https:\/\/mirabel-renaudiere.com\/en\/wp-json\/wp\/v2\/pages\/54","targetHints":{"allow":["GET"]}}],"collection":[{"href":"https:\/\/mirabel-renaudiere.com\/en\/wp-json\/wp\/v2\/pages"}],"about":[{"href":"https:\/\/mirabel-renaudiere.com\/en\/wp-json\/wp\/v2\/types\/page"}],"author":[{"embeddable":true,"href":"https:\/\/mirabel-renaudiere.com\/en\/wp-json\/wp\/v2\/users\/1"}],"replies":[{"embeddable":true,"href":"https:\/\/mirabel-renaudiere.com\/en\/wp-json\/wp\/v2\/comments?post=54"}],"version-history":[{"count":212,"href":"https:\/\/mirabel-renaudiere.com\/en\/wp-json\/wp\/v2\/pages\/54\/revisions"}],"predecessor-version":[{"id":11960,"href":"https:\/\/mirabel-renaudiere.com\/en\/wp-json\/wp\/v2\/pages\/54\/revisions\/11960"}],"wp:attachment":[{"href":"https:\/\/mirabel-renaudiere.com\/en\/wp-json\/wp\/v2\/media?parent=54"}],"curies":[{"name":"wp","href":"https:\/\/api.w.org\/{rel}","templated":true}]}}