{"id":60,"date":"2021-12-10T14:21:54","date_gmt":"2021-12-10T13:21:54","guid":{"rendered":"https:\/\/www.campinglarenaudiere.com\/?page_id=60"},"modified":"2026-04-30T10:15:38","modified_gmt":"2026-04-30T08:15:38","slug":"tariffs-for-caravan-tents","status":"publish","type":"page","link":"https:\/\/mirabel-renaudiere.com\/en\/tarifs-tentes-caravanes","title":{"rendered":"Pitches"},"content":{"rendered":"<h1 class=\"wp-block-heading\" id=\"des-emplacements-de-camping-caravaning-proches-de-la-cote-de-jade\">Campsites and caravan parks near Pornic<\/h1>\n\n\n\n<p class=\"has-text-align-center\">At our 4-star La Renaudi\u00e8re Mirabel campsite, you can bring your tent, motorhome or caravan for a weekend or a few weeks' holiday!<\/p>\n\n\n\n<p class=\"has-text-align-center border border-info card pt-2 pl-4 pr-4\"><strong>New for 2026: Grand Comfort Pitches <\/strong><br>When touring in a motorhome or caravan, enjoy your <strong>Private water supply and drainage connection <\/strong>on stabilised plots of at least 100m\u00b2.&nbsp;<\/p>\n\n\n\n<div class=\"wp-block-media-text alignwide has-media-on-the-right is-stacked-on-mobile\" style=\"grid-template-columns:auto 46%\"><div class=\"wp-block-media-text__content\">\n<figure class=\"wp-block-image alignleft size-full is-resized\"><img loading=\"lazy\" decoding=\"async\" width=\"312\" height=\"275\" src=\"https:\/\/www.mirabel-renaudiere.com\/wp-content\/uploads\/2022\/01\/tente-1.png\" alt=\"camping tent\" class=\"wp-image-2531\" style=\"width:78px;height:69px\" srcset=\"https:\/\/mirabel-renaudiere.com\/wp-content\/uploads\/2022\/01\/tente-1.png 312w, https:\/\/mirabel-renaudiere.com\/wp-content\/uploads\/2022\/01\/tente-1-300x264.png 300w\" sizes=\"auto, (max-width: 312px) 100vw, 312px\" \/><\/figure>\n\n\n\n<p class=\"texte-rond has-orange-color has-text-color has-large-font-size\">Your spacious pitch in the fresh air near the beaches!<\/p>\n\n\n\n<p><strong>Large pitches<\/strong> to pitch your tent, caravan or camper van. <\/p>\n\n\n\n<p>You can choose between <strong>demarcated sites<\/strong>, sunny or shady. <\/p>\n\n\n\n<p>Our campsite offers you <strong>large natural spaces<\/strong> to set up your awning, picnic table and even your deckchair on your campsite!<\/p>\n\n\n\n<p>Choose your location according to your habits: close to <a href=\"https:\/\/mirabel-renaudiere.com\/en\/swimming-pool-aquatic-area\/\" target=\"_blank\" rel=\"noreferrer noopener\">the pool <\/a>or rather for some peace and quiet, far from the summer hustle and bustle! <em>(Optional at \u20ac30)<\/em><\/p>\n\n\n\n<p class=\"tex\" id=\"camping-car\"><\/p>\n\n\n\n<p>See the <a href=\"https:\/\/mirabel-renaudiere.com\/en\/campsite-map\/\">campsite map<\/a><\/p>\n<\/div><figure class=\"wp-block-media-text__media\"><img loading=\"lazy\" decoding=\"async\" width=\"700\" height=\"540\" src=\"https:\/\/www.mirabel-renaudiere.com\/wp-content\/uploads\/2023\/01\/emplacements-camping-caravaning-2.jpg\" alt=\"shaded camping and caravanning pitches\" class=\"wp-image-6820 size-full\" srcset=\"https:\/\/mirabel-renaudiere.com\/wp-content\/uploads\/2023\/01\/emplacements-camping-caravaning-2.jpg 700w, https:\/\/mirabel-renaudiere.com\/wp-content\/uploads\/2023\/01\/emplacements-camping-caravaning-2-300x231.jpg 300w\" sizes=\"auto, (max-width: 700px) 100vw, 700px\" \/><\/figure><\/div>\n\n\n\n<div class=\"wp-block-media-text is-stacked-on-mobile\"><figure class=\"wp-block-media-text__media\"><img loading=\"lazy\" decoding=\"async\" width=\"587\" height=\"600\" src=\"https:\/\/mirabel-renaudiere.com\/wp-content\/uploads\/2023\/01\/emplacement-tente-camping-1.jpg\" alt=\"camping pitch tent caravan\" class=\"wp-image-6730 size-full\" srcset=\"https:\/\/mirabel-renaudiere.com\/wp-content\/uploads\/2023\/01\/emplacement-tente-camping-1.jpg 587w, https:\/\/mirabel-renaudiere.com\/wp-content\/uploads\/2023\/01\/emplacement-tente-camping-1-294x300.jpg 294w\" sizes=\"auto, (max-width: 587px) 100vw, 587px\" \/><\/figure><div class=\"wp-block-media-text__content\">\n<h2 class=\"wp-block-heading\">Come camping with your tent <\/h2>\n\n\n\n<p>For the <strong>camping lovers<\/strong>, the real deal, under the tent, with the mattress inflation, the \u00abpegging of sardines\u00bb, you've found your dream spot! Here, you can settle down peacefully under <strong>in the shade of the tall pines,<\/strong> and take advantage of all the campsite services. In summer, the activities resume, the <a href=\"https:\/\/mirabel-renaudiere.com\/en\/restaurant-bar-snack\/\" target=\"_blank\" rel=\"noreferrer noopener\">bistrot du camping<\/a> is open (reopening in May) and the swimming pool is open until 8pm. All you have to do is enjoy!<\/p>\n\n\n\n<div class=\"wp-block-group border border-info card pt-2 pl-4 pr-4 is-layout-flow wp-block-group-is-layout-flow\">\n<p class=\"has-text-align-center pl-4 pt-2\"><strong>PRACTICE<\/strong><br> <img decoding=\"async\" class=\"wp-image-2357\" style=\"width: 50px;\" src=\"https:\/\/www.mirabel-renaudiere.com\/wp-content\/uploads\/2022\/01\/barre-orange.png\" alt=\"\"> <\/p>\n\n\n\n<p> <span class=\"has-inline-color has-orange-color\"><strong> <span class=\"has-inline-color has-orange-color\">\u2022<\/span><\/strong><\/span> <strong>Size of pitches<\/strong> from 80 to 120m<sup>2<\/sup><\/p>\n\n\n\n<p> <span class=\"has-inline-color has-orange-color\"><strong> <span class=\"has-inline-color has-orange-color\">\u2022<\/span><\/strong><\/span> <strong>Access <\/strong>The aisles are wide enough for all types of vehicles, and we'll be on hand to guide you.<\/p>\n\n\n\n<p> <span class=\"has-inline-color has-orange-color\"><strong> <span class=\"has-inline-color has-orange-color\">\u2022<\/span><\/strong><\/span> <strong>Sanitary<\/strong> with a dedicated family area and toilet facilities for people with reduced mobility.<\/p>\n\n\n\n<p> <mark style=\"background-color:rgba(0, 0, 0, 0)\" class=\"has-inline-color has-orange-color\"><strong> <mark style=\"background-color:rgba(0, 0, 0, 0)\" class=\"has-inline-color has-orange-color\">\u2022<\/mark><\/strong><\/mark>  Campsite arrivals are daily from 2pm and departures before 12pm.<\/p>\n<\/div>\n<\/div><\/div>\n\n\n\n<div style=\"height:19px\" aria-hidden=\"true\" class=\"wp-block-spacer\"><\/div>\n\n\n\n<div class=\"wp-block-media-text alignwide has-media-on-the-right is-stacked-on-mobile\"><div class=\"wp-block-media-text__content\">\n<h2 class=\"wp-block-heading\" id=\"aire-de-service-pour-camping-car\">Camper pitches and service area<\/h2>\n\n\n\n<figure class=\"wp-block-image size-full\"><img decoding=\"async\" src=\"https:\/\/www.mirabel-renaudiere.com\/wp-content\/uploads\/2022\/01\/barre-bleue.png\" alt=\"\" class=\"wp-image-2382\"\/><\/figure>\n\n\n\n<div style=\"height:1px\" aria-hidden=\"true\" class=\"wp-block-spacer\"><\/div>\n\n\n\n<figure class=\"wp-block-image alignleft size-full is-resized\"><img loading=\"lazy\" decoding=\"async\" width=\"200\" height=\"200\" src=\"https:\/\/www.mirabel-renaudiere.com\/wp-content\/uploads\/2022\/01\/Picto-Camping-car.png\" alt=\"\" class=\"wp-image-2972\" style=\"width:84px;height:84px\" srcset=\"https:\/\/mirabel-renaudiere.com\/wp-content\/uploads\/2022\/01\/Picto-Camping-car.png 200w, https:\/\/mirabel-renaudiere.com\/wp-content\/uploads\/2022\/01\/Picto-Camping-car-150x150.png 150w\" sizes=\"auto, (max-width: 200px) 100vw, 200px\" \/><\/figure>\n\n\n\n<p>If you have a motorhome, caravan or converted van, you'll be happy to hire our <strong>large pitches<\/strong> for your holiday. Electricity is included in the rental price. For added comfort, <strong>a service area<\/strong> with a water point is located at the entrance to the campsite near reception. Motorhome owners can therefore <strong>emptying <\/strong>of their motorhome before hitting the road again.<\/p>\n<\/div><figure class=\"wp-block-media-text__media\"><img loading=\"lazy\" decoding=\"async\" width=\"1024\" height=\"683\" src=\"https:\/\/www.mirabel-renaudiere.com\/wp-content\/uploads\/2021\/12\/air-service-camping-car-1024x683.jpg\" alt=\"motor home service area\" class=\"wp-image-399 size-full\" srcset=\"https:\/\/mirabel-renaudiere.com\/wp-content\/uploads\/2021\/12\/air-service-camping-car-1024x683.jpg 1024w, https:\/\/mirabel-renaudiere.com\/wp-content\/uploads\/2021\/12\/air-service-camping-car-300x200.jpg 300w, https:\/\/mirabel-renaudiere.com\/wp-content\/uploads\/2021\/12\/air-service-camping-car-768x512.jpg 768w, https:\/\/mirabel-renaudiere.com\/wp-content\/uploads\/2021\/12\/air-service-camping-car.jpg 1200w\" sizes=\"auto, (max-width: 1024px) 100vw, 1024px\" \/><\/figure><\/div>\n\n\n\n<div style=\"height:29px\" aria-hidden=\"true\" class=\"wp-block-spacer\"><\/div>\n\n\n\n<div class=\"wp-block-group front-page-section grey is-layout-flow wp-block-group-is-layout-flow\">\n<p class=\"has-text-align-center\"><\/p>\n<\/div>\n\n\n\n<div style=\"height:10px\" aria-hidden=\"true\" class=\"wp-block-spacer\"><\/div>\n\n\n\n<figure class=\"wp-block-image alignleft size-full is-resized\"><img loading=\"lazy\" decoding=\"async\" width=\"312\" height=\"275\" src=\"https:\/\/www.mirabel-renaudiere.com\/wp-content\/uploads\/2022\/01\/tente-1.png\" alt=\"camping tent\" class=\"wp-image-2531\" style=\"width:159px;height:auto\" srcset=\"https:\/\/mirabel-renaudiere.com\/wp-content\/uploads\/2022\/01\/tente-1.png 312w, https:\/\/mirabel-renaudiere.com\/wp-content\/uploads\/2022\/01\/tente-1-300x264.png 300w\" sizes=\"auto, (max-width: 312px) 100vw, 312px\" \/><\/figure>\n\n\n\n<h2 class=\"wp-block-heading has-text-align-left\" id=\"reservez-un-forfait-camping\">Book a camping package <\/h2>\n\n\n\n<p>To choose your location, select the option <strong>\u00abguaranteed location choice for \u20ac30<\/strong>.<\/p>\n\n\n\n<p><em>Possible to choose online or by phone, depending on availability<\/em>. <em>Without subscribing to this option, we cannot guarantee a specific location.<\/em><\/p>\n\n\n\n<p><\/p>\n\n\n\n<h3 class=\"wp-block-heading\">Pitch + 1 vehicle + Electricity<\/h3>\n\n\n\n<ctv-availability data-product-id=\"105023\" data-background-color=\"#FFFFFFFF\"><\/ctv-availability>\n\n\n\n<h3 class=\"wp-block-heading\">Prime Location.<\/h3>\n\n\n\n<p>Large, stabilised pitch (minimum 100m\u00b2)<sup>2<\/sup>)<\/p>\n\n\n\n<p>With its electrical connection: <strong>16A amperage, water and wastewater drainage<\/strong>. <\/p>\n\n\n<p><ctv-availability data-product-id=\"148279\" data-background-color=\"#FFFFFFFF\"><\/ctv-availability><\/p>\n\n\n\n<pre class=\"wp-block-code\"><code><\/code><\/pre>\n\n\n\n<div class=\"wp-block-columns is-layout-flex wp-container-core-columns-is-layout-28f84493 wp-block-columns-is-layout-flex\">\n<div class=\"wp-block-column has-white-color has-text-color is-layout-flow wp-block-column-is-layout-flow\">\n<div class=\"wp-block-group card h-100 pl-4 pr-4 pt-4 rounded-lg border border-info is-layout-flow wp-block-group-is-layout-flow\">\n<p class=\"has-text-align-left has-turquoise-color has-text-color has-medium-font-size\"><img loading=\"lazy\" decoding=\"async\" width=\"50\" height=\"51\" class=\"wp-image-1933\" style=\"width: 50px;\" src=\"https:\/\/www.mirabel-renaudiere.com\/wp-content\/uploads\/2021\/12\/etoile.png\" alt=\"star\" srcset=\"https:\/\/mirabel-renaudiere.com\/wp-content\/uploads\/2021\/12\/etoile.png 320w, https:\/\/mirabel-renaudiere.com\/wp-content\/uploads\/2021\/12\/etoile-292x300.png 292w, https:\/\/mirabel-renaudiere.com\/wp-content\/uploads\/2021\/12\/etoile-150x150.png 150w\" sizes=\"auto, (max-width: 50px) 100vw, 50px\" \/>   &nbsp;      <strong>OPTIONAL<\/strong> (Price per night)<\/p>\n\n\n\n<figure class=\"wp-block-table text-left\"><table class=\"has-turquoise-color has-text-color\"><tbody><tr><td class=\"has-text-align-left\" data-align=\"left\"><strong> <span class=\"has-inline-color has-orange-color\">\u2022<\/span> <\/strong> <strong>Fridge hire<\/strong><\/td><td class=\"has-text-align-left\" data-align=\"left\"><strong>6\u20ac<\/strong><\/td><\/tr><tr><td class=\"has-text-align-left\" data-align=\"left\"><strong><span style=\"background-color:rgba(0, 0, 0, 0)\" class=\"has-inline-color has-orange-color\">\u2022<\/span> <\/strong> <strong>Gas griddle<\/strong><\/td><td class=\"has-text-align-left\" data-align=\"left\"><strong>6\u20ac<\/strong><br>Night<\/td><\/tr><tr><td class=\"has-text-align-left\" data-align=\"left\"><strong> <span class=\"has-inline-color has-orange-color\">\u2022<\/span> <\/strong> <strong>Laundry <br><\/strong><em>(detergent supplied)<\/em><\/td><td class=\"has-text-align-left\" data-align=\"left\"><strong>5\u20ac<\/strong><br>token<strong> <\/strong><\/td><\/tr><tr><td class=\"has-text-align-left\" data-align=\"left\"><strong><span class=\"has-inline-color has-orange-color\">\u2022<\/span> <\/strong> <strong>Wi-Fi <\/strong><em>(per day, week, month)<\/em><\/td><td class=\"has-text-align-left\" data-align=\"left\"><strong>from \u20ac9 to \u20ac35<\/strong><\/td><\/tr><tr><td class=\"has-text-align-left\" data-align=\"left\"><strong><span class=\"has-inline-color has-orange-color\">\u2022<\/span> <\/strong> <strong>Pets allowed <em><br><\/em><\/strong><em>Cats and dogs, excluding category 1 and 2, maximum 2 per location, rabies vaccinations mandatory<\/em><\/td><td class=\"has-text-align-left\" data-align=\"left\"><strong>5\u20ac<\/strong><br>Night <\/td><\/tr><\/tbody><\/table><\/figure>\n<\/div>\n<\/div>\n\n\n\n<div class=\"wp-block-column has-orange-color has-white-color has-text-color is-layout-flow wp-block-column-is-layout-flow\">\n<div class=\"wp-block-cover aligncenter card h-100 pl-4 pr-4 pt-4\"><img loading=\"lazy\" decoding=\"async\" width=\"1920\" height=\"1280\" class=\"wp-block-cover__image-background wp-image-1376\" alt=\"\" src=\"https:\/\/www.mirabel-renaudiere.com\/wp-content\/uploads\/2022\/01\/services-camping-Pornic.jpg\" data-object-fit=\"cover\" srcset=\"https:\/\/mirabel-renaudiere.com\/wp-content\/uploads\/2022\/01\/services-camping-Pornic.jpg 1920w, https:\/\/mirabel-renaudiere.com\/wp-content\/uploads\/2022\/01\/services-camping-Pornic-300x200.jpg 300w, https:\/\/mirabel-renaudiere.com\/wp-content\/uploads\/2022\/01\/services-camping-Pornic-1024x683.jpg 1024w, https:\/\/mirabel-renaudiere.com\/wp-content\/uploads\/2022\/01\/services-camping-Pornic-768x512.jpg 768w, https:\/\/mirabel-renaudiere.com\/wp-content\/uploads\/2022\/01\/services-camping-Pornic-1536x1024.jpg 1536w\" sizes=\"auto, (max-width: 1920px) 100vw, 1920px\" \/><span aria-hidden=\"true\" class=\"wp-block-cover__background has-turquoise-background-color has-background-dim-80 has-background-dim\"><\/span><div class=\"wp-block-cover__inner-container is-layout-flow wp-block-cover-is-layout-flow\">\n<p class=\"has-medium-font-size\"><img loading=\"lazy\" decoding=\"async\" width=\"80\" height=\"54\" class=\"wp-image-1977\" style=\"width: 80px;\" src=\"https:\/\/www.mirabel-renaudiere.com\/wp-content\/uploads\/2021\/12\/smile-blanc.png\" alt=\"\" srcset=\"https:\/\/mirabel-renaudiere.com\/wp-content\/uploads\/2021\/12\/smile-blanc.png 320w, https:\/\/mirabel-renaudiere.com\/wp-content\/uploads\/2021\/12\/smile-blanc-300x201.png 300w\" sizes=\"auto, (max-width: 80px) 100vw, 80px\" \/>    &nbsp;  <strong>PRACTICE<\/strong><\/p>\n\n\n\n<div style=\"height:28px\" aria-hidden=\"true\" class=\"wp-block-spacer\"><\/div>\n\n\n\n<p class=\"wp-block-sev-picto-text\"><i class=\"fa fa-calendar-alt\"><\/i><span>Arrival from 2pm and departure until 12pm<\/span><\/p>\n\n\n\n<p class=\"wp-block-sev-picto-text\"><i class=\"fas fa-wifi\"><\/i><span>Wi-Fi at the campsite (1 connection included in the pitch price)<\/span><\/p>\n\n\n\n<div style=\"height:28px\" aria-hidden=\"true\" class=\"wp-block-spacer\"><\/div>\n\n\n\n<p class=\"has-text-align-center\"><strong>Reception opening times<\/strong><br><img loading=\"lazy\" decoding=\"async\" width=\"49\" height=\"6\" class=\"wp-image-4325\" style=\"width: 49px;\" src=\"https:\/\/www.mirabel-renaudiere.com\/wp-content\/uploads\/2021\/12\/barre-camping-1.png\" alt=\"\"><\/p>\n\n\n\n<p class=\"has-text-align-center\">Low season: 9 am \u2013 12 pm \/ 2 pm \u2013 6 pm  <br><em>From Monday to Saturday (and bank holidays on Sundays)<\/em><\/p>\n\n\n\n<p class=\"has-text-align-center\">July-August: 9am \u2013 12.30pm \/ 2pm \u2013 7pm <br><em>every day<\/em><\/p>\n<\/div><\/div>\n<\/div>\n<\/div>\n\n\n\n<p class=\"has-text-align-center texte-rond mt-5 has-large-font-size\">Discover the campsite<\/p>\n\n\n\n<div class=\"wp-block-columns are-vertically-aligned-center h-20 front-page-section grey is-layout-flex wp-container-core-columns-is-layout-28f84493 wp-block-columns-is-layout-flex\">\n<div class=\"wp-block-column is-layout-flow wp-block-column-is-layout-flow\"><\/div>\n\n\n\n<div class=\"wp-block-column is-layout-flow wp-block-column-is-layout-flow\">\n<div class=\"wp-block-create-block-sevgutenberg-navigation\"><aside class=\"encart-sev-navigation small carre\"><a href=\"https:\/\/mirabel-renaudiere.com\/en\/campsite-map\/\" class=\"d-flex flex-column align-items-center\"><div class=\"encart-title\"><span>Map of the campsite<\/span><\/div><div class=\"vague\"><\/div><img decoding=\"async\" src=\"https:\/\/www.mirabel-renaudiere.com\/wp-content\/uploads\/2023\/04\/Plan-Renaudiere-2026-web.jpg\" alt=\"\"\/><div class=\"ligne\"><\/div><div class=\"hover\"><\/div><\/a><\/aside><\/div>\n<\/div>\n\n\n\n<div class=\"wp-block-column is-vertically-aligned-center is-layout-flow wp-block-column-is-layout-flow\">\n<div class=\"wp-block-create-block-sevgutenberg-navigation\"><aside class=\"encart-sev-navigation small carre\"><a href=\"https:\/\/mirabel-renaudiere.com\/en\/bike-hire-services\/\" class=\"d-flex flex-column align-items-center\"><div class=\"encart-title\"><span>Services<\/span><\/div><div class=\"vague\"><\/div><img decoding=\"async\" src=\"https:\/\/www.mirabel-renaudiere.com\/wp-content\/uploads\/2022\/01\/services-camping-Pornic.jpg\" alt=\"campsite services in Pornic\"\/><div class=\"ligne\"><\/div><div class=\"hover\"><\/div><\/a><\/aside><\/div>\n<\/div>\n\n\n\n<div class=\"wp-block-column is-vertically-aligned-center is-layout-flow wp-block-column-is-layout-flow\">\n<div class=\"wp-block-create-block-sevgutenberg-navigation\"><aside class=\"encart-sev-navigation small carre\"><a href=\"https:\/\/mirabel-renaudiere.com\/en\/mobile-home-rental-rates\/\" class=\"d-flex flex-column align-items-center\"><div class=\"encart-title\"><span>Mobile homes<\/span><\/div><div class=\"vague\"><\/div><img decoding=\"async\" src=\"https:\/\/www.mirabel-renaudiere.com\/wp-content\/uploads\/2023\/04\/mobil-home-location-vacances-plaien-sur-mer.jpg\" alt=\"mobile home rental pornic\"\/><div class=\"ligne\"><\/div><div class=\"hover\"><\/div><\/a><\/aside><\/div>\n<\/div>\n\n\n\n<div class=\"wp-block-column is-layout-flow wp-block-column-is-layout-flow\"><\/div>\n<\/div>\n\n\n\n<figure class=\"wp-block-image aligncenter size-large is-resized mt-5\"><img decoding=\"async\" src=\"https:\/\/www.mirabel-renaudiere.com\/wp-content\/uploads\/2022\/01\/photo-1024x84.png\" alt=\"photo gallery\" class=\"wp-image-2371\" style=\"width:768px;height:63px\"\/><\/figure>\n\n\n\t\t\t<div id=\"sevgallery-497630810\" class=\"sev-diaporama sev-diaporama-portfolio\">\r\n\t\t\t\t<div class=\"row\">\r\n\r\n\t\t\t\t\t\r\n\t\t\t\t\t\t\r\n\t\t\t\t\t\t<div class=\"sev-diaporama-portfolio-item    col-12 col-md\">\r\n\t\t\t\t\t\t\t<a href=\"https:\/\/mirabel-renaudiere.com\/wp-content\/uploads\/2021\/12\/emplacement-tente-camping-1024x683.jpg\" data-lightbox=\"sevgallery-497630810\" style=\"background-image: url(https:\/\/mirabel-renaudiere.com\/wp-content\/uploads\/2021\/12\/emplacement-tente-camping-1024x683.jpg)\">\r\n\t\t\t\t\t\t\t\t<img decoding=\"async\" src=\"https:\/\/mirabel-renaudiere.com\/wp-content\/uploads\/2021\/12\/emplacement-tente-camping-1024x683.jpg\" alt=\"camping tent pitch\" loading=\"lazy\">\r\n\t\t\t\t\t\t\t\t\t\t\t\t\t\t\t<\/a>\r\n\t\t\t\t\t\t<\/div>\r\n\r\n\t\t\t\t\t\t\r\n\t\t\t\t\t\t\t\t\t\t\t\t\t\t\t\t\t\r\n\t\t\t\t\t\t\r\n\t\t\t\t\t\t<div class=\"sev-diaporama-portfolio-item    col-12 col-md\">\r\n\t\t\t\t\t\t\t<a href=\"https:\/\/mirabel-renaudiere.com\/wp-content\/uploads\/2021\/12\/emplacement-tente-enfant-683x1024.jpg\" data-lightbox=\"sevgallery-497630810\" style=\"background-image: url(https:\/\/mirabel-renaudiere.com\/wp-content\/uploads\/2021\/12\/emplacement-tente-enfant-683x1024.jpg)\">\r\n\t\t\t\t\t\t\t\t<img decoding=\"async\" src=\"https:\/\/mirabel-renaudiere.com\/wp-content\/uploads\/2021\/12\/emplacement-tente-enfant-683x1024.jpg\" alt=\"children&#039;s tent pitch\" loading=\"lazy\">\r\n\t\t\t\t\t\t\t\t\t\t\t\t\t\t\t<\/a>\r\n\t\t\t\t\t\t<\/div>\r\n\r\n\t\t\t\t\t\t\r\n\t\t\t\t\t\t\t\t\t\t\t\t\t\t\t\t\t\r\n\t\t\t\t\t\t\r\n\t\t\t\t\t\t<div class=\"sev-diaporama-portfolio-item    col-12 col-md  col-shrink\">\r\n\t\t\t\t\t\t\t<a href=\"https:\/\/mirabel-renaudiere.com\/wp-content\/uploads\/2021\/12\/emplacement-caravane-camping-1024x768.jpg\" data-lightbox=\"sevgallery-497630810\" style=\"background-image: url(https:\/\/mirabel-renaudiere.com\/wp-content\/uploads\/2021\/12\/emplacement-caravane-camping-1024x768.jpg)\">\r\n\t\t\t\t\t\t\t\t<img decoding=\"async\" src=\"https:\/\/mirabel-renaudiere.com\/wp-content\/uploads\/2021\/12\/emplacement-caravane-camping-1024x768.jpg\" alt=\"camping pitches\" loading=\"lazy\">\r\n\t\t\t\t\t\t\t\t\t\t\t\t\t\t\t<\/a>\r\n\t\t\t\t\t\t<\/div>\r\n\r\n\t\t\t\t\t\t\t\t\t\t\t\t\t<div class=\"w-100\"><\/div>\r\n\t\t\t\t\t\t\t\t\t\t\t\t\t\r\n\t\t\t\t\t\t\t\t\t\t\t\t\t\t\t\t\t\r\n\t\t\t\t\t\t\r\n\t\t\t\t\t\t<div class=\"sev-diaporama-portfolio-item    col-12 col-md\">\r\n\t\t\t\t\t\t\t<a href=\"https:\/\/mirabel-renaudiere.com\/wp-content\/uploads\/2021\/12\/emplacement-camping-caravane-1024x768.jpg\" data-lightbox=\"sevgallery-497630810\" style=\"background-image: url(https:\/\/mirabel-renaudiere.com\/wp-content\/uploads\/2021\/12\/emplacement-camping-caravane-1024x768.jpg)\">\r\n\t\t\t\t\t\t\t\t<img decoding=\"async\" src=\"https:\/\/mirabel-renaudiere.com\/wp-content\/uploads\/2021\/12\/emplacement-camping-caravane-1024x768.jpg\" alt=\"camping and caravan pitches\" loading=\"lazy\">\r\n\t\t\t\t\t\t\t\t\t\t\t\t\t\t\t<\/a>\r\n\t\t\t\t\t\t<\/div>\r\n\r\n\t\t\t\t\t\t\r\n\t\t\t\t\t\t\t\t\t\t\t\t\t\t\t\t\t\r\n\t\t\t\t\t\t\r\n\t\t\t\t\t\t<div class=\"sev-diaporama-portfolio-item    col-12 col-md  col-shrink\">\r\n\t\t\t\t\t\t\t<a href=\"https:\/\/mirabel-renaudiere.com\/wp-content\/uploads\/2021\/12\/air-service-camping-car-1024x683.jpg\" data-lightbox=\"sevgallery-497630810\" style=\"background-image: url(https:\/\/mirabel-renaudiere.com\/wp-content\/uploads\/2021\/12\/air-service-camping-car-1024x683.jpg)\">\r\n\t\t\t\t\t\t\t\t<img decoding=\"async\" src=\"https:\/\/mirabel-renaudiere.com\/wp-content\/uploads\/2021\/12\/air-service-camping-car-1024x683.jpg\" alt=\"motor home service area\" loading=\"lazy\">\r\n\t\t\t\t\t\t\t\t\t\t\t\t\t\t\t<\/a>\r\n\t\t\t\t\t\t<\/div>\r\n\r\n\t\t\t\t\t\t\r\n\t\t\t\t\t\t\t\t\t\t\t\t\t\t\t\t\t\r\n\t\t\t\t\t\t\r\n\t\t\t\t\t\t<div class=\"sev-diaporama-portfolio-item  limitsm  col-12 col-md  last-visible\">\r\n\t\t\t\t\t\t\t<a href=\"https:\/\/mirabel-renaudiere.com\/en\/photos-camping-renaudiere\"  style=\"background-image: url(https:\/\/mirabel-renaudiere.com\/wp-content\/uploads\/2022\/01\/galerie-photo.png)\">\r\n\t\t\t\t\t\t\t\t<img decoding=\"async\" src=\"https:\/\/mirabel-renaudiere.com\/wp-content\/uploads\/2022\/01\/galerie-photo.png\" alt=\"photo gallery\" loading=\"lazy\">\r\n\t\t\t\t\t\t\t\t\t\t\t\t\t\t\t\t\t<img decoding=\"async\" src=\"https:\/\/mirabel-renaudiere.com\/wp-content\/themes\/renaudiere\/assets\/img\/voir-photos.png\" alt=\"\" \/>\r\n\t\t\t\t\t\t\t\t\t<span>View all photos<\/span>\r\n\t\t\t\t\t\t\t\t\t\t\t\t\t\t\t<\/a>\r\n\t\t\t\t\t\t<\/div>\r\n\r\n\t\t\t\t\t\t\t\t\t\t\t\t\t<div class=\"w-100\"><\/div>\r\n\t\t\t\t\t\t\t\t\t\t\t\t\t\r\n\t\t\t\t\t\t\t\t\t\t\t\t\t\t\t\t\t\t\t\t\t<\/div>\r\n\t\t\t<\/div>\r\n\r\n\t\t\t<script>\r\n\t\t\tjQuery(function($) {\r\n\r\n\t\t\t\tvar marginPortfolio = function() {\r\n\r\n\t\t\t\t\tvar $diapo          = $('#sevgallery-497630810');\r\n\t\t\t\t\tvar container_width = $diapo.parent().outerWidth();\r\n\t\t\t\t\tvar side            = ( $(window).innerWidth() - container_width ) \/ 2;\r\n\r\n\t\t\t\t\t$diapo.css( {\r\n\t\t\t\t\t\t'margin-left': '-' + side + 'px',\r\n\t\t\t\t\t\t'margin-right': '-' + side + 'px',\r\n\t\t\t\t\t} );\r\n\t\t\t\t};\r\n\r\n\t\t\t\t$( window ).resize( function() {\r\n\t\t\t\t\tmarginPortfolio();\r\n\t\t\t\t} );\r\n\t\t\t\tmarginPortfolio();\r\n\t\t\t});\r\n\t\t\t<\/script>\r\n\t\t\t\n\n\n\n<p><\/p>","protected":false},"excerpt":{"rendered":"<p>Des emplacements de camping caravaning proches de Pornic Au sein de notre Camping Mirabel 4 \u00e9toiles La Renaudi\u00e8re, vous avez [&hellip;]<\/p>\n","protected":false},"author":1,"featured_media":0,"parent":0,"menu_order":0,"comment_status":"closed","ping_status":"closed","template":"","meta":{"_seopress_robots_primary_cat":"","_seopress_titles_title":"Tarifs emplacement tente, caravane, camping car Pornic","_seopress_titles_desc":"Lors de vos vacances pr\u00e8s de Pornic au camping 4 \u00e9toiles La Renaudi\u00e8re, vous pourrez profiter des nombreuses animations pour petits et grands","_seopress_robots_index":"","footnotes":""},"class_list":["post-60","page","type-page","status-publish","hentry"],"_links":{"self":[{"href":"https:\/\/mirabel-renaudiere.com\/en\/wp-json\/wp\/v2\/pages\/60","targetHints":{"allow":["GET"]}}],"collection":[{"href":"https:\/\/mirabel-renaudiere.com\/en\/wp-json\/wp\/v2\/pages"}],"about":[{"href":"https:\/\/mirabel-renaudiere.com\/en\/wp-json\/wp\/v2\/types\/page"}],"author":[{"embeddable":true,"href":"https:\/\/mirabel-renaudiere.com\/en\/wp-json\/wp\/v2\/users\/1"}],"replies":[{"embeddable":true,"href":"https:\/\/mirabel-renaudiere.com\/en\/wp-json\/wp\/v2\/comments?post=60"}],"version-history":[{"count":148,"href":"https:\/\/mirabel-renaudiere.com\/en\/wp-json\/wp\/v2\/pages\/60\/revisions"}],"predecessor-version":[{"id":13649,"href":"https:\/\/mirabel-renaudiere.com\/en\/wp-json\/wp\/v2\/pages\/60\/revisions\/13649"}],"wp:attachment":[{"href":"https:\/\/mirabel-renaudiere.com\/en\/wp-json\/wp\/v2\/media?parent=60"}],"curies":[{"name":"wp","href":"https:\/\/api.w.org\/{rel}","templated":true}]}}