{"id":67,"date":"2021-12-10T14:24:37","date_gmt":"2021-12-10T13:24:37","guid":{"rendered":"https:\/\/www.campinglarenaudiere.com\/?page_id=67"},"modified":"2025-03-06T15:47:07","modified_gmt":"2025-03-06T14:47:07","slug":"destination-region-pornic","status":"publish","type":"page","link":"https:\/\/mirabel-renaudiere.com\/en\/region-destination-pornic","title":{"rendered":"Pornic"},"content":{"rendered":"<h1 class=\"wp-block-heading\">Discover Pornic: a seaside resort between Southern Brittany and the Vend\u00e9e<\/h1>\n\n\n\n<div class=\"wp-block-media-text alignwide has-media-on-the-right is-stacked-on-mobile is-vertically-aligned-center is-style-default\"><div class=\"wp-block-media-text__content\">\n<p class=\"texte-rond has-orange-color has-text-color has-large-font-size\">Your seaside resort just 10 minutes from the campsite!<\/p>\n\n\n\n<h2 class=\"wp-block-heading\">Pornic, a major tourist attraction in Loire-Atlantique<\/h2>\n\n\n\n<figure class=\"wp-block-image size-full\"><img decoding=\"async\" src=\"https:\/\/www.mirabel-renaudiere.com\/wp-content\/uploads\/2022\/01\/barre-bleue.png\" alt=\"\" class=\"wp-image-2382\"\/><\/figure>\n\n\n\n<p><strong>Pornic <\/strong>is less than 10 km from <a href=\"https:\/\/mirabel-renaudiere.com\/en\/\" data-type=\"page\" data-id=\"9\">Campsite Mirabel La Renaudi\u00e8re<\/a>. <\/p>\n\n\n\n<p>In this charming little village, you can discover <strong>the Castle<\/strong> located in the old port <strong>in the heart of Pornic,<\/strong> some of the most beautiful beaches in the region. <\/p>\n\n\n\n<figure class=\"wp-block-image alignright size-full is-resized\"><img loading=\"lazy\" decoding=\"async\" width=\"320\" height=\"228\" src=\"https:\/\/www.mirabel-renaudiere.com\/wp-content\/uploads\/2022\/01\/tong-1.png\" alt=\"beach flip-flop\" class=\"wp-image-2206\" style=\"width:80px;height:57px\" srcset=\"https:\/\/mirabel-renaudiere.com\/wp-content\/uploads\/2022\/01\/tong-1.png 320w, https:\/\/mirabel-renaudiere.com\/wp-content\/uploads\/2022\/01\/tong-1-300x214.png 300w\" sizes=\"auto, (max-width: 320px) 100vw, 320px\" \/><\/figure>\n\n\n\n<p>You can also stroll around the many shops in the town centre and find that little souvenir that will delight your loved ones, or enjoy a good meal on one of the beautiful terraces facing the sea.<strong> marina.<\/strong><\/p>\n<\/div><figure class=\"wp-block-media-text__media\"><img loading=\"lazy\" decoding=\"async\" width=\"1024\" height=\"683\" src=\"https:\/\/www.mirabel-renaudiere.com\/wp-content\/uploads\/2023\/04\/pornic-centre-ville-port-1024x683.jpg\" alt=\"Pornic its castle\" class=\"wp-image-2906 size-full\" srcset=\"https:\/\/mirabel-renaudiere.com\/wp-content\/uploads\/2023\/04\/pornic-centre-ville-port-1024x683.jpg 1024w, https:\/\/mirabel-renaudiere.com\/wp-content\/uploads\/2023\/04\/pornic-centre-ville-port-300x200.jpg 300w, https:\/\/mirabel-renaudiere.com\/wp-content\/uploads\/2023\/04\/pornic-centre-ville-port-768x512.jpg 768w, https:\/\/mirabel-renaudiere.com\/wp-content\/uploads\/2023\/04\/pornic-centre-ville-port.jpg 1200w\" sizes=\"auto, (max-width: 1024px) 100vw, 1024px\" \/><\/figure><\/div>\n\n\n\n<p><\/p>\n\n\n\n<div class=\"wp-block-media-text alignwide is-stacked-on-mobile is-vertically-aligned-center animate left front-page-section grey\"><figure class=\"wp-block-media-text__media\"><img loading=\"lazy\" decoding=\"async\" width=\"1024\" height=\"678\" src=\"https:\/\/www.mirabel-renaudiere.com\/wp-content\/uploads\/2021\/12\/casino_de_pornic-1024x678.jpg\" alt=\"Pornic Casino\" class=\"wp-image-729 size-full\" srcset=\"https:\/\/mirabel-renaudiere.com\/wp-content\/uploads\/2021\/12\/casino_de_pornic-1024x678.jpg 1024w, https:\/\/mirabel-renaudiere.com\/wp-content\/uploads\/2021\/12\/casino_de_pornic-300x199.jpg 300w, https:\/\/mirabel-renaudiere.com\/wp-content\/uploads\/2021\/12\/casino_de_pornic-768x509.jpg 768w, https:\/\/mirabel-renaudiere.com\/wp-content\/uploads\/2021\/12\/casino_de_pornic.jpg 1200w\" sizes=\"auto, (max-width: 1024px) 100vw, 1024px\" \/><\/figure><div class=\"wp-block-media-text__content\">\n<h2 class=\"wp-block-heading\">Tourism in Southern Brittany: leisure activities for all the family!<\/h2>\n\n\n\n<figure class=\"wp-block-image size-full\"><img decoding=\"async\" src=\"https:\/\/www.mirabel-renaudiere.com\/wp-content\/uploads\/2022\/01\/barre-bleue.png\" alt=\"\" class=\"wp-image-2382\"\/><\/figure>\n\n\n\n<p>Nearly <strong>Pornic<\/strong>, You'll be able to find a leisure activity to suit you: walking or cycling on the many paths and cycle tracks along the river <strong>Atlantic coast<\/strong> from where you can see the many seaside villas. For sports lovers, there are numerous <strong>water activities<\/strong> such as windsurfing, paddle boarding and kayaking. Looking for a relaxing weekend? You'll love the <a href=\"https:\/\/pornic.promothalasso.com\/?utm_source=google&amp;utm_medium=cpc&amp;utm_campaign=pornic&amp;utm_term=thalasso%20pornic&amp;gad_source=1&amp;gclid=Cj0KCQiA2eKtBhDcARIsAEGTG43bQxehyRVOgiRB9N8PzjkFDYanAJ7r4TBPMslbzo70Wx5NS2wr1OwaAlhiEALw_wcB\">thalassotherapy in Pornic<\/a> with its sea view.<\/p>\n\n\n\n<p><\/p>\n\n\n\n<p>After a day at the <a href=\"https:\/\/mirabel-renaudiere.com\/en\/swimming-pool-aquatic-area\/\" data-type=\"page\" data-id=\"54\">campsite swimming pool<\/a>, Discover the charm of this pretty seaside resort and indulge in one of its many restaurants or a little Casino night out to spice up the evening!<\/p>\n<\/div><\/div>\n\n\n\n<p><\/p>\n\n\n\n<div class=\"wp-block-media-text alignwide has-media-on-the-right is-stacked-on-mobile is-vertically-aligned-center is-image-fill-element is-style-default\"><div class=\"wp-block-media-text__content\">\n<h2 class=\"wp-block-heading\"><strong>Pornic's markets: fresh, local produce<\/strong><\/h2>\n\n\n\n<figure class=\"wp-block-image size-full\"><img decoding=\"async\" src=\"https:\/\/www.mirabel-renaudiere.com\/wp-content\/uploads\/2022\/01\/barre-bleue.png\" alt=\"\" class=\"wp-image-2382\"\/><\/figure>\n\n\n\n<p>Whether you're looking for <strong>fresh produce<\/strong>, of <strong>local specialities<\/strong> or simply looking for an authentic atmosphere, the <strong>Pornic markets<\/strong> are a must. Just a few minutes from the campsite, you'll have the chance to discover a wide variety of local agricultural, seafood and craft products. These markets are the perfect place to fill your shopping basket or pick up a handmade souvenir. There's nothing like strolling between the stalls. Discover the <strong>market days in Pornic<\/strong>, All year round and in summer, close to the La Renaudi\u00e8re campsite:<\/p>\n\n\n\n<ul class=\"wp-block-list\">\n<li><strong>Les Halles de Pornic :<\/strong> every Thursday and Sunday all year round. Market square and covered market hall. You'll find fresh, local produce, a friendly atmosphere and arts and crafts.<br><\/li>\n\n\n\n<li><strong>La Biroch\u00e8re market (Pornic)&nbsp;<\/strong>Wednesday and Saturday mornings. In the Biroch\u00e8re car park in Pornic. This small market has around 20 stalls featuring local producers and their quality products (charcuterie, cheese, galettes, groceries, etc.).<br><\/li>\n\n\n\n<li><strong>La Bernerie-en-Retz market:<\/strong> Fridays all year round and Tuesday and Friday mornings in summer. Visit <strong>Halles de la Bernerie<\/strong>. This market is a <strong>a must for holidaymakers<\/strong> who like to stroll through traditional stalls selling shellfish, fruit and vegetables, bazaars, flowers, etc.<br><\/li>\n\n\n\n<li><strong>Pr\u00e9failles market:<\/strong> every Wednesday and Saturday morning, avenue de la Plage. Facing the sea, this <strong>Pr\u00e9failles market<\/strong>, It's a great place to pick up fresh produce or a souvenir\u00ab.\u00ab&nbsp;<strong>Made In Loire-Atlantique&nbsp;<\/strong>\u00bb. From the campsite, it's just a few minutes by bike.<\/li>\n<\/ul>\n<\/div><figure class=\"wp-block-media-text__media\"><img loading=\"lazy\" decoding=\"async\" width=\"600\" height=\"800\" src=\"https:\/\/mirabel-renaudiere.com\/wp-content\/uploads\/2025\/01\/marche-prefailles-ete1-1.jpg\" alt=\"summer market pornic pr\u00e9failles\" class=\"wp-image-12428 size-full\" style=\"object-position:38% 9%\" srcset=\"https:\/\/mirabel-renaudiere.com\/wp-content\/uploads\/2025\/01\/marche-prefailles-ete1-1.jpg 600w, https:\/\/mirabel-renaudiere.com\/wp-content\/uploads\/2025\/01\/marche-prefailles-ete1-1-225x300.jpg 225w\" sizes=\"auto, (max-width: 600px) 100vw, 600px\" \/><\/figure><\/div>\n\n\n\n<p><\/p>\n\n\n\n<div class=\"wp-block-group border border-info card is-layout-constrained wp-block-group-is-layout-constrained\">\n<p><\/p>\n\n\n\n<h3 class=\"wp-block-heading has-text-align-center texte-rond has-orange-color has-text-color has-link-color has-large-font-size wp-elements-9d26a106c7f50eaee53c6463a407e43c\">Summer night markets in Pornic<\/h3>\n\n\n\n<p class=\"has-text-align-center\">In summer, weather permitting, we like to stroll until nightfall. Visit<strong> Pornic night markets<\/strong> and the surrounding area are a key attraction for holidaymakers. In Pornic and the surrounding area, take a stroll and discover the treasures of the region:<\/p>\n\n\n\n<p class=\"has-text-align-left\"><strong>Pornic : <\/strong>every Tuesday and Saturday from 7pm on the quayside <\/p>\n\n\n\n<p class=\"has-text-align-left\"><strong>Sainte-Marie-sur-Mer :<\/strong> Monday, Wednesday and Friday in the town centre<\/p>\n\n\n\n<p class=\"has-text-align-left\"><strong>La Bernerie-en-Retz&nbsp;<\/strong>every Friday from 8pm in the town centre<\/p>\n\n\n\n<p class=\"has-text-align-left\"><strong>Tharon-Plage :<\/strong> Tuesday, Wednesday and Saturday from 9pm, Avenue Ernest Chevrier, facing the sea.<\/p>\n\n\n\n<p><\/p>\n<\/div>\n\n\n\n<p><\/p>\n\n\n\n<p class=\"has-text-align-center texte-rond mt-5 has-large-font-size\">Discover the campsite<\/p>\n\n\n\n<div class=\"wp-block-columns are-vertically-aligned-center h-20 front-page-section grey is-layout-flex wp-container-core-columns-is-layout-28f84493 wp-block-columns-is-layout-flex\">\n<div class=\"wp-block-column is-layout-flow wp-block-column-is-layout-flow\"><\/div>\n\n\n\n<div class=\"wp-block-column is-layout-flow wp-block-column-is-layout-flow\">\n<div class=\"wp-block-create-block-sevgutenberg-navigation\"><aside class=\"encart-sev-navigation small carre\"><a href=\"https:\/\/mirabel-renaudiere.com\/en\/mobile-home-rental-rates\/\" class=\"d-flex flex-column align-items-center\"><div class=\"encart-title\"><span>Mobile homes<\/span><\/div><div class=\"vague\"><\/div><img decoding=\"async\" src=\"https:\/\/www.mirabel-renaudiere.com\/wp-content\/uploads\/2023\/04\/mobil-home-location-vacances-plaien-sur-mer.jpg\" alt=\"mobile home rental pornic\"\/><div class=\"ligne\"><\/div><div class=\"hover\"><\/div><\/a><\/aside><\/div>\n<\/div>\n\n\n\n<div class=\"wp-block-column is-vertically-aligned-center is-layout-flow wp-block-column-is-layout-flow\">\n<div class=\"wp-block-create-block-sevgutenberg-navigation\"><aside class=\"encart-sev-navigation small carre\"><a href=\"https:\/\/mirabel-renaudiere.com\/en\/studio-rental-rates\/\" class=\"d-flex flex-column align-items-center\"><div class=\"encart-title\"><span>Studios<\/span><\/div><div class=\"vague\"><\/div><img decoding=\"async\" src=\"https:\/\/www.mirabel-renaudiere.com\/wp-content\/uploads\/2021\/12\/studio-famille-location.jpg\" alt=\"family studio rental\"\/><div class=\"ligne\"><\/div><div class=\"hover\"><\/div><\/a><\/aside><\/div>\n<\/div>\n\n\n\n<div class=\"wp-block-column is-vertically-aligned-center is-layout-flow wp-block-column-is-layout-flow\">\n<div class=\"wp-block-create-block-sevgutenberg-navigation\"><aside class=\"encart-sev-navigation small carre\"><a href=\"https:\/\/mirabel-renaudiere.com\/en\/tariffs-for-caravan-tents\/\" class=\"d-flex flex-column align-items-center\"><div class=\"encart-title\"><span>Pitches<\/span><\/div><div class=\"vague\"><\/div><img decoding=\"async\" src=\"https:\/\/www.mirabel-renaudiere.com\/wp-content\/uploads\/2021\/12\/emplacement-tente-camping.jpg\" alt=\"camping tent pitch\"\/><div class=\"ligne\"><\/div><div class=\"hover\"><\/div><\/a><\/aside><\/div>\n<\/div>\n\n\n\n<div class=\"wp-block-column is-layout-flow wp-block-column-is-layout-flow\"><\/div>\n<\/div>\n\n\n\n<figure class=\"wp-block-image aligncenter size-large is-resized mt-5\"><img decoding=\"async\" src=\"https:\/\/www.mirabel-renaudiere.com\/wp-content\/uploads\/2022\/01\/photo-1024x84.png\" alt=\"photo gallery\" class=\"wp-image-2371\" style=\"width:768px;height:63px\"\/><\/figure>\n\n\n\t\t\t<div id=\"sevgallery-1530355102\" class=\"sev-diaporama sev-diaporama-portfolio\">\r\n\t\t\t\t<div class=\"row\">\r\n\r\n\t\t\t\t\t\r\n\t\t\t\t\t\t\r\n\t\t\t\t\t\t<div class=\"sev-diaporama-portfolio-item    col-12 col-md\">\r\n\t\t\t\t\t\t\t<a href=\"https:\/\/mirabel-renaudiere.com\/wp-content\/uploads\/2021\/12\/faiencerie_bol_pornic-1024x1024.jpg\" data-lightbox=\"sevgallery-1530355102\" style=\"background-image: url(https:\/\/mirabel-renaudiere.com\/wp-content\/uploads\/2021\/12\/faiencerie_bol_pornic-1024x1024.jpg)\">\r\n\t\t\t\t\t\t\t\t<img decoding=\"async\" src=\"https:\/\/mirabel-renaudiere.com\/wp-content\/uploads\/2021\/12\/faiencerie_bol_pornic-1024x1024.jpg\" alt=\"faiencerie de Pornic\" loading=\"lazy\">\r\n\t\t\t\t\t\t\t\t\t\t\t\t\t\t\t<\/a>\r\n\t\t\t\t\t\t<\/div>\r\n\r\n\t\t\t\t\t\t\r\n\t\t\t\t\t\t\t\t\t\t\t\t\t\t\t\t\t\r\n\t\t\t\t\t\t\r\n\t\t\t\t\t\t<div class=\"sev-diaporama-portfolio-item    col-12 col-md\">\r\n\t\t\t\t\t\t\t<a href=\"https:\/\/mirabel-renaudiere.com\/wp-content\/uploads\/2021\/12\/bretons_spectacle_danse-1024x618.jpg\" data-lightbox=\"sevgallery-1530355102\" style=\"background-image: url(https:\/\/mirabel-renaudiere.com\/wp-content\/uploads\/2021\/12\/bretons_spectacle_danse-1024x618.jpg)\">\r\n\t\t\t\t\t\t\t\t<img decoding=\"async\" src=\"https:\/\/mirabel-renaudiere.com\/wp-content\/uploads\/2021\/12\/bretons_spectacle_danse-1024x618.jpg\" alt=\"Breton dance show\" loading=\"lazy\">\r\n\t\t\t\t\t\t\t\t\t\t\t\t\t\t\t<\/a>\r\n\t\t\t\t\t\t<\/div>\r\n\r\n\t\t\t\t\t\t\r\n\t\t\t\t\t\t\t\t\t\t\t\t\t\t\t\t\t\r\n\t\t\t\t\t\t\r\n\t\t\t\t\t\t<div class=\"sev-diaporama-portfolio-item    col-12 col-md\">\r\n\t\t\t\t\t\t\t<a href=\"https:\/\/mirabel-renaudiere.com\/wp-content\/uploads\/2021\/12\/glaces_fraiseraie_pornic-1024x678.jpg\" data-lightbox=\"sevgallery-1530355102\" style=\"background-image: url(https:\/\/mirabel-renaudiere.com\/wp-content\/uploads\/2021\/12\/glaces_fraiseraie_pornic-1024x678.jpg)\">\r\n\t\t\t\t\t\t\t\t<img decoding=\"async\" src=\"https:\/\/mirabel-renaudiere.com\/wp-content\/uploads\/2021\/12\/glaces_fraiseraie_pornic-1024x678.jpg\" alt=\"La Fraiseraie ice cream in Pornic\" loading=\"lazy\">\r\n\t\t\t\t\t\t\t\t\t\t\t\t\t\t\t<\/a>\r\n\t\t\t\t\t\t<\/div>\r\n\r\n\t\t\t\t\t\t\r\n\t\t\t\t\t\t\t\t\t\t\t\t\t\t\t\t\t\r\n\t\t\t\t\t\t\r\n\t\t\t\t\t\t<div class=\"sev-diaporama-portfolio-item    col-12 col-md\">\r\n\t\t\t\t\t\t\t<a href=\"https:\/\/mirabel-renaudiere.com\/wp-content\/uploads\/2024\/04\/pornic-port-plaisance-1024x683.jpg\" data-lightbox=\"sevgallery-1530355102\" style=\"background-image: url(https:\/\/mirabel-renaudiere.com\/wp-content\/uploads\/2024\/04\/pornic-port-plaisance-1024x683.jpg)\">\r\n\t\t\t\t\t\t\t\t<img decoding=\"async\" src=\"https:\/\/mirabel-renaudiere.com\/wp-content\/uploads\/2024\/04\/pornic-port-plaisance-1024x683.jpg\" alt=\"Pornic marina\" loading=\"lazy\">\r\n\t\t\t\t\t\t\t\t\t\t\t\t\t\t\t<\/a>\r\n\t\t\t\t\t\t<\/div>\r\n\r\n\t\t\t\t\t\t\t\t\t\t\t\t\t<div class=\"w-100\"><\/div>\r\n\t\t\t\t\t\t\t\t\t\t\t\t\t\r\n\t\t\t\t\t\t\t\t\t\t\t\t\t\t\t\t\t\r\n\t\t\t\t\t\t\r\n\t\t\t\t\t\t<div class=\"sev-diaporama-portfolio-item    col-12 col-md\">\r\n\t\t\t\t\t\t\t<a href=\"https:\/\/mirabel-renaudiere.com\/wp-content\/uploads\/2021\/12\/feu_artifice_pornic-1024x650.jpg\" data-lightbox=\"sevgallery-1530355102\" style=\"background-image: url(https:\/\/mirabel-renaudiere.com\/wp-content\/uploads\/2021\/12\/feu_artifice_pornic-1024x650.jpg)\">\r\n\t\t\t\t\t\t\t\t<img decoding=\"async\" src=\"https:\/\/mirabel-renaudiere.com\/wp-content\/uploads\/2021\/12\/feu_artifice_pornic-1024x650.jpg\" alt=\"fireworks in Pornic\" loading=\"lazy\">\r\n\t\t\t\t\t\t\t\t\t\t\t\t\t\t\t<\/a>\r\n\t\t\t\t\t\t<\/div>\r\n\r\n\t\t\t\t\t\t\r\n\t\t\t\t\t\t\t\t\t\t\t\t\t\t\t\t\t\r\n\t\t\t\t\t\t\r\n\t\t\t\t\t\t<div class=\"sev-diaporama-portfolio-item    col-12 col-md  col-shrink\">\r\n\t\t\t\t\t\t\t<a href=\"https:\/\/mirabel-renaudiere.com\/wp-content\/uploads\/2021\/12\/casino_de_pornic-1024x678.jpg\" data-lightbox=\"sevgallery-1530355102\" style=\"background-image: url(https:\/\/mirabel-renaudiere.com\/wp-content\/uploads\/2021\/12\/casino_de_pornic-1024x678.jpg)\">\r\n\t\t\t\t\t\t\t\t<img decoding=\"async\" src=\"https:\/\/mirabel-renaudiere.com\/wp-content\/uploads\/2021\/12\/casino_de_pornic-1024x678.jpg\" alt=\"Pornic Casino\" loading=\"lazy\">\r\n\t\t\t\t\t\t\t\t\t\t\t\t\t\t\t<\/a>\r\n\t\t\t\t\t\t<\/div>\r\n\r\n\t\t\t\t\t\t\r\n\t\t\t\t\t\t\t\t\t\t\t\t\t\t\t\t\t\r\n\t\t\t\t\t\t\r\n\t\t\t\t\t\t<div class=\"sev-diaporama-portfolio-item    col-12 col-md  col-grow\">\r\n\t\t\t\t\t\t\t<a href=\"https:\/\/mirabel-renaudiere.com\/wp-content\/uploads\/2021\/12\/plage-tharon-pornic-1024x683.jpg\" data-lightbox=\"sevgallery-1530355102\" style=\"background-image: url(https:\/\/mirabel-renaudiere.com\/wp-content\/uploads\/2021\/12\/plage-tharon-pornic-1024x683.jpg)\">\r\n\t\t\t\t\t\t\t\t<img decoding=\"async\" src=\"https:\/\/mirabel-renaudiere.com\/wp-content\/uploads\/2021\/12\/plage-tharon-pornic-1024x683.jpg\" alt=\"Thoron beach in Pornic\" loading=\"lazy\">\r\n\t\t\t\t\t\t\t\t\t\t\t\t\t\t\t<\/a>\r\n\t\t\t\t\t\t<\/div>\r\n\r\n\t\t\t\t\t\t\r\n\t\t\t\t\t\t\t\t\t\t\t\t\t\t\t\t\t\r\n\t\t\t\t\t\t\r\n\t\t\t\t\t\t<div class=\"sev-diaporama-portfolio-item  limitsm  col-12 col-md  col-grow last-visible\">\r\n\t\t\t\t\t\t\t<a href=\"https:\/\/mirabel-renaudiere.com\/en\/photos-camping-renaudiere\"  style=\"background-image: url(https:\/\/mirabel-renaudiere.com\/wp-content\/uploads\/2022\/01\/galerie-photo.png)\">\r\n\t\t\t\t\t\t\t\t<img decoding=\"async\" src=\"https:\/\/mirabel-renaudiere.com\/wp-content\/uploads\/2022\/01\/galerie-photo.png\" alt=\"photo gallery\" loading=\"lazy\">\r\n\t\t\t\t\t\t\t\t\t\t\t\t\t\t\t\t\t<img decoding=\"async\" src=\"https:\/\/mirabel-renaudiere.com\/wp-content\/themes\/renaudiere\/assets\/img\/voir-photos.png\" alt=\"\" \/>\r\n\t\t\t\t\t\t\t\t\t<span>View all photos<\/span>\r\n\t\t\t\t\t\t\t\t\t\t\t\t\t\t\t<\/a>\r\n\t\t\t\t\t\t<\/div>\r\n\r\n\t\t\t\t\t\t\t\t\t\t\t\t\t<div class=\"w-100\"><\/div>\r\n\t\t\t\t\t\t\t\t\t\t\t\t\t\r\n\t\t\t\t\t\t\t\t\t\t\t\t\t\t\t\t\t\t\t\t\t<\/div>\r\n\t\t\t<\/div>\r\n\r\n\t\t\t<script>\r\n\t\t\tjQuery(function($) {\r\n\r\n\t\t\t\tvar marginPortfolio = function() {\r\n\r\n\t\t\t\t\tvar $diapo          = $('#sevgallery-1530355102');\r\n\t\t\t\t\tvar container_width = $diapo.parent().outerWidth();\r\n\t\t\t\t\tvar side            = ( $(window).innerWidth() - container_width ) \/ 2;\r\n\r\n\t\t\t\t\t$diapo.css( {\r\n\t\t\t\t\t\t'margin-left': '-' + side + 'px',\r\n\t\t\t\t\t\t'margin-right': '-' + side + 'px',\r\n\t\t\t\t\t} );\r\n\t\t\t\t};\r\n\r\n\t\t\t\t$( window ).resize( function() {\r\n\t\t\t\t\tmarginPortfolio();\r\n\t\t\t\t} );\r\n\t\t\t\tmarginPortfolio();\r\n\t\t\t});\r\n\t\t\t<\/script>","protected":false},"excerpt":{"rendered":"<p>D\u00e9couvrez Pornic : station baln\u00e9aire entre Bretagne Sud et Vend\u00e9e Les march\u00e9s nocturnes l\u2019\u00e9t\u00e9 \u00e0 Pornic L\u2019\u00e9t\u00e9, lorsque la m\u00e9t\u00e9o [&hellip;]<\/p>\n","protected":false},"author":1,"featured_media":0,"parent":0,"menu_order":0,"comment_status":"closed","ping_status":"closed","template":"","meta":{"_seopress_robots_primary_cat":"","_seopress_titles_title":"Tourisme Camping La Renaudi\u00e8re pr\u00e8s de Pornic","_seopress_titles_desc":"Partez \u00e0 la d\u00e9couverte de Pornic, site touristique majeur en Loire-Atlantique, au d\u00e9part du camping la Renaudi\u00e8re.","_seopress_robots_index":"","footnotes":""},"class_list":["post-67","page","type-page","status-publish","hentry"],"_links":{"self":[{"href":"https:\/\/mirabel-renaudiere.com\/en\/wp-json\/wp\/v2\/pages\/67","targetHints":{"allow":["GET"]}}],"collection":[{"href":"https:\/\/mirabel-renaudiere.com\/en\/wp-json\/wp\/v2\/pages"}],"about":[{"href":"https:\/\/mirabel-renaudiere.com\/en\/wp-json\/wp\/v2\/types\/page"}],"author":[{"embeddable":true,"href":"https:\/\/mirabel-renaudiere.com\/en\/wp-json\/wp\/v2\/users\/1"}],"replies":[{"embeddable":true,"href":"https:\/\/mirabel-renaudiere.com\/en\/wp-json\/wp\/v2\/comments?post=67"}],"version-history":[{"count":84,"href":"https:\/\/mirabel-renaudiere.com\/en\/wp-json\/wp\/v2\/pages\/67\/revisions"}],"predecessor-version":[{"id":12566,"href":"https:\/\/mirabel-renaudiere.com\/en\/wp-json\/wp\/v2\/pages\/67\/revisions\/12566"}],"wp:attachment":[{"href":"https:\/\/mirabel-renaudiere.com\/en\/wp-json\/wp\/v2\/media?parent=67"}],"curies":[{"name":"wp","href":"https:\/\/api.w.org\/{rel}","templated":true}]}}