{"id":75,"date":"2021-12-10T14:27:37","date_gmt":"2021-12-10T13:27:37","guid":{"rendered":"https:\/\/www.campinglarenaudiere.com\/?page_id=75"},"modified":"2026-03-12T10:35:00","modified_gmt":"2026-03-12T09:35:00","slug":"contact-camping-renaudiere","status":"publish","type":"page","link":"https:\/\/mirabel-renaudiere.com\/en\/contact-camping-renaudiere","title":{"rendered":"Contact"},"content":{"rendered":"<h1 class=\"wp-block-heading\" id=\"contacter-le-camping-la-renaudiere\">Contact Camping Mirabel La Renaudi\u00e8re****<\/h1>\n\n\n\n<div class=\"wp-block-columns is-layout-flex wp-container-core-columns-is-layout-28f84493 wp-block-columns-is-layout-flex\">\n<div class=\"wp-block-column is-vertically-aligned-center pl-md-5 is-layout-flow wp-block-column-is-layout-flow\">\n<h2 class=\"wp-block-heading\" id=\"ouverture-du-camping-du-printemps-a-l-automne\">Practical information about camping at La Plaine sur Mer<\/h2>\n\n\n\n<figure class=\"wp-block-image size-full\"><img decoding=\"async\" src=\"https:\/\/www.mirabel-renaudiere.com\/wp-content\/uploads\/2022\/01\/barre-bleue.png\" alt=\"\" class=\"wp-image-2382\"\/><\/figure>\n\n\n\n<p>The campsite is open from early April to late October.<\/p>\n\n\n\n<p>Reception is open :<\/p>\n\n\n\n<ul class=\"wp-block-list\">\n<li>Low season: Monday to Saturday 9am - 12pm and 2pm - 6pm <em>(open on Sundays at weekends and public holidays only)<\/em><\/li>\n\n\n\n<li>July and August: daily 9am - 12.30pm and 2pm - 7pm <\/li>\n<\/ul>\n\n\n\n<p>When we're away, leave a message on the La Renaudi\u00e8re answering machine.<\/p>\n<\/div>\n\n\n\n<div class=\"wp-block-column is-vertically-aligned-center is-layout-flow wp-block-column-is-layout-flow\">\n<div class=\"wp-block-group border border-info pl-4 card is-layout-flow wp-block-group-is-layout-flow\" style=\"padding-top:var(--wp--preset--spacing--60);padding-right:var(--wp--preset--spacing--60);padding-bottom:var(--wp--preset--spacing--60);padding-left:var(--wp--preset--spacing--60)\">\n<div class=\"wp-block-columns is-layout-flex wp-container-core-columns-is-layout-28f84493 wp-block-columns-is-layout-flex\">\n<div class=\"wp-block-column is-layout-flow wp-block-column-is-layout-flow\" style=\"flex-basis:66%\">\n<p><strong>Address <\/strong>:<br>2 route de la Renaudi\u00e8re<br>44770 La-Plaine-sur-Mer<\/p>\n\n\n\n<p class=\"ga-contact-tel\"><strong><a href=\"tel:0240215003\" data-type=\"tel\" data-id=\"tel:0240215003\">02 40 21 50 03<\/a><\/strong><\/p>\n\n\n\n<p class=\"ga-contact-email\"><a href=\"mailto:renaudiere@mirabel-campings.com\">renaudiere@mirabel-campings.com<\/a><\/p>\n<\/div>\n\n\n\n<div class=\"wp-block-column is-layout-flow wp-block-column-is-layout-flow\" style=\"flex-basis:33%\">\n<figure class=\"wp-block-image alignright size-full is-resized\"><img loading=\"lazy\" decoding=\"async\" width=\"320\" height=\"326\" src=\"https:\/\/www.mirabel-renaudiere.com\/wp-content\/uploads\/2022\/01\/Etoile2-1.png\" alt=\"\" class=\"wp-image-2051\" style=\"width:123px;height:125px\" srcset=\"https:\/\/mirabel-renaudiere.com\/wp-content\/uploads\/2022\/01\/Etoile2-1.png 320w, https:\/\/mirabel-renaudiere.com\/wp-content\/uploads\/2022\/01\/Etoile2-1-294x300.png 294w\" sizes=\"auto, (max-width: 320px) 100vw, 320px\" \/><\/figure>\n<\/div>\n<\/div>\n<\/div>\n<\/div>\n<\/div>\n\n\n\n<div style=\"height:57px\" aria-hidden=\"true\" class=\"wp-block-spacer\"><\/div>\n\n\n\n<div class=\"wp-block-group alignfull has-background is-layout-constrained wp-container-core-group-is-layout-6c0cbf42 wp-block-group-is-layout-constrained\" style=\"background-color:#e7e7e7;padding-top:var(--wp--preset--spacing--70);padding-right:var(--wp--preset--spacing--70);padding-bottom:var(--wp--preset--spacing--70);padding-left:var(--wp--preset--spacing--70)\">\t\t<script>\r\n\t\t\tvar customOptions = {\r\n\t\t\t\tIdentity:{\r\n\t\t\t\t\tCompanyId: '233',\r\n\t\t\t\t\tEstablishmentIds: '16565',\r\n\t\t\t\t\tLanguage: 'fr',\r\n\t\t\t\t\tPolice: 'Open Sans',\r\n\t\t\t\t\tShowHeader: 'false',\r\n\t\t\t\t\tTextColor: '266674',\r\n\t\t\t\t\tBackgroundColor: 'e7e7e7',\r\n\t\t\t\t\tPoliceColor: '266674',\r\n\t\t\t\t\tButtonColor: 'ff665c',\r\n\t\t\t\t\tHoverColor: '266674'\r\n\t\t\t\t}\r\n\t\t\t};\r\n\t\t\t!function(){var e=new window.CTV.Widget(\"CRM\", \"Informations\", customOptions);\r\n\t\t\tdocument.write(e.Write()),window.CTV.WidgetsCollection.push(e), e.Send()}();\r\n\t\t<\/script>\r\n\t\t\n<\/div>","protected":false},"excerpt":{"rendered":"<p>Contacter le Camping Mirabel La Renaudi\u00e8re**** Les infos pratiques du camping \u00e0 la Plaine sur Mer Le camping est ouvert [&hellip;]<\/p>\n","protected":false},"author":1,"featured_media":0,"parent":0,"menu_order":0,"comment_status":"closed","ping_status":"closed","template":"","meta":{"_seopress_robots_primary_cat":"","_seopress_titles_title":"Contacter le camping La Renaudi\u00e8re","_seopress_titles_desc":"Pour contacter l'\u00e9quipe du camping La Renaudi\u00e8re pr\u00e8s de Pornic en Bretagne sud, vous pouvez utiliser notre formulaire ou nous appeler aux horaires d'ouverture.","_seopress_robots_index":"","footnotes":""},"class_list":["post-75","page","type-page","status-publish","hentry"],"_links":{"self":[{"href":"https:\/\/mirabel-renaudiere.com\/en\/wp-json\/wp\/v2\/pages\/75","targetHints":{"allow":["GET"]}}],"collection":[{"href":"https:\/\/mirabel-renaudiere.com\/en\/wp-json\/wp\/v2\/pages"}],"about":[{"href":"https:\/\/mirabel-renaudiere.com\/en\/wp-json\/wp\/v2\/types\/page"}],"author":[{"embeddable":true,"href":"https:\/\/mirabel-renaudiere.com\/en\/wp-json\/wp\/v2\/users\/1"}],"replies":[{"embeddable":true,"href":"https:\/\/mirabel-renaudiere.com\/en\/wp-json\/wp\/v2\/comments?post=75"}],"version-history":[{"count":76,"href":"https:\/\/mirabel-renaudiere.com\/en\/wp-json\/wp\/v2\/pages\/75\/revisions"}],"predecessor-version":[{"id":13517,"href":"https:\/\/mirabel-renaudiere.com\/en\/wp-json\/wp\/v2\/pages\/75\/revisions\/13517"}],"wp:attachment":[{"href":"https:\/\/mirabel-renaudiere.com\/en\/wp-json\/wp\/v2\/media?parent=75"}],"curies":[{"name":"wp","href":"https:\/\/api.w.org\/{rel}","templated":true}]}}