{"id":83,"date":"2021-12-10T14:30:08","date_gmt":"2021-12-10T13:30:08","guid":{"rendered":"https:\/\/www.campinglarenaudiere.com\/?page_id=83"},"modified":"2026-04-29T12:11:16","modified_gmt":"2026-04-29T10:11:16","slug":"faq-camping-bretagne","status":"publish","type":"page","link":"https:\/\/mirabel-renaudiere.com\/en\/faq-camping-bretagne","title":{"rendered":"FAQ"},"content":{"rendered":"<h1 class=\"wp-block-heading\" id=\"faq-trouvez-la-reponse-a-vos-questions-sur-vos-vacances-au-camping-la-renaudiere\">FAQ - Find the answers to your questions about your holiday at camping La Renaudi\u00e8re<\/h1>\n\n\n\n<p class=\"has-text-align-center\">Camping La Renaudi\u00e8re will answer all your questions regarding stays on a pitch or in a mobile home. There is also a section dedicated to questions about the residential part of the campsite. Please consult this FAQ regularly and do not hesitate to contact us for any further information.<\/p>\n\n\n\n<figure class=\"wp-block-image aligncenter size-full\"><img decoding=\"async\" src=\"https:\/\/www.mirabel-renaudiere.com\/wp-content\/uploads\/2022\/01\/barre-bleue.png\" alt=\"\" class=\"wp-image-2382\"\/><\/figure>\n\n\n\n<p><em>Updated on<em>\u00a029\/04\/2026\u00a0<\/em><\/em><\/p>\n\n\n\n<h2 class=\"wp-block-heading\" id=\"votre-reservation\">Your booking<\/h2>\n\n\n\n<figure class=\"wp-block-image size-full\"><img decoding=\"async\" src=\"https:\/\/www.mirabel-renaudiere.com\/wp-content\/uploads\/2022\/01\/barre-bleue.png\" alt=\"\" class=\"wp-image-2382\"\/><\/figure>\n\n\n\n<div class=\"wp-block-create-block-sev-faq\"><div class=\"card sev-faq\"><a class=\"card-header d-flex\" href=\"#comment-reserver-un-sejour\" data-toggle=\"collapse\" role=\"button\" aria-expanded=\"false\" aria-controls=\"comment-reserver-un-sejour\"><div class=\"faq-question\">How do I book a holiday?<\/div><i class=\"fa fa-chevron-down\" aria-hidden=\"true\"><\/i><\/a><div class=\"card-body collapse multi-collapse\" id=\"comment-reserver-un-sejour\"><div class=\"faq-reponse\">- Online: on our website, select your accommodation and\/or dates of stay to check availability.  <strong><mark style=\"background-color:rgba(0, 0, 0, 0)\" class=\"has-inline-color has-turquoise-color\"><a href=\"https:\/\/bookingpremium.secureholiday.net\/FR\/16565\/search\/\" target=\"_blank\" rel=\"noreferrer noopener\">Reservation<\/a><\/mark><\/strong><br>- By telephone by calling reception on 02 40 21 50 03 (secure payment by credit card).<br>- By e-mail to <a href=\"mailto:renaudiere@mirabel-campings.com\">renaudiere@mirabel-campings.com<\/a><br><br>Reservations become effective and firm on receipt of a deposit of 30%. For more details, see&nbsp;<a href=\"https:\/\/mirabel-renaudiere.com\/wp-content\/uploads\/2023\/04\/conditions-location.pdf\" target=\"_blank\" rel=\"noreferrer noopener\">Terms and conditions of sale<\/a>.<\/div><\/div><\/div><\/div>\n\n\n\n<div class=\"wp-block-create-block-sev-faq\"><div class=\"card sev-faq\"><a class=\"card-header d-flex\" href=\"#comment-obtenir-un-devis-\" data-toggle=\"collapse\" role=\"button\" aria-expanded=\"false\" aria-controls=\"comment-obtenir-un-devis-\"><div class=\"faq-question\">How can I get a quote?<\/div><i class=\"fa fa-chevron-down\" aria-hidden=\"true\"><\/i><\/a><div class=\"card-body collapse multi-collapse\" id=\"comment-obtenir-un-devis-\"><div class=\"faq-reponse\">Visit our <a href=\"https:\/\/bookingpremium.secureholiday.net\/FR\/16565\/search\" target=\"_blank\" rel=\"noreferrer noopener\">online booking<\/a> or contact us by telephone to check availability and obtain a price for your stay.<\/div><\/div><\/div><\/div>\n\n\n\n<div class=\"wp-block-create-block-sev-faq\"><div class=\"card sev-faq\"><a class=\"card-header d-flex\" href=\"#puis-je-choisir-mon-emplacement-\" data-toggle=\"collapse\" role=\"button\" aria-expanded=\"false\" aria-controls=\"puis-je-choisir-mon-emplacement-\"><div class=\"faq-question\">Can I choose my location?<\/div><i class=\"fa fa-chevron-down\" aria-hidden=\"true\"><\/i><\/a><div class=\"card-body collapse multi-collapse\" id=\"puis-je-choisir-mon-emplacement-\"><div class=\"faq-reponse\">Yes, you can choose your pitch on the plan subject to availability and having subscribed to the \u00abguaranteed pitch choice\u00bb option for \u20ac30.00.<\/div><\/div><\/div><\/div>\n\n\n\n<div class=\"wp-block-create-block-sev-faq\"><div class=\"card sev-faq\"><a class=\"card-header d-flex\" href=\"#comment-annuler-ou-modifier-ma-reservation-\" data-toggle=\"collapse\" role=\"button\" aria-expanded=\"false\" aria-controls=\"comment-annuler-ou-modifier-ma-reservation-\"><div class=\"faq-question\">How do I cancel or change my booking?<\/div><i class=\"fa fa-chevron-down\" aria-hidden=\"true\"><\/i><\/a><div class=\"card-body collapse multi-collapse\" id=\"comment-annuler-ou-modifier-ma-reservation-\"><div class=\"faq-reponse\"><strong>Have you taken out cancellation insurance? <\/strong><br>Contact us by email or phone to notify us of your cancellation, on 02 40 21 50 03 or by writing to <a href=\"mailto:renaudiere@mirabel-campings.com\">renaudiere@mirabel-campings.com<\/a>. When you made your booking, you received an email from campez-couvert. In this email, they specify the steps to inform the insurance company of your cancellation and to receive your refund.<br><strong>\u2022 Did you not take out cancellation insurance?<\/strong><br>Contact us by email or phone to inform us of your cancellation.<br>\u2013 More than 30 days before your arrival: only the booking fee will be charged.<br>\u2013 Between 30 and 15 days before your arrival: 30% of the accommodation cost + administrative fees will be charged.<br>\u2013 A moins de 15 jours\u00a0: 100% du s\u00e9jour sera factur\u00e9.<\/div><\/div><\/div><\/div>\n\n\n\n<div class=\"wp-block-create-block-sev-faq\"><div class=\"card sev-faq\"><a class=\"card-header d-flex\" href=\"#comment-puis-je-regler-mon-sejour-\" data-toggle=\"collapse\" role=\"button\" aria-expanded=\"false\" aria-controls=\"comment-puis-je-regler-mon-sejour-\"><div class=\"faq-question\">How can I pay for my stay?<\/div><i class=\"fa fa-chevron-down\" aria-hidden=\"true\"><\/i><\/a><div class=\"card-body collapse multi-collapse\" id=\"comment-puis-je-regler-mon-sejour-\"><div class=\"faq-reponse\">We accept the following payments: Carte Bleue, cheque, ANCV holiday vouchers (sent by tracked mail), ANCV Connect, cash, and bank transfer.<\/div><\/div><\/div><\/div>\n\n\n\n<div style=\"height:60px\" aria-hidden=\"true\" class=\"wp-block-spacer\"><\/div>\n\n\n\n<h2 class=\"wp-block-heading\" id=\"votre-residence-secondaire\">Your second home<\/h2>\n\n\n\n<figure class=\"wp-block-image size-full\"><img decoding=\"async\" src=\"https:\/\/www.mirabel-renaudiere.com\/wp-content\/uploads\/2022\/01\/barre-bleue.png\" alt=\"\" class=\"wp-image-2382\"\/><\/figure>\n\n\n\n<div class=\"wp-block-create-block-sev-faq\"><div class=\"card sev-faq\"><a class=\"card-header d-flex\" href=\"#comment-acheter-un-mobil-home-au-camping-\" data-toggle=\"collapse\" role=\"button\" aria-expanded=\"false\" aria-controls=\"comment-acheter-un-mobil-home-au-camping-\"><div class=\"faq-question\">How do I buy a mobile home at a campsite?<\/div><i class=\"fa fa-chevron-down\" aria-hidden=\"true\"><\/i><\/a><div class=\"card-body collapse multi-collapse\" id=\"comment-acheter-un-mobil-home-au-camping-\"><div class=\"faq-reponse\">La Renaudi\u00e8re campsite still has plots ready to welcome new residents. <br>Call us on 02 40 21 50 03 to find out more and discover our mobile homes for sale.<\/div><\/div><\/div><\/div>\n\n\n\n<div class=\"wp-block-create-block-sev-faq\"><div class=\"card sev-faq\"><a class=\"card-header d-flex\" href=\"#choisir-son-mobil-home-neuf-ou-occasion-\" data-toggle=\"collapse\" role=\"button\" aria-expanded=\"false\" aria-controls=\"choisir-son-mobil-home-neuf-ou-occasion-\"><div class=\"faq-question\">Choosing your mobile home: new or used?<\/div><i class=\"fa fa-chevron-down\" aria-hidden=\"true\"><\/i><\/a><div class=\"card-body collapse multi-collapse\" id=\"choisir-son-mobil-home-neuf-ou-occasion-\"><div class=\"faq-reponse\">Browse our advertisements to find out the prices of <a href=\"https:\/\/mirabel-renaudiere.com\/en\/mobile-homes-for-sale\/\" data-type=\"page\" data-id=\"65\">mobile homes for sale<\/a> on our campsite. Depending on your budget, you can choose to buy new or second-hand.<br><a href=\"https:\/\/mirabel-renaudiere.com\/en\/contact-camping-renaudiere\/\" data-type=\"page\" data-id=\"75\">Contact us for more information<\/a>.<\/div><\/div><\/div><\/div>\n\n\n\n<div class=\"wp-block-create-block-sev-faq\"><div class=\"card sev-faq\"><a class=\"card-header d-flex\" href=\"#comment-choisir-sa-parcelle-\" data-toggle=\"collapse\" role=\"button\" aria-expanded=\"false\" aria-controls=\"comment-choisir-sa-parcelle-\"><div class=\"faq-question\">How do you choose your plot?<\/div><i class=\"fa fa-chevron-down\" aria-hidden=\"true\"><\/i><\/a><div class=\"card-body collapse multi-collapse\" id=\"comment-choisir-sa-parcelle-\"><div class=\"faq-reponse\">The purchase of a second-hand mobile home is made on a plot; it cannot be moved. If you buy a new mobile home, the choice of plot is made in discussion with our team according to the latest availability.<\/div><\/div><\/div><\/div>\n\n\n\n<div class=\"wp-block-create-block-sev-faq\"><div class=\"card sev-faq\"><a class=\"card-header d-flex\" href=\"#puis-je-rester-toute-lannee-au-camping-\" data-toggle=\"collapse\" role=\"button\" aria-expanded=\"false\" aria-controls=\"puis-je-rester-toute-lannee-au-camping-\"><div class=\"faq-question\">Can I stay at the campsite all year round?<\/div><i class=\"fa fa-chevron-down\" aria-hidden=\"true\"><\/i><\/a><div class=\"card-body collapse multi-collapse\" id=\"puis-je-rester-toute-lannee-au-camping-\"><div class=\"faq-reponse\">Camping la Renaudi\u00e8re**** is not a Parc R\u00e9sidentiel de Loisirs (PRL) and is therefore not open all year round. You can therefore live on the campsite as long as it is open, i.e. from 1 April to 31 October.<\/div><\/div><\/div><\/div>\n\n\n\n<div class=\"wp-block-create-block-sev-faq\"><div class=\"card sev-faq\"><a class=\"card-header d-flex\" href=\"#puis-je-louer-mon-mobil-home-sur-certaines-periodes-\" data-toggle=\"collapse\" role=\"button\" aria-expanded=\"false\" aria-controls=\"puis-je-louer-mon-mobil-home-sur-certaines-periodes-\"><div class=\"faq-question\">Can I rent out my mobile home during certain periods?<\/div><i class=\"fa fa-chevron-down\" aria-hidden=\"true\"><\/i><\/a><div class=\"card-body collapse multi-collapse\" id=\"puis-je-louer-mon-mobil-home-sur-certaines-periodes-\"><div class=\"faq-reponse\">You own your mobile home, and you have the option to rent it out during periods when you are not present (subject to validation by the campsite team regarding the possibility of subletting the residence). Management is 100% your responsibility.<\/div><\/div><\/div><\/div>\n\n\n\n<div style=\"height:60px\" aria-hidden=\"true\" class=\"wp-block-spacer\"><\/div>\n\n\n\n<h2 class=\"wp-block-heading\" id=\"sur-place\">On site<\/h2>\n\n\n\n<figure class=\"wp-block-image size-full\"><img decoding=\"async\" src=\"https:\/\/www.mirabel-renaudiere.com\/wp-content\/uploads\/2022\/01\/barre-bleue.png\" alt=\"\" class=\"wp-image-2382\"\/><\/figure>\n\n\n\n<div class=\"wp-block-create-block-sev-faq\"><div class=\"card sev-faq\"><a class=\"card-header d-flex\" href=\"#quelles-sont-les-dates-douverture-du-camping-\" data-toggle=\"collapse\" role=\"button\" aria-expanded=\"false\" aria-controls=\"quelles-sont-les-dates-douverture-du-camping-\"><div class=\"faq-question\">When is the campsite open?<\/div><i class=\"fa fa-chevron-down\" aria-hidden=\"true\"><\/i><\/a><div class=\"card-body collapse multi-collapse\" id=\"quelles-sont-les-dates-douverture-du-camping-\"><div class=\"faq-reponse\">Camping la Renaudi\u00e8re**** is open from 1 April to 31 October.<\/div><\/div><\/div><\/div>\n\n\n\n<div class=\"wp-block-create-block-sev-faq\"><div class=\"card sev-faq\"><a class=\"card-header d-flex\" href=\"#quand-la-piscine-est-elle-ouverte-\" data-toggle=\"collapse\" role=\"button\" aria-expanded=\"false\" aria-controls=\"quand-la-piscine-est-elle-ouverte-\"><div class=\"faq-question\">When is the pool open?<\/div><i class=\"fa fa-chevron-down\" aria-hidden=\"true\"><\/i><\/a><div class=\"card-body collapse multi-collapse\" id=\"quand-la-piscine-est-elle-ouverte-\"><div class=\"faq-reponse\">You can enjoy the indoor swimming pool from April to September, with its whirlpool and counter-current river. <br>The outdoor pool opens a little later: from mid-May to mid-September (depending on weather conditions). From 10am to 7pm and until 8pm in high season.<br><a href=\"https:\/\/mirabel-renaudiere.com\/en\/swimming-pool-aquatic-area\/\" data-type=\"page\" data-id=\"54\">Discover the aquatic area<\/a><\/div><\/div><\/div><\/div>\n\n\n\n<div class=\"wp-block-create-block-sev-faq\"><div class=\"card sev-faq\"><a class=\"card-header d-flex\" href=\"#dois-je-apporter-les-draps-\" data-toggle=\"collapse\" role=\"button\" aria-expanded=\"false\" aria-controls=\"dois-je-apporter-les-draps-\"><div class=\"faq-question\">Should I bring my own sheets?<\/div><i class=\"fa fa-chevron-down\" aria-hidden=\"true\"><\/i><\/a><div class=\"card-body collapse multi-collapse\" id=\"dois-je-apporter-les-draps-\"><div class=\"faq-reponse\">You can bring your own bed linen or hire it when you book or when you arrive at the campsite.  <a href=\"https:\/\/mirabel-renaudiere.com\/en\/mobile-home-rental-rates\/#options\">See prices<\/a><\/div><\/div><\/div><\/div>\n\n\n\n<div class=\"wp-block-create-block-sev-faq\"><div class=\"card sev-faq\"><a class=\"card-header d-flex\" href=\"#les-animaux-sont-ils-acceptes-au-camping-\" data-toggle=\"collapse\" role=\"button\" aria-expanded=\"false\" aria-controls=\"les-animaux-sont-ils-acceptes-au-camping-\"><div class=\"faq-question\">Are pets allowed on the campsite? <\/div><i class=\"fa fa-chevron-down\" aria-hidden=\"true\"><\/i><\/a><div class=\"card-body collapse multi-collapse\" id=\"les-animaux-sont-ils-acceptes-au-camping-\"><div class=\"faq-reponse\">Yes, we know it's hard to part with your pets. That's why pets are welcome at our campsite: we accept dogs and cats (excluding 1<sup>\u00e8<\/sup> and 2<sup>\u00e8<\/sup> category), they must be vaccinated, including against rabies, microchipped or tattooed. We accept 1 animal per rental and a maximum of 2 per campsite.<br><em>Rate: \u20ac5 per night and per animal.<\/em><\/div><\/div><\/div><\/div>\n\n\n\n<div class=\"wp-block-create-block-sev-faq\"><div class=\"card sev-faq\"><a class=\"card-header d-flex\" href=\"#a-quelle-heure-puis-je-arriver-au-camping-\" data-toggle=\"collapse\" role=\"button\" aria-expanded=\"false\" aria-controls=\"a-quelle-heure-puis-je-arriver-au-camping-\"><div class=\"faq-question\">What time can I arrive at the campsite?<\/div><i class=\"fa fa-chevron-down\" aria-hidden=\"true\"><\/i><\/a><div class=\"card-body collapse multi-collapse\" id=\"a-quelle-heure-puis-je-arriver-au-camping-\"><div class=\"faq-reponse\">Pitches: arrivals from 2pm and departures before 12pm. <br>For rentals: arrival from 3pm and departure before 10am.<\/div><\/div><\/div><\/div>\n\n\n\n<div class=\"wp-block-create-block-sev-faq\"><div class=\"card sev-faq\"><a class=\"card-header d-flex\" href=\"#quelles-sont-les-dates-douverture-du-club-enfants-\" data-toggle=\"collapse\" role=\"button\" aria-expanded=\"false\" aria-controls=\"quelles-sont-les-dates-douverture-du-club-enfants-\"><div class=\"faq-question\">When is the kids' club open? <\/div><i class=\"fa fa-chevron-down\" aria-hidden=\"true\"><\/i><\/a><div class=\"card-body collapse multi-collapse\" id=\"quelles-sont-les-dates-douverture-du-club-enfants-\"><div class=\"faq-reponse\">Children's club entertainers are on hand throughout the summer (July-August) for children aged 6 to 12. <\/div><\/div><\/div><\/div>\n\n\n\n<div class=\"wp-block-create-block-sev-faq\"><div class=\"card sev-faq\"><a class=\"card-header d-flex\" href=\"#ou-sortir-pendant-vos-vacances-a-la-plaine-sur-mer-\" data-toggle=\"collapse\" role=\"button\" aria-expanded=\"false\" aria-controls=\"ou-sortir-pendant-vos-vacances-a-la-plaine-sur-mer-\"><div class=\"faq-question\">Where to go out on holiday in La-Plaine-sur-Mer?<\/div><i class=\"fa fa-chevron-down\" aria-hidden=\"true\"><\/i><\/a><div class=\"card-body collapse multi-collapse\" id=\"ou-sortir-pendant-vos-vacances-a-la-plaine-sur-mer-\"><div class=\"faq-reponse\"><a href=\"https:\/\/mirabel-renaudiere.com\/en\/laplainesurmer-beaches-region\/\" data-type=\"page\" data-id=\"69\">Beaches<\/a>, <a href=\"https:\/\/mirabel-renaudiere.com\/en\/destination-region-pornic\/\" data-type=\"page\" data-id=\"67\">Pornic<\/a>, <a href=\"https:\/\/mirabel-renaudiere.com\/en\/aux-alentours\/\" data-type=\"page\" data-id=\"265\">Nantes<\/a>\u2026<\/div><\/div><\/div><\/div>\n\n\n\n<div style=\"height:60px\" aria-hidden=\"true\" class=\"wp-block-spacer\"><\/div>","protected":false},"excerpt":{"rendered":"<p>FAQ &#8211; Trouvez les r\u00e9ponses \u00e0 vos questions pour vos vacances au camping La Renaudi\u00e8re Le camping La Renaudi\u00e8re r\u00e9pond [&hellip;]<\/p>\n","protected":false},"author":1,"featured_media":0,"parent":0,"menu_order":0,"comment_status":"closed","ping_status":"closed","template":"","meta":{"_seopress_robots_primary_cat":"","_seopress_titles_title":"Foire aux questions du camping La Renaudi\u00e8re (44) pr\u00e8s de Pornic","_seopress_titles_desc":"Foire aux questions diverses sur le camping La Renaudi\u00e8re (44) La-Plaine-sur-Mer : ouverture, COVID 19, locations, pass sanitaire...","_seopress_robots_index":"","footnotes":""},"class_list":["post-83","page","type-page","status-publish","hentry"],"_links":{"self":[{"href":"https:\/\/mirabel-renaudiere.com\/en\/wp-json\/wp\/v2\/pages\/83","targetHints":{"allow":["GET"]}}],"collection":[{"href":"https:\/\/mirabel-renaudiere.com\/en\/wp-json\/wp\/v2\/pages"}],"about":[{"href":"https:\/\/mirabel-renaudiere.com\/en\/wp-json\/wp\/v2\/types\/page"}],"author":[{"embeddable":true,"href":"https:\/\/mirabel-renaudiere.com\/en\/wp-json\/wp\/v2\/users\/1"}],"replies":[{"embeddable":true,"href":"https:\/\/mirabel-renaudiere.com\/en\/wp-json\/wp\/v2\/comments?post=83"}],"version-history":[{"count":49,"href":"https:\/\/mirabel-renaudiere.com\/en\/wp-json\/wp\/v2\/pages\/83\/revisions"}],"predecessor-version":[{"id":13634,"href":"https:\/\/mirabel-renaudiere.com\/en\/wp-json\/wp\/v2\/pages\/83\/revisions\/13634"}],"wp:attachment":[{"href":"https:\/\/mirabel-renaudiere.com\/en\/wp-json\/wp\/v2\/media?parent=83"}],"curies":[{"name":"wp","href":"https:\/\/api.w.org\/{rel}","templated":true}]}}