{"id":895,"date":"2021-12-20T11:14:26","date_gmt":"2021-12-20T10:14:26","guid":{"rendered":"https:\/\/www.campinglarenaudiere.com\/?page_id=895"},"modified":"2024-01-30T11:35:46","modified_gmt":"2024-01-30T10:35:46","slug":"jade-coast-by-bike","status":"publish","type":"page","link":"https:\/\/mirabel-renaudiere.com\/en\/les-experiences\/cote-de-jade-a-velo","title":{"rendered":"C\u00f4te de Jade by bike"},"content":{"rendered":"<figure class=\"wp-block-image alignright size-full is-resized\"><img loading=\"lazy\" decoding=\"async\" width=\"320\" height=\"292\" src=\"https:\/\/www.mirabel-renaudiere.com\/wp-content\/uploads\/2022\/01\/Soleil.png\" alt=\"sun\" class=\"wp-image-1883\" style=\"width:160px;height:146px\" srcset=\"https:\/\/mirabel-renaudiere.com\/wp-content\/uploads\/2022\/01\/Soleil.png 320w, https:\/\/mirabel-renaudiere.com\/wp-content\/uploads\/2022\/01\/Soleil-300x274.png 300w\" sizes=\"auto, (max-width: 320px) 100vw, 320px\" \/><\/figure>\n\n\n\n<h1 class=\"wp-block-heading\" id=\"a-la-decouverte-de-la-cote-de-jade-a-velo\">Discover the C\u00f4te de Jade by bike!<\/h1>\n\n\n\n<h2 class=\"wp-block-heading has-text-align-center\" id=\"quand-on-partait-sur-les-chemins-a-bicyclette\">\u00abWhen we used to take to the roads by bike...\u00bb.\u00bb<\/h2>\n\n\n\n<p class=\"has-text-align-center\">More and more of you want to put the car down for the holidays. <br>Well, by coming to <a href=\"https:\/\/mirabel-renaudiere.com\/en\/\" data-type=\"page\" data-id=\"9\">la Renaudi\u00e8re<\/a> it's possible! Leave your car at the campsite and go for a walk on the many paths along the coast. <br>We've selected a few for you, whatever your level or age. <br>(<em>you can also hire your bikes directly at the campsite; ask at reception for full rates.<\/em>).<\/p>\n\n\n\n<figure class=\"wp-block-image aligncenter size-full\"><img decoding=\"async\" src=\"https:\/\/www.mirabel-renaudiere.com\/wp-content\/uploads\/2022\/01\/barre-bleue.png\" alt=\"\" class=\"wp-image-2382\"\/><\/figure>\n\n\n\n<div class=\"wp-block-media-text alignwide is-stacked-on-mobile\"><figure class=\"wp-block-media-text__media\"><a href=\"https:\/\/www.mirabel-renaudiere.com\/wp-content\/uploads\/2021\/12\/balade-velo-couple.jpg\"><img loading=\"lazy\" decoding=\"async\" width=\"1024\" height=\"683\" src=\"https:\/\/www.mirabel-renaudiere.com\/wp-content\/uploads\/2021\/12\/balade-velo-couple.jpg\" alt=\"La Plaine sur Mer cycle route\" class=\"wp-image-919 size-full\" srcset=\"https:\/\/mirabel-renaudiere.com\/wp-content\/uploads\/2021\/12\/balade-velo-couple.jpg 1024w, https:\/\/mirabel-renaudiere.com\/wp-content\/uploads\/2021\/12\/balade-velo-couple-300x200.jpg 300w, https:\/\/mirabel-renaudiere.com\/wp-content\/uploads\/2021\/12\/balade-velo-couple-768x512.jpg 768w\" sizes=\"auto, (max-width: 1024px) 100vw, 1024px\" \/><\/a><\/figure><div class=\"wp-block-media-text__content\">\n<p class=\"has-medium-font-size\"><strong>Discover La Plaine-sur-Mer by bike <\/strong><\/p>\n\n\n\n<figure class=\"wp-block-image size-full\"><img decoding=\"async\" src=\"https:\/\/www.mirabel-renaudiere.com\/wp-content\/uploads\/2022\/01\/barre-bleue.png\" alt=\"\" class=\"wp-image-2382\"\/><\/figure>\n\n\n\n<p><strong>Two tours departing from La Plaine-sur-Mer<\/strong> of just under 4 km will take you between sea and countryside. <\/p>\n\n\n\n<p>The first \u00abtown centre - la Pr\u00e9\u00e9<strong>&nbsp;\u00bb<\/strong> and the second \u00abcentre-ville - le Cormier\u00bb are <strong>short, easy routes<\/strong> of 3.9 km and 3.5 km. Perfect for exploring the nooks and crannies of the village, from fishing on foot at the Pointe de la Pr\u00e9\u00e9 to the countryside a little further inland.<\/p>\n\n\n\n<p>They will enable you to discover <strong>la Plaine-sur-Mer<\/strong> at your own pace. These tours are ideal for <strong>your family outings<\/strong> with the very young and easily accessible <strong>from the campsite.<\/strong><\/p>\n<\/div><\/div>\n\n\n\n<div class=\"wp-block-media-text alignwide has-media-on-the-right is-stacked-on-mobile front-page-section grey\"><div class=\"wp-block-media-text__content\">\n<h2 class=\"wp-block-heading has-medium-font-size\">Cycle route <strong>\u00abV\u00e9locean section towards Pr\u00e9failles\u00bb <\/strong><\/h2>\n\n\n\n<figure class=\"wp-block-image size-full\"><img decoding=\"async\" src=\"https:\/\/www.mirabel-renaudiere.com\/wp-content\/uploads\/2022\/01\/barre-bleue.png\" alt=\"\" class=\"wp-image-2382\"\/><\/figure>\n\n\n\n<p> 11.4 km from <a href=\"https:\/\/mirabel-renaudiere.com\/en\/laplainesurmer-beaches-region\/\" data-type=\"page\" data-id=\"69\">la Plaine-sur-Mer<\/a><\/p>\n\n\n\n<p><strong>Follow the coast to Pr\u00e9failles<\/strong>. With its many remarkable beaches and coves, Pr\u00e9failles is undoubtedly an essential part of your stay in the Loire-Atlantique region. <\/p>\n\n\n\n<p>During your journey, you can admire the colour of its transparent waters, the coastline and in particular the <strong>La Roche perc\u00e9e<\/strong> Pr\u00e9failles, the village's emblematic natural heritage, and <strong>Pointe Sainte Gildas<\/strong> and its semaphore.<\/p>\n<\/div><figure class=\"wp-block-media-text__media\"><a href=\"https:\/\/www.mirabel-renaudiere.com\/wp-content\/uploads\/2021\/12\/balade-velo-famille.jpg\"><img loading=\"lazy\" decoding=\"async\" width=\"1024\" height=\"683\" src=\"https:\/\/www.mirabel-renaudiere.com\/wp-content\/uploads\/2021\/12\/balade-velo-famille.jpg\" alt=\"pointe St Gildas and its semaphore\" class=\"wp-image-921 size-full\" srcset=\"https:\/\/mirabel-renaudiere.com\/wp-content\/uploads\/2021\/12\/balade-velo-famille.jpg 1024w, https:\/\/mirabel-renaudiere.com\/wp-content\/uploads\/2021\/12\/balade-velo-famille-300x200.jpg 300w, https:\/\/mirabel-renaudiere.com\/wp-content\/uploads\/2021\/12\/balade-velo-famille-768x512.jpg 768w\" sizes=\"auto, (max-width: 1024px) 100vw, 1024px\" \/><\/a><\/figure><\/div>\n\n\n\n<div class=\"wp-block-media-text alignwide is-stacked-on-mobile animate left\"><figure class=\"wp-block-media-text__media\"><a href=\"https:\/\/www.mirabel-renaudiere.com\/wp-content\/uploads\/2021\/12\/balade-velo-famille2.jpg\"><img loading=\"lazy\" decoding=\"async\" width=\"1024\" height=\"683\" src=\"https:\/\/www.mirabel-renaudiere.com\/wp-content\/uploads\/2021\/12\/balade-velo-famille2.jpg\" alt=\"La v\u00e9lodyss\u00e9e family bike ride\" class=\"wp-image-900 size-full\" srcset=\"https:\/\/mirabel-renaudiere.com\/wp-content\/uploads\/2021\/12\/balade-velo-famille2.jpg 1024w, https:\/\/mirabel-renaudiere.com\/wp-content\/uploads\/2021\/12\/balade-velo-famille2-300x200.jpg 300w, https:\/\/mirabel-renaudiere.com\/wp-content\/uploads\/2021\/12\/balade-velo-famille2-768x512.jpg 768w\" sizes=\"auto, (max-width: 1024px) 100vw, 1024px\" \/><\/a><\/figure><div class=\"wp-block-media-text__content\">\n<h2 class=\"wp-block-heading has-medium-font-size\">The cycle path <strong>\u00abLa V\u00e9lodys\u00e9e\u00bb - Discovering the Atlantic coast <\/strong><\/h2>\n\n\n\n<figure class=\"wp-block-image size-full\"><img decoding=\"async\" src=\"https:\/\/www.mirabel-renaudiere.com\/wp-content\/uploads\/2022\/01\/barre-bleue.png\" alt=\"\" class=\"wp-image-2382\"\/><\/figure>\n\n\n\n<p> This cycle route is approximately <strong>1400 km and signposted<\/strong> from start to finish, starts in Brittany and winds its way across the Atlantic to the Basque Coast. Pump up the tyres on your bikes and saddle up for a pretty ride! <strong>family outing!<\/strong><\/p>\n\n\n\n<p>3\/4 of the V\u00e9lodyss\u00e9 is on car-free roads.<\/p>\n\n\n\n<p> Leaving from <strong>Campsite Mirabel La Renaudi\u00e8re<\/strong>, You will be able to join, among others, <a href=\"https:\/\/mirabel-renaudiere.com\/en\/destination-region-pornic\/\" data-type=\"page\" data-id=\"67\">Pornic<\/a>, Saint-Br\u00e9vin, Les Moutiers-en-Retz. <\/p>\n\n\n\n<p>For the more experienced, pack a picnic lunch, put on your rucksack and head for the beach. <strong>take a day trip<\/strong> discover the regions crossed by this tour.<\/p>\n\n\n\n<p><\/p>\n\n\n\n<p>Find out more about all the cycling itineraries on the <a href=\"https:\/\/www.pornic.com\/\" target=\"_blank\" rel=\"noreferrer noopener\">Destination Pornic<\/a> or go to the campsite reception.<\/p>\n<\/div><\/div>\n\n\n\n<p><\/p>","protected":false},"excerpt":{"rendered":"<p>A la d\u00e9couverte de la C\u00f4te de Jade \u00e0 v\u00e9lo ! \u00ab&nbsp;Quand on partait sur les chemins, \u00e0 bicyclette\u2026&nbsp;\u00bb Vous [&hellip;]<\/p>\n","protected":false},"author":1,"featured_media":0,"parent":272,"menu_order":0,"comment_status":"closed","ping_status":"closed","template":"","meta":{"_seopress_robots_primary_cat":"","_seopress_titles_title":"Circuits v\u00e9lo et pistes cyclables pr\u00e8s de Pornic","_seopress_titles_desc":"D\u00e9couvrez les pistes cyclables, la v\u00e9lodyss\u00e9e sur la c\u00f4te de Jade et le secteur de Pornic au d\u00e9part du camping La Renaudi\u00e8re.","_seopress_robots_index":"","footnotes":""},"class_list":["post-895","page","type-page","status-publish","hentry"],"_links":{"self":[{"href":"https:\/\/mirabel-renaudiere.com\/en\/wp-json\/wp\/v2\/pages\/895","targetHints":{"allow":["GET"]}}],"collection":[{"href":"https:\/\/mirabel-renaudiere.com\/en\/wp-json\/wp\/v2\/pages"}],"about":[{"href":"https:\/\/mirabel-renaudiere.com\/en\/wp-json\/wp\/v2\/types\/page"}],"author":[{"embeddable":true,"href":"https:\/\/mirabel-renaudiere.com\/en\/wp-json\/wp\/v2\/users\/1"}],"replies":[{"embeddable":true,"href":"https:\/\/mirabel-renaudiere.com\/en\/wp-json\/wp\/v2\/comments?post=895"}],"version-history":[{"count":19,"href":"https:\/\/mirabel-renaudiere.com\/en\/wp-json\/wp\/v2\/pages\/895\/revisions"}],"predecessor-version":[{"id":10534,"href":"https:\/\/mirabel-renaudiere.com\/en\/wp-json\/wp\/v2\/pages\/895\/revisions\/10534"}],"up":[{"embeddable":true,"href":"https:\/\/mirabel-renaudiere.com\/en\/wp-json\/wp\/v2\/pages\/272"}],"wp:attachment":[{"href":"https:\/\/mirabel-renaudiere.com\/en\/wp-json\/wp\/v2\/media?parent=895"}],"curies":[{"name":"wp","href":"https:\/\/api.w.org\/{rel}","templated":true}]}}