{"id":9791,"date":"2023-10-06T15:11:23","date_gmt":"2023-10-06T13:11:23","guid":{"rendered":"https:\/\/www.campinglarenaudiere.com\/?page_id=9791"},"modified":"2025-09-22T16:18:30","modified_gmt":"2025-09-22T14:18:30","slug":"toussaint-camping-in-pornic","status":"publish","type":"page","link":"https:\/\/mirabel-renaudiere.com\/en\/les-experiences\/la-toussaint-en-camping-a-pornic","title":{"rendered":"All Saints' Day Camping in Pornic"},"content":{"rendered":"<h1 class=\"wp-block-heading\"><strong>All Saints' Day Camping in Pornic<\/strong><\/h1>\n\n\n\n<h2 class=\"wp-block-heading has-text-align-center\"><strong>Looking for somewhere to take your children this All Saints' Day? <\/strong><\/h2>\n\n\n\n<p class=\"has-text-align-center\"><strong>Our Mirabel La Renaudi\u00e8re campsite in La Plaine-sur-Mer is open until the end of October for a family holiday near Pornic. You can enjoy all the facilities of the campsite and the comfort of our accommodation.<\/strong><\/p>\n\n\n\n<div class=\"wp-block-media-text is-stacked-on-mobile\"><figure class=\"wp-block-media-text__media\"><img loading=\"lazy\" decoding=\"async\" width=\"1024\" height=\"683\" src=\"https:\/\/www.mirabel-renaudiere.com\/wp-content\/uploads\/2023\/10\/vacances-toussaint-tharon-jeux-famille-1024x683.jpg\" alt=\"family games children allsaint holidays pornic\" class=\"wp-image-9805 size-full\" srcset=\"https:\/\/mirabel-renaudiere.com\/wp-content\/uploads\/2023\/10\/vacances-toussaint-tharon-jeux-famille-1024x683.jpg 1024w, https:\/\/mirabel-renaudiere.com\/wp-content\/uploads\/2023\/10\/vacances-toussaint-tharon-jeux-famille-300x200.jpg 300w, https:\/\/mirabel-renaudiere.com\/wp-content\/uploads\/2023\/10\/vacances-toussaint-tharon-jeux-famille-768x512.jpg 768w, https:\/\/mirabel-renaudiere.com\/wp-content\/uploads\/2023\/10\/vacances-toussaint-tharon-jeux-famille.jpg 1200w\" sizes=\"auto, (max-width: 1024px) 100vw, 1024px\" \/><\/figure><div class=\"wp-block-media-text__content\">\n<h3 class=\"wp-block-heading\"><strong>The campsite is open on All Saints' Day<\/strong><\/h3>\n\n\n\n<p>Good news, for your October holidays with children and grandchildren, our 4-star La Renaudi\u00e8re campsite is open, <strong>just 15 minutes from Pornic<\/strong>. For a great family holiday, you can take advantage of our large children's play area with swings and slides, the petanque courts or the indoor games room with pool table and arcade games for the greyer days.<\/p>\n<\/div><\/div>\n\n\n\n<div style=\"height:24px\" aria-hidden=\"true\" class=\"wp-block-spacer\"><\/div>\n\n\n\n<div class=\"wp-block-media-text has-media-on-the-right is-stacked-on-mobile\"><div class=\"wp-block-media-text__content\">\n<h3 class=\"wp-block-heading\"><strong>What to do with the kids at La Toussaint in Pornic?<\/strong><\/h3>\n\n\n\n<p>After a busy back-to-school period in September, the October holidays are the perfect opportunity to recharge your batteries and get back to work. <strong>spending time with children<\/strong>. Many of you are looking for <strong>Family activities for All Saints' Day<\/strong>. Here are a few ideas:<\/p>\n\n\n\n<ul class=\"wp-block-list\">\n<li>A <strong>bike ride<\/strong> along the C\u00f4te de Jade thanks to the many cycle paths starting from the campsite. <a href=\"https:\/\/www.pornic.com\/randonnees-a-velo.html\" target=\"_blank\" rel=\"noreferrer noopener\">Discover the itineraries. <\/a><\/li>\n\n\n\n<li><strong>Fishing<\/strong> shellfish and crustaceans on one of the many <a rel=\"noreferrer noopener\" href=\"https:\/\/www.pornic.com\/plages-la-plaine-sur-mer-plage-la-plaine-sur-mer.html\" target=\"_blank\">beaches near the campsite<\/a>. Put on your boots, take your bucket and off you go<\/li>\n\n\n\n<li>An outing to our partner <a href=\"https:\/\/www.planetesauvage.com\/\" data-type=\"link\" data-id=\"https:\/\/www.planetesauvage.com\/\" target=\"_blank\" rel=\"noreferrer noopener\">Plan\u00e8te Sauvage Zoo<\/a>. Discover the animals that surround us!<\/li>\n\n\n\n<li>A <strong>walk<\/strong> autumn in <strong>full nature<\/strong> to build your own cabin in the woods, or simply admire the beautiful colours in the marshes or near the beaches.<\/li>\n\n\n\n<li>Try a bit of sport near the water by trying your hand at <strong>Stand Up Paddle<\/strong>, surfing and sand yachting. Find out more about <strong>nautical offers<\/strong> from <a href=\"https:\/\/www.pornic.com\/nautisme.html\" target=\"_blank\" rel=\"noreferrer noopener\">Destination Pornic right here<\/a>.<\/li>\n\n\n\n<li><a href=\"https:\/\/www.pornic.com\/activites-les-pirates-plus-de-12-ans.html\" target=\"_blank\" rel=\"noreferrer noopener\">Activities for teenagers<\/a> (outdoor and indoor for grey days): <strong>Escape Game<\/strong>, Laser Game, Karting, <strong>Tree climbing<\/strong>, There's plenty to choose from.<\/li>\n<\/ul>\n<\/div><figure class=\"wp-block-media-text__media\"><img loading=\"lazy\" decoding=\"async\" width=\"1024\" height=\"683\" src=\"https:\/\/www.mirabel-renaudiere.com\/wp-content\/uploads\/2023\/10\/peche-pied-plage-enfant-coquillage-1024x683.jpg\" alt=\"children&#039;s beach fishing october\" class=\"wp-image-9809 size-full\" srcset=\"https:\/\/mirabel-renaudiere.com\/wp-content\/uploads\/2023\/10\/peche-pied-plage-enfant-coquillage-1024x683.jpg 1024w, https:\/\/mirabel-renaudiere.com\/wp-content\/uploads\/2023\/10\/peche-pied-plage-enfant-coquillage-300x200.jpg 300w, https:\/\/mirabel-renaudiere.com\/wp-content\/uploads\/2023\/10\/peche-pied-plage-enfant-coquillage-768x512.jpg 768w, https:\/\/mirabel-renaudiere.com\/wp-content\/uploads\/2023\/10\/peche-pied-plage-enfant-coquillage.jpg 1200w\" sizes=\"auto, (max-width: 1024px) 100vw, 1024px\" \/><\/figure><\/div>\n\n\n\n<div style=\"height:24px\" aria-hidden=\"true\" class=\"wp-block-spacer\"><\/div>\n\n\n\n<div class=\"wp-block-group border border-info card pt-2 pl-4 pr-4 is-layout-constrained wp-block-group-is-layout-constrained\">\n<h2 class=\"wp-block-heading has-text-align-center\"><strong>Book your mobile home for All Saints' Day in La Plaine-sur-Mer<\/strong><\/h2>\n\n\n\n<p>To spend your holidays in <strong>4-star campsite near Pornic<\/strong>, You have a choice of accommodation:<\/p>\n\n\n\n<ul class=\"wp-block-list\">\n<li>Hire of <a rel=\"noreferrer noopener\" href=\"https:\/\/mirabel-renaudiere.com\/en\/mobile-home-rental-rates\/\" target=\"_blank\"><strong>mobile home<\/strong><\/a> Heated and comfortable: from 1 to 3 bedrooms, you'll find a living room with lounge, fitted kitchen, television, bedroom(s) with wardrobe(s), bathroom(s) and semi-covered terrace so you can enjoy the outdoors even if it rains. <\/li>\n<\/ul>\n\n\n\n<figure class=\"wp-block-image aligncenter size-full is-resized\"><a href=\"https:\/\/mirabel-renaudiere.com\/en\/mobile-home-rental-rates\/\"><img loading=\"lazy\" decoding=\"async\" width=\"700\" height=\"443\" src=\"https:\/\/www.mirabel-renaudiere.com\/wp-content\/uploads\/2023\/06\/location-Camping-bord-de-mer-Pornic.jpg\" alt=\"rental Camping bord de mer Pornic\" class=\"wp-image-8920\" style=\"width:387px;height:245px\" srcset=\"https:\/\/mirabel-renaudiere.com\/wp-content\/uploads\/2023\/06\/location-Camping-bord-de-mer-Pornic.jpg 700w, https:\/\/mirabel-renaudiere.com\/wp-content\/uploads\/2023\/06\/location-Camping-bord-de-mer-Pornic-300x190.jpg 300w\" sizes=\"auto, (max-width: 700px) 100vw, 700px\" \/><\/a><\/figure>\n\n\n\n<ul class=\"wp-block-list\">\n<li>Rental of\u2019<strong><a rel=\"noreferrer noopener\" href=\"https:\/\/mirabel-renaudiere.com\/en\/tariffs-for-caravan-tents\/\" target=\"_blank\">location <\/a><\/strong>A spacious, delimited area for your motorhome or caravan (or tent, for the brave!) with <strong>electricity package<\/strong> and access to all the campsite services.<\/li>\n<\/ul>\n\n\n\n<figure class=\"wp-block-image aligncenter size-full is-resized\"><a href=\"https:\/\/mirabel-renaudiere.com\/en\/tariffs-for-caravan-tents\/\"><img loading=\"lazy\" decoding=\"async\" width=\"700\" height=\"470\" src=\"https:\/\/www.mirabel-renaudiere.com\/wp-content\/uploads\/2023\/09\/location-emplacement-camping-car-proche-pornic.jpg\" alt=\"location Emplacement camping-car proche Pornic\" class=\"wp-image-9592\" style=\"width:399px;height:268px\" srcset=\"https:\/\/mirabel-renaudiere.com\/wp-content\/uploads\/2023\/09\/location-emplacement-camping-car-proche-pornic.jpg 700w, https:\/\/mirabel-renaudiere.com\/wp-content\/uploads\/2023\/09\/location-emplacement-camping-car-proche-pornic-300x201.jpg 300w\" sizes=\"auto, (max-width: 700px) 100vw, 700px\" \/><\/a><\/figure>\n<\/div>","protected":false},"excerpt":{"rendered":"<p>La Toussaint en Camping \u00e0 Pornic Vous cherchez o\u00f9 partir \u00e0 la Toussaint avec vos enfants&nbsp;? Notre Camping Mirabel La [&hellip;]<\/p>\n","protected":false},"author":2,"featured_media":0,"parent":272,"menu_order":0,"comment_status":"closed","ping_status":"closed","template":"","meta":{"_seopress_robots_primary_cat":"","_seopress_titles_title":"Camping ouvert \u00e0 la Toussaint avec piscine \u00e0 la Plaine-sur-Mer","_seopress_titles_desc":"Vous cherchez o\u00f9 partir \u00e0 la Toussaint avec vos enfants\u00a0? Notre Camping Mirabel La Renaudi\u00e8re \u00e0 la Plaine-sur-Mer est ouvert jusqu\u2019\u00e0 fin octobre.","_seopress_robots_index":"","footnotes":""},"class_list":["post-9791","page","type-page","status-publish","hentry"],"_links":{"self":[{"href":"https:\/\/mirabel-renaudiere.com\/en\/wp-json\/wp\/v2\/pages\/9791","targetHints":{"allow":["GET"]}}],"collection":[{"href":"https:\/\/mirabel-renaudiere.com\/en\/wp-json\/wp\/v2\/pages"}],"about":[{"href":"https:\/\/mirabel-renaudiere.com\/en\/wp-json\/wp\/v2\/types\/page"}],"author":[{"embeddable":true,"href":"https:\/\/mirabel-renaudiere.com\/en\/wp-json\/wp\/v2\/users\/2"}],"replies":[{"embeddable":true,"href":"https:\/\/mirabel-renaudiere.com\/en\/wp-json\/wp\/v2\/comments?post=9791"}],"version-history":[{"count":10,"href":"https:\/\/mirabel-renaudiere.com\/en\/wp-json\/wp\/v2\/pages\/9791\/revisions"}],"predecessor-version":[{"id":13047,"href":"https:\/\/mirabel-renaudiere.com\/en\/wp-json\/wp\/v2\/pages\/9791\/revisions\/13047"}],"up":[{"embeddable":true,"href":"https:\/\/mirabel-renaudiere.com\/en\/wp-json\/wp\/v2\/pages\/272"}],"wp:attachment":[{"href":"https:\/\/mirabel-renaudiere.com\/en\/wp-json\/wp\/v2\/media?parent=9791"}],"curies":[{"name":"wp","href":"https:\/\/api.w.org\/{rel}","templated":true}]}}