{"id":12169,"date":"2025-01-21T15:18:18","date_gmt":"2025-01-21T14:18:18","guid":{"rendered":"https:\/\/mirabel-renaudiere.com\/?page_id=12169"},"modified":"2025-11-12T12:42:36","modified_gmt":"2025-11-12T11:42:36","slug":"camping-aan-zee-bij-pornic","status":"publish","type":"page","link":"https:\/\/mirabel-renaudiere.com\/nl\/camping-bord-de-mer-proche-de-pornic","title":{"rendered":"Camping aan zee bij Pornic"},"content":{"rendered":"<h1 class=\"wp-block-heading\">Camping aan zee bij Pornic<\/h1>\n\n\n\n<p class=\"has-turquoise-color has-text-color has-link-color wp-elements-17e2fbb1ef99d0c5a59d9b333fcdc593\">Als je op zoek bent naar een <strong>camping aan zee<\/strong> voor uw vakantie, de <strong>Camping La Renaudi\u00e8re<\/strong> heet je welkom in La Plaine-sur-Mer. Als je bij ons verblijft, ben je maar een paar minuten verwijderd van de mooiste stranden van de regio Pornic, allemaal binnen handbereik van de oceaan. Het dichtstbijzijnde strand ligt op slechts 1800 meter afstand. Om optimaal van je verblijf te genieten en een aantal niet te missen plekjes te ontdekken, hebben we een korte lijst samengesteld met de beste plekken om te verblijven in de omgeving. <strong>beste stranden <\/strong>rond de <a href=\"https:\/\/mirabel-renaudiere.com\/nl\/camping-porno\/\">camping in de buurt van Pornic<\/a><strong>.<\/strong><\/p>\n\n\n\n<p><\/p>\n\n\n\n<h2 class=\"wp-block-heading\">Ontdek de beste stranden bij Pornic<\/h2>\n\n\n\n<p>Het voordeel van een camping in het midden van een schiereiland is het aantal stranden van alle soorten, met niet minder dan 20 in de buurt.<\/p>\n\n\n\n<div class=\"wp-block-media-text is-stacked-on-mobile\"><figure class=\"wp-block-media-text__media\"><img loading=\"lazy\" decoding=\"async\" width=\"1024\" height=\"683\" src=\"https:\/\/mirabel-renaudiere.com\/wp-content\/uploads\/2025\/01\/plage-de-la-source-2.jpg\" alt=\"bron strandporno zwemmen\" class=\"wp-image-12193 size-full\" srcset=\"https:\/\/mirabel-renaudiere.com\/wp-content\/uploads\/2025\/01\/plage-de-la-source-2.jpg 1024w, https:\/\/mirabel-renaudiere.com\/wp-content\/uploads\/2025\/01\/plage-de-la-source-2-300x200.jpg 300w, https:\/\/mirabel-renaudiere.com\/wp-content\/uploads\/2025\/01\/plage-de-la-source-2-768x512.jpg 768w\" sizes=\"auto, (max-width: 1024px) 100vw, 1024px\" \/><\/figure><div class=\"wp-block-media-text__content\">\n<h3 class=\"wp-block-heading\"><strong>La Plage de La Source: de historische baai van Pornic<\/strong><\/h3>\n\n\n\n<p>Op slechts 15 minuten rijden van je <strong>camping aan zee<\/strong>, Het strand van La Source is een baai met goudkleurig zand omgeven door rotsen, vlak voor de kust van de <strong>Thalasso de Pornic<\/strong>. Een must-see in het laagseizoen voor wie op zoek is naar natuurlijke schoonheid en rust. Sa <strong>uitzicht op de Atlantische Oceaan<\/strong> en het fijne zand maken het de perfecte plek om te ontspannen na een zonnige dag. Bovendien zijn er <strong>restaurants en caf\u00e9s<\/strong> voor een welverdiende pauze. <\/p>\n\n\n\n<p><br><strong>Praktijk<\/strong> Het Plage de la Source is bekroond met de Blauwe Vlag* en is rookvrij. Bovendien is de <strong>Zwemmen onder toezicht<\/strong> in juli en augustus. Het strand is <strong>toegestaan voor honden<\/strong> van oktober tot maart.<\/p>\n\n\n\n<p>In de zomer moet je geduld hebben bij het parkeren, want dit mooie strand is erg populair. Het goede nieuws is dat het ook te voet bereikbaar is via het douanepad dat langs de zee loopt!<\/p>\n\n\n\n<p><strong>Mogelijke activiteiten:<\/strong> zwemmen, luieren, paddleboarden, zeilen, wandelen langs het pad.<\/p>\n<\/div><\/div>\n\n\n\n<p><\/p>\n\n\n\n<div class=\"wp-block-media-text has-media-on-the-right is-stacked-on-mobile front-page-section grey\"><div class=\"wp-block-media-text__content\">\n<h3 class=\"wp-block-heading\"><strong>Plage de la No\u00ebveillard (Pornic) : <strong>groot, levendig strand<\/strong> dichtbij uw Camping La Renaudi\u00e8re<\/strong><\/h3>\n\n\n\n<p>Op 15 minuten van de camping ligt het grootste strand van Pornic. <strong>Zeer levendig<\/strong>, Het is perfect voor een <strong>familiedag<\/strong>. De aangename omgeving en het heldere water maken het een populaire plek voor activiteiten op het water. Als je van het idee houdt om dicht bij een <strong>camping aan zee,<\/strong> Dit strand is een van de meest toegankelijke in de regio. Het is ook een van de weinige stranden waar je bij eb kunt zwemmen. Jongeren en sportievelingen vinden het hier geweldig. <\/p>\n\n\n\n<p><strong>Praktische informatie : <\/strong>Blauwe vlag label, jachtclub, hutten, beachvolleybalnet, beachclub en zwemmen onder toezicht in de zomer, strand toegankelijk voor mensen met een handicap. Honden toegestaan van oktober tot maart.<\/p>\n\n\n\n<p><strong>Mogelijke activiteiten:<\/strong> zwemmen, kano\u00ebn, zeilen, kitesurfen.<\/p>\n<\/div><figure class=\"wp-block-media-text__media\"><img loading=\"lazy\" decoding=\"async\" width=\"600\" height=\"400\" src=\"https:\/\/mirabel-renaudiere.com\/wp-content\/uploads\/2025\/01\/plage-de-la-noeveillard-a-pornic-melanie-chaigneau-2118-1.jpg\" alt=\"noeveillard strand in porno familie zwemmen\" class=\"wp-image-12358 size-full\" srcset=\"https:\/\/mirabel-renaudiere.com\/wp-content\/uploads\/2025\/01\/plage-de-la-noeveillard-a-pornic-melanie-chaigneau-2118-1.jpg 600w, https:\/\/mirabel-renaudiere.com\/wp-content\/uploads\/2025\/01\/plage-de-la-noeveillard-a-pornic-melanie-chaigneau-2118-1-300x200.jpg 300w\" sizes=\"auto, (max-width: 600px) 100vw, 600px\" \/><\/figure><\/div>\n\n\n\n<p><\/p>\n\n\n\n<div class=\"wp-block-media-text is-stacked-on-mobile is-style-default animate left\"><figure class=\"wp-block-media-text__media\"><img loading=\"lazy\" decoding=\"async\" width=\"1024\" height=\"683\" src=\"https:\/\/mirabel-renaudiere.com\/wp-content\/uploads\/2024\/04\/plage-etang-pornic3-1024x683.jpg\" alt=\"plage de l&#039;etang pornic camping aan zee\" class=\"wp-image-11169 size-full\" srcset=\"https:\/\/mirabel-renaudiere.com\/wp-content\/uploads\/2024\/04\/plage-etang-pornic3-1024x683.jpg 1024w, https:\/\/mirabel-renaudiere.com\/wp-content\/uploads\/2024\/04\/plage-etang-pornic3-300x200.jpg 300w, https:\/\/mirabel-renaudiere.com\/wp-content\/uploads\/2024\/04\/plage-etang-pornic3-768x512.jpg 768w, https:\/\/mirabel-renaudiere.com\/wp-content\/uploads\/2024\/04\/plage-etang-pornic3.jpg 1200w\" sizes=\"auto, (max-width: 1024px) 100vw, 1024px\" \/><\/figure><div class=\"wp-block-media-text__content\">\n<h3 class=\"wp-block-heading\"><strong>La Plage de l'\u00c9tang (Pornic): een stukje paradijs<\/strong><\/h3>\n\n\n\n<p>Plage de l'\u00c9tang is een oase van rust in een uitzonderlijke natuurlijke omgeving. Ideaal voor wie op zoek is naar een meer ontspannen sfeer. <strong>rustig en intiem<\/strong>, Het strand is verdeeld in een aantal kleine inhammen met oranjekleurig zand, waardoor het een uitzonderlijk karakter heeft, waar je heerlijk kunt zwemmen in rustig, helder water. Plage de l'\u00c9tang is ook een strand met een blauwe vlag.<\/p>\n\n\n\n<p><strong>Praktische informatie : <\/strong>Het strand heeft een kleine zwemzone met badmeesters in de zomer. Het is op een paar minuten fietsen van camping La Renaudi\u00e8re. Er is een parkeerplaats op slechts 5 minuten lopen van het strand. Honden zijn toegestaan van oktober tot maart.<\/p>\n\n\n\n<p><strong>Mogelijke activiteiten<\/strong>&nbsp;Zwemmen, strandspelletjes en loungen.<\/p>\n\n\n\n<p><\/p>\n<\/div><\/div>\n\n\n\n<p><\/p>\n\n\n\n<div class=\"wp-block-media-text has-media-on-the-right is-stacked-on-mobile front-page-section grey\"><div class=\"wp-block-media-text__content\">\n<h3 class=\"wp-block-heading\"><strong>La Grande Plage de Tharon: een dynamische sfeer op een steenworp afstand van uw camping<\/strong><\/h3>\n\n\n\n<p>La <a href=\"https:\/\/www.pornic.com\/grande-plage-de-tharon.html\">Strand van Tharon<\/a> is een van de grootste stranden in de regio, met meer dan\u2019<strong>1 kilometer fijn zand<\/strong> langs de duinen. Het is ook het levendigst, vooral in de zomer. Met zijn vele sportactiviteiten, strandspelletjes en een <strong>vriendelijke sfeer, <\/strong>het trekt <strong>gezinnen en jongeren <\/strong>op zoek naar entertainment. Of je nu op zoek bent naar <strong>watersport<\/strong> (op het gereserveerde noordelijke deel), relaxen onder de zon of genieten van het plaatselijke vermaak, dit strand wordt vaak gekozen voor een dag vol energie, terwijl het toch <strong>dicht bij je accommodatie.<\/strong> Met de auto ben je er in slechts 10 minuten.<\/p>\n\n\n\n<p><strong>Praktische informatie : <\/strong>zwemmen onder toezicht in de zomer, strandbar, toegang PRM, gratis parkeren het hele jaar door, huisdieren welkom van half september tot half mei<\/p>\n\n\n\n<p><strong>Mogelijke activiteiten <\/strong>Zwemmen, sportspelletjes, familiespelletjes, ontspannen, watersporten, draaimolen voor de kleintjes, concerten op de Grand Escalier in het seizoen.<\/p>\n<\/div><figure class=\"wp-block-media-text__media\"><img loading=\"lazy\" decoding=\"async\" width=\"1024\" height=\"683\" src=\"https:\/\/mirabel-renaudiere.com\/wp-content\/uploads\/2021\/12\/plage-tharon-pornic-1024x683.jpg\" alt=\"Strand van Tharon naast camping Pornic\" class=\"wp-image-727 size-full\" srcset=\"https:\/\/mirabel-renaudiere.com\/wp-content\/uploads\/2021\/12\/plage-tharon-pornic-1024x683.jpg 1024w, https:\/\/mirabel-renaudiere.com\/wp-content\/uploads\/2021\/12\/plage-tharon-pornic-300x200.jpg 300w, https:\/\/mirabel-renaudiere.com\/wp-content\/uploads\/2021\/12\/plage-tharon-pornic-768x512.jpg 768w, https:\/\/mirabel-renaudiere.com\/wp-content\/uploads\/2021\/12\/plage-tharon-pornic.jpg 1500w\" sizes=\"auto, (max-width: 1024px) 100vw, 1024px\" \/><\/figure><\/div>\n\n\n\n<div class=\"wp-block-media-text is-stacked-on-mobile\"><figure class=\"wp-block-media-text__media\"><img loading=\"lazy\" decoding=\"async\" width=\"600\" height=\"400\" src=\"https:\/\/mirabel-renaudiere.com\/wp-content\/uploads\/2025\/01\/plage-du-cormier-a-la-plaine-sur-mer-melanie-chaigneau-2132.jpg\" alt=\"plage du cormier la plaine sur mer watersport en zwemmen\" class=\"wp-image-12347 size-full\" srcset=\"https:\/\/mirabel-renaudiere.com\/wp-content\/uploads\/2025\/01\/plage-du-cormier-a-la-plaine-sur-mer-melanie-chaigneau-2132.jpg 600w, https:\/\/mirabel-renaudiere.com\/wp-content\/uploads\/2025\/01\/plage-du-cormier-a-la-plaine-sur-mer-melanie-chaigneau-2132-300x200.jpg 300w\" sizes=\"auto, (max-width: 600px) 100vw, 600px\" \/><\/figure><div class=\"wp-block-media-text__content\">\n<h3 class=\"wp-block-heading\"><strong>Plage du Cormier (La Plaine-sur-Mer): een gezinsfavoriet.<\/strong><\/h3>\n\n\n\n<p>7 minuten met de auto of 25 minuten met de fiets. <a href=\"https:\/\/mirabel-renaudiere.com\/nl\/ervaringen\/jadekust-per-fiets\/?_gl=1*1htti5p*_ga*Mjk4NDEyNDc0LjE3MjgzMDg0MTM.*_ga_HFNNQDYS9E*MTczNzU0MjEzNi43MS4xLjE3Mzc1NDIxMzkuNTcuMC4w*_ga_81L5MS3GEK*MTczNzU0MjEzNi43Mi4xLjE3Mzc1NDIxMzkuNTcuMC4w&amp;_ga=2.261488653.1286283666.1737387323-298412474.1728308413\" target=\"_blank\" rel=\"noreferrer noopener\">la Velodyss\u00e9e aan de kust<\/a>, Het Plage du Cormier in La Plaine sur Mer is favoriet bij gezinnen die op zoek zijn naar activiteiten voor iedereen. Het fijne zand maakt het een <strong>natuurlijke en aangename plek.<\/strong> Je kunt in alle rust ontspannen op je handdoek of je favoriete sport beoefenen. <strong>een sportactiviteit<\/strong> van je keuze. In de zomer kun je de nodige uitrusting lenen voor een partijtje beachvolleybal of tafeltennis. Restaurants en bars zijn in de buurt voor een snelle hap. <strong>gourmet break<\/strong> met uitzicht op zee.<\/p>\n\n\n\n<p><strong>Praktische informatie :<\/strong> zwemmen onder toezicht in de zomer, honden toegestaan van oktober tot mei, PRM toegang met pullover, duikplank<\/p>\n\n\n\n<p><strong>Activiteiten : <\/strong>zeilen, kitsurfen en peddelen, zwemmen, ontspannen, sport, vissen<\/p>\n<\/div><\/div>\n\n\n\n<div class=\"wp-block-media-text has-media-on-the-right is-stacked-on-mobile front-page-section grey is-style-default animate right\"><div class=\"wp-block-media-text__content\">\n<h3 class=\"wp-block-heading\"><strong>La Grande Plage de Pr\u00e9failles: de zee in het stadscentrum niet ver van de camping<\/strong><\/h3>\n\n\n\n<p>Dit is het dichtstbijzijnde zwemstrand van Camping Mirabel La Renaudi\u00e8re. Je kunt er naartoe lopen via het GR8 wandelpad. Als het vloed is, kun je je kinderen meenemen voor een partijtje tennis. <strong>vissen <\/strong>Ontdek de schelpdieren uit de streek of doe mee aan een zandkastelenwedstrijd! Als je van plan bent om de dag door te brengen, staan er tafels klaar voor een picknick aan het water. In de zomer is de <strong>strand is bewaakt<\/strong> en kinderen kunnen in alle veiligheid zwemmen. Om optimaal te genieten van deze gezinsvriendelijke plek ligt het dorp Pr\u00e9failles op slechts een paar meter afstand, waar je een restaurant, bar en winkels vindt. Logeren in je <strong>camping aan zee<\/strong>, Je kunt optimaal profiteren van dit prachtige strand, ongeacht het seizoen.<\/p>\n\n\n\n<p><strong>Praktische informatie : <\/strong>Blauwe vlag, honden toegestaan van oktober tot mei, PRM-toegang, dicht bij het centrum.<\/p>\n\n\n\n<p><strong>Mogelijke activiteiten:<\/strong> zwemmen, strandspelletjes, vissen, wandelen, watersporten.<\/p>\n<\/div><figure class=\"wp-block-media-text__media\"><img loading=\"lazy\" decoding=\"async\" width=\"600\" height=\"400\" src=\"https:\/\/mirabel-renaudiere.com\/wp-content\/uploads\/2025\/01\/grande-plage-prefailles.jpg\" alt=\"grande plage de pr\u00e9failles zwemmen camping zee\" class=\"wp-image-12313 size-full\" srcset=\"https:\/\/mirabel-renaudiere.com\/wp-content\/uploads\/2025\/01\/grande-plage-prefailles.jpg 600w, https:\/\/mirabel-renaudiere.com\/wp-content\/uploads\/2025\/01\/grande-plage-prefailles-300x200.jpg 300w\" sizes=\"auto, (max-width: 600px) 100vw, 600px\" \/><\/figure><\/div>\n\n\n\n<p><\/p>\n\n\n\n<p><em><strong>*Blauw paviljoen <\/strong>Toegekend aan steden en stranden die bijdragen aan de ontwikkeling van duurzaam toerisme, met speciale aandacht voor de waterkwaliteit.<\/em><\/p>\n\n\n\n<p><\/p>\n\n\n\n<p class=\"has-medium-font-size\"><strong>Kaart van stranden in de buurt van de camping<\/strong><\/p>\n\n\n\n<figure class=\"wp-block-image size-full\"><img loading=\"lazy\" decoding=\"async\" width=\"1600\" height=\"667\" src=\"https:\/\/mirabel-renaudiere.com\/wp-content\/uploads\/2023\/04\/carte-camping-proche-plages-Pornic.jpg\" alt=\"\" class=\"wp-image-12526\" srcset=\"https:\/\/mirabel-renaudiere.com\/wp-content\/uploads\/2023\/04\/carte-camping-proche-plages-Pornic.jpg 1600w, https:\/\/mirabel-renaudiere.com\/wp-content\/uploads\/2023\/04\/carte-camping-proche-plages-Pornic-300x125.jpg 300w, https:\/\/mirabel-renaudiere.com\/wp-content\/uploads\/2023\/04\/carte-camping-proche-plages-Pornic-1024x427.jpg 1024w, https:\/\/mirabel-renaudiere.com\/wp-content\/uploads\/2023\/04\/carte-camping-proche-plages-Pornic-768x320.jpg 768w, https:\/\/mirabel-renaudiere.com\/wp-content\/uploads\/2023\/04\/carte-camping-proche-plages-Pornic-1536x640.jpg 1536w\" sizes=\"auto, (max-width: 1600px) 100vw, 1600px\" \/><\/figure>\n\n\n\n<p>De regio Pornic heeft meer dan 45 km kustlijn. Ga voor meer informatie over alle stranden naar de website van het toeristenbureau: <a href=\"https:\/\/www.pornic.com\/plages.html\">https:\/\/www.pornic.com\/plages.html<\/a><\/p>\n\n\n\n<p><\/p>\n\n\n\n<div style=\"height:74px\" aria-hidden=\"true\" class=\"wp-block-spacer\"><\/div>\n\n\n\n<div class=\"wp-block-group is-layout-constrained wp-block-group-is-layout-constrained\">\n<div class=\"wp-block-group border border-info card is-layout-constrained wp-container-core-group-is-layout-8dd13e6d wp-block-group-is-layout-constrained\" style=\"padding-right:var(--wp--preset--spacing--60);padding-left:var(--wp--preset--spacing--60)\">\n<p><\/p>\n\n\n\n<h2 class=\"wp-block-heading has-text-align-center\"><strong>Waarom kamperen bij mij?<\/strong>r<strong> La Renaudi\u00e8re voor uw vakantie?<\/strong><\/h2>\n\n\n\n<p><\/p>\n\n\n\n<p class=\"has-text-align-center\" style=\"margin-top:0;margin-bottom:0;padding-top:0;padding-right:0;padding-bottom:0;padding-left:0\">Gelegen in La Plaine-sur-Mer, vlakbij de stranden van <strong>Pornic<\/strong> en de regio, de <strong>Camping La Renaudi\u00e8re<\/strong> is een <strong>camping aan zee<\/strong> ideaal voor een onvergetelijke vakantie. Onze 4-sterrencamping biedt al het comfort dat je nodig hebt voor een aangenaam verblijf met familie of vrienden.<\/p>\n\n\n\n<p class=\"has-text-align-center\">We kunnen u voorzien van <strong>moderne stacaravans<\/strong> en ruime plaatsen voor tenten en caravans, evenals een <strong>aquatisch gebied<\/strong> verwarmd zwembad voor het hele gezin. Een van de belangrijkste attracties is onze <strong>buitenzwembad<\/strong> met waterglijbanen, ideaal om te ontspannen na een dag zwemmen in zee of het verkennen van de stranden in de regio.<\/p>\n\n\n\n<p class=\"has-text-align-center\">Onze services omvatten ook <strong>dagelijks vermaak<\/strong> in juli en augustus. Een kinderclub voor kinderen van 6-12 jaar, sportactiviteiten voor oudere kinderen en een verscheidenheid aan activiteiten voor volwassenen. <strong>buitenactiviteiten<\/strong> voor iedereen. s Avonds komen we samen in de grote polyvalente zaal voor <strong>entertainment voor het hele gezin<\/strong>. Om je verblijf nog aangenamer te maken, bieden we ook een <strong>kruidenier<\/strong> goed voorzien <strong>kinderspeelplaatsen<\/strong>,<strong> een snackbar <\/strong>geopend van mei tot september en de boulodromes voor de traditionele <strong>een spelletje jeu de boules met vrienden.<\/strong><\/p>\n\n\n\n<p class=\"has-text-align-center\">Door te kiezen voor onze <strong>camping aan zee<\/strong> <strong>La Renaudi\u00e8re<\/strong>, Hier kun je genieten van een uitzonderlijke natuurlijke omgeving en tegelijkertijd profiteren van moderne faciliteiten en kwaliteitsservice. Of je nu op zoek bent naar ontspanning, watersport of ontdekking, je vindt hier alles wat je nodig hebt om optimaal van je verblijf te genieten.<\/p>\n\n\n\n<div class=\"wp-block-columns is-layout-flex wp-container-core-columns-is-layout-28f84493 wp-block-columns-is-layout-flex\">\n<div class=\"wp-block-column is-layout-flow wp-block-column-is-layout-flow\">\n<div class=\"wp-block-buttons alignwide is-content-justification-center is-layout-flex wp-container-core-buttons-is-layout-a89b3969 wp-block-buttons-is-layout-flex\">\n<div class=\"wp-block-button\"><a class=\"wp-block-button__link has-orange-background-color has-background wp-element-button\" href=\"https:\/\/mirabel-renaudiere.com\/nl\/huurprijzen-stacaravans\/\" target=\"_blank\" rel=\"noreferrer noopener\"><strong>Een stacaravan huren<\/strong><\/a><\/div>\n<\/div>\n\n\n\n<figure class=\"wp-block-image size-full\"><a href=\"https:\/\/mirabel-renaudiere.com\/nl\/huurprijzen-stacaravans\/\" target=\"_blank\" rel=\" noreferrer noopener\"><img loading=\"lazy\" decoding=\"async\" width=\"900\" height=\"600\" src=\"https:\/\/mirabel-renaudiere.com\/wp-content\/uploads\/2022\/01\/3A6A1146.jpg\" alt=\"stacaravan 2 slaapkamers 4\/5 personen camping 4 sterren loire atlantique\" class=\"wp-image-8550\" srcset=\"https:\/\/mirabel-renaudiere.com\/wp-content\/uploads\/2022\/01\/3A6A1146.jpg 900w, https:\/\/mirabel-renaudiere.com\/wp-content\/uploads\/2022\/01\/3A6A1146-300x200.jpg 300w, https:\/\/mirabel-renaudiere.com\/wp-content\/uploads\/2022\/01\/3A6A1146-768x512.jpg 768w\" sizes=\"auto, (max-width: 900px) 100vw, 900px\" \/><\/a><\/figure>\n<\/div>\n\n\n\n<div class=\"wp-block-column is-layout-flow wp-block-column-is-layout-flow\">\n<div class=\"wp-block-buttons alignwide is-content-justification-center is-layout-flex wp-container-core-buttons-is-layout-a89b3969 wp-block-buttons-is-layout-flex\">\n<div class=\"wp-block-button\"><a class=\"wp-block-button__link has-orange-background-color has-background has-text-align-center wp-element-button\" href=\"https:\/\/mirabel-renaudiere.com\/nl\/tarieven-voor-caravantenten\/\" target=\"_blank\" rel=\"noreferrer noopener\"><strong>Een kampeerplaats huren<\/strong><\/a><\/div>\n<\/div>\n\n\n\n<figure class=\"wp-block-image size-full\"><a href=\"https:\/\/mirabel-renaudiere.com\/nl\/tarieven-voor-caravantenten\/\" target=\"_blank\" rel=\" noreferrer noopener\"><img loading=\"lazy\" decoding=\"async\" width=\"700\" height=\"470\" src=\"https:\/\/mirabel-renaudiere.com\/wp-content\/uploads\/2023\/09\/location-emplacement-camping-car-proche-pornic.jpg\" alt=\"Plaats Camping-car proche Pornic\" class=\"wp-image-9592\" srcset=\"https:\/\/mirabel-renaudiere.com\/wp-content\/uploads\/2023\/09\/location-emplacement-camping-car-proche-pornic.jpg 700w, https:\/\/mirabel-renaudiere.com\/wp-content\/uploads\/2023\/09\/location-emplacement-camping-car-proche-pornic-300x201.jpg 300w\" sizes=\"auto, (max-width: 700px) 100vw, 700px\" \/><\/a><\/figure>\n<\/div>\n\n\n\n<div class=\"wp-block-column is-layout-flow wp-block-column-is-layout-flow\">\n<div class=\"wp-block-buttons alignwide is-content-justification-center is-layout-flex wp-container-core-buttons-is-layout-a89b3969 wp-block-buttons-is-layout-flex\">\n<div class=\"wp-block-button\"><a class=\"wp-block-button__link has-orange-background-color has-background has-text-align-center wp-element-button\" href=\"https:\/\/mirabel-renaudiere.com\/nl\/tweede-huis-porno\/\" target=\"_blank\" rel=\"noreferrer noopener\"><strong>Een stacaravan kopen<\/strong><\/a><\/div>\n<\/div>\n\n\n\n<figure class=\"wp-block-image size-full is-resized\"><img loading=\"lazy\" decoding=\"async\" width=\"533\" height=\"400\" src=\"https:\/\/mirabel-renaudiere.com\/wp-content\/uploads\/2025\/10\/IMG_5810.jpg\" alt=\"Stacaravan te koop nabij Pornic op camping La Renaudi\u00e8re\" class=\"wp-image-13140\" style=\"aspect-ratio:4\/3;object-fit:contain;width:259px;height:auto\" srcset=\"https:\/\/mirabel-renaudiere.com\/wp-content\/uploads\/2025\/10\/IMG_5810.jpg 533w, https:\/\/mirabel-renaudiere.com\/wp-content\/uploads\/2025\/10\/IMG_5810-300x225.jpg 300w\" sizes=\"auto, (max-width: 533px) 100vw, 533px\" \/><\/figure>\n<\/div>\n<\/div>\n<\/div>\n<\/div>\n\n\n\n<p><\/p>","protected":false},"excerpt":{"rendered":"<p>Camping bord de mer proche de Pornic Si vous \u00eates \u00e0 la recherche d\u2019un camping bord de mer pour vos [&hellip;]<\/p>\n","protected":false},"author":2,"featured_media":0,"parent":0,"menu_order":0,"comment_status":"closed","ping_status":"closed","template":"","meta":{"_seopress_robots_primary_cat":"","_seopress_titles_title":"Camping Bord de Mer pr\u00e8s de Pornic - La Renaudi\u00e8re","_seopress_titles_desc":"S\u00e9journez dans notre camping 4 \u00e9toiles en bord de mer avec piscine & animations. Camping familial \u00e0 deux pas des plages de Pornic, Loire Atlantique.","_seopress_robots_index":"","footnotes":""},"class_list":["post-12169","page","type-page","status-publish","hentry"],"_links":{"self":[{"href":"https:\/\/mirabel-renaudiere.com\/nl\/wp-json\/wp\/v2\/pages\/12169","targetHints":{"allow":["GET"]}}],"collection":[{"href":"https:\/\/mirabel-renaudiere.com\/nl\/wp-json\/wp\/v2\/pages"}],"about":[{"href":"https:\/\/mirabel-renaudiere.com\/nl\/wp-json\/wp\/v2\/types\/page"}],"author":[{"embeddable":true,"href":"https:\/\/mirabel-renaudiere.com\/nl\/wp-json\/wp\/v2\/users\/2"}],"replies":[{"embeddable":true,"href":"https:\/\/mirabel-renaudiere.com\/nl\/wp-json\/wp\/v2\/comments?post=12169"}],"version-history":[{"count":56,"href":"https:\/\/mirabel-renaudiere.com\/nl\/wp-json\/wp\/v2\/pages\/12169\/revisions"}],"predecessor-version":[{"id":13156,"href":"https:\/\/mirabel-renaudiere.com\/nl\/wp-json\/wp\/v2\/pages\/12169\/revisions\/13156"}],"wp:attachment":[{"href":"https:\/\/mirabel-renaudiere.com\/nl\/wp-json\/wp\/v2\/media?parent=12169"}],"curies":[{"name":"wp","href":"https:\/\/api.w.org\/{rel}","templated":true}]}}