{"id":267,"date":"2022-02-17T10:04:00","date_gmt":"2022-02-17T09:04:00","guid":{"rendered":"https:\/\/www.campinglarenaudiere.com\/?page_id=267"},"modified":"2025-11-12T12:58:15","modified_gmt":"2025-11-12T11:58:15","slug":"loire-atlantique-bretagne","status":"publish","type":"page","link":"https:\/\/mirabel-renaudiere.com\/nl\/loire-atlantique-bretagne","title":{"rendered":"Loire-Atlantique"},"content":{"rendered":"<h1 class=\"wp-block-heading\" id=\"des-vacances-pour-toute-la-famille-en-loire-atlantique\">Vakantie voor het hele gezin in Loire-Atlantique<\/h1>\n\n\n\n<div class=\"wp-block-media-text alignwide is-stacked-on-mobile\"><figure class=\"wp-block-media-text__media\"><img loading=\"lazy\" decoding=\"async\" width=\"1024\" height=\"683\" src=\"https:\/\/www.mirabel-renaudiere.com\/wp-content\/uploads\/2022\/02\/plage-couple-balade-Re\u0301cupe\u0301re\u0301-1024x683.jpg\" alt=\"\" class=\"wp-image-4507 size-full\" srcset=\"https:\/\/mirabel-renaudiere.com\/wp-content\/uploads\/2022\/02\/plage-couple-balade-Re\u0301cupe\u0301re\u0301-1024x683.jpg 1024w, https:\/\/mirabel-renaudiere.com\/wp-content\/uploads\/2022\/02\/plage-couple-balade-Re\u0301cupe\u0301re\u0301-300x200.jpg 300w, https:\/\/mirabel-renaudiere.com\/wp-content\/uploads\/2022\/02\/plage-couple-balade-Re\u0301cupe\u0301re\u0301-768x512.jpg 768w, https:\/\/mirabel-renaudiere.com\/wp-content\/uploads\/2022\/02\/plage-couple-balade-Re\u0301cupe\u0301re\u0301-1536x1024.jpg 1536w, https:\/\/mirabel-renaudiere.com\/wp-content\/uploads\/2022\/02\/plage-couple-balade-Re\u0301cupe\u0301re\u0301-2048x1365.jpg 2048w\" sizes=\"auto, (max-width: 1024px) 100vw, 1024px\" \/><\/figure><div class=\"wp-block-media-text__content\">\n<h2 class=\"wp-block-heading\" id=\"une-diversite-d-activites-pour-tous-les-ages\">Een overvloed aan toeristische activiteiten voor iedereen<\/h2>\n\n\n\n<figure class=\"wp-block-image size-full is-style-default\"><img decoding=\"async\" src=\"https:\/\/www.mirabel-renaudiere.com\/wp-content\/uploads\/2022\/01\/barre-bleue.png\" alt=\"\" class=\"wp-image-2382\"\/><\/figure>\n\n\n\n<p>De bestemming <a href=\"https:\/\/tourisme-loireatlantique.com\/\"><strong>Atlantische Loire<\/strong><\/a> voor uw vakanties, weekenden of korte vakanties in Frankrijk. <strong>Camping La Renaudi\u00e8re<\/strong> is ideaal als je tijd wilt doorbrengen met je gezin. Het heeft een <strong>landschap en een rijk erfgoed<\/strong> die jong en oud zullen aanspreken. Dichtbij La Plaine sur Mer of een paar kilometer verderop, van <strong>vele activiteiten <\/strong>om alleen of met een groep van te genieten! Of je nu de voorkeur geeft aan de zee, de sfeer van een stad of het platteland, je zult snel vinden wat je zoekt, en het enige wat je wilt doen is zo snel mogelijk terugkomen, dus wacht niet te lang! <a href=\"https:\/\/reservation.secureholiday.net\/fr\/16565\/\" target=\"_blank\" rel=\"noreferrer noopener\">boek uw volgende vakantie<\/a> thuis! Hier is een overzicht van dingen die je kunt zien en doen <strong>Dingen om te doen in Loire-Atlantique<\/strong> ! <\/p>\n\n\n\n<figure class=\"wp-block-image alignright size-full is-resized\"><img loading=\"lazy\" decoding=\"async\" width=\"320\" height=\"339\" src=\"https:\/\/www.mirabel-renaudiere.com\/wp-content\/uploads\/2022\/01\/transat.png\" alt=\"\" class=\"wp-image-1719\" style=\"width:80px;height:85px\" srcset=\"https:\/\/mirabel-renaudiere.com\/wp-content\/uploads\/2022\/01\/transat.png 320w, https:\/\/mirabel-renaudiere.com\/wp-content\/uploads\/2022\/01\/transat-283x300.png 283w\" sizes=\"auto, (max-width: 320px) 100vw, 320px\" \/><\/figure>\n<\/div><\/div>\n\n\n\n<p><\/p>\n\n\n\n<div class=\"wp-block-media-text alignwide has-media-on-the-right is-stacked-on-mobile front-page-section grey animate right\"><div class=\"wp-block-media-text__content\">\n<p><\/p>\n\n\n\n<h2 class=\"wp-block-heading\" id=\"de-saint-nazaire-a-guerande-la-bretagne-sud-dans-toute-sa-splendeur\">Van Saint-Nazaire tot Gu\u00e9rande - De schoonheid van Zuid-Bretagne!<\/h2>\n\n\n\n<figure class=\"wp-block-image size-full\"><img decoding=\"async\" src=\"https:\/\/www.mirabel-renaudiere.com\/wp-content\/uploads\/2022\/01\/barre-bleue.png\" alt=\"\" class=\"wp-image-2382\"\/><\/figure>\n\n\n\n<p><\/p>\n\n\n\n<p>Op weg naar Saint-Nazaire ontdek je de schoonheid en evolutie van deze stad, die nu als de grootste ter wereld wordt beschouwd.<strong>e Atlantische Poort<\/strong>. De kust, de scheepswerven waar je de \u00abreuzen van de zee\u00bb kunt zien, de <strong>botanische tuin<\/strong> of de <strong>bezoek aan een oceaanstomer <\/strong>of een onderzee\u00ebr, dat is wat Saint-Nazaire te bieden heeft.<\/p>\n\n\n\n<p>Als je je weg vervolgt, mag je het langste strand van Europa niet missen: La Baule. Trek je schoenen uit en voel de <strong>fijn zand<\/strong> of neem de kustlaan en laat je meeslepen door deze kleine badplaats die typisch is voor de 20e eeuw.<\/p>\n\n\n\n<p>Last but not least, verlaat de regio niet zonder een bezoek te brengen aan <strong><a href=\"https:\/\/www.ville-guerande.fr\/\">Gu\u00e9rande<\/a>, de hoofdstad van het zout<\/strong>. Er zijn veel zoutpannen te ontdekken in de omgeving. Je kunt er leren over de verschillende stadia in de verwerking van zout. Maar Gu\u00e9rande is ook een <strong>middeleeuwse stad<\/strong> waar de stadsmuren en het hart van de stad uniek zijn! Aarzel niet om hier te stoppen tijdens je vakantie in La Renaudi\u00e8re na een kort bezoek aan het stadscentrum. <a href=\"https:\/\/mirabel-renaudiere.com\/nl\/sport-en-vrijetijdsactiviteiten\/\" target=\"_blank\" rel=\"noreferrer noopener\">Jeu de boules<\/a>, op minder dan een uur van de camping.<\/p>\n\n\n\n<p><\/p>\n<\/div><figure class=\"wp-block-media-text__media\"><img loading=\"lazy\" decoding=\"async\" width=\"1024\" height=\"683\" src=\"https:\/\/www.mirabel-renaudiere.com\/wp-content\/uploads\/2022\/02\/guerande-marais-salant-1024x683.jpg\" alt=\"\" class=\"wp-image-4532 size-full\" srcset=\"https:\/\/mirabel-renaudiere.com\/wp-content\/uploads\/2022\/02\/guerande-marais-salant-1024x683.jpg 1024w, https:\/\/mirabel-renaudiere.com\/wp-content\/uploads\/2022\/02\/guerande-marais-salant-300x200.jpg 300w, https:\/\/mirabel-renaudiere.com\/wp-content\/uploads\/2022\/02\/guerande-marais-salant-768x512.jpg 768w, https:\/\/mirabel-renaudiere.com\/wp-content\/uploads\/2022\/02\/guerande-marais-salant-1536x1024.jpg 1536w, https:\/\/mirabel-renaudiere.com\/wp-content\/uploads\/2022\/02\/guerande-marais-salant-2048x1365.jpg 2048w\" sizes=\"auto, (max-width: 1024px) 100vw, 1024px\" \/><\/figure><\/div>\n\n\n\n<div class=\"wp-block-media-text alignwide is-stacked-on-mobile\"><figure class=\"wp-block-media-text__media\"><img loading=\"lazy\" decoding=\"async\" width=\"1024\" height=\"683\" src=\"https:\/\/www.mirabel-renaudiere.com\/wp-content\/uploads\/2022\/02\/nantes-machines-ile-1-1024x683.jpg\" alt=\"\" class=\"wp-image-4499 size-full\" srcset=\"https:\/\/mirabel-renaudiere.com\/wp-content\/uploads\/2022\/02\/nantes-machines-ile-1-1024x683.jpg 1024w, https:\/\/mirabel-renaudiere.com\/wp-content\/uploads\/2022\/02\/nantes-machines-ile-1-300x200.jpg 300w, https:\/\/mirabel-renaudiere.com\/wp-content\/uploads\/2022\/02\/nantes-machines-ile-1-768x512.jpg 768w, https:\/\/mirabel-renaudiere.com\/wp-content\/uploads\/2022\/02\/nantes-machines-ile-1-1536x1024.jpg 1536w, https:\/\/mirabel-renaudiere.com\/wp-content\/uploads\/2022\/02\/nantes-machines-ile-1-2048x1365.jpg 2048w\" sizes=\"auto, (max-width: 1024px) 100vw, 1024px\" \/><\/figure><div class=\"wp-block-media-text__content\">\n<h2 class=\"wp-block-heading\" id=\"nantes-entre-petits-plaisirs-et-balades-historiques\">Bezoek Nantes, haar geschiedenis en cultuur<\/h2>\n\n\n\n<figure class=\"wp-block-image size-full is-style-default\"><img decoding=\"async\" src=\"https:\/\/www.mirabel-renaudiere.com\/wp-content\/uploads\/2022\/01\/barre-bleue.png\" alt=\"\" class=\"wp-image-2382\"\/><\/figure>\n\n\n\n<p>Het is onmogelijk om op vakantie te gaan naar de Loire Atlantique zonder een bezoek te brengen aan het prachtige <a href=\"https:\/\/www.nantes-tourisme.com\/fr\"><strong>stad Nantes<\/strong><\/a>&nbsp;!  Voor <strong>geschiedenisliefhebbers<\/strong>, stoppen bij de <a href=\"https:\/\/www.chateaunantes.fr\/\"><strong>Kasteel van de hertogen van Bretagne<\/strong><\/a> in het hart van de stad en verken de vestingmuren en de binnenplaats. Voor degenen die hun bezoek willen uitbreiden, is het Museum van de Geschiedenis van Nantes, in het kasteel zelf, het hele jaar geopend.<\/p>\n\n\n\n<p>Ontdek ook \u00ab&nbsp;<strong>De reis naar Nantes<\/strong>&nbsp;\u00bbMeer dan 20 km aan wandelpaden om de bezienswaardigheden van de bestemming te ontdekken. Volg de groene lijn op de grond en laat je leiden!<\/p>\n\n\n\n<p>Zin om te winkelen en iets te drinken? Bezoek <strong>Bouffay wijk <\/strong>Er zijn tal van winkeltjes, restaurants en bars voor elk wat wils. Om je bezoek voort te zetten, ga je verder naar de Passage Pommeraye, waar je een aantal winkels vindt met weelderige ornamenten, beelden en sculpturen in hun etalages!<\/p>\n\n\n\n<p>Tot slot, voor degenen die ervan dromen het grote geheel te zien: ga niet weg zonder een bezoek aan de\u2019<strong>\u00cele de Nantes en zijn machines.<\/strong> Daar kun je aan boord klimmen van de Giant Elephant of de Carrousel of the Marine Worlds voor een unieke ervaring.<\/p>\n<\/div><\/div>\n\n\n\n<p class=\"has-text-align-center texte-rond mt-5 has-large-font-size\">Ontdek de camping<\/p>\n\n\n\n<div class=\"wp-block-columns are-vertically-aligned-center h-20 front-page-section grey is-layout-flex wp-container-core-columns-is-layout-28f84493 wp-block-columns-is-layout-flex\">\n<div class=\"wp-block-column is-layout-flow wp-block-column-is-layout-flow\"><\/div>\n\n\n\n<div class=\"wp-block-column is-layout-flow wp-block-column-is-layout-flow\">\n<div class=\"wp-block-create-block-sevgutenberg-navigation\"><aside class=\"encart-sev-navigation small carre\"><a href=\"https:\/\/mirabel-renaudiere.com\/nl\/huurprijzen-stacaravans\/\" class=\"d-flex flex-column align-items-center\"><div class=\"encart-title\"><span>Stacaravans<\/span><\/div><div class=\"vague\"><\/div><img decoding=\"async\" src=\"https:\/\/www.mirabel-renaudiere.com\/wp-content\/uploads\/2023\/04\/mobil-home-location-vacances-plaien-sur-mer.jpg\" alt=\"verhuurporno voor stacaravans\"\/><div class=\"ligne\"><\/div><div class=\"hover\"><\/div><\/a><\/aside><\/div>\n<\/div>\n\n\n\n<div class=\"wp-block-column is-vertically-aligned-center is-layout-flow wp-block-column-is-layout-flow\">\n<div class=\"wp-block-create-block-sevgutenberg-navigation\"><aside class=\"encart-sev-navigation small carre\"><a href=\"https:\/\/mirabel-renaudiere.com\/nl\/waterpark\/\" class=\"d-flex flex-column align-items-center\"><div class=\"encart-title\"><span>Zwembaden<\/span><\/div><div class=\"vague\"><\/div><img decoding=\"async\" src=\"https:\/\/mirabel-renaudiere.com\/wp-content\/uploads\/2025\/07\/encart-piscine-camping.jpg\" alt=\"zwembad la plaine sur mer camping\"\/><div class=\"ligne\"><\/div><div class=\"hover\"><\/div><\/a><\/aside><\/div>\n<\/div>\n\n\n\n<div class=\"wp-block-column is-vertically-aligned-center is-layout-flow wp-block-column-is-layout-flow\">\n<div class=\"wp-block-create-block-sevgutenberg-navigation\"><aside class=\"encart-sev-navigation small carre\"><a href=\"https:\/\/mirabel-renaudiere.com\/nl\/tarieven-voor-caravantenten\/\" class=\"d-flex flex-column align-items-center\"><div class=\"encart-title\"><span>Kampeerplaatsen<\/span><\/div><div class=\"vague\"><\/div><img decoding=\"async\" src=\"https:\/\/www.mirabel-renaudiere.com\/wp-content\/uploads\/2021\/12\/emplacement-tente-camping.jpg\" alt=\"kampeerplaats tent\"\/><div class=\"ligne\"><\/div><div class=\"hover\"><\/div><\/a><\/aside><\/div>\n<\/div>\n\n\n\n<div class=\"wp-block-column is-layout-flow wp-block-column-is-layout-flow\"><\/div>\n<\/div>","protected":false},"excerpt":{"rendered":"<p>Des vacances pour toute la famille en Loire-Atlantique A d\u00e9couvrir au camping<\/p>","protected":false},"author":1,"featured_media":0,"parent":0,"menu_order":0,"comment_status":"closed","ping_status":"closed","template":"","meta":{"_seopress_robots_primary_cat":"","_seopress_titles_title":"Tourisme \u00e0 visiter Loire Atlantique Bretagne sud Nantes","_seopress_titles_desc":"Pendant votre s\u00e9jour au camping La Renaudi\u00e8re pr\u00e8s de Pornic, quelques exemples de destinations touristiques \u00e0 visiter en Loire-Atlantique","_seopress_robots_index":"","footnotes":""},"class_list":["post-267","page","type-page","status-publish","hentry"],"_links":{"self":[{"href":"https:\/\/mirabel-renaudiere.com\/nl\/wp-json\/wp\/v2\/pages\/267","targetHints":{"allow":["GET"]}}],"collection":[{"href":"https:\/\/mirabel-renaudiere.com\/nl\/wp-json\/wp\/v2\/pages"}],"about":[{"href":"https:\/\/mirabel-renaudiere.com\/nl\/wp-json\/wp\/v2\/types\/page"}],"author":[{"embeddable":true,"href":"https:\/\/mirabel-renaudiere.com\/nl\/wp-json\/wp\/v2\/users\/1"}],"replies":[{"embeddable":true,"href":"https:\/\/mirabel-renaudiere.com\/nl\/wp-json\/wp\/v2\/comments?post=267"}],"version-history":[{"count":43,"href":"https:\/\/mirabel-renaudiere.com\/nl\/wp-json\/wp\/v2\/pages\/267\/revisions"}],"predecessor-version":[{"id":13181,"href":"https:\/\/mirabel-renaudiere.com\/nl\/wp-json\/wp\/v2\/pages\/267\/revisions\/13181"}],"wp:attachment":[{"href":"https:\/\/mirabel-renaudiere.com\/nl\/wp-json\/wp\/v2\/media?parent=267"}],"curies":[{"name":"wp","href":"https:\/\/api.w.org\/{rel}","templated":true}]}}