{"id":272,"date":"2021-12-14T14:59:02","date_gmt":"2021-12-14T13:59:02","guid":{"rendered":"https:\/\/www.campinglarenaudiere.com\/?page_id=272"},"modified":"2024-04-08T12:55:48","modified_gmt":"2024-04-08T10:55:48","slug":"ervaringen","status":"publish","type":"page","link":"https:\/\/mirabel-renaudiere.com\/nl\/les-experiences","title":{"rendered":"Ervaringen"},"content":{"rendered":"<h1 class=\"wp-block-heading\" id=\"les-experiences\">Ervaringen<\/h1>\n\n\n\n<h2 class=\"wp-block-heading\">Ervaringen op maat <\/h2>\n\n\n\n<p class=\"has-text-align-center\"> Of je nu op sportvakantie bent of in de natuur, een gezinsvakantie is een geweldige manier om wilde dieren te ontdekken: <br>Er wordt een breed scala aan activiteiten aangeboden. <br>Ontdek onze idee\u00ebn voor ervaringen tijdens uw vakantie op camping La Renaudi\u00e8re in de buurt van <a href=\"https:\/\/mirabel-renaudiere.com\/nl\/bestemmingsregio-pornic\/\" data-type=\"page\" data-id=\"67\">Pornic<\/a>. <br>Volg de gids! <\/p>\n\n\n\n<figure class=\"wp-block-image aligncenter size-full is-resized\"><img decoding=\"async\" src=\"https:\/\/www.mirabel-renaudiere.com\/wp-content\/uploads\/2022\/01\/barre-bleue.png\" alt=\"\" class=\"wp-image-2382\" style=\"width:50px;height:8px\"\/><\/figure>\n\n\n\n<div class=\"wp-block-columns is-layout-flex wp-container-core-columns-is-layout-28f84493 wp-block-columns-is-layout-flex\"><\/div>\n\n\n\n<div class=\"wp-block-columns is-layout-flex wp-container-core-columns-is-layout-28f84493 wp-block-columns-is-layout-flex\">\n<div class=\"wp-block-column card is-layout-flow wp-block-column-is-layout-flow\">\n<figure class=\"wp-block-image card-img-top\"><a href=\"https:\/\/mirabel-renaudiere.com\/nl\/ervaringen\/jadekust-per-fiets\/\"><img loading=\"lazy\" decoding=\"async\" width=\"1024\" height=\"683\" src=\"https:\/\/www.mirabel-renaudiere.com\/wp-content\/uploads\/2021\/12\/balade-velo-famille2.jpg\" alt=\"\" class=\"wp-image-900\" srcset=\"https:\/\/mirabel-renaudiere.com\/wp-content\/uploads\/2021\/12\/balade-velo-famille2.jpg 1024w, https:\/\/mirabel-renaudiere.com\/wp-content\/uploads\/2021\/12\/balade-velo-famille2-300x200.jpg 300w, https:\/\/mirabel-renaudiere.com\/wp-content\/uploads\/2021\/12\/balade-velo-famille2-768x512.jpg 768w\" sizes=\"auto, (max-width: 1024px) 100vw, 1024px\" \/><\/a><\/figure>\n\n\n\n<p class=\"has-text-align-center texte-rond card-title has-large-font-size\">Ontdek<br>de C\u00f4te de Jade op de fiets!<\/p>\n\n\n\n<figure class=\"wp-block-image aligncenter size-full pluspetit\"><a href=\"https:\/\/mirabel-renaudiere.com\/nl\/ervaringen\/jadekust-per-fiets\/\"><img loading=\"lazy\" decoding=\"async\" width=\"41\" height=\"41\" src=\"https:\/\/www.mirabel-renaudiere.com\/wp-content\/uploads\/2022\/01\/plus-1.png\" alt=\"\" class=\"wp-image-3062\"\/><\/a><\/figure>\n<\/div>\n\n\n\n<div class=\"wp-block-column card is-layout-flow wp-block-column-is-layout-flow\">\n<figure class=\"wp-block-image size-full card-img-top\"><a href=\"https:\/\/mirabel-renaudiere.com\/nl\/ervaringen\/loire-atlantique-en-familie\/\"><img loading=\"lazy\" decoding=\"async\" width=\"1024\" height=\"683\" src=\"https:\/\/www.mirabel-renaudiere.com\/wp-content\/uploads\/2021\/12\/plage-repos-famille-2.jpg\" alt=\"het familiestrand\" class=\"wp-image-899\" srcset=\"https:\/\/mirabel-renaudiere.com\/wp-content\/uploads\/2021\/12\/plage-repos-famille-2.jpg 1024w, https:\/\/mirabel-renaudiere.com\/wp-content\/uploads\/2021\/12\/plage-repos-famille-2-300x200.jpg 300w, https:\/\/mirabel-renaudiere.com\/wp-content\/uploads\/2021\/12\/plage-repos-famille-2-768x512.jpg 768w\" sizes=\"auto, (max-width: 1024px) 100vw, 1024px\" \/><\/a><\/figure>\n\n\n\n<p class=\"has-text-align-center texte-rond card-title has-large-font-size\">Beleef de ervaring<br> Loire-Atlantique met het gezin!<\/p>\n\n\n\n<figure class=\"wp-block-image aligncenter size-full pluspetit\"><a href=\"https:\/\/mirabel-renaudiere.com\/nl\/ervaringen\/loire-atlantique-en-familie\/\"><img loading=\"lazy\" decoding=\"async\" width=\"41\" height=\"41\" src=\"https:\/\/www.mirabel-renaudiere.com\/wp-content\/uploads\/2022\/01\/plus-1.png\" alt=\"\" class=\"wp-image-3062\"\/><\/a><\/figure>\n<\/div>\n\n\n\n<div class=\"wp-block-column card is-layout-flow wp-block-column-is-layout-flow\">\n<figure class=\"wp-block-image size-large card-img-top\"><a href=\"https:\/\/mirabel-renaudiere.com\/nl\/toussaint-camping-in-pornic\/\"><img loading=\"lazy\" decoding=\"async\" width=\"1024\" height=\"683\" src=\"https:\/\/www.mirabel-renaudiere.com\/wp-content\/uploads\/2023\/10\/vacances-toussaint-tharon-jeux-famille-1024x683.jpg\" alt=\"familie spelletjes kinderen porno toussaint\" class=\"wp-image-9805\" srcset=\"https:\/\/mirabel-renaudiere.com\/wp-content\/uploads\/2023\/10\/vacances-toussaint-tharon-jeux-famille-1024x683.jpg 1024w, https:\/\/mirabel-renaudiere.com\/wp-content\/uploads\/2023\/10\/vacances-toussaint-tharon-jeux-famille-300x200.jpg 300w, https:\/\/mirabel-renaudiere.com\/wp-content\/uploads\/2023\/10\/vacances-toussaint-tharon-jeux-famille-768x512.jpg 768w, https:\/\/mirabel-renaudiere.com\/wp-content\/uploads\/2023\/10\/vacances-toussaint-tharon-jeux-famille.jpg 1200w\" sizes=\"auto, (max-width: 1024px) 100vw, 1024px\" \/><\/a><\/figure>\n\n\n\n<p class=\"has-text-align-center texte-rond card-title has-large-font-size\">Allerheiligen kamperen in La Plaine sur Mer!<\/p>\n\n\n\n<figure class=\"wp-block-image aligncenter size-full pluspetit\"><a href=\"https:\/\/mirabel-renaudiere.com\/nl\/toussaint-camping-in-pornic\/\"><img loading=\"lazy\" decoding=\"async\" width=\"41\" height=\"41\" src=\"https:\/\/www.mirabel-renaudiere.com\/wp-content\/uploads\/2022\/01\/plus-1.png\" alt=\"\" class=\"wp-image-3062\"\/><\/a><\/figure>\n<\/div>\n\n\n\n<div class=\"wp-block-column card is-layout-flow wp-block-column-is-layout-flow\">\n<figure class=\"wp-block-image size-full card-img-top\"><a href=\"\/nl\/romantisch-weekend-in-porno\/\"><img loading=\"lazy\" decoding=\"async\" width=\"600\" height=\"400\" src=\"https:\/\/mirabel-renaudiere.com\/wp-content\/uploads\/2024\/01\/couple-balade-kayak-sport.jpg\" alt=\"kajaktocht voor verliefde stelletjes\" class=\"wp-image-10419\" srcset=\"https:\/\/mirabel-renaudiere.com\/wp-content\/uploads\/2024\/01\/couple-balade-kayak-sport.jpg 600w, https:\/\/mirabel-renaudiere.com\/wp-content\/uploads\/2024\/01\/couple-balade-kayak-sport-300x200.jpg 300w\" sizes=\"auto, (max-width: 600px) 100vw, 600px\" \/><\/a><\/figure>\n\n\n\n<p class=\"has-text-align-center texte-rond card-title has-large-font-size\">Een romantisch weekend in Pornic!<\/p>\n\n\n\n<figure class=\"wp-block-image aligncenter size-full pluspetit\"><a href=\"\/nl\/romantisch-weekend-in-porno\/\"><img loading=\"lazy\" decoding=\"async\" width=\"41\" height=\"41\" src=\"https:\/\/www.mirabel-renaudiere.com\/wp-content\/uploads\/2022\/01\/plus-1.png\" alt=\"\" class=\"wp-image-3062\"\/><\/a><\/figure>\n<\/div>\n<\/div>\n\n\n\n<p><\/p>","protected":false},"excerpt":{"rendered":"<p>Les exp\u00e9riences Des exp\u00e9riences sur-mesure S\u00e9jour sportif ou pleine nature, vacances en famille, \u00e0 la d\u00e9couverte de la faune&nbsp; : [&hellip;]<\/p>\n","protected":false},"author":1,"featured_media":0,"parent":0,"menu_order":0,"comment_status":"closed","ping_status":"closed","template":"","meta":{"_seopress_robots_primary_cat":"","_seopress_titles_title":"Les exp\u00e9riences en famille ou entre amis en Loire-Atlantique","_seopress_titles_desc":"D\u00e9couvrez les exp\u00e9riences natures ou sportives \u00e0 effectuer en famille ou entre amis au d\u00e9part du camping la Renaudi\u00e8re pr\u00e8s de Pornic","_seopress_robots_index":"","footnotes":""},"class_list":["post-272","page","type-page","status-publish","hentry"],"_links":{"self":[{"href":"https:\/\/mirabel-renaudiere.com\/nl\/wp-json\/wp\/v2\/pages\/272","targetHints":{"allow":["GET"]}}],"collection":[{"href":"https:\/\/mirabel-renaudiere.com\/nl\/wp-json\/wp\/v2\/pages"}],"about":[{"href":"https:\/\/mirabel-renaudiere.com\/nl\/wp-json\/wp\/v2\/types\/page"}],"author":[{"embeddable":true,"href":"https:\/\/mirabel-renaudiere.com\/nl\/wp-json\/wp\/v2\/users\/1"}],"replies":[{"embeddable":true,"href":"https:\/\/mirabel-renaudiere.com\/nl\/wp-json\/wp\/v2\/comments?post=272"}],"version-history":[{"count":54,"href":"https:\/\/mirabel-renaudiere.com\/nl\/wp-json\/wp\/v2\/pages\/272\/revisions"}],"predecessor-version":[{"id":11087,"href":"https:\/\/mirabel-renaudiere.com\/nl\/wp-json\/wp\/v2\/pages\/272\/revisions\/11087"}],"wp:attachment":[{"href":"https:\/\/mirabel-renaudiere.com\/nl\/wp-json\/wp\/v2\/media?parent=272"}],"curies":[{"name":"wp","href":"https:\/\/api.w.org\/{rel}","templated":true}]}}