{"id":40,"date":"2021-12-10T14:14:32","date_gmt":"2021-12-10T13:14:32","guid":{"rendered":"https:\/\/www.campinglarenaudiere.com\/?page_id=40"},"modified":"2026-02-12T12:48:43","modified_gmt":"2026-02-12T11:48:43","slug":"restaurant-bar-snack","status":"publish","type":"page","link":"https:\/\/mirabel-renaudiere.com\/nl\/restaurant-bar-snack","title":{"rendered":"Snackbar"},"content":{"rendered":"<h1 class=\"wp-block-heading\" id=\"restaurant-snack-bar-a-la-plaine-sur-mer\">Camping met snackbar in la Plaine-sur-Mer<\/h1>\n\n\n\n<p class=\"has-text-align-center\">Welkom bij de Bistrot du Camping in La Plaine sur Mer, de <strong>Snackbar op de camping<\/strong> 4-sterren La Renaudi\u00e8re. Om te eten op de camping biedt de Bistrot een eenvoudig maar doeltreffend menu: hamburgers, pizza's en worstjes voor een moment in de zon bij het zwembad!<\/p>\n\n\n\n<figure class=\"wp-block-image aligncenter size-full\"><img decoding=\"async\" src=\"https:\/\/www.mirabel-renaudiere.com\/wp-content\/uploads\/2022\/01\/barre-bleue.png\" alt=\"\" class=\"wp-image-2382\"\/><\/figure>\n\n\n\n<div class=\"wp-block-media-text alignwide has-media-on-the-right is-stacked-on-mobile is-vertically-aligned-center\"><div class=\"wp-block-media-text__content\">\n<h2 class=\"wp-block-heading\">De bar van camping La Renaudi\u00e8re bij Pornic.<\/h2>\n\n\n\n<p>Met zijn mooie naam \u00abBistrot du Camping\u00bb, de <strong>Bar-Snack de la Renaudi\u00e8re<\/strong> is geopend van mei tot augustus. <\/p>\n\n\n\n<p>Neem een verfrissende duik op het terras na je duik in zee. <a href=\"https:\/\/mirabel-renaudiere.com\/nl\/waterpark\/\" target=\"_blank\" rel=\"noreferrer noopener\">het zwembad van de camping<\/a>. Koude dranken, warme dranken, ijsjes, <strong>wafels als tussendoortje<\/strong> voor fijnproevers. Snack- en deelplanken voor de hartige kant.<\/p>\n\n\n\n<div class=\"wp-block-group border border-info card is-layout-constrained wp-container-core-group-is-layout-594587f7 wp-block-group-is-layout-constrained\" style=\"padding-top:var(--wp--preset--spacing--20);padding-right:var(--wp--preset--spacing--30);padding-bottom:var(--wp--preset--spacing--20);padding-left:var(--wp--preset--spacing--30)\">\n<div class=\"wp-block-group is-layout-constrained wp-block-group-is-layout-constrained\">\n<p><strong>Praktische informatie : <\/strong><\/p>\n\n\n\n<ul class=\"wp-block-list\">\n<li><strong>Mei-juni : <br><\/strong>vr: 18.00-10.00<br>Zat: 11u-2u \/ 17u-10u<br>Zon: 11u-2u<\/li>\n\n\n\n<li><strong>Juli-augustus:<br><\/strong>7 dagen per week geopend<br>Ma t\/m vr: 16:00-11:00<br>Zat-Zon: 11u-11u<br><\/li>\n<\/ul>\n\n\n\n<p><em><strong>Speciale openingstijden voor bruggen: <\/strong><\/em><br><strong>1 &amp; 8 mei : <\/strong> Donderdag: 18.00-10.00 \/ Vrijdag: 11.00-2.00 \/ 17.00-10.00 \/ Zon: 11.00-2.00<br><br><strong>Hemelvaart (14 tot 17 mei): <\/strong>wo: 18.00-10.00 \/ do-vr-za: 11.00-2.00 \/ 17.00-10.00 \/ zo: 11.00-2.00<br><br><strong>Pinksteren (23 t\/m 25 mei) :<\/strong> vr: 18.00-10.00 \/ za\/zo: 11.00-2.00 \/ 17.00-10.00 \/ ma: 11.00-2.00<\/p>\n<\/div>\n<\/div>\n\n\n\n<p><\/p>\n<\/div><figure class=\"wp-block-media-text__media\"><img loading=\"lazy\" decoding=\"async\" width=\"1024\" height=\"683\" src=\"https:\/\/www.mirabel-renaudiere.com\/wp-content\/uploads\/2023\/04\/camping-terrasse-bar-snack-1024x683.jpg\" alt=\"Het terras van snackbar La Renaudi\u00e8re\" class=\"wp-image-576 size-full\" srcset=\"https:\/\/mirabel-renaudiere.com\/wp-content\/uploads\/2023\/04\/camping-terrasse-bar-snack-1024x683.jpg 1024w, https:\/\/mirabel-renaudiere.com\/wp-content\/uploads\/2023\/04\/camping-terrasse-bar-snack-300x200.jpg 300w, https:\/\/mirabel-renaudiere.com\/wp-content\/uploads\/2023\/04\/camping-terrasse-bar-snack-768x512.jpg 768w, https:\/\/mirabel-renaudiere.com\/wp-content\/uploads\/2023\/04\/camping-terrasse-bar-snack.jpg 1200w\" sizes=\"auto, (max-width: 1024px) 100vw, 1024px\" \/><\/figure><\/div>\n\n\n\n<div style=\"height:14px\" aria-hidden=\"true\" class=\"wp-block-spacer\"><\/div>\n\n\n\n<div class=\"wp-block-media-text alignwide is-stacked-on-mobile front-page-section grey\"><figure class=\"wp-block-media-text__media\"><img loading=\"lazy\" decoding=\"async\" width=\"600\" height=\"800\" src=\"https:\/\/mirabel-renaudiere.com\/wp-content\/uploads\/2025\/07\/planche-apero-camping-Pornic-bd.jpg\" alt=\"\" class=\"wp-image-13028 size-full\" srcset=\"https:\/\/mirabel-renaudiere.com\/wp-content\/uploads\/2025\/07\/planche-apero-camping-Pornic-bd.jpg 600w, https:\/\/mirabel-renaudiere.com\/wp-content\/uploads\/2025\/07\/planche-apero-camping-Pornic-bd-225x300.jpg 225w\" sizes=\"auto, (max-width: 600px) 100vw, 600px\" \/><\/figure><div class=\"wp-block-media-text__content\">\n<h2 class=\"wp-block-heading\" id=\"le-snack-bar-du-camping-sur-place-ou-a-emporter\">Snackbar ter plaatse of om mee te nemen op de camping.<\/h2>\n\n\n\n<figure class=\"wp-block-image size-full\"><img decoding=\"async\" src=\"https:\/\/www.mirabel-renaudiere.com\/wp-content\/uploads\/2022\/01\/barre-bleue.png\" alt=\"\" class=\"wp-image-2382\"\/><\/figure>\n\n\n\n<p>Om een moment van gezelligheid te delen met je vrienden en familie, kom en zie voor jezelf. <strong>iets drinken<\/strong> in de snackbar van de camping. Ons personeel mixt graag een paar van hun geheime cocktails voor je.<\/p>\n\n\n\n<p>En weersta onze planken niet om te delen met tapas en friet, een klein worstje of een puntzak friet, afhankelijk van waar je op dat moment zin in hebt.<\/p>\n\n\n\n<p>In juli en augustus: de <strong>snackbar op de camping in La Plaine-sur-Mer<\/strong> breidt uit voor je zomeravonden: hamburgers, pizza's en panini's staan op het menu.<\/p>\n\n\n\n<p>Als je wilt, kun je ook <strong>afhaalmaaltijden bestellen<\/strong> onze snackproducten. Profiteer van <strong>je vakantiehuis <\/strong>of locatie voor <strong>proef onze producten <\/strong>met je vrienden!<\/p>\n\n\n\n<hr class=\"wp-block-separator has-alpha-channel-opacity\"\/>\n\n\n\n<p><\/p>\n\n\n\n<p><strong>Goed om te weten: <\/strong><\/p>\n\n\n\n<p>Je kunt ook bij onze partner foodtrucks bestellen om de verschillende gerechten te proeven.<\/p>\n<\/div><\/div>\n\n\n\n<div class=\"wp-block-media-text alignwide has-media-on-the-right is-stacked-on-mobile animate right\"><div class=\"wp-block-media-text__content\">\n<p class=\"texte-rond has-orange-color has-text-color has-large-font-size\">Ontbijt net als thuis!&nbsp;<\/p>\n\n\n\n<h2 class=\"wp-block-heading\"><strong>Brood en gebak verkrijgbaar in de zomer<\/strong><\/h2>\n\n\n\n<p>Van april tot eind september maakt de camping bij de receptie <strong>brood en gebak<\/strong> voor je ontbijt. Plaats je bestelling de dag van tevoren en tank energie rechtstreeks uit de winkel. <a href=\"https:\/\/mirabel-renaudiere.com\/nl\/huurprijzen-stacaravans\/\" data-type=\"page\" data-id=\"56\">je stacaravan<\/a> of op <a href=\"https:\/\/mirabel-renaudiere.com\/nl\/tarieven-voor-caravantenten\/\" data-type=\"page\" data-id=\"60\">uw locatie<\/a>.<\/p>\n\n\n\n<p>Halvemaan, <strong>chocolade croissant<\/strong>, De perfecte manier om je vakantie goed te beginnen voordat je aan je programma begint! <\/p>\n\n\n\n<p><\/p>\n\n\n\n<div class=\"wp-block-buttons is-layout-flex wp-block-buttons-is-layout-flex\">\n<div class=\"wp-block-button\"><a class=\"wp-block-button__link has-turquoise-background-color has-background wp-element-button\" href=\"https:\/\/www.mirabel-renaudiere.com\/wp-content\/uploads\/2023\/04\/Menu-Bistro-REN.pdf\" target=\"_blank\" rel=\"noreferrer noopener\"><strong>Download de plattegrond van Bistrot du Camping<\/strong><\/a><\/div>\n<\/div>\n<\/div><figure class=\"wp-block-media-text__media\"><img loading=\"lazy\" decoding=\"async\" width=\"1024\" height=\"682\" src=\"https:\/\/mirabel-renaudiere.com\/wp-content\/uploads\/2024\/01\/petit-dejeuner-croissant-1024x682.jpg\" alt=\"ontbijt camping croissant\" class=\"wp-image-10284 size-full\" srcset=\"https:\/\/mirabel-renaudiere.com\/wp-content\/uploads\/2024\/01\/petit-dejeuner-croissant-1024x682.jpg 1024w, https:\/\/mirabel-renaudiere.com\/wp-content\/uploads\/2024\/01\/petit-dejeuner-croissant-300x200.jpg 300w, https:\/\/mirabel-renaudiere.com\/wp-content\/uploads\/2024\/01\/petit-dejeuner-croissant-768x512.jpg 768w, https:\/\/mirabel-renaudiere.com\/wp-content\/uploads\/2024\/01\/petit-dejeuner-croissant.jpg 1280w\" sizes=\"auto, (max-width: 1024px) 100vw, 1024px\" \/><\/figure><\/div>\n\n\n\n<p class=\"has-text-align-center texte-rond mt-5 has-large-font-size\">Ontdek de camping<\/p>\n\n\n\n<div class=\"wp-block-columns h-20 front-page-section grey is-layout-flex wp-container-core-columns-is-layout-28f84493 wp-block-columns-is-layout-flex\">\n<div class=\"wp-block-column is-layout-flow wp-block-column-is-layout-flow\" style=\"flex-basis:20%\"><\/div>\n\n\n\n<div class=\"wp-block-column is-layout-flow wp-block-column-is-layout-flow\">\n<div class=\"wp-block-create-block-sevgutenberg-navigation\"><aside class=\"encart-sev-navigation small carre\"><a href=\"https:\/\/mirabel-renaudiere.com\/nl\/waterpark\/\" class=\"d-flex flex-column align-items-center\"><div class=\"encart-title\"><span>Waterpark<\/span><\/div><div class=\"vague\"><\/div><img decoding=\"async\" src=\"https:\/\/mirabel-renaudiere.com\/wp-content\/uploads\/2021\/12\/piscine-toboggan-camping.jpg\" alt=\"camping met zwembad en waterglijbanen\"\/><div class=\"ligne\"><\/div><div class=\"hover\"><\/div><\/a><\/aside><\/div>\n<\/div>\n\n\n\n<div class=\"wp-block-column is-layout-flow wp-block-column-is-layout-flow\">\n<div class=\"wp-block-create-block-sevgutenberg-navigation\"><aside class=\"encart-sev-navigation small carre\"><a href=\"https:\/\/mirabel-renaudiere.com\/nl\/bestemmingsregio-pornic\/\" class=\"d-flex flex-column align-items-center\"><div class=\"encart-title\"><span>Pornic<\/span><\/div><div class=\"vague\"><\/div><img decoding=\"async\" src=\"https:\/\/mirabel-renaudiere.com\/wp-content\/uploads\/2021\/12\/glaces_fraiseraie_pornic.jpg\" alt=\"La Fraiseraie ijs in Pornic\"\/><div class=\"ligne\"><\/div><div class=\"hover\"><\/div><\/a><\/aside><\/div>\n<\/div>\n\n\n\n<div class=\"wp-block-column is-layout-flow wp-block-column-is-layout-flow\">\n<div class=\"wp-block-create-block-sevgutenberg-navigation\"><aside class=\"encart-sev-navigation small carre\"><a href=\"https:\/\/mirabel-renaudiere.com\/nl\/activiteiten-evenementen-avonden\/\" class=\"d-flex flex-column align-items-center\"><div class=\"encart-title\"><span>Activiteiten <\/span><\/div><div class=\"vague\"><\/div><img decoding=\"async\" src=\"https:\/\/mirabel-renaudiere.com\/wp-content\/uploads\/2021\/12\/club-enfant-camping-1.jpg\" alt=\"Kinderclub\"\/><div class=\"ligne\"><\/div><div class=\"hover\"><\/div><\/a><\/aside><\/div>\n<\/div>\n\n\n\n<div class=\"wp-block-column is-layout-flow wp-block-column-is-layout-flow\" style=\"flex-basis:20%\"><\/div>\n<\/div>\n\n\n\n<figure class=\"wp-block-image aligncenter size-large is-resized mt-5\"><img decoding=\"async\" src=\"https:\/\/www.mirabel-renaudiere.com\/wp-content\/uploads\/2022\/01\/photo-1024x84.png\" alt=\"fotogalerij\" class=\"wp-image-2371\" style=\"width:768px;height:63px\"\/><\/figure>\n\n\n\t\t\t<div id=\"sevgallery-510243012\" class=\"sev-diaporama sev-diaporama-portfolio\">\r\n\t\t\t\t<div class=\"row\">\r\n\r\n\t\t\t\t\t\r\n\t\t\t\t\t\t\r\n\t\t\t\t\t\t<div class=\"sev-diaporama-portfolio-item    col-12 col-md  col-shrink\">\r\n\t\t\t\t\t\t\t<a href=\"https:\/\/mirabel-renaudiere.com\/wp-content\/uploads\/2024\/01\/cafe-petit-dejeuner-camping.jpg\" data-lightbox=\"sevgallery-510243012\" style=\"background-image: url(https:\/\/mirabel-renaudiere.com\/wp-content\/uploads\/2024\/01\/cafe-petit-dejeuner-camping.jpg)\">\r\n\t\t\t\t\t\t\t\t<img decoding=\"async\" src=\"https:\/\/mirabel-renaudiere.com\/wp-content\/uploads\/2024\/01\/cafe-petit-dejeuner-camping.jpg\" alt=\"caf\u00e9 restaurant bistrot camping\" loading=\"lazy\">\r\n\t\t\t\t\t\t\t\t\t\t\t\t\t\t\t<\/a>\r\n\t\t\t\t\t\t<\/div>\r\n\r\n\t\t\t\t\t\t\r\n\t\t\t\t\t\t\t\t\t\t\t\t\t\t\t\t\t\r\n\t\t\t\t\t\t\r\n\t\t\t\t\t\t<div class=\"sev-diaporama-portfolio-item    col-12 col-md  col-grow\">\r\n\t\t\t\t\t\t\t<a href=\"https:\/\/mirabel-renaudiere.com\/wp-content\/uploads\/2024\/01\/bistrot-camping-bar-terrasse.jpg\" data-lightbox=\"sevgallery-510243012\" style=\"background-image: url(https:\/\/mirabel-renaudiere.com\/wp-content\/uploads\/2024\/01\/bistrot-camping-bar-terrasse.jpg)\">\r\n\t\t\t\t\t\t\t\t<img decoding=\"async\" src=\"https:\/\/mirabel-renaudiere.com\/wp-content\/uploads\/2024\/01\/bistrot-camping-bar-terrasse.jpg\" alt=\"terrasdrankjes\" loading=\"lazy\">\r\n\t\t\t\t\t\t\t\t\t\t\t\t\t\t\t<\/a>\r\n\t\t\t\t\t\t<\/div>\r\n\r\n\t\t\t\t\t\t\r\n\t\t\t\t\t\t\t\t\t\t\t\t\t\t\t\t\t\r\n\t\t\t\t\t\t\r\n\t\t\t\t\t\t<div class=\"sev-diaporama-portfolio-item    col-12 col-md  col-grow\">\r\n\t\t\t\t\t\t\t<a href=\"https:\/\/mirabel-renaudiere.com\/wp-content\/uploads\/2024\/01\/bistrot-snack-bar-terrasse.jpg\" data-lightbox=\"sevgallery-510243012\" style=\"background-image: url(https:\/\/mirabel-renaudiere.com\/wp-content\/uploads\/2024\/01\/bistrot-snack-bar-terrasse.jpg)\">\r\n\t\t\t\t\t\t\t\t<img decoding=\"async\" src=\"https:\/\/mirabel-renaudiere.com\/wp-content\/uploads\/2024\/01\/bistrot-snack-bar-terrasse.jpg\" alt=\"apero terras met vrienden camping\" loading=\"lazy\">\r\n\t\t\t\t\t\t\t\t\t\t\t\t\t\t\t<\/a>\r\n\t\t\t\t\t\t<\/div>\r\n\r\n\t\t\t\t\t\t\r\n\t\t\t\t\t\t\t\t\t\t\t\t\t\t\t\t\t\r\n\t\t\t\t\t\t\r\n\t\t\t\t\t\t<div class=\"sev-diaporama-portfolio-item    col-12 col-md  col-shrink\">\r\n\t\t\t\t\t\t\t<a href=\"https:\/\/mirabel-renaudiere.com\/wp-content\/uploads\/2021\/12\/moules-frites-camping-768x1024.jpg\" data-lightbox=\"sevgallery-510243012\" style=\"background-image: url(https:\/\/mirabel-renaudiere.com\/wp-content\/uploads\/2021\/12\/moules-frites-camping-768x1024.jpg)\">\r\n\t\t\t\t\t\t\t\t<img decoding=\"async\" src=\"https:\/\/mirabel-renaudiere.com\/wp-content\/uploads\/2021\/12\/moules-frites-camping-768x1024.jpg\" alt=\"Mosselen en friet avond op de camping\" loading=\"lazy\">\r\n\t\t\t\t\t\t\t\t\t\t\t\t\t\t\t<\/a>\r\n\t\t\t\t\t\t<\/div>\r\n\r\n\t\t\t\t\t\t\t\t\t\t\t\t\t<div class=\"w-100\"><\/div>\r\n\t\t\t\t\t\t\t\t\t\t\t\t\t\r\n\t\t\t\t\t\t\t\t\t\t\t\t\t\t\t\t\t\r\n\t\t\t\t\t\t\r\n\t\t\t\t\t\t<div class=\"sev-diaporama-portfolio-item    col-12 col-md  col-grow\">\r\n\t\t\t\t\t\t\t<a href=\"https:\/\/mirabel-renaudiere.com\/wp-content\/uploads\/2023\/04\/header-snack-bar-camping-1-1024x411.jpg\" data-lightbox=\"sevgallery-510243012\" style=\"background-image: url(https:\/\/mirabel-renaudiere.com\/wp-content\/uploads\/2023\/04\/header-snack-bar-camping-1-1024x411.jpg)\">\r\n\t\t\t\t\t\t\t\t<img decoding=\"async\" src=\"https:\/\/mirabel-renaudiere.com\/wp-content\/uploads\/2023\/04\/header-snack-bar-camping-1-1024x411.jpg\" alt=\"kop snackbar terras bistro\" loading=\"lazy\">\r\n\t\t\t\t\t\t\t\t\t\t\t\t\t\t\t<\/a>\r\n\t\t\t\t\t\t<\/div>\r\n\r\n\t\t\t\t\t\t\r\n\t\t\t\t\t\t\t\t\t\t\t\t\t\t\t\t\t\r\n\t\t\t\t\t\t\r\n\t\t\t\t\t\t<div class=\"sev-diaporama-portfolio-item    col-12 col-md  col-shrink\">\r\n\t\t\t\t\t\t\t<a href=\"https:\/\/mirabel-renaudiere.com\/wp-content\/uploads\/2024\/01\/camping-bistrot-pizza-maison-1024x683.jpg\" data-lightbox=\"sevgallery-510243012\" style=\"background-image: url(https:\/\/mirabel-renaudiere.com\/wp-content\/uploads\/2024\/01\/camping-bistrot-pizza-maison-1024x683.jpg)\">\r\n\t\t\t\t\t\t\t\t<img decoding=\"async\" src=\"https:\/\/mirabel-renaudiere.com\/wp-content\/uploads\/2024\/01\/camping-bistrot-pizza-maison-1024x683.jpg\" alt=\"bistrot du camping huisgemaakte pizza\" loading=\"lazy\">\r\n\t\t\t\t\t\t\t\t\t\t\t\t\t\t\t<\/a>\r\n\t\t\t\t\t\t<\/div>\r\n\r\n\t\t\t\t\t\t\r\n\t\t\t\t\t\t\t\t\t\t\t\t\t\t\t\t\t\r\n\t\t\t\t\t\t\r\n\t\t\t\t\t\t<div class=\"sev-diaporama-portfolio-item    col-12 col-md  col-shrink\">\r\n\t\t\t\t\t\t\t<a href=\"https:\/\/mirabel-renaudiere.com\/wp-content\/uploads\/2024\/01\/mojito-bar-camping.jpg\" data-lightbox=\"sevgallery-510243012\" style=\"background-image: url(https:\/\/mirabel-renaudiere.com\/wp-content\/uploads\/2024\/01\/mojito-bar-camping.jpg)\">\r\n\t\t\t\t\t\t\t\t<img decoding=\"async\" src=\"https:\/\/mirabel-renaudiere.com\/wp-content\/uploads\/2024\/01\/mojito-bar-camping.jpg\" alt=\"cocktail drankjes camping bar\" loading=\"lazy\">\r\n\t\t\t\t\t\t\t\t\t\t\t\t\t\t\t<\/a>\r\n\t\t\t\t\t\t<\/div>\r\n\r\n\t\t\t\t\t\t\r\n\t\t\t\t\t\t\t\t\t\t\t\t\t\t\t\t\t\r\n\t\t\t\t\t\t\r\n\t\t\t\t\t\t<div class=\"sev-diaporama-portfolio-item  limitsm  col-12 col-md  col-shrink last-visible\">\r\n\t\t\t\t\t\t\t<a href=\"https:\/\/mirabel-renaudiere.com\/nl\/photos-camping-renaudiere\"  style=\"background-image: url(https:\/\/mirabel-renaudiere.com\/wp-content\/uploads\/2022\/01\/galerie-photo.png)\">\r\n\t\t\t\t\t\t\t\t<img decoding=\"async\" src=\"https:\/\/mirabel-renaudiere.com\/wp-content\/uploads\/2022\/01\/galerie-photo.png\" alt=\"fotogalerij\" loading=\"lazy\">\r\n\t\t\t\t\t\t\t\t\t\t\t\t\t\t\t\t\t<img decoding=\"async\" src=\"https:\/\/mirabel-renaudiere.com\/wp-content\/themes\/renaudiere\/assets\/img\/voir-photos.png\" alt=\"\" \/>\r\n\t\t\t\t\t\t\t\t\t<span>Bekijk alle foto's<\/span>\r\n\t\t\t\t\t\t\t\t\t\t\t\t\t\t\t<\/a>\r\n\t\t\t\t\t\t<\/div>\r\n\r\n\t\t\t\t\t\t\t\t\t\t\t\t\t<div class=\"w-100\"><\/div>\r\n\t\t\t\t\t\t\t\t\t\t\t\t\t\r\n\t\t\t\t\t\t\t\t\t\t\t\t\t\t\t\t\t\t\t\t\t<\/div>\r\n\t\t\t<\/div>\r\n\r\n\t\t\t<script>\r\n\t\t\tjQuery(function($) {\r\n\r\n\t\t\t\tvar marginPortfolio = function() {\r\n\r\n\t\t\t\t\tvar $diapo          = $('#sevgallery-510243012');\r\n\t\t\t\t\tvar container_width = $diapo.parent().outerWidth();\r\n\t\t\t\t\tvar side            = ( $(window).innerWidth() - container_width ) \/ 2;\r\n\r\n\t\t\t\t\t$diapo.css( {\r\n\t\t\t\t\t\t'margin-left': '-' + side + 'px',\r\n\t\t\t\t\t\t'margin-right': '-' + side + 'px',\r\n\t\t\t\t\t} );\r\n\t\t\t\t};\r\n\r\n\t\t\t\t$( window ).resize( function() {\r\n\t\t\t\t\tmarginPortfolio();\r\n\t\t\t\t} );\r\n\t\t\t\tmarginPortfolio();\r\n\t\t\t});\r\n\t\t\t<\/script>","protected":false},"excerpt":{"rendered":"<p>Camping avec Snack Bar \u00e0 la Plaine-sur-Mer Bienvenue au Bistrot du Camping \u00e0 La Plaine sur Mer, le Snack Bar [&hellip;]<\/p>\n","protected":false},"author":1,"featured_media":0,"parent":0,"menu_order":0,"comment_status":"closed","ping_status":"closed","template":"","meta":{"_seopress_robots_primary_cat":"","_seopress_titles_title":"Camping avec snack-bar pr\u00e8s de Pornic","_seopress_titles_desc":"Ouvert de Mai \u00e0 Ao\u00fbt, le snack-bar du Camping La Renaudi\u00e8re pr\u00e8s de Pornic vous propose du sucr\u00e9 et du sal\u00e9 pour vos pauses gourmandes.","_seopress_robots_index":"","footnotes":""},"class_list":["post-40","page","type-page","status-publish","hentry"],"_links":{"self":[{"href":"https:\/\/mirabel-renaudiere.com\/nl\/wp-json\/wp\/v2\/pages\/40","targetHints":{"allow":["GET"]}}],"collection":[{"href":"https:\/\/mirabel-renaudiere.com\/nl\/wp-json\/wp\/v2\/pages"}],"about":[{"href":"https:\/\/mirabel-renaudiere.com\/nl\/wp-json\/wp\/v2\/types\/page"}],"author":[{"embeddable":true,"href":"https:\/\/mirabel-renaudiere.com\/nl\/wp-json\/wp\/v2\/users\/1"}],"replies":[{"embeddable":true,"href":"https:\/\/mirabel-renaudiere.com\/nl\/wp-json\/wp\/v2\/comments?post=40"}],"version-history":[{"count":174,"href":"https:\/\/mirabel-renaudiere.com\/nl\/wp-json\/wp\/v2\/pages\/40\/revisions"}],"predecessor-version":[{"id":13463,"href":"https:\/\/mirabel-renaudiere.com\/nl\/wp-json\/wp\/v2\/pages\/40\/revisions\/13463"}],"wp:attachment":[{"href":"https:\/\/mirabel-renaudiere.com\/nl\/wp-json\/wp\/v2\/media?parent=40"}],"curies":[{"name":"wp","href":"https:\/\/api.w.org\/{rel}","templated":true}]}}