{"id":48,"date":"2021-12-10T14:16:36","date_gmt":"2021-12-10T13:16:36","guid":{"rendered":"https:\/\/www.campinglarenaudiere.com\/?page_id=48"},"modified":"2026-04-17T16:03:47","modified_gmt":"2026-04-17T14:03:47","slug":"fietsverhuur-2","status":"publish","type":"page","link":"https:\/\/mirabel-renaudiere.com\/nl\/services-location-velos","title":{"rendered":"Diensten"},"content":{"rendered":"<h1 class=\"wp-block-heading\">Een camping in de buurt van Pornic met veel voorzieningen ter plaatse<\/h1>\n\n\n\n<p class=\"has-text-align-center\">Herontdek de heerlijke smaak van vers brood en zoete lekkernijen voor uw ontbijt of neem plaats op het terras om te genieten van heerlijke kleine gerechten <strong><a href=\"https:\/\/mirabel-renaudiere.com\/nl\/restaurant-bar-snack\/\" data-type=\"page\" data-id=\"40\">Snackbar<\/a><\/strong> van de camping. <br>Houd je van grillen? De <strong>bakplaat <\/strong>bungalowtenten (te huur) staan klaar om uw spiesjes, worstjes en andere lekkernijen te ontvangen\u2026<\/p>\n\n\n\n<figure class=\"wp-block-image aligncenter size-full\"><img decoding=\"async\" src=\"https:\/\/www.mirabel-renaudiere.com\/wp-content\/uploads\/2022\/01\/barre-bleue.png\" alt=\"\" class=\"wp-image-2382\"\/><\/figure>\n\n\n\n<div class=\"wp-block-columns is-layout-flex wp-container-core-columns-is-layout-28f84493 wp-block-columns-is-layout-flex\">\n<div class=\"wp-block-column is-layout-flow wp-block-column-is-layout-flow\" style=\"flex-basis:40%\">\n<div class=\"wp-block-group p-5 is-layout-flow wp-block-group-is-layout-flow\">\n<h2 class=\"wp-block-heading has-text-align-left\">Lijst van diensten<br><\/h2>\n\n\n\n<figure class=\"wp-block-image size-full\"><img decoding=\"async\" src=\"https:\/\/www.mirabel-renaudiere.com\/wp-content\/uploads\/2022\/01\/barre-bleue.png\" alt=\"\" class=\"wp-image-2382\"\/><\/figure>\n\n\n\n<p><i class=\"fa fa-bread-slice\"><\/i> &nbsp; Brooddepot<\/p>\n\n\n\n<p><i class=\"fa fa-hamburger\"><\/i> &nbsp; Restaurant Bar-Snack en afhaalmaaltijden<\/p>\n\n\n\n<p><i class=\"fa fa-mitten\"><\/i> \u00a0 Plancha gas verhuur<\/p>\n\n\n\n<p><i class=\"fas fa-store\"><\/i> &nbsp; Point Corner - Kruidenierswinkel <\/p>\n\n\n\n<p><i class=\"fa fa-info-circle\"><\/i> &nbsp; Toeristische informatie en kaartverkoop <\/p>\n\n\n\n<p><i class=\"fa fa-biking\"><\/i> &nbsp;Fietsverhuur<em> (in partnerschap, zie hieronder<\/em>)<\/p>\n\n\n\n<p><i class=\"fa fa-book\"><\/i> &nbsp; Uitleen van boeken en spelletjes<\/p>\n\n\n\n<p><i class=\"fa fa-book\"><\/i> &nbsp; Plaatselijk persdepot<\/p>\n\n\n\n<p><i class=\"fa fa-tshirt\"><\/i> &nbsp;Wasruimte met wasmachines en drogers*.<\/p>\n\n\n\n<p><i class=\"fa fa-baby-carriage\"><\/i> &nbsp; Babykit huren <\/p>\n\n\n\n<p><img loading=\"lazy\" decoding=\"async\" width=\"24\" height=\"22\" class=\"wp-image-388\" style=\"width: 24px;\" src=\"https:\/\/www.mirabel-renaudiere.com\/wp-content\/uploads\/2021\/12\/fer-a-repasser.jpg\" alt=\"ijzeren lening\"> Bruikleen van strijkijzer en strijkplank<\/p>\n\n\n\n<p><i class=\"fa fa-plug\"><\/i>&nbsp; &nbsp; Lening van Europese stekkeradapter<\/p>\n\n\n\n<p> <img loading=\"lazy\" decoding=\"async\" width=\"20\" height=\"19\" class=\"wp-image-389\" style=\"width: 20px;\" src=\"https:\/\/www.mirabel-renaudiere.com\/wp-content\/uploads\/2021\/12\/aspirateur.jpg\" alt=\"lening van hoover\"> &nbsp;Lening van stofzuiger <\/p>\n<\/div>\n\n\n\n<p>*Betalen: voi<em>r optieprijzen op de <a href=\"https:\/\/mirabel-renaudiere.com\/nl\/huurprijzen-stacaravans\/#options\" data-type=\"page\">accommodatie<\/a><\/em><br><em>**Lokale producten in de supermarkt<\/em><\/p>\n<\/div>\n\n\n\n<div class=\"wp-block-column is-vertically-aligned-center is-layout-flow wp-block-column-is-layout-flow\" style=\"flex-basis:60%\">\n<div class=\"wp-block-group border border-info card p-4 is-layout-flow wp-block-group-is-layout-flow\">\n<p class=\"texte-rond has-orange-color has-text-color has-large-font-size\">Toegankelijke sanitaire voorzieningen voor iedereen &nbsp;<i class=\"fa fa-wheelchair\"><\/i><\/p>\n\n\n\n<p>Douchecabines, wc's, wastafels, kindertoiletten en aangepaste toiletten voor mensen met beperkte mobiliteit.<\/p>\n<\/div>\n\n\n\n<div style=\"height:14px\" aria-hidden=\"true\" class=\"wp-block-spacer\"><\/div>\n\n\n\n<figure class=\"wp-block-image\"><img loading=\"lazy\" decoding=\"async\" width=\"1024\" height=\"683\" src=\"https:\/\/www.mirabel-renaudiere.com\/wp-content\/uploads\/2022\/01\/GALERIE_SERVICES-PMR-1024x683.jpg\" alt=\"sanitair Pmr\" class=\"wp-image-2861\" srcset=\"https:\/\/mirabel-renaudiere.com\/wp-content\/uploads\/2022\/01\/GALERIE_SERVICES-PMR-1024x683.jpg 1024w, https:\/\/mirabel-renaudiere.com\/wp-content\/uploads\/2022\/01\/GALERIE_SERVICES-PMR-300x200.jpg 300w, https:\/\/mirabel-renaudiere.com\/wp-content\/uploads\/2022\/01\/GALERIE_SERVICES-PMR-768x512.jpg 768w, https:\/\/mirabel-renaudiere.com\/wp-content\/uploads\/2022\/01\/GALERIE_SERVICES-PMR.jpg 1200w\" sizes=\"auto, (max-width: 1024px) 100vw, 1024px\" \/><\/figure>\n\n\n\n<div style=\"height:0px\" aria-hidden=\"true\" class=\"wp-block-spacer\"><\/div>\n\n\n\n<h2 class=\"wp-block-heading\">Nabijgelegen diensten <\/h2>\n\n\n\n<figure class=\"wp-block-image size-full\"><img decoding=\"async\" src=\"https:\/\/www.mirabel-renaudiere.com\/wp-content\/uploads\/2022\/01\/barre-bleue.png\" alt=\"\" class=\"wp-image-2382\"\/><\/figure>\n\n\n\n<p>Het stadscentrum van La Plaine-sur-Mer ligt op slechts 600 meter afstand.<br>Hier vind je alle plaatselijke winkels en diensten die je nodig hebt: bakker, bloemist, tabakswinkel, slager, drogist, supermarkt, enz.<\/p>\n\n\n\n<p>We hebben ook een kruidenierswinkel met basisbenodigdheden bij de receptie, dus kom bij ons langs, we geven je graag een rondleiding en een plattegrond van de stad.<\/p>\n<\/div>\n<\/div>\n\n\n\n<div class=\"wp-block-media-text alignwide is-stacked-on-mobile front-page-section grey\" id=\"yakavelo\"><figure class=\"wp-block-media-text__media\"><img loading=\"lazy\" decoding=\"async\" width=\"595\" height=\"842\" src=\"https:\/\/mirabel-renaudiere.com\/wp-content\/uploads\/2026\/04\/FLYER-YAKAVELO-2026.jpg\" alt=\"flyer partner fietsverhuur yakav\u00e9lo\" class=\"wp-image-13578 size-full\" srcset=\"https:\/\/mirabel-renaudiere.com\/wp-content\/uploads\/2026\/04\/FLYER-YAKAVELO-2026.jpg 595w, https:\/\/mirabel-renaudiere.com\/wp-content\/uploads\/2026\/04\/FLYER-YAKAVELO-2026-212x300.jpg 212w, https:\/\/mirabel-renaudiere.com\/wp-content\/uploads\/2026\/04\/FLYER-YAKAVELO-2026-8x12.jpg 8w\" sizes=\"auto, (max-width: 595px) 100vw, 595px\" \/><\/figure><div class=\"wp-block-media-text__content\">\n<p class=\"texte-rond has-orange-color has-text-color has-large-font-size\">Fietsen, kajaks en peddels te huur<\/p>\n\n\n\n<p>Sinds 2023 in La-Plaine-sur-Mer biedt Sandrine de <strong>elektrische fiets huren<\/strong>, traditionele fietsen <strong>voor volwassenen en kinderen<\/strong>, Ideaal voor uitstapjes met familie of vrienden.&nbsp;<\/p>\n\n\n\n<p>Als je de voorkeur geeft aan water: kies <strong>kajaks en peddels<\/strong> ! Huur per uur, halve dag of dag vanuit de Port de Gravette in La Plaine-sur-Mer: (her)ontdek deze watersportactiviteiten.<\/p>\n\n\n\n<p><strong>PRAKTIJK :<\/strong> voor alle vakantiegangers en vanaf 2 dagen huur, <a href=\"https:\/\/yakaveloloc.com\/\">Yakav\u00e9lo<\/a> levert je fietsen rechtstreeks af op de camping. <\/p>\n\n\n\n<p><\/p>\n\n\n\n<div class=\"wp-block-buttons is-layout-flex wp-block-buttons-is-layout-flex\">\n<div class=\"wp-block-button\"><a class=\"wp-block-button__link has-turquoise-background-color has-background wp-element-button\" href=\"https:\/\/mirabel-renaudiere.com\/wp-content\/uploads\/2023\/04\/GRILLE-TARIFAIRE-YAKAVELO-2026.jpg\" target=\"_blank\" rel=\"noreferrer noopener\">TARIEVEN<\/a><\/div>\n<\/div>\n\n\n\n<div style=\"height:25px\" aria-hidden=\"true\" class=\"wp-block-spacer\"><\/div>\n\n\n\n<p>OPENINGSPERIODEN : <\/p>\n\n\n\n<p><strong>In de zomer<\/strong><\/p>\n\n\n\n<p>Elke dag van 09:00 tot 19:00<\/p>\n\n\n\n<p><strong>Van april tot september<\/strong><\/p>\n\n\n\n<p>Weekends en schoolvakanties van 09:00 tot 19:00<\/p>\n\n\n\n<p>Buiten openingstijden kunnen reserveringen elke dag telefonisch worden gemaakt op 07 45 01 94 99 of per e-mail op <a href=\"https:\/\/yakaveloloc.com\/\" target=\"_blank\" rel=\"noreferrer noopener\">website<\/a>.<\/p>\n\n\n\n<p class=\"has-text-align-center has-orange-color has-text-color has-link-color wp-elements-99c664553c3bd99f1b1d0838d2232d87\"><strong>Exclusief 2026<\/strong> : <a href=\"https:\/\/yakaveloloc.com\/lechappee-plainaise-a-velo\/\" target=\"_blank\" rel=\"noreferrer noopener\">Tussen Land &amp; Zee: de Plainaise ontsnapping<\/a><\/p>\n\n\n\n<div class=\"wp-block-group border border-info card is-layout-flow wp-block-group-is-layout-flow\" style=\"padding-top:var(--wp--preset--spacing--20);padding-right:var(--wp--preset--spacing--20);padding-bottom:var(--wp--preset--spacing--20);padding-left:var(--wp--preset--spacing--20)\">\n<div style=\"height:6px\" aria-hidden=\"true\" class=\"wp-block-spacer\"><\/div>\n\n\n\n<p class=\"has-text-align-center\"><em>Een uitnodiging om te vertragen en La Plaine-sur-Mer anders te ontdekken (2u30 onthaasten)<\/em><\/p>\n\n\n\n<p class=\"has-text-align-center\"><strong>All-inclusive tarief:<\/strong>&nbsp;41 \u20ac \/ pers (klassieke fiets, gids en proeverij inbegrepen).<\/p>\n\n\n\n<p><strong>Vertelwandeling:<\/strong>&nbsp;De route is bezaaid met lokale anekdotes en korte verhaaltjes.<\/p>\n\n\n\n<p><strong>Rustig ritme:<\/strong>&nbsp;Je trapt rustig verder om te genieten van de rust van de ongerepte natuur.<\/p>\n\n\n\n<p><strong>Culinaire pauze<\/strong>&nbsp;Een proeverijbezoek aan&nbsp;<strong>De Kruidenier 1900<\/strong>&nbsp;om te proeven van het beste van de lokale streek in deze authentieke omgeving.<\/p>\n<\/div>\n\n\n\n<div style=\"height:15px\" aria-hidden=\"true\" class=\"wp-block-spacer\"><\/div>\n<\/div><\/div>\n\n\n\n<p class=\"has-text-align-center texte-rond mt-5 has-large-font-size\">Ontdek de camping<\/p>\n\n\n\n<div class=\"wp-block-columns h-20 front-page-section grey is-layout-flex wp-container-core-columns-is-layout-28f84493 wp-block-columns-is-layout-flex\">\n<div class=\"wp-block-column is-layout-flow wp-block-column-is-layout-flow\"><\/div>\n\n\n\n<div class=\"wp-block-column is-layout-flow wp-block-column-is-layout-flow\">\n<div class=\"wp-block-create-block-sevgutenberg-navigation\"><aside class=\"encart-sev-navigation small carre\"><a href=\"https:\/\/mirabel-renaudiere.com\/nl\/restaurant-bar-snack\/\" class=\"d-flex flex-column align-items-center\"><div class=\"encart-title\"><span>Snackbar<\/span><\/div><div class=\"vague\"><\/div><img decoding=\"async\" src=\"https:\/\/www.mirabel-renaudiere.com\/wp-content\/uploads\/2021\/12\/cafe-bar-camping.jpg\" alt=\"een kopje koffie in de bar van de camping\"\/><div class=\"ligne\"><\/div><div class=\"hover\"><\/div><\/a><\/aside><\/div>\n<\/div>\n\n\n\n<div class=\"wp-block-column is-layout-flow wp-block-column-is-layout-flow\">\n<div class=\"wp-block-create-block-sevgutenberg-navigation\"><aside class=\"encart-sev-navigation small carre\"><a href=\"https:\/\/mirabel-renaudiere.com\/nl\/huurprijzen-stacaravans\/\" class=\"d-flex flex-column align-items-center\"><div class=\"encart-title\"><span>Accommodatie<\/span><\/div><div class=\"vague\"><\/div><img decoding=\"async\" src=\"https:\/\/www.mirabel-renaudiere.com\/wp-content\/uploads\/2021\/12\/mobilhome-location-camping2.jpg\" alt=\"NIEUWE KAVELS TE HUUR\"\/><div class=\"ligne\"><\/div><div class=\"hover\"><\/div><\/a><\/aside><\/div>\n<\/div>\n\n\n\n<div class=\"wp-block-column is-layout-flow wp-block-column-is-layout-flow\">\n<div class=\"wp-block-create-block-sevgutenberg-navigation\"><aside class=\"encart-sev-navigation small carre\"><a href=\"https:\/\/mirabel-renaudiere.com\/nl\/activiteiten-evenementen-avonden\/\" class=\"d-flex flex-column align-items-center\"><div class=\"encart-title\"><span>Amusement<\/span><\/div><div class=\"vague\"><\/div><img decoding=\"async\" src=\"https:\/\/www.mirabel-renaudiere.com\/wp-content\/uploads\/2022\/01\/animations-camping-Pornic.jpg\" alt=\"Animaties op camping Pornic\"\/><div class=\"ligne\"><\/div><div class=\"hover\"><\/div><\/a><\/aside><\/div>\n<\/div>\n\n\n\n<div class=\"wp-block-column is-layout-flow wp-block-column-is-layout-flow\"><\/div>\n<\/div>\n\n\n\n<figure class=\"wp-block-image aligncenter size-large is-resized mt-5\"><img decoding=\"async\" src=\"https:\/\/www.mirabel-renaudiere.com\/wp-content\/uploads\/2022\/01\/photo-1024x84.png\" alt=\"fotogalerij\" class=\"wp-image-2371\" style=\"width:768px;height:63px\"\/><\/figure>\n\n\n\t\t\t<div id=\"sevgallery-1426195955\" class=\"sev-diaporama sev-diaporama-portfolio\">\r\n\t\t\t\t<div class=\"row\">\r\n\r\n\t\t\t\t\t\r\n\t\t\t\t\t\t\r\n\t\t\t\t\t\t<div class=\"sev-diaporama-portfolio-item    col-12 col-md\">\r\n\t\t\t\t\t\t\t<a href=\"https:\/\/mirabel-renaudiere.com\/wp-content\/uploads\/2024\/01\/epicerie-boutique-accueil-camping.jpg\" data-lightbox=\"sevgallery-1426195955\" style=\"background-image: url(https:\/\/mirabel-renaudiere.com\/wp-content\/uploads\/2024\/01\/epicerie-boutique-accueil-camping.jpg)\">\r\n\t\t\t\t\t\t\t\t<img decoding=\"async\" src=\"https:\/\/mirabel-renaudiere.com\/wp-content\/uploads\/2024\/01\/epicerie-boutique-accueil-camping.jpg\" alt=\"kruidenierswinkel camping boetiek\" loading=\"lazy\">\r\n\t\t\t\t\t\t\t\t\t\t\t\t\t\t\t<\/a>\r\n\t\t\t\t\t\t<\/div>\r\n\r\n\t\t\t\t\t\t\r\n\t\t\t\t\t\t\t\t\t\t\t\t\t\t\t\t\t\r\n\t\t\t\t\t\t\r\n\t\t\t\t\t\t<div class=\"sev-diaporama-portfolio-item    col-12 col-md  col-shrink\">\r\n\t\t\t\t\t\t\t<a href=\"https:\/\/mirabel-renaudiere.com\/wp-content\/uploads\/2024\/01\/boutique-porte-cle-camping.jpg\" data-lightbox=\"sevgallery-1426195955\" style=\"background-image: url(https:\/\/mirabel-renaudiere.com\/wp-content\/uploads\/2024\/01\/boutique-porte-cle-camping.jpg)\">\r\n\t\t\t\t\t\t\t\t<img decoding=\"async\" src=\"https:\/\/mirabel-renaudiere.com\/wp-content\/uploads\/2024\/01\/boutique-porte-cle-camping.jpg\" alt=\"sleutelhanger camping mirabel\" loading=\"lazy\">\r\n\t\t\t\t\t\t\t\t\t\t\t\t\t\t\t<\/a>\r\n\t\t\t\t\t\t<\/div>\r\n\r\n\t\t\t\t\t\t\r\n\t\t\t\t\t\t\t\t\t\t\t\t\t\t\t\t\t\r\n\t\t\t\t\t\t\r\n\t\t\t\t\t\t<div class=\"sev-diaporama-portfolio-item    col-12 col-md  col-shrink\">\r\n\t\t\t\t\t\t\t<a href=\"https:\/\/mirabel-renaudiere.com\/wp-content\/uploads\/2021\/12\/air-service-camping-car-1024x683.jpg\" data-lightbox=\"sevgallery-1426195955\" style=\"background-image: url(https:\/\/mirabel-renaudiere.com\/wp-content\/uploads\/2021\/12\/air-service-camping-car-1024x683.jpg)\">\r\n\t\t\t\t\t\t\t\t<img decoding=\"async\" src=\"https:\/\/mirabel-renaudiere.com\/wp-content\/uploads\/2021\/12\/air-service-camping-car-1024x683.jpg\" alt=\"camper servicegebied\" loading=\"lazy\">\r\n\t\t\t\t\t\t\t\t\t\t\t\t\t\t\t<\/a>\r\n\t\t\t\t\t\t<\/div>\r\n\r\n\t\t\t\t\t\t\r\n\t\t\t\t\t\t\t\t\t\t\t\t\t\t\t\t\t\r\n\t\t\t\t\t\t\r\n\t\t\t\t\t\t<div class=\"sev-diaporama-portfolio-item    col-12 col-md  col-grow\">\r\n\t\t\t\t\t\t\t<a href=\"https:\/\/mirabel-renaudiere.com\/wp-content\/uploads\/2024\/01\/accueil-camping-reception.jpg\" data-lightbox=\"sevgallery-1426195955\" style=\"background-image: url(https:\/\/mirabel-renaudiere.com\/wp-content\/uploads\/2024\/01\/accueil-camping-reception.jpg)\">\r\n\t\t\t\t\t\t\t\t<img decoding=\"async\" src=\"https:\/\/mirabel-renaudiere.com\/wp-content\/uploads\/2024\/01\/accueil-camping-reception.jpg\" alt=\"receptie camping receptie\" loading=\"lazy\">\r\n\t\t\t\t\t\t\t\t\t\t\t\t\t\t\t<\/a>\r\n\t\t\t\t\t\t<\/div>\r\n\r\n\t\t\t\t\t\t\t\t\t\t\t\t\t<div class=\"w-100\"><\/div>\r\n\t\t\t\t\t\t\t\t\t\t\t\t\t\r\n\t\t\t\t\t\t\t\t\t\t\t\t\t\t\t\t\t\r\n\t\t\t\t\t\t\r\n\t\t\t\t\t\t<div class=\"sev-diaporama-portfolio-item    col-12 col-md  col-grow\">\r\n\t\t\t\t\t\t\t<a href=\"https:\/\/mirabel-renaudiere.com\/wp-content\/uploads\/2021\/12\/vaisselle-camiping-683x1024.jpg\" data-lightbox=\"sevgallery-1426195955\" style=\"background-image: url(https:\/\/mirabel-renaudiere.com\/wp-content\/uploads\/2021\/12\/vaisselle-camiping-683x1024.jpg)\">\r\n\t\t\t\t\t\t\t\t<img decoding=\"async\" src=\"https:\/\/mirabel-renaudiere.com\/wp-content\/uploads\/2021\/12\/vaisselle-camiping-683x1024.jpg\" alt=\"afwassen op de camping\" loading=\"lazy\">\r\n\t\t\t\t\t\t\t\t\t\t\t\t\t\t\t<\/a>\r\n\t\t\t\t\t\t<\/div>\r\n\r\n\t\t\t\t\t\t\r\n\t\t\t\t\t\t\t\t\t\t\t\t\t\t\t\t\t\r\n\t\t\t\t\t\t\r\n\t\t\t\t\t\t<div class=\"sev-diaporama-portfolio-item    col-12 col-md\">\r\n\t\t\t\t\t\t\t<a href=\"https:\/\/mirabel-renaudiere.com\/wp-content\/uploads\/2021\/12\/sanitaires-toilettes-camping-1024x683.jpg\" data-lightbox=\"sevgallery-1426195955\" style=\"background-image: url(https:\/\/mirabel-renaudiere.com\/wp-content\/uploads\/2021\/12\/sanitaires-toilettes-camping-1024x683.jpg)\">\r\n\t\t\t\t\t\t\t\t<img decoding=\"async\" src=\"https:\/\/mirabel-renaudiere.com\/wp-content\/uploads\/2021\/12\/sanitaires-toilettes-camping-1024x683.jpg\" alt=\"sanitaire voorzieningen en toiletten op de camping\" loading=\"lazy\">\r\n\t\t\t\t\t\t\t\t\t\t\t\t\t\t\t<\/a>\r\n\t\t\t\t\t\t<\/div>\r\n\r\n\t\t\t\t\t\t\r\n\t\t\t\t\t\t\t\t\t\t\t\t\t\t\t\t\t\r\n\t\t\t\t\t\t\r\n\t\t\t\t\t\t<div class=\"sev-diaporama-portfolio-item    col-12 col-md  col-shrink\">\r\n\t\t\t\t\t\t\t<a href=\"https:\/\/mirabel-renaudiere.com\/wp-content\/uploads\/2022\/01\/GALERIE_SERVICES_SANITAIRE_ENFANT-1024x683.jpg\" data-lightbox=\"sevgallery-1426195955\" style=\"background-image: url(https:\/\/mirabel-renaudiere.com\/wp-content\/uploads\/2022\/01\/GALERIE_SERVICES_SANITAIRE_ENFANT-1024x683.jpg)\">\r\n\t\t\t\t\t\t\t\t<img decoding=\"async\" src=\"https:\/\/mirabel-renaudiere.com\/wp-content\/uploads\/2022\/01\/GALERIE_SERVICES_SANITAIRE_ENFANT-1024x683.jpg\" alt=\"kinderbadkamer\" loading=\"lazy\">\r\n\t\t\t\t\t\t\t\t\t\t\t\t\t\t\t<\/a>\r\n\t\t\t\t\t\t<\/div>\r\n\r\n\t\t\t\t\t\t\r\n\t\t\t\t\t\t\t\t\t\t\t\t\t\t\t\t\t\r\n\t\t\t\t\t\t\r\n\t\t\t\t\t\t<div class=\"sev-diaporama-portfolio-item  limitsm  col-12 col-md  col-grow last-visible\">\r\n\t\t\t\t\t\t\t<a href=\"https:\/\/mirabel-renaudiere.com\/nl\/photos-camping-renaudiere\"  style=\"background-image: url(https:\/\/mirabel-renaudiere.com\/wp-content\/uploads\/2022\/01\/galerie-photo.png)\">\r\n\t\t\t\t\t\t\t\t<img decoding=\"async\" src=\"https:\/\/mirabel-renaudiere.com\/wp-content\/uploads\/2022\/01\/galerie-photo.png\" alt=\"fotogalerij\" loading=\"lazy\">\r\n\t\t\t\t\t\t\t\t\t\t\t\t\t\t\t\t\t<img decoding=\"async\" src=\"https:\/\/mirabel-renaudiere.com\/wp-content\/themes\/renaudiere\/assets\/img\/voir-photos.png\" alt=\"\" \/>\r\n\t\t\t\t\t\t\t\t\t<span>Bekijk alle foto's<\/span>\r\n\t\t\t\t\t\t\t\t\t\t\t\t\t\t\t<\/a>\r\n\t\t\t\t\t\t<\/div>\r\n\r\n\t\t\t\t\t\t\t\t\t\t\t\t\t<div class=\"w-100\"><\/div>\r\n\t\t\t\t\t\t\t\t\t\t\t\t\t\r\n\t\t\t\t\t\t\t\t\t\t\t\t\t\t\t\t\t\t\t\t\t<\/div>\r\n\t\t\t<\/div>\r\n\r\n\t\t\t<script>\r\n\t\t\tjQuery(function($) {\r\n\r\n\t\t\t\tvar marginPortfolio = function() {\r\n\r\n\t\t\t\t\tvar $diapo          = $('#sevgallery-1426195955');\r\n\t\t\t\t\tvar container_width = $diapo.parent().outerWidth();\r\n\t\t\t\t\tvar side            = ( $(window).innerWidth() - container_width ) \/ 2;\r\n\r\n\t\t\t\t\t$diapo.css( {\r\n\t\t\t\t\t\t'margin-left': '-' + side + 'px',\r\n\t\t\t\t\t\t'margin-right': '-' + side + 'px',\r\n\t\t\t\t\t} );\r\n\t\t\t\t};\r\n\r\n\t\t\t\t$( window ).resize( function() {\r\n\t\t\t\t\tmarginPortfolio();\r\n\t\t\t\t} );\r\n\t\t\t\tmarginPortfolio();\r\n\t\t\t});\r\n\t\t\t<\/script>\r\n\t\t\t\n\n\n\n<p><\/p>","protected":false},"excerpt":{"rendered":"<p>Un camping \u00e0 c\u00f4t\u00e9 de Pornic avec de nombreux services sur place Retrouvez le bon go\u00fbt du pain frais et [&hellip;]<\/p>\n","protected":false},"author":1,"featured_media":0,"parent":0,"menu_order":0,"comment_status":"closed","ping_status":"closed","template":"","meta":{"_seopress_robots_primary_cat":"","_seopress_titles_title":"Camping avec location de v\u00e9los pr\u00e8s de Pornic","_seopress_titles_desc":"Le camping La Renaudi\u00e8re pr\u00e8s de Pornic vous propose de nombreux services pour des vacances r\u00e9ussies : location de v\u00e9lo, point wifi gratuit...","_seopress_robots_index":"","footnotes":""},"class_list":["post-48","page","type-page","status-publish","hentry"],"_links":{"self":[{"href":"https:\/\/mirabel-renaudiere.com\/nl\/wp-json\/wp\/v2\/pages\/48","targetHints":{"allow":["GET"]}}],"collection":[{"href":"https:\/\/mirabel-renaudiere.com\/nl\/wp-json\/wp\/v2\/pages"}],"about":[{"href":"https:\/\/mirabel-renaudiere.com\/nl\/wp-json\/wp\/v2\/types\/page"}],"author":[{"embeddable":true,"href":"https:\/\/mirabel-renaudiere.com\/nl\/wp-json\/wp\/v2\/users\/1"}],"replies":[{"embeddable":true,"href":"https:\/\/mirabel-renaudiere.com\/nl\/wp-json\/wp\/v2\/comments?post=48"}],"version-history":[{"count":148,"href":"https:\/\/mirabel-renaudiere.com\/nl\/wp-json\/wp\/v2\/pages\/48\/revisions"}],"predecessor-version":[{"id":13585,"href":"https:\/\/mirabel-renaudiere.com\/nl\/wp-json\/wp\/v2\/pages\/48\/revisions\/13585"}],"wp:attachment":[{"href":"https:\/\/mirabel-renaudiere.com\/nl\/wp-json\/wp\/v2\/media?parent=48"}],"curies":[{"name":"wp","href":"https:\/\/api.w.org\/{rel}","templated":true}]}}