{"id":60,"date":"2021-12-10T14:21:54","date_gmt":"2021-12-10T13:21:54","guid":{"rendered":"https:\/\/www.campinglarenaudiere.com\/?page_id=60"},"modified":"2026-04-30T10:15:38","modified_gmt":"2026-04-30T08:15:38","slug":"tarieven-voor-caravantenten","status":"publish","type":"page","link":"https:\/\/mirabel-renaudiere.com\/nl\/tarifs-tentes-caravanes","title":{"rendered":"Kampeerplaatsen"},"content":{"rendered":"<h1 class=\"wp-block-heading\" id=\"des-emplacements-de-camping-caravaning-proches-de-la-cote-de-jade\">Campings en caravanparken in de buurt van Pornic<\/h1>\n\n\n\n<p class=\"has-text-align-center\">Op onze 4-sterren camping La Renaudi\u00e8re Mirabel kun je je tent, camper of caravan meenemen voor een weekend of een paar weken vakantie!<\/p>\n\n\n\n<p class=\"has-text-align-center border border-info card pt-2 pl-4 pr-4\"><strong>Nieuw in 2026: GRAND COMFORT STANDPLAATSEN <\/strong><br>En camping-car of caravan geniet van uw <strong>private wateraansluiting en afvoerkoppeling <\/strong>op gestabiliseerde locaties die minimaal 100m\u00b2 groot zijn.&nbsp;<\/p>\n\n\n\n<div class=\"wp-block-media-text alignwide has-media-on-the-right is-stacked-on-mobile\" style=\"grid-template-columns:auto 46%\"><div class=\"wp-block-media-text__content\">\n<figure class=\"wp-block-image alignleft size-full is-resized\"><img loading=\"lazy\" decoding=\"async\" width=\"312\" height=\"275\" src=\"https:\/\/www.mirabel-renaudiere.com\/wp-content\/uploads\/2022\/01\/tente-1.png\" alt=\"kampeertent\" class=\"wp-image-2531\" style=\"width:78px;height:69px\" srcset=\"https:\/\/mirabel-renaudiere.com\/wp-content\/uploads\/2022\/01\/tente-1.png 312w, https:\/\/mirabel-renaudiere.com\/wp-content\/uploads\/2022\/01\/tente-1-300x264.png 300w\" sizes=\"auto, (max-width: 312px) 100vw, 312px\" \/><\/figure>\n\n\n\n<p class=\"texte-rond has-orange-color has-text-color has-large-font-size\">Je ruime staanplaats in de frisse lucht vlakbij de stranden!<\/p>\n\n\n\n<p><strong>Grote staanplaatsen<\/strong> camping voor je tent, caravan of camper. <\/p>\n\n\n\n<p>Je kunt kiezen tussen <strong>afgebakende locaties<\/strong>, zonnig of schaduwrijk. <\/p>\n\n\n\n<p>Onze camping biedt je <strong>grote natuurlijke ruimten<\/strong> om je voortent, picknicktafel en zelfs je ligstoel op je camping op te zetten!<\/p>\n\n\n\n<p>Kies je locatie op basis van je gewoontes: dicht bij <a href=\"https:\/\/mirabel-renaudiere.com\/nl\/waterpark\/\" target=\"_blank\" rel=\"noreferrer noopener\">het zwembad <\/a>of liever gezegd in rust, weg van de zomerse drukte! <em>(als optie voor \u20ac30)<\/em><\/p>\n\n\n\n<p class=\"tex\" id=\"camping-car\"><\/p>\n\n\n\n<p>Zie de <a href=\"https:\/\/mirabel-renaudiere.com\/nl\/camping-plattegrond\/\">camping plattegrond<\/a><\/p>\n<\/div><figure class=\"wp-block-media-text__media\"><img loading=\"lazy\" decoding=\"async\" width=\"700\" height=\"540\" src=\"https:\/\/www.mirabel-renaudiere.com\/wp-content\/uploads\/2023\/01\/emplacements-camping-caravaning-2.jpg\" alt=\"schaduwrijke kampeer- en caravanplaatsen\" class=\"wp-image-6820 size-full\" srcset=\"https:\/\/mirabel-renaudiere.com\/wp-content\/uploads\/2023\/01\/emplacements-camping-caravaning-2.jpg 700w, https:\/\/mirabel-renaudiere.com\/wp-content\/uploads\/2023\/01\/emplacements-camping-caravaning-2-300x231.jpg 300w\" sizes=\"auto, (max-width: 700px) 100vw, 700px\" \/><\/figure><\/div>\n\n\n\n<div class=\"wp-block-media-text is-stacked-on-mobile\"><figure class=\"wp-block-media-text__media\"><img loading=\"lazy\" decoding=\"async\" width=\"587\" height=\"600\" src=\"https:\/\/mirabel-renaudiere.com\/wp-content\/uploads\/2023\/01\/emplacement-tente-camping-1.jpg\" alt=\"kampeerplaats tent caravan\" class=\"wp-image-6730 size-full\" srcset=\"https:\/\/mirabel-renaudiere.com\/wp-content\/uploads\/2023\/01\/emplacement-tente-camping-1.jpg 587w, https:\/\/mirabel-renaudiere.com\/wp-content\/uploads\/2023\/01\/emplacement-tente-camping-1-294x300.jpg 294w\" sizes=\"auto, (max-width: 587px) 100vw, 587px\" \/><\/figure><div class=\"wp-block-media-text__content\">\n<h2 class=\"wp-block-heading\">Kom kamperen met je tent <\/h2>\n\n\n\n<p>Voor de <strong>camping liefhebbers<\/strong>, het echte, onder de tentdoek, met het opblazen van de matras, de \u00abvastzetten van haringen\u00bb, daar heb je je droomplek gevonden! Hier kun je rustig onder... <strong>in de schaduw van de hoge dennenbomen,<\/strong> en profiteer van alle diensten op de camping. In de zomer worden de activiteiten hervat, de <a href=\"https:\/\/mirabel-renaudiere.com\/nl\/restaurant-bar-snack\/\" target=\"_blank\" rel=\"noreferrer noopener\">camping bistro<\/a> is open (heropening in mei) en het zwembad is open tot 20.00 uur. Het enige wat je hoeft te doen is genieten!<\/p>\n\n\n\n<div class=\"wp-block-group border border-info card pt-2 pl-4 pr-4 is-layout-flow wp-block-group-is-layout-flow\">\n<p class=\"has-text-align-center pl-4 pt-2\"><strong>PRAKTIJK<\/strong><br> <img decoding=\"async\" class=\"wp-image-2357\" style=\"width: 50px;\" src=\"https:\/\/www.mirabel-renaudiere.com\/wp-content\/uploads\/2022\/01\/barre-orange.png\" alt=\"\"> <\/p>\n\n\n\n<p> <span class=\"has-inline-color has-orange-color\"><strong> <span class=\"has-inline-color has-orange-color\">\u2022<\/span><\/strong><\/span> <strong>Grootte van standplaatsen<\/strong> van 80 tot 120m<sup>2<\/sup><\/p>\n\n\n\n<p> <span class=\"has-inline-color has-orange-color\"><strong> <span class=\"has-inline-color has-orange-color\">\u2022<\/span><\/strong><\/span> <strong>Toegang <\/strong>De gangpaden zijn breed genoeg voor alle soorten voertuigen en we staan klaar om je de weg te wijzen.<\/p>\n\n\n\n<p> <span class=\"has-inline-color has-orange-color\"><strong> <span class=\"has-inline-color has-orange-color\">\u2022<\/span><\/strong><\/span> <strong>Sanitair<\/strong> met een speciale gezinsruimte en toiletvoorzieningen voor mensen met beperkte mobiliteit.<\/p>\n\n\n\n<p> <mark style=\"background-color:rgba(0, 0, 0, 0)\" class=\"has-inline-color has-orange-color\"><strong> <mark style=\"background-color:rgba(0, 0, 0, 0)\" class=\"has-inline-color has-orange-color\">\u2022<\/mark><\/strong><\/mark>  Aankomst op de camping is dagelijks vanaf 14.00 uur en vertrek voor 12.00 uur.<\/p>\n<\/div>\n<\/div><\/div>\n\n\n\n<div style=\"height:19px\" aria-hidden=\"true\" class=\"wp-block-spacer\"><\/div>\n\n\n\n<div class=\"wp-block-media-text alignwide has-media-on-the-right is-stacked-on-mobile\"><div class=\"wp-block-media-text__content\">\n<h2 class=\"wp-block-heading\" id=\"aire-de-service-pour-camping-car\">Camperplaatsen en serviceruimte<\/h2>\n\n\n\n<figure class=\"wp-block-image size-full\"><img decoding=\"async\" src=\"https:\/\/www.mirabel-renaudiere.com\/wp-content\/uploads\/2022\/01\/barre-bleue.png\" alt=\"\" class=\"wp-image-2382\"\/><\/figure>\n\n\n\n<div style=\"height:1px\" aria-hidden=\"true\" class=\"wp-block-spacer\"><\/div>\n\n\n\n<figure class=\"wp-block-image alignleft size-full is-resized\"><img loading=\"lazy\" decoding=\"async\" width=\"200\" height=\"200\" src=\"https:\/\/www.mirabel-renaudiere.com\/wp-content\/uploads\/2022\/01\/Picto-Camping-car.png\" alt=\"\" class=\"wp-image-2972\" style=\"width:84px;height:84px\" srcset=\"https:\/\/mirabel-renaudiere.com\/wp-content\/uploads\/2022\/01\/Picto-Camping-car.png 200w, https:\/\/mirabel-renaudiere.com\/wp-content\/uploads\/2022\/01\/Picto-Camping-car-150x150.png 150w\" sizes=\"auto, (max-width: 200px) 100vw, 200px\" \/><\/figure>\n\n\n\n<p>Als je een camper, caravan of omgebouwde bestelwagen hebt, zul je blij zijn om onze <strong>grote plaatsen<\/strong> voor je vakantie. Elektriciteit is inbegrepen in de huurprijs. Voor extra comfort, <strong>een servicegebied<\/strong> met een watertappunt bij de ingang van de camping vlakbij de receptie. Camperaars kunnen dus <strong>legen <\/strong>van hun camper voordat ze weer op weg gingen.<\/p>\n<\/div><figure class=\"wp-block-media-text__media\"><img loading=\"lazy\" decoding=\"async\" width=\"1024\" height=\"683\" src=\"https:\/\/www.mirabel-renaudiere.com\/wp-content\/uploads\/2021\/12\/air-service-camping-car-1024x683.jpg\" alt=\"camper servicegebied\" class=\"wp-image-399 size-full\" srcset=\"https:\/\/mirabel-renaudiere.com\/wp-content\/uploads\/2021\/12\/air-service-camping-car-1024x683.jpg 1024w, https:\/\/mirabel-renaudiere.com\/wp-content\/uploads\/2021\/12\/air-service-camping-car-300x200.jpg 300w, https:\/\/mirabel-renaudiere.com\/wp-content\/uploads\/2021\/12\/air-service-camping-car-768x512.jpg 768w, https:\/\/mirabel-renaudiere.com\/wp-content\/uploads\/2021\/12\/air-service-camping-car.jpg 1200w\" sizes=\"auto, (max-width: 1024px) 100vw, 1024px\" \/><\/figure><\/div>\n\n\n\n<div style=\"height:29px\" aria-hidden=\"true\" class=\"wp-block-spacer\"><\/div>\n\n\n\n<div class=\"wp-block-group front-page-section grey is-layout-flow wp-block-group-is-layout-flow\">\n<p class=\"has-text-align-center\"><\/p>\n<\/div>\n\n\n\n<div style=\"height:10px\" aria-hidden=\"true\" class=\"wp-block-spacer\"><\/div>\n\n\n\n<figure class=\"wp-block-image alignleft size-full is-resized\"><img loading=\"lazy\" decoding=\"async\" width=\"312\" height=\"275\" src=\"https:\/\/www.mirabel-renaudiere.com\/wp-content\/uploads\/2022\/01\/tente-1.png\" alt=\"kampeertent\" class=\"wp-image-2531\" style=\"width:159px;height:auto\" srcset=\"https:\/\/mirabel-renaudiere.com\/wp-content\/uploads\/2022\/01\/tente-1.png 312w, https:\/\/mirabel-renaudiere.com\/wp-content\/uploads\/2022\/01\/tente-1-300x264.png 300w\" sizes=\"auto, (max-width: 312px) 100vw, 312px\" \/><\/figure>\n\n\n\n<h2 class=\"wp-block-heading has-text-align-left\" id=\"reservez-un-forfait-camping\">Boek een kampeerpakket <\/h2>\n\n\n\n<p>Om uw locatie te kiezen, selecteert u de optie <strong>\u00ab\u00a0gegarandeerde plaatskeuze\u00a0\u00bb voor \u20ac 30<\/strong>.<\/p>\n\n\n\n<p><em>Mogelijke keuzes via internet of telefoon afhankelijk van beschikbaarheid<\/em>. <em>Zonder abonnement op deze optie kunnen wij geen specifieke plaats garanderen.<\/em><\/p>\n\n\n\n<p><\/p>\n\n\n\n<h3 class=\"wp-block-heading\">Standplaats met alle kosten voor 1 voertuig en elektriciteit<\/h3>\n\n\n\n<ctv-availability data-product-id=\"105023\" data-background-color=\"#FFFFFFFF\"><\/ctv-availability>\n\n\n\n<h3 class=\"wp-block-heading\">Grote Comfort Locatie<\/h3>\n\n\n\n<p>Grote, stabiele staanplaats (minimaal 100m\u00b2).<sup>2<\/sup>)<\/p>\n\n\n\n<p>Met zijn elektrische aansluiting: <strong>16A-stroomsterkte, water en afvoer van afvalwater<\/strong>. <\/p>\n\n\n<p><ctv-availability data-product-id=\"148279\" data-background-color=\"#FFFFFFFF\"><\/ctv-availability><\/p>\n\n\n\n<pre class=\"wp-block-code\"><code><\/code><\/pre>\n\n\n\n<div class=\"wp-block-columns is-layout-flex wp-container-core-columns-is-layout-28f84493 wp-block-columns-is-layout-flex\">\n<div class=\"wp-block-column has-white-color has-text-color is-layout-flow wp-block-column-is-layout-flow\">\n<div class=\"wp-block-group card h-100 pl-4 pr-4 pt-4 rounded-lg border border-info is-layout-flow wp-block-group-is-layout-flow\">\n<p class=\"has-text-align-left has-turquoise-color has-text-color has-medium-font-size\"><img loading=\"lazy\" decoding=\"async\" width=\"50\" height=\"51\" class=\"wp-image-1933\" style=\"width: 50px;\" src=\"https:\/\/www.mirabel-renaudiere.com\/wp-content\/uploads\/2021\/12\/etoile.png\" alt=\"ster\" srcset=\"https:\/\/mirabel-renaudiere.com\/wp-content\/uploads\/2021\/12\/etoile.png 320w, https:\/\/mirabel-renaudiere.com\/wp-content\/uploads\/2021\/12\/etoile-292x300.png 292w, https:\/\/mirabel-renaudiere.com\/wp-content\/uploads\/2021\/12\/etoile-150x150.png 150w\" sizes=\"auto, (max-width: 50px) 100vw, 50px\" \/>   &nbsp;      <strong>OPTIONEEL<\/strong> (Prijs per nacht)<\/p>\n\n\n\n<figure class=\"wp-block-table text-left\"><table class=\"has-turquoise-color has-text-color\"><tbody><tr><td class=\"has-text-align-left\" data-align=\"left\"><strong> <span class=\"has-inline-color has-orange-color\">\u2022<\/span> <\/strong> <strong>Koelkast huren<\/strong><\/td><td class=\"has-text-align-left\" data-align=\"left\"><strong>6\u20ac<\/strong><\/td><\/tr><tr><td class=\"has-text-align-left\" data-align=\"left\"><strong><span style=\"background-color:rgba(0, 0, 0, 0)\" class=\"has-inline-color has-orange-color\">\u2022<\/span> <\/strong> <strong>Gasplancha<\/strong><\/td><td class=\"has-text-align-left\" data-align=\"left\"><strong>6\u20ac<\/strong><br>\/nacht<\/td><\/tr><tr><td class=\"has-text-align-left\" data-align=\"left\"><strong> <span class=\"has-inline-color has-orange-color\">\u2022<\/span> <\/strong> <strong>Wasserij <br><\/strong><em>(wasmiddel meegeleverd)<\/em><\/td><td class=\"has-text-align-left\" data-align=\"left\"><strong>5\u20ac<\/strong><br>\/token<strong> <\/strong><\/td><\/tr><tr><td class=\"has-text-align-left\" data-align=\"left\"><strong><span class=\"has-inline-color has-orange-color\">\u2022<\/span> <\/strong> <strong>Wifi <\/strong><em>(per dag, week, maand)<\/em><\/td><td class=\"has-text-align-left\" data-align=\"left\"><strong>van 9 tot 35\u20ac<\/strong><\/td><\/tr><tr><td class=\"has-text-align-left\" data-align=\"left\"><strong><span class=\"has-inline-color has-orange-color\">\u2022<\/span> <\/strong> <strong>Huisdieren toegestaan <em><br><\/em><\/strong><em>(katten en honden, met uitzondering van categorie 1 en 2, maximaal 2 per locatie, verplichte vaccinatie tegen hondsdolheid)<\/em><\/td><td class=\"has-text-align-left\" data-align=\"left\"><strong>5\u20ac<\/strong><br>\/nacht <\/td><\/tr><\/tbody><\/table><\/figure>\n<\/div>\n<\/div>\n\n\n\n<div class=\"wp-block-column has-orange-color has-white-color has-text-color is-layout-flow wp-block-column-is-layout-flow\">\n<div class=\"wp-block-cover aligncenter card h-100 pl-4 pr-4 pt-4\"><img loading=\"lazy\" decoding=\"async\" width=\"1920\" height=\"1280\" class=\"wp-block-cover__image-background wp-image-1376\" alt=\"\" src=\"https:\/\/www.mirabel-renaudiere.com\/wp-content\/uploads\/2022\/01\/services-camping-Pornic.jpg\" data-object-fit=\"cover\" srcset=\"https:\/\/mirabel-renaudiere.com\/wp-content\/uploads\/2022\/01\/services-camping-Pornic.jpg 1920w, https:\/\/mirabel-renaudiere.com\/wp-content\/uploads\/2022\/01\/services-camping-Pornic-300x200.jpg 300w, https:\/\/mirabel-renaudiere.com\/wp-content\/uploads\/2022\/01\/services-camping-Pornic-1024x683.jpg 1024w, https:\/\/mirabel-renaudiere.com\/wp-content\/uploads\/2022\/01\/services-camping-Pornic-768x512.jpg 768w, https:\/\/mirabel-renaudiere.com\/wp-content\/uploads\/2022\/01\/services-camping-Pornic-1536x1024.jpg 1536w\" sizes=\"auto, (max-width: 1920px) 100vw, 1920px\" \/><span aria-hidden=\"true\" class=\"wp-block-cover__background has-turquoise-background-color has-background-dim-80 has-background-dim\"><\/span><div class=\"wp-block-cover__inner-container is-layout-flow wp-block-cover-is-layout-flow\">\n<p class=\"has-medium-font-size\"><img loading=\"lazy\" decoding=\"async\" width=\"80\" height=\"54\" class=\"wp-image-1977\" style=\"width: 80px;\" src=\"https:\/\/www.mirabel-renaudiere.com\/wp-content\/uploads\/2021\/12\/smile-blanc.png\" alt=\"\" srcset=\"https:\/\/mirabel-renaudiere.com\/wp-content\/uploads\/2021\/12\/smile-blanc.png 320w, https:\/\/mirabel-renaudiere.com\/wp-content\/uploads\/2021\/12\/smile-blanc-300x201.png 300w\" sizes=\"auto, (max-width: 80px) 100vw, 80px\" \/>    &nbsp;  <strong>PRAKTIJK<\/strong><\/p>\n\n\n\n<div style=\"height:28px\" aria-hidden=\"true\" class=\"wp-block-spacer\"><\/div>\n\n\n\n<p class=\"wp-block-sev-picto-text\"><i class=\"fa fa-calendar-alt\"><\/i><span>Aankomst vanaf 14u en vertrek tot 12u<\/span><\/p>\n\n\n\n<p class=\"wp-block-sev-picto-text\"><i class=\"fas fa-wifi\"><\/i><span>Wifi op de camping (1 verbinding inbegrepen in de prijs van de standplaats)<\/span><\/p>\n\n\n\n<div style=\"height:28px\" aria-hidden=\"true\" class=\"wp-block-spacer\"><\/div>\n\n\n\n<p class=\"has-text-align-center\"><strong>Openingstijden receptie<\/strong><br><img loading=\"lazy\" decoding=\"async\" width=\"49\" height=\"6\" class=\"wp-image-4325\" style=\"width: 49px;\" src=\"https:\/\/www.mirabel-renaudiere.com\/wp-content\/uploads\/2021\/12\/barre-camping-1.png\" alt=\"\"><\/p>\n\n\n\n<p class=\"has-text-align-center\">En laagseizoen: 09:00 \u2013 12:00 \/ 14:00 \u2013 18:00  <br><em>van maandag tot zaterdag (en op zondagen tijdens feestdagen)<\/em><\/p>\n\n\n\n<p class=\"has-text-align-center\">Juli-augustus: 09:00 \u2013 12:30 \/ 14:00 \u2013 19:00 <br><em>elke dag<\/em><\/p>\n<\/div><\/div>\n<\/div>\n<\/div>\n\n\n\n<p class=\"has-text-align-center texte-rond mt-5 has-large-font-size\">Ontdek de camping<\/p>\n\n\n\n<div class=\"wp-block-columns are-vertically-aligned-center h-20 front-page-section grey is-layout-flex wp-container-core-columns-is-layout-28f84493 wp-block-columns-is-layout-flex\">\n<div class=\"wp-block-column is-layout-flow wp-block-column-is-layout-flow\"><\/div>\n\n\n\n<div class=\"wp-block-column is-layout-flow wp-block-column-is-layout-flow\">\n<div class=\"wp-block-create-block-sevgutenberg-navigation\"><aside class=\"encart-sev-navigation small carre\"><a href=\"https:\/\/mirabel-renaudiere.com\/nl\/camping-plattegrond\/\" class=\"d-flex flex-column align-items-center\"><div class=\"encart-title\"><span>Plattegrond van de camping<\/span><\/div><div class=\"vague\"><\/div><img decoding=\"async\" src=\"https:\/\/www.mirabel-renaudiere.com\/wp-content\/uploads\/2023\/04\/Plan-Renaudiere-2026-web.jpg\" alt=\"\"\/><div class=\"ligne\"><\/div><div class=\"hover\"><\/div><\/a><\/aside><\/div>\n<\/div>\n\n\n\n<div class=\"wp-block-column is-vertically-aligned-center is-layout-flow wp-block-column-is-layout-flow\">\n<div class=\"wp-block-create-block-sevgutenberg-navigation\"><aside class=\"encart-sev-navigation small carre\"><a href=\"https:\/\/mirabel-renaudiere.com\/nl\/fietsverhuur-2\/\" class=\"d-flex flex-column align-items-center\"><div class=\"encart-title\"><span>Diensten<\/span><\/div><div class=\"vague\"><\/div><img decoding=\"async\" src=\"https:\/\/www.mirabel-renaudiere.com\/wp-content\/uploads\/2022\/01\/services-camping-Pornic.jpg\" alt=\"kampeerterreinen in Pornic\"\/><div class=\"ligne\"><\/div><div class=\"hover\"><\/div><\/a><\/aside><\/div>\n<\/div>\n\n\n\n<div class=\"wp-block-column is-vertically-aligned-center is-layout-flow wp-block-column-is-layout-flow\">\n<div class=\"wp-block-create-block-sevgutenberg-navigation\"><aside class=\"encart-sev-navigation small carre\"><a href=\"https:\/\/mirabel-renaudiere.com\/nl\/huurprijzen-stacaravans\/\" class=\"d-flex flex-column align-items-center\"><div class=\"encart-title\"><span>Stacaravans<\/span><\/div><div class=\"vague\"><\/div><img decoding=\"async\" src=\"https:\/\/www.mirabel-renaudiere.com\/wp-content\/uploads\/2023\/04\/mobil-home-location-vacances-plaien-sur-mer.jpg\" alt=\"verhuurporno voor stacaravans\"\/><div class=\"ligne\"><\/div><div class=\"hover\"><\/div><\/a><\/aside><\/div>\n<\/div>\n\n\n\n<div class=\"wp-block-column is-layout-flow wp-block-column-is-layout-flow\"><\/div>\n<\/div>\n\n\n\n<figure class=\"wp-block-image aligncenter size-large is-resized mt-5\"><img decoding=\"async\" src=\"https:\/\/www.mirabel-renaudiere.com\/wp-content\/uploads\/2022\/01\/photo-1024x84.png\" alt=\"fotogalerij\" class=\"wp-image-2371\" style=\"width:768px;height:63px\"\/><\/figure>\n\n\n\t\t\t<div id=\"sevgallery-418175779\" class=\"sev-diaporama sev-diaporama-portfolio\">\r\n\t\t\t\t<div class=\"row\">\r\n\r\n\t\t\t\t\t\r\n\t\t\t\t\t\t\r\n\t\t\t\t\t\t<div class=\"sev-diaporama-portfolio-item    col-12 col-md  col-shrink\">\r\n\t\t\t\t\t\t\t<a href=\"https:\/\/mirabel-renaudiere.com\/wp-content\/uploads\/2021\/12\/emplacement-tente-camping-1024x683.jpg\" data-lightbox=\"sevgallery-418175779\" style=\"background-image: url(https:\/\/mirabel-renaudiere.com\/wp-content\/uploads\/2021\/12\/emplacement-tente-camping-1024x683.jpg)\">\r\n\t\t\t\t\t\t\t\t<img decoding=\"async\" src=\"https:\/\/mirabel-renaudiere.com\/wp-content\/uploads\/2021\/12\/emplacement-tente-camping-1024x683.jpg\" alt=\"kampeerplaats tent\" loading=\"lazy\">\r\n\t\t\t\t\t\t\t\t\t\t\t\t\t\t\t<\/a>\r\n\t\t\t\t\t\t<\/div>\r\n\r\n\t\t\t\t\t\t\r\n\t\t\t\t\t\t\t\t\t\t\t\t\t\t\t\t\t\r\n\t\t\t\t\t\t\r\n\t\t\t\t\t\t<div class=\"sev-diaporama-portfolio-item    col-12 col-md  col-shrink\">\r\n\t\t\t\t\t\t\t<a href=\"https:\/\/mirabel-renaudiere.com\/wp-content\/uploads\/2021\/12\/emplacement-tente-enfant-683x1024.jpg\" data-lightbox=\"sevgallery-418175779\" style=\"background-image: url(https:\/\/mirabel-renaudiere.com\/wp-content\/uploads\/2021\/12\/emplacement-tente-enfant-683x1024.jpg)\">\r\n\t\t\t\t\t\t\t\t<img decoding=\"async\" src=\"https:\/\/mirabel-renaudiere.com\/wp-content\/uploads\/2021\/12\/emplacement-tente-enfant-683x1024.jpg\" alt=\"tentplaats voor kinderen\" loading=\"lazy\">\r\n\t\t\t\t\t\t\t\t\t\t\t\t\t\t\t<\/a>\r\n\t\t\t\t\t\t<\/div>\r\n\r\n\t\t\t\t\t\t\r\n\t\t\t\t\t\t\t\t\t\t\t\t\t\t\t\t\t\r\n\t\t\t\t\t\t\r\n\t\t\t\t\t\t<div class=\"sev-diaporama-portfolio-item    col-12 col-md\">\r\n\t\t\t\t\t\t\t<a href=\"https:\/\/mirabel-renaudiere.com\/wp-content\/uploads\/2021\/12\/emplacement-caravane-camping-1024x768.jpg\" data-lightbox=\"sevgallery-418175779\" style=\"background-image: url(https:\/\/mirabel-renaudiere.com\/wp-content\/uploads\/2021\/12\/emplacement-caravane-camping-1024x768.jpg)\">\r\n\t\t\t\t\t\t\t\t<img decoding=\"async\" src=\"https:\/\/mirabel-renaudiere.com\/wp-content\/uploads\/2021\/12\/emplacement-caravane-camping-1024x768.jpg\" alt=\"kampeerplaatsen\" loading=\"lazy\">\r\n\t\t\t\t\t\t\t\t\t\t\t\t\t\t\t<\/a>\r\n\t\t\t\t\t\t<\/div>\r\n\r\n\t\t\t\t\t\t\t\t\t\t\t\t\t<div class=\"w-100\"><\/div>\r\n\t\t\t\t\t\t\t\t\t\t\t\t\t\r\n\t\t\t\t\t\t\t\t\t\t\t\t\t\t\t\t\t\r\n\t\t\t\t\t\t\r\n\t\t\t\t\t\t<div class=\"sev-diaporama-portfolio-item    col-12 col-md  col-grow\">\r\n\t\t\t\t\t\t\t<a href=\"https:\/\/mirabel-renaudiere.com\/wp-content\/uploads\/2021\/12\/emplacement-camping-caravane-1024x768.jpg\" data-lightbox=\"sevgallery-418175779\" style=\"background-image: url(https:\/\/mirabel-renaudiere.com\/wp-content\/uploads\/2021\/12\/emplacement-camping-caravane-1024x768.jpg)\">\r\n\t\t\t\t\t\t\t\t<img decoding=\"async\" src=\"https:\/\/mirabel-renaudiere.com\/wp-content\/uploads\/2021\/12\/emplacement-camping-caravane-1024x768.jpg\" alt=\"kampeer- en caravanplaatsen\" loading=\"lazy\">\r\n\t\t\t\t\t\t\t\t\t\t\t\t\t\t\t<\/a>\r\n\t\t\t\t\t\t<\/div>\r\n\r\n\t\t\t\t\t\t\r\n\t\t\t\t\t\t\t\t\t\t\t\t\t\t\t\t\t\r\n\t\t\t\t\t\t\r\n\t\t\t\t\t\t<div class=\"sev-diaporama-portfolio-item    col-12 col-md  col-shrink\">\r\n\t\t\t\t\t\t\t<a href=\"https:\/\/mirabel-renaudiere.com\/wp-content\/uploads\/2021\/12\/air-service-camping-car-1024x683.jpg\" data-lightbox=\"sevgallery-418175779\" style=\"background-image: url(https:\/\/mirabel-renaudiere.com\/wp-content\/uploads\/2021\/12\/air-service-camping-car-1024x683.jpg)\">\r\n\t\t\t\t\t\t\t\t<img decoding=\"async\" src=\"https:\/\/mirabel-renaudiere.com\/wp-content\/uploads\/2021\/12\/air-service-camping-car-1024x683.jpg\" alt=\"camper servicegebied\" loading=\"lazy\">\r\n\t\t\t\t\t\t\t\t\t\t\t\t\t\t\t<\/a>\r\n\t\t\t\t\t\t<\/div>\r\n\r\n\t\t\t\t\t\t\r\n\t\t\t\t\t\t\t\t\t\t\t\t\t\t\t\t\t\r\n\t\t\t\t\t\t\r\n\t\t\t\t\t\t<div class=\"sev-diaporama-portfolio-item  limitsm  col-12 col-md  last-visible\">\r\n\t\t\t\t\t\t\t<a href=\"https:\/\/mirabel-renaudiere.com\/nl\/photos-camping-renaudiere\"  style=\"background-image: url(https:\/\/mirabel-renaudiere.com\/wp-content\/uploads\/2022\/01\/galerie-photo.png)\">\r\n\t\t\t\t\t\t\t\t<img decoding=\"async\" src=\"https:\/\/mirabel-renaudiere.com\/wp-content\/uploads\/2022\/01\/galerie-photo.png\" alt=\"fotogalerij\" loading=\"lazy\">\r\n\t\t\t\t\t\t\t\t\t\t\t\t\t\t\t\t\t<img decoding=\"async\" src=\"https:\/\/mirabel-renaudiere.com\/wp-content\/themes\/renaudiere\/assets\/img\/voir-photos.png\" alt=\"\" \/>\r\n\t\t\t\t\t\t\t\t\t<span>Bekijk alle foto's<\/span>\r\n\t\t\t\t\t\t\t\t\t\t\t\t\t\t\t<\/a>\r\n\t\t\t\t\t\t<\/div>\r\n\r\n\t\t\t\t\t\t\t\t\t\t\t\t\t<div class=\"w-100\"><\/div>\r\n\t\t\t\t\t\t\t\t\t\t\t\t\t\r\n\t\t\t\t\t\t\t\t\t\t\t\t\t\t\t\t\t\t\t\t\t<\/div>\r\n\t\t\t<\/div>\r\n\r\n\t\t\t<script>\r\n\t\t\tjQuery(function($) {\r\n\r\n\t\t\t\tvar marginPortfolio = function() {\r\n\r\n\t\t\t\t\tvar $diapo          = $('#sevgallery-418175779');\r\n\t\t\t\t\tvar container_width = $diapo.parent().outerWidth();\r\n\t\t\t\t\tvar side            = ( $(window).innerWidth() - container_width ) \/ 2;\r\n\r\n\t\t\t\t\t$diapo.css( {\r\n\t\t\t\t\t\t'margin-left': '-' + side + 'px',\r\n\t\t\t\t\t\t'margin-right': '-' + side + 'px',\r\n\t\t\t\t\t} );\r\n\t\t\t\t};\r\n\r\n\t\t\t\t$( window ).resize( function() {\r\n\t\t\t\t\tmarginPortfolio();\r\n\t\t\t\t} );\r\n\t\t\t\tmarginPortfolio();\r\n\t\t\t});\r\n\t\t\t<\/script>\r\n\t\t\t\n\n\n\n<p><\/p>","protected":false},"excerpt":{"rendered":"<p>Des emplacements de camping caravaning proches de Pornic Au sein de notre Camping Mirabel 4 \u00e9toiles La Renaudi\u00e8re, vous avez [&hellip;]<\/p>\n","protected":false},"author":1,"featured_media":0,"parent":0,"menu_order":0,"comment_status":"closed","ping_status":"closed","template":"","meta":{"_seopress_robots_primary_cat":"","_seopress_titles_title":"Tarifs emplacement tente, caravane, camping car Pornic","_seopress_titles_desc":"Lors de vos vacances pr\u00e8s de Pornic au camping 4 \u00e9toiles La Renaudi\u00e8re, vous pourrez profiter des nombreuses animations pour petits et grands","_seopress_robots_index":"","footnotes":""},"class_list":["post-60","page","type-page","status-publish","hentry"],"_links":{"self":[{"href":"https:\/\/mirabel-renaudiere.com\/nl\/wp-json\/wp\/v2\/pages\/60","targetHints":{"allow":["GET"]}}],"collection":[{"href":"https:\/\/mirabel-renaudiere.com\/nl\/wp-json\/wp\/v2\/pages"}],"about":[{"href":"https:\/\/mirabel-renaudiere.com\/nl\/wp-json\/wp\/v2\/types\/page"}],"author":[{"embeddable":true,"href":"https:\/\/mirabel-renaudiere.com\/nl\/wp-json\/wp\/v2\/users\/1"}],"replies":[{"embeddable":true,"href":"https:\/\/mirabel-renaudiere.com\/nl\/wp-json\/wp\/v2\/comments?post=60"}],"version-history":[{"count":148,"href":"https:\/\/mirabel-renaudiere.com\/nl\/wp-json\/wp\/v2\/pages\/60\/revisions"}],"predecessor-version":[{"id":13649,"href":"https:\/\/mirabel-renaudiere.com\/nl\/wp-json\/wp\/v2\/pages\/60\/revisions\/13649"}],"wp:attachment":[{"href":"https:\/\/mirabel-renaudiere.com\/nl\/wp-json\/wp\/v2\/media?parent=60"}],"curies":[{"name":"wp","href":"https:\/\/api.w.org\/{rel}","templated":true}]}}