{"id":63,"date":"2021-12-10T14:23:37","date_gmt":"2021-12-10T13:23:37","guid":{"rendered":"https:\/\/www.campinglarenaudiere.com\/?page_id=63"},"modified":"2024-01-29T17:03:25","modified_gmt":"2024-01-29T16:03:25","slug":"tweede-huis-porno","status":"publish","type":"page","link":"https:\/\/mirabel-renaudiere.com\/nl\/residence-secondaire-pornic","title":{"rendered":"Je tweede huis"},"content":{"rendered":"<h1 class=\"wp-block-heading\" id=\"votre-residence-secondaire-a-deux-pas-de-pornic\">Je tweede huis op een steenworp afstand van Pornic<\/h1>\n\n\n\n<p><\/p>\n\n\n\n<div class=\"wp-block-media-text has-media-on-the-right is-stacked-on-mobile\"><div class=\"wp-block-media-text__content\">\n<h2 class=\"wp-block-heading\" id=\"locations-de-parcelles-a-l-annee-au-camping-la-renaudiere-44\"><strong>Het hele jaar door staanplaatsen te huur op Camping Mirabel La Renaudi\u00e8re<\/strong> in La Plaine-sur-Mer<\/h2>\n\n\n\n<figure class=\"wp-block-image size-full\"><img decoding=\"async\" src=\"https:\/\/www.mirabel-renaudiere.com\/wp-content\/uploads\/2022\/01\/barre-bleue.png\" alt=\"\" class=\"wp-image-2382\"\/><\/figure>\n\n\n\n<p>Als je een stacaravan koopt op La Renaudi\u00e8re, ideaal gelegen in de buurt van Pornic en op een steenworp afstand van de zee, ben je zeker van een vakantiehuis dat bij je past en dat beschikbaar is wanneer je maar wilt, gedurende de hele openingsperiode van de camping, dat wil zeggen van 1 januari tot 31 december.<sup>er<\/sup> April tot 31 oktober.<\/p>\n\n\n\n<div class=\"wp-block-group is-nowrap is-layout-flex wp-container-core-group-is-layout-6c531013 wp-block-group-is-layout-flex\">\n<figure class=\"wp-block-image alignleft size-full is-resized\"><img loading=\"lazy\" decoding=\"async\" width=\"600\" height=\"535\" src=\"https:\/\/www.mirabel-renaudiere.com\/wp-content\/uploads\/2022\/01\/Panneau-vectoriel-original.png\" alt=\"welkom in uw huis!\" class=\"wp-image-1748\" style=\"width:300px;height:268px\" srcset=\"https:\/\/mirabel-renaudiere.com\/wp-content\/uploads\/2022\/01\/Panneau-vectoriel-original.png 600w, https:\/\/mirabel-renaudiere.com\/wp-content\/uploads\/2022\/01\/Panneau-vectoriel-original-300x268.png 300w\" sizes=\"auto, (max-width: 600px) 100vw, 600px\" \/><\/figure>\n\n\n\n<p class=\"has-text-align-left texte-rond has-orange-color has-text-color has-large-font-size\"><br>Word eigenaar van je eigen stacaravan voor een geweldige vakantie, elke keer weer!<\/p>\n<\/div>\n<\/div><figure class=\"wp-block-media-text__media\"><img loading=\"lazy\" decoding=\"async\" width=\"800\" height=\"533\" src=\"https:\/\/www.mirabel-renaudiere.com\/wp-content\/uploads\/2023\/01\/TOSCANE-812-vente-mobilhome-CHB.jpg\" alt=\"Kinderslaapkamer in de nieuwe stacaravan Toscane\" class=\"wp-image-6622 size-full\" srcset=\"https:\/\/mirabel-renaudiere.com\/wp-content\/uploads\/2023\/01\/TOSCANE-812-vente-mobilhome-CHB.jpg 800w, https:\/\/mirabel-renaudiere.com\/wp-content\/uploads\/2023\/01\/TOSCANE-812-vente-mobilhome-CHB-300x200.jpg 300w, https:\/\/mirabel-renaudiere.com\/wp-content\/uploads\/2023\/01\/TOSCANE-812-vente-mobilhome-CHB-768x512.jpg 768w\" sizes=\"auto, (max-width: 800px) 100vw, 800px\" \/><\/figure><\/div>\n\n\n\n<div style=\"height:30px\" aria-hidden=\"true\" class=\"wp-block-spacer\"><\/div>\n\n\n\n<div class=\"wp-block-group has-border-color has-orange-border-color is-layout-constrained wp-container-core-group-is-layout-a666d811 wp-block-group-is-layout-constrained\" style=\"border-width:1px;padding-top:var(--wp--preset--spacing--40);padding-right:var(--wp--preset--spacing--40);padding-bottom:var(--wp--preset--spacing--40);padding-left:var(--wp--preset--spacing--40)\">\n<p class=\"has-text-align-center has-medium-font-size\"><strong>Neem voor meer informatie over het kopen van een stacaravan contact met ons op:<\/strong><\/p>\n\n\n\n<div class=\"wp-block-buttons is-content-justification-center is-layout-flex wp-container-core-buttons-is-layout-a89b3969 wp-block-buttons-is-layout-flex\">\n<div class=\"wp-block-button\"><a class=\"wp-block-button__link has-orange-background-color has-background wp-element-button\" href=\"tel:07 88 74 48 18\"><strong>07 88 74 48 18<\/strong><\/a><\/div>\n<\/div>\n<\/div>\n\n\n\n<div style=\"height:30px\" aria-hidden=\"true\" class=\"wp-block-spacer\"><\/div>\n\n\n\n<div class=\"wp-block-media-text is-stacked-on-mobile\"><figure class=\"wp-block-media-text__media\"><img loading=\"lazy\" decoding=\"async\" width=\"700\" height=\"467\" src=\"https:\/\/www.mirabel-renaudiere.com\/wp-content\/uploads\/2023\/04\/devenir-proprietaire-resident.jpg\" alt=\"aankoop stacaravan eigenaars\" class=\"wp-image-6839 size-full\" srcset=\"https:\/\/mirabel-renaudiere.com\/wp-content\/uploads\/2023\/04\/devenir-proprietaire-resident.jpg 700w, https:\/\/mirabel-renaudiere.com\/wp-content\/uploads\/2023\/04\/devenir-proprietaire-resident-300x200.jpg 300w\" sizes=\"auto, (max-width: 700px) 100vw, 700px\" \/><\/figure><div class=\"wp-block-media-text__content\">\n<div style=\"height:5px\" aria-hidden=\"true\" class=\"wp-block-spacer\"><\/div>\n\n\n\n<div class=\"wp-block-group card card-body border border-info h-100 has-turquoise-color has-text-color is-layout-flow wp-block-group-is-layout-flow\">\n<p class=\"has-text-align-center\"><strong>Kies je tweede huis op een camping, <br>betekent meer diensten en minder beperkingen!<\/strong><br> <img decoding=\"async\" class=\"wp-image-2357\" style=\"width: 50px;\" src=\"https:\/\/www.mirabel-renaudiere.com\/wp-content\/uploads\/2022\/01\/barre-orange.png\" alt=\"\"> <\/p>\n\n\n\n<p><strong><span class=\"has-inline-color has-orange-color\">\u2022<\/span><\/strong> 7 maanden per jaar een uitvalsbasis aan zee<\/p>\n\n\n\n<p> <strong><span class=\"has-inline-color has-orange-color\">\u2022<\/span><\/strong> Een klein vakantiehuis kopen met een bescheiden budget (als een tweede huis, je bent thuis)<\/p>\n\n\n\n<p> <strong><span class=\"has-inline-color has-orange-color\">\u2022<\/span><\/strong> Profiteer van de faciliteiten op de camping: zwembaden, sportveld, enz.<\/p>\n\n\n\n<p> <strong><mark style=\"background-color:rgba(0, 0, 0, 0)\" class=\"has-inline-color has-orange-color\">\u2022<\/mark><\/strong> Een vrijetijdsinvestering: verhuur uw stacaravan als u er niet bent<\/p>\n\n\n\n<p> <strong><span class=\"has-inline-color has-orange-color\">\u2022<\/span><\/strong> Geen onroerendgoedbelasting: geen gemeentebelasting of onroerendgoedbelasting, omdat de stacaravan wordt beschouwd als een roerend goed (en geen eigendom).<\/p>\n<\/div>\n<\/div><\/div>\n\n\n\n<div style=\"height:15px\" aria-hidden=\"true\" class=\"wp-block-spacer\"><\/div>\n\n\n\n<div class=\"wp-block-media-text alignwide has-media-on-the-right is-stacked-on-mobile front-page-section grey animate\"><div class=\"wp-block-media-text__content\">\n<h2 class=\"wp-block-heading\" id=\"comment-choisir-son-mobil-home\">Hoe kies je een stacaravan om te kopen?<\/h2>\n\n\n\n<figure class=\"wp-block-image size-full\"><img decoding=\"async\" src=\"https:\/\/www.mirabel-renaudiere.com\/wp-content\/uploads\/2022\/01\/barre-bleue.png\" alt=\"\" class=\"wp-image-2382\"\/><\/figure>\n\n\n\n<p>Stacaravans zijn als <strong>kleine vakantiehuizen die kunnen worden aangepast aan je behoeften<\/strong>. <br>De camping biedt modellen te koop aan met \u00e9\u00e9n, twee of drie slaapkamers, \u00e9\u00e9n of twee badkamers, een halfoverdekt of overdekt terras: het is allemaal mogelijk! Voor kwaliteitsaccommodaties verwijzen we naar talrijke bouwers zoals RAPIDHOME, IRM, O'HARA, NAUTILHOME en RIDEAU! <br>Bij La Renaudi\u00e8re kun je nieuwe of tweedehands stacaravans kopen die verkocht worden op percelen van ongeveer 140m<sup>2<\/sup> 200m afstand<sup>2<\/sup>. <strong>Het juiste model vinden<\/strong>, Als je op zoek bent naar een plek om te overnachten, raden we je aan er een paar te bezoeken, afhankelijk van je smaak en budget. <br>Dan is het eenvoudig: je kiest de stacaravan en de accessoires (terras, afdak, enz.) en wij zorgen voor de rest: bestelling, levering, vastzetten, aansluiten, montage, enz. De stacaravan is van jou en de huur van de staanplaats wordt om de 2 jaar verlengd.<\/p>\n<\/div><figure class=\"wp-block-media-text__media\"><img loading=\"lazy\" decoding=\"async\" width=\"800\" height=\"600\" src=\"https:\/\/www.mirabel-renaudiere.com\/wp-content\/uploads\/2023\/01\/galerie-toscane-873.jpeg\" alt=\"nieuwe stacaravans te koop\" class=\"wp-image-6526 size-full\" srcset=\"https:\/\/mirabel-renaudiere.com\/wp-content\/uploads\/2023\/01\/galerie-toscane-873.jpeg 800w, https:\/\/mirabel-renaudiere.com\/wp-content\/uploads\/2023\/01\/galerie-toscane-873-300x225.jpeg 300w, https:\/\/mirabel-renaudiere.com\/wp-content\/uploads\/2023\/01\/galerie-toscane-873-768x576.jpeg 768w\" sizes=\"auto, (max-width: 800px) 100vw, 800px\" \/><\/figure><\/div>\n\n\n\n<p class=\"has-text-align-center texte-rond has-orange-color has-text-color has-huge-font-size\">  - Advertenties -  <\/p>\n\n\n\n<div class=\"wp-block-columns alignwide is-layout-flex wp-container-core-columns-is-layout-28f84493 wp-block-columns-is-layout-flex\">\n<div class=\"wp-block-column mt-2 mb-2 ml-md-5 mr-md-5 ml-0 mr-0 is-layout-flow wp-block-column-is-layout-flow\">\n<div class=\"wp-block-group card h-100 is-layout-flow wp-block-group-is-layout-flow\">\n<figure class=\"wp-block-image size-full card-img-top\"><a href=\"https:\/\/mirabel-renaudiere.com\/nl\/stacaravans-te-koop\/#neuf\"><img loading=\"lazy\" decoding=\"async\" width=\"800\" height=\"452\" src=\"https:\/\/www.mirabel-renaudiere.com\/wp-content\/uploads\/2022\/01\/Mobil-home-Confort-Plus-1-chambre-lit-dappoint-2.jpg\" alt=\"nieuwe stacaravan\" class=\"wp-image-2887\" srcset=\"https:\/\/mirabel-renaudiere.com\/wp-content\/uploads\/2022\/01\/Mobil-home-Confort-Plus-1-chambre-lit-dappoint-2.jpg 800w, https:\/\/mirabel-renaudiere.com\/wp-content\/uploads\/2022\/01\/Mobil-home-Confort-Plus-1-chambre-lit-dappoint-2-300x170.jpg 300w, https:\/\/mirabel-renaudiere.com\/wp-content\/uploads\/2022\/01\/Mobil-home-Confort-Plus-1-chambre-lit-dappoint-2-768x434.jpg 768w\" sizes=\"auto, (max-width: 800px) 100vw, 800px\" \/><\/a><\/figure>\n\n\n\n<p class=\"has-text-align-center card-title has-orange-color has-text-color\" style=\"font-size:24px\"><strong>Nieuwe stacaravans<\/strong><\/p>\n\n\n\n<div class=\"wp-block-buttons is-horizontal is-content-justification-center is-layout-flex wp-container-core-buttons-is-layout-03627597 wp-block-buttons-is-layout-flex\">\n<div class=\"wp-block-button\"><a class=\"wp-block-button__link has-white-color has-orange-background-color has-text-color has-background wp-element-button\" href=\"https:\/\/mirabel-renaudiere.com\/nl\/stacaravans-te-koop\/#neuf\" style=\"border-radius:30px\">Lees meer<\/a><\/div>\n<\/div>\n\n\n\n<div style=\"height:10px\" aria-hidden=\"true\" class=\"wp-block-spacer\"><\/div>\n<\/div>\n<\/div>\n\n\n\n<div class=\"wp-block-column mt-2 mb-2 ml-5 mr-md-5 mr-0 is-layout-flow wp-block-column-is-layout-flow\">\n<div class=\"wp-block-group card h-100 is-layout-flow wp-block-group-is-layout-flow\">\n<figure class=\"wp-block-image size-full card-img-top\"><a href=\"https:\/\/mirabel-renaudiere.com\/nl\/stacaravans-te-koop\/#occasion\" target=\"_blank\" rel=\"noreferrer noopener\"><img loading=\"lazy\" decoding=\"async\" width=\"800\" height=\"452\" src=\"https:\/\/www.mirabel-renaudiere.com\/wp-content\/uploads\/2023\/04\/encart-vente-mobil-home-occasion.jpg\" alt=\"nieuwe stacaravans te koop in la plaine sur mer\" class=\"wp-image-8616\" srcset=\"https:\/\/mirabel-renaudiere.com\/wp-content\/uploads\/2023\/04\/encart-vente-mobil-home-occasion.jpg 800w, https:\/\/mirabel-renaudiere.com\/wp-content\/uploads\/2023\/04\/encart-vente-mobil-home-occasion-300x170.jpg 300w, https:\/\/mirabel-renaudiere.com\/wp-content\/uploads\/2023\/04\/encart-vente-mobil-home-occasion-768x434.jpg 768w\" sizes=\"auto, (max-width: 800px) 100vw, 800px\" \/><\/a><\/figure>\n\n\n\n<p class=\"has-text-align-center card-title has-orange-color has-text-color\" style=\"font-size:24px\"><strong>Tweedehands stacaravans<\/strong><\/p>\n\n\n\n<div class=\"wp-block-buttons is-horizontal is-content-justification-center is-layout-flex wp-container-core-buttons-is-layout-03627597 wp-block-buttons-is-layout-flex\">\n<div class=\"wp-block-button\"><a class=\"wp-block-button__link has-white-color has-orange-background-color has-text-color has-background wp-element-button\" href=\"https:\/\/mirabel-renaudiere.com\/nl\/stacaravans-te-koop\/#occasion\" style=\"border-radius:50px\">Lees meer<\/a><\/div>\n<\/div>\n\n\n\n<div style=\"height:10px\" aria-hidden=\"true\" class=\"wp-block-spacer\"><\/div>\n<\/div>\n<\/div>\n<\/div>\n\n\n\n<div class=\"wp-block-cover alignfull is-light has-parallax h-50\"><span aria-hidden=\"true\" class=\"wp-block-cover__background has-orange-background-color has-background-dim-80 has-background-dim\"><\/span><div role=\"img\" class=\"wp-block-cover__image-background wp-image-2862 has-parallax\" style=\"background-position:50% 50%;background-image:url(https:\/\/www.mirabel-renaudiere.com\/wp-content\/uploads\/2022\/01\/HEADER-page-Mobil-home.jpg)\"><\/div><div class=\"wp-block-cover__inner-container is-layout-flow wp-block-cover-is-layout-flow\">\n<p class=\"has-text-align-center has-white-color has-text-color has-medium-font-size\"><strong> Ma\u00ebliss neemt je mee op ontdekkingstocht over de camping en het expositiedorp.<br>Aan jou om de ideale locatie te kiezen voor je toekomstige stacaravan! <\/strong><\/p>\n\n\n\n<div class=\"wp-block-buttons is-horizontal is-content-justification-center is-layout-flex wp-container-core-buttons-is-layout-03627597 wp-block-buttons-is-layout-flex\">\n<div class=\"wp-block-button has-custom-font-size aligncenter has-medium-font-size\"><a class=\"wp-block-button__link has-orange-color has-white-background-color has-text-color has-background wp-element-button\"><i class=\"fa fa-phone-alt\"><\/i> 02 40 51 50 03<\/a><\/div>\n<\/div>\n\n\n\n<div style=\"height:53px\" aria-hidden=\"true\" class=\"wp-block-spacer\"><\/div>\n\n\n\n<p class=\"has-text-align-center has-white-color has-text-color has-medium-font-size\"><strong>Delphine kan je helpen met de aankoop van je nieuwe stacaravan. Maak nu een afspraak.<\/strong><\/p>\n\n\n\n<div class=\"wp-block-buttons is-layout-flex wp-block-buttons-is-layout-flex\">\n<div class=\"wp-block-button has-custom-font-size aligncenter has-medium-font-size\"><a class=\"wp-block-button__link has-orange-color has-white-background-color has-text-color has-background wp-element-button\"><i class=\"fa fa-phone-alt\"> <\/i> 07 88 74 48 18<\/a><\/div>\n<\/div>\n\n\n\n<div style=\"height:63px\" aria-hidden=\"true\" class=\"wp-block-spacer\"><\/div>\n\n\n\n<p class=\"has-text-align-center texte-rond has-white-color has-text-color has-huge-font-size\">Neem vandaag nog contact met ons op om je project te bespreken en je droom waar te maken!<\/p>\n\n\n\n<div style=\"height:20px\" aria-hidden=\"true\" class=\"wp-block-spacer\"><\/div>\n<\/div><\/div>\n\n\n\n<div style=\"height:60px\" aria-hidden=\"true\" class=\"wp-block-spacer\"><\/div>\n\n\n\n<div class=\"wp-block-media-text is-stacked-on-mobile is-vertically-aligned-center\"><figure class=\"wp-block-media-text__media\"><img loading=\"lazy\" decoding=\"async\" width=\"1024\" height=\"683\" src=\"https:\/\/mirabel-renaudiere.com\/wp-content\/uploads\/2023\/09\/sentier_douaniers_prefailles.jpg\" alt=\"\" class=\"wp-image-9555 size-full\"\/><\/figure><div class=\"wp-block-media-text__content\">\n<h2 class=\"wp-block-heading\" id=\"partir-en-vacances-toute-l-annee-a-la-plaine-sur-mer-a-quelques-kilometres-de-pornic\">Het hele jaar door vakantie in La Plaine-sur-Mer, op een paar kilometer van Pornic<\/h2>\n\n\n\n<figure class=\"wp-block-image size-full\"><img decoding=\"async\" src=\"https:\/\/www.mirabel-renaudiere.com\/wp-content\/uploads\/2022\/01\/barre-bleue.png\" alt=\"\" class=\"wp-image-2382\"\/><\/figure>\n\n\n\n<figure class=\"wp-block-image alignleft size-full is-resized\"><img loading=\"lazy\" decoding=\"async\" width=\"320\" height=\"228\" src=\"https:\/\/www.mirabel-renaudiere.com\/wp-content\/uploads\/2022\/01\/tong.png\" alt=\"op vakantie gaan\" class=\"wp-image-2087\" style=\"width:80px;height:57px\" srcset=\"https:\/\/mirabel-renaudiere.com\/wp-content\/uploads\/2022\/01\/tong.png 320w, https:\/\/mirabel-renaudiere.com\/wp-content\/uploads\/2022\/01\/tong-300x214.png 300w\" sizes=\"auto, (max-width: 320px) 100vw, 320px\" \/><\/figure>\n\n\n\n<p>In het weekend, doordeweeks, met z'n twee\u00ebn, met vrienden of met de kinderen, wanneer je maar zin hebt, ga dan naar <strong>je huis aan zee.<\/strong><\/p>\n\n\n\n<p>Elk seizoen heeft zijn eigen charme, dus kom en ontdek de verschillende aspecten van de regio.<br>De lente is de perfecte tijd om <strong>wandelroutes<\/strong> langs de kust.<br>In de zomer kun je genieten van <strong><a href=\"https:\/\/mirabel-renaudiere.com\/nl\/activiteiten-evenementen-avonden\/\" target=\"_blank\" rel=\"noreferrer noopener\">drukkere dagen<\/a><\/strong> aangeboden door de badplaats of camping.<br>Kom in de herfst de kracht van de Atlantische golven bewonderen en ontmoet aan het eind van de dag je vrienden en familie. <strong>het comfort van je stacaravan.<\/strong><\/p>\n\n\n\n<p>Voor periodes waarin uw stacaravan niet bewoond is, <strong>je kunt het huren <\/strong>om je jaarlijkse huur te verlagen. Aarzel niet om de camping te vragen naar de voorwaarden voor het verhuren van je vakantiehuis.<\/p>\n\n\n\n<p><\/p>\n\n\n\n<p><\/p>\n<\/div><\/div>\n\n\n\n<div style=\"height:60px\" aria-hidden=\"true\" class=\"wp-block-spacer\"><\/div>","protected":false},"excerpt":{"rendered":"<p>Votre r\u00e9sidence secondaire \u00e0 deux pas de Pornic Pour plus de renseignements sur l&rsquo;achat d&rsquo;un mobil home, contactez-nous : \u2014 [&hellip;]<\/p>\n","protected":false},"author":1,"featured_media":0,"parent":0,"menu_order":0,"comment_status":"closed","ping_status":"closed","template":"","meta":{"_seopress_robots_primary_cat":"","_seopress_titles_title":"Locations de parcelles \u00e0 l\u2019ann\u00e9e (44) Pornic","_seopress_titles_desc":"Locations de parcelles \u00e0 l\u2019ann\u00e9e au camping La Renaudi\u00e8re  pour l&#039;achat de votre r\u00e9sidence secondaire pr\u00e8s de Pornic en Loire-Atlantique.","_seopress_robots_index":"","footnotes":""},"class_list":["post-63","page","type-page","status-publish","hentry"],"_links":{"self":[{"href":"https:\/\/mirabel-renaudiere.com\/nl\/wp-json\/wp\/v2\/pages\/63","targetHints":{"allow":["GET"]}}],"collection":[{"href":"https:\/\/mirabel-renaudiere.com\/nl\/wp-json\/wp\/v2\/pages"}],"about":[{"href":"https:\/\/mirabel-renaudiere.com\/nl\/wp-json\/wp\/v2\/types\/page"}],"author":[{"embeddable":true,"href":"https:\/\/mirabel-renaudiere.com\/nl\/wp-json\/wp\/v2\/users\/1"}],"replies":[{"embeddable":true,"href":"https:\/\/mirabel-renaudiere.com\/nl\/wp-json\/wp\/v2\/comments?post=63"}],"version-history":[{"count":263,"href":"https:\/\/mirabel-renaudiere.com\/nl\/wp-json\/wp\/v2\/pages\/63\/revisions"}],"predecessor-version":[{"id":10514,"href":"https:\/\/mirabel-renaudiere.com\/nl\/wp-json\/wp\/v2\/pages\/63\/revisions\/10514"}],"wp:attachment":[{"href":"https:\/\/mirabel-renaudiere.com\/nl\/wp-json\/wp\/v2\/media?parent=63"}],"curies":[{"name":"wp","href":"https:\/\/api.w.org\/{rel}","templated":true}]}}