{"id":6584,"date":"2023-01-19T14:28:58","date_gmt":"2023-01-19T13:28:58","guid":{"rendered":"https:\/\/www.campinglarenaudiere.com\/?page_id=6584"},"modified":"2024-04-08T09:14:41","modified_gmt":"2024-04-08T07:14:41","slug":"redactie","status":"publish","type":"page","link":"https:\/\/mirabel-renaudiere.com\/nl\/editorial","title":{"rendered":"Redactie"},"content":{"rendered":"\n<h1 class=\"wp-block-heading\">Editorial<\/h1>\n\n\n\n\t\t\r\n\t\t<div class=\"editos\">\r\n\t\t\t\r\n\t\t\t\t\r\n\t\t\t\t\t\r\n\t\t\t<article>\r\n\t\t\t\t<h2><a href=\"https:\/\/mirabel-renaudiere.com\/nl\/editorial\/camping-avec-piscine-paques-a-pornic\">Vacances de P\u00e2ques pr\u00e8s de Pornic en Bretagne Sud<\/a><\/h2>\r\n\t\t\t\t<div class=\"content\"><p>Vivez des vacances de P\u00e2ques en bord de mer pr\u00e8s de Pornic ! Avec l\u2019arriv\u00e9e du printemps, quoi de mieux [&hellip;]<\/p>\n<\/div>\r\n\t\t\t\t<p class=\"text-right\"><a href=\"https:\/\/mirabel-renaudiere.com\/nl\/editorial\/camping-avec-piscine-paques-a-pornic\">Lees meer...<\/a><\/p>\r\n\t\t\t<\/article>\r\n\r\n\t\t\t\t\t\r\n\t\t\t<article>\r\n\t\t\t\t<h2><a href=\"https:\/\/mirabel-renaudiere.com\/nl\/editorial\/camping-avec-toboggan-la-plaine-sur-mer\">Camping avec toboggan \u00e0 La Plaine sur Mer<\/a><\/h2>\r\n\t\t\t\t<div class=\"content\"><p>Camping avec toboggan \u00e0 La Plaine sur Mer Vous \u00eates en qu\u00eate d\u2019un camping \u00e0 La Plaine sur Mer ? [&hellip;]<\/p>\n<\/div>\r\n\t\t\t\t<p class=\"text-right\"><a href=\"https:\/\/mirabel-renaudiere.com\/nl\/editorial\/camping-avec-toboggan-la-plaine-sur-mer\">Lees meer...<\/a><\/p>\r\n\t\t\t<\/article>\r\n\r\n\t\t\t\t\t\r\n\t\t\t<article>\r\n\t\t\t\t<h2><a href=\"https:\/\/mirabel-renaudiere.com\/nl\/editorial\/emplacement-camping-car-proche-pornic\">Emplacement de camping-car proche de Pornic<\/a><\/h2>\r\n\t\t\t\t<div class=\"content\"><p>Emplacement de camping-car proche de Pornic Pornic et sa douceur de vivre, une fois que vous y aurez go\u00fbt\u00e9, vous [&hellip;]<\/p>\n<\/div>\r\n\t\t\t\t<p class=\"text-right\"><a href=\"https:\/\/mirabel-renaudiere.com\/nl\/editorial\/emplacement-camping-car-proche-pornic\">Lees meer...<\/a><\/p>\r\n\t\t\t<\/article>\r\n\r\n\t\t\t\t\t\r\n\t\t\t<article>\r\n\t\t\t\t<h2><a href=\"https:\/\/mirabel-renaudiere.com\/nl\/editorial\/camping-pas-cher-proche-prefailles\">Camping pas cher proche Pr\u00e9failles<\/a><\/h2>\r\n\t\t\t\t<div class=\"content\"><p>Camping pas cher proche Pr\u00e9failles Vous \u00eates en qu\u00eate d\u2019un camping pas cher proche de Pr\u00e9failles ? Vous ne pouviez [&hellip;]<\/p>\n<\/div>\r\n\t\t\t\t<p class=\"text-right\"><a href=\"https:\/\/mirabel-renaudiere.com\/nl\/editorial\/camping-pas-cher-proche-prefailles\">Lees meer...<\/a><\/p>\r\n\t\t\t<\/article>\r\n\r\n\t\t\t\t\t\r\n\t\t\t<article>\r\n\t\t\t\t<h2><a href=\"https:\/\/mirabel-renaudiere.com\/nl\/editorial\/meilleur-camping-la-plaine-sur-mer\">Meilleur camping La Plaine sur Mer<\/a><\/h2>\r\n\t\t\t\t<div class=\"content\"><p>Meilleur camping La Plaine sur Mer Nous vous souhaitons la bienvenue sur le site Internet du meilleur camping de La [&hellip;]<\/p>\n<\/div>\r\n\t\t\t\t<p class=\"text-right\"><a href=\"https:\/\/mirabel-renaudiere.com\/nl\/editorial\/meilleur-camping-la-plaine-sur-mer\">Lees meer...<\/a><\/p>\r\n\t\t\t<\/article>\r\n\r\n\t\t\t\t\t\r\n\t\t\t<article>\r\n\t\t\t\t<h2><a href=\"https:\/\/mirabel-renaudiere.com\/nl\/editorial\/camping-familial-prefailles\">Camping familial proche Pr\u00e9failles<\/a><\/h2>\r\n\t\t\t\t<div class=\"content\"><p>Camping familial proche Pr\u00e9failles Si vous aspirez \u00e0 vivre un s\u00e9jour au grand air, \u00e0 vous enivrer des parfums iod\u00e9s [&hellip;]<\/p>\n<\/div>\r\n\t\t\t\t<p class=\"text-right\"><a href=\"https:\/\/mirabel-renaudiere.com\/nl\/editorial\/camping-familial-prefailles\">Lees meer...<\/a><\/p>\r\n\t\t\t<\/article>\r\n\r\n\t\t\t\t\t\r\n\t\t\t<article>\r\n\t\t\t\t<h2><a href=\"https:\/\/mirabel-renaudiere.com\/nl\/editorial\/camping-avec-piscine-couverte-et-proche-de-pornic\">Camping avec piscine couverte et proche de Pornic<\/a><\/h2>\r\n\t\t\t\t<div class=\"content\"><p>Camping avec piscine couverte et proche de Pornic \u00c0 la recherche de l&rsquo;escapade parfaite, proche de Pornic ? Ne cherchez [&hellip;]<\/p>\n<\/div>\r\n\t\t\t\t<p class=\"text-right\"><a href=\"https:\/\/mirabel-renaudiere.com\/nl\/editorial\/camping-avec-piscine-couverte-et-proche-de-pornic\">Lees meer...<\/a><\/p>\r\n\t\t\t<\/article>\r\n\r\n\t\t\t\t\t\r\n\t\t\t<article>\r\n\t\t\t\t<h2><a href=\"https:\/\/mirabel-renaudiere.com\/nl\/editorial\/camping-avec-animations-la-plaine-sur-mer\">Camping avec animations La Plaine sur Mer\u00a0<\/a><\/h2>\r\n\t\t\t\t<div class=\"content\"><p>Camping avec animations La Plaine sur Mer\u00a0 Que diriez-vous de convoler cet \u00e9t\u00e9 jusqu\u2019\u00e0 la Plaine sur Mer dans un [&hellip;]<\/p>\n<\/div>\r\n\t\t\t\t<p class=\"text-right\"><a href=\"https:\/\/mirabel-renaudiere.com\/nl\/editorial\/camping-avec-animations-la-plaine-sur-mer\">Lees meer...<\/a><\/p>\r\n\t\t\t<\/article>\r\n\r\n\t\t\t\t\t\r\n\t\t\t<article>\r\n\t\t\t\t<h2><a href=\"https:\/\/mirabel-renaudiere.com\/nl\/editorial\/camping-avec-club-enfants-pointe-de-gildas\">Camping avec club enfants Pointe de Gildas<\/a><\/h2>\r\n\t\t\t\t<div class=\"content\"><p>Optez pour un camping avec club enfants proche de la Pointe de Gildas Le camping 4 \u00e9toiles La Renaudi\u00e8re proche [&hellip;]<\/p>\n<\/div>\r\n\t\t\t\t<p class=\"text-right\"><a href=\"https:\/\/mirabel-renaudiere.com\/nl\/editorial\/camping-avec-club-enfants-pointe-de-gildas\">Lees meer...<\/a><\/p>\r\n\t\t\t<\/article>\r\n\r\n\t\t\t\t\t\r\n\t\t\t<article>\r\n\t\t\t\t<h2><a href=\"https:\/\/mirabel-renaudiere.com\/nl\/editorial\/meilleur-camping-4-etoiles-proche-pornic\">Meilleur camping 4 \u00e9toiles proche de Pornic<\/a><\/h2>\r\n\t\t\t\t<div class=\"content\"><p>Meilleur camping 4 \u00e9toiles proche de Pornic Comment choisir le camping qui si\u00e9ra parfaitement \u00e0 nos besoins, qui sera en [&hellip;]<\/p>\n<\/div>\r\n\t\t\t\t<p class=\"text-right\"><a href=\"https:\/\/mirabel-renaudiere.com\/nl\/editorial\/meilleur-camping-4-etoiles-proche-pornic\">Lees meer...<\/a><\/p>\r\n\t\t\t<\/article>\r\n\r\n\t\t\t\t\t\r\n\t\t\t<article>\r\n\t\t\t\t<h2><a href=\"https:\/\/mirabel-renaudiere.com\/nl\/editorial\/location-mobil-home-proche-prefailles\">Location mobil home proche Pr\u00e9failles<\/a><\/h2>\r\n\t\t\t\t<div class=\"content\"><p>Location de mobil home proche de Pr\u00e9failles La Renaudi\u00e8re, votre camping 4 \u00e9toiles situ\u00e9 pr\u00e8s de la ville de Pr\u00e9failles [&hellip;]<\/p>\n<\/div>\r\n\t\t\t\t<p class=\"text-right\"><a href=\"https:\/\/mirabel-renaudiere.com\/nl\/editorial\/location-mobil-home-proche-prefailles\">Lees meer...<\/a><\/p>\r\n\t\t\t<\/article>\r\n\r\n\t\t\t\t\t\r\n\t\t\t<article>\r\n\t\t\t\t<h2><a href=\"https:\/\/mirabel-renaudiere.com\/nl\/editorial\/camping-proche-plage-proche-prefailles\">Camping proche plage proche Pr\u00e9failles<\/a><\/h2>\r\n\t\t\t\t<div class=\"content\"><p>Camping proche plage proche Pr\u00e9failles Pr\u00e9failles est une commune situ\u00e9e dans l\u2019Ouest de la France. Les pr\u00e9faillais et pr\u00e9faillaises pourront [&hellip;]<\/p>\n<\/div>\r\n\t\t\t\t<p class=\"text-right\"><a href=\"https:\/\/mirabel-renaudiere.com\/nl\/editorial\/camping-proche-plage-proche-prefailles\">Lees meer...<\/a><\/p>\r\n\t\t\t<\/article>\r\n\r\n\t\t\t\t\t\r\n\t\t\t<article>\r\n\t\t\t\t<h2><a href=\"https:\/\/mirabel-renaudiere.com\/nl\/editorial\/camping-familial-proche-pornic\">Camping familial proche Pornic<\/a><\/h2>\r\n\t\t\t\t<div class=\"content\"><p>Camping familial proche Pornic Vous \u00eates \u00e0 la recherche d&rsquo;un camping familial proche de Pornic pour des vacances inoubliables en [&hellip;]<\/p>\n<\/div>\r\n\t\t\t\t<p class=\"text-right\"><a href=\"https:\/\/mirabel-renaudiere.com\/nl\/editorial\/camping-familial-proche-pornic\">Lees meer...<\/a><\/p>\r\n\t\t\t<\/article>\r\n\r\n\t\t\t\t\t\r\n\t\t\t<article>\r\n\t\t\t\t<h2><a href=\"https:\/\/mirabel-renaudiere.com\/nl\/editorial\/camping-bord-de-mer-pornic\">Camping en bord de mer pr\u00e8s de Pornic<\/a><\/h2>\r\n\t\t\t\t<div class=\"content\"><p>Camping en bord de mer pr\u00e8s de Pornic Bienvenue l\u00e0 o\u00f9 il fait bon vivre, l\u00e0 o\u00f9 les rires des [&hellip;]<\/p>\n<\/div>\r\n\t\t\t\t<p class=\"text-right\"><a href=\"https:\/\/mirabel-renaudiere.com\/nl\/editorial\/camping-bord-de-mer-pornic\">Lees meer...<\/a><\/p>\r\n\t\t\t<\/article>\r\n\r\n\t\t\t\t\t\r\n\t\t\t<article>\r\n\t\t\t\t<h2><a href=\"https:\/\/mirabel-renaudiere.com\/nl\/editorial\/camping-piscine-la-plaine-sur-mer\">Camping avec piscine \u00e0 La Plaine sur Mer<\/a><\/h2>\r\n\t\t\t\t<div class=\"content\"><p>Camping avec piscine \u00e0 La Plaine sur Mer La c\u00f4te Atlantique vous attire mais vous ne savez pas o\u00f9 chercher [&hellip;]<\/p>\n<\/div>\r\n\t\t\t\t<p class=\"text-right\"><a href=\"https:\/\/mirabel-renaudiere.com\/nl\/editorial\/camping-piscine-la-plaine-sur-mer\">Lees meer...<\/a><\/p>\r\n\t\t\t<\/article>\r\n\r\n\t\t\t\t\t\r\n\t\t\t<article>\r\n\t\t\t\t<h2><a href=\"https:\/\/mirabel-renaudiere.com\/nl\/editorial\/achat-mobil-home-la-plaine-sur-mer\">Achat mobil-home La Plaine sur Mer<\/a><\/h2>\r\n\t\t\t\t<div class=\"content\"><p>Achat mobil-home La Plaine sur Mer Que diriez-vous de pouvoir partir en week-end n\u2019importe quand ? C\u2019est tout \u00e0 fait [&hellip;]<\/p>\n<\/div>\r\n\t\t\t\t<p class=\"text-right\"><a href=\"https:\/\/mirabel-renaudiere.com\/nl\/editorial\/achat-mobil-home-la-plaine-sur-mer\">Lees meer...<\/a><\/p>\r\n\t\t\t<\/article>\r\n\r\n\t\t\t\t\t\r\n\t\t\t<article>\r\n\t\t\t\t<h2><a href=\"https:\/\/mirabel-renaudiere.com\/nl\/editorial\/bon-plan-camping-pornic\">Bon plan camping Pornic<\/a><\/h2>\r\n\t\t\t\t<div class=\"content\"><p>Bon plan camping Pornic Vous souhaitez s\u00e9journer \u00e0 Pornic ou ses alentours ? Alors ne manquez pas les bons plans [&hellip;]<\/p>\n<\/div>\r\n\t\t\t\t<p class=\"text-right\"><a href=\"https:\/\/mirabel-renaudiere.com\/nl\/editorial\/bon-plan-camping-pornic\">Lees meer...<\/a><\/p>\r\n\t\t\t<\/article>\r\n\r\n\t\t\t\t\t\r\n\t\t\t<article>\r\n\t\t\t\t<h2><a href=\"https:\/\/mirabel-renaudiere.com\/nl\/editorial\/camping-la-plaine-sur-mer\">Camping la Plaine sur Mer<\/a><\/h2>\r\n\t\t\t\t<div class=\"content\"><p>Camping la Plaine sur Mer Si vous avez atterri sur cette page, c\u2019est s\u00fbrement parce que vous \u00eates en qu\u00eate [&hellip;]<\/p>\n<\/div>\r\n\t\t\t\t<p class=\"text-right\"><a href=\"https:\/\/mirabel-renaudiere.com\/nl\/editorial\/camping-la-plaine-sur-mer\">Lees meer...<\/a><\/p>\r\n\t\t\t<\/article>\r\n\r\n\t\t\t\t\t\r\n\t\t\t<article>\r\n\t\t\t\t<h2><a href=\"https:\/\/mirabel-renaudiere.com\/nl\/editorial\/camping-peche-a-pied-loire-atlantique\">Camping p\u00eache \u00e0 pied Loire-Atlantique<\/a><\/h2>\r\n\t\t\t\t<div class=\"content\"><p>Camping p\u00eache \u00e0 pied Loire-Atlantique Pour vous adonner \u00e0 votre activit\u00e9 favorite, la p\u00eache \u00e0 pied, rendez-vous au camping La [&hellip;]<\/p>\n<\/div>\r\n\t\t\t\t<p class=\"text-right\"><a href=\"https:\/\/mirabel-renaudiere.com\/nl\/editorial\/camping-peche-a-pied-loire-atlantique\">Lees meer...<\/a><\/p>\r\n\t\t\t<\/article>\r\n\r\n\t\t\t\t\t\r\n\t\t\t<article>\r\n\t\t\t\t<h2><a href=\"https:\/\/mirabel-renaudiere.com\/nl\/editorial\/camping-proche-pistes-cyclables-pornic\">Camping proche pistes cyclables Pornic<\/a><\/h2>\r\n\t\t\t\t<div class=\"content\"><p>Camping proche pistes cyclables Pornic Le camping proche des pistes cyclables et de Pornic La Renaudi\u00e8re est un lieu id\u00e9al [&hellip;]<\/p>\n<\/div>\r\n\t\t\t\t<p class=\"text-right\"><a href=\"https:\/\/mirabel-renaudiere.com\/nl\/editorial\/camping-proche-pistes-cyclables-pornic\">Lees meer...<\/a><\/p>\r\n\t\t\t<\/article>\r\n\r\n\t\t\t\t\t\r\n\t\t\t<article>\r\n\t\t\t\t<h2><a href=\"https:\/\/mirabel-renaudiere.com\/nl\/editorial\/liste-camping-4-etoiles-pornic\">Liste de camping 4 \u00e9toiles \u00e0 Pornic<\/a><\/h2>\r\n\t\t\t\t<div class=\"content\"><p>Liste de camping 4 \u00e9toiles \u00e0 Pornic Vous souhaitez passer vos vacances pr\u00e8s de la charmante petite station baln\u00e9aire de [&hellip;]<\/p>\n<\/div>\r\n\t\t\t\t<p class=\"text-right\"><a href=\"https:\/\/mirabel-renaudiere.com\/nl\/editorial\/liste-camping-4-etoiles-pornic\">Lees meer...<\/a><\/p>\r\n\t\t\t<\/article>\r\n\r\n\t\t\r\n\t\t\t\t\t\r\n\t\t\t\t\r\n\t\t\t\t\t\t\r\n\t\t<\/div>\r\n\r\n\t\t\n","protected":false},"excerpt":{"rendered":"<p>Redactie<\/p>","protected":false},"author":1,"featured_media":0,"parent":0,"menu_order":0,"comment_status":"closed","ping_status":"closed","template":"","meta":{"_seopress_robots_primary_cat":"","_seopress_titles_title":"Editorial - Blog du camping La Renaudi\u00e8re pr\u00e8s de Pornic","_seopress_titles_desc":"D\u00e9couvrez le blog du camping La Renaudi\u00e8re situ\u00e9 pr\u00e8s de Pornic. Camping avec espace aquatique, restaurants et animations.","_seopress_robots_index":"","footnotes":""},"class_list":["post-6584","page","type-page","status-publish","hentry"],"_links":{"self":[{"href":"https:\/\/mirabel-renaudiere.com\/nl\/wp-json\/wp\/v2\/pages\/6584","targetHints":{"allow":["GET"]}}],"collection":[{"href":"https:\/\/mirabel-renaudiere.com\/nl\/wp-json\/wp\/v2\/pages"}],"about":[{"href":"https:\/\/mirabel-renaudiere.com\/nl\/wp-json\/wp\/v2\/types\/page"}],"author":[{"embeddable":true,"href":"https:\/\/mirabel-renaudiere.com\/nl\/wp-json\/wp\/v2\/users\/1"}],"replies":[{"embeddable":true,"href":"https:\/\/mirabel-renaudiere.com\/nl\/wp-json\/wp\/v2\/comments?post=6584"}],"version-history":[{"count":3,"href":"https:\/\/mirabel-renaudiere.com\/nl\/wp-json\/wp\/v2\/pages\/6584\/revisions"}],"predecessor-version":[{"id":11097,"href":"https:\/\/mirabel-renaudiere.com\/nl\/wp-json\/wp\/v2\/pages\/6584\/revisions\/11097"}],"wp:attachment":[{"href":"https:\/\/mirabel-renaudiere.com\/nl\/wp-json\/wp\/v2\/media?parent=6584"}],"curies":[{"name":"wp","href":"https:\/\/api.w.org\/{rel}","templated":true}]}}