{"id":69,"date":"2021-12-10T14:25:41","date_gmt":"2021-12-10T13:25:41","guid":{"rendered":"https:\/\/www.campinglarenaudiere.com\/?page_id=69"},"modified":"2026-03-04T12:29:54","modified_gmt":"2026-03-04T11:29:54","slug":"laplainesurmer-stranden-regio","status":"publish","type":"page","link":"https:\/\/mirabel-renaudiere.com\/nl\/region-plages-laplainesurmer","title":{"rendered":"Plaine-sur-Mer"},"content":{"rendered":"<h1 class=\"wp-block-heading\">La Plaine-sur-Mer: het kleine dorp van Camping Mirabel La Renaudi\u00e8re<\/h1>\n\n\n\n<div class=\"wp-block-media-text alignwide is-stacked-on-mobile is-vertically-aligned-center is-style-default\"><figure class=\"wp-block-media-text__media\"><img loading=\"lazy\" decoding=\"async\" width=\"1024\" height=\"683\" src=\"https:\/\/mirabel-renaudiere.com\/wp-content\/uploads\/2023\/09\/pecheur-huitre-pornic-1024x683-2.jpg\" alt=\"goedkope camping bij de stranden van 44\" class=\"wp-image-9563 size-full\" srcset=\"https:\/\/mirabel-renaudiere.com\/wp-content\/uploads\/2023\/09\/pecheur-huitre-pornic-1024x683-2.jpg 1024w, https:\/\/mirabel-renaudiere.com\/wp-content\/uploads\/2023\/09\/pecheur-huitre-pornic-1024x683-2-300x200.jpg 300w, https:\/\/mirabel-renaudiere.com\/wp-content\/uploads\/2023\/09\/pecheur-huitre-pornic-1024x683-2-768x512.jpg 768w\" sizes=\"auto, (max-width: 1024px) 100vw, 1024px\" \/><\/figure><div class=\"wp-block-media-text__content\">\n<h2 class=\"wp-block-heading\">Ontdek La Plaine-sur-Mer en de omgeving<\/h2>\n\n\n\n<figure class=\"wp-block-image size-full\"><img decoding=\"async\" src=\"https:\/\/www.mirabel-renaudiere.com\/wp-content\/uploads\/2022\/01\/barre-bleue.png\" alt=\"\" class=\"wp-image-2382\"\/><\/figure>\n\n\n\n<p>Dit kleine stadje van 4000 inwoners ligt aan de kust van Jade en geniet van een bevoorrechte locatie. <strong>tussen Pornic en Pointe-Saint-Gildas<\/strong>. Met 6 stranden die zich uitstrekken langs 7 km kustlijn,\u00a0<strong>la Plaine-sur-Mer<\/strong> is een populaire bestemming voor vissers. Te voet of op palen (deze \u00ab\u00a0<strong>visserij<\/strong>\u00a0\u00bbJe kunt ook vissen op schaaldieren zoals de beroemde Bouchot mosselen en andere schelpdieren!<\/p>\n\n\n\n<p><a href=\"https:\/\/mirabel-renaudiere.com\/nl\/camping-aan-zee-bij-pornic\/\" data-type=\"page\" data-id=\"12169\">De omliggende stranden<\/a><\/p>\n\n\n\n<figure class=\"wp-block-image aligncenter size-full is-resized\"><img loading=\"lazy\" decoding=\"async\" width=\"490\" height=\"84\" src=\"https:\/\/www.mirabel-renaudiere.com\/wp-content\/uploads\/2022\/01\/Vagues.png\" alt=\"golven aan zee\" class=\"wp-image-1794\" style=\"width:245px;height:42px\" srcset=\"https:\/\/mirabel-renaudiere.com\/wp-content\/uploads\/2022\/01\/Vagues.png 490w, https:\/\/mirabel-renaudiere.com\/wp-content\/uploads\/2022\/01\/Vagues-300x51.png 300w\" sizes=\"auto, (max-width: 490px) 100vw, 490px\" \/><\/figure>\n\n\n\n<p>Voor liefhebbers van wandelen zijn er veel <strong>Wandeltochten<\/strong> om te doen in La Plaine-sur-Mer. Ontdek de geschiedenis, het erfgoed, de flora en fauna! Sluit je dag af in een van de vele restaurants met uitzicht op zee. Bewonder daar de zonsondergang die op het water wordt weerspiegeld voordat je terugkeert naar je hotel. <strong><a href=\"https:\/\/mirabel-renaudiere.com\/nl\/huurprijzen-stacaravans\/\" data-type=\"page\" data-id=\"56\">je stacaravan<\/a> of onder <a href=\"https:\/\/mirabel-renaudiere.com\/nl\/tarieven-voor-caravantenten\/\" data-type=\"page\" data-id=\"60\">je tent<\/a> voor een goede nachtrust op de camping.<\/strong><\/p>\n<\/div><\/div>\n\n\n\n<div style=\"height:16px\" aria-hidden=\"true\" class=\"wp-block-spacer\"><\/div>\n\n\n\n<div class=\"wp-block-columns are-vertically-aligned-center is-layout-flex wp-container-core-columns-is-layout-28f84493 wp-block-columns-is-layout-flex\">\n<div class=\"wp-block-column is-vertically-aligned-center is-layout-flow wp-block-column-is-layout-flow\">\n<h2 class=\"wp-block-heading\">Een botanische tuin in het stadscentrum<\/h2>\n\n\n\n<figure class=\"wp-block-image size-full\"><img decoding=\"async\" src=\"https:\/\/www.mirabel-renaudiere.com\/wp-content\/uploads\/2022\/01\/barre-bleue.png\" alt=\"\" class=\"wp-image-2382\"\/><\/figure>\n\n\n\n<p>Maak een wandeling, laat de kleintjes spelen of woon een van de vele evenementen in La Plaine-sur-Mer bij, <strong>de Lakas-tuin<\/strong> is een must-see bestemming. Bezoek <strong>spelletjes voor kinderen<\/strong>, Deze prachtige groene ruimte in het hart van de stad is een geweldige attractie voor bezoekers, met picknicktafels en bowlingbanen. <strong>Een gezondheidspad<\/strong> is ook ge\u00efnstalleerd voor sportliefhebbers. Wandelpaden vertrekken ook vanuit de tuin.<\/p>\n<\/div>\n\n\n\n<div class=\"wp-block-column is-vertically-aligned-center is-layout-flow wp-block-column-is-layout-flow\">\n<figure class=\"wp-block-image size-full animate right\"><img loading=\"lazy\" decoding=\"async\" width=\"800\" height=\"600\" src=\"https:\/\/www.mirabel-renaudiere.com\/wp-content\/uploads\/2022\/01\/la-plaine-sur-mer_jardin-botanique.jpg\" alt=\"la Plaine sur Mer de botanische tuin\" class=\"wp-image-2908\" srcset=\"https:\/\/mirabel-renaudiere.com\/wp-content\/uploads\/2022\/01\/la-plaine-sur-mer_jardin-botanique.jpg 800w, https:\/\/mirabel-renaudiere.com\/wp-content\/uploads\/2022\/01\/la-plaine-sur-mer_jardin-botanique-300x225.jpg 300w, https:\/\/mirabel-renaudiere.com\/wp-content\/uploads\/2022\/01\/la-plaine-sur-mer_jardin-botanique-768x576.jpg 768w\" sizes=\"auto, (max-width: 800px) 100vw, 800px\" \/><\/figure>\n<\/div>\n<\/div>\n\n\n\n<div class=\"wp-block-media-text alignwide is-stacked-on-mobile is-vertically-aligned-center animate front-page-section grey\"><figure class=\"wp-block-media-text__media\"><img loading=\"lazy\" decoding=\"async\" width=\"1024\" height=\"683\" src=\"https:\/\/www.mirabel-renaudiere.com\/wp-content\/uploads\/2023\/04\/marche-plaine-sur-mer-1024x683.jpg\" alt=\"oestervisser in Pornic\" class=\"wp-image-748 size-full\" srcset=\"https:\/\/mirabel-renaudiere.com\/wp-content\/uploads\/2023\/04\/marche-plaine-sur-mer-1024x683.jpg 1024w, https:\/\/mirabel-renaudiere.com\/wp-content\/uploads\/2023\/04\/marche-plaine-sur-mer-300x200.jpg 300w, https:\/\/mirabel-renaudiere.com\/wp-content\/uploads\/2023\/04\/marche-plaine-sur-mer-768x512.jpg 768w, https:\/\/mirabel-renaudiere.com\/wp-content\/uploads\/2023\/04\/marche-plaine-sur-mer.jpg 1200w\" sizes=\"auto, (max-width: 1024px) 100vw, 1024px\" \/><\/figure><div class=\"wp-block-media-text__content\">\n<figure class=\"wp-block-image alignright size-full is-resized\"><img loading=\"lazy\" decoding=\"async\" width=\"320\" height=\"329\" src=\"https:\/\/www.mirabel-renaudiere.com\/wp-content\/uploads\/2022\/01\/etoile.png\" alt=\"zeester\" class=\"wp-image-2111\" style=\"width:80px;height:82px\" srcset=\"https:\/\/mirabel-renaudiere.com\/wp-content\/uploads\/2022\/01\/etoile.png 320w, https:\/\/mirabel-renaudiere.com\/wp-content\/uploads\/2022\/01\/etoile-292x300.png 292w\" sizes=\"auto, (max-width: 320px) 100vw, 320px\" \/><\/figure>\n\n\n\n<h2 class=\"wp-block-heading\">Markten en diensten in La Plaine sur Mer<\/h2>\n\n\n\n<figure class=\"wp-block-image size-full\"><img decoding=\"async\" src=\"https:\/\/www.mirabel-renaudiere.com\/wp-content\/uploads\/2022\/01\/barre-bleue.png\" alt=\"\" class=\"wp-image-2382\"\/><\/figure>\n\n\n\n<p>Le <a href=\"https:\/\/mirabel-renaudiere.com\/nl\/\">camping La Renaudi\u00e8re<\/a> is <strong>ideaal gelegen voor uw activiteiten<\/strong> om in de buurt te doen <strong>la Plaine-sur-Mer<\/strong>\u00a0! Je vindt er ook alle winkels en <strong>nuttige diensten<\/strong> voor je verblijf: bakker, supermarkt, VVV-kantoor, bibliotheken, etc.<\/p>\n\n\n\n<p>Kom tijdens de zomermaanden juli en augustus naar de markt om je verse groenten en fruit te kopen. Op zoek naar iets nieuws? Ontdek de <strong>lokale producten, in het bijzonder Spirulina uit Retz<\/strong>, (Je kunt ook rechtstreeks naar de producent gaan, die je een rondleiding over zijn boerderij zal geven en je misschien een paar van zijn handelsgeheimen zal verklappen!)<\/p>\n\n\n\n<p>Praktische informatie: marktdagen in juli en augustus<\/p>\n\n\n\n<ul class=\"wp-block-list\">\n<li>Elke donderdag en zondag van 9 tot 13 uur, Marronnierplein<\/li>\n<\/ul>\n<\/div><\/div>\n\n\n\n<p><\/p>\n\n\n\n<p class=\"has-text-align-center texte-rond mt-5 has-large-font-size\">Ontdek de camping<\/p>\n\n\n\n<div class=\"wp-block-columns are-vertically-aligned-center h-20 front-page-section grey is-layout-flex wp-container-core-columns-is-layout-28f84493 wp-block-columns-is-layout-flex\">\n<div class=\"wp-block-column is-layout-flow wp-block-column-is-layout-flow\"><\/div>\n\n\n\n<div class=\"wp-block-column is-layout-flow wp-block-column-is-layout-flow\">\n<div class=\"wp-block-create-block-sevgutenberg-navigation\"><aside class=\"encart-sev-navigation small carre\"><a href=\"https:\/\/mirabel-renaudiere.com\/nl\/huurprijzen-stacaravans\/\" class=\"d-flex flex-column align-items-center\"><div class=\"encart-title\"><span>Stacaravans<\/span><\/div><div class=\"vague\"><\/div><img decoding=\"async\" src=\"https:\/\/www.mirabel-renaudiere.com\/wp-content\/uploads\/2023\/04\/mobil-home-location-vacances-plaien-sur-mer.jpg\" alt=\"verhuurporno voor stacaravans\"\/><div class=\"ligne\"><\/div><div class=\"hover\"><\/div><\/a><\/aside><\/div>\n<\/div>\n\n\n\n<div class=\"wp-block-column is-vertically-aligned-center is-layout-flow wp-block-column-is-layout-flow\">\n<div class=\"wp-block-create-block-sevgutenberg-navigation\"><aside class=\"encart-sev-navigation small carre\"><a href=\"https:\/\/mirabel-renaudiere.com\/nl\/waterpark\/\" class=\"d-flex flex-column align-items-center\"><div class=\"encart-title\"><span>Zwembaden<\/span><\/div><div class=\"vague\"><\/div><img decoding=\"async\" src=\"https:\/\/mirabel-renaudiere.com\/wp-content\/uploads\/2025\/07\/encart-piscine-camping.jpg\" alt=\"zwembad la plaine sur mer camping\"\/><div class=\"ligne\"><\/div><div class=\"hover\"><\/div><\/a><\/aside><\/div>\n<\/div>\n\n\n\n<div class=\"wp-block-column is-vertically-aligned-center is-layout-flow wp-block-column-is-layout-flow\">\n<div class=\"wp-block-create-block-sevgutenberg-navigation\"><aside class=\"encart-sev-navigation small carre\"><a href=\"https:\/\/mirabel-renaudiere.com\/nl\/tarieven-voor-caravantenten\/\" class=\"d-flex flex-column align-items-center\"><div class=\"encart-title\"><span>Kampeerplaatsen<\/span><\/div><div class=\"vague\"><\/div><img decoding=\"async\" src=\"https:\/\/www.mirabel-renaudiere.com\/wp-content\/uploads\/2021\/12\/emplacement-tente-camping.jpg\" alt=\"kampeerplaats tent\"\/><div class=\"ligne\"><\/div><div class=\"hover\"><\/div><\/a><\/aside><\/div>\n<\/div>\n\n\n\n<div class=\"wp-block-column is-layout-flow wp-block-column-is-layout-flow\"><\/div>\n<\/div>","protected":false},"excerpt":{"rendered":"<p>La Plaine-sur-Mer&nbsp;: petit village du Camping Mirabel La Renaudi\u00e8re Un jardin botanique en plein centre-ville Pour se promener, laisser jouer [&hellip;]<\/p>\n","protected":false},"author":1,"featured_media":0,"parent":0,"menu_order":0,"comment_status":"closed","ping_status":"closed","template":"","meta":{"_seopress_robots_primary_cat":"","_seopress_titles_title":"Camping proche des plages Bretagne sud - La Plaine sur Mer","_seopress_titles_desc":"Plages et criques de sable fin \u00e0 La Plaine-sur-Mer pr\u00e8s du camping La Renaudi\u00e8re (Pornic, Loire-Atlantique)","_seopress_robots_index":"","footnotes":""},"class_list":["post-69","page","type-page","status-publish","hentry"],"_links":{"self":[{"href":"https:\/\/mirabel-renaudiere.com\/nl\/wp-json\/wp\/v2\/pages\/69","targetHints":{"allow":["GET"]}}],"collection":[{"href":"https:\/\/mirabel-renaudiere.com\/nl\/wp-json\/wp\/v2\/pages"}],"about":[{"href":"https:\/\/mirabel-renaudiere.com\/nl\/wp-json\/wp\/v2\/types\/page"}],"author":[{"embeddable":true,"href":"https:\/\/mirabel-renaudiere.com\/nl\/wp-json\/wp\/v2\/users\/1"}],"replies":[{"embeddable":true,"href":"https:\/\/mirabel-renaudiere.com\/nl\/wp-json\/wp\/v2\/comments?post=69"}],"version-history":[{"count":31,"href":"https:\/\/mirabel-renaudiere.com\/nl\/wp-json\/wp\/v2\/pages\/69\/revisions"}],"predecessor-version":[{"id":13536,"href":"https:\/\/mirabel-renaudiere.com\/nl\/wp-json\/wp\/v2\/pages\/69\/revisions\/13536"}],"wp:attachment":[{"href":"https:\/\/mirabel-renaudiere.com\/nl\/wp-json\/wp\/v2\/media?parent=69"}],"curies":[{"name":"wp","href":"https:\/\/api.w.org\/{rel}","templated":true}]}}