{"id":79,"date":"2021-12-10T14:28:41","date_gmt":"2021-12-10T13:28:41","guid":{"rendered":"https:\/\/www.campinglarenaudiere.com\/?page_id=79"},"modified":"2024-04-08T12:55:36","modified_gmt":"2024-04-08T10:55:36","slug":"klantbeoordelingen-renaudiere","status":"publish","type":"page","link":"https:\/\/mirabel-renaudiere.com\/nl\/avis-clients-renaudiere","title":{"rendered":"Opinie"},"content":{"rendered":"<h1 class=\"wp-block-heading\">Klantenbeoordelingen van camping La Renaudi\u00e8re<\/h1>\n\n\n\n<h2 class=\"wp-block-heading has-text-align-center texte-rond has-large-font-size\"><img loading=\"lazy\" decoding=\"async\" width=\"100\" height=\"67\" class=\"wp-image-1731\" style=\"width: 100px;\" src=\"https:\/\/www.mirabel-renaudiere.com\/wp-content\/uploads\/2022\/01\/Smile.png\" alt=\"\" srcset=\"https:\/\/mirabel-renaudiere.com\/wp-content\/uploads\/2022\/01\/Smile.png 320w, https:\/\/mirabel-renaudiere.com\/wp-content\/uploads\/2022\/01\/Smile-300x201.png 300w\" sizes=\"auto, (max-width: 100px) 100vw, 100px\" \/>Het zijn onze klanten die het beste over hun vakantie praten!<\/h2>\n\n\n\n<p class=\"has-text-align-center\">Lees de reacties van vakantiegangers na hun verblijf op camping La Renaudi\u00e8re in La Plaine-sur-Mer.<\/p>\n\n\n\n<figure class=\"wp-block-image aligncenter size-full is-resized\"><img decoding=\"async\" src=\"https:\/\/www.mirabel-renaudiere.com\/wp-content\/uploads\/2022\/01\/barre-bleue.png\" alt=\"\" class=\"wp-image-2382\" style=\"width:50px;height:8px\"\/><\/figure>\n\n\n\n<ctv-reviews-list><\/ctv-reviews-list>\n\n\n\n<p class=\"has-text-align-center texte-rond has-large-font-size\">  Ontdek de camping <\/p>\n\n\n\n<div class=\"wp-block-columns h-20 front-page-section grey is-layout-flex wp-container-core-columns-is-layout-28f84493 wp-block-columns-is-layout-flex\">\n<div class=\"wp-block-column is-layout-flow wp-block-column-is-layout-flow\"><\/div>\n\n\n\n<div class=\"wp-block-column is-layout-flow wp-block-column-is-layout-flow\">\n<div class=\"wp-block-create-block-sevgutenberg-navigation\"><aside class=\"encart-sev-navigation small carre\"><a href=\"https:\/\/mirabel-renaudiere.com\/nl\/contact-opnemen-met-camping-renaudiere\/\" class=\"d-flex flex-column align-items-center\"><div class=\"encart-title\"><span>Neem contact op met<\/span><\/div><div class=\"vague\"><\/div><img decoding=\"async\" src=\"https:\/\/www.mirabel-renaudiere.com\/wp-content\/uploads\/2021\/12\/piscine-livre-camping.jpg\" alt=\"loungen bij het zwembad\"\/><div class=\"ligne\"><\/div><div class=\"hover\"><\/div><\/a><\/aside><\/div>\n<\/div>\n\n\n\n<div class=\"wp-block-column is-layout-flow wp-block-column-is-layout-flow\">\n<div class=\"wp-block-create-block-sevgutenberg-navigation\"><aside class=\"encart-sev-navigation small carre\"><a href=\"https:\/\/mirabel-renaudiere.com\/nl\/bestemmingsregio-pornic\/\" class=\"d-flex flex-column align-items-center\"><div class=\"encart-title\"><span>Pornic<\/span><\/div><div class=\"vague\"><\/div><img decoding=\"async\" src=\"https:\/\/www.mirabel-renaudiere.com\/wp-content\/uploads\/2021\/12\/glaces_fraiseraie_pornic.jpg\" alt=\"La Fraiseraie ijs in Pornic\"\/><div class=\"ligne\"><\/div><div class=\"hover\"><\/div><\/a><\/aside><\/div>\n<\/div>\n\n\n\n<div class=\"wp-block-column is-layout-flow wp-block-column-is-layout-flow\">\n<div class=\"wp-block-create-block-sevgutenberg-navigation\"><aside class=\"encart-sev-navigation small carre\"><a href=\"https:\/\/mirabel-renaudiere.com\/nl\/ervaringen\/\" class=\"d-flex flex-column align-items-center\"><div class=\"encart-title\"><span>Ervaringen<\/span><\/div><div class=\"vague\"><\/div><img decoding=\"async\" src=\"https:\/\/www.mirabel-renaudiere.com\/wp-content\/uploads\/2021\/12\/pecherie-tharon-plage-1.jpg\" alt=\"Strandvisserij Tharon\"\/><div class=\"ligne\"><\/div><div class=\"hover\"><\/div><\/a><\/aside><\/div>\n<\/div>\n\n\n\n<div class=\"wp-block-column is-layout-flow wp-block-column-is-layout-flow\"><\/div>\n<\/div>","protected":false},"excerpt":{"rendered":"<p>Avis clients sur le camping La Renaudi\u00e8re Ce sont les clients qui parlent le mieux de leurs vacances&nbsp;! Retrouvez les [&hellip;]<\/p>\n","protected":false},"author":1,"featured_media":0,"parent":0,"menu_order":0,"comment_status":"closed","ping_status":"closed","template":"","meta":{"_seopress_robots_primary_cat":"","_seopress_titles_title":"Avis camping la Renaudi\u00e8re commentaires clients 44","_seopress_titles_desc":"Des clients satisfaits par la qualit\u00e9 du camping et de son accueil : nos h\u00f4tes reviennent au camping La Renaudi\u00e8re","_seopress_robots_index":"","footnotes":""},"class_list":["post-79","page","type-page","status-publish","hentry"],"_links":{"self":[{"href":"https:\/\/mirabel-renaudiere.com\/nl\/wp-json\/wp\/v2\/pages\/79","targetHints":{"allow":["GET"]}}],"collection":[{"href":"https:\/\/mirabel-renaudiere.com\/nl\/wp-json\/wp\/v2\/pages"}],"about":[{"href":"https:\/\/mirabel-renaudiere.com\/nl\/wp-json\/wp\/v2\/types\/page"}],"author":[{"embeddable":true,"href":"https:\/\/mirabel-renaudiere.com\/nl\/wp-json\/wp\/v2\/users\/1"}],"replies":[{"embeddable":true,"href":"https:\/\/mirabel-renaudiere.com\/nl\/wp-json\/wp\/v2\/comments?post=79"}],"version-history":[{"count":8,"href":"https:\/\/mirabel-renaudiere.com\/nl\/wp-json\/wp\/v2\/pages\/79\/revisions"}],"predecessor-version":[{"id":11086,"href":"https:\/\/mirabel-renaudiere.com\/nl\/wp-json\/wp\/v2\/pages\/79\/revisions\/11086"}],"wp:attachment":[{"href":"https:\/\/mirabel-renaudiere.com\/nl\/wp-json\/wp\/v2\/media?parent=79"}],"curies":[{"name":"wp","href":"https:\/\/api.w.org\/{rel}","templated":true}]}}