{"id":83,"date":"2021-12-10T14:30:08","date_gmt":"2021-12-10T13:30:08","guid":{"rendered":"https:\/\/www.campinglarenaudiere.com\/?page_id=83"},"modified":"2026-04-29T12:11:16","modified_gmt":"2026-04-29T10:11:16","slug":"faq-camping-bretagne","status":"publish","type":"page","link":"https:\/\/mirabel-renaudiere.com\/nl\/faq-camping-bretagne","title":{"rendered":"FAQ"},"content":{"rendered":"<h1 class=\"wp-block-heading\" id=\"faq-trouvez-la-reponse-a-vos-questions-sur-vos-vacances-au-camping-la-renaudiere\">FAQ - Vind de antwoorden op uw vragen over uw vakantie op camping La Renaudi\u00e8re<\/h1>\n\n\n\n<p class=\"has-text-align-center\">Camping La Renaudi\u00e8re beantwoordt al uw vragen betreffende uw verblijf op een staanplaats of in een mobilhome. Er is ook een sectie gereserveerd voor vragen over het residenti\u00eble deel van de camping. Vergeet niet deze Veelgestelde Vragen regelmatig te raadplegen en aarzel niet om contact met ons op te nemen voor eventuele aanvullende informatie.<\/p>\n\n\n\n<figure class=\"wp-block-image aligncenter size-full\"><img decoding=\"async\" src=\"https:\/\/www.mirabel-renaudiere.com\/wp-content\/uploads\/2022\/01\/barre-bleue.png\" alt=\"\" class=\"wp-image-2382\"\/><\/figure>\n\n\n\n<p><em>Bijgewerkt op<em>\u00a029\/04\/2026\u00a0<\/em><\/em><\/p>\n\n\n\n<h2 class=\"wp-block-heading\" id=\"votre-reservation\">Uw boeking<\/h2>\n\n\n\n<figure class=\"wp-block-image size-full\"><img decoding=\"async\" src=\"https:\/\/www.mirabel-renaudiere.com\/wp-content\/uploads\/2022\/01\/barre-bleue.png\" alt=\"\" class=\"wp-image-2382\"\/><\/figure>\n\n\n\n<div class=\"wp-block-create-block-sev-faq\"><div class=\"card sev-faq\"><a class=\"card-header d-flex\" href=\"#comment-reserver-un-sejour\" data-toggle=\"collapse\" role=\"button\" aria-expanded=\"false\" aria-controls=\"comment-reserver-un-sejour\"><div class=\"faq-question\">Hoe boek ik een vakantie?<\/div><i class=\"fa fa-chevron-down\" aria-hidden=\"true\"><\/i><\/a><div class=\"card-body collapse multi-collapse\" id=\"comment-reserver-un-sejour\"><div class=\"faq-reponse\">- Online: selecteer op onze website je accommodatie en\/of verblijfsdata om de beschikbaarheid te controleren.  <strong><mark style=\"background-color:rgba(0, 0, 0, 0)\" class=\"has-inline-color has-turquoise-color\"><a href=\"https:\/\/bookingpremium.secureholiday.net\/FR\/16565\/search\/\" target=\"_blank\" rel=\"noreferrer noopener\">Reservering<\/a><\/mark><\/strong><br>- Telefonisch door te bellen naar de receptie op 02 40 21 50 03 (beveiligde betaling met creditcard).<br>- Per e-mail naar <a href=\"mailto:renaudiere@mirabel-campings.com\">renaudiere@mirabel-campings.com<\/a><br><br>Reserveringen worden effectief en definitief na ontvangst van een aanbetaling van 30%. Zie voor meer informatie&nbsp;<a href=\"https:\/\/mirabel-renaudiere.com\/wp-content\/uploads\/2023\/04\/conditions-location.pdf\" target=\"_blank\" rel=\"noreferrer noopener\">Verkoopvoorwaarden<\/a>.<\/div><\/div><\/div><\/div>\n\n\n\n<div class=\"wp-block-create-block-sev-faq\"><div class=\"card sev-faq\"><a class=\"card-header d-flex\" href=\"#comment-obtenir-un-devis-\" data-toggle=\"collapse\" role=\"button\" aria-expanded=\"false\" aria-controls=\"comment-obtenir-un-devis-\"><div class=\"faq-question\">Hoe kan ik een offerte aanvragen?<\/div><i class=\"fa fa-chevron-down\" aria-hidden=\"true\"><\/i><\/a><div class=\"card-body collapse multi-collapse\" id=\"comment-obtenir-un-devis-\"><div class=\"faq-reponse\">Bezoek onze <a href=\"https:\/\/bookingpremium.secureholiday.net\/FR\/16565\/search\" target=\"_blank\" rel=\"noreferrer noopener\">online boeking<\/a> of neem telefonisch contact met ons op om de beschikbaarheid te controleren en een prijs op te vragen voor je verblijf.<\/div><\/div><\/div><\/div>\n\n\n\n<div class=\"wp-block-create-block-sev-faq\"><div class=\"card sev-faq\"><a class=\"card-header d-flex\" href=\"#puis-je-choisir-mon-emplacement-\" data-toggle=\"collapse\" role=\"button\" aria-expanded=\"false\" aria-controls=\"puis-je-choisir-mon-emplacement-\"><div class=\"faq-question\">Kan ik mijn locatie kiezen?<\/div><i class=\"fa fa-chevron-down\" aria-hidden=\"true\"><\/i><\/a><div class=\"card-body collapse multi-collapse\" id=\"puis-je-choisir-mon-emplacement-\"><div class=\"faq-reponse\">Ja, u kunt uw locatie op de plattegrond kiezen, afhankelijk van beschikbaarheid en mits u de optie \u00abgegarandeerde locatiekeuze\u00bb hebt afgesloten voor \u20ac 30,00.<\/div><\/div><\/div><\/div>\n\n\n\n<div class=\"wp-block-create-block-sev-faq\"><div class=\"card sev-faq\"><a class=\"card-header d-flex\" href=\"#comment-annuler-ou-modifier-ma-reservation-\" data-toggle=\"collapse\" role=\"button\" aria-expanded=\"false\" aria-controls=\"comment-annuler-ou-modifier-ma-reservation-\"><div class=\"faq-question\">Hoe kan ik mijn boeking annuleren of wijzigen?<\/div><i class=\"fa fa-chevron-down\" aria-hidden=\"true\"><\/i><\/a><div class=\"card-body collapse multi-collapse\" id=\"comment-annuler-ou-modifier-ma-reservation-\"><div class=\"faq-reponse\"><strong>\u2022 Heeft u een annuleringsverzekering afgesloten? <\/strong><br>Neem contact met ons op via e-mail of telefoon om uw annulering kenbaar te maken, op 02 40 21 50 03 of schrijf ons op <a href=\"mailto:renaudiere@mirabel-campings.com\">renaudiere@mirabel-campings.com<\/a>. Tijdens uw reservering heeft u een e-mail ontvangen van campez-couvert, in deze e-mail worden de stappen uitgelegd om de verzekering van uw annulering op de hoogte te stellen en de terugbetaling te ontvangen.<br><strong>\u2022 Heeft u geen annuleringsverzekering afgesloten?<\/strong><br>Neem per e-mail of telefoon contact met ons op om uw annulering door te geven.<br>\u2013 Meer dan 30 dagen na aankomst: alleen de reserveringskosten worden in rekening gebracht.<br>\u2013 Tussen 30 en 15 dagen voor uw aankomst: 30% van het verblijfbedrag + dossierkosten worden in rekening gebracht.<br>\u2013 Minder dan 15 dagen: 100% van het verblijf wordt in rekening gebracht.<\/div><\/div><\/div><\/div>\n\n\n\n<div class=\"wp-block-create-block-sev-faq\"><div class=\"card sev-faq\"><a class=\"card-header d-flex\" href=\"#comment-puis-je-regler-mon-sejour-\" data-toggle=\"collapse\" role=\"button\" aria-expanded=\"false\" aria-controls=\"comment-puis-je-regler-mon-sejour-\"><div class=\"faq-question\">Hoe kan ik mijn verblijf betalen?<\/div><i class=\"fa fa-chevron-down\" aria-hidden=\"true\"><\/i><\/a><div class=\"card-body collapse multi-collapse\" id=\"comment-puis-je-regler-mon-sejour-\"><div class=\"faq-reponse\">Wij accepteren de volgende betalingen: CB, cheque, ANCV vakantiecheques (verzend via aangetekende brief), ANCV connect, contant en overschrijving.<\/div><\/div><\/div><\/div>\n\n\n\n<div style=\"height:60px\" aria-hidden=\"true\" class=\"wp-block-spacer\"><\/div>\n\n\n\n<h2 class=\"wp-block-heading\" id=\"votre-residence-secondaire\">Je tweede huis<\/h2>\n\n\n\n<figure class=\"wp-block-image size-full\"><img decoding=\"async\" src=\"https:\/\/www.mirabel-renaudiere.com\/wp-content\/uploads\/2022\/01\/barre-bleue.png\" alt=\"\" class=\"wp-image-2382\"\/><\/figure>\n\n\n\n<div class=\"wp-block-create-block-sev-faq\"><div class=\"card sev-faq\"><a class=\"card-header d-flex\" href=\"#comment-acheter-un-mobil-home-au-camping-\" data-toggle=\"collapse\" role=\"button\" aria-expanded=\"false\" aria-controls=\"comment-acheter-un-mobil-home-au-camping-\"><div class=\"faq-question\">Hoe koop ik een stacaravan op een camping?<\/div><i class=\"fa fa-chevron-down\" aria-hidden=\"true\"><\/i><\/a><div class=\"card-body collapse multi-collapse\" id=\"comment-acheter-un-mobil-home-au-camping-\"><div class=\"faq-reponse\">Camping La Renaudi\u00e8re heeft nog staanplaatsen klaar om nieuwe bewoners te verwelkomen. <br>Bel ons op 02 40 21 50 03 voor meer informatie en ontdek onze stacaravans te koop.<\/div><\/div><\/div><\/div>\n\n\n\n<div class=\"wp-block-create-block-sev-faq\"><div class=\"card sev-faq\"><a class=\"card-header d-flex\" href=\"#choisir-son-mobil-home-neuf-ou-occasion-\" data-toggle=\"collapse\" role=\"button\" aria-expanded=\"false\" aria-controls=\"choisir-son-mobil-home-neuf-ou-occasion-\"><div class=\"faq-question\">Je stacaravan kiezen: nieuw of tweedehands?<\/div><i class=\"fa fa-chevron-down\" aria-hidden=\"true\"><\/i><\/a><div class=\"card-body collapse multi-collapse\" id=\"choisir-son-mobil-home-neuf-ou-occasion-\"><div class=\"faq-reponse\">Blader door onze advertenties voor de prijzen van <a href=\"https:\/\/mirabel-renaudiere.com\/nl\/stacaravans-te-koop\/\" data-type=\"page\" data-id=\"65\">stacaravans te koop<\/a> op onze camping. Afhankelijk van je budget kun je kiezen voor nieuw of tweedehands.<br><a href=\"https:\/\/mirabel-renaudiere.com\/nl\/contact-opnemen-met-camping-renaudiere\/\" data-type=\"page\" data-id=\"75\">Neem contact met ons op voor meer informatie<\/a>.<\/div><\/div><\/div><\/div>\n\n\n\n<div class=\"wp-block-create-block-sev-faq\"><div class=\"card sev-faq\"><a class=\"card-header d-flex\" href=\"#comment-choisir-sa-parcelle-\" data-toggle=\"collapse\" role=\"button\" aria-expanded=\"false\" aria-controls=\"comment-choisir-sa-parcelle-\"><div class=\"faq-question\">Hoe kies je je perceel?<\/div><i class=\"fa fa-chevron-down\" aria-hidden=\"true\"><\/i><\/a><div class=\"card-body collapse multi-collapse\" id=\"comment-choisir-sa-parcelle-\"><div class=\"faq-reponse\">De aankoop van een tweedehands stacaravan gebeurt op een perceel; het kan niet worden verplaatst. Als je een nieuwe stacaravan koopt, wordt de keuze van de standplaats gemaakt in overleg met ons team op basis van de meest recente beschikbaarheid.<\/div><\/div><\/div><\/div>\n\n\n\n<div class=\"wp-block-create-block-sev-faq\"><div class=\"card sev-faq\"><a class=\"card-header d-flex\" href=\"#puis-je-rester-toute-lannee-au-camping-\" data-toggle=\"collapse\" role=\"button\" aria-expanded=\"false\" aria-controls=\"puis-je-rester-toute-lannee-au-camping-\"><div class=\"faq-question\">Kan ik het hele jaar door op de camping verblijven?<\/div><i class=\"fa fa-chevron-down\" aria-hidden=\"true\"><\/i><\/a><div class=\"card-body collapse multi-collapse\" id=\"puis-je-rester-toute-lannee-au-camping-\"><div class=\"faq-reponse\">Camping la Renaudi\u00e8re**** is geen Parc R\u00e9sidentiel de Loisirs (PRL) en is daarom niet het hele jaar geopend. Je kunt dus op de camping wonen zolang deze open is, dus van 1 april tot 31 oktober.<\/div><\/div><\/div><\/div>\n\n\n\n<div class=\"wp-block-create-block-sev-faq\"><div class=\"card sev-faq\"><a class=\"card-header d-flex\" href=\"#puis-je-louer-mon-mobil-home-sur-certaines-periodes-\" data-toggle=\"collapse\" role=\"button\" aria-expanded=\"false\" aria-controls=\"puis-je-louer-mon-mobil-home-sur-certaines-periodes-\"><div class=\"faq-question\">Kan ik mijn stacaravan verhuren tijdens bepaalde periodes?<\/div><i class=\"fa fa-chevron-down\" aria-hidden=\"true\"><\/i><\/a><div class=\"card-body collapse multi-collapse\" id=\"puis-je-louer-mon-mobil-home-sur-certaines-periodes-\"><div class=\"faq-reponse\">U bent eigenaar van uw stacaravan en heeft de mogelijkheid om deze te verhuren tijdens periodes dat u er niet bent (onder voorbehoud van validatie door het campingteam van de mogelijkheid om de woning onder te verhuren). Het beheer is 100% voor uw rekening.<\/div><\/div><\/div><\/div>\n\n\n\n<div style=\"height:60px\" aria-hidden=\"true\" class=\"wp-block-spacer\"><\/div>\n\n\n\n<h2 class=\"wp-block-heading\" id=\"sur-place\">Ter plaatse<\/h2>\n\n\n\n<figure class=\"wp-block-image size-full\"><img decoding=\"async\" src=\"https:\/\/www.mirabel-renaudiere.com\/wp-content\/uploads\/2022\/01\/barre-bleue.png\" alt=\"\" class=\"wp-image-2382\"\/><\/figure>\n\n\n\n<div class=\"wp-block-create-block-sev-faq\"><div class=\"card sev-faq\"><a class=\"card-header d-flex\" href=\"#quelles-sont-les-dates-douverture-du-camping-\" data-toggle=\"collapse\" role=\"button\" aria-expanded=\"false\" aria-controls=\"quelles-sont-les-dates-douverture-du-camping-\"><div class=\"faq-question\">Wanneer is de camping open?<\/div><i class=\"fa fa-chevron-down\" aria-hidden=\"true\"><\/i><\/a><div class=\"card-body collapse multi-collapse\" id=\"quelles-sont-les-dates-douverture-du-camping-\"><div class=\"faq-reponse\">Camping la Renaudi\u00e8re**** is geopend van 1 april tot 31 oktober.<\/div><\/div><\/div><\/div>\n\n\n\n<div class=\"wp-block-create-block-sev-faq\"><div class=\"card sev-faq\"><a class=\"card-header d-flex\" href=\"#quand-la-piscine-est-elle-ouverte-\" data-toggle=\"collapse\" role=\"button\" aria-expanded=\"false\" aria-controls=\"quand-la-piscine-est-elle-ouverte-\"><div class=\"faq-question\">Wanneer is het zwembad open?<\/div><i class=\"fa fa-chevron-down\" aria-hidden=\"true\"><\/i><\/a><div class=\"card-body collapse multi-collapse\" id=\"quand-la-piscine-est-elle-ouverte-\"><div class=\"faq-reponse\">Je kunt van april tot september genieten van het binnenzwembad met whirlpool en tegenstroomrivier. <br>Het buitenzwembad gaat iets later open: van half mei tot half september (afhankelijk van het weer). Van 10 tot 19 uur en tot 20 uur in het hoogseizoen.<br><a href=\"https:\/\/mirabel-renaudiere.com\/nl\/waterpark\/\" data-type=\"page\" data-id=\"54\">Ontdek het watergebied<\/a><\/div><\/div><\/div><\/div>\n\n\n\n<div class=\"wp-block-create-block-sev-faq\"><div class=\"card sev-faq\"><a class=\"card-header d-flex\" href=\"#dois-je-apporter-les-draps-\" data-toggle=\"collapse\" role=\"button\" aria-expanded=\"false\" aria-controls=\"dois-je-apporter-les-draps-\"><div class=\"faq-question\">Moet ik mijn eigen lakens meenemen?<\/div><i class=\"fa fa-chevron-down\" aria-hidden=\"true\"><\/i><\/a><div class=\"card-body collapse multi-collapse\" id=\"dois-je-apporter-les-draps-\"><div class=\"faq-reponse\">Je kunt je eigen beddengoed meenemen of huren wanneer je reserveert of wanneer je aankomt op de camping.  <a href=\"https:\/\/mirabel-renaudiere.com\/nl\/huurprijzen-stacaravans\/#options\">Bekijk prijzen<\/a><\/div><\/div><\/div><\/div>\n\n\n\n<div class=\"wp-block-create-block-sev-faq\"><div class=\"card sev-faq\"><a class=\"card-header d-flex\" href=\"#les-animaux-sont-ils-acceptes-au-camping-\" data-toggle=\"collapse\" role=\"button\" aria-expanded=\"false\" aria-controls=\"les-animaux-sont-ils-acceptes-au-camping-\"><div class=\"faq-question\">Zijn huisdieren toegestaan op de camping? <\/div><i class=\"fa fa-chevron-down\" aria-hidden=\"true\"><\/i><\/a><div class=\"card-body collapse multi-collapse\" id=\"les-animaux-sont-ils-acceptes-au-camping-\"><div class=\"faq-reponse\">Ja, we weten dat het moeilijk is om afscheid te nemen van je huisdieren. Daarom zijn huisdieren welkom op onze camping: we accepteren honden en katten (met uitzondering van 1<sup>\u00e8<\/sup> en 2<sup>\u00e8<\/sup> categorie), moeten ze gevaccineerd zijn, inclusief tegen rabi\u00ebs, gechipt of getatoe\u00eberd. Wij accepteren 1 dier per huuraccommodatie en maximaal 2 per kampeerplaats.<br><em>Tarief: \u20ac5 per nacht en per dier.<\/em><\/div><\/div><\/div><\/div>\n\n\n\n<div class=\"wp-block-create-block-sev-faq\"><div class=\"card sev-faq\"><a class=\"card-header d-flex\" href=\"#a-quelle-heure-puis-je-arriver-au-camping-\" data-toggle=\"collapse\" role=\"button\" aria-expanded=\"false\" aria-controls=\"a-quelle-heure-puis-je-arriver-au-camping-\"><div class=\"faq-question\">Hoe laat kan ik op de camping aankomen?<\/div><i class=\"fa fa-chevron-down\" aria-hidden=\"true\"><\/i><\/a><div class=\"card-body collapse multi-collapse\" id=\"a-quelle-heure-puis-je-arriver-au-camping-\"><div class=\"faq-reponse\">Kampeerplaatsen: aankomst vanaf 14.00 uur en vertrek voor 12.00 uur. <br>Voor verhuur: aankomst vanaf 15.00 uur en vertrek voor 10.00 uur.<\/div><\/div><\/div><\/div>\n\n\n\n<div class=\"wp-block-create-block-sev-faq\"><div class=\"card sev-faq\"><a class=\"card-header d-flex\" href=\"#quelles-sont-les-dates-douverture-du-club-enfants-\" data-toggle=\"collapse\" role=\"button\" aria-expanded=\"false\" aria-controls=\"quelles-sont-les-dates-douverture-du-club-enfants-\"><div class=\"faq-question\">Wanneer is de kinderclub open? <\/div><i class=\"fa fa-chevron-down\" aria-hidden=\"true\"><\/i><\/a><div class=\"card-body collapse multi-collapse\" id=\"quelles-sont-les-dates-douverture-du-club-enfants-\"><div class=\"faq-reponse\">De hele zomer (juli-augustus) zijn er leiders aanwezig voor kinderen van 6 tot 12 jaar. <\/div><\/div><\/div><\/div>\n\n\n\n<div class=\"wp-block-create-block-sev-faq\"><div class=\"card sev-faq\"><a class=\"card-header d-flex\" href=\"#ou-sortir-pendant-vos-vacances-a-la-plaine-sur-mer-\" data-toggle=\"collapse\" role=\"button\" aria-expanded=\"false\" aria-controls=\"ou-sortir-pendant-vos-vacances-a-la-plaine-sur-mer-\"><div class=\"faq-question\">Waar kun je het beste uitgaan op vakantie in La-Plaine-sur-Mer?<\/div><i class=\"fa fa-chevron-down\" aria-hidden=\"true\"><\/i><\/a><div class=\"card-body collapse multi-collapse\" id=\"ou-sortir-pendant-vos-vacances-a-la-plaine-sur-mer-\"><div class=\"faq-reponse\"><a href=\"https:\/\/mirabel-renaudiere.com\/nl\/laplainesurmer-stranden-regio\/\" data-type=\"page\" data-id=\"69\">Stranden<\/a>, <a href=\"https:\/\/mirabel-renaudiere.com\/nl\/bestemmingsregio-pornic\/\" data-type=\"page\" data-id=\"67\">Pornic<\/a>, <a href=\"https:\/\/mirabel-renaudiere.com\/nl\/aux-alentours\/\" data-type=\"page\" data-id=\"265\">Nantes<\/a>\u2026<\/div><\/div><\/div><\/div>\n\n\n\n<div style=\"height:60px\" aria-hidden=\"true\" class=\"wp-block-spacer\"><\/div>","protected":false},"excerpt":{"rendered":"<p>FAQ &#8211; Trouvez les r\u00e9ponses \u00e0 vos questions pour vos vacances au camping La Renaudi\u00e8re Le camping La Renaudi\u00e8re r\u00e9pond [&hellip;]<\/p>\n","protected":false},"author":1,"featured_media":0,"parent":0,"menu_order":0,"comment_status":"closed","ping_status":"closed","template":"","meta":{"_seopress_robots_primary_cat":"","_seopress_titles_title":"Foire aux questions du camping La Renaudi\u00e8re (44) pr\u00e8s de Pornic","_seopress_titles_desc":"Foire aux questions diverses sur le camping La Renaudi\u00e8re (44) La-Plaine-sur-Mer : ouverture, COVID 19, locations, pass sanitaire...","_seopress_robots_index":"","footnotes":""},"class_list":["post-83","page","type-page","status-publish","hentry"],"_links":{"self":[{"href":"https:\/\/mirabel-renaudiere.com\/nl\/wp-json\/wp\/v2\/pages\/83","targetHints":{"allow":["GET"]}}],"collection":[{"href":"https:\/\/mirabel-renaudiere.com\/nl\/wp-json\/wp\/v2\/pages"}],"about":[{"href":"https:\/\/mirabel-renaudiere.com\/nl\/wp-json\/wp\/v2\/types\/page"}],"author":[{"embeddable":true,"href":"https:\/\/mirabel-renaudiere.com\/nl\/wp-json\/wp\/v2\/users\/1"}],"replies":[{"embeddable":true,"href":"https:\/\/mirabel-renaudiere.com\/nl\/wp-json\/wp\/v2\/comments?post=83"}],"version-history":[{"count":49,"href":"https:\/\/mirabel-renaudiere.com\/nl\/wp-json\/wp\/v2\/pages\/83\/revisions"}],"predecessor-version":[{"id":13634,"href":"https:\/\/mirabel-renaudiere.com\/nl\/wp-json\/wp\/v2\/pages\/83\/revisions\/13634"}],"wp:attachment":[{"href":"https:\/\/mirabel-renaudiere.com\/nl\/wp-json\/wp\/v2\/media?parent=83"}],"curies":[{"name":"wp","href":"https:\/\/api.w.org\/{rel}","templated":true}]}}