{"id":87,"date":"2021-12-10T14:32:29","date_gmt":"2021-12-10T13:32:29","guid":{"rendered":"https:\/\/www.campinglarenaudiere.com\/?page_id=87"},"modified":"2024-04-08T12:34:40","modified_gmt":"2024-04-08T10:34:40","slug":"juridische-informatie","status":"publish","type":"page","link":"https:\/\/mirabel-renaudiere.com\/nl\/mentions-legales","title":{"rendered":"Juridische informatie"},"content":{"rendered":"<h1 class=\"wp-block-heading\">Juridische informatie<\/h1>\n\n\n\n<h2 class=\"wp-block-heading\">Wie zijn wij?<\/h2>\n\n\n\n<div class=\"wp-block-columns is-layout-flex wp-container-core-columns-is-layout-28f84493 wp-block-columns-is-layout-flex\">\n<div class=\"wp-block-column is-layout-flow wp-block-column-is-layout-flow\">\n<h3 class=\"wp-block-heading\">Uitgever<\/h3>\n\n\n\n<p>SAS LA RENAUDIERE<\/p>\n\n\n\n<p>SIRET : 880 006 861 00020<br>Maatschappelijke zetel: 2 Route de la Renaudi\u00e8re , 44770 LA PLAINE-SUR-MER<br>Telefoonnummer: 02 40 21 50 03<br>E-mail: contact@mirabel-renaudiere.com<\/p>\n\n\n\n<h3 class=\"wp-block-heading\">Directeur uitgeverij<\/h3>\n\n\n\n<p>LENEVEU Marion<\/p>\n<\/div>\n\n\n\n<div class=\"wp-block-column is-layout-flow wp-block-column-is-layout-flow\">\n<h3 class=\"wp-block-heading\">Technische en grafische productie :<\/h3>\n\n\n\n<p>SEV \/ Ouest-Communication.com<br>123 Bd Louis Blanc, Hal 2<br>85000 La Roche sur Yon<br>Tel.: 02 51 20 30 40<br>E-mail: contact@ouest-communication.com<br>Website :\u00a0<a href=\"https:\/\/www.ouest-communication.com\/\" target=\"_blank\" rel=\"noreferrer noopener\">https:\/\/www.ouest-communication.com\/<\/a><\/p>\n\n\n\n<h3 class=\"wp-block-heading\">Site hosting :<\/h3>\n\n\n\n<p>OVH<br>2 rue Kellermann<br>59100 Roubaix<\/p>\n<\/div>\n<\/div>\n\n\n\n<h2 class=\"wp-block-heading\">Gebruik van verzamelde persoonlijke gegevens<\/h2>\n\n\n\n<p>Uw persoonlijke gegevens worden alleen gebruikt in het kader van de commerci\u00eble relatie tussen u en de uitgever \u00ab SAS LA RENAUDIERE \u00bb.<\/p>\n\n\n\n<p>Tenzij u uitdrukkelijk toestemming geeft, worden uw gegevens niet doorgegeven aan derden.<\/p>\n\n\n\n<h3 class=\"wp-block-heading\">Contactformulieren<\/h3>\n\n\n\n<p>De informatie die via de formulieren wordt verzameld, wordt opgeslagen in een geautomatiseerd bestand met het oog op een verzoek om informatie en de commerci\u00eble relatie die daaruit kan voortvloeien. U kunt uw recht op toegang tot uw persoonsgegevens uitoefenen via de volgende link&nbsp;<a href=\"https:\/\/mirabel-renaudiere.com\/nl\/juridische-informatie\/\">het hiervoor bestemde formulier<\/a>.<\/p>\n\n\n\n<h3 class=\"wp-block-heading\">Cookies<\/h3>\n\n\n\n<p>Als u een reactie achterlaat op onze site, wordt u gevraagd om uw naam, e-mailadres en website op te slaan in cookies. Dit is puur voor uw gemak, zodat u deze informatie niet opnieuw hoeft in te voeren als u later nog eens een reactie achterlaat. Deze cookies verlopen na een jaar.<\/p>\n\n\n\n<p>Als u een account hebt en inlogt op deze site, wordt er een tijdelijk cookie aangemaakt om te bepalen of uw browser cookies accepteert. Het bevat geen persoonlijke gegevens en wordt automatisch verwijderd wanneer u uw browser afsluit.<\/p>\n\n\n\n<p>Voor statistische doeleinden gebruikt deze site cookies om informatie te verzamelen over de pagina's die u hebt bezocht. Ze slaan met name anonieme informatie op over uw geografische positie, uw browser, enz.<\/p>\n\n\n\n<h3 class=\"wp-block-heading\">Media<\/h3>\n\n\n\n<p>Als je een geregistreerde gebruiker bent en afbeeldingen uploadt naar de website, raden we je aan om geen afbeeldingen te uploaden met EXIF-gegevens van GPS-co\u00f6rdinaten. Bezoekers van uw website kunnen locatiegegevens van deze afbeeldingen downloaden en extraheren.<\/p>\n\n\n\n<h3 class=\"wp-block-heading\">Ingebedde inhoud van andere sites<\/h3>\n\n\n\n<p>Artikelen op deze site kunnen ingesloten inhoud bevatten (bijv. video's, afbeeldingen, artikelen, enz.). Ingesloten inhoud van andere sites gedraagt zich op dezelfde manier alsof de bezoeker die andere site bezoekt.<\/p>\n\n\n\n<p>Deze websites kunnen gegevens over u verzamelen, cookies gebruiken, trackingtools van derden insluiten en uw interacties met deze ingesloten inhoud bijhouden als u een account hebt op hun website.<\/p>\n\n\n\n<h2 class=\"wp-block-heading\">Bewaartermijnen voor uw gegevens<\/h2>\n\n\n\n<p>Als je een commentaar achterlaat, worden het commentaar en de metagegevens voor onbepaalde tijd bewaard. Hierdoor worden volgende opmerkingen automatisch herkend en goedgekeurd in plaats van dat ze in de wachtrij voor moderatie blijven staan.<\/p>\n\n\n\n<p>Voor gebruikers die zich op onze site registreren (waar mogelijk), slaan we ook de persoonlijke gegevens op die in hun profiel worden vermeld. Alle gebruikers kunnen hun persoonlijke gegevens op elk moment bekijken, wijzigen of verwijderen (met uitzondering van hun gebruikersnaam). Sitebeheerders kunnen deze informatie ook bekijken en wijzigen.<\/p>\n\n\n\n<h2 class=\"wp-block-heading\">De rechten die u hebt over uw gegevens<\/h2>\n\n\n\n<p>Als u een account hebt of als u reacties hebt achtergelaten op de site, kunt u verzoeken om een bestand te ontvangen met alle persoonlijke gegevens die wij over u hebben, inclusief de gegevens die u aan ons hebt verstrekt. U kunt ook verzoeken om verwijdering van uw persoonlijke gegevens. Dit geldt niet voor gegevens die zijn opgeslagen voor administratieve, juridische of beveiligingsdoeleinden.<\/p>","protected":false},"excerpt":{"rendered":"<p>Mentions l\u00e9gales Qui sommes-nous\u00a0? \u00c9diteur SAS LA RENAUDIERE SIRET : 880 006 861 00020Si\u00e8ge social : 2 Route de la [&hellip;]<\/p>\n","protected":false},"author":1,"featured_media":0,"parent":0,"menu_order":0,"comment_status":"closed","ping_status":"closed","template":"","meta":{"_seopress_robots_primary_cat":"","_seopress_titles_title":"Infos l\u00e9gales du camping Pornic - Camping La Renaudi\u00e8re.","_seopress_titles_desc":"Le site internet du Camping 4* La Renaudi\u00e8re \u00e0 La Plaine-sur-Mer pr\u00e8s de Pornic a \u00e9t\u00e9 r\u00e9alis\u00e9 par Ouest-Communication.","_seopress_robots_index":"","footnotes":""},"class_list":["post-87","page","type-page","status-publish","hentry"],"_links":{"self":[{"href":"https:\/\/mirabel-renaudiere.com\/nl\/wp-json\/wp\/v2\/pages\/87","targetHints":{"allow":["GET"]}}],"collection":[{"href":"https:\/\/mirabel-renaudiere.com\/nl\/wp-json\/wp\/v2\/pages"}],"about":[{"href":"https:\/\/mirabel-renaudiere.com\/nl\/wp-json\/wp\/v2\/types\/page"}],"author":[{"embeddable":true,"href":"https:\/\/mirabel-renaudiere.com\/nl\/wp-json\/wp\/v2\/users\/1"}],"replies":[{"embeddable":true,"href":"https:\/\/mirabel-renaudiere.com\/nl\/wp-json\/wp\/v2\/comments?post=87"}],"version-history":[{"count":7,"href":"https:\/\/mirabel-renaudiere.com\/nl\/wp-json\/wp\/v2\/pages\/87\/revisions"}],"predecessor-version":[{"id":11070,"href":"https:\/\/mirabel-renaudiere.com\/nl\/wp-json\/wp\/v2\/pages\/87\/revisions\/11070"}],"wp:attachment":[{"href":"https:\/\/mirabel-renaudiere.com\/nl\/wp-json\/wp\/v2\/media?parent=87"}],"curies":[{"name":"wp","href":"https:\/\/api.w.org\/{rel}","templated":true}]}}