{"id":9791,"date":"2023-10-06T15:11:23","date_gmt":"2023-10-06T13:11:23","guid":{"rendered":"https:\/\/www.campinglarenaudiere.com\/?page_id=9791"},"modified":"2025-09-22T16:18:30","modified_gmt":"2025-09-22T14:18:30","slug":"toussaint-camping-in-pornic","status":"publish","type":"page","link":"https:\/\/mirabel-renaudiere.com\/nl\/les-experiences\/la-toussaint-en-camping-a-pornic","title":{"rendered":"Allerheiligencamping in Pornic"},"content":{"rendered":"<h1 class=\"wp-block-heading\"><strong>Allerheiligencamping in Pornic<\/strong><\/h1>\n\n\n\n<h2 class=\"wp-block-heading has-text-align-center\"><strong>Op zoek naar een plek om je kinderen mee naartoe te nemen deze Allerheiligen? <\/strong><\/h2>\n\n\n\n<p class=\"has-text-align-center\"><strong>Onze camping Mirabel La Renaudi\u00e8re in La Plaine-sur-Mer is tot eind oktober geopend voor een gezinsvakantie in de buurt van Pornic. Je kunt genieten van alle faciliteiten van de camping en het comfort van onze accommodaties.<\/strong><\/p>\n\n\n\n<div class=\"wp-block-media-text is-stacked-on-mobile\"><figure class=\"wp-block-media-text__media\"><img loading=\"lazy\" decoding=\"async\" width=\"1024\" height=\"683\" src=\"https:\/\/www.mirabel-renaudiere.com\/wp-content\/uploads\/2023\/10\/vacances-toussaint-tharon-jeux-famille-1024x683.jpg\" alt=\"familie spelletjes kinderen allsaint vakantie porno\" class=\"wp-image-9805 size-full\" srcset=\"https:\/\/mirabel-renaudiere.com\/wp-content\/uploads\/2023\/10\/vacances-toussaint-tharon-jeux-famille-1024x683.jpg 1024w, https:\/\/mirabel-renaudiere.com\/wp-content\/uploads\/2023\/10\/vacances-toussaint-tharon-jeux-famille-300x200.jpg 300w, https:\/\/mirabel-renaudiere.com\/wp-content\/uploads\/2023\/10\/vacances-toussaint-tharon-jeux-famille-768x512.jpg 768w, https:\/\/mirabel-renaudiere.com\/wp-content\/uploads\/2023\/10\/vacances-toussaint-tharon-jeux-famille.jpg 1200w\" sizes=\"auto, (max-width: 1024px) 100vw, 1024px\" \/><\/figure><div class=\"wp-block-media-text__content\">\n<h3 class=\"wp-block-heading\"><strong>De camping is open op Allerheiligen<\/strong><\/h3>\n\n\n\n<p>Goed nieuws, voor uw vakantie in oktober met kinderen en kleinkinderen is onze 4-sterren camping La Renaudi\u00e8re geopend, <strong>op slechts 15 minuten van Pornic<\/strong>. Voor een geweldige vakantie met het hele gezin kun je gebruik maken van onze grote speeltuin met schommels en glijbanen, de jeu de boulesbanen of de overdekte speelkamer met biljart en arcadegames voor de grijzere dagen.<\/p>\n<\/div><\/div>\n\n\n\n<div style=\"height:24px\" aria-hidden=\"true\" class=\"wp-block-spacer\"><\/div>\n\n\n\n<div class=\"wp-block-media-text has-media-on-the-right is-stacked-on-mobile\"><div class=\"wp-block-media-text__content\">\n<h3 class=\"wp-block-heading\"><strong>Wat te doen met de kinderen in La Toussaint in Pornic?<\/strong><\/h3>\n\n\n\n<p>Na de drukke terug-naar-schoolperiode in september is de vakantie in oktober de perfecte gelegenheid om nieuwe energie op te doen en uit te rusten. <strong>tijd doorbrengen met kinderen<\/strong>. Velen van jullie zijn op zoek naar <strong>Gezinsactiviteiten voor Allerheiligen<\/strong>. Hier zijn een paar idee\u00ebn:<\/p>\n\n\n\n<ul class=\"wp-block-list\">\n<li>A <strong>fietstocht<\/strong> langs de C\u00f4te de Jade dankzij de vele fietspaden die vanaf de camping vertrekken. <a href=\"https:\/\/www.pornic.com\/randonnees-a-velo.html\" target=\"_blank\" rel=\"noreferrer noopener\">Ontdek de routes. <\/a><\/li>\n\n\n\n<li><strong>Vissen<\/strong> schelp- en schaaldieren op een van de vele <a rel=\"noreferrer noopener\" href=\"https:\/\/www.pornic.com\/plages-la-plaine-sur-mer-plage-la-plaine-sur-mer.html\" target=\"_blank\">stranden in de buurt van de camping<\/a>. Trek je laarzen aan, pak je emmer en ga op weg<\/li>\n\n\n\n<li>Een uitje naar onze partner <a href=\"https:\/\/www.planetesauvage.com\/\" data-type=\"link\" data-id=\"https:\/\/www.planetesauvage.com\/\" target=\"_blank\" rel=\"noreferrer noopener\">Dierentuin Plan\u00e8te Sauvage<\/a>. Ontdek de dieren om ons heen!<\/li>\n\n\n\n<li>A <strong>wandeling<\/strong> herfst in <strong>volle natuur<\/strong> bouw je eigen hut in het bos, of bewonder gewoon de prachtige kleuren in de moerassen of bij de stranden.<\/li>\n\n\n\n<li>Probeer een beetje sport in de buurt van het water door je hand te leggen op <strong>Sta-op peddel<\/strong>, surfen en strandzeilen. Ontdek meer over <strong>nautische aanbiedingen<\/strong> van <a href=\"https:\/\/www.pornic.com\/nautisme.html\" target=\"_blank\" rel=\"noreferrer noopener\">Bestemming Pornic hier<\/a>.<\/li>\n\n\n\n<li><a href=\"https:\/\/www.pornic.com\/activites-les-pirates-plus-de-12-ans.html\" target=\"_blank\" rel=\"noreferrer noopener\">Activiteiten voor tieners<\/a> (buiten en binnen voor grijze dagen): <strong>Ontsnappen<\/strong>, Lasergame, Karten, <strong>Boomklimmen<\/strong>, Er is genoeg om uit te kiezen.<\/li>\n<\/ul>\n<\/div><figure class=\"wp-block-media-text__media\"><img loading=\"lazy\" decoding=\"async\" width=\"1024\" height=\"683\" src=\"https:\/\/www.mirabel-renaudiere.com\/wp-content\/uploads\/2023\/10\/peche-pied-plage-enfant-coquillage-1024x683.jpg\" alt=\"kinderstrandvissen oktober\" class=\"wp-image-9809 size-full\" srcset=\"https:\/\/mirabel-renaudiere.com\/wp-content\/uploads\/2023\/10\/peche-pied-plage-enfant-coquillage-1024x683.jpg 1024w, https:\/\/mirabel-renaudiere.com\/wp-content\/uploads\/2023\/10\/peche-pied-plage-enfant-coquillage-300x200.jpg 300w, https:\/\/mirabel-renaudiere.com\/wp-content\/uploads\/2023\/10\/peche-pied-plage-enfant-coquillage-768x512.jpg 768w, https:\/\/mirabel-renaudiere.com\/wp-content\/uploads\/2023\/10\/peche-pied-plage-enfant-coquillage.jpg 1200w\" sizes=\"auto, (max-width: 1024px) 100vw, 1024px\" \/><\/figure><\/div>\n\n\n\n<div style=\"height:24px\" aria-hidden=\"true\" class=\"wp-block-spacer\"><\/div>\n\n\n\n<div class=\"wp-block-group border border-info card pt-2 pl-4 pr-4 is-layout-constrained wp-block-group-is-layout-constrained\">\n<h2 class=\"wp-block-heading has-text-align-center\"><strong>Reserveer uw stacaravan voor Allerheiligen in La Plaine-sur-Mer<\/strong><\/h2>\n\n\n\n<p>Om je vakantie door te brengen in <strong>4-sterren camping bij Pornic<\/strong>, Je hebt de keuze uit verschillende accommodaties:<\/p>\n\n\n\n<ul class=\"wp-block-list\">\n<li>Verhuur van <a rel=\"noreferrer noopener\" href=\"https:\/\/mirabel-renaudiere.com\/nl\/huurprijzen-stacaravans\/\" target=\"_blank\"><strong>stacaravan<\/strong><\/a> Verwarmd en comfortabel: van 1 tot 3 slaapkamers, je vindt er een woonkamer met zithoek, ingerichte keuken, televisie, slaapkamer(s) met garderobe(s), badkamer(s) en halfoverdekt terras zodat je ook als het regent van het buitenleven kunt genieten. <\/li>\n<\/ul>\n\n\n\n<figure class=\"wp-block-image aligncenter size-full is-resized\"><a href=\"https:\/\/mirabel-renaudiere.com\/nl\/huurprijzen-stacaravans\/\"><img loading=\"lazy\" decoding=\"async\" width=\"700\" height=\"443\" src=\"https:\/\/www.mirabel-renaudiere.com\/wp-content\/uploads\/2023\/06\/location-Camping-bord-de-mer-Pornic.jpg\" alt=\"verhuur Camping aan zee Pornic\" class=\"wp-image-8920\" style=\"width:387px;height:245px\" srcset=\"https:\/\/mirabel-renaudiere.com\/wp-content\/uploads\/2023\/06\/location-Camping-bord-de-mer-Pornic.jpg 700w, https:\/\/mirabel-renaudiere.com\/wp-content\/uploads\/2023\/06\/location-Camping-bord-de-mer-Pornic-300x190.jpg 300w\" sizes=\"auto, (max-width: 700px) 100vw, 700px\" \/><\/a><\/figure>\n\n\n\n<ul class=\"wp-block-list\">\n<li>Verhuur van\u2019<strong><a rel=\"noreferrer noopener\" href=\"https:\/\/mirabel-renaudiere.com\/nl\/tarieven-voor-caravantenten\/\" target=\"_blank\">locatie <\/a><\/strong>een ruime, afgebakende ruimte voor je camper of caravan (of tent, voor de dapperen!) met <strong>elektriciteitspakket<\/strong> en toegang tot alle diensten van de camping.<\/li>\n<\/ul>\n\n\n\n<figure class=\"wp-block-image aligncenter size-full is-resized\"><a href=\"https:\/\/mirabel-renaudiere.com\/nl\/tarieven-voor-caravantenten\/\"><img loading=\"lazy\" decoding=\"async\" width=\"700\" height=\"470\" src=\"https:\/\/www.mirabel-renaudiere.com\/wp-content\/uploads\/2023\/09\/location-emplacement-camping-car-proche-pornic.jpg\" alt=\"Plaats Camping-car proche Pornic\" class=\"wp-image-9592\" style=\"width:399px;height:268px\" srcset=\"https:\/\/mirabel-renaudiere.com\/wp-content\/uploads\/2023\/09\/location-emplacement-camping-car-proche-pornic.jpg 700w, https:\/\/mirabel-renaudiere.com\/wp-content\/uploads\/2023\/09\/location-emplacement-camping-car-proche-pornic-300x201.jpg 300w\" sizes=\"auto, (max-width: 700px) 100vw, 700px\" \/><\/a><\/figure>\n<\/div>","protected":false},"excerpt":{"rendered":"<p>La Toussaint en Camping \u00e0 Pornic Vous cherchez o\u00f9 partir \u00e0 la Toussaint avec vos enfants&nbsp;? Notre Camping Mirabel La [&hellip;]<\/p>\n","protected":false},"author":2,"featured_media":0,"parent":272,"menu_order":0,"comment_status":"closed","ping_status":"closed","template":"","meta":{"_seopress_robots_primary_cat":"","_seopress_titles_title":"Camping ouvert \u00e0 la Toussaint avec piscine \u00e0 la Plaine-sur-Mer","_seopress_titles_desc":"Vous cherchez o\u00f9 partir \u00e0 la Toussaint avec vos enfants\u00a0? Notre Camping Mirabel La Renaudi\u00e8re \u00e0 la Plaine-sur-Mer est ouvert jusqu\u2019\u00e0 fin octobre.","_seopress_robots_index":"","footnotes":""},"class_list":["post-9791","page","type-page","status-publish","hentry"],"_links":{"self":[{"href":"https:\/\/mirabel-renaudiere.com\/nl\/wp-json\/wp\/v2\/pages\/9791","targetHints":{"allow":["GET"]}}],"collection":[{"href":"https:\/\/mirabel-renaudiere.com\/nl\/wp-json\/wp\/v2\/pages"}],"about":[{"href":"https:\/\/mirabel-renaudiere.com\/nl\/wp-json\/wp\/v2\/types\/page"}],"author":[{"embeddable":true,"href":"https:\/\/mirabel-renaudiere.com\/nl\/wp-json\/wp\/v2\/users\/2"}],"replies":[{"embeddable":true,"href":"https:\/\/mirabel-renaudiere.com\/nl\/wp-json\/wp\/v2\/comments?post=9791"}],"version-history":[{"count":10,"href":"https:\/\/mirabel-renaudiere.com\/nl\/wp-json\/wp\/v2\/pages\/9791\/revisions"}],"predecessor-version":[{"id":13047,"href":"https:\/\/mirabel-renaudiere.com\/nl\/wp-json\/wp\/v2\/pages\/9791\/revisions\/13047"}],"up":[{"embeddable":true,"href":"https:\/\/mirabel-renaudiere.com\/nl\/wp-json\/wp\/v2\/pages\/272"}],"wp:attachment":[{"href":"https:\/\/mirabel-renaudiere.com\/nl\/wp-json\/wp\/v2\/media?parent=9791"}],"curies":[{"name":"wp","href":"https:\/\/api.w.org\/{rel}","templated":true}]}}